{"id":49661,"date":"2025-04-23T10:35:37","date_gmt":"2025-04-23T07:35:37","guid":{"rendered":"https:\/\/miumjau.ee\/toode\/brit-care-sensitive-sausa-bariba-ar-trusa-galu-sterilizetiem-kakiem-7-kg\/"},"modified":"2026-01-07T21:15:54","modified_gmt":"2026-01-07T19:15:54","slug":"brit-care-sensitive-sausa-bariba-ar-trusa-galu-sterilizetiem-kakiem-7-kg","status":"publish","type":"product","link":"https:\/\/miumjau.ee\/lv\/produkts\/brit-care-sensitive-sausa-bariba-ar-trusa-galu-sterilizetiem-kakiem-7-kg\/","title":{"rendered":"Brit Care Sensitive saus\u0101 bar\u012bba ar tru\u0161a ga\u013cu steriliz\u0113tiem ka\u0137iem 7 kg"},"content":{"rendered":"","protected":false},"excerpt":{"rendered":"<p>Pilnv\u0113rt\u012bga bar\u012bba steriliz\u0113tiem pieaugu\u0161iem ka\u0137iem ar jut\u012bgu gremo\u0161anu.<\/p>\n<p>Hipoaler\u0123isk\u0101 bezgraudu formula, kas atbalsta nieru un ur\u012bnce\u013cu vesel\u012bbu, satur aug\u013cus un gar\u0161augus, kas ir bag\u0101ti ar dab\u012bgiem antioksidantiem un E vitam\u012bnu, aizsarg\u0101jot organismu no br\u012bvajiem radik\u0101\u013ciem un nodro\u0161inot sp\u0113c\u012bgu im\u016bnsist\u0113mu uz m\u016b\u017eu. Svaiga, liesa tru\u0161a ga\u013ca ir viegli sagremojama un ar zemu holester\u012bna l\u012bmeni, atbalstot sirds un asinsrites sist\u0113mu un pal\u012bdzot uztur\u0113t optim\u0101lu fizisko st\u0101vokli.<\/p>\n<p>Smilts\u0113rk\u0161\u0137i un malva atbalsta nieru un ur\u012bnce\u013cu vesel\u012bbu. Zems magnija un L-metion\u012bna l\u012bmenis pal\u012bdz uztur\u0113t optim\u0101lu ur\u012bna pH l\u012bmeni 6,0\u20136,5. Probiotikas un prebiotikas veicina gremo\u0161anas un im\u016bnsist\u0113mas vesel\u012bbu.<\/p>\n<p>Sast\u0101vda\u013cas: svaiga tru\u0161a ga\u013ca (26%), dehidr\u0113ta tru\u0161a ga\u013ca (26%), dzeltenie zir\u0146i (16%), turku zir\u0146i (10%), vistas tauki, la\u0161a e\u013c\u013ca, lins\u0113klas, dz\u0113rvenes, smilts\u0113rk\u0161\u0137i, kreses, prebiotikas un probiotikas.<\/p>\n<p>Anal\u012btiskais sast\u0101vs: Olbaltumvielas 31%, tauki 13%, \u0161\u0137iedrvielas 3%, kalcijs 0,8%, fosfors 0,7%, Omega-3 0,4%, Omega-6 1,2%.<\/p>\n<p>Uzglab\u0101\u0161ana un baro\u0161ana: Pasniedziet sausu vai samitrin\u0101tu ar \u016bdeni. Piel\u0101gojiet daudzumu atbilsto\u0161i ka\u0137a vajadz\u012bb\u0101m. Vienm\u0113r nodro\u0161iniet svaigu dzeramo \u016bdeni.<\/p>\n","protected":false},"featured_media":49662,"template":"","meta":[],"product_brand":[],"product_cat":[569],"product_tag":[],"class_list":{"0":"post-49661","1":"product","2":"type-product","3":"status-publish","4":"has-post-thumbnail","6":"product_cat-sausa-bariba","8":"first","9":"instock","10":"sale","11":"taxable","12":"shipping-taxable","13":"purchasable","14":"product-type-simple"},"yoast_head":"<!-- This site is optimized with the Yoast SEO plugin v27.2 - https:\/\/yoast.com\/product\/yoast-seo-wordpress\/ -->\n<title>Brit Care Sensitive saus\u0101 bar\u012bba ar tru\u0161a ga\u013cu steriliz\u0113tiem ka\u0137iem 7 kg - MiuMjau<\/title>\n<meta name=\"description\" content=\"Pilnv\u0113rt\u012bga bar\u012bba steriliz\u0113tiem pieaugu\u0161iem ka\u0137iem ar jut\u012bgu gremo\u0161anu. Brit Care r\u016bp\u0113jas par j\u016bsu ka\u0137a vesel\u012bbu un ir ar\u012b \u013coti gar\u0161\u012bga.\" \/>\n<meta name=\"robots\" content=\"index, follow, max-snippet:-1, max-image-preview:large, max-video-preview:-1\" \/>\n<link rel=\"canonical\" href=\"https:\/\/miumjau.ee\/lv\/produkts\/brit-care-sensitive-sausa-bariba-ar-trusa-galu-sterilizetiem-kakiem-7-kg\/\" \/>\n<meta property=\"og:locale\" content=\"lv_LV\" \/>\n<meta property=\"og:type\" content=\"article\" \/>\n<meta property=\"og:title\" content=\"Brit Care Sensitive saus\u0101 bar\u012bba ar tru\u0161a ga\u013cu steriliz\u0113tiem ka\u0137iem 7 kg - MiuMjau\" \/>\n<meta property=\"og:description\" content=\"Pilnv\u0113rt\u012bga bar\u012bba steriliz\u0113tiem pieaugu\u0161iem ka\u0137iem ar jut\u012bgu gremo\u0161anu. Brit Care r\u016bp\u0113jas par j\u016bsu ka\u0137a vesel\u012bbu un ir ar\u012b \u013coti gar\u0161\u012bga.\" \/>\n<meta property=\"og:url\" content=\"https:\/\/miumjau.ee\/lv\/produkts\/brit-care-sensitive-sausa-bariba-ar-trusa-galu-sterilizetiem-kakiem-7-kg\/\" \/>\n<meta property=\"og:site_name\" content=\"MiuMjau\" \/>\n<meta property=\"article:publisher\" content=\"https:\/\/www.facebook.com\/miumjaupood\/\" \/>\n<meta property=\"article:modified_time\" content=\"2026-01-07T19:15:54+00:00\" \/>\n<meta property=\"og:image\" content=\"https:\/\/miumjau.ee\/wp-content\/uploads\/2025\/02\/brit-care-kuivtoidud-kassidele9.jpg\" \/>\n\t<meta property=\"og:image:width\" content=\"600\" \/>\n\t<meta property=\"og:image:height\" content=\"800\" \/>\n\t<meta property=\"og:image:type\" content=\"image\/jpeg\" \/>\n<meta name=\"twitter:card\" content=\"summary_large_image\" \/>\n<script type=\"application\/ld+json\" class=\"yoast-schema-graph\">{\"@context\":\"https:\/\/schema.org\",\"@graph\":[{\"@type\":\"WebPage\",\"@id\":\"https:\/\/miumjau.ee\/lv\/produkts\/brit-care-sensitive-sausa-bariba-ar-trusa-galu-sterilizetiem-kakiem-7-kg\/\",\"url\":\"https:\/\/miumjau.ee\/lv\/produkts\/brit-care-sensitive-sausa-bariba-ar-trusa-galu-sterilizetiem-kakiem-7-kg\/\",\"name\":\"Brit Care Sensitive saus\u0101 bar\u012bba ar tru\u0161a ga\u013cu steriliz\u0113tiem ka\u0137iem 7 kg - MiuMjau\",\"isPartOf\":{\"@id\":\"https:\/\/miumjau.ee\/#website\"},\"primaryImageOfPage\":{\"@id\":\"https:\/\/miumjau.ee\/lv\/produkts\/brit-care-sensitive-sausa-bariba-ar-trusa-galu-sterilizetiem-kakiem-7-kg\/#primaryimage\"},\"image\":{\"@id\":\"https:\/\/miumjau.ee\/lv\/produkts\/brit-care-sensitive-sausa-bariba-ar-trusa-galu-sterilizetiem-kakiem-7-kg\/#primaryimage\"},\"thumbnailUrl\":\"https:\/\/miumjau.ee\/wp-content\/uploads\/2025\/02\/brit-care-kuivtoidud-kassidele9.jpg\",\"datePublished\":\"2025-04-23T07:35:37+00:00\",\"dateModified\":\"2026-01-07T19:15:54+00:00\",\"description\":\"Pilnv\u0113rt\u012bga bar\u012bba steriliz\u0113tiem pieaugu\u0161iem ka\u0137iem ar jut\u012bgu gremo\u0161anu. Brit Care r\u016bp\u0113jas par j\u016bsu ka\u0137a vesel\u012bbu un ir ar\u012b \u013coti gar\u0161\u012bga.\",\"breadcrumb\":{\"@id\":\"https:\/\/miumjau.ee\/lv\/produkts\/brit-care-sensitive-sausa-bariba-ar-trusa-galu-sterilizetiem-kakiem-7-kg\/#breadcrumb\"},\"inLanguage\":\"lv-LV\",\"potentialAction\":[{\"@type\":\"ReadAction\",\"target\":[\"https:\/\/miumjau.ee\/lv\/produkts\/brit-care-sensitive-sausa-bariba-ar-trusa-galu-sterilizetiem-kakiem-7-kg\/\"]}]},{\"@type\":\"ImageObject\",\"inLanguage\":\"lv-LV\",\"@id\":\"https:\/\/miumjau.ee\/lv\/produkts\/brit-care-sensitive-sausa-bariba-ar-trusa-galu-sterilizetiem-kakiem-7-kg\/#primaryimage\",\"url\":\"https:\/\/miumjau.ee\/wp-content\/uploads\/2025\/02\/brit-care-kuivtoidud-kassidele9.jpg\",\"contentUrl\":\"https:\/\/miumjau.ee\/wp-content\/uploads\/2025\/02\/brit-care-kuivtoidud-kassidele9.jpg\",\"width\":600,\"height\":800},{\"@type\":\"BreadcrumbList\",\"@id\":\"https:\/\/miumjau.ee\/lv\/produkts\/brit-care-sensitive-sausa-bariba-ar-trusa-galu-sterilizetiem-kakiem-7-kg\/#breadcrumb\",\"itemListElement\":[{\"@type\":\"ListItem\",\"position\":1,\"name\":\"Home\",\"item\":\"https:\/\/miumjau.ee\/lv\/\"},{\"@type\":\"ListItem\",\"position\":2,\"name\":\"Veikals\",\"item\":\"https:\/\/miumjau.ee\/lv\/veikals\/\"},{\"@type\":\"ListItem\",\"position\":3,\"name\":\"Brit Care Sensitive saus\u0101 bar\u012bba ar tru\u0161a ga\u013cu steriliz\u0113tiem ka\u0137iem 7 kg\"}]},{\"@type\":\"WebSite\",\"@id\":\"https:\/\/miumjau.ee\/#website\",\"url\":\"https:\/\/miumjau.ee\/\",\"name\":\"MiuMjau\",\"description\":\"Kraapimispuud kassidele\",\"publisher\":{\"@id\":\"https:\/\/miumjau.ee\/#organization\"},\"potentialAction\":[{\"@type\":\"SearchAction\",\"target\":{\"@type\":\"EntryPoint\",\"urlTemplate\":\"https:\/\/miumjau.ee\/?s={search_term_string}\"},\"query-input\":{\"@type\":\"PropertyValueSpecification\",\"valueRequired\":true,\"valueName\":\"search_term_string\"}}],\"inLanguage\":\"lv-LV\"},{\"@type\":\"Organization\",\"@id\":\"https:\/\/miumjau.ee\/#organization\",\"name\":\"MiuMjau O\u00dc\",\"url\":\"https:\/\/miumjau.ee\/\",\"logo\":{\"@type\":\"ImageObject\",\"inLanguage\":\"lv-LV\",\"@id\":\"https:\/\/miumjau.ee\/#\/schema\/logo\/image\/\",\"url\":\"https:\/\/miumjau.ee\/wp-content\/uploads\/2022\/04\/MiuMjau-logo-kollane.png\",\"contentUrl\":\"https:\/\/miumjau.ee\/wp-content\/uploads\/2022\/04\/MiuMjau-logo-kollane.png\",\"width\":219,\"height\":100,\"caption\":\"MiuMjau O\u00dc\"},\"image\":{\"@id\":\"https:\/\/miumjau.ee\/#\/schema\/logo\/image\/\"},\"sameAs\":[\"https:\/\/www.facebook.com\/miumjaupood\/\"]}]}<\/script>\n<!-- \/ Yoast SEO plugin. -->","yoast_head_json":{"title":"Brit Care Sensitive saus\u0101 bar\u012bba ar tru\u0161a ga\u013cu steriliz\u0113tiem ka\u0137iem 7 kg - MiuMjau","description":"Pilnv\u0113rt\u012bga bar\u012bba steriliz\u0113tiem pieaugu\u0161iem ka\u0137iem ar jut\u012bgu gremo\u0161anu. Brit Care r\u016bp\u0113jas par j\u016bsu ka\u0137a vesel\u012bbu un ir ar\u012b \u013coti gar\u0161\u012bga.","robots":{"index":"index","follow":"follow","max-snippet":"max-snippet:-1","max-image-preview":"max-image-preview:large","max-video-preview":"max-video-preview:-1"},"canonical":"https:\/\/miumjau.ee\/lv\/produkts\/brit-care-sensitive-sausa-bariba-ar-trusa-galu-sterilizetiem-kakiem-7-kg\/","og_locale":"lv_LV","og_type":"article","og_title":"Brit Care Sensitive saus\u0101 bar\u012bba ar tru\u0161a ga\u013cu steriliz\u0113tiem ka\u0137iem 7 kg - MiuMjau","og_description":"Pilnv\u0113rt\u012bga bar\u012bba steriliz\u0113tiem pieaugu\u0161iem ka\u0137iem ar jut\u012bgu gremo\u0161anu. Brit Care r\u016bp\u0113jas par j\u016bsu ka\u0137a vesel\u012bbu un ir ar\u012b \u013coti gar\u0161\u012bga.","og_url":"https:\/\/miumjau.ee\/lv\/produkts\/brit-care-sensitive-sausa-bariba-ar-trusa-galu-sterilizetiem-kakiem-7-kg\/","og_site_name":"MiuMjau","article_publisher":"https:\/\/www.facebook.com\/miumjaupood\/","article_modified_time":"2026-01-07T19:15:54+00:00","og_image":[{"width":600,"height":800,"url":"https:\/\/miumjau.ee\/wp-content\/uploads\/2025\/02\/brit-care-kuivtoidud-kassidele9.jpg","type":"image\/jpeg"}],"twitter_card":"summary_large_image","schema":{"@context":"https:\/\/schema.org","@graph":[{"@type":"WebPage","@id":"https:\/\/miumjau.ee\/lv\/produkts\/brit-care-sensitive-sausa-bariba-ar-trusa-galu-sterilizetiem-kakiem-7-kg\/","url":"https:\/\/miumjau.ee\/lv\/produkts\/brit-care-sensitive-sausa-bariba-ar-trusa-galu-sterilizetiem-kakiem-7-kg\/","name":"Brit Care Sensitive saus\u0101 bar\u012bba ar tru\u0161a ga\u013cu steriliz\u0113tiem ka\u0137iem 7 kg - MiuMjau","isPartOf":{"@id":"https:\/\/miumjau.ee\/#website"},"primaryImageOfPage":{"@id":"https:\/\/miumjau.ee\/lv\/produkts\/brit-care-sensitive-sausa-bariba-ar-trusa-galu-sterilizetiem-kakiem-7-kg\/#primaryimage"},"image":{"@id":"https:\/\/miumjau.ee\/lv\/produkts\/brit-care-sensitive-sausa-bariba-ar-trusa-galu-sterilizetiem-kakiem-7-kg\/#primaryimage"},"thumbnailUrl":"https:\/\/miumjau.ee\/wp-content\/uploads\/2025\/02\/brit-care-kuivtoidud-kassidele9.jpg","datePublished":"2025-04-23T07:35:37+00:00","dateModified":"2026-01-07T19:15:54+00:00","description":"Pilnv\u0113rt\u012bga bar\u012bba steriliz\u0113tiem pieaugu\u0161iem ka\u0137iem ar jut\u012bgu gremo\u0161anu. Brit Care r\u016bp\u0113jas par j\u016bsu ka\u0137a vesel\u012bbu un ir ar\u012b \u013coti gar\u0161\u012bga.","breadcrumb":{"@id":"https:\/\/miumjau.ee\/lv\/produkts\/brit-care-sensitive-sausa-bariba-ar-trusa-galu-sterilizetiem-kakiem-7-kg\/#breadcrumb"},"inLanguage":"lv-LV","potentialAction":[{"@type":"ReadAction","target":["https:\/\/miumjau.ee\/lv\/produkts\/brit-care-sensitive-sausa-bariba-ar-trusa-galu-sterilizetiem-kakiem-7-kg\/"]}]},{"@type":"ImageObject","inLanguage":"lv-LV","@id":"https:\/\/miumjau.ee\/lv\/produkts\/brit-care-sensitive-sausa-bariba-ar-trusa-galu-sterilizetiem-kakiem-7-kg\/#primaryimage","url":"https:\/\/miumjau.ee\/wp-content\/uploads\/2025\/02\/brit-care-kuivtoidud-kassidele9.jpg","contentUrl":"https:\/\/miumjau.ee\/wp-content\/uploads\/2025\/02\/brit-care-kuivtoidud-kassidele9.jpg","width":600,"height":800},{"@type":"BreadcrumbList","@id":"https:\/\/miumjau.ee\/lv\/produkts\/brit-care-sensitive-sausa-bariba-ar-trusa-galu-sterilizetiem-kakiem-7-kg\/#breadcrumb","itemListElement":[{"@type":"ListItem","position":1,"name":"Home","item":"https:\/\/miumjau.ee\/lv\/"},{"@type":"ListItem","position":2,"name":"Veikals","item":"https:\/\/miumjau.ee\/lv\/veikals\/"},{"@type":"ListItem","position":3,"name":"Brit Care Sensitive saus\u0101 bar\u012bba ar tru\u0161a ga\u013cu steriliz\u0113tiem ka\u0137iem 7 kg"}]},{"@type":"WebSite","@id":"https:\/\/miumjau.ee\/#website","url":"https:\/\/miumjau.ee\/","name":"MiuMjau","description":"Kraapimispuud kassidele","publisher":{"@id":"https:\/\/miumjau.ee\/#organization"},"potentialAction":[{"@type":"SearchAction","target":{"@type":"EntryPoint","urlTemplate":"https:\/\/miumjau.ee\/?s={search_term_string}"},"query-input":{"@type":"PropertyValueSpecification","valueRequired":true,"valueName":"search_term_string"}}],"inLanguage":"lv-LV"},{"@type":"Organization","@id":"https:\/\/miumjau.ee\/#organization","name":"MiuMjau O\u00dc","url":"https:\/\/miumjau.ee\/","logo":{"@type":"ImageObject","inLanguage":"lv-LV","@id":"https:\/\/miumjau.ee\/#\/schema\/logo\/image\/","url":"https:\/\/miumjau.ee\/wp-content\/uploads\/2022\/04\/MiuMjau-logo-kollane.png","contentUrl":"https:\/\/miumjau.ee\/wp-content\/uploads\/2022\/04\/MiuMjau-logo-kollane.png","width":219,"height":100,"caption":"MiuMjau O\u00dc"},"image":{"@id":"https:\/\/miumjau.ee\/#\/schema\/logo\/image\/"},"sameAs":["https:\/\/www.facebook.com\/miumjaupood\/"]}]}},"_links":{"self":[{"href":"https:\/\/miumjau.ee\/lv\/wp-json\/wp\/v2\/product\/49661","targetHints":{"allow":["GET"]}}],"collection":[{"href":"https:\/\/miumjau.ee\/lv\/wp-json\/wp\/v2\/product"}],"about":[{"href":"https:\/\/miumjau.ee\/lv\/wp-json\/wp\/v2\/types\/product"}],"wp:featuredmedia":[{"embeddable":true,"href":"https:\/\/miumjau.ee\/lv\/wp-json\/wp\/v2\/media\/49662"}],"wp:attachment":[{"href":"https:\/\/miumjau.ee\/lv\/wp-json\/wp\/v2\/media?parent=49661"}],"wp:term":[{"taxonomy":"product_brand","embeddable":true,"href":"https:\/\/miumjau.ee\/lv\/wp-json\/wp\/v2\/product_brand?post=49661"},{"taxonomy":"product_cat","embeddable":true,"href":"https:\/\/miumjau.ee\/lv\/wp-json\/wp\/v2\/product_cat?post=49661"},{"taxonomy":"product_tag","embeddable":true,"href":"https:\/\/miumjau.ee\/lv\/wp-json\/wp\/v2\/product_tag?post=49661"}],"curies":[{"name":"wp","href":"https:\/\/api.w.org\/{rel}","templated":true}]}}