{"id":49659,"date":"2025-04-23T10:36:12","date_gmt":"2025-04-23T07:36:12","guid":{"rendered":"https:\/\/miumjau.ee\/toode\/brit-care-sensitive-kakiem-ar-jutigu-gremosanu-ar-titaru-un-lasi-7-kg\/"},"modified":"2026-01-07T21:15:54","modified_gmt":"2026-01-07T19:15:54","slug":"brit-care-sensitive-kakiem-ar-jutigu-gremosanu-ar-titaru-un-lasi-7-kg","status":"publish","type":"product","link":"https:\/\/miumjau.ee\/lv\/produkts\/brit-care-sensitive-kakiem-ar-jutigu-gremosanu-ar-titaru-un-lasi-7-kg\/","title":{"rendered":"Brit Care Sensitive ka\u0137iem ar jut\u012bgu gremo\u0161anu ar t\u012btaru un lasi 7 kg"},"content":{"rendered":"","protected":false},"excerpt":{"rendered":"<p>Hipoaler\u0123iska un bezgraudu bar\u012bba ka\u0137iem ar jut\u012bgu gremo\u0161anu. Viegli sagremojamais sast\u0101vs nodro\u0161ina maksim\u0101lu bar\u012bbas vielu uzs\u016bk\u0161anos un atbalsta gremo\u0161anu un visp\u0101r\u0113jo labsaj\u016btu.<\/p>\n<p>\ud83d\udd39 Gar\u0161\u012bga un barojo\u0161a &#8211; svaiga t\u012btara un la\u0161a ga\u013ca apmierin\u0101s pat visizv\u0113l\u012bg\u0101k\u0101 ka\u0137a apet\u012bti.<\/p>\n<p>\ud83d\udd39 Vesel\u012bga gremo\u0161ana &#8211; probiotikas un antioksidanti atbalsta zarnu mikrofloru un imunit\u0101ti.<\/p>\n<p>\ud83d\udd39 Nieru un ur\u012bnce\u013cu aizsardz\u012bba &#8211; smilts\u0113rk\u0161\u0137i un zems magnija saturs pal\u012bdz uztur\u0113t optim\u0101lu ur\u012bna pH l\u012bmeni.<\/p>\n<p>\ud83d\udd39 Samazina nepat\u012bkamas smakas &#8211; jukas ekstrakts pal\u012bdz mazin\u0101t fek\u0101liju smaku.<\/p>\n<p>\ud83d\udd39 Dro\u0161a un dab\u012bga &#8211; NESATUR graudus, m\u0101ksl\u012bg\u0101s kr\u0101svielas, konservantus vai \u0122MO.<\/p>\n<p>Sast\u0101vda\u013cas: svaiga t\u012btara ga\u013ca (26%), dehidr\u0113ts lasis (26%), dzeltenie zir\u0146i (16%), turku zir\u0146i (11%), m\u0101jputnu tauki, cigori\u0146u sakne, la\u0161a e\u013c\u013ca, alus raugs, smilts\u0113rk\u0161\u0137i, dz\u0113rvenes, probiotikas.<\/p>\n<p>Anal\u012bze: Olbaltumvielas 32%, Tauki 16%, \u0160\u0137iedrvielas 1,5%, Kalcijs 1,2%, Fosfors 0,9%, Omega-3 0,5%, Omega-6 2,0%.<\/p>\n<p>Uzglab\u0101\u0161ana un baro\u0161ana: Pasniedziet sausu vai mitru bar\u012bbu. Piel\u0101gojiet daudzumu atbilsto\u0161i ka\u0137a vajadz\u012bb\u0101m. Vienm\u0113r nodro\u0161iniet svaigu dzeramo \u016bdeni.<\/p>\n<p>\ud83d\udc3e Maigai gremo\u0161anai un lieliskai gar\u0161ai \u2013 Brit Care Sensitive!<\/p>\n","protected":false},"featured_media":49660,"template":"","meta":[],"product_brand":[],"product_cat":[569],"product_tag":[],"class_list":{"0":"post-49659","1":"product","2":"type-product","3":"status-publish","4":"has-post-thumbnail","6":"product_cat-sausa-bariba","8":"first","9":"instock","10":"sale","11":"taxable","12":"shipping-taxable","13":"purchasable","14":"product-type-simple"},"yoast_head":"<!-- This site is optimized with the Yoast SEO plugin v27.2 - https:\/\/yoast.com\/product\/yoast-seo-wordpress\/ -->\n<title>Brit Care Sensitive ka\u0137iem ar jut\u012bgu gremo\u0161anu ar t\u012btaru un lasi 7 kg - MiuMjau<\/title>\n<meta name=\"robots\" content=\"index, follow, max-snippet:-1, max-image-preview:large, max-video-preview:-1\" \/>\n<link rel=\"canonical\" href=\"https:\/\/miumjau.ee\/lv\/produkts\/brit-care-sensitive-kakiem-ar-jutigu-gremosanu-ar-titaru-un-lasi-7-kg\/\" \/>\n<meta property=\"og:locale\" content=\"lv_LV\" \/>\n<meta property=\"og:type\" content=\"article\" \/>\n<meta property=\"og:title\" content=\"Brit Care Sensitive ka\u0137iem ar jut\u012bgu gremo\u0161anu ar t\u012btaru un lasi 7 kg - MiuMjau\" \/>\n<meta property=\"og:description\" content=\"Hipoaler\u0123iska un bezgraudu bar\u012bba ka\u0137iem ar jut\u012bgu gremo\u0161anu. Viegli sagremojamais sast\u0101vs nodro\u0161ina maksim\u0101lu bar\u012bbas vielu uzs\u016bk\u0161anos un atbalsta gremo\u0161anu un visp\u0101r\u0113jo labsaj\u016btu.  \ud83d\udd39 Gar\u0161\u012bga un barojo\u0161a - svaiga t\u012btara un la\u0161a ga\u013ca apmierin\u0101s pat visizv\u0113l\u012bg\u0101k\u0101 ka\u0137a apet\u012bti.  \ud83d\udd39 Vesel\u012bga gremo\u0161ana - probiotikas un antioksidanti atbalsta zarnu mikrofloru un imunit\u0101ti.  \ud83d\udd39 Nieru un ur\u012bnce\u013cu aizsardz\u012bba - smilts\u0113rk\u0161\u0137i un zems magnija saturs pal\u012bdz uztur\u0113t optim\u0101lu ur\u012bna pH l\u012bmeni.  \ud83d\udd39 Samazina nepat\u012bkamas smakas - jukas ekstrakts pal\u012bdz mazin\u0101t fek\u0101liju smaku.  \ud83d\udd39 Dro\u0161a un dab\u012bga - NESATUR graudus, m\u0101ksl\u012bg\u0101s kr\u0101svielas, konservantus vai \u0122MO.  Sast\u0101vda\u013cas: svaiga t\u012btara ga\u013ca (26%), dehidr\u0113ts lasis (26%), dzeltenie zir\u0146i (16%), turku zir\u0146i (11%), m\u0101jputnu tauki, cigori\u0146u sakne, la\u0161a e\u013c\u013ca, alus raugs, smilts\u0113rk\u0161\u0137i, dz\u0113rvenes, probiotikas.  Anal\u012bze: Olbaltumvielas 32%, Tauki 16%, \u0160\u0137iedrvielas 1,5%, Kalcijs 1,2%, Fosfors 0,9%, Omega-3 0,5%, Omega-6 2,0%.  Uzglab\u0101\u0161ana un baro\u0161ana: Pasniedziet sausu vai mitru bar\u012bbu. Piel\u0101gojiet daudzumu atbilsto\u0161i ka\u0137a vajadz\u012bb\u0101m. Vienm\u0113r nodro\u0161iniet svaigu dzeramo \u016bdeni.  \ud83d\udc3e Maigai gremo\u0161anai un lieliskai gar\u0161ai \u2013 Brit Care Sensitive!\" \/>\n<meta property=\"og:url\" content=\"https:\/\/miumjau.ee\/lv\/produkts\/brit-care-sensitive-kakiem-ar-jutigu-gremosanu-ar-titaru-un-lasi-7-kg\/\" \/>\n<meta property=\"og:site_name\" content=\"MiuMjau\" \/>\n<meta property=\"article:publisher\" content=\"https:\/\/www.facebook.com\/miumjaupood\/\" \/>\n<meta property=\"article:modified_time\" content=\"2026-01-07T19:15:54+00:00\" \/>\n<meta property=\"og:image\" content=\"https:\/\/miumjau.ee\/wp-content\/uploads\/2025\/02\/brit-care-kuivtoit-kassile-sensitive-healthy-digestion.jpg\" \/>\n\t<meta property=\"og:image:width\" content=\"600\" \/>\n\t<meta property=\"og:image:height\" content=\"800\" \/>\n\t<meta property=\"og:image:type\" content=\"image\/jpeg\" \/>\n<meta name=\"twitter:card\" content=\"summary_large_image\" \/>\n<script type=\"application\/ld+json\" class=\"yoast-schema-graph\">{\"@context\":\"https:\/\/schema.org\",\"@graph\":[{\"@type\":\"WebPage\",\"@id\":\"https:\/\/miumjau.ee\/lv\/produkts\/brit-care-sensitive-kakiem-ar-jutigu-gremosanu-ar-titaru-un-lasi-7-kg\/\",\"url\":\"https:\/\/miumjau.ee\/lv\/produkts\/brit-care-sensitive-kakiem-ar-jutigu-gremosanu-ar-titaru-un-lasi-7-kg\/\",\"name\":\"Brit Care Sensitive ka\u0137iem ar jut\u012bgu gremo\u0161anu ar t\u012btaru un lasi 7 kg - MiuMjau\",\"isPartOf\":{\"@id\":\"https:\/\/miumjau.ee\/#website\"},\"primaryImageOfPage\":{\"@id\":\"https:\/\/miumjau.ee\/lv\/produkts\/brit-care-sensitive-kakiem-ar-jutigu-gremosanu-ar-titaru-un-lasi-7-kg\/#primaryimage\"},\"image\":{\"@id\":\"https:\/\/miumjau.ee\/lv\/produkts\/brit-care-sensitive-kakiem-ar-jutigu-gremosanu-ar-titaru-un-lasi-7-kg\/#primaryimage\"},\"thumbnailUrl\":\"https:\/\/miumjau.ee\/wp-content\/uploads\/2025\/02\/brit-care-kuivtoit-kassile-sensitive-healthy-digestion.jpg\",\"datePublished\":\"2025-04-23T07:36:12+00:00\",\"dateModified\":\"2026-01-07T19:15:54+00:00\",\"breadcrumb\":{\"@id\":\"https:\/\/miumjau.ee\/lv\/produkts\/brit-care-sensitive-kakiem-ar-jutigu-gremosanu-ar-titaru-un-lasi-7-kg\/#breadcrumb\"},\"inLanguage\":\"lv-LV\",\"potentialAction\":[{\"@type\":\"ReadAction\",\"target\":[\"https:\/\/miumjau.ee\/lv\/produkts\/brit-care-sensitive-kakiem-ar-jutigu-gremosanu-ar-titaru-un-lasi-7-kg\/\"]}]},{\"@type\":\"ImageObject\",\"inLanguage\":\"lv-LV\",\"@id\":\"https:\/\/miumjau.ee\/lv\/produkts\/brit-care-sensitive-kakiem-ar-jutigu-gremosanu-ar-titaru-un-lasi-7-kg\/#primaryimage\",\"url\":\"https:\/\/miumjau.ee\/wp-content\/uploads\/2025\/02\/brit-care-kuivtoit-kassile-sensitive-healthy-digestion.jpg\",\"contentUrl\":\"https:\/\/miumjau.ee\/wp-content\/uploads\/2025\/02\/brit-care-kuivtoit-kassile-sensitive-healthy-digestion.jpg\",\"width\":600,\"height\":800},{\"@type\":\"BreadcrumbList\",\"@id\":\"https:\/\/miumjau.ee\/lv\/produkts\/brit-care-sensitive-kakiem-ar-jutigu-gremosanu-ar-titaru-un-lasi-7-kg\/#breadcrumb\",\"itemListElement\":[{\"@type\":\"ListItem\",\"position\":1,\"name\":\"Home\",\"item\":\"https:\/\/miumjau.ee\/lv\/\"},{\"@type\":\"ListItem\",\"position\":2,\"name\":\"Veikals\",\"item\":\"https:\/\/miumjau.ee\/lv\/veikals\/\"},{\"@type\":\"ListItem\",\"position\":3,\"name\":\"Brit Care Sensitive ka\u0137iem ar jut\u012bgu gremo\u0161anu ar t\u012btaru un lasi 7 kg\"}]},{\"@type\":\"WebSite\",\"@id\":\"https:\/\/miumjau.ee\/#website\",\"url\":\"https:\/\/miumjau.ee\/\",\"name\":\"MiuMjau\",\"description\":\"Kraapimispuud kassidele\",\"publisher\":{\"@id\":\"https:\/\/miumjau.ee\/#organization\"},\"potentialAction\":[{\"@type\":\"SearchAction\",\"target\":{\"@type\":\"EntryPoint\",\"urlTemplate\":\"https:\/\/miumjau.ee\/?s={search_term_string}\"},\"query-input\":{\"@type\":\"PropertyValueSpecification\",\"valueRequired\":true,\"valueName\":\"search_term_string\"}}],\"inLanguage\":\"lv-LV\"},{\"@type\":\"Organization\",\"@id\":\"https:\/\/miumjau.ee\/#organization\",\"name\":\"MiuMjau O\u00dc\",\"url\":\"https:\/\/miumjau.ee\/\",\"logo\":{\"@type\":\"ImageObject\",\"inLanguage\":\"lv-LV\",\"@id\":\"https:\/\/miumjau.ee\/#\/schema\/logo\/image\/\",\"url\":\"https:\/\/miumjau.ee\/wp-content\/uploads\/2022\/04\/MiuMjau-logo-kollane.png\",\"contentUrl\":\"https:\/\/miumjau.ee\/wp-content\/uploads\/2022\/04\/MiuMjau-logo-kollane.png\",\"width\":219,\"height\":100,\"caption\":\"MiuMjau O\u00dc\"},\"image\":{\"@id\":\"https:\/\/miumjau.ee\/#\/schema\/logo\/image\/\"},\"sameAs\":[\"https:\/\/www.facebook.com\/miumjaupood\/\"]}]}<\/script>\n<!-- \/ Yoast SEO plugin. -->","yoast_head_json":{"title":"Brit Care Sensitive ka\u0137iem ar jut\u012bgu gremo\u0161anu ar t\u012btaru un lasi 7 kg - MiuMjau","robots":{"index":"index","follow":"follow","max-snippet":"max-snippet:-1","max-image-preview":"max-image-preview:large","max-video-preview":"max-video-preview:-1"},"canonical":"https:\/\/miumjau.ee\/lv\/produkts\/brit-care-sensitive-kakiem-ar-jutigu-gremosanu-ar-titaru-un-lasi-7-kg\/","og_locale":"lv_LV","og_type":"article","og_title":"Brit Care Sensitive ka\u0137iem ar jut\u012bgu gremo\u0161anu ar t\u012btaru un lasi 7 kg - MiuMjau","og_description":"Hipoaler\u0123iska un bezgraudu bar\u012bba ka\u0137iem ar jut\u012bgu gremo\u0161anu. Viegli sagremojamais sast\u0101vs nodro\u0161ina maksim\u0101lu bar\u012bbas vielu uzs\u016bk\u0161anos un atbalsta gremo\u0161anu un visp\u0101r\u0113jo labsaj\u016btu.  \ud83d\udd39 Gar\u0161\u012bga un barojo\u0161a - svaiga t\u012btara un la\u0161a ga\u013ca apmierin\u0101s pat visizv\u0113l\u012bg\u0101k\u0101 ka\u0137a apet\u012bti.  \ud83d\udd39 Vesel\u012bga gremo\u0161ana - probiotikas un antioksidanti atbalsta zarnu mikrofloru un imunit\u0101ti.  \ud83d\udd39 Nieru un ur\u012bnce\u013cu aizsardz\u012bba - smilts\u0113rk\u0161\u0137i un zems magnija saturs pal\u012bdz uztur\u0113t optim\u0101lu ur\u012bna pH l\u012bmeni.  \ud83d\udd39 Samazina nepat\u012bkamas smakas - jukas ekstrakts pal\u012bdz mazin\u0101t fek\u0101liju smaku.  \ud83d\udd39 Dro\u0161a un dab\u012bga - NESATUR graudus, m\u0101ksl\u012bg\u0101s kr\u0101svielas, konservantus vai \u0122MO.  Sast\u0101vda\u013cas: svaiga t\u012btara ga\u013ca (26%), dehidr\u0113ts lasis (26%), dzeltenie zir\u0146i (16%), turku zir\u0146i (11%), m\u0101jputnu tauki, cigori\u0146u sakne, la\u0161a e\u013c\u013ca, alus raugs, smilts\u0113rk\u0161\u0137i, dz\u0113rvenes, probiotikas.  Anal\u012bze: Olbaltumvielas 32%, Tauki 16%, \u0160\u0137iedrvielas 1,5%, Kalcijs 1,2%, Fosfors 0,9%, Omega-3 0,5%, Omega-6 2,0%.  Uzglab\u0101\u0161ana un baro\u0161ana: Pasniedziet sausu vai mitru bar\u012bbu. Piel\u0101gojiet daudzumu atbilsto\u0161i ka\u0137a vajadz\u012bb\u0101m. Vienm\u0113r nodro\u0161iniet svaigu dzeramo \u016bdeni.  \ud83d\udc3e Maigai gremo\u0161anai un lieliskai gar\u0161ai \u2013 Brit Care Sensitive!","og_url":"https:\/\/miumjau.ee\/lv\/produkts\/brit-care-sensitive-kakiem-ar-jutigu-gremosanu-ar-titaru-un-lasi-7-kg\/","og_site_name":"MiuMjau","article_publisher":"https:\/\/www.facebook.com\/miumjaupood\/","article_modified_time":"2026-01-07T19:15:54+00:00","og_image":[{"width":600,"height":800,"url":"https:\/\/miumjau.ee\/wp-content\/uploads\/2025\/02\/brit-care-kuivtoit-kassile-sensitive-healthy-digestion.jpg","type":"image\/jpeg"}],"twitter_card":"summary_large_image","schema":{"@context":"https:\/\/schema.org","@graph":[{"@type":"WebPage","@id":"https:\/\/miumjau.ee\/lv\/produkts\/brit-care-sensitive-kakiem-ar-jutigu-gremosanu-ar-titaru-un-lasi-7-kg\/","url":"https:\/\/miumjau.ee\/lv\/produkts\/brit-care-sensitive-kakiem-ar-jutigu-gremosanu-ar-titaru-un-lasi-7-kg\/","name":"Brit Care Sensitive ka\u0137iem ar jut\u012bgu gremo\u0161anu ar t\u012btaru un lasi 7 kg - MiuMjau","isPartOf":{"@id":"https:\/\/miumjau.ee\/#website"},"primaryImageOfPage":{"@id":"https:\/\/miumjau.ee\/lv\/produkts\/brit-care-sensitive-kakiem-ar-jutigu-gremosanu-ar-titaru-un-lasi-7-kg\/#primaryimage"},"image":{"@id":"https:\/\/miumjau.ee\/lv\/produkts\/brit-care-sensitive-kakiem-ar-jutigu-gremosanu-ar-titaru-un-lasi-7-kg\/#primaryimage"},"thumbnailUrl":"https:\/\/miumjau.ee\/wp-content\/uploads\/2025\/02\/brit-care-kuivtoit-kassile-sensitive-healthy-digestion.jpg","datePublished":"2025-04-23T07:36:12+00:00","dateModified":"2026-01-07T19:15:54+00:00","breadcrumb":{"@id":"https:\/\/miumjau.ee\/lv\/produkts\/brit-care-sensitive-kakiem-ar-jutigu-gremosanu-ar-titaru-un-lasi-7-kg\/#breadcrumb"},"inLanguage":"lv-LV","potentialAction":[{"@type":"ReadAction","target":["https:\/\/miumjau.ee\/lv\/produkts\/brit-care-sensitive-kakiem-ar-jutigu-gremosanu-ar-titaru-un-lasi-7-kg\/"]}]},{"@type":"ImageObject","inLanguage":"lv-LV","@id":"https:\/\/miumjau.ee\/lv\/produkts\/brit-care-sensitive-kakiem-ar-jutigu-gremosanu-ar-titaru-un-lasi-7-kg\/#primaryimage","url":"https:\/\/miumjau.ee\/wp-content\/uploads\/2025\/02\/brit-care-kuivtoit-kassile-sensitive-healthy-digestion.jpg","contentUrl":"https:\/\/miumjau.ee\/wp-content\/uploads\/2025\/02\/brit-care-kuivtoit-kassile-sensitive-healthy-digestion.jpg","width":600,"height":800},{"@type":"BreadcrumbList","@id":"https:\/\/miumjau.ee\/lv\/produkts\/brit-care-sensitive-kakiem-ar-jutigu-gremosanu-ar-titaru-un-lasi-7-kg\/#breadcrumb","itemListElement":[{"@type":"ListItem","position":1,"name":"Home","item":"https:\/\/miumjau.ee\/lv\/"},{"@type":"ListItem","position":2,"name":"Veikals","item":"https:\/\/miumjau.ee\/lv\/veikals\/"},{"@type":"ListItem","position":3,"name":"Brit Care Sensitive ka\u0137iem ar jut\u012bgu gremo\u0161anu ar t\u012btaru un lasi 7 kg"}]},{"@type":"WebSite","@id":"https:\/\/miumjau.ee\/#website","url":"https:\/\/miumjau.ee\/","name":"MiuMjau","description":"Kraapimispuud kassidele","publisher":{"@id":"https:\/\/miumjau.ee\/#organization"},"potentialAction":[{"@type":"SearchAction","target":{"@type":"EntryPoint","urlTemplate":"https:\/\/miumjau.ee\/?s={search_term_string}"},"query-input":{"@type":"PropertyValueSpecification","valueRequired":true,"valueName":"search_term_string"}}],"inLanguage":"lv-LV"},{"@type":"Organization","@id":"https:\/\/miumjau.ee\/#organization","name":"MiuMjau O\u00dc","url":"https:\/\/miumjau.ee\/","logo":{"@type":"ImageObject","inLanguage":"lv-LV","@id":"https:\/\/miumjau.ee\/#\/schema\/logo\/image\/","url":"https:\/\/miumjau.ee\/wp-content\/uploads\/2022\/04\/MiuMjau-logo-kollane.png","contentUrl":"https:\/\/miumjau.ee\/wp-content\/uploads\/2022\/04\/MiuMjau-logo-kollane.png","width":219,"height":100,"caption":"MiuMjau O\u00dc"},"image":{"@id":"https:\/\/miumjau.ee\/#\/schema\/logo\/image\/"},"sameAs":["https:\/\/www.facebook.com\/miumjaupood\/"]}]}},"_links":{"self":[{"href":"https:\/\/miumjau.ee\/lv\/wp-json\/wp\/v2\/product\/49659","targetHints":{"allow":["GET"]}}],"collection":[{"href":"https:\/\/miumjau.ee\/lv\/wp-json\/wp\/v2\/product"}],"about":[{"href":"https:\/\/miumjau.ee\/lv\/wp-json\/wp\/v2\/types\/product"}],"wp:featuredmedia":[{"embeddable":true,"href":"https:\/\/miumjau.ee\/lv\/wp-json\/wp\/v2\/media\/49660"}],"wp:attachment":[{"href":"https:\/\/miumjau.ee\/lv\/wp-json\/wp\/v2\/media?parent=49659"}],"wp:term":[{"taxonomy":"product_brand","embeddable":true,"href":"https:\/\/miumjau.ee\/lv\/wp-json\/wp\/v2\/product_brand?post=49659"},{"taxonomy":"product_cat","embeddable":true,"href":"https:\/\/miumjau.ee\/lv\/wp-json\/wp\/v2\/product_cat?post=49659"},{"taxonomy":"product_tag","embeddable":true,"href":"https:\/\/miumjau.ee\/lv\/wp-json\/wp\/v2\/product_tag?post=49659"}],"curies":[{"name":"wp","href":"https:\/\/api.w.org\/{rel}","templated":true}]}}