{"id":49657,"date":"2025-04-23T10:41:28","date_gmt":"2025-04-23T07:41:28","guid":{"rendered":"https:\/\/miumjau.ee\/toode\/aatas-kaku-kremiga-konserveta-bariba-kakiem-ar-vistu-un-sardinem-24x80-g\/"},"modified":"2026-01-07T21:15:54","modified_gmt":"2026-01-07T19:15:54","slug":"aatas-kaku-kremiga-konserveta-bariba-kakiem-ar-vistu-un-sardinem-24x80-g","status":"publish","type":"product","link":"https:\/\/miumjau.ee\/lv\/produkts\/aatas-kaku-kremiga-konserveta-bariba-kakiem-ar-vistu-un-sardinem-24x80-g\/","title":{"rendered":"Aatas ka\u0137u kr\u0113m\u012bg\u0101 konserv\u0113t\u0101 bar\u012bba ka\u0137iem ar vistu un sard\u012bn\u0113m, 24&#215;80 g"},"content":{"rendered":"","protected":false},"excerpt":{"rendered":"<p>Garda un barojo\u0161a mitr\u0101 bar\u012bba ka\u0137iem. Lieliska izv\u0113le j\u016bsu m\u012blu\u013ca vesel\u012bgam uzturam.<\/p>\n<p>\u012apa\u0161\u012bbas:<\/p>\n<p>Dab\u012bga ga\u013ca<br \/>\nZems tauku un kaloriju saturs<br \/>\nPievilc\u012bgs pat izv\u0113l\u012bg\u0101kajiem \u0113d\u0101jiem<br \/>\nNesatur graudus, \u0122MO, m\u0101ksl\u012bg\u0101s kr\u0101svielas vai konservantus<br \/>\nDab\u012bgs &#8211; vesel\u012bgs &#8211; gar\u0161\u012bgs<br \/>\nSast\u0101vda\u013cas: vistas buljons, vistas ga\u013ca, sard\u012bnes, biezin\u0101t\u0101ji.<\/p>\n<p>Sast\u0101va anal\u012bze: kopprote\u012bns (min) 11,50%, koptauki (min) 0,60%, kop\u0161\u0137iedra (maks) 0,20%, mitrums (maks) 85,0%, pelni (maks) 0,40%.<\/p>\n<p>Ener\u0123\u0113tisk\u0101 v\u0113rt\u012bba: 500,0 kcal\/kg, 40,0 kcal\/k\u0101rb\u0101<\/p>\n<p>Uzturv\u0113rt\u012bbas nor\u0101d\u012bjumi: Neatv\u0113rtas Aatas ka\u0137u kr\u0113m\u012bg\u0101s vistas sard\u012bnes k\u0101rbas uzglab\u0101t istabas temperat\u016br\u0101. Nesasald\u0113t. Atliku\u0161o bar\u012bbu uzglab\u0101t ledusskap\u012b. Tikai ka\u0137u baro\u0161anai.<\/p>\n","protected":false},"featured_media":49658,"template":"","meta":[],"product_brand":[],"product_cat":[571,573],"product_tag":[],"class_list":{"0":"post-49657","1":"product","2":"type-product","3":"status-publish","4":"has-post-thumbnail","6":"product_cat-mitra-bariba","7":"product_cat-kaup24-lv","9":"first","10":"instock","11":"taxable","12":"shipping-taxable","13":"purchasable","14":"product-type-simple"},"yoast_head":"<!-- This site is optimized with the Yoast SEO plugin v27.2 - https:\/\/yoast.com\/product\/yoast-seo-wordpress\/ -->\n<title>Aatas ka\u0137u kr\u0113m\u012bg\u0101 konserv\u0113t\u0101 bar\u012bba ka\u0137iem ar vistu un sard\u012bn\u0113m, 24x80 g - MiuMjau<\/title>\n<meta name=\"description\" content=\"Aatas Cat gard\u0101 mitr\u0101 ka\u0137u bar\u012bba iepriecin\u0101s j\u016bsu ka\u0137\u0113nu! Dab\u012bga, vesel\u012bga un patie\u0161\u0101m garda bar\u012bba. Kura no t\u0101m gar\u0161o j\u016bsu ka\u0137im?\" \/>\n<meta name=\"robots\" content=\"index, follow, max-snippet:-1, max-image-preview:large, max-video-preview:-1\" \/>\n<link rel=\"canonical\" href=\"https:\/\/miumjau.ee\/lv\/produkts\/aatas-kaku-kremiga-konserveta-bariba-kakiem-ar-vistu-un-sardinem-24x80-g\/\" \/>\n<meta property=\"og:locale\" content=\"lv_LV\" \/>\n<meta property=\"og:type\" content=\"article\" \/>\n<meta property=\"og:title\" content=\"Aatas ka\u0137u kr\u0113m\u012bg\u0101 konserv\u0113t\u0101 bar\u012bba ka\u0137iem ar vistu un sard\u012bn\u0113m, 24x80 g - MiuMjau\" \/>\n<meta property=\"og:description\" content=\"Aatas Cat gard\u0101 mitr\u0101 ka\u0137u bar\u012bba iepriecin\u0101s j\u016bsu ka\u0137\u0113nu! Dab\u012bga, vesel\u012bga un patie\u0161\u0101m garda bar\u012bba. Kura no t\u0101m gar\u0161o j\u016bsu ka\u0137im?\" \/>\n<meta property=\"og:url\" content=\"https:\/\/miumjau.ee\/lv\/produkts\/aatas-kaku-kremiga-konserveta-bariba-kakiem-ar-vistu-un-sardinem-24x80-g\/\" \/>\n<meta property=\"og:site_name\" content=\"MiuMjau\" \/>\n<meta property=\"article:publisher\" content=\"https:\/\/www.facebook.com\/miumjaupood\/\" \/>\n<meta property=\"article:modified_time\" content=\"2026-01-07T19:15:54+00:00\" \/>\n<meta property=\"og:image\" content=\"https:\/\/miumjau.ee\/wp-content\/uploads\/2024\/11\/aatas-cat-creamy-chicken-amp-sardine-konserv-kassidele-Photoroom.jpg\" \/>\n\t<meta property=\"og:image:width\" content=\"600\" \/>\n\t<meta property=\"og:image:height\" content=\"800\" \/>\n\t<meta property=\"og:image:type\" content=\"image\/jpeg\" \/>\n<meta name=\"twitter:card\" content=\"summary_large_image\" \/>\n<script type=\"application\/ld+json\" class=\"yoast-schema-graph\">{\"@context\":\"https:\/\/schema.org\",\"@graph\":[{\"@type\":\"WebPage\",\"@id\":\"https:\/\/miumjau.ee\/lv\/produkts\/aatas-kaku-kremiga-konserveta-bariba-kakiem-ar-vistu-un-sardinem-24x80-g\/\",\"url\":\"https:\/\/miumjau.ee\/lv\/produkts\/aatas-kaku-kremiga-konserveta-bariba-kakiem-ar-vistu-un-sardinem-24x80-g\/\",\"name\":\"Aatas ka\u0137u kr\u0113m\u012bg\u0101 konserv\u0113t\u0101 bar\u012bba ka\u0137iem ar vistu un sard\u012bn\u0113m, 24x80 g - MiuMjau\",\"isPartOf\":{\"@id\":\"https:\/\/miumjau.ee\/#website\"},\"primaryImageOfPage\":{\"@id\":\"https:\/\/miumjau.ee\/lv\/produkts\/aatas-kaku-kremiga-konserveta-bariba-kakiem-ar-vistu-un-sardinem-24x80-g\/#primaryimage\"},\"image\":{\"@id\":\"https:\/\/miumjau.ee\/lv\/produkts\/aatas-kaku-kremiga-konserveta-bariba-kakiem-ar-vistu-un-sardinem-24x80-g\/#primaryimage\"},\"thumbnailUrl\":\"https:\/\/miumjau.ee\/wp-content\/uploads\/2024\/11\/aatas-cat-creamy-chicken-amp-sardine-konserv-kassidele-Photoroom.jpg\",\"datePublished\":\"2025-04-23T07:41:28+00:00\",\"dateModified\":\"2026-01-07T19:15:54+00:00\",\"description\":\"Aatas Cat gard\u0101 mitr\u0101 ka\u0137u bar\u012bba iepriecin\u0101s j\u016bsu ka\u0137\u0113nu! Dab\u012bga, vesel\u012bga un patie\u0161\u0101m garda bar\u012bba. Kura no t\u0101m gar\u0161o j\u016bsu ka\u0137im?\",\"breadcrumb\":{\"@id\":\"https:\/\/miumjau.ee\/lv\/produkts\/aatas-kaku-kremiga-konserveta-bariba-kakiem-ar-vistu-un-sardinem-24x80-g\/#breadcrumb\"},\"inLanguage\":\"lv-LV\",\"potentialAction\":[{\"@type\":\"ReadAction\",\"target\":[\"https:\/\/miumjau.ee\/lv\/produkts\/aatas-kaku-kremiga-konserveta-bariba-kakiem-ar-vistu-un-sardinem-24x80-g\/\"]}]},{\"@type\":\"ImageObject\",\"inLanguage\":\"lv-LV\",\"@id\":\"https:\/\/miumjau.ee\/lv\/produkts\/aatas-kaku-kremiga-konserveta-bariba-kakiem-ar-vistu-un-sardinem-24x80-g\/#primaryimage\",\"url\":\"https:\/\/miumjau.ee\/wp-content\/uploads\/2024\/11\/aatas-cat-creamy-chicken-amp-sardine-konserv-kassidele-Photoroom.jpg\",\"contentUrl\":\"https:\/\/miumjau.ee\/wp-content\/uploads\/2024\/11\/aatas-cat-creamy-chicken-amp-sardine-konserv-kassidele-Photoroom.jpg\",\"width\":600,\"height\":800},{\"@type\":\"BreadcrumbList\",\"@id\":\"https:\/\/miumjau.ee\/lv\/produkts\/aatas-kaku-kremiga-konserveta-bariba-kakiem-ar-vistu-un-sardinem-24x80-g\/#breadcrumb\",\"itemListElement\":[{\"@type\":\"ListItem\",\"position\":1,\"name\":\"Home\",\"item\":\"https:\/\/miumjau.ee\/lv\/\"},{\"@type\":\"ListItem\",\"position\":2,\"name\":\"Veikals\",\"item\":\"https:\/\/miumjau.ee\/lv\/veikals\/\"},{\"@type\":\"ListItem\",\"position\":3,\"name\":\"Aatas ka\u0137u kr\u0113m\u012bg\u0101 konserv\u0113t\u0101 bar\u012bba ka\u0137iem ar vistu un sard\u012bn\u0113m, 24&#215;80 g\"}]},{\"@type\":\"WebSite\",\"@id\":\"https:\/\/miumjau.ee\/#website\",\"url\":\"https:\/\/miumjau.ee\/\",\"name\":\"MiuMjau\",\"description\":\"Kraapimispuud kassidele\",\"publisher\":{\"@id\":\"https:\/\/miumjau.ee\/#organization\"},\"potentialAction\":[{\"@type\":\"SearchAction\",\"target\":{\"@type\":\"EntryPoint\",\"urlTemplate\":\"https:\/\/miumjau.ee\/?s={search_term_string}\"},\"query-input\":{\"@type\":\"PropertyValueSpecification\",\"valueRequired\":true,\"valueName\":\"search_term_string\"}}],\"inLanguage\":\"lv-LV\"},{\"@type\":\"Organization\",\"@id\":\"https:\/\/miumjau.ee\/#organization\",\"name\":\"MiuMjau O\u00dc\",\"url\":\"https:\/\/miumjau.ee\/\",\"logo\":{\"@type\":\"ImageObject\",\"inLanguage\":\"lv-LV\",\"@id\":\"https:\/\/miumjau.ee\/#\/schema\/logo\/image\/\",\"url\":\"https:\/\/miumjau.ee\/wp-content\/uploads\/2022\/04\/MiuMjau-logo-kollane.png\",\"contentUrl\":\"https:\/\/miumjau.ee\/wp-content\/uploads\/2022\/04\/MiuMjau-logo-kollane.png\",\"width\":219,\"height\":100,\"caption\":\"MiuMjau O\u00dc\"},\"image\":{\"@id\":\"https:\/\/miumjau.ee\/#\/schema\/logo\/image\/\"},\"sameAs\":[\"https:\/\/www.facebook.com\/miumjaupood\/\"]}]}<\/script>\n<!-- \/ Yoast SEO plugin. -->","yoast_head_json":{"title":"Aatas ka\u0137u kr\u0113m\u012bg\u0101 konserv\u0113t\u0101 bar\u012bba ka\u0137iem ar vistu un sard\u012bn\u0113m, 24x80 g - MiuMjau","description":"Aatas Cat gard\u0101 mitr\u0101 ka\u0137u bar\u012bba iepriecin\u0101s j\u016bsu ka\u0137\u0113nu! Dab\u012bga, vesel\u012bga un patie\u0161\u0101m garda bar\u012bba. Kura no t\u0101m gar\u0161o j\u016bsu ka\u0137im?","robots":{"index":"index","follow":"follow","max-snippet":"max-snippet:-1","max-image-preview":"max-image-preview:large","max-video-preview":"max-video-preview:-1"},"canonical":"https:\/\/miumjau.ee\/lv\/produkts\/aatas-kaku-kremiga-konserveta-bariba-kakiem-ar-vistu-un-sardinem-24x80-g\/","og_locale":"lv_LV","og_type":"article","og_title":"Aatas ka\u0137u kr\u0113m\u012bg\u0101 konserv\u0113t\u0101 bar\u012bba ka\u0137iem ar vistu un sard\u012bn\u0113m, 24x80 g - MiuMjau","og_description":"Aatas Cat gard\u0101 mitr\u0101 ka\u0137u bar\u012bba iepriecin\u0101s j\u016bsu ka\u0137\u0113nu! Dab\u012bga, vesel\u012bga un patie\u0161\u0101m garda bar\u012bba. Kura no t\u0101m gar\u0161o j\u016bsu ka\u0137im?","og_url":"https:\/\/miumjau.ee\/lv\/produkts\/aatas-kaku-kremiga-konserveta-bariba-kakiem-ar-vistu-un-sardinem-24x80-g\/","og_site_name":"MiuMjau","article_publisher":"https:\/\/www.facebook.com\/miumjaupood\/","article_modified_time":"2026-01-07T19:15:54+00:00","og_image":[{"width":600,"height":800,"url":"https:\/\/miumjau.ee\/wp-content\/uploads\/2024\/11\/aatas-cat-creamy-chicken-amp-sardine-konserv-kassidele-Photoroom.jpg","type":"image\/jpeg"}],"twitter_card":"summary_large_image","schema":{"@context":"https:\/\/schema.org","@graph":[{"@type":"WebPage","@id":"https:\/\/miumjau.ee\/lv\/produkts\/aatas-kaku-kremiga-konserveta-bariba-kakiem-ar-vistu-un-sardinem-24x80-g\/","url":"https:\/\/miumjau.ee\/lv\/produkts\/aatas-kaku-kremiga-konserveta-bariba-kakiem-ar-vistu-un-sardinem-24x80-g\/","name":"Aatas ka\u0137u kr\u0113m\u012bg\u0101 konserv\u0113t\u0101 bar\u012bba ka\u0137iem ar vistu un sard\u012bn\u0113m, 24x80 g - MiuMjau","isPartOf":{"@id":"https:\/\/miumjau.ee\/#website"},"primaryImageOfPage":{"@id":"https:\/\/miumjau.ee\/lv\/produkts\/aatas-kaku-kremiga-konserveta-bariba-kakiem-ar-vistu-un-sardinem-24x80-g\/#primaryimage"},"image":{"@id":"https:\/\/miumjau.ee\/lv\/produkts\/aatas-kaku-kremiga-konserveta-bariba-kakiem-ar-vistu-un-sardinem-24x80-g\/#primaryimage"},"thumbnailUrl":"https:\/\/miumjau.ee\/wp-content\/uploads\/2024\/11\/aatas-cat-creamy-chicken-amp-sardine-konserv-kassidele-Photoroom.jpg","datePublished":"2025-04-23T07:41:28+00:00","dateModified":"2026-01-07T19:15:54+00:00","description":"Aatas Cat gard\u0101 mitr\u0101 ka\u0137u bar\u012bba iepriecin\u0101s j\u016bsu ka\u0137\u0113nu! Dab\u012bga, vesel\u012bga un patie\u0161\u0101m garda bar\u012bba. Kura no t\u0101m gar\u0161o j\u016bsu ka\u0137im?","breadcrumb":{"@id":"https:\/\/miumjau.ee\/lv\/produkts\/aatas-kaku-kremiga-konserveta-bariba-kakiem-ar-vistu-un-sardinem-24x80-g\/#breadcrumb"},"inLanguage":"lv-LV","potentialAction":[{"@type":"ReadAction","target":["https:\/\/miumjau.ee\/lv\/produkts\/aatas-kaku-kremiga-konserveta-bariba-kakiem-ar-vistu-un-sardinem-24x80-g\/"]}]},{"@type":"ImageObject","inLanguage":"lv-LV","@id":"https:\/\/miumjau.ee\/lv\/produkts\/aatas-kaku-kremiga-konserveta-bariba-kakiem-ar-vistu-un-sardinem-24x80-g\/#primaryimage","url":"https:\/\/miumjau.ee\/wp-content\/uploads\/2024\/11\/aatas-cat-creamy-chicken-amp-sardine-konserv-kassidele-Photoroom.jpg","contentUrl":"https:\/\/miumjau.ee\/wp-content\/uploads\/2024\/11\/aatas-cat-creamy-chicken-amp-sardine-konserv-kassidele-Photoroom.jpg","width":600,"height":800},{"@type":"BreadcrumbList","@id":"https:\/\/miumjau.ee\/lv\/produkts\/aatas-kaku-kremiga-konserveta-bariba-kakiem-ar-vistu-un-sardinem-24x80-g\/#breadcrumb","itemListElement":[{"@type":"ListItem","position":1,"name":"Home","item":"https:\/\/miumjau.ee\/lv\/"},{"@type":"ListItem","position":2,"name":"Veikals","item":"https:\/\/miumjau.ee\/lv\/veikals\/"},{"@type":"ListItem","position":3,"name":"Aatas ka\u0137u kr\u0113m\u012bg\u0101 konserv\u0113t\u0101 bar\u012bba ka\u0137iem ar vistu un sard\u012bn\u0113m, 24&#215;80 g"}]},{"@type":"WebSite","@id":"https:\/\/miumjau.ee\/#website","url":"https:\/\/miumjau.ee\/","name":"MiuMjau","description":"Kraapimispuud kassidele","publisher":{"@id":"https:\/\/miumjau.ee\/#organization"},"potentialAction":[{"@type":"SearchAction","target":{"@type":"EntryPoint","urlTemplate":"https:\/\/miumjau.ee\/?s={search_term_string}"},"query-input":{"@type":"PropertyValueSpecification","valueRequired":true,"valueName":"search_term_string"}}],"inLanguage":"lv-LV"},{"@type":"Organization","@id":"https:\/\/miumjau.ee\/#organization","name":"MiuMjau O\u00dc","url":"https:\/\/miumjau.ee\/","logo":{"@type":"ImageObject","inLanguage":"lv-LV","@id":"https:\/\/miumjau.ee\/#\/schema\/logo\/image\/","url":"https:\/\/miumjau.ee\/wp-content\/uploads\/2022\/04\/MiuMjau-logo-kollane.png","contentUrl":"https:\/\/miumjau.ee\/wp-content\/uploads\/2022\/04\/MiuMjau-logo-kollane.png","width":219,"height":100,"caption":"MiuMjau O\u00dc"},"image":{"@id":"https:\/\/miumjau.ee\/#\/schema\/logo\/image\/"},"sameAs":["https:\/\/www.facebook.com\/miumjaupood\/"]}]}},"_links":{"self":[{"href":"https:\/\/miumjau.ee\/lv\/wp-json\/wp\/v2\/product\/49657","targetHints":{"allow":["GET"]}}],"collection":[{"href":"https:\/\/miumjau.ee\/lv\/wp-json\/wp\/v2\/product"}],"about":[{"href":"https:\/\/miumjau.ee\/lv\/wp-json\/wp\/v2\/types\/product"}],"wp:featuredmedia":[{"embeddable":true,"href":"https:\/\/miumjau.ee\/lv\/wp-json\/wp\/v2\/media\/49658"}],"wp:attachment":[{"href":"https:\/\/miumjau.ee\/lv\/wp-json\/wp\/v2\/media?parent=49657"}],"wp:term":[{"taxonomy":"product_brand","embeddable":true,"href":"https:\/\/miumjau.ee\/lv\/wp-json\/wp\/v2\/product_brand?post=49657"},{"taxonomy":"product_cat","embeddable":true,"href":"https:\/\/miumjau.ee\/lv\/wp-json\/wp\/v2\/product_cat?post=49657"},{"taxonomy":"product_tag","embeddable":true,"href":"https:\/\/miumjau.ee\/lv\/wp-json\/wp\/v2\/product_tag?post=49657"}],"curies":[{"name":"wp","href":"https:\/\/api.w.org\/{rel}","templated":true}]}}