{"id":49655,"date":"2025-04-23T10:42:55","date_gmt":"2025-04-23T07:42:55","guid":{"rendered":"https:\/\/miumjau.ee\/toode\/aatas-kaku-bariba-ar-tunci-un-liellopu-galu-24x80g\/"},"modified":"2026-01-07T21:16:02","modified_gmt":"2026-01-07T19:16:02","slug":"aatas-kaku-bariba-ar-tunci-un-liellopu-galu-24x80g","status":"publish","type":"product","link":"https:\/\/miumjau.ee\/lv\/produkts\/aatas-kaku-bariba-ar-tunci-un-liellopu-galu-24x80g\/","title":{"rendered":"Aatas ka\u0137u bar\u012bba ar tunci un liellopu ga\u013cu, 24x80g"},"content":{"rendered":"","protected":false},"excerpt":{"rendered":"<p>Aatas Cat Tantalizing Tuna and Beef \u2013 ka\u0137u konservi ar tunci un liellopu ga\u013cu, 80 g \u2013 \u0161ie gardie konservi satur dab\u012bgas sast\u0101vda\u013cas, bez graudiem, m\u0101ksl\u012bg\u0101m kr\u0101sviel\u0101m, aromatiz\u0113t\u0101jiem un konservantiem. Sast\u0101v\u0101 ietilpst dro\u0161i no\u0137erti tun\u010da un l\u0113ni v\u0101r\u012bti liellopu ga\u013cas gabali\u0146i.<\/p>\n<p>Sast\u0101vda\u013cas:<\/p>\n<p>Tun\u010da buljons, tuncis, liellopu ga\u013ca, biezin\u0101t\u0101ji (j\u016brasz\u0101les, kasijas sve\u0137i, gu\u0101ra sve\u0137i, ceratoniju s\u0113klu sve\u0137i, k\u0101lija hlor\u012bds un karbon\u0101ti).<\/p>\n<p>Sast\u0101va anal\u012bze:<\/p>\n<p>Neapstr\u0101d\u0101ti prote\u012bni (min.) 10,0%<br \/>\nNeapstr\u0101d\u0101ti tauki (min.) 0,3%<br \/>\nNeapstr\u0101d\u0101tas \u0161\u0137iedrvielas (maks.) 1,0%<br \/>\nPelni (maks.) 3,0%<br \/>\nMitrums (maks.) 89,0%<br \/>\nEner\u0123\u0113tisk\u0101 v\u0113rt\u012bba: 37,6 kcal\/konserv\u0101<\/p>\n","protected":false},"featured_media":49656,"template":"","meta":[],"product_brand":[],"product_cat":[571],"product_tag":[],"class_list":{"0":"post-49655","1":"product","2":"type-product","3":"status-publish","4":"has-post-thumbnail","6":"product_cat-mitra-bariba","8":"first","9":"instock","10":"taxable","11":"shipping-taxable","12":"purchasable","13":"product-type-simple"},"yoast_head":"<!-- This site is optimized with the Yoast SEO plugin v27.2 - https:\/\/yoast.com\/product\/yoast-seo-wordpress\/ -->\n<title>Aatas ka\u0137u bar\u012bba ar tunci un liellopu ga\u013cu, 24x80g - MiuMjau<\/title>\n<meta name=\"description\" content=\"Aatas Cat gard\u0101 mitr\u0101 ka\u0137u bar\u012bba iepriecin\u0101s j\u016bsu ka\u0137\u0113nu! Dab\u012bga, vesel\u012bga un patie\u0161\u0101m garda bar\u012bba. Kura no t\u0101m gar\u0161o j\u016bsu ka\u0137im?\" \/>\n<meta name=\"robots\" content=\"index, follow, max-snippet:-1, max-image-preview:large, max-video-preview:-1\" \/>\n<link rel=\"canonical\" href=\"https:\/\/miumjau.ee\/lv\/produkts\/aatas-kaku-bariba-ar-tunci-un-liellopu-galu-24x80g\/\" \/>\n<meta property=\"og:locale\" content=\"lv_LV\" \/>\n<meta property=\"og:type\" content=\"article\" \/>\n<meta property=\"og:title\" content=\"Aatas ka\u0137u bar\u012bba ar tunci un liellopu ga\u013cu, 24x80g - MiuMjau\" \/>\n<meta property=\"og:description\" content=\"Aatas Cat gard\u0101 mitr\u0101 ka\u0137u bar\u012bba iepriecin\u0101s j\u016bsu ka\u0137\u0113nu! Dab\u012bga, vesel\u012bga un patie\u0161\u0101m garda bar\u012bba. Kura no t\u0101m gar\u0161o j\u016bsu ka\u0137im?\" \/>\n<meta property=\"og:url\" content=\"https:\/\/miumjau.ee\/lv\/produkts\/aatas-kaku-bariba-ar-tunci-un-liellopu-galu-24x80g\/\" \/>\n<meta property=\"og:site_name\" content=\"MiuMjau\" \/>\n<meta property=\"article:publisher\" content=\"https:\/\/www.facebook.com\/miumjaupood\/\" \/>\n<meta property=\"article:modified_time\" content=\"2026-01-07T19:16:02+00:00\" \/>\n<meta property=\"og:image\" content=\"https:\/\/miumjau.ee\/wp-content\/uploads\/2024\/11\/aatas-tantalizing-konserv-kassidele5.jpg\" \/>\n\t<meta property=\"og:image:width\" content=\"600\" \/>\n\t<meta property=\"og:image:height\" content=\"800\" \/>\n\t<meta property=\"og:image:type\" content=\"image\/jpeg\" \/>\n<meta name=\"twitter:card\" content=\"summary_large_image\" \/>\n<script type=\"application\/ld+json\" class=\"yoast-schema-graph\">{\"@context\":\"https:\/\/schema.org\",\"@graph\":[{\"@type\":\"WebPage\",\"@id\":\"https:\/\/miumjau.ee\/lv\/produkts\/aatas-kaku-bariba-ar-tunci-un-liellopu-galu-24x80g\/\",\"url\":\"https:\/\/miumjau.ee\/lv\/produkts\/aatas-kaku-bariba-ar-tunci-un-liellopu-galu-24x80g\/\",\"name\":\"Aatas ka\u0137u bar\u012bba ar tunci un liellopu ga\u013cu, 24x80g - MiuMjau\",\"isPartOf\":{\"@id\":\"https:\/\/miumjau.ee\/#website\"},\"primaryImageOfPage\":{\"@id\":\"https:\/\/miumjau.ee\/lv\/produkts\/aatas-kaku-bariba-ar-tunci-un-liellopu-galu-24x80g\/#primaryimage\"},\"image\":{\"@id\":\"https:\/\/miumjau.ee\/lv\/produkts\/aatas-kaku-bariba-ar-tunci-un-liellopu-galu-24x80g\/#primaryimage\"},\"thumbnailUrl\":\"https:\/\/miumjau.ee\/wp-content\/uploads\/2024\/11\/aatas-tantalizing-konserv-kassidele5.jpg\",\"datePublished\":\"2025-04-23T07:42:55+00:00\",\"dateModified\":\"2026-01-07T19:16:02+00:00\",\"description\":\"Aatas Cat gard\u0101 mitr\u0101 ka\u0137u bar\u012bba iepriecin\u0101s j\u016bsu ka\u0137\u0113nu! Dab\u012bga, vesel\u012bga un patie\u0161\u0101m garda bar\u012bba. Kura no t\u0101m gar\u0161o j\u016bsu ka\u0137im?\",\"breadcrumb\":{\"@id\":\"https:\/\/miumjau.ee\/lv\/produkts\/aatas-kaku-bariba-ar-tunci-un-liellopu-galu-24x80g\/#breadcrumb\"},\"inLanguage\":\"lv-LV\",\"potentialAction\":[{\"@type\":\"ReadAction\",\"target\":[\"https:\/\/miumjau.ee\/lv\/produkts\/aatas-kaku-bariba-ar-tunci-un-liellopu-galu-24x80g\/\"]}]},{\"@type\":\"ImageObject\",\"inLanguage\":\"lv-LV\",\"@id\":\"https:\/\/miumjau.ee\/lv\/produkts\/aatas-kaku-bariba-ar-tunci-un-liellopu-galu-24x80g\/#primaryimage\",\"url\":\"https:\/\/miumjau.ee\/wp-content\/uploads\/2024\/11\/aatas-tantalizing-konserv-kassidele5.jpg\",\"contentUrl\":\"https:\/\/miumjau.ee\/wp-content\/uploads\/2024\/11\/aatas-tantalizing-konserv-kassidele5.jpg\",\"width\":600,\"height\":800},{\"@type\":\"BreadcrumbList\",\"@id\":\"https:\/\/miumjau.ee\/lv\/produkts\/aatas-kaku-bariba-ar-tunci-un-liellopu-galu-24x80g\/#breadcrumb\",\"itemListElement\":[{\"@type\":\"ListItem\",\"position\":1,\"name\":\"Home\",\"item\":\"https:\/\/miumjau.ee\/lv\/\"},{\"@type\":\"ListItem\",\"position\":2,\"name\":\"Veikals\",\"item\":\"https:\/\/miumjau.ee\/lv\/veikals\/\"},{\"@type\":\"ListItem\",\"position\":3,\"name\":\"Aatas ka\u0137u bar\u012bba ar tunci un liellopu ga\u013cu, 24x80g\"}]},{\"@type\":\"WebSite\",\"@id\":\"https:\/\/miumjau.ee\/#website\",\"url\":\"https:\/\/miumjau.ee\/\",\"name\":\"MiuMjau\",\"description\":\"Kraapimispuud kassidele\",\"publisher\":{\"@id\":\"https:\/\/miumjau.ee\/#organization\"},\"potentialAction\":[{\"@type\":\"SearchAction\",\"target\":{\"@type\":\"EntryPoint\",\"urlTemplate\":\"https:\/\/miumjau.ee\/?s={search_term_string}\"},\"query-input\":{\"@type\":\"PropertyValueSpecification\",\"valueRequired\":true,\"valueName\":\"search_term_string\"}}],\"inLanguage\":\"lv-LV\"},{\"@type\":\"Organization\",\"@id\":\"https:\/\/miumjau.ee\/#organization\",\"name\":\"MiuMjau O\u00dc\",\"url\":\"https:\/\/miumjau.ee\/\",\"logo\":{\"@type\":\"ImageObject\",\"inLanguage\":\"lv-LV\",\"@id\":\"https:\/\/miumjau.ee\/#\/schema\/logo\/image\/\",\"url\":\"https:\/\/miumjau.ee\/wp-content\/uploads\/2022\/04\/MiuMjau-logo-kollane.png\",\"contentUrl\":\"https:\/\/miumjau.ee\/wp-content\/uploads\/2022\/04\/MiuMjau-logo-kollane.png\",\"width\":219,\"height\":100,\"caption\":\"MiuMjau O\u00dc\"},\"image\":{\"@id\":\"https:\/\/miumjau.ee\/#\/schema\/logo\/image\/\"},\"sameAs\":[\"https:\/\/www.facebook.com\/miumjaupood\/\"]}]}<\/script>\n<!-- \/ Yoast SEO plugin. -->","yoast_head_json":{"title":"Aatas ka\u0137u bar\u012bba ar tunci un liellopu ga\u013cu, 24x80g - MiuMjau","description":"Aatas Cat gard\u0101 mitr\u0101 ka\u0137u bar\u012bba iepriecin\u0101s j\u016bsu ka\u0137\u0113nu! Dab\u012bga, vesel\u012bga un patie\u0161\u0101m garda bar\u012bba. Kura no t\u0101m gar\u0161o j\u016bsu ka\u0137im?","robots":{"index":"index","follow":"follow","max-snippet":"max-snippet:-1","max-image-preview":"max-image-preview:large","max-video-preview":"max-video-preview:-1"},"canonical":"https:\/\/miumjau.ee\/lv\/produkts\/aatas-kaku-bariba-ar-tunci-un-liellopu-galu-24x80g\/","og_locale":"lv_LV","og_type":"article","og_title":"Aatas ka\u0137u bar\u012bba ar tunci un liellopu ga\u013cu, 24x80g - MiuMjau","og_description":"Aatas Cat gard\u0101 mitr\u0101 ka\u0137u bar\u012bba iepriecin\u0101s j\u016bsu ka\u0137\u0113nu! Dab\u012bga, vesel\u012bga un patie\u0161\u0101m garda bar\u012bba. Kura no t\u0101m gar\u0161o j\u016bsu ka\u0137im?","og_url":"https:\/\/miumjau.ee\/lv\/produkts\/aatas-kaku-bariba-ar-tunci-un-liellopu-galu-24x80g\/","og_site_name":"MiuMjau","article_publisher":"https:\/\/www.facebook.com\/miumjaupood\/","article_modified_time":"2026-01-07T19:16:02+00:00","og_image":[{"width":600,"height":800,"url":"https:\/\/miumjau.ee\/wp-content\/uploads\/2024\/11\/aatas-tantalizing-konserv-kassidele5.jpg","type":"image\/jpeg"}],"twitter_card":"summary_large_image","schema":{"@context":"https:\/\/schema.org","@graph":[{"@type":"WebPage","@id":"https:\/\/miumjau.ee\/lv\/produkts\/aatas-kaku-bariba-ar-tunci-un-liellopu-galu-24x80g\/","url":"https:\/\/miumjau.ee\/lv\/produkts\/aatas-kaku-bariba-ar-tunci-un-liellopu-galu-24x80g\/","name":"Aatas ka\u0137u bar\u012bba ar tunci un liellopu ga\u013cu, 24x80g - MiuMjau","isPartOf":{"@id":"https:\/\/miumjau.ee\/#website"},"primaryImageOfPage":{"@id":"https:\/\/miumjau.ee\/lv\/produkts\/aatas-kaku-bariba-ar-tunci-un-liellopu-galu-24x80g\/#primaryimage"},"image":{"@id":"https:\/\/miumjau.ee\/lv\/produkts\/aatas-kaku-bariba-ar-tunci-un-liellopu-galu-24x80g\/#primaryimage"},"thumbnailUrl":"https:\/\/miumjau.ee\/wp-content\/uploads\/2024\/11\/aatas-tantalizing-konserv-kassidele5.jpg","datePublished":"2025-04-23T07:42:55+00:00","dateModified":"2026-01-07T19:16:02+00:00","description":"Aatas Cat gard\u0101 mitr\u0101 ka\u0137u bar\u012bba iepriecin\u0101s j\u016bsu ka\u0137\u0113nu! Dab\u012bga, vesel\u012bga un patie\u0161\u0101m garda bar\u012bba. Kura no t\u0101m gar\u0161o j\u016bsu ka\u0137im?","breadcrumb":{"@id":"https:\/\/miumjau.ee\/lv\/produkts\/aatas-kaku-bariba-ar-tunci-un-liellopu-galu-24x80g\/#breadcrumb"},"inLanguage":"lv-LV","potentialAction":[{"@type":"ReadAction","target":["https:\/\/miumjau.ee\/lv\/produkts\/aatas-kaku-bariba-ar-tunci-un-liellopu-galu-24x80g\/"]}]},{"@type":"ImageObject","inLanguage":"lv-LV","@id":"https:\/\/miumjau.ee\/lv\/produkts\/aatas-kaku-bariba-ar-tunci-un-liellopu-galu-24x80g\/#primaryimage","url":"https:\/\/miumjau.ee\/wp-content\/uploads\/2024\/11\/aatas-tantalizing-konserv-kassidele5.jpg","contentUrl":"https:\/\/miumjau.ee\/wp-content\/uploads\/2024\/11\/aatas-tantalizing-konserv-kassidele5.jpg","width":600,"height":800},{"@type":"BreadcrumbList","@id":"https:\/\/miumjau.ee\/lv\/produkts\/aatas-kaku-bariba-ar-tunci-un-liellopu-galu-24x80g\/#breadcrumb","itemListElement":[{"@type":"ListItem","position":1,"name":"Home","item":"https:\/\/miumjau.ee\/lv\/"},{"@type":"ListItem","position":2,"name":"Veikals","item":"https:\/\/miumjau.ee\/lv\/veikals\/"},{"@type":"ListItem","position":3,"name":"Aatas ka\u0137u bar\u012bba ar tunci un liellopu ga\u013cu, 24x80g"}]},{"@type":"WebSite","@id":"https:\/\/miumjau.ee\/#website","url":"https:\/\/miumjau.ee\/","name":"MiuMjau","description":"Kraapimispuud kassidele","publisher":{"@id":"https:\/\/miumjau.ee\/#organization"},"potentialAction":[{"@type":"SearchAction","target":{"@type":"EntryPoint","urlTemplate":"https:\/\/miumjau.ee\/?s={search_term_string}"},"query-input":{"@type":"PropertyValueSpecification","valueRequired":true,"valueName":"search_term_string"}}],"inLanguage":"lv-LV"},{"@type":"Organization","@id":"https:\/\/miumjau.ee\/#organization","name":"MiuMjau O\u00dc","url":"https:\/\/miumjau.ee\/","logo":{"@type":"ImageObject","inLanguage":"lv-LV","@id":"https:\/\/miumjau.ee\/#\/schema\/logo\/image\/","url":"https:\/\/miumjau.ee\/wp-content\/uploads\/2022\/04\/MiuMjau-logo-kollane.png","contentUrl":"https:\/\/miumjau.ee\/wp-content\/uploads\/2022\/04\/MiuMjau-logo-kollane.png","width":219,"height":100,"caption":"MiuMjau O\u00dc"},"image":{"@id":"https:\/\/miumjau.ee\/#\/schema\/logo\/image\/"},"sameAs":["https:\/\/www.facebook.com\/miumjaupood\/"]}]}},"_links":{"self":[{"href":"https:\/\/miumjau.ee\/lv\/wp-json\/wp\/v2\/product\/49655","targetHints":{"allow":["GET"]}}],"collection":[{"href":"https:\/\/miumjau.ee\/lv\/wp-json\/wp\/v2\/product"}],"about":[{"href":"https:\/\/miumjau.ee\/lv\/wp-json\/wp\/v2\/types\/product"}],"wp:featuredmedia":[{"embeddable":true,"href":"https:\/\/miumjau.ee\/lv\/wp-json\/wp\/v2\/media\/49656"}],"wp:attachment":[{"href":"https:\/\/miumjau.ee\/lv\/wp-json\/wp\/v2\/media?parent=49655"}],"wp:term":[{"taxonomy":"product_brand","embeddable":true,"href":"https:\/\/miumjau.ee\/lv\/wp-json\/wp\/v2\/product_brand?post=49655"},{"taxonomy":"product_cat","embeddable":true,"href":"https:\/\/miumjau.ee\/lv\/wp-json\/wp\/v2\/product_cat?post=49655"},{"taxonomy":"product_tag","embeddable":true,"href":"https:\/\/miumjau.ee\/lv\/wp-json\/wp\/v2\/product_tag?post=49655"}],"curies":[{"name":"wp","href":"https:\/\/api.w.org\/{rel}","templated":true}]}}