{"id":49630,"date":"2025-04-30T11:19:08","date_gmt":"2025-04-30T08:19:08","guid":{"rendered":"https:\/\/miumjau.ee\/toode\/ontario-konserveta-kaku-bariba-ar-vistu-un-lasi-95g\/"},"modified":"2026-01-07T21:16:02","modified_gmt":"2026-01-07T19:16:02","slug":"ontario-konserveta-kaku-bariba-ar-vistu-un-lasi-95g","status":"publish","type":"product","link":"https:\/\/miumjau.ee\/lv\/produkts\/ontario-konserveta-kaku-bariba-ar-vistu-un-lasi-95g\/","title":{"rendered":"Ontario konserv\u0113t\u0101 ka\u0137u bar\u012bba ar vistu un lasi 95g"},"content":{"rendered":"","protected":false},"excerpt":{"rendered":"<p>Pilnv\u0113rt\u012bga superpremium klases konserv\u0113t\u0101 bar\u012bba pieaugu\u0161iem ka\u0137iem.<\/p>\n<p>\u012asti vistas un la\u0161a filejas gabali\u0146i.<\/p>\n<p>Augu e\u013c\u013cas veicina \u0101das vesel\u012bbu un ka\u017eoka skaistumu.<\/p>\n<p>Nesatur aromatiz\u0113t\u0101jus, sint\u0113tiskus apet\u012btes stimulatorus, p\u0101rtikas kr\u0101svielas vai konservantus.<\/p>\n<p>Bag\u0101ta ar vitam\u012bniem, aminosk\u0101b\u0113m un miner\u0101lviel\u0101m.<\/p>\n<p>Sast\u0101vda\u013cas: vistas ga\u013ca 49,7%, vistas buljons 43,86%, lasis 3,32%, p\u0101rtikas ciete 1,1%, zivis 0,75%, karagin\u0101ns 0,66%, s\u0101ls 0,61%.<\/p>\n<p>Anal\u012btiskais sast\u0101vs: kopprote\u012bns 14%, kope\u013c\u013cas un tauki 1%, kop\u0161\u0137iedra 0,1%, pelni 1%, mitrums 85%.<\/p>\n","protected":false},"featured_media":49625,"template":"","meta":[],"product_brand":[],"product_cat":[571],"product_tag":[],"class_list":{"0":"post-49630","1":"product","2":"type-product","3":"status-publish","4":"has-post-thumbnail","6":"product_cat-mitra-bariba","8":"first","9":"instock","10":"taxable","11":"shipping-taxable","12":"purchasable","13":"product-type-simple"},"yoast_head":"<!-- This site is optimized with the Yoast SEO plugin v27.2 - https:\/\/yoast.com\/product\/yoast-seo-wordpress\/ -->\n<title>Ontario konserv\u0113t\u0101 ka\u0137u bar\u012bba ar vistu un lasi 95g - MiuMjau<\/title>\n<meta name=\"description\" content=\"Ontario ka\u0137u bar\u012bba ir patiesi garda un augstas kvalit\u0101tes. Bag\u0101ta ar ga\u013cu un buljonu, bez graudiem. \u012asta ga\u013ca un prieks j\u016bsu ka\u0137\u0113nam!\" \/>\n<meta name=\"robots\" content=\"index, follow, max-snippet:-1, max-image-preview:large, max-video-preview:-1\" \/>\n<link rel=\"canonical\" href=\"https:\/\/miumjau.ee\/lv\/produkts\/ontario-konserveta-kaku-bariba-ar-vistu-un-lasi-95g\/\" \/>\n<meta property=\"og:locale\" content=\"lv_LV\" \/>\n<meta property=\"og:type\" content=\"article\" \/>\n<meta property=\"og:title\" content=\"Ontario konserv\u0113t\u0101 ka\u0137u bar\u012bba ar vistu un lasi 95g - MiuMjau\" \/>\n<meta property=\"og:description\" content=\"Ontario ka\u0137u bar\u012bba ir patiesi garda un augstas kvalit\u0101tes. Bag\u0101ta ar ga\u013cu un buljonu, bez graudiem. \u012asta ga\u013ca un prieks j\u016bsu ka\u0137\u0113nam!\" \/>\n<meta property=\"og:url\" content=\"https:\/\/miumjau.ee\/lv\/produkts\/ontario-konserveta-kaku-bariba-ar-vistu-un-lasi-95g\/\" \/>\n<meta property=\"og:site_name\" content=\"MiuMjau\" \/>\n<meta property=\"article:publisher\" content=\"https:\/\/www.facebook.com\/miumjaupood\/\" \/>\n<meta property=\"article:modified_time\" content=\"2026-01-07T19:16:02+00:00\" \/>\n<meta property=\"og:image\" content=\"https:\/\/miumjau.ee\/wp-content\/uploads\/2025\/04\/ontario-kassikonserv-95g3.webp\" \/>\n\t<meta property=\"og:image:width\" content=\"1200\" \/>\n\t<meta property=\"og:image:height\" content=\"1600\" \/>\n\t<meta property=\"og:image:type\" content=\"image\/webp\" \/>\n<meta name=\"twitter:card\" content=\"summary_large_image\" \/>\n<script type=\"application\/ld+json\" class=\"yoast-schema-graph\">{\"@context\":\"https:\/\/schema.org\",\"@graph\":[{\"@type\":\"WebPage\",\"@id\":\"https:\/\/miumjau.ee\/lv\/produkts\/ontario-konserveta-kaku-bariba-ar-vistu-un-lasi-95g\/\",\"url\":\"https:\/\/miumjau.ee\/lv\/produkts\/ontario-konserveta-kaku-bariba-ar-vistu-un-lasi-95g\/\",\"name\":\"Ontario konserv\u0113t\u0101 ka\u0137u bar\u012bba ar vistu un lasi 95g - MiuMjau\",\"isPartOf\":{\"@id\":\"https:\/\/miumjau.ee\/#website\"},\"primaryImageOfPage\":{\"@id\":\"https:\/\/miumjau.ee\/lv\/produkts\/ontario-konserveta-kaku-bariba-ar-vistu-un-lasi-95g\/#primaryimage\"},\"image\":{\"@id\":\"https:\/\/miumjau.ee\/lv\/produkts\/ontario-konserveta-kaku-bariba-ar-vistu-un-lasi-95g\/#primaryimage\"},\"thumbnailUrl\":\"https:\/\/miumjau.ee\/wp-content\/uploads\/2025\/04\/ontario-kassikonserv-95g3.webp\",\"datePublished\":\"2025-04-30T08:19:08+00:00\",\"dateModified\":\"2026-01-07T19:16:02+00:00\",\"description\":\"Ontario ka\u0137u bar\u012bba ir patiesi garda un augstas kvalit\u0101tes. Bag\u0101ta ar ga\u013cu un buljonu, bez graudiem. \u012asta ga\u013ca un prieks j\u016bsu ka\u0137\u0113nam!\",\"breadcrumb\":{\"@id\":\"https:\/\/miumjau.ee\/lv\/produkts\/ontario-konserveta-kaku-bariba-ar-vistu-un-lasi-95g\/#breadcrumb\"},\"inLanguage\":\"lv-LV\",\"potentialAction\":[{\"@type\":\"ReadAction\",\"target\":[\"https:\/\/miumjau.ee\/lv\/produkts\/ontario-konserveta-kaku-bariba-ar-vistu-un-lasi-95g\/\"]}]},{\"@type\":\"ImageObject\",\"inLanguage\":\"lv-LV\",\"@id\":\"https:\/\/miumjau.ee\/lv\/produkts\/ontario-konserveta-kaku-bariba-ar-vistu-un-lasi-95g\/#primaryimage\",\"url\":\"https:\/\/miumjau.ee\/wp-content\/uploads\/2025\/04\/ontario-kassikonserv-95g3.webp\",\"contentUrl\":\"https:\/\/miumjau.ee\/wp-content\/uploads\/2025\/04\/ontario-kassikonserv-95g3.webp\",\"width\":1200,\"height\":1600,\"caption\":\"Ontario konserv kassile kana ja l\u00f5hega 95g\"},{\"@type\":\"BreadcrumbList\",\"@id\":\"https:\/\/miumjau.ee\/lv\/produkts\/ontario-konserveta-kaku-bariba-ar-vistu-un-lasi-95g\/#breadcrumb\",\"itemListElement\":[{\"@type\":\"ListItem\",\"position\":1,\"name\":\"Home\",\"item\":\"https:\/\/miumjau.ee\/lv\/\"},{\"@type\":\"ListItem\",\"position\":2,\"name\":\"Veikals\",\"item\":\"https:\/\/miumjau.ee\/lv\/veikals\/\"},{\"@type\":\"ListItem\",\"position\":3,\"name\":\"Ontario konserv\u0113t\u0101 ka\u0137u bar\u012bba ar vistu un lasi 95g\"}]},{\"@type\":\"WebSite\",\"@id\":\"https:\/\/miumjau.ee\/#website\",\"url\":\"https:\/\/miumjau.ee\/\",\"name\":\"MiuMjau\",\"description\":\"Kraapimispuud kassidele\",\"publisher\":{\"@id\":\"https:\/\/miumjau.ee\/#organization\"},\"potentialAction\":[{\"@type\":\"SearchAction\",\"target\":{\"@type\":\"EntryPoint\",\"urlTemplate\":\"https:\/\/miumjau.ee\/?s={search_term_string}\"},\"query-input\":{\"@type\":\"PropertyValueSpecification\",\"valueRequired\":true,\"valueName\":\"search_term_string\"}}],\"inLanguage\":\"lv-LV\"},{\"@type\":\"Organization\",\"@id\":\"https:\/\/miumjau.ee\/#organization\",\"name\":\"MiuMjau O\u00dc\",\"url\":\"https:\/\/miumjau.ee\/\",\"logo\":{\"@type\":\"ImageObject\",\"inLanguage\":\"lv-LV\",\"@id\":\"https:\/\/miumjau.ee\/#\/schema\/logo\/image\/\",\"url\":\"https:\/\/miumjau.ee\/wp-content\/uploads\/2022\/04\/MiuMjau-logo-kollane.png\",\"contentUrl\":\"https:\/\/miumjau.ee\/wp-content\/uploads\/2022\/04\/MiuMjau-logo-kollane.png\",\"width\":219,\"height\":100,\"caption\":\"MiuMjau O\u00dc\"},\"image\":{\"@id\":\"https:\/\/miumjau.ee\/#\/schema\/logo\/image\/\"},\"sameAs\":[\"https:\/\/www.facebook.com\/miumjaupood\/\"]}]}<\/script>\n<!-- \/ Yoast SEO plugin. -->","yoast_head_json":{"title":"Ontario konserv\u0113t\u0101 ka\u0137u bar\u012bba ar vistu un lasi 95g - MiuMjau","description":"Ontario ka\u0137u bar\u012bba ir patiesi garda un augstas kvalit\u0101tes. Bag\u0101ta ar ga\u013cu un buljonu, bez graudiem. \u012asta ga\u013ca un prieks j\u016bsu ka\u0137\u0113nam!","robots":{"index":"index","follow":"follow","max-snippet":"max-snippet:-1","max-image-preview":"max-image-preview:large","max-video-preview":"max-video-preview:-1"},"canonical":"https:\/\/miumjau.ee\/lv\/produkts\/ontario-konserveta-kaku-bariba-ar-vistu-un-lasi-95g\/","og_locale":"lv_LV","og_type":"article","og_title":"Ontario konserv\u0113t\u0101 ka\u0137u bar\u012bba ar vistu un lasi 95g - MiuMjau","og_description":"Ontario ka\u0137u bar\u012bba ir patiesi garda un augstas kvalit\u0101tes. Bag\u0101ta ar ga\u013cu un buljonu, bez graudiem. \u012asta ga\u013ca un prieks j\u016bsu ka\u0137\u0113nam!","og_url":"https:\/\/miumjau.ee\/lv\/produkts\/ontario-konserveta-kaku-bariba-ar-vistu-un-lasi-95g\/","og_site_name":"MiuMjau","article_publisher":"https:\/\/www.facebook.com\/miumjaupood\/","article_modified_time":"2026-01-07T19:16:02+00:00","og_image":[{"width":1200,"height":1600,"url":"https:\/\/miumjau.ee\/wp-content\/uploads\/2025\/04\/ontario-kassikonserv-95g3.webp","type":"image\/webp"}],"twitter_card":"summary_large_image","schema":{"@context":"https:\/\/schema.org","@graph":[{"@type":"WebPage","@id":"https:\/\/miumjau.ee\/lv\/produkts\/ontario-konserveta-kaku-bariba-ar-vistu-un-lasi-95g\/","url":"https:\/\/miumjau.ee\/lv\/produkts\/ontario-konserveta-kaku-bariba-ar-vistu-un-lasi-95g\/","name":"Ontario konserv\u0113t\u0101 ka\u0137u bar\u012bba ar vistu un lasi 95g - MiuMjau","isPartOf":{"@id":"https:\/\/miumjau.ee\/#website"},"primaryImageOfPage":{"@id":"https:\/\/miumjau.ee\/lv\/produkts\/ontario-konserveta-kaku-bariba-ar-vistu-un-lasi-95g\/#primaryimage"},"image":{"@id":"https:\/\/miumjau.ee\/lv\/produkts\/ontario-konserveta-kaku-bariba-ar-vistu-un-lasi-95g\/#primaryimage"},"thumbnailUrl":"https:\/\/miumjau.ee\/wp-content\/uploads\/2025\/04\/ontario-kassikonserv-95g3.webp","datePublished":"2025-04-30T08:19:08+00:00","dateModified":"2026-01-07T19:16:02+00:00","description":"Ontario ka\u0137u bar\u012bba ir patiesi garda un augstas kvalit\u0101tes. Bag\u0101ta ar ga\u013cu un buljonu, bez graudiem. \u012asta ga\u013ca un prieks j\u016bsu ka\u0137\u0113nam!","breadcrumb":{"@id":"https:\/\/miumjau.ee\/lv\/produkts\/ontario-konserveta-kaku-bariba-ar-vistu-un-lasi-95g\/#breadcrumb"},"inLanguage":"lv-LV","potentialAction":[{"@type":"ReadAction","target":["https:\/\/miumjau.ee\/lv\/produkts\/ontario-konserveta-kaku-bariba-ar-vistu-un-lasi-95g\/"]}]},{"@type":"ImageObject","inLanguage":"lv-LV","@id":"https:\/\/miumjau.ee\/lv\/produkts\/ontario-konserveta-kaku-bariba-ar-vistu-un-lasi-95g\/#primaryimage","url":"https:\/\/miumjau.ee\/wp-content\/uploads\/2025\/04\/ontario-kassikonserv-95g3.webp","contentUrl":"https:\/\/miumjau.ee\/wp-content\/uploads\/2025\/04\/ontario-kassikonserv-95g3.webp","width":1200,"height":1600,"caption":"Ontario konserv kassile kana ja l\u00f5hega 95g"},{"@type":"BreadcrumbList","@id":"https:\/\/miumjau.ee\/lv\/produkts\/ontario-konserveta-kaku-bariba-ar-vistu-un-lasi-95g\/#breadcrumb","itemListElement":[{"@type":"ListItem","position":1,"name":"Home","item":"https:\/\/miumjau.ee\/lv\/"},{"@type":"ListItem","position":2,"name":"Veikals","item":"https:\/\/miumjau.ee\/lv\/veikals\/"},{"@type":"ListItem","position":3,"name":"Ontario konserv\u0113t\u0101 ka\u0137u bar\u012bba ar vistu un lasi 95g"}]},{"@type":"WebSite","@id":"https:\/\/miumjau.ee\/#website","url":"https:\/\/miumjau.ee\/","name":"MiuMjau","description":"Kraapimispuud kassidele","publisher":{"@id":"https:\/\/miumjau.ee\/#organization"},"potentialAction":[{"@type":"SearchAction","target":{"@type":"EntryPoint","urlTemplate":"https:\/\/miumjau.ee\/?s={search_term_string}"},"query-input":{"@type":"PropertyValueSpecification","valueRequired":true,"valueName":"search_term_string"}}],"inLanguage":"lv-LV"},{"@type":"Organization","@id":"https:\/\/miumjau.ee\/#organization","name":"MiuMjau O\u00dc","url":"https:\/\/miumjau.ee\/","logo":{"@type":"ImageObject","inLanguage":"lv-LV","@id":"https:\/\/miumjau.ee\/#\/schema\/logo\/image\/","url":"https:\/\/miumjau.ee\/wp-content\/uploads\/2022\/04\/MiuMjau-logo-kollane.png","contentUrl":"https:\/\/miumjau.ee\/wp-content\/uploads\/2022\/04\/MiuMjau-logo-kollane.png","width":219,"height":100,"caption":"MiuMjau O\u00dc"},"image":{"@id":"https:\/\/miumjau.ee\/#\/schema\/logo\/image\/"},"sameAs":["https:\/\/www.facebook.com\/miumjaupood\/"]}]}},"_links":{"self":[{"href":"https:\/\/miumjau.ee\/lv\/wp-json\/wp\/v2\/product\/49630","targetHints":{"allow":["GET"]}}],"collection":[{"href":"https:\/\/miumjau.ee\/lv\/wp-json\/wp\/v2\/product"}],"about":[{"href":"https:\/\/miumjau.ee\/lv\/wp-json\/wp\/v2\/types\/product"}],"wp:featuredmedia":[{"embeddable":true,"href":"https:\/\/miumjau.ee\/lv\/wp-json\/wp\/v2\/media\/49625"}],"wp:attachment":[{"href":"https:\/\/miumjau.ee\/lv\/wp-json\/wp\/v2\/media?parent=49630"}],"wp:term":[{"taxonomy":"product_brand","embeddable":true,"href":"https:\/\/miumjau.ee\/lv\/wp-json\/wp\/v2\/product_brand?post=49630"},{"taxonomy":"product_cat","embeddable":true,"href":"https:\/\/miumjau.ee\/lv\/wp-json\/wp\/v2\/product_cat?post=49630"},{"taxonomy":"product_tag","embeddable":true,"href":"https:\/\/miumjau.ee\/lv\/wp-json\/wp\/v2\/product_tag?post=49630"}],"curies":[{"name":"wp","href":"https:\/\/api.w.org\/{rel}","templated":true}]}}