{"id":49615,"date":"2025-05-16T09:46:35","date_gmt":"2025-05-16T06:46:35","guid":{"rendered":"https:\/\/miumjau.ee\/toode\/cuku-ausu-stremelites-500g-dabigs-karums-suniem\/"},"modified":"2026-01-07T21:16:09","modified_gmt":"2026-01-07T19:16:09","slug":"cuku-ausu-stremelites-500g-dabigs-karums-suniem","status":"publish","type":"product","link":"https:\/\/miumjau.ee\/lv\/produkts\/cuku-ausu-stremelites-500g-dabigs-karums-suniem\/","title":{"rendered":"C\u016bku ausu str\u0113mel\u012btes 500g &#8211; dab\u012bgs k\u0101rums su\u0146iem"},"content":{"rendered":"","protected":false},"excerpt":{"rendered":"<p>C\u016bkas ausis ir iecien\u012bts su\u0146u ko\u0161\u013c\u0101jamais na\u0161\u0137is, kas galvenok\u0101rt sast\u0101v no krauk\u0161\u0137\u012bgiem un gar\u0161\u012bgiem skrim\u0161\u013ciem. T\u0101s stiprina \u017eok\u013ca musku\u013cus un pal\u012bdz t\u012br\u012bt zobus. SANADOG c\u016bkas ausu str\u0113mel\u012btes ir \u012bpa\u0161i lielas, ar pat\u012bkamu bekona arom\u0101tu un viegli sagremojamas \u2013 ide\u0101li piem\u0113rotas gan kaisl\u012bgiem ko\u0161\u013c\u0101t\u0101jiem, gan gard\u0113\u017eiem.<\/p>\n<p>Produkts ir roku darbs m\u016bsu pa\u0161u ra\u017eotn\u0113, bez graudiem, sojas, m\u0101ksl\u012bg\u0101m piedev\u0101m vai ga\u013cas atgriezumiem. Maiga gaisa \u017e\u0101v\u0113\u0161anas metode saglab\u0101 dabisk\u0101s uzturvielas un nodro\u0161ina augstu kvalit\u0101ti. R\u016bp\u012bgi atlas\u012bt\u0101s c\u016bkas ausis n\u0101k no viet\u0113jiem pieg\u0101d\u0101t\u0101jiem un ir 100% izsekojamas.<\/p>\n<p>Sast\u0101vda\u013cas: 100% c\u016bkas auss<br \/>\nUzturv\u0113rt\u012bba: Olbaltumvielas \u2013 45%, Tauki \u2013 24,9%, Mitrums \u2013 12%, Pelni \u2013 5,4%, \u0160\u0137iedrvielas \u2013 7,5%<br \/>\nIepakojums: atk\u0101rtoti nosl\u0113dzams, praktisks maisi\u0146\u0161<br \/>\nUzglab\u0101\u0161ana: uzglab\u0101t v\u0113s\u0101, saus\u0101 viet\u0101 un pasarg\u0101t no saules gaismas<br \/>\nLieto\u0161ana: k\u0101 atl\u012bdz\u012bba vai uzkoda. Ja nepiecie\u0161ams, samaziniet bar\u012bbas daudzumu. Vienm\u0113r j\u0101b\u016bt pieejamam svaigam dzeramajam \u016bdenim. Nav piem\u0113rots su\u0146iem, kas jaun\u0101ki par 3 m\u0113ne\u0161iem.<\/p>\n","protected":false},"featured_media":49610,"template":"","meta":[],"product_brand":[],"product_cat":[576],"product_tag":[],"class_list":{"0":"post-49615","1":"product","2":"type-product","3":"status-publish","4":"has-post-thumbnail","6":"product_cat-naski-suniem","8":"first","9":"instock","10":"taxable","11":"shipping-taxable","12":"purchasable","13":"product-type-simple"},"yoast_head":"<!-- This site is optimized with the Yoast SEO plugin v27.2 - https:\/\/yoast.com\/product\/yoast-seo-wordpress\/ -->\n<title>C\u016bku ausu str\u0113mel\u012btes 500g - dab\u012bgs k\u0101rums su\u0146iem - MiuMjau<\/title>\n<meta name=\"description\" content=\"C\u016bkas ausis ir iecien\u012bts su\u0146u ko\u0161\u013c\u0101jamais na\u0161\u0137is, kas galvenok\u0101rt sast\u0101v no krauk\u0161\u0137\u012bgiem un gar\u0161\u012bgiem skrim\u0161\u013ciem. T\u0101s stiprina \u017eok\u013ca musku\u013cus un pal\u012bdz t\u012br\u012bt zobus.\" \/>\n<meta name=\"robots\" content=\"index, follow, max-snippet:-1, max-image-preview:large, max-video-preview:-1\" \/>\n<link rel=\"canonical\" href=\"https:\/\/miumjau.ee\/lv\/produkts\/cuku-ausu-stremelites-500g-dabigs-karums-suniem\/\" \/>\n<meta property=\"og:locale\" content=\"lv_LV\" \/>\n<meta property=\"og:type\" content=\"article\" \/>\n<meta property=\"og:title\" content=\"C\u016bku ausu str\u0113mel\u012btes 500g - dab\u012bgs k\u0101rums su\u0146iem - MiuMjau\" \/>\n<meta property=\"og:description\" content=\"C\u016bkas ausis ir iecien\u012bts su\u0146u ko\u0161\u013c\u0101jamais na\u0161\u0137is, kas galvenok\u0101rt sast\u0101v no krauk\u0161\u0137\u012bgiem un gar\u0161\u012bgiem skrim\u0161\u013ciem. T\u0101s stiprina \u017eok\u013ca musku\u013cus un pal\u012bdz t\u012br\u012bt zobus.\" \/>\n<meta property=\"og:url\" content=\"https:\/\/miumjau.ee\/lv\/produkts\/cuku-ausu-stremelites-500g-dabigs-karums-suniem\/\" \/>\n<meta property=\"og:site_name\" content=\"MiuMjau\" \/>\n<meta property=\"article:publisher\" content=\"https:\/\/www.facebook.com\/miumjaupood\/\" \/>\n<meta property=\"article:modified_time\" content=\"2026-01-07T19:16:09+00:00\" \/>\n<meta property=\"og:image\" content=\"https:\/\/miumjau.ee\/wp-content\/uploads\/2025\/05\/koera-maius-6.jpg\" \/>\n\t<meta property=\"og:image:width\" content=\"600\" \/>\n\t<meta property=\"og:image:height\" content=\"800\" \/>\n\t<meta property=\"og:image:type\" content=\"image\/jpeg\" \/>\n<meta name=\"twitter:card\" content=\"summary_large_image\" \/>\n<script type=\"application\/ld+json\" class=\"yoast-schema-graph\">{\"@context\":\"https:\/\/schema.org\",\"@graph\":[{\"@type\":\"WebPage\",\"@id\":\"https:\/\/miumjau.ee\/lv\/produkts\/cuku-ausu-stremelites-500g-dabigs-karums-suniem\/\",\"url\":\"https:\/\/miumjau.ee\/lv\/produkts\/cuku-ausu-stremelites-500g-dabigs-karums-suniem\/\",\"name\":\"C\u016bku ausu str\u0113mel\u012btes 500g - dab\u012bgs k\u0101rums su\u0146iem - MiuMjau\",\"isPartOf\":{\"@id\":\"https:\/\/miumjau.ee\/#website\"},\"primaryImageOfPage\":{\"@id\":\"https:\/\/miumjau.ee\/lv\/produkts\/cuku-ausu-stremelites-500g-dabigs-karums-suniem\/#primaryimage\"},\"image\":{\"@id\":\"https:\/\/miumjau.ee\/lv\/produkts\/cuku-ausu-stremelites-500g-dabigs-karums-suniem\/#primaryimage\"},\"thumbnailUrl\":\"https:\/\/miumjau.ee\/wp-content\/uploads\/2025\/05\/koera-maius-6.jpg\",\"datePublished\":\"2025-05-16T06:46:35+00:00\",\"dateModified\":\"2026-01-07T19:16:09+00:00\",\"description\":\"C\u016bkas ausis ir iecien\u012bts su\u0146u ko\u0161\u013c\u0101jamais na\u0161\u0137is, kas galvenok\u0101rt sast\u0101v no krauk\u0161\u0137\u012bgiem un gar\u0161\u012bgiem skrim\u0161\u013ciem. T\u0101s stiprina \u017eok\u013ca musku\u013cus un pal\u012bdz t\u012br\u012bt zobus.\",\"breadcrumb\":{\"@id\":\"https:\/\/miumjau.ee\/lv\/produkts\/cuku-ausu-stremelites-500g-dabigs-karums-suniem\/#breadcrumb\"},\"inLanguage\":\"lv-LV\",\"potentialAction\":[{\"@type\":\"ReadAction\",\"target\":[\"https:\/\/miumjau.ee\/lv\/produkts\/cuku-ausu-stremelites-500g-dabigs-karums-suniem\/\"]}]},{\"@type\":\"ImageObject\",\"inLanguage\":\"lv-LV\",\"@id\":\"https:\/\/miumjau.ee\/lv\/produkts\/cuku-ausu-stremelites-500g-dabigs-karums-suniem\/#primaryimage\",\"url\":\"https:\/\/miumjau.ee\/wp-content\/uploads\/2025\/05\/koera-maius-6.jpg\",\"contentUrl\":\"https:\/\/miumjau.ee\/wp-content\/uploads\/2025\/05\/koera-maius-6.jpg\",\"width\":600,\"height\":800,\"caption\":\"Sea k\u00f5rvade ribad 500g - naturaalne maius koertele\"},{\"@type\":\"BreadcrumbList\",\"@id\":\"https:\/\/miumjau.ee\/lv\/produkts\/cuku-ausu-stremelites-500g-dabigs-karums-suniem\/#breadcrumb\",\"itemListElement\":[{\"@type\":\"ListItem\",\"position\":1,\"name\":\"Home\",\"item\":\"https:\/\/miumjau.ee\/lv\/\"},{\"@type\":\"ListItem\",\"position\":2,\"name\":\"Veikals\",\"item\":\"https:\/\/miumjau.ee\/lv\/veikals\/\"},{\"@type\":\"ListItem\",\"position\":3,\"name\":\"C\u016bku ausu str\u0113mel\u012btes 500g &#8211; dab\u012bgs k\u0101rums su\u0146iem\"}]},{\"@type\":\"WebSite\",\"@id\":\"https:\/\/miumjau.ee\/#website\",\"url\":\"https:\/\/miumjau.ee\/\",\"name\":\"MiuMjau\",\"description\":\"Kraapimispuud kassidele\",\"publisher\":{\"@id\":\"https:\/\/miumjau.ee\/#organization\"},\"potentialAction\":[{\"@type\":\"SearchAction\",\"target\":{\"@type\":\"EntryPoint\",\"urlTemplate\":\"https:\/\/miumjau.ee\/?s={search_term_string}\"},\"query-input\":{\"@type\":\"PropertyValueSpecification\",\"valueRequired\":true,\"valueName\":\"search_term_string\"}}],\"inLanguage\":\"lv-LV\"},{\"@type\":\"Organization\",\"@id\":\"https:\/\/miumjau.ee\/#organization\",\"name\":\"MiuMjau O\u00dc\",\"url\":\"https:\/\/miumjau.ee\/\",\"logo\":{\"@type\":\"ImageObject\",\"inLanguage\":\"lv-LV\",\"@id\":\"https:\/\/miumjau.ee\/#\/schema\/logo\/image\/\",\"url\":\"https:\/\/miumjau.ee\/wp-content\/uploads\/2022\/04\/MiuMjau-logo-kollane.png\",\"contentUrl\":\"https:\/\/miumjau.ee\/wp-content\/uploads\/2022\/04\/MiuMjau-logo-kollane.png\",\"width\":219,\"height\":100,\"caption\":\"MiuMjau O\u00dc\"},\"image\":{\"@id\":\"https:\/\/miumjau.ee\/#\/schema\/logo\/image\/\"},\"sameAs\":[\"https:\/\/www.facebook.com\/miumjaupood\/\"]}]}<\/script>\n<!-- \/ Yoast SEO plugin. -->","yoast_head_json":{"title":"C\u016bku ausu str\u0113mel\u012btes 500g - dab\u012bgs k\u0101rums su\u0146iem - MiuMjau","description":"C\u016bkas ausis ir iecien\u012bts su\u0146u ko\u0161\u013c\u0101jamais na\u0161\u0137is, kas galvenok\u0101rt sast\u0101v no krauk\u0161\u0137\u012bgiem un gar\u0161\u012bgiem skrim\u0161\u013ciem. T\u0101s stiprina \u017eok\u013ca musku\u013cus un pal\u012bdz t\u012br\u012bt zobus.","robots":{"index":"index","follow":"follow","max-snippet":"max-snippet:-1","max-image-preview":"max-image-preview:large","max-video-preview":"max-video-preview:-1"},"canonical":"https:\/\/miumjau.ee\/lv\/produkts\/cuku-ausu-stremelites-500g-dabigs-karums-suniem\/","og_locale":"lv_LV","og_type":"article","og_title":"C\u016bku ausu str\u0113mel\u012btes 500g - dab\u012bgs k\u0101rums su\u0146iem - MiuMjau","og_description":"C\u016bkas ausis ir iecien\u012bts su\u0146u ko\u0161\u013c\u0101jamais na\u0161\u0137is, kas galvenok\u0101rt sast\u0101v no krauk\u0161\u0137\u012bgiem un gar\u0161\u012bgiem skrim\u0161\u013ciem. T\u0101s stiprina \u017eok\u013ca musku\u013cus un pal\u012bdz t\u012br\u012bt zobus.","og_url":"https:\/\/miumjau.ee\/lv\/produkts\/cuku-ausu-stremelites-500g-dabigs-karums-suniem\/","og_site_name":"MiuMjau","article_publisher":"https:\/\/www.facebook.com\/miumjaupood\/","article_modified_time":"2026-01-07T19:16:09+00:00","og_image":[{"width":600,"height":800,"url":"https:\/\/miumjau.ee\/wp-content\/uploads\/2025\/05\/koera-maius-6.jpg","type":"image\/jpeg"}],"twitter_card":"summary_large_image","schema":{"@context":"https:\/\/schema.org","@graph":[{"@type":"WebPage","@id":"https:\/\/miumjau.ee\/lv\/produkts\/cuku-ausu-stremelites-500g-dabigs-karums-suniem\/","url":"https:\/\/miumjau.ee\/lv\/produkts\/cuku-ausu-stremelites-500g-dabigs-karums-suniem\/","name":"C\u016bku ausu str\u0113mel\u012btes 500g - dab\u012bgs k\u0101rums su\u0146iem - MiuMjau","isPartOf":{"@id":"https:\/\/miumjau.ee\/#website"},"primaryImageOfPage":{"@id":"https:\/\/miumjau.ee\/lv\/produkts\/cuku-ausu-stremelites-500g-dabigs-karums-suniem\/#primaryimage"},"image":{"@id":"https:\/\/miumjau.ee\/lv\/produkts\/cuku-ausu-stremelites-500g-dabigs-karums-suniem\/#primaryimage"},"thumbnailUrl":"https:\/\/miumjau.ee\/wp-content\/uploads\/2025\/05\/koera-maius-6.jpg","datePublished":"2025-05-16T06:46:35+00:00","dateModified":"2026-01-07T19:16:09+00:00","description":"C\u016bkas ausis ir iecien\u012bts su\u0146u ko\u0161\u013c\u0101jamais na\u0161\u0137is, kas galvenok\u0101rt sast\u0101v no krauk\u0161\u0137\u012bgiem un gar\u0161\u012bgiem skrim\u0161\u013ciem. T\u0101s stiprina \u017eok\u013ca musku\u013cus un pal\u012bdz t\u012br\u012bt zobus.","breadcrumb":{"@id":"https:\/\/miumjau.ee\/lv\/produkts\/cuku-ausu-stremelites-500g-dabigs-karums-suniem\/#breadcrumb"},"inLanguage":"lv-LV","potentialAction":[{"@type":"ReadAction","target":["https:\/\/miumjau.ee\/lv\/produkts\/cuku-ausu-stremelites-500g-dabigs-karums-suniem\/"]}]},{"@type":"ImageObject","inLanguage":"lv-LV","@id":"https:\/\/miumjau.ee\/lv\/produkts\/cuku-ausu-stremelites-500g-dabigs-karums-suniem\/#primaryimage","url":"https:\/\/miumjau.ee\/wp-content\/uploads\/2025\/05\/koera-maius-6.jpg","contentUrl":"https:\/\/miumjau.ee\/wp-content\/uploads\/2025\/05\/koera-maius-6.jpg","width":600,"height":800,"caption":"Sea k\u00f5rvade ribad 500g - naturaalne maius koertele"},{"@type":"BreadcrumbList","@id":"https:\/\/miumjau.ee\/lv\/produkts\/cuku-ausu-stremelites-500g-dabigs-karums-suniem\/#breadcrumb","itemListElement":[{"@type":"ListItem","position":1,"name":"Home","item":"https:\/\/miumjau.ee\/lv\/"},{"@type":"ListItem","position":2,"name":"Veikals","item":"https:\/\/miumjau.ee\/lv\/veikals\/"},{"@type":"ListItem","position":3,"name":"C\u016bku ausu str\u0113mel\u012btes 500g &#8211; dab\u012bgs k\u0101rums su\u0146iem"}]},{"@type":"WebSite","@id":"https:\/\/miumjau.ee\/#website","url":"https:\/\/miumjau.ee\/","name":"MiuMjau","description":"Kraapimispuud kassidele","publisher":{"@id":"https:\/\/miumjau.ee\/#organization"},"potentialAction":[{"@type":"SearchAction","target":{"@type":"EntryPoint","urlTemplate":"https:\/\/miumjau.ee\/?s={search_term_string}"},"query-input":{"@type":"PropertyValueSpecification","valueRequired":true,"valueName":"search_term_string"}}],"inLanguage":"lv-LV"},{"@type":"Organization","@id":"https:\/\/miumjau.ee\/#organization","name":"MiuMjau O\u00dc","url":"https:\/\/miumjau.ee\/","logo":{"@type":"ImageObject","inLanguage":"lv-LV","@id":"https:\/\/miumjau.ee\/#\/schema\/logo\/image\/","url":"https:\/\/miumjau.ee\/wp-content\/uploads\/2022\/04\/MiuMjau-logo-kollane.png","contentUrl":"https:\/\/miumjau.ee\/wp-content\/uploads\/2022\/04\/MiuMjau-logo-kollane.png","width":219,"height":100,"caption":"MiuMjau O\u00dc"},"image":{"@id":"https:\/\/miumjau.ee\/#\/schema\/logo\/image\/"},"sameAs":["https:\/\/www.facebook.com\/miumjaupood\/"]}]}},"_links":{"self":[{"href":"https:\/\/miumjau.ee\/lv\/wp-json\/wp\/v2\/product\/49615","targetHints":{"allow":["GET"]}}],"collection":[{"href":"https:\/\/miumjau.ee\/lv\/wp-json\/wp\/v2\/product"}],"about":[{"href":"https:\/\/miumjau.ee\/lv\/wp-json\/wp\/v2\/types\/product"}],"wp:featuredmedia":[{"embeddable":true,"href":"https:\/\/miumjau.ee\/lv\/wp-json\/wp\/v2\/media\/49610"}],"wp:attachment":[{"href":"https:\/\/miumjau.ee\/lv\/wp-json\/wp\/v2\/media?parent=49615"}],"wp:term":[{"taxonomy":"product_brand","embeddable":true,"href":"https:\/\/miumjau.ee\/lv\/wp-json\/wp\/v2\/product_brand?post=49615"},{"taxonomy":"product_cat","embeddable":true,"href":"https:\/\/miumjau.ee\/lv\/wp-json\/wp\/v2\/product_cat?post=49615"},{"taxonomy":"product_tag","embeddable":true,"href":"https:\/\/miumjau.ee\/lv\/wp-json\/wp\/v2\/product_tag?post=49615"}],"curies":[{"name":"wp","href":"https:\/\/api.w.org\/{rel}","templated":true}]}}