{"id":49588,"date":"2025-02-03T09:53:37","date_gmt":"2025-02-03T07:53:37","guid":{"rendered":"https:\/\/miumjau.ee\/toode\/sienas-skrapejamais-panelis-petrebels-scratch-frame-7030-rusty-oak\/"},"modified":"2026-01-07T21:16:09","modified_gmt":"2026-01-07T19:16:09","slug":"sienas-skrapejamais-panelis-petrebels-scratch-frame-7030-rusty-oak","status":"publish","type":"product","link":"https:\/\/miumjau.ee\/lv\/produkts\/sienas-skrapejamais-panelis-petrebels-scratch-frame-7030-rusty-oak\/","title":{"rendered":"Sienas skr\u0101p\u0113jamais panelis Petrebels Scratch Frame 7030, rusty oak"},"content":{"rendered":"","protected":false},"excerpt":{"rendered":"<p data-start=\"102\" data-end=\"150\">Skr\u0101p\u0113jamais panelis, kas patie\u0161\u0101m kalpo ilgi!<\/p>\n<p data-start=\"152\" data-end=\"694\">Scratch Frame 7030 ir \u012bpa\u0161i jauks papildin\u0101jums jebkuram m\u016bsu <em data-start=\"214\" data-end=\"230\">Wall of Rebels<\/em> kolekcijas produktam. \u0160is skr\u0101p\u0113jamais panelis ir apr\u012bkots ar praktisku Z-veida stiprin\u0101jumu, kas \u013cauj viegli piestiprin\u0101t \u0161o grezno skr\u0101p\u0113\u0161anas d\u0113li pie sienas. Ide\u0101li piem\u0113rots skr\u0101p\u0113\u0161anai \u2013 tas ir \u012bpa\u0161i \u0113rti, jo nodro\u0161ina ka\u0137im daudz skr\u0101p\u0113\u0161anas iesp\u0113ju, vienlaikus neaiz\u0146emot daudz vietas. T\u0101pat k\u0101 visas m\u016bsu ka\u0137u m\u0113beles, ar\u012b \u0161is skr\u0101p\u0113jamais panelis ir augstas kvalit\u0101tes \u2013 izgatavots no \u012bpa\u0161i iztur\u012bga sizala pakl\u0101ja, bet malas veidotas no eikalipta koka.<\/p>\n<p data-start=\"696\" data-end=\"981\">Izm\u0113ri: garums 70 cm, platums 30 cm, augstums 2 cm<br data-start=\"746\" data-end=\"749\" \/>Produkta svars: 2 kg<br data-start=\"769\" data-end=\"772\" \/>Izgatavots no eikalipta koka<br data-start=\"800\" data-end=\"803\" \/>P\u0101rkl\u0101ts ar sizala pakl\u0101ju, kas piestiprin\u0101ts ar l\u012bplentes (Velcro) stiprin\u0101jumu (nomain\u0101ms)<br data-start=\"895\" data-end=\"898\" \/>Stiprin\u0101juma materi\u0101li iek\u013cauti komplekt\u0101 (Z-veida stiprin\u0101jums, skr\u016bves, d\u012bbe\u013ci)<\/p>\n","protected":false},"featured_media":49579,"template":"","meta":[],"product_brand":[],"product_cat":[593],"product_tag":[],"class_list":{"0":"post-49588","1":"product","2":"type-product","3":"status-publish","4":"has-post-thumbnail","6":"product_cat-kapelesanas-siena-kakiem","7":"product_shipping_class-pakiautomaati-sobimatu-lv","9":"first","10":"instock","11":"sale","12":"taxable","13":"shipping-taxable","14":"purchasable","15":"product-type-simple"},"yoast_head":"<!-- This site is optimized with the Yoast SEO plugin v27.2 - https:\/\/yoast.com\/product\/yoast-seo-wordpress\/ -->\n<title>Sienas skr\u0101p\u0113jamais panelis Petrebels Scratch Frame 7030, rusty oak - MiuMjau<\/title>\n<meta name=\"robots\" content=\"index, follow, max-snippet:-1, max-image-preview:large, max-video-preview:-1\" \/>\n<link rel=\"canonical\" href=\"https:\/\/miumjau.ee\/lv\/produkts\/sienas-skrapejamais-panelis-petrebels-scratch-frame-7030-rusty-oak\/\" \/>\n<meta property=\"og:locale\" content=\"lv_LV\" \/>\n<meta property=\"og:type\" content=\"article\" \/>\n<meta property=\"og:title\" content=\"Sienas skr\u0101p\u0113jamais panelis Petrebels Scratch Frame 7030, rusty oak - MiuMjau\" \/>\n<meta property=\"og:description\" content=\"Skr\u0101p\u0113jamais panelis, kas patie\u0161\u0101m kalpo ilgi! Scratch Frame 7030 ir \u012bpa\u0161i jauks papildin\u0101jums jebkuram m\u016bsu Wall of Rebels kolekcijas produktam. \u0160is skr\u0101p\u0113jamais panelis ir apr\u012bkots ar praktisku Z-veida stiprin\u0101jumu, kas \u013cauj viegli piestiprin\u0101t \u0161o grezno skr\u0101p\u0113\u0161anas d\u0113li pie sienas. Ide\u0101li piem\u0113rots skr\u0101p\u0113\u0161anai \u2013 tas ir \u012bpa\u0161i \u0113rti, jo nodro\u0161ina ka\u0137im daudz skr\u0101p\u0113\u0161anas iesp\u0113ju, vienlaikus neaiz\u0146emot daudz vietas. T\u0101pat k\u0101 visas m\u016bsu ka\u0137u m\u0113beles, ar\u012b \u0161is skr\u0101p\u0113jamais panelis ir augstas kvalit\u0101tes \u2013 izgatavots no \u012bpa\u0161i iztur\u012bga sizala pakl\u0101ja, bet malas veidotas no eikalipta koka. Izm\u0113ri: garums 70 cm, platums 30 cm, augstums 2 cmProdukta svars: 2 kgIzgatavots no eikalipta kokaP\u0101rkl\u0101ts ar sizala pakl\u0101ju, kas piestiprin\u0101ts ar l\u012bplentes (Velcro) stiprin\u0101jumu (nomain\u0101ms)Stiprin\u0101juma materi\u0101li iek\u013cauti komplekt\u0101 (Z-veida stiprin\u0101jums, skr\u016bves, d\u012bbe\u013ci)\" \/>\n<meta property=\"og:url\" content=\"https:\/\/miumjau.ee\/lv\/produkts\/sienas-skrapejamais-panelis-petrebels-scratch-frame-7030-rusty-oak\/\" \/>\n<meta property=\"og:site_name\" content=\"MiuMjau\" \/>\n<meta property=\"article:publisher\" content=\"https:\/\/www.facebook.com\/miumjaupood\/\" \/>\n<meta property=\"article:modified_time\" content=\"2026-01-07T19:16:09+00:00\" \/>\n<meta property=\"og:image\" content=\"https:\/\/miumjau.ee\/wp-content\/uploads\/2025\/02\/kaapimisplaat-petrebels-scratch-frame-70303.jpg\" \/>\n\t<meta property=\"og:image:width\" content=\"600\" \/>\n\t<meta property=\"og:image:height\" content=\"800\" \/>\n\t<meta property=\"og:image:type\" content=\"image\/jpeg\" \/>\n<meta name=\"twitter:card\" content=\"summary_large_image\" \/>\n<script type=\"application\/ld+json\" class=\"yoast-schema-graph\">{\"@context\":\"https:\/\/schema.org\",\"@graph\":[{\"@type\":\"WebPage\",\"@id\":\"https:\/\/miumjau.ee\/lv\/produkts\/sienas-skrapejamais-panelis-petrebels-scratch-frame-7030-rusty-oak\/\",\"url\":\"https:\/\/miumjau.ee\/lv\/produkts\/sienas-skrapejamais-panelis-petrebels-scratch-frame-7030-rusty-oak\/\",\"name\":\"Sienas skr\u0101p\u0113jamais panelis Petrebels Scratch Frame 7030, rusty oak - MiuMjau\",\"isPartOf\":{\"@id\":\"https:\/\/miumjau.ee\/#website\"},\"primaryImageOfPage\":{\"@id\":\"https:\/\/miumjau.ee\/lv\/produkts\/sienas-skrapejamais-panelis-petrebels-scratch-frame-7030-rusty-oak\/#primaryimage\"},\"image\":{\"@id\":\"https:\/\/miumjau.ee\/lv\/produkts\/sienas-skrapejamais-panelis-petrebels-scratch-frame-7030-rusty-oak\/#primaryimage\"},\"thumbnailUrl\":\"https:\/\/miumjau.ee\/wp-content\/uploads\/2025\/02\/kaapimisplaat-petrebels-scratch-frame-70303.jpg\",\"datePublished\":\"2025-02-03T07:53:37+00:00\",\"dateModified\":\"2026-01-07T19:16:09+00:00\",\"breadcrumb\":{\"@id\":\"https:\/\/miumjau.ee\/lv\/produkts\/sienas-skrapejamais-panelis-petrebels-scratch-frame-7030-rusty-oak\/#breadcrumb\"},\"inLanguage\":\"lv-LV\",\"potentialAction\":[{\"@type\":\"ReadAction\",\"target\":[\"https:\/\/miumjau.ee\/lv\/produkts\/sienas-skrapejamais-panelis-petrebels-scratch-frame-7030-rusty-oak\/\"]}]},{\"@type\":\"ImageObject\",\"inLanguage\":\"lv-LV\",\"@id\":\"https:\/\/miumjau.ee\/lv\/produkts\/sienas-skrapejamais-panelis-petrebels-scratch-frame-7030-rusty-oak\/#primaryimage\",\"url\":\"https:\/\/miumjau.ee\/wp-content\/uploads\/2025\/02\/kaapimisplaat-petrebels-scratch-frame-70303.jpg\",\"contentUrl\":\"https:\/\/miumjau.ee\/wp-content\/uploads\/2025\/02\/kaapimisplaat-petrebels-scratch-frame-70303.jpg\",\"width\":600,\"height\":800},{\"@type\":\"BreadcrumbList\",\"@id\":\"https:\/\/miumjau.ee\/lv\/produkts\/sienas-skrapejamais-panelis-petrebels-scratch-frame-7030-rusty-oak\/#breadcrumb\",\"itemListElement\":[{\"@type\":\"ListItem\",\"position\":1,\"name\":\"Home\",\"item\":\"https:\/\/miumjau.ee\/lv\/\"},{\"@type\":\"ListItem\",\"position\":2,\"name\":\"Veikals\",\"item\":\"https:\/\/miumjau.ee\/lv\/veikals\/\"},{\"@type\":\"ListItem\",\"position\":3,\"name\":\"Sienas skr\u0101p\u0113jamais panelis Petrebels Scratch Frame 7030, rusty oak\"}]},{\"@type\":\"WebSite\",\"@id\":\"https:\/\/miumjau.ee\/#website\",\"url\":\"https:\/\/miumjau.ee\/\",\"name\":\"MiuMjau\",\"description\":\"Kraapimispuud kassidele\",\"publisher\":{\"@id\":\"https:\/\/miumjau.ee\/#organization\"},\"potentialAction\":[{\"@type\":\"SearchAction\",\"target\":{\"@type\":\"EntryPoint\",\"urlTemplate\":\"https:\/\/miumjau.ee\/?s={search_term_string}\"},\"query-input\":{\"@type\":\"PropertyValueSpecification\",\"valueRequired\":true,\"valueName\":\"search_term_string\"}}],\"inLanguage\":\"lv-LV\"},{\"@type\":\"Organization\",\"@id\":\"https:\/\/miumjau.ee\/#organization\",\"name\":\"MiuMjau O\u00dc\",\"url\":\"https:\/\/miumjau.ee\/\",\"logo\":{\"@type\":\"ImageObject\",\"inLanguage\":\"lv-LV\",\"@id\":\"https:\/\/miumjau.ee\/#\/schema\/logo\/image\/\",\"url\":\"https:\/\/miumjau.ee\/wp-content\/uploads\/2022\/04\/MiuMjau-logo-kollane.png\",\"contentUrl\":\"https:\/\/miumjau.ee\/wp-content\/uploads\/2022\/04\/MiuMjau-logo-kollane.png\",\"width\":219,\"height\":100,\"caption\":\"MiuMjau O\u00dc\"},\"image\":{\"@id\":\"https:\/\/miumjau.ee\/#\/schema\/logo\/image\/\"},\"sameAs\":[\"https:\/\/www.facebook.com\/miumjaupood\/\"]}]}<\/script>\n<!-- \/ Yoast SEO plugin. -->","yoast_head_json":{"title":"Sienas skr\u0101p\u0113jamais panelis Petrebels Scratch Frame 7030, rusty oak - MiuMjau","robots":{"index":"index","follow":"follow","max-snippet":"max-snippet:-1","max-image-preview":"max-image-preview:large","max-video-preview":"max-video-preview:-1"},"canonical":"https:\/\/miumjau.ee\/lv\/produkts\/sienas-skrapejamais-panelis-petrebels-scratch-frame-7030-rusty-oak\/","og_locale":"lv_LV","og_type":"article","og_title":"Sienas skr\u0101p\u0113jamais panelis Petrebels Scratch Frame 7030, rusty oak - MiuMjau","og_description":"Skr\u0101p\u0113jamais panelis, kas patie\u0161\u0101m kalpo ilgi! Scratch Frame 7030 ir \u012bpa\u0161i jauks papildin\u0101jums jebkuram m\u016bsu Wall of Rebels kolekcijas produktam. \u0160is skr\u0101p\u0113jamais panelis ir apr\u012bkots ar praktisku Z-veida stiprin\u0101jumu, kas \u013cauj viegli piestiprin\u0101t \u0161o grezno skr\u0101p\u0113\u0161anas d\u0113li pie sienas. Ide\u0101li piem\u0113rots skr\u0101p\u0113\u0161anai \u2013 tas ir \u012bpa\u0161i \u0113rti, jo nodro\u0161ina ka\u0137im daudz skr\u0101p\u0113\u0161anas iesp\u0113ju, vienlaikus neaiz\u0146emot daudz vietas. T\u0101pat k\u0101 visas m\u016bsu ka\u0137u m\u0113beles, ar\u012b \u0161is skr\u0101p\u0113jamais panelis ir augstas kvalit\u0101tes \u2013 izgatavots no \u012bpa\u0161i iztur\u012bga sizala pakl\u0101ja, bet malas veidotas no eikalipta koka. Izm\u0113ri: garums 70 cm, platums 30 cm, augstums 2 cmProdukta svars: 2 kgIzgatavots no eikalipta kokaP\u0101rkl\u0101ts ar sizala pakl\u0101ju, kas piestiprin\u0101ts ar l\u012bplentes (Velcro) stiprin\u0101jumu (nomain\u0101ms)Stiprin\u0101juma materi\u0101li iek\u013cauti komplekt\u0101 (Z-veida stiprin\u0101jums, skr\u016bves, d\u012bbe\u013ci)","og_url":"https:\/\/miumjau.ee\/lv\/produkts\/sienas-skrapejamais-panelis-petrebels-scratch-frame-7030-rusty-oak\/","og_site_name":"MiuMjau","article_publisher":"https:\/\/www.facebook.com\/miumjaupood\/","article_modified_time":"2026-01-07T19:16:09+00:00","og_image":[{"width":600,"height":800,"url":"https:\/\/miumjau.ee\/wp-content\/uploads\/2025\/02\/kaapimisplaat-petrebels-scratch-frame-70303.jpg","type":"image\/jpeg"}],"twitter_card":"summary_large_image","schema":{"@context":"https:\/\/schema.org","@graph":[{"@type":"WebPage","@id":"https:\/\/miumjau.ee\/lv\/produkts\/sienas-skrapejamais-panelis-petrebels-scratch-frame-7030-rusty-oak\/","url":"https:\/\/miumjau.ee\/lv\/produkts\/sienas-skrapejamais-panelis-petrebels-scratch-frame-7030-rusty-oak\/","name":"Sienas skr\u0101p\u0113jamais panelis Petrebels Scratch Frame 7030, rusty oak - MiuMjau","isPartOf":{"@id":"https:\/\/miumjau.ee\/#website"},"primaryImageOfPage":{"@id":"https:\/\/miumjau.ee\/lv\/produkts\/sienas-skrapejamais-panelis-petrebels-scratch-frame-7030-rusty-oak\/#primaryimage"},"image":{"@id":"https:\/\/miumjau.ee\/lv\/produkts\/sienas-skrapejamais-panelis-petrebels-scratch-frame-7030-rusty-oak\/#primaryimage"},"thumbnailUrl":"https:\/\/miumjau.ee\/wp-content\/uploads\/2025\/02\/kaapimisplaat-petrebels-scratch-frame-70303.jpg","datePublished":"2025-02-03T07:53:37+00:00","dateModified":"2026-01-07T19:16:09+00:00","breadcrumb":{"@id":"https:\/\/miumjau.ee\/lv\/produkts\/sienas-skrapejamais-panelis-petrebels-scratch-frame-7030-rusty-oak\/#breadcrumb"},"inLanguage":"lv-LV","potentialAction":[{"@type":"ReadAction","target":["https:\/\/miumjau.ee\/lv\/produkts\/sienas-skrapejamais-panelis-petrebels-scratch-frame-7030-rusty-oak\/"]}]},{"@type":"ImageObject","inLanguage":"lv-LV","@id":"https:\/\/miumjau.ee\/lv\/produkts\/sienas-skrapejamais-panelis-petrebels-scratch-frame-7030-rusty-oak\/#primaryimage","url":"https:\/\/miumjau.ee\/wp-content\/uploads\/2025\/02\/kaapimisplaat-petrebels-scratch-frame-70303.jpg","contentUrl":"https:\/\/miumjau.ee\/wp-content\/uploads\/2025\/02\/kaapimisplaat-petrebels-scratch-frame-70303.jpg","width":600,"height":800},{"@type":"BreadcrumbList","@id":"https:\/\/miumjau.ee\/lv\/produkts\/sienas-skrapejamais-panelis-petrebels-scratch-frame-7030-rusty-oak\/#breadcrumb","itemListElement":[{"@type":"ListItem","position":1,"name":"Home","item":"https:\/\/miumjau.ee\/lv\/"},{"@type":"ListItem","position":2,"name":"Veikals","item":"https:\/\/miumjau.ee\/lv\/veikals\/"},{"@type":"ListItem","position":3,"name":"Sienas skr\u0101p\u0113jamais panelis Petrebels Scratch Frame 7030, rusty oak"}]},{"@type":"WebSite","@id":"https:\/\/miumjau.ee\/#website","url":"https:\/\/miumjau.ee\/","name":"MiuMjau","description":"Kraapimispuud kassidele","publisher":{"@id":"https:\/\/miumjau.ee\/#organization"},"potentialAction":[{"@type":"SearchAction","target":{"@type":"EntryPoint","urlTemplate":"https:\/\/miumjau.ee\/?s={search_term_string}"},"query-input":{"@type":"PropertyValueSpecification","valueRequired":true,"valueName":"search_term_string"}}],"inLanguage":"lv-LV"},{"@type":"Organization","@id":"https:\/\/miumjau.ee\/#organization","name":"MiuMjau O\u00dc","url":"https:\/\/miumjau.ee\/","logo":{"@type":"ImageObject","inLanguage":"lv-LV","@id":"https:\/\/miumjau.ee\/#\/schema\/logo\/image\/","url":"https:\/\/miumjau.ee\/wp-content\/uploads\/2022\/04\/MiuMjau-logo-kollane.png","contentUrl":"https:\/\/miumjau.ee\/wp-content\/uploads\/2022\/04\/MiuMjau-logo-kollane.png","width":219,"height":100,"caption":"MiuMjau O\u00dc"},"image":{"@id":"https:\/\/miumjau.ee\/#\/schema\/logo\/image\/"},"sameAs":["https:\/\/www.facebook.com\/miumjaupood\/"]}]}},"_links":{"self":[{"href":"https:\/\/miumjau.ee\/lv\/wp-json\/wp\/v2\/product\/49588","targetHints":{"allow":["GET"]}}],"collection":[{"href":"https:\/\/miumjau.ee\/lv\/wp-json\/wp\/v2\/product"}],"about":[{"href":"https:\/\/miumjau.ee\/lv\/wp-json\/wp\/v2\/types\/product"}],"wp:featuredmedia":[{"embeddable":true,"href":"https:\/\/miumjau.ee\/lv\/wp-json\/wp\/v2\/media\/49579"}],"wp:attachment":[{"href":"https:\/\/miumjau.ee\/lv\/wp-json\/wp\/v2\/media?parent=49588"}],"wp:term":[{"taxonomy":"product_brand","embeddable":true,"href":"https:\/\/miumjau.ee\/lv\/wp-json\/wp\/v2\/product_brand?post=49588"},{"taxonomy":"product_cat","embeddable":true,"href":"https:\/\/miumjau.ee\/lv\/wp-json\/wp\/v2\/product_cat?post=49588"},{"taxonomy":"product_tag","embeddable":true,"href":"https:\/\/miumjau.ee\/lv\/wp-json\/wp\/v2\/product_tag?post=49588"}],"curies":[{"name":"wp","href":"https:\/\/api.w.org\/{rel}","templated":true}]}}