{"id":49562,"date":"2025-02-03T09:34:29","date_gmt":"2025-02-03T07:34:29","guid":{"rendered":"https:\/\/miumjau.ee\/toode\/kapsanas-un-skrapesanas-koks-petrebels-virgo-173-vecpeleks\/"},"modified":"2026-01-07T21:16:09","modified_gmt":"2026-01-07T19:16:09","slug":"kapsanas-un-skrapesanas-koks-petrebels-virgo-173-vecpeleks","status":"publish","type":"product","link":"https:\/\/miumjau.ee\/lv\/produkts\/kapsanas-un-skrapesanas-koks-petrebels-virgo-173-vecpeleks\/","title":{"rendered":"K\u0101p\u0161anas un skr\u0101p\u0113\u0161anas koks Petrebels Virgo 173, vecpel\u0113ks"},"content":{"rendered":"","protected":false},"excerpt":{"rendered":"<p data-start=\"105\" data-end=\"136\">Moderns, elegants un iztur\u012bgs<\/p>\n<p data-start=\"138\" data-end=\"703\">Virgo 173 ir patiesi moderns skr\u0101p\u0113jamais koks, kas lieliski izskat\u0101s j\u016bsu viesistab\u0101. Tas ir augsts un \u012bsts uzman\u012bbas piesaist\u012bt\u0101js j\u016bsu m\u0101j\u0101s \u2013 skaists, ar greznu apdari un, pateicoties saska\u0146otaj\u0101m kr\u0101s\u0101m, iederas jebkur\u0101 interjer\u0101. Ta\u010du pats svar\u012bg\u0101kais \u2013 \u0161is skr\u0101p\u0113jamais koks ir \u012bsts gardums j\u016bsu ka\u0137im. Taj\u0101 ir viss, kas ka\u0137im nepiecie\u0161ams: \u012bpa\u0161i liels gu\u013camgrozs aug\u0161\u0101, divi m\u012bksti, mazg\u0101jami \u0161\u016bpu\u013ct\u012bkli atp\u016btai un jauka, pla\u0161a ka\u0137u m\u0101ji\u0146a. Viss ir p\u0101rkl\u0101ts ar m\u012bkstu pl\u012b\u0161u un apr\u012bkots ar biezu sizala virvi skr\u0101p\u0113\u0161anai. Ide\u0101ls skr\u0101p\u0113jamais koks j\u016bsu ka\u0137im!<\/p>\n<p data-start=\"705\" data-end=\"867\">2\u00d7 mazg\u0101jami \u0161\u016bpu\u013ct\u012bkli<br data-start=\"728\" data-end=\"731\" \/>Sizala pakl\u0101js tiek piestiprin\u0101ts ar komplekt\u0101 iek\u013cauto l\u012bplentes (Velcro) stiprin\u0101jumu<br data-start=\"818\" data-end=\"821\" \/>Grezns gu\u013camais d\u012bv\u0101ns ar mazg\u0101jamu spilvenu<\/p>\n<p data-start=\"869\" data-end=\"1031\">Produkta svars: 42 kg (tiek pieg\u0101d\u0101ts 4 atsevi\u0161\u0137\u0101s kast\u0113s)<br data-start=\"927\" data-end=\"930\" \/>Stabu diametrs \u2013 pat 15 cm<br data-start=\"956\" data-end=\"959\" \/>\u0160\u016bpu\u013ct\u012bkla nestsp\u0113ja l\u012bdz 25 kg<br data-start=\"990\" data-end=\"993\" \/>Augstums 173 cm (skat\u012bt izm\u0113ru foto)<\/p>\n","protected":false},"featured_media":49567,"template":"","meta":[],"product_brand":[],"product_cat":[583],"product_tag":[],"class_list":{"0":"post-49562","1":"product","2":"type-product","3":"status-publish","4":"has-post-thumbnail","6":"product_cat-petrebels-produkti-smagiem-kakiem","7":"product_shipping_class-pakiautomaati-sobimatu-lv","9":"first","10":"outofstock","11":"sale","12":"taxable","13":"shipping-taxable","14":"purchasable","15":"product-type-simple"},"yoast_head":"<!-- This site is optimized with the Yoast SEO plugin v27.2 - https:\/\/yoast.com\/product\/yoast-seo-wordpress\/ -->\n<title>K\u0101p\u0161anas un skr\u0101p\u0113\u0161anas koks Petrebels Virgo 173, vecpel\u0113ks - MiuMjau<\/title>\n<meta name=\"robots\" content=\"index, follow, max-snippet:-1, max-image-preview:large, max-video-preview:-1\" \/>\n<link rel=\"canonical\" href=\"https:\/\/miumjau.ee\/lv\/produkts\/kapsanas-un-skrapesanas-koks-petrebels-virgo-173-vecpeleks\/\" \/>\n<meta property=\"og:locale\" content=\"lv_LV\" \/>\n<meta property=\"og:type\" content=\"article\" \/>\n<meta property=\"og:title\" content=\"K\u0101p\u0161anas un skr\u0101p\u0113\u0161anas koks Petrebels Virgo 173, vecpel\u0113ks - MiuMjau\" \/>\n<meta property=\"og:description\" content=\"Moderns, elegants un iztur\u012bgs Virgo 173 ir patiesi moderns skr\u0101p\u0113jamais koks, kas lieliski izskat\u0101s j\u016bsu viesistab\u0101. Tas ir augsts un \u012bsts uzman\u012bbas piesaist\u012bt\u0101js j\u016bsu m\u0101j\u0101s \u2013 skaists, ar greznu apdari un, pateicoties saska\u0146otaj\u0101m kr\u0101s\u0101m, iederas jebkur\u0101 interjer\u0101. Ta\u010du pats svar\u012bg\u0101kais \u2013 \u0161is skr\u0101p\u0113jamais koks ir \u012bsts gardums j\u016bsu ka\u0137im. Taj\u0101 ir viss, kas ka\u0137im nepiecie\u0161ams: \u012bpa\u0161i liels gu\u013camgrozs aug\u0161\u0101, divi m\u012bksti, mazg\u0101jami \u0161\u016bpu\u013ct\u012bkli atp\u016btai un jauka, pla\u0161a ka\u0137u m\u0101ji\u0146a. Viss ir p\u0101rkl\u0101ts ar m\u012bkstu pl\u012b\u0161u un apr\u012bkots ar biezu sizala virvi skr\u0101p\u0113\u0161anai. Ide\u0101ls skr\u0101p\u0113jamais koks j\u016bsu ka\u0137im! 2\u00d7 mazg\u0101jami \u0161\u016bpu\u013ct\u012bkliSizala pakl\u0101js tiek piestiprin\u0101ts ar komplekt\u0101 iek\u013cauto l\u012bplentes (Velcro) stiprin\u0101jumuGrezns gu\u013camais d\u012bv\u0101ns ar mazg\u0101jamu spilvenu Produkta svars: 42 kg (tiek pieg\u0101d\u0101ts 4 atsevi\u0161\u0137\u0101s kast\u0113s)Stabu diametrs \u2013 pat 15 cm\u0160\u016bpu\u013ct\u012bkla nestsp\u0113ja l\u012bdz 25 kgAugstums 173 cm (skat\u012bt izm\u0113ru foto)\" \/>\n<meta property=\"og:url\" content=\"https:\/\/miumjau.ee\/lv\/produkts\/kapsanas-un-skrapesanas-koks-petrebels-virgo-173-vecpeleks\/\" \/>\n<meta property=\"og:site_name\" content=\"MiuMjau\" \/>\n<meta property=\"article:publisher\" content=\"https:\/\/www.facebook.com\/miumjaupood\/\" \/>\n<meta property=\"article:modified_time\" content=\"2026-01-07T19:16:09+00:00\" \/>\n<meta property=\"og:image\" content=\"https:\/\/miumjau.ee\/wp-content\/uploads\/2025\/02\/ronimispuu-virgo173-oldgrey4.jpg\" \/>\n\t<meta property=\"og:image:width\" content=\"600\" \/>\n\t<meta property=\"og:image:height\" content=\"800\" \/>\n\t<meta property=\"og:image:type\" content=\"image\/jpeg\" \/>\n<meta name=\"twitter:card\" content=\"summary_large_image\" \/>\n<script type=\"application\/ld+json\" class=\"yoast-schema-graph\">{\"@context\":\"https:\/\/schema.org\",\"@graph\":[{\"@type\":\"WebPage\",\"@id\":\"https:\/\/miumjau.ee\/lv\/produkts\/kapsanas-un-skrapesanas-koks-petrebels-virgo-173-vecpeleks\/\",\"url\":\"https:\/\/miumjau.ee\/lv\/produkts\/kapsanas-un-skrapesanas-koks-petrebels-virgo-173-vecpeleks\/\",\"name\":\"K\u0101p\u0161anas un skr\u0101p\u0113\u0161anas koks Petrebels Virgo 173, vecpel\u0113ks - MiuMjau\",\"isPartOf\":{\"@id\":\"https:\/\/miumjau.ee\/#website\"},\"primaryImageOfPage\":{\"@id\":\"https:\/\/miumjau.ee\/lv\/produkts\/kapsanas-un-skrapesanas-koks-petrebels-virgo-173-vecpeleks\/#primaryimage\"},\"image\":{\"@id\":\"https:\/\/miumjau.ee\/lv\/produkts\/kapsanas-un-skrapesanas-koks-petrebels-virgo-173-vecpeleks\/#primaryimage\"},\"thumbnailUrl\":\"https:\/\/miumjau.ee\/wp-content\/uploads\/2025\/02\/ronimispuu-virgo173-oldgrey4.jpg\",\"datePublished\":\"2025-02-03T07:34:29+00:00\",\"dateModified\":\"2026-01-07T19:16:09+00:00\",\"breadcrumb\":{\"@id\":\"https:\/\/miumjau.ee\/lv\/produkts\/kapsanas-un-skrapesanas-koks-petrebels-virgo-173-vecpeleks\/#breadcrumb\"},\"inLanguage\":\"lv-LV\",\"potentialAction\":[{\"@type\":\"ReadAction\",\"target\":[\"https:\/\/miumjau.ee\/lv\/produkts\/kapsanas-un-skrapesanas-koks-petrebels-virgo-173-vecpeleks\/\"]}]},{\"@type\":\"ImageObject\",\"inLanguage\":\"lv-LV\",\"@id\":\"https:\/\/miumjau.ee\/lv\/produkts\/kapsanas-un-skrapesanas-koks-petrebels-virgo-173-vecpeleks\/#primaryimage\",\"url\":\"https:\/\/miumjau.ee\/wp-content\/uploads\/2025\/02\/ronimispuu-virgo173-oldgrey4.jpg\",\"contentUrl\":\"https:\/\/miumjau.ee\/wp-content\/uploads\/2025\/02\/ronimispuu-virgo173-oldgrey4.jpg\",\"width\":600,\"height\":800},{\"@type\":\"BreadcrumbList\",\"@id\":\"https:\/\/miumjau.ee\/lv\/produkts\/kapsanas-un-skrapesanas-koks-petrebels-virgo-173-vecpeleks\/#breadcrumb\",\"itemListElement\":[{\"@type\":\"ListItem\",\"position\":1,\"name\":\"Home\",\"item\":\"https:\/\/miumjau.ee\/lv\/\"},{\"@type\":\"ListItem\",\"position\":2,\"name\":\"Veikals\",\"item\":\"https:\/\/miumjau.ee\/lv\/veikals\/\"},{\"@type\":\"ListItem\",\"position\":3,\"name\":\"K\u0101p\u0161anas un skr\u0101p\u0113\u0161anas koks Petrebels Virgo 173, vecpel\u0113ks\"}]},{\"@type\":\"WebSite\",\"@id\":\"https:\/\/miumjau.ee\/#website\",\"url\":\"https:\/\/miumjau.ee\/\",\"name\":\"MiuMjau\",\"description\":\"Kraapimispuud kassidele\",\"publisher\":{\"@id\":\"https:\/\/miumjau.ee\/#organization\"},\"potentialAction\":[{\"@type\":\"SearchAction\",\"target\":{\"@type\":\"EntryPoint\",\"urlTemplate\":\"https:\/\/miumjau.ee\/?s={search_term_string}\"},\"query-input\":{\"@type\":\"PropertyValueSpecification\",\"valueRequired\":true,\"valueName\":\"search_term_string\"}}],\"inLanguage\":\"lv-LV\"},{\"@type\":\"Organization\",\"@id\":\"https:\/\/miumjau.ee\/#organization\",\"name\":\"MiuMjau O\u00dc\",\"url\":\"https:\/\/miumjau.ee\/\",\"logo\":{\"@type\":\"ImageObject\",\"inLanguage\":\"lv-LV\",\"@id\":\"https:\/\/miumjau.ee\/#\/schema\/logo\/image\/\",\"url\":\"https:\/\/miumjau.ee\/wp-content\/uploads\/2022\/04\/MiuMjau-logo-kollane.png\",\"contentUrl\":\"https:\/\/miumjau.ee\/wp-content\/uploads\/2022\/04\/MiuMjau-logo-kollane.png\",\"width\":219,\"height\":100,\"caption\":\"MiuMjau O\u00dc\"},\"image\":{\"@id\":\"https:\/\/miumjau.ee\/#\/schema\/logo\/image\/\"},\"sameAs\":[\"https:\/\/www.facebook.com\/miumjaupood\/\"]}]}<\/script>\n<!-- \/ Yoast SEO plugin. -->","yoast_head_json":{"title":"K\u0101p\u0161anas un skr\u0101p\u0113\u0161anas koks Petrebels Virgo 173, vecpel\u0113ks - MiuMjau","robots":{"index":"index","follow":"follow","max-snippet":"max-snippet:-1","max-image-preview":"max-image-preview:large","max-video-preview":"max-video-preview:-1"},"canonical":"https:\/\/miumjau.ee\/lv\/produkts\/kapsanas-un-skrapesanas-koks-petrebels-virgo-173-vecpeleks\/","og_locale":"lv_LV","og_type":"article","og_title":"K\u0101p\u0161anas un skr\u0101p\u0113\u0161anas koks Petrebels Virgo 173, vecpel\u0113ks - MiuMjau","og_description":"Moderns, elegants un iztur\u012bgs Virgo 173 ir patiesi moderns skr\u0101p\u0113jamais koks, kas lieliski izskat\u0101s j\u016bsu viesistab\u0101. Tas ir augsts un \u012bsts uzman\u012bbas piesaist\u012bt\u0101js j\u016bsu m\u0101j\u0101s \u2013 skaists, ar greznu apdari un, pateicoties saska\u0146otaj\u0101m kr\u0101s\u0101m, iederas jebkur\u0101 interjer\u0101. Ta\u010du pats svar\u012bg\u0101kais \u2013 \u0161is skr\u0101p\u0113jamais koks ir \u012bsts gardums j\u016bsu ka\u0137im. Taj\u0101 ir viss, kas ka\u0137im nepiecie\u0161ams: \u012bpa\u0161i liels gu\u013camgrozs aug\u0161\u0101, divi m\u012bksti, mazg\u0101jami \u0161\u016bpu\u013ct\u012bkli atp\u016btai un jauka, pla\u0161a ka\u0137u m\u0101ji\u0146a. Viss ir p\u0101rkl\u0101ts ar m\u012bkstu pl\u012b\u0161u un apr\u012bkots ar biezu sizala virvi skr\u0101p\u0113\u0161anai. Ide\u0101ls skr\u0101p\u0113jamais koks j\u016bsu ka\u0137im! 2\u00d7 mazg\u0101jami \u0161\u016bpu\u013ct\u012bkliSizala pakl\u0101js tiek piestiprin\u0101ts ar komplekt\u0101 iek\u013cauto l\u012bplentes (Velcro) stiprin\u0101jumuGrezns gu\u013camais d\u012bv\u0101ns ar mazg\u0101jamu spilvenu Produkta svars: 42 kg (tiek pieg\u0101d\u0101ts 4 atsevi\u0161\u0137\u0101s kast\u0113s)Stabu diametrs \u2013 pat 15 cm\u0160\u016bpu\u013ct\u012bkla nestsp\u0113ja l\u012bdz 25 kgAugstums 173 cm (skat\u012bt izm\u0113ru foto)","og_url":"https:\/\/miumjau.ee\/lv\/produkts\/kapsanas-un-skrapesanas-koks-petrebels-virgo-173-vecpeleks\/","og_site_name":"MiuMjau","article_publisher":"https:\/\/www.facebook.com\/miumjaupood\/","article_modified_time":"2026-01-07T19:16:09+00:00","og_image":[{"width":600,"height":800,"url":"https:\/\/miumjau.ee\/wp-content\/uploads\/2025\/02\/ronimispuu-virgo173-oldgrey4.jpg","type":"image\/jpeg"}],"twitter_card":"summary_large_image","schema":{"@context":"https:\/\/schema.org","@graph":[{"@type":"WebPage","@id":"https:\/\/miumjau.ee\/lv\/produkts\/kapsanas-un-skrapesanas-koks-petrebels-virgo-173-vecpeleks\/","url":"https:\/\/miumjau.ee\/lv\/produkts\/kapsanas-un-skrapesanas-koks-petrebels-virgo-173-vecpeleks\/","name":"K\u0101p\u0161anas un skr\u0101p\u0113\u0161anas koks Petrebels Virgo 173, vecpel\u0113ks - MiuMjau","isPartOf":{"@id":"https:\/\/miumjau.ee\/#website"},"primaryImageOfPage":{"@id":"https:\/\/miumjau.ee\/lv\/produkts\/kapsanas-un-skrapesanas-koks-petrebels-virgo-173-vecpeleks\/#primaryimage"},"image":{"@id":"https:\/\/miumjau.ee\/lv\/produkts\/kapsanas-un-skrapesanas-koks-petrebels-virgo-173-vecpeleks\/#primaryimage"},"thumbnailUrl":"https:\/\/miumjau.ee\/wp-content\/uploads\/2025\/02\/ronimispuu-virgo173-oldgrey4.jpg","datePublished":"2025-02-03T07:34:29+00:00","dateModified":"2026-01-07T19:16:09+00:00","breadcrumb":{"@id":"https:\/\/miumjau.ee\/lv\/produkts\/kapsanas-un-skrapesanas-koks-petrebels-virgo-173-vecpeleks\/#breadcrumb"},"inLanguage":"lv-LV","potentialAction":[{"@type":"ReadAction","target":["https:\/\/miumjau.ee\/lv\/produkts\/kapsanas-un-skrapesanas-koks-petrebels-virgo-173-vecpeleks\/"]}]},{"@type":"ImageObject","inLanguage":"lv-LV","@id":"https:\/\/miumjau.ee\/lv\/produkts\/kapsanas-un-skrapesanas-koks-petrebels-virgo-173-vecpeleks\/#primaryimage","url":"https:\/\/miumjau.ee\/wp-content\/uploads\/2025\/02\/ronimispuu-virgo173-oldgrey4.jpg","contentUrl":"https:\/\/miumjau.ee\/wp-content\/uploads\/2025\/02\/ronimispuu-virgo173-oldgrey4.jpg","width":600,"height":800},{"@type":"BreadcrumbList","@id":"https:\/\/miumjau.ee\/lv\/produkts\/kapsanas-un-skrapesanas-koks-petrebels-virgo-173-vecpeleks\/#breadcrumb","itemListElement":[{"@type":"ListItem","position":1,"name":"Home","item":"https:\/\/miumjau.ee\/lv\/"},{"@type":"ListItem","position":2,"name":"Veikals","item":"https:\/\/miumjau.ee\/lv\/veikals\/"},{"@type":"ListItem","position":3,"name":"K\u0101p\u0161anas un skr\u0101p\u0113\u0161anas koks Petrebels Virgo 173, vecpel\u0113ks"}]},{"@type":"WebSite","@id":"https:\/\/miumjau.ee\/#website","url":"https:\/\/miumjau.ee\/","name":"MiuMjau","description":"Kraapimispuud kassidele","publisher":{"@id":"https:\/\/miumjau.ee\/#organization"},"potentialAction":[{"@type":"SearchAction","target":{"@type":"EntryPoint","urlTemplate":"https:\/\/miumjau.ee\/?s={search_term_string}"},"query-input":{"@type":"PropertyValueSpecification","valueRequired":true,"valueName":"search_term_string"}}],"inLanguage":"lv-LV"},{"@type":"Organization","@id":"https:\/\/miumjau.ee\/#organization","name":"MiuMjau O\u00dc","url":"https:\/\/miumjau.ee\/","logo":{"@type":"ImageObject","inLanguage":"lv-LV","@id":"https:\/\/miumjau.ee\/#\/schema\/logo\/image\/","url":"https:\/\/miumjau.ee\/wp-content\/uploads\/2022\/04\/MiuMjau-logo-kollane.png","contentUrl":"https:\/\/miumjau.ee\/wp-content\/uploads\/2022\/04\/MiuMjau-logo-kollane.png","width":219,"height":100,"caption":"MiuMjau O\u00dc"},"image":{"@id":"https:\/\/miumjau.ee\/#\/schema\/logo\/image\/"},"sameAs":["https:\/\/www.facebook.com\/miumjaupood\/"]}]}},"_links":{"self":[{"href":"https:\/\/miumjau.ee\/lv\/wp-json\/wp\/v2\/product\/49562","targetHints":{"allow":["GET"]}}],"collection":[{"href":"https:\/\/miumjau.ee\/lv\/wp-json\/wp\/v2\/product"}],"about":[{"href":"https:\/\/miumjau.ee\/lv\/wp-json\/wp\/v2\/types\/product"}],"wp:featuredmedia":[{"embeddable":true,"href":"https:\/\/miumjau.ee\/lv\/wp-json\/wp\/v2\/media\/49567"}],"wp:attachment":[{"href":"https:\/\/miumjau.ee\/lv\/wp-json\/wp\/v2\/media?parent=49562"}],"wp:term":[{"taxonomy":"product_brand","embeddable":true,"href":"https:\/\/miumjau.ee\/lv\/wp-json\/wp\/v2\/product_brand?post=49562"},{"taxonomy":"product_cat","embeddable":true,"href":"https:\/\/miumjau.ee\/lv\/wp-json\/wp\/v2\/product_cat?post=49562"},{"taxonomy":"product_tag","embeddable":true,"href":"https:\/\/miumjau.ee\/lv\/wp-json\/wp\/v2\/product_tag?post=49562"}],"curies":[{"name":"wp","href":"https:\/\/api.w.org\/{rel}","templated":true}]}}