{"id":49554,"date":"2024-12-20T14:43:01","date_gmt":"2024-12-20T12:43:01","guid":{"rendered":"https:\/\/miumjau.ee\/toode\/supultikls-petrebels-sleeper-l-40-cm-kapucino\/"},"modified":"2026-01-07T21:16:09","modified_gmt":"2026-01-07T19:16:09","slug":"supultikls-petrebels-sleeper-l-40-cm-kapucino","status":"publish","type":"product","link":"https:\/\/miumjau.ee\/lv\/produkts\/supultikls-petrebels-sleeper-l-40-cm-kapucino\/","title":{"rendered":"\u0160\u016bpu\u013ct\u012bkls Petrebels Sleeper L 40 cm, kapu\u010d\u012bno"},"content":{"rendered":"","protected":false},"excerpt":{"rendered":"<p data-start=\"81\" data-end=\"571\">\u0160is lielais Sleeper ZIP \u0161\u016bpu\u013ct\u012bkls ir izgatavots no \u012bpa\u0161i m\u012bksta un augstas kvalit\u0101tes pl\u012b\u0161a un tam ir perfekti apa\u013ca forma. Ide\u0101la vieta ka\u0137iem atp\u016btai! Past\u0101v liela iesp\u0113ja, ka j\u016bsu m\u012blulis katru dienu atrad\u012bs tur vietu pusdienlaika snaudai vai dzi\u013cam miegam. Un var gad\u012bties, ka p\u0113c k\u0101da laika jums b\u016bs nepiecie\u0161ams jauns \u0161\u016bpu\u013ct\u012bkls, lai gan skr\u0101p\u0113jamais koks joproj\u0101m ir lielisk\u0101 st\u0101vokl\u012b. T\u0101p\u0113c m\u0113s vienm\u0113r p\u0101rdodam katru deta\u013cu atsevi\u0161\u0137i \u2013 tas ir izdev\u012bgi gan j\u016bsu maci\u0146am, gan videi.<\/p>\n<p data-start=\"573\" data-end=\"883\">Izm\u0113ri \u2013 \u00f8 40 cm<br data-start=\"589\" data-end=\"592\" \/>Piem\u0113rots sizala stabiem \u00f8 9 cm un \u00f8 12 cm<br data-start=\"634\" data-end=\"637\" \/>Ar r\u0101v\u0113jsl\u0113dz\u0113ju, mazg\u0101jams ve\u013casma\u0161\u012bn\u0101 30 gr\u0101dos<br data-start=\"686\" data-end=\"689\" \/>Piem\u0113rots jebkuram ka\u0137im ar svaru l\u012bdz 15 kg<br data-start=\"733\" data-end=\"736\" \/>Padoms: \u0146emiet v\u0113r\u0101, ka \u0161\u016bpu\u013ct\u012bkla met\u0101la r\u0101mja biezuma d\u0113\u013c skr\u0101p\u0113jamais koks var nest\u0101v\u0113t piln\u012bgi taisni, ja tas tiek pievienots k\u0101 papildin\u0101jums.<\/p>\n","protected":false},"featured_media":49555,"template":"","meta":[],"product_brand":[],"product_cat":[591],"product_tag":[],"class_list":{"0":"post-49554","1":"product","2":"type-product","3":"status-publish","4":"has-post-thumbnail","6":"product_cat-rezerves-dalas","7":"product_shipping_class-pakiautomaati-sobimatu-lv","9":"first","10":"instock","11":"taxable","12":"shipping-taxable","13":"purchasable","14":"product-type-simple"},"yoast_head":"<!-- This site is optimized with the Yoast SEO plugin v27.4 - https:\/\/yoast.com\/product\/yoast-seo-wordpress\/ -->\n<title>\u0160\u016bpu\u013ct\u012bkls Petrebels Sleeper L 40 cm, kapu\u010d\u012bno - MiuMjau<\/title>\n<meta name=\"robots\" content=\"index, follow, max-snippet:-1, max-image-preview:large, max-video-preview:-1\" \/>\n<link rel=\"canonical\" href=\"https:\/\/miumjau.ee\/lv\/produkts\/supultikls-petrebels-sleeper-l-40-cm-kapucino\/\" \/>\n<meta property=\"og:locale\" content=\"lv_LV\" \/>\n<meta property=\"og:type\" content=\"article\" \/>\n<meta property=\"og:title\" content=\"\u0160\u016bpu\u013ct\u012bkls Petrebels Sleeper L 40 cm, kapu\u010d\u012bno - MiuMjau\" \/>\n<meta property=\"og:description\" content=\"\u0160is lielais Sleeper ZIP \u0161\u016bpu\u013ct\u012bkls ir izgatavots no \u012bpa\u0161i m\u012bksta un augstas kvalit\u0101tes pl\u012b\u0161a un tam ir perfekti apa\u013ca forma. Ide\u0101la vieta ka\u0137iem atp\u016btai! Past\u0101v liela iesp\u0113ja, ka j\u016bsu m\u012blulis katru dienu atrad\u012bs tur vietu pusdienlaika snaudai vai dzi\u013cam miegam. Un var gad\u012bties, ka p\u0113c k\u0101da laika jums b\u016bs nepiecie\u0161ams jauns \u0161\u016bpu\u013ct\u012bkls, lai gan skr\u0101p\u0113jamais koks joproj\u0101m ir lielisk\u0101 st\u0101vokl\u012b. T\u0101p\u0113c m\u0113s vienm\u0113r p\u0101rdodam katru deta\u013cu atsevi\u0161\u0137i \u2013 tas ir izdev\u012bgi gan j\u016bsu maci\u0146am, gan videi. Izm\u0113ri \u2013 \u00f8 40 cmPiem\u0113rots sizala stabiem \u00f8 9 cm un \u00f8 12 cmAr r\u0101v\u0113jsl\u0113dz\u0113ju, mazg\u0101jams ve\u013casma\u0161\u012bn\u0101 30 gr\u0101dosPiem\u0113rots jebkuram ka\u0137im ar svaru l\u012bdz 15 kgPadoms: \u0146emiet v\u0113r\u0101, ka \u0161\u016bpu\u013ct\u012bkla met\u0101la r\u0101mja biezuma d\u0113\u013c skr\u0101p\u0113jamais koks var nest\u0101v\u0113t piln\u012bgi taisni, ja tas tiek pievienots k\u0101 papildin\u0101jums.\" \/>\n<meta property=\"og:url\" content=\"https:\/\/miumjau.ee\/lv\/produkts\/supultikls-petrebels-sleeper-l-40-cm-kapucino\/\" \/>\n<meta property=\"og:site_name\" content=\"MiuMjau\" \/>\n<meta property=\"article:publisher\" content=\"https:\/\/www.facebook.com\/miumjaupood\/\" \/>\n<meta property=\"article:modified_time\" content=\"2026-01-07T19:16:09+00:00\" \/>\n<meta property=\"og:image\" content=\"https:\/\/miumjau.ee\/wp-content\/uploads\/2024\/12\/rippkiik-petrebels-zip-L9.jpg\" \/>\n\t<meta property=\"og:image:width\" content=\"600\" \/>\n\t<meta property=\"og:image:height\" content=\"800\" \/>\n\t<meta property=\"og:image:type\" content=\"image\/jpeg\" \/>\n<meta name=\"twitter:card\" content=\"summary_large_image\" \/>\n<script type=\"application\/ld+json\" class=\"yoast-schema-graph\">{\"@context\":\"https:\\\/\\\/schema.org\",\"@graph\":[{\"@type\":\"WebPage\",\"@id\":\"https:\\\/\\\/miumjau.ee\\\/lv\\\/produkts\\\/supultikls-petrebels-sleeper-l-40-cm-kapucino\\\/\",\"url\":\"https:\\\/\\\/miumjau.ee\\\/lv\\\/produkts\\\/supultikls-petrebels-sleeper-l-40-cm-kapucino\\\/\",\"name\":\"\u0160\u016bpu\u013ct\u012bkls Petrebels Sleeper L 40 cm, kapu\u010d\u012bno - MiuMjau\",\"isPartOf\":{\"@id\":\"https:\\\/\\\/miumjau.ee\\\/#website\"},\"primaryImageOfPage\":{\"@id\":\"https:\\\/\\\/miumjau.ee\\\/lv\\\/produkts\\\/supultikls-petrebels-sleeper-l-40-cm-kapucino\\\/#primaryimage\"},\"image\":{\"@id\":\"https:\\\/\\\/miumjau.ee\\\/lv\\\/produkts\\\/supultikls-petrebels-sleeper-l-40-cm-kapucino\\\/#primaryimage\"},\"thumbnailUrl\":\"https:\\\/\\\/miumjau.ee\\\/wp-content\\\/uploads\\\/2024\\\/12\\\/rippkiik-petrebels-zip-L9.jpg\",\"datePublished\":\"2024-12-20T12:43:01+00:00\",\"dateModified\":\"2026-01-07T19:16:09+00:00\",\"breadcrumb\":{\"@id\":\"https:\\\/\\\/miumjau.ee\\\/lv\\\/produkts\\\/supultikls-petrebels-sleeper-l-40-cm-kapucino\\\/#breadcrumb\"},\"inLanguage\":\"lv-LV\",\"potentialAction\":[{\"@type\":\"ReadAction\",\"target\":[\"https:\\\/\\\/miumjau.ee\\\/lv\\\/produkts\\\/supultikls-petrebels-sleeper-l-40-cm-kapucino\\\/\"]}]},{\"@type\":\"ImageObject\",\"inLanguage\":\"lv-LV\",\"@id\":\"https:\\\/\\\/miumjau.ee\\\/lv\\\/produkts\\\/supultikls-petrebels-sleeper-l-40-cm-kapucino\\\/#primaryimage\",\"url\":\"https:\\\/\\\/miumjau.ee\\\/wp-content\\\/uploads\\\/2024\\\/12\\\/rippkiik-petrebels-zip-L9.jpg\",\"contentUrl\":\"https:\\\/\\\/miumjau.ee\\\/wp-content\\\/uploads\\\/2024\\\/12\\\/rippkiik-petrebels-zip-L9.jpg\",\"width\":600,\"height\":800},{\"@type\":\"BreadcrumbList\",\"@id\":\"https:\\\/\\\/miumjau.ee\\\/lv\\\/produkts\\\/supultikls-petrebels-sleeper-l-40-cm-kapucino\\\/#breadcrumb\",\"itemListElement\":[{\"@type\":\"ListItem\",\"position\":1,\"name\":\"Home\",\"item\":\"https:\\\/\\\/miumjau.ee\\\/lv\\\/\"},{\"@type\":\"ListItem\",\"position\":2,\"name\":\"Veikals\",\"item\":\"https:\\\/\\\/miumjau.ee\\\/lv\\\/veikals\\\/\"},{\"@type\":\"ListItem\",\"position\":3,\"name\":\"\u0160\u016bpu\u013ct\u012bkls Petrebels Sleeper L 40 cm, kapu\u010d\u012bno\"}]},{\"@type\":\"WebSite\",\"@id\":\"https:\\\/\\\/miumjau.ee\\\/#website\",\"url\":\"https:\\\/\\\/miumjau.ee\\\/\",\"name\":\"MiuMjau\",\"description\":\"Kraapimispuud kassidele\",\"publisher\":{\"@id\":\"https:\\\/\\\/miumjau.ee\\\/#organization\"},\"potentialAction\":[{\"@type\":\"SearchAction\",\"target\":{\"@type\":\"EntryPoint\",\"urlTemplate\":\"https:\\\/\\\/miumjau.ee\\\/?s={search_term_string}\"},\"query-input\":{\"@type\":\"PropertyValueSpecification\",\"valueRequired\":true,\"valueName\":\"search_term_string\"}}],\"inLanguage\":\"lv-LV\"},{\"@type\":\"Organization\",\"@id\":\"https:\\\/\\\/miumjau.ee\\\/#organization\",\"name\":\"MiuMjau O\u00dc\",\"url\":\"https:\\\/\\\/miumjau.ee\\\/\",\"logo\":{\"@type\":\"ImageObject\",\"inLanguage\":\"lv-LV\",\"@id\":\"https:\\\/\\\/miumjau.ee\\\/#\\\/schema\\\/logo\\\/image\\\/\",\"url\":\"https:\\\/\\\/miumjau.ee\\\/wp-content\\\/uploads\\\/2022\\\/04\\\/MiuMjau-logo-kollane.png\",\"contentUrl\":\"https:\\\/\\\/miumjau.ee\\\/wp-content\\\/uploads\\\/2022\\\/04\\\/MiuMjau-logo-kollane.png\",\"width\":219,\"height\":100,\"caption\":\"MiuMjau O\u00dc\"},\"image\":{\"@id\":\"https:\\\/\\\/miumjau.ee\\\/#\\\/schema\\\/logo\\\/image\\\/\"},\"sameAs\":[\"https:\\\/\\\/www.facebook.com\\\/miumjaupood\\\/\"]}]}<\/script>\n<!-- \/ Yoast SEO plugin. -->","yoast_head_json":{"title":"\u0160\u016bpu\u013ct\u012bkls Petrebels Sleeper L 40 cm, kapu\u010d\u012bno - MiuMjau","robots":{"index":"index","follow":"follow","max-snippet":"max-snippet:-1","max-image-preview":"max-image-preview:large","max-video-preview":"max-video-preview:-1"},"canonical":"https:\/\/miumjau.ee\/lv\/produkts\/supultikls-petrebels-sleeper-l-40-cm-kapucino\/","og_locale":"lv_LV","og_type":"article","og_title":"\u0160\u016bpu\u013ct\u012bkls Petrebels Sleeper L 40 cm, kapu\u010d\u012bno - MiuMjau","og_description":"\u0160is lielais Sleeper ZIP \u0161\u016bpu\u013ct\u012bkls ir izgatavots no \u012bpa\u0161i m\u012bksta un augstas kvalit\u0101tes pl\u012b\u0161a un tam ir perfekti apa\u013ca forma. Ide\u0101la vieta ka\u0137iem atp\u016btai! Past\u0101v liela iesp\u0113ja, ka j\u016bsu m\u012blulis katru dienu atrad\u012bs tur vietu pusdienlaika snaudai vai dzi\u013cam miegam. Un var gad\u012bties, ka p\u0113c k\u0101da laika jums b\u016bs nepiecie\u0161ams jauns \u0161\u016bpu\u013ct\u012bkls, lai gan skr\u0101p\u0113jamais koks joproj\u0101m ir lielisk\u0101 st\u0101vokl\u012b. T\u0101p\u0113c m\u0113s vienm\u0113r p\u0101rdodam katru deta\u013cu atsevi\u0161\u0137i \u2013 tas ir izdev\u012bgi gan j\u016bsu maci\u0146am, gan videi. Izm\u0113ri \u2013 \u00f8 40 cmPiem\u0113rots sizala stabiem \u00f8 9 cm un \u00f8 12 cmAr r\u0101v\u0113jsl\u0113dz\u0113ju, mazg\u0101jams ve\u013casma\u0161\u012bn\u0101 30 gr\u0101dosPiem\u0113rots jebkuram ka\u0137im ar svaru l\u012bdz 15 kgPadoms: \u0146emiet v\u0113r\u0101, ka \u0161\u016bpu\u013ct\u012bkla met\u0101la r\u0101mja biezuma d\u0113\u013c skr\u0101p\u0113jamais koks var nest\u0101v\u0113t piln\u012bgi taisni, ja tas tiek pievienots k\u0101 papildin\u0101jums.","og_url":"https:\/\/miumjau.ee\/lv\/produkts\/supultikls-petrebels-sleeper-l-40-cm-kapucino\/","og_site_name":"MiuMjau","article_publisher":"https:\/\/www.facebook.com\/miumjaupood\/","article_modified_time":"2026-01-07T19:16:09+00:00","og_image":[{"width":600,"height":800,"url":"https:\/\/miumjau.ee\/wp-content\/uploads\/2024\/12\/rippkiik-petrebels-zip-L9.jpg","type":"image\/jpeg"}],"twitter_card":"summary_large_image","schema":{"@context":"https:\/\/schema.org","@graph":[{"@type":"WebPage","@id":"https:\/\/miumjau.ee\/lv\/produkts\/supultikls-petrebels-sleeper-l-40-cm-kapucino\/","url":"https:\/\/miumjau.ee\/lv\/produkts\/supultikls-petrebels-sleeper-l-40-cm-kapucino\/","name":"\u0160\u016bpu\u013ct\u012bkls Petrebels Sleeper L 40 cm, kapu\u010d\u012bno - MiuMjau","isPartOf":{"@id":"https:\/\/miumjau.ee\/#website"},"primaryImageOfPage":{"@id":"https:\/\/miumjau.ee\/lv\/produkts\/supultikls-petrebels-sleeper-l-40-cm-kapucino\/#primaryimage"},"image":{"@id":"https:\/\/miumjau.ee\/lv\/produkts\/supultikls-petrebels-sleeper-l-40-cm-kapucino\/#primaryimage"},"thumbnailUrl":"https:\/\/miumjau.ee\/wp-content\/uploads\/2024\/12\/rippkiik-petrebels-zip-L9.jpg","datePublished":"2024-12-20T12:43:01+00:00","dateModified":"2026-01-07T19:16:09+00:00","breadcrumb":{"@id":"https:\/\/miumjau.ee\/lv\/produkts\/supultikls-petrebels-sleeper-l-40-cm-kapucino\/#breadcrumb"},"inLanguage":"lv-LV","potentialAction":[{"@type":"ReadAction","target":["https:\/\/miumjau.ee\/lv\/produkts\/supultikls-petrebels-sleeper-l-40-cm-kapucino\/"]}]},{"@type":"ImageObject","inLanguage":"lv-LV","@id":"https:\/\/miumjau.ee\/lv\/produkts\/supultikls-petrebels-sleeper-l-40-cm-kapucino\/#primaryimage","url":"https:\/\/miumjau.ee\/wp-content\/uploads\/2024\/12\/rippkiik-petrebels-zip-L9.jpg","contentUrl":"https:\/\/miumjau.ee\/wp-content\/uploads\/2024\/12\/rippkiik-petrebels-zip-L9.jpg","width":600,"height":800},{"@type":"BreadcrumbList","@id":"https:\/\/miumjau.ee\/lv\/produkts\/supultikls-petrebels-sleeper-l-40-cm-kapucino\/#breadcrumb","itemListElement":[{"@type":"ListItem","position":1,"name":"Home","item":"https:\/\/miumjau.ee\/lv\/"},{"@type":"ListItem","position":2,"name":"Veikals","item":"https:\/\/miumjau.ee\/lv\/veikals\/"},{"@type":"ListItem","position":3,"name":"\u0160\u016bpu\u013ct\u012bkls Petrebels Sleeper L 40 cm, kapu\u010d\u012bno"}]},{"@type":"WebSite","@id":"https:\/\/miumjau.ee\/#website","url":"https:\/\/miumjau.ee\/","name":"MiuMjau","description":"Kraapimispuud kassidele","publisher":{"@id":"https:\/\/miumjau.ee\/#organization"},"potentialAction":[{"@type":"SearchAction","target":{"@type":"EntryPoint","urlTemplate":"https:\/\/miumjau.ee\/?s={search_term_string}"},"query-input":{"@type":"PropertyValueSpecification","valueRequired":true,"valueName":"search_term_string"}}],"inLanguage":"lv-LV"},{"@type":"Organization","@id":"https:\/\/miumjau.ee\/#organization","name":"MiuMjau O\u00dc","url":"https:\/\/miumjau.ee\/","logo":{"@type":"ImageObject","inLanguage":"lv-LV","@id":"https:\/\/miumjau.ee\/#\/schema\/logo\/image\/","url":"https:\/\/miumjau.ee\/wp-content\/uploads\/2022\/04\/MiuMjau-logo-kollane.png","contentUrl":"https:\/\/miumjau.ee\/wp-content\/uploads\/2022\/04\/MiuMjau-logo-kollane.png","width":219,"height":100,"caption":"MiuMjau O\u00dc"},"image":{"@id":"https:\/\/miumjau.ee\/#\/schema\/logo\/image\/"},"sameAs":["https:\/\/www.facebook.com\/miumjaupood\/"]}]}},"_links":{"self":[{"href":"https:\/\/miumjau.ee\/lv\/wp-json\/wp\/v2\/product\/49554","targetHints":{"allow":["GET"]}}],"collection":[{"href":"https:\/\/miumjau.ee\/lv\/wp-json\/wp\/v2\/product"}],"about":[{"href":"https:\/\/miumjau.ee\/lv\/wp-json\/wp\/v2\/types\/product"}],"wp:featuredmedia":[{"embeddable":true,"href":"https:\/\/miumjau.ee\/lv\/wp-json\/wp\/v2\/media\/49555"}],"wp:attachment":[{"href":"https:\/\/miumjau.ee\/lv\/wp-json\/wp\/v2\/media?parent=49554"}],"wp:term":[{"taxonomy":"product_brand","embeddable":true,"href":"https:\/\/miumjau.ee\/lv\/wp-json\/wp\/v2\/product_brand?post=49554"},{"taxonomy":"product_cat","embeddable":true,"href":"https:\/\/miumjau.ee\/lv\/wp-json\/wp\/v2\/product_cat?post=49554"},{"taxonomy":"product_tag","embeddable":true,"href":"https:\/\/miumjau.ee\/lv\/wp-json\/wp\/v2\/product_tag?post=49554"}],"curies":[{"name":"wp","href":"https:\/\/api.w.org\/{rel}","templated":true}]}}