{"id":49546,"date":"2024-12-20T10:51:45","date_gmt":"2024-12-20T08:51:45","guid":{"rendered":"https:\/\/miumjau.ee\/toode\/supultikls-ligzda-petrebels-sleeper-xl-48-cm-peleks\/"},"modified":"2026-01-07T21:16:09","modified_gmt":"2026-01-07T19:16:09","slug":"supultikls-ligzda-petrebels-sleeper-xl-48-cm-peleks","status":"publish","type":"product","link":"https:\/\/miumjau.ee\/lv\/produkts\/supultikls-ligzda-petrebels-sleeper-xl-48-cm-peleks\/","title":{"rendered":"\u0160\u016bpu\u013ct\u012bkls ligzda Petrebels Sleeper XL 48 cm, pel\u0113ks"},"content":{"rendered":"","protected":false},"excerpt":{"rendered":"<p data-start=\"87\" data-end=\"128\">XL \u0161\u016bpu\u013ct\u012bkls smagiem un lieliem ka\u0137iem<\/p>\n<p data-start=\"130\" data-end=\"548\">Vai dz\u012bvojat kop\u0101 ar lielu ka\u0137i vai lielu ka\u0137u \u0161\u0137irni? Maine Coon, Norv\u0113\u0123u me\u017ea ka\u0137is vai varb\u016bt Ragdoll? Tad j\u016bsu m\u012blulim ir nepiecie\u0161ami iztur\u012bgi materi\u0101li un vietas, kur gul\u0113t. T\u0101p\u0113c m\u016bsu XL Sleeper ZIP \u0161\u016bpu\u013ct\u012bkls ir \u012bpa\u0161i liels, un \u012bpa\u0161i m\u012bkstais pl\u012b\u0161a audums ir step\u0113ts, \u013caujot iztur\u0113t ka\u0137us l\u012bdz 25 kg svaram. Izmantojiet \u0161o lielisko ka\u0137u gu\u013cvietu k\u0101 papildin\u0101jumu skr\u0101p\u0113jamajam stabam vai eso\u0161o deta\u013cu nomai\u0146ai.<\/p>\n<p data-start=\"550\" data-end=\"858\">Izm\u0113ri \u2013 \u00f8 48 cm<br data-start=\"566\" data-end=\"569\" \/>Ide\u0101li piem\u0113rots lieliem ka\u0137iem, bet der ar\u012b maz\u0101kiem!<br data-start=\"623\" data-end=\"626\" \/>Ar r\u0101v\u0113jsl\u0113dz\u0113ju, mazg\u0101jams ve\u013casma\u0161\u012bn\u0101 30 gr\u0101dos<br data-start=\"675\" data-end=\"678\" \/>Paredz\u0113ts lieto\u0161anai ar skr\u0101p\u0113\u0161anas stabiem \u00f8 12 cm, \u00f8 15 cm un \u00f8 20 cm<br data-start=\"749\" data-end=\"752\" \/>Padoms: \u0146emiet v\u0113r\u0101, ka \u0161\u016bpu\u013ct\u012bkla met\u0101la r\u0101mja biezuma d\u0113\u013c skr\u0101p\u0113jamais koks var nest\u0101v\u0113t piln\u012bgi taisni.<\/p>\n","protected":false},"featured_media":49547,"template":"","meta":[],"product_brand":[],"product_cat":[591],"product_tag":[],"class_list":{"0":"post-49546","1":"product","2":"type-product","3":"status-publish","4":"has-post-thumbnail","6":"product_cat-rezerves-dalas","7":"product_shipping_class-pakiautomaati-sobimatu-lv","9":"first","10":"instock","11":"taxable","12":"shipping-taxable","13":"purchasable","14":"product-type-simple"},"yoast_head":"<!-- This site is optimized with the Yoast SEO plugin v27.4 - https:\/\/yoast.com\/product\/yoast-seo-wordpress\/ -->\n<title>\u0160\u016bpu\u013ct\u012bkls ligzda Petrebels Sleeper XL 48 cm, pel\u0113ks - MiuMjau<\/title>\n<meta name=\"robots\" content=\"index, follow, max-snippet:-1, max-image-preview:large, max-video-preview:-1\" \/>\n<link rel=\"canonical\" href=\"https:\/\/miumjau.ee\/lv\/produkts\/supultikls-ligzda-petrebels-sleeper-xl-48-cm-peleks\/\" \/>\n<meta property=\"og:locale\" content=\"lv_LV\" \/>\n<meta property=\"og:type\" content=\"article\" \/>\n<meta property=\"og:title\" content=\"\u0160\u016bpu\u013ct\u012bkls ligzda Petrebels Sleeper XL 48 cm, pel\u0113ks - MiuMjau\" \/>\n<meta property=\"og:description\" content=\"XL \u0161\u016bpu\u013ct\u012bkls smagiem un lieliem ka\u0137iem Vai dz\u012bvojat kop\u0101 ar lielu ka\u0137i vai lielu ka\u0137u \u0161\u0137irni? Maine Coon, Norv\u0113\u0123u me\u017ea ka\u0137is vai varb\u016bt Ragdoll? Tad j\u016bsu m\u012blulim ir nepiecie\u0161ami iztur\u012bgi materi\u0101li un vietas, kur gul\u0113t. T\u0101p\u0113c m\u016bsu XL Sleeper ZIP \u0161\u016bpu\u013ct\u012bkls ir \u012bpa\u0161i liels, un \u012bpa\u0161i m\u012bkstais pl\u012b\u0161a audums ir step\u0113ts, \u013caujot iztur\u0113t ka\u0137us l\u012bdz 25 kg svaram. Izmantojiet \u0161o lielisko ka\u0137u gu\u013cvietu k\u0101 papildin\u0101jumu skr\u0101p\u0113jamajam stabam vai eso\u0161o deta\u013cu nomai\u0146ai. Izm\u0113ri \u2013 \u00f8 48 cmIde\u0101li piem\u0113rots lieliem ka\u0137iem, bet der ar\u012b maz\u0101kiem!Ar r\u0101v\u0113jsl\u0113dz\u0113ju, mazg\u0101jams ve\u013casma\u0161\u012bn\u0101 30 gr\u0101dosParedz\u0113ts lieto\u0161anai ar skr\u0101p\u0113\u0161anas stabiem \u00f8 12 cm, \u00f8 15 cm un \u00f8 20 cmPadoms: \u0146emiet v\u0113r\u0101, ka \u0161\u016bpu\u013ct\u012bkla met\u0101la r\u0101mja biezuma d\u0113\u013c skr\u0101p\u0113jamais koks var nest\u0101v\u0113t piln\u012bgi taisni.\" \/>\n<meta property=\"og:url\" content=\"https:\/\/miumjau.ee\/lv\/produkts\/supultikls-ligzda-petrebels-sleeper-xl-48-cm-peleks\/\" \/>\n<meta property=\"og:site_name\" content=\"MiuMjau\" \/>\n<meta property=\"article:publisher\" content=\"https:\/\/www.facebook.com\/miumjaupood\/\" \/>\n<meta property=\"article:modified_time\" content=\"2026-01-07T19:16:09+00:00\" \/>\n<meta property=\"og:image\" content=\"https:\/\/miumjau.ee\/wp-content\/uploads\/2024\/12\/rippkiik-petrebels-sleeper-xl-48cm14.jpg\" \/>\n\t<meta property=\"og:image:width\" content=\"600\" \/>\n\t<meta property=\"og:image:height\" content=\"800\" \/>\n\t<meta property=\"og:image:type\" content=\"image\/jpeg\" \/>\n<meta name=\"twitter:card\" content=\"summary_large_image\" \/>\n<script type=\"application\/ld+json\" class=\"yoast-schema-graph\">{\"@context\":\"https:\\\/\\\/schema.org\",\"@graph\":[{\"@type\":\"WebPage\",\"@id\":\"https:\\\/\\\/miumjau.ee\\\/lv\\\/produkts\\\/supultikls-ligzda-petrebels-sleeper-xl-48-cm-peleks\\\/\",\"url\":\"https:\\\/\\\/miumjau.ee\\\/lv\\\/produkts\\\/supultikls-ligzda-petrebels-sleeper-xl-48-cm-peleks\\\/\",\"name\":\"\u0160\u016bpu\u013ct\u012bkls ligzda Petrebels Sleeper XL 48 cm, pel\u0113ks - MiuMjau\",\"isPartOf\":{\"@id\":\"https:\\\/\\\/miumjau.ee\\\/#website\"},\"primaryImageOfPage\":{\"@id\":\"https:\\\/\\\/miumjau.ee\\\/lv\\\/produkts\\\/supultikls-ligzda-petrebels-sleeper-xl-48-cm-peleks\\\/#primaryimage\"},\"image\":{\"@id\":\"https:\\\/\\\/miumjau.ee\\\/lv\\\/produkts\\\/supultikls-ligzda-petrebels-sleeper-xl-48-cm-peleks\\\/#primaryimage\"},\"thumbnailUrl\":\"https:\\\/\\\/miumjau.ee\\\/wp-content\\\/uploads\\\/2024\\\/12\\\/rippkiik-petrebels-sleeper-xl-48cm14.jpg\",\"datePublished\":\"2024-12-20T08:51:45+00:00\",\"dateModified\":\"2026-01-07T19:16:09+00:00\",\"breadcrumb\":{\"@id\":\"https:\\\/\\\/miumjau.ee\\\/lv\\\/produkts\\\/supultikls-ligzda-petrebels-sleeper-xl-48-cm-peleks\\\/#breadcrumb\"},\"inLanguage\":\"lv-LV\",\"potentialAction\":[{\"@type\":\"ReadAction\",\"target\":[\"https:\\\/\\\/miumjau.ee\\\/lv\\\/produkts\\\/supultikls-ligzda-petrebels-sleeper-xl-48-cm-peleks\\\/\"]}]},{\"@type\":\"ImageObject\",\"inLanguage\":\"lv-LV\",\"@id\":\"https:\\\/\\\/miumjau.ee\\\/lv\\\/produkts\\\/supultikls-ligzda-petrebels-sleeper-xl-48-cm-peleks\\\/#primaryimage\",\"url\":\"https:\\\/\\\/miumjau.ee\\\/wp-content\\\/uploads\\\/2024\\\/12\\\/rippkiik-petrebels-sleeper-xl-48cm14.jpg\",\"contentUrl\":\"https:\\\/\\\/miumjau.ee\\\/wp-content\\\/uploads\\\/2024\\\/12\\\/rippkiik-petrebels-sleeper-xl-48cm14.jpg\",\"width\":600,\"height\":800},{\"@type\":\"BreadcrumbList\",\"@id\":\"https:\\\/\\\/miumjau.ee\\\/lv\\\/produkts\\\/supultikls-ligzda-petrebels-sleeper-xl-48-cm-peleks\\\/#breadcrumb\",\"itemListElement\":[{\"@type\":\"ListItem\",\"position\":1,\"name\":\"Home\",\"item\":\"https:\\\/\\\/miumjau.ee\\\/lv\\\/\"},{\"@type\":\"ListItem\",\"position\":2,\"name\":\"Veikals\",\"item\":\"https:\\\/\\\/miumjau.ee\\\/lv\\\/veikals\\\/\"},{\"@type\":\"ListItem\",\"position\":3,\"name\":\"\u0160\u016bpu\u013ct\u012bkls ligzda Petrebels Sleeper XL 48 cm, pel\u0113ks\"}]},{\"@type\":\"WebSite\",\"@id\":\"https:\\\/\\\/miumjau.ee\\\/#website\",\"url\":\"https:\\\/\\\/miumjau.ee\\\/\",\"name\":\"MiuMjau\",\"description\":\"Kraapimispuud kassidele\",\"publisher\":{\"@id\":\"https:\\\/\\\/miumjau.ee\\\/#organization\"},\"potentialAction\":[{\"@type\":\"SearchAction\",\"target\":{\"@type\":\"EntryPoint\",\"urlTemplate\":\"https:\\\/\\\/miumjau.ee\\\/?s={search_term_string}\"},\"query-input\":{\"@type\":\"PropertyValueSpecification\",\"valueRequired\":true,\"valueName\":\"search_term_string\"}}],\"inLanguage\":\"lv-LV\"},{\"@type\":\"Organization\",\"@id\":\"https:\\\/\\\/miumjau.ee\\\/#organization\",\"name\":\"MiuMjau O\u00dc\",\"url\":\"https:\\\/\\\/miumjau.ee\\\/\",\"logo\":{\"@type\":\"ImageObject\",\"inLanguage\":\"lv-LV\",\"@id\":\"https:\\\/\\\/miumjau.ee\\\/#\\\/schema\\\/logo\\\/image\\\/\",\"url\":\"https:\\\/\\\/miumjau.ee\\\/wp-content\\\/uploads\\\/2022\\\/04\\\/MiuMjau-logo-kollane.png\",\"contentUrl\":\"https:\\\/\\\/miumjau.ee\\\/wp-content\\\/uploads\\\/2022\\\/04\\\/MiuMjau-logo-kollane.png\",\"width\":219,\"height\":100,\"caption\":\"MiuMjau O\u00dc\"},\"image\":{\"@id\":\"https:\\\/\\\/miumjau.ee\\\/#\\\/schema\\\/logo\\\/image\\\/\"},\"sameAs\":[\"https:\\\/\\\/www.facebook.com\\\/miumjaupood\\\/\"]}]}<\/script>\n<!-- \/ Yoast SEO plugin. -->","yoast_head_json":{"title":"\u0160\u016bpu\u013ct\u012bkls ligzda Petrebels Sleeper XL 48 cm, pel\u0113ks - MiuMjau","robots":{"index":"index","follow":"follow","max-snippet":"max-snippet:-1","max-image-preview":"max-image-preview:large","max-video-preview":"max-video-preview:-1"},"canonical":"https:\/\/miumjau.ee\/lv\/produkts\/supultikls-ligzda-petrebels-sleeper-xl-48-cm-peleks\/","og_locale":"lv_LV","og_type":"article","og_title":"\u0160\u016bpu\u013ct\u012bkls ligzda Petrebels Sleeper XL 48 cm, pel\u0113ks - MiuMjau","og_description":"XL \u0161\u016bpu\u013ct\u012bkls smagiem un lieliem ka\u0137iem Vai dz\u012bvojat kop\u0101 ar lielu ka\u0137i vai lielu ka\u0137u \u0161\u0137irni? Maine Coon, Norv\u0113\u0123u me\u017ea ka\u0137is vai varb\u016bt Ragdoll? Tad j\u016bsu m\u012blulim ir nepiecie\u0161ami iztur\u012bgi materi\u0101li un vietas, kur gul\u0113t. T\u0101p\u0113c m\u016bsu XL Sleeper ZIP \u0161\u016bpu\u013ct\u012bkls ir \u012bpa\u0161i liels, un \u012bpa\u0161i m\u012bkstais pl\u012b\u0161a audums ir step\u0113ts, \u013caujot iztur\u0113t ka\u0137us l\u012bdz 25 kg svaram. Izmantojiet \u0161o lielisko ka\u0137u gu\u013cvietu k\u0101 papildin\u0101jumu skr\u0101p\u0113jamajam stabam vai eso\u0161o deta\u013cu nomai\u0146ai. Izm\u0113ri \u2013 \u00f8 48 cmIde\u0101li piem\u0113rots lieliem ka\u0137iem, bet der ar\u012b maz\u0101kiem!Ar r\u0101v\u0113jsl\u0113dz\u0113ju, mazg\u0101jams ve\u013casma\u0161\u012bn\u0101 30 gr\u0101dosParedz\u0113ts lieto\u0161anai ar skr\u0101p\u0113\u0161anas stabiem \u00f8 12 cm, \u00f8 15 cm un \u00f8 20 cmPadoms: \u0146emiet v\u0113r\u0101, ka \u0161\u016bpu\u013ct\u012bkla met\u0101la r\u0101mja biezuma d\u0113\u013c skr\u0101p\u0113jamais koks var nest\u0101v\u0113t piln\u012bgi taisni.","og_url":"https:\/\/miumjau.ee\/lv\/produkts\/supultikls-ligzda-petrebels-sleeper-xl-48-cm-peleks\/","og_site_name":"MiuMjau","article_publisher":"https:\/\/www.facebook.com\/miumjaupood\/","article_modified_time":"2026-01-07T19:16:09+00:00","og_image":[{"width":600,"height":800,"url":"https:\/\/miumjau.ee\/wp-content\/uploads\/2024\/12\/rippkiik-petrebels-sleeper-xl-48cm14.jpg","type":"image\/jpeg"}],"twitter_card":"summary_large_image","schema":{"@context":"https:\/\/schema.org","@graph":[{"@type":"WebPage","@id":"https:\/\/miumjau.ee\/lv\/produkts\/supultikls-ligzda-petrebels-sleeper-xl-48-cm-peleks\/","url":"https:\/\/miumjau.ee\/lv\/produkts\/supultikls-ligzda-petrebels-sleeper-xl-48-cm-peleks\/","name":"\u0160\u016bpu\u013ct\u012bkls ligzda Petrebels Sleeper XL 48 cm, pel\u0113ks - MiuMjau","isPartOf":{"@id":"https:\/\/miumjau.ee\/#website"},"primaryImageOfPage":{"@id":"https:\/\/miumjau.ee\/lv\/produkts\/supultikls-ligzda-petrebels-sleeper-xl-48-cm-peleks\/#primaryimage"},"image":{"@id":"https:\/\/miumjau.ee\/lv\/produkts\/supultikls-ligzda-petrebels-sleeper-xl-48-cm-peleks\/#primaryimage"},"thumbnailUrl":"https:\/\/miumjau.ee\/wp-content\/uploads\/2024\/12\/rippkiik-petrebels-sleeper-xl-48cm14.jpg","datePublished":"2024-12-20T08:51:45+00:00","dateModified":"2026-01-07T19:16:09+00:00","breadcrumb":{"@id":"https:\/\/miumjau.ee\/lv\/produkts\/supultikls-ligzda-petrebels-sleeper-xl-48-cm-peleks\/#breadcrumb"},"inLanguage":"lv-LV","potentialAction":[{"@type":"ReadAction","target":["https:\/\/miumjau.ee\/lv\/produkts\/supultikls-ligzda-petrebels-sleeper-xl-48-cm-peleks\/"]}]},{"@type":"ImageObject","inLanguage":"lv-LV","@id":"https:\/\/miumjau.ee\/lv\/produkts\/supultikls-ligzda-petrebels-sleeper-xl-48-cm-peleks\/#primaryimage","url":"https:\/\/miumjau.ee\/wp-content\/uploads\/2024\/12\/rippkiik-petrebels-sleeper-xl-48cm14.jpg","contentUrl":"https:\/\/miumjau.ee\/wp-content\/uploads\/2024\/12\/rippkiik-petrebels-sleeper-xl-48cm14.jpg","width":600,"height":800},{"@type":"BreadcrumbList","@id":"https:\/\/miumjau.ee\/lv\/produkts\/supultikls-ligzda-petrebels-sleeper-xl-48-cm-peleks\/#breadcrumb","itemListElement":[{"@type":"ListItem","position":1,"name":"Home","item":"https:\/\/miumjau.ee\/lv\/"},{"@type":"ListItem","position":2,"name":"Veikals","item":"https:\/\/miumjau.ee\/lv\/veikals\/"},{"@type":"ListItem","position":3,"name":"\u0160\u016bpu\u013ct\u012bkls ligzda Petrebels Sleeper XL 48 cm, pel\u0113ks"}]},{"@type":"WebSite","@id":"https:\/\/miumjau.ee\/#website","url":"https:\/\/miumjau.ee\/","name":"MiuMjau","description":"Kraapimispuud kassidele","publisher":{"@id":"https:\/\/miumjau.ee\/#organization"},"potentialAction":[{"@type":"SearchAction","target":{"@type":"EntryPoint","urlTemplate":"https:\/\/miumjau.ee\/?s={search_term_string}"},"query-input":{"@type":"PropertyValueSpecification","valueRequired":true,"valueName":"search_term_string"}}],"inLanguage":"lv-LV"},{"@type":"Organization","@id":"https:\/\/miumjau.ee\/#organization","name":"MiuMjau O\u00dc","url":"https:\/\/miumjau.ee\/","logo":{"@type":"ImageObject","inLanguage":"lv-LV","@id":"https:\/\/miumjau.ee\/#\/schema\/logo\/image\/","url":"https:\/\/miumjau.ee\/wp-content\/uploads\/2022\/04\/MiuMjau-logo-kollane.png","contentUrl":"https:\/\/miumjau.ee\/wp-content\/uploads\/2022\/04\/MiuMjau-logo-kollane.png","width":219,"height":100,"caption":"MiuMjau O\u00dc"},"image":{"@id":"https:\/\/miumjau.ee\/#\/schema\/logo\/image\/"},"sameAs":["https:\/\/www.facebook.com\/miumjaupood\/"]}]}},"_links":{"self":[{"href":"https:\/\/miumjau.ee\/lv\/wp-json\/wp\/v2\/product\/49546","targetHints":{"allow":["GET"]}}],"collection":[{"href":"https:\/\/miumjau.ee\/lv\/wp-json\/wp\/v2\/product"}],"about":[{"href":"https:\/\/miumjau.ee\/lv\/wp-json\/wp\/v2\/types\/product"}],"wp:featuredmedia":[{"embeddable":true,"href":"https:\/\/miumjau.ee\/lv\/wp-json\/wp\/v2\/media\/49547"}],"wp:attachment":[{"href":"https:\/\/miumjau.ee\/lv\/wp-json\/wp\/v2\/media?parent=49546"}],"wp:term":[{"taxonomy":"product_brand","embeddable":true,"href":"https:\/\/miumjau.ee\/lv\/wp-json\/wp\/v2\/product_brand?post=49546"},{"taxonomy":"product_cat","embeddable":true,"href":"https:\/\/miumjau.ee\/lv\/wp-json\/wp\/v2\/product_cat?post=49546"},{"taxonomy":"product_tag","embeddable":true,"href":"https:\/\/miumjau.ee\/lv\/wp-json\/wp\/v2\/product_tag?post=49546"}],"curies":[{"name":"wp","href":"https:\/\/api.w.org\/{rel}","templated":true}]}}