{"id":49510,"date":"2025-07-20T14:29:27","date_gmt":"2025-07-20T11:29:27","guid":{"rendered":"https:\/\/miumjau.ee\/toode\/sunu-buris-stiprinats-xl-106x71x77cm\/"},"modified":"2026-01-07T21:16:09","modified_gmt":"2026-01-07T19:16:09","slug":"sunu-buris-stiprinats-xl-106x71x77cm","status":"publish","type":"product","link":"https:\/\/miumjau.ee\/lv\/produkts\/sunu-buris-stiprinats-xl-106x71x77cm\/","title":{"rendered":"Su\u0146u B\u016bris (stiprin\u0101ts) XL 106x71x77cm"},"content":{"rendered":"","protected":false},"excerpt":{"rendered":"<p data-start=\"2647\" data-end=\"2881\">Daudzfunkcion\u0101ls met\u0101la b\u016bris ar div\u0101m ieej\u0101m. B\u016bris ir r\u016bp\u012bgi izstr\u0101d\u0101ts, nodro\u0161inot augstas kvalit\u0101tes izpildi, kas garant\u0113 j\u016bsu m\u0101jdz\u012bvnieka dro\u0161\u012bbu un ilgu kalpo\u0161anas laiku. <em data-start=\"2825\" data-end=\"2879\">Konstrukcij\u0101 izmantots 4,7\/4,1\/4,1 mm biezs stienis.<\/em><\/p>\n<p data-start=\"2883\" data-end=\"2994\">Izm\u0113ri: Garums 106 cm, Platums 71 cm, Augstums 77 cm. B\u016bra svars: 17 kg. Produkta svars ar iepakojumu: 19 kg.<\/p>\n<p data-start=\"2996\" data-end=\"3014\">Durvju skaits: 2<\/p>\n<p data-start=\"3016\" data-end=\"3036\"><strong data-start=\"3016\" data-end=\"3034\">Priek\u0161roc\u012bbas:<\/strong><\/p>\n<ul data-start=\"3037\" data-end=\"3408\">\n<li data-start=\"3037\" data-end=\"3059\">\n<p data-start=\"3039\" data-end=\"3059\">Izvelkams papl\u0101te.<\/p>\n<\/li>\n<li data-start=\"3060\" data-end=\"3109\">\n<p data-start=\"3062\" data-end=\"3109\">\u013boti viegla un iztur\u012bga t\u0113rauda konstrukcija.<\/p>\n<\/li>\n<li data-start=\"3110\" data-end=\"3130\">\n<p data-start=\"3112\" data-end=\"3130\">Viegls t\u012br\u012b\u0161ana.<\/p>\n<\/li>\n<li data-start=\"3131\" data-end=\"3182\">\n<p data-start=\"3133\" data-end=\"3182\">Apgrie\u017eams rokturis ab\u0101s pus\u0113s \u0113rtai n\u0113s\u0101\u0161anai.<\/p>\n<\/li>\n<li data-start=\"3183\" data-end=\"3246\">\n<p data-start=\"3185\" data-end=\"3246\">\u0100tra uzst\u0101d\u012b\u0161ana, nav nepiecie\u0161ami skr\u016bves vai instrumenti.<\/p>\n<\/li>\n<li data-start=\"3247\" data-end=\"3271\">\n<p data-start=\"3249\" data-end=\"3271\">Salok\u0101ms k\u0101 koferis.<\/p>\n<\/li>\n<li data-start=\"3272\" data-end=\"3328\">\n<p data-start=\"3274\" data-end=\"3328\">P\u0113c salik\u0161anas viegli uzglab\u0101jams un transport\u0113jams.<\/p>\n<\/li>\n<li data-start=\"3329\" data-end=\"3408\">\n<p data-start=\"3331\" data-end=\"3408\">Nav asu malu, garant\u0113jot m\u0101jdz\u012bvnieka dro\u0161\u012bbu un neaptraipot citas virsmas.<\/p>\n<\/li>\n<\/ul>\n<p data-start=\"3410\" data-end=\"3431\"><strong data-start=\"3410\" data-end=\"3429\">Tehniskie dati:<\/strong><\/p>\n<ul data-start=\"3432\" data-end=\"3884\">\n<li data-start=\"3432\" data-end=\"3459\">\n<p data-start=\"3434\" data-end=\"3459\">Stie\u0146u atstatums: 35 mm<\/p>\n<\/li>\n<li data-start=\"3460\" data-end=\"3501\">\n<p data-start=\"3462\" data-end=\"3501\">Galvenie\/konstrukcijas stie\u0146i: 4,7 mm<\/p>\n<\/li>\n<li data-start=\"3502\" data-end=\"3541\">\n<p data-start=\"3504\" data-end=\"3541\">Biezums (vertik\u0101lie stie\u0146i): 4,1 mm<\/p>\n<\/li>\n<li data-start=\"3542\" data-end=\"3583\">\n<p data-start=\"3544\" data-end=\"3583\">Biezums (horizont\u0101lie stie\u0146i): 4,1 mm<\/p>\n<\/li>\n<li data-start=\"3584\" data-end=\"3662\">\n<p data-start=\"3586\" data-end=\"3662\">Ieejas atvere \u2013 galven\u0101s durvis (gar\u0101 puse): 54 \u00d7 59 cm (platums\/augstums)<\/p>\n<\/li>\n<li data-start=\"3663\" data-end=\"3737\">\n<p data-start=\"3665\" data-end=\"3737\">Ieejas atvere \u2013 \u012bs\u0101s puses lab\u0101s durvis: 53 \u00d7 53 cm (platums\/augstums)<\/p>\n<\/li>\n<li data-start=\"3738\" data-end=\"3846\">\n<p data-start=\"3740\" data-end=\"3846\">L-veida sl\u0113dzene ne\u013cauj sunim atv\u0113rt durvis. Iztur\u012bg\u0101k\u0101 blo\u0137\u0113\u0161anas sist\u0113ma, ko izmanto b\u016bros un aplokos.<\/p>\n<\/li>\n<li data-start=\"3847\" data-end=\"3884\">\n<p data-start=\"3849\" data-end=\"3884\">Katram durv\u012bm ir divas sl\u0113dzenes.<\/p>\n<\/li>\n<\/ul>\n","protected":false},"featured_media":49495,"template":"","meta":[],"product_brand":[],"product_cat":[579],"product_tag":[],"class_list":{"0":"post-49510","1":"product","2":"type-product","3":"status-publish","4":"has-post-thumbnail","6":"product_cat-sunu-buri-un-parvadasanas-somas","7":"product_shipping_class-pakiautomaati-sobimatu-lv","9":"first","10":"instock","11":"taxable","12":"shipping-taxable","13":"purchasable","14":"product-type-simple"},"yoast_head":"<!-- This site is optimized with the Yoast SEO plugin v27.2 - https:\/\/yoast.com\/product\/yoast-seo-wordpress\/ -->\n<title>Su\u0146u B\u016bris (stiprin\u0101ts) XL 106x71x77cm - MiuMjau<\/title>\n<meta name=\"robots\" content=\"index, follow, max-snippet:-1, max-image-preview:large, max-video-preview:-1\" \/>\n<link rel=\"canonical\" href=\"https:\/\/miumjau.ee\/lv\/produkts\/sunu-buris-stiprinats-xl-106x71x77cm\/\" \/>\n<meta property=\"og:locale\" content=\"lv_LV\" \/>\n<meta property=\"og:type\" content=\"article\" \/>\n<meta property=\"og:title\" content=\"Su\u0146u B\u016bris (stiprin\u0101ts) XL 106x71x77cm - MiuMjau\" \/>\n<meta property=\"og:description\" content=\"Daudzfunkcion\u0101ls met\u0101la b\u016bris ar div\u0101m ieej\u0101m. B\u016bris ir r\u016bp\u012bgi izstr\u0101d\u0101ts, nodro\u0161inot augstas kvalit\u0101tes izpildi, kas garant\u0113 j\u016bsu m\u0101jdz\u012bvnieka dro\u0161\u012bbu un ilgu kalpo\u0161anas laiku. Konstrukcij\u0101 izmantots 4,7\/4,1\/4,1 mm biezs stienis. Izm\u0113ri: Garums 106 cm, Platums 71 cm, Augstums 77 cm. B\u016bra svars: 17 kg. Produkta svars ar iepakojumu: 19 kg. Durvju skaits: 2 Priek\u0161roc\u012bbas:     Izvelkams papl\u0101te.    \u013boti viegla un iztur\u012bga t\u0113rauda konstrukcija.    Viegls t\u012br\u012b\u0161ana.    Apgrie\u017eams rokturis ab\u0101s pus\u0113s \u0113rtai n\u0113s\u0101\u0161anai.    \u0100tra uzst\u0101d\u012b\u0161ana, nav nepiecie\u0161ami skr\u016bves vai instrumenti.    Salok\u0101ms k\u0101 koferis.    P\u0113c salik\u0161anas viegli uzglab\u0101jams un transport\u0113jams.    Nav asu malu, garant\u0113jot m\u0101jdz\u012bvnieka dro\u0161\u012bbu un neaptraipot citas virsmas.   Tehniskie dati:     Stie\u0146u atstatums: 35 mm    Galvenie\/konstrukcijas stie\u0146i: 4,7 mm    Biezums (vertik\u0101lie stie\u0146i): 4,1 mm    Biezums (horizont\u0101lie stie\u0146i): 4,1 mm    Ieejas atvere \u2013 galven\u0101s durvis (gar\u0101 puse): 54 \u00d7 59 cm (platums\/augstums)    Ieejas atvere \u2013 \u012bs\u0101s puses lab\u0101s durvis: 53 \u00d7 53 cm (platums\/augstums)    L-veida sl\u0113dzene ne\u013cauj sunim atv\u0113rt durvis. Iztur\u012bg\u0101k\u0101 blo\u0137\u0113\u0161anas sist\u0113ma, ko izmanto b\u016bros un aplokos.    Katram durv\u012bm ir divas sl\u0113dzenes.\" \/>\n<meta property=\"og:url\" content=\"https:\/\/miumjau.ee\/lv\/produkts\/sunu-buris-stiprinats-xl-106x71x77cm\/\" \/>\n<meta property=\"og:site_name\" content=\"MiuMjau\" \/>\n<meta property=\"article:publisher\" content=\"https:\/\/www.facebook.com\/miumjaupood\/\" \/>\n<meta property=\"article:modified_time\" content=\"2026-01-07T19:16:09+00:00\" \/>\n<meta property=\"og:image\" content=\"https:\/\/miumjau.ee\/wp-content\/uploads\/2025\/07\/koerapuur-puur-L3-Photoroom.jpg\" \/>\n\t<meta property=\"og:image:width\" content=\"600\" \/>\n\t<meta property=\"og:image:height\" content=\"800\" \/>\n\t<meta property=\"og:image:type\" content=\"image\/jpeg\" \/>\n<meta name=\"twitter:card\" content=\"summary_large_image\" \/>\n<script type=\"application\/ld+json\" class=\"yoast-schema-graph\">{\"@context\":\"https:\/\/schema.org\",\"@graph\":[{\"@type\":\"WebPage\",\"@id\":\"https:\/\/miumjau.ee\/lv\/produkts\/sunu-buris-stiprinats-xl-106x71x77cm\/\",\"url\":\"https:\/\/miumjau.ee\/lv\/produkts\/sunu-buris-stiprinats-xl-106x71x77cm\/\",\"name\":\"Su\u0146u B\u016bris (stiprin\u0101ts) XL 106x71x77cm - MiuMjau\",\"isPartOf\":{\"@id\":\"https:\/\/miumjau.ee\/#website\"},\"primaryImageOfPage\":{\"@id\":\"https:\/\/miumjau.ee\/lv\/produkts\/sunu-buris-stiprinats-xl-106x71x77cm\/#primaryimage\"},\"image\":{\"@id\":\"https:\/\/miumjau.ee\/lv\/produkts\/sunu-buris-stiprinats-xl-106x71x77cm\/#primaryimage\"},\"thumbnailUrl\":\"https:\/\/miumjau.ee\/wp-content\/uploads\/2025\/07\/koerapuur-puur-L3-Photoroom.jpg\",\"datePublished\":\"2025-07-20T11:29:27+00:00\",\"dateModified\":\"2026-01-07T19:16:09+00:00\",\"breadcrumb\":{\"@id\":\"https:\/\/miumjau.ee\/lv\/produkts\/sunu-buris-stiprinats-xl-106x71x77cm\/#breadcrumb\"},\"inLanguage\":\"lv-LV\",\"potentialAction\":[{\"@type\":\"ReadAction\",\"target\":[\"https:\/\/miumjau.ee\/lv\/produkts\/sunu-buris-stiprinats-xl-106x71x77cm\/\"]}]},{\"@type\":\"ImageObject\",\"inLanguage\":\"lv-LV\",\"@id\":\"https:\/\/miumjau.ee\/lv\/produkts\/sunu-buris-stiprinats-xl-106x71x77cm\/#primaryimage\",\"url\":\"https:\/\/miumjau.ee\/wp-content\/uploads\/2025\/07\/koerapuur-puur-L3-Photoroom.jpg\",\"contentUrl\":\"https:\/\/miumjau.ee\/wp-content\/uploads\/2025\/07\/koerapuur-puur-L3-Photoroom.jpg\",\"width\":600,\"height\":800},{\"@type\":\"BreadcrumbList\",\"@id\":\"https:\/\/miumjau.ee\/lv\/produkts\/sunu-buris-stiprinats-xl-106x71x77cm\/#breadcrumb\",\"itemListElement\":[{\"@type\":\"ListItem\",\"position\":1,\"name\":\"Home\",\"item\":\"https:\/\/miumjau.ee\/lv\/\"},{\"@type\":\"ListItem\",\"position\":2,\"name\":\"Veikals\",\"item\":\"https:\/\/miumjau.ee\/lv\/veikals\/\"},{\"@type\":\"ListItem\",\"position\":3,\"name\":\"Su\u0146u B\u016bris (stiprin\u0101ts) XL 106x71x77cm\"}]},{\"@type\":\"WebSite\",\"@id\":\"https:\/\/miumjau.ee\/#website\",\"url\":\"https:\/\/miumjau.ee\/\",\"name\":\"MiuMjau\",\"description\":\"Kraapimispuud kassidele\",\"publisher\":{\"@id\":\"https:\/\/miumjau.ee\/#organization\"},\"potentialAction\":[{\"@type\":\"SearchAction\",\"target\":{\"@type\":\"EntryPoint\",\"urlTemplate\":\"https:\/\/miumjau.ee\/?s={search_term_string}\"},\"query-input\":{\"@type\":\"PropertyValueSpecification\",\"valueRequired\":true,\"valueName\":\"search_term_string\"}}],\"inLanguage\":\"lv-LV\"},{\"@type\":\"Organization\",\"@id\":\"https:\/\/miumjau.ee\/#organization\",\"name\":\"MiuMjau O\u00dc\",\"url\":\"https:\/\/miumjau.ee\/\",\"logo\":{\"@type\":\"ImageObject\",\"inLanguage\":\"lv-LV\",\"@id\":\"https:\/\/miumjau.ee\/#\/schema\/logo\/image\/\",\"url\":\"https:\/\/miumjau.ee\/wp-content\/uploads\/2022\/04\/MiuMjau-logo-kollane.png\",\"contentUrl\":\"https:\/\/miumjau.ee\/wp-content\/uploads\/2022\/04\/MiuMjau-logo-kollane.png\",\"width\":219,\"height\":100,\"caption\":\"MiuMjau O\u00dc\"},\"image\":{\"@id\":\"https:\/\/miumjau.ee\/#\/schema\/logo\/image\/\"},\"sameAs\":[\"https:\/\/www.facebook.com\/miumjaupood\/\"]}]}<\/script>\n<!-- \/ Yoast SEO plugin. -->","yoast_head_json":{"title":"Su\u0146u B\u016bris (stiprin\u0101ts) XL 106x71x77cm - MiuMjau","robots":{"index":"index","follow":"follow","max-snippet":"max-snippet:-1","max-image-preview":"max-image-preview:large","max-video-preview":"max-video-preview:-1"},"canonical":"https:\/\/miumjau.ee\/lv\/produkts\/sunu-buris-stiprinats-xl-106x71x77cm\/","og_locale":"lv_LV","og_type":"article","og_title":"Su\u0146u B\u016bris (stiprin\u0101ts) XL 106x71x77cm - MiuMjau","og_description":"Daudzfunkcion\u0101ls met\u0101la b\u016bris ar div\u0101m ieej\u0101m. B\u016bris ir r\u016bp\u012bgi izstr\u0101d\u0101ts, nodro\u0161inot augstas kvalit\u0101tes izpildi, kas garant\u0113 j\u016bsu m\u0101jdz\u012bvnieka dro\u0161\u012bbu un ilgu kalpo\u0161anas laiku. Konstrukcij\u0101 izmantots 4,7\/4,1\/4,1 mm biezs stienis. Izm\u0113ri: Garums 106 cm, Platums 71 cm, Augstums 77 cm. B\u016bra svars: 17 kg. Produkta svars ar iepakojumu: 19 kg. Durvju skaits: 2 Priek\u0161roc\u012bbas:     Izvelkams papl\u0101te.    \u013boti viegla un iztur\u012bga t\u0113rauda konstrukcija.    Viegls t\u012br\u012b\u0161ana.    Apgrie\u017eams rokturis ab\u0101s pus\u0113s \u0113rtai n\u0113s\u0101\u0161anai.    \u0100tra uzst\u0101d\u012b\u0161ana, nav nepiecie\u0161ami skr\u016bves vai instrumenti.    Salok\u0101ms k\u0101 koferis.    P\u0113c salik\u0161anas viegli uzglab\u0101jams un transport\u0113jams.    Nav asu malu, garant\u0113jot m\u0101jdz\u012bvnieka dro\u0161\u012bbu un neaptraipot citas virsmas.   Tehniskie dati:     Stie\u0146u atstatums: 35 mm    Galvenie\/konstrukcijas stie\u0146i: 4,7 mm    Biezums (vertik\u0101lie stie\u0146i): 4,1 mm    Biezums (horizont\u0101lie stie\u0146i): 4,1 mm    Ieejas atvere \u2013 galven\u0101s durvis (gar\u0101 puse): 54 \u00d7 59 cm (platums\/augstums)    Ieejas atvere \u2013 \u012bs\u0101s puses lab\u0101s durvis: 53 \u00d7 53 cm (platums\/augstums)    L-veida sl\u0113dzene ne\u013cauj sunim atv\u0113rt durvis. Iztur\u012bg\u0101k\u0101 blo\u0137\u0113\u0161anas sist\u0113ma, ko izmanto b\u016bros un aplokos.    Katram durv\u012bm ir divas sl\u0113dzenes.","og_url":"https:\/\/miumjau.ee\/lv\/produkts\/sunu-buris-stiprinats-xl-106x71x77cm\/","og_site_name":"MiuMjau","article_publisher":"https:\/\/www.facebook.com\/miumjaupood\/","article_modified_time":"2026-01-07T19:16:09+00:00","og_image":[{"width":600,"height":800,"url":"https:\/\/miumjau.ee\/wp-content\/uploads\/2025\/07\/koerapuur-puur-L3-Photoroom.jpg","type":"image\/jpeg"}],"twitter_card":"summary_large_image","schema":{"@context":"https:\/\/schema.org","@graph":[{"@type":"WebPage","@id":"https:\/\/miumjau.ee\/lv\/produkts\/sunu-buris-stiprinats-xl-106x71x77cm\/","url":"https:\/\/miumjau.ee\/lv\/produkts\/sunu-buris-stiprinats-xl-106x71x77cm\/","name":"Su\u0146u B\u016bris (stiprin\u0101ts) XL 106x71x77cm - MiuMjau","isPartOf":{"@id":"https:\/\/miumjau.ee\/#website"},"primaryImageOfPage":{"@id":"https:\/\/miumjau.ee\/lv\/produkts\/sunu-buris-stiprinats-xl-106x71x77cm\/#primaryimage"},"image":{"@id":"https:\/\/miumjau.ee\/lv\/produkts\/sunu-buris-stiprinats-xl-106x71x77cm\/#primaryimage"},"thumbnailUrl":"https:\/\/miumjau.ee\/wp-content\/uploads\/2025\/07\/koerapuur-puur-L3-Photoroom.jpg","datePublished":"2025-07-20T11:29:27+00:00","dateModified":"2026-01-07T19:16:09+00:00","breadcrumb":{"@id":"https:\/\/miumjau.ee\/lv\/produkts\/sunu-buris-stiprinats-xl-106x71x77cm\/#breadcrumb"},"inLanguage":"lv-LV","potentialAction":[{"@type":"ReadAction","target":["https:\/\/miumjau.ee\/lv\/produkts\/sunu-buris-stiprinats-xl-106x71x77cm\/"]}]},{"@type":"ImageObject","inLanguage":"lv-LV","@id":"https:\/\/miumjau.ee\/lv\/produkts\/sunu-buris-stiprinats-xl-106x71x77cm\/#primaryimage","url":"https:\/\/miumjau.ee\/wp-content\/uploads\/2025\/07\/koerapuur-puur-L3-Photoroom.jpg","contentUrl":"https:\/\/miumjau.ee\/wp-content\/uploads\/2025\/07\/koerapuur-puur-L3-Photoroom.jpg","width":600,"height":800},{"@type":"BreadcrumbList","@id":"https:\/\/miumjau.ee\/lv\/produkts\/sunu-buris-stiprinats-xl-106x71x77cm\/#breadcrumb","itemListElement":[{"@type":"ListItem","position":1,"name":"Home","item":"https:\/\/miumjau.ee\/lv\/"},{"@type":"ListItem","position":2,"name":"Veikals","item":"https:\/\/miumjau.ee\/lv\/veikals\/"},{"@type":"ListItem","position":3,"name":"Su\u0146u B\u016bris (stiprin\u0101ts) XL 106x71x77cm"}]},{"@type":"WebSite","@id":"https:\/\/miumjau.ee\/#website","url":"https:\/\/miumjau.ee\/","name":"MiuMjau","description":"Kraapimispuud kassidele","publisher":{"@id":"https:\/\/miumjau.ee\/#organization"},"potentialAction":[{"@type":"SearchAction","target":{"@type":"EntryPoint","urlTemplate":"https:\/\/miumjau.ee\/?s={search_term_string}"},"query-input":{"@type":"PropertyValueSpecification","valueRequired":true,"valueName":"search_term_string"}}],"inLanguage":"lv-LV"},{"@type":"Organization","@id":"https:\/\/miumjau.ee\/#organization","name":"MiuMjau O\u00dc","url":"https:\/\/miumjau.ee\/","logo":{"@type":"ImageObject","inLanguage":"lv-LV","@id":"https:\/\/miumjau.ee\/#\/schema\/logo\/image\/","url":"https:\/\/miumjau.ee\/wp-content\/uploads\/2022\/04\/MiuMjau-logo-kollane.png","contentUrl":"https:\/\/miumjau.ee\/wp-content\/uploads\/2022\/04\/MiuMjau-logo-kollane.png","width":219,"height":100,"caption":"MiuMjau O\u00dc"},"image":{"@id":"https:\/\/miumjau.ee\/#\/schema\/logo\/image\/"},"sameAs":["https:\/\/www.facebook.com\/miumjaupood\/"]}]}},"_links":{"self":[{"href":"https:\/\/miumjau.ee\/lv\/wp-json\/wp\/v2\/product\/49510","targetHints":{"allow":["GET"]}}],"collection":[{"href":"https:\/\/miumjau.ee\/lv\/wp-json\/wp\/v2\/product"}],"about":[{"href":"https:\/\/miumjau.ee\/lv\/wp-json\/wp\/v2\/types\/product"}],"wp:featuredmedia":[{"embeddable":true,"href":"https:\/\/miumjau.ee\/lv\/wp-json\/wp\/v2\/media\/49495"}],"wp:attachment":[{"href":"https:\/\/miumjau.ee\/lv\/wp-json\/wp\/v2\/media?parent=49510"}],"wp:term":[{"taxonomy":"product_brand","embeddable":true,"href":"https:\/\/miumjau.ee\/lv\/wp-json\/wp\/v2\/product_brand?post=49510"},{"taxonomy":"product_cat","embeddable":true,"href":"https:\/\/miumjau.ee\/lv\/wp-json\/wp\/v2\/product_cat?post=49510"},{"taxonomy":"product_tag","embeddable":true,"href":"https:\/\/miumjau.ee\/lv\/wp-json\/wp\/v2\/product_tag?post=49510"}],"curies":[{"name":"wp","href":"https:\/\/api.w.org\/{rel}","templated":true}]}}