{"id":49499,"date":"2025-07-18T20:43:26","date_gmt":"2025-07-18T17:43:26","guid":{"rendered":"https:\/\/miumjau.ee\/toode\/sunu-buris-lielam-sunim-xxl-121x74x805cm\/"},"modified":"2026-01-07T21:16:09","modified_gmt":"2026-01-07T19:16:09","slug":"sunu-buris-lielam-sunim-xxl-121x74x805cm","status":"publish","type":"product","link":"https:\/\/miumjau.ee\/lv\/produkts\/sunu-buris-lielam-sunim-xxl-121x74x805cm\/","title":{"rendered":"Su\u0146u B\u016bris lielam sunim XXL 121x74x80,5cm"},"content":{"rendered":"","protected":false},"excerpt":{"rendered":"<p data-start=\"1451\" data-end=\"1894\">Su\u0146u b\u016bris m\u0101jdz\u012bvnieka dro\u0161ai tur\u0113\u0161anai automa\u0161\u012bn\u0101 vai m\u0101j\u0101s. B\u016bris ir izgatavots no met\u0101la. Tas ir pla\u0161s, nodro\u0161inot m\u0101jdz\u012bvniekam komfortu. \u012apa\u0161ais dizains piem\u0113rots liel\u0101kajai da\u013cai automa\u0161\u012bnu bag\u0101\u017eas nodal\u012bjumu. Izgatavots no augstas kvalit\u0101tes, iztur\u012bgiem un stipriem materi\u0101liem. Apr\u012bkots ar nesl\u012bdo\u0161iem sl\u012bd\u0146iem \u0113rt\u0101kai p\u0101rvieto\u0161anai. Lieli priek\u0161\u0113jie un s\u0101nu durvis nodro\u0161ina labu gaisa cirkul\u0101ciju un pietiekamu ventil\u0101ciju bag\u0101\u017e\u0101.<\/p>\n<ul data-start=\"1896\" data-end=\"2081\">\n<li data-start=\"1896\" data-end=\"1956\">\n<p data-start=\"1898\" data-end=\"1956\">Augstas kvalit\u0101tes salok\u0101ms met\u0101la b\u016bris m\u0101jdz\u012bvniekiem.<\/p>\n<\/li>\n<li data-start=\"1957\" data-end=\"2021\">\n<p data-start=\"1959\" data-end=\"2021\">No\u0146emama plastmasas papl\u0101te atvieglo t\u012br\u012b\u0161anu un uztur\u0113\u0161anu.<\/p>\n<\/li>\n<li data-start=\"2022\" data-end=\"2081\">\n<p data-start=\"2024\" data-end=\"2081\">Divpus\u0113jas durvis \u013cauj regul\u0113t piek\u013cuvi un novietojumu.<\/p>\n<\/li>\n<\/ul>\n","protected":false},"featured_media":49502,"template":"","meta":[],"product_brand":[],"product_cat":[579],"product_tag":[],"class_list":{"0":"post-49499","1":"product","2":"type-product","3":"status-publish","4":"has-post-thumbnail","6":"product_cat-sunu-buri-un-parvadasanas-somas","7":"product_shipping_class-pakiautomaati-sobimatu-lv","9":"first","10":"outofstock","11":"taxable","12":"shipping-taxable","13":"purchasable","14":"product-type-simple"},"yoast_head":"<!-- This site is optimized with the Yoast SEO plugin v27.2 - https:\/\/yoast.com\/product\/yoast-seo-wordpress\/ -->\n<title>Su\u0146u B\u016bris lielam sunim XXL 121x74x80,5cm - MiuMjau<\/title>\n<meta name=\"robots\" content=\"index, follow, max-snippet:-1, max-image-preview:large, max-video-preview:-1\" \/>\n<link rel=\"canonical\" href=\"https:\/\/miumjau.ee\/produkts\/koerapuur-suurele-koerale-xxl-121x74x80-5\/\" \/>\n<meta property=\"og:locale\" content=\"lv_LV\" \/>\n<meta property=\"og:type\" content=\"article\" \/>\n<meta property=\"og:title\" content=\"Su\u0146u B\u016bris lielam sunim XXL 121x74x80,5cm - MiuMjau\" \/>\n<meta property=\"og:description\" content=\"Su\u0146u b\u016bris m\u0101jdz\u012bvnieka dro\u0161ai tur\u0113\u0161anai automa\u0161\u012bn\u0101 vai m\u0101j\u0101s. B\u016bris ir izgatavots no met\u0101la. Tas ir pla\u0161s, nodro\u0161inot m\u0101jdz\u012bvniekam komfortu. \u012apa\u0161ais dizains piem\u0113rots liel\u0101kajai da\u013cai automa\u0161\u012bnu bag\u0101\u017eas nodal\u012bjumu. Izgatavots no augstas kvalit\u0101tes, iztur\u012bgiem un stipriem materi\u0101liem. Apr\u012bkots ar nesl\u012bdo\u0161iem sl\u012bd\u0146iem \u0113rt\u0101kai p\u0101rvieto\u0161anai. Lieli priek\u0161\u0113jie un s\u0101nu durvis nodro\u0161ina labu gaisa cirkul\u0101ciju un pietiekamu ventil\u0101ciju bag\u0101\u017e\u0101.     Augstas kvalit\u0101tes salok\u0101ms met\u0101la b\u016bris m\u0101jdz\u012bvniekiem.    No\u0146emama plastmasas papl\u0101te atvieglo t\u012br\u012b\u0161anu un uztur\u0113\u0161anu.    Divpus\u0113jas durvis \u013cauj regul\u0113t piek\u013cuvi un novietojumu.\" \/>\n<meta property=\"og:url\" content=\"https:\/\/miumjau.ee\/produkts\/koerapuur-suurele-koerale-xxl-121x74x80-5\/\" \/>\n<meta property=\"og:site_name\" content=\"MiuMjau\" \/>\n<meta property=\"article:publisher\" content=\"https:\/\/www.facebook.com\/miumjaupood\/\" \/>\n<meta property=\"article:modified_time\" content=\"2026-01-07T19:16:09+00:00\" \/>\n<meta property=\"og:image\" content=\"https:\/\/miumjau.ee\/wp-content\/uploads\/2025\/07\/koerapuur-xxl4.jpg\" \/>\n\t<meta property=\"og:image:width\" content=\"600\" \/>\n\t<meta property=\"og:image:height\" content=\"800\" \/>\n\t<meta property=\"og:image:type\" content=\"image\/jpeg\" \/>\n<meta name=\"twitter:card\" content=\"summary_large_image\" \/>\n<script type=\"application\/ld+json\" class=\"yoast-schema-graph\">{\"@context\":\"https:\/\/schema.org\",\"@graph\":[{\"@type\":\"WebPage\",\"@id\":\"https:\/\/miumjau.ee\/produkts\/koerapuur-suurele-koerale-xxl-121x74x80-5\/\",\"url\":\"https:\/\/miumjau.ee\/produkts\/koerapuur-suurele-koerale-xxl-121x74x80-5\/\",\"name\":\"Su\u0146u B\u016bris lielam sunim XXL 121x74x80,5cm - MiuMjau\",\"isPartOf\":{\"@id\":\"https:\/\/miumjau.ee\/#website\"},\"primaryImageOfPage\":{\"@id\":\"https:\/\/miumjau.ee\/produkts\/koerapuur-suurele-koerale-xxl-121x74x80-5\/#primaryimage\"},\"image\":{\"@id\":\"https:\/\/miumjau.ee\/produkts\/koerapuur-suurele-koerale-xxl-121x74x80-5\/#primaryimage\"},\"thumbnailUrl\":\"https:\/\/miumjau.ee\/wp-content\/uploads\/2025\/07\/koerapuur-xxl4.jpg\",\"datePublished\":\"2025-07-18T17:43:26+00:00\",\"dateModified\":\"2026-01-07T19:16:09+00:00\",\"breadcrumb\":{\"@id\":\"https:\/\/miumjau.ee\/produkts\/koerapuur-suurele-koerale-xxl-121x74x80-5\/#breadcrumb\"},\"inLanguage\":\"lv-LV\",\"potentialAction\":[{\"@type\":\"ReadAction\",\"target\":[\"https:\/\/miumjau.ee\/produkts\/koerapuur-suurele-koerale-xxl-121x74x80-5\/\"]}]},{\"@type\":\"ImageObject\",\"inLanguage\":\"lv-LV\",\"@id\":\"https:\/\/miumjau.ee\/produkts\/koerapuur-suurele-koerale-xxl-121x74x80-5\/#primaryimage\",\"url\":\"https:\/\/miumjau.ee\/wp-content\/uploads\/2025\/07\/koerapuur-xxl4.jpg\",\"contentUrl\":\"https:\/\/miumjau.ee\/wp-content\/uploads\/2025\/07\/koerapuur-xxl4.jpg\",\"width\":600,\"height\":800},{\"@type\":\"BreadcrumbList\",\"@id\":\"https:\/\/miumjau.ee\/produkts\/koerapuur-suurele-koerale-xxl-121x74x80-5\/#breadcrumb\",\"itemListElement\":[{\"@type\":\"ListItem\",\"position\":1,\"name\":\"Home\",\"item\":\"https:\/\/miumjau.ee\/lv\/\"},{\"@type\":\"ListItem\",\"position\":2,\"name\":\"Veikals\",\"item\":\"https:\/\/miumjau.ee\/lv\/veikals\/\"},{\"@type\":\"ListItem\",\"position\":3,\"name\":\"Su\u0146u B\u016bris lielam sunim XXL 121x74x80,5cm\"}]},{\"@type\":\"WebSite\",\"@id\":\"https:\/\/miumjau.ee\/#website\",\"url\":\"https:\/\/miumjau.ee\/\",\"name\":\"MiuMjau\",\"description\":\"Kraapimispuud kassidele\",\"publisher\":{\"@id\":\"https:\/\/miumjau.ee\/#organization\"},\"potentialAction\":[{\"@type\":\"SearchAction\",\"target\":{\"@type\":\"EntryPoint\",\"urlTemplate\":\"https:\/\/miumjau.ee\/?s={search_term_string}\"},\"query-input\":{\"@type\":\"PropertyValueSpecification\",\"valueRequired\":true,\"valueName\":\"search_term_string\"}}],\"inLanguage\":\"lv-LV\"},{\"@type\":\"Organization\",\"@id\":\"https:\/\/miumjau.ee\/#organization\",\"name\":\"MiuMjau O\u00dc\",\"url\":\"https:\/\/miumjau.ee\/\",\"logo\":{\"@type\":\"ImageObject\",\"inLanguage\":\"lv-LV\",\"@id\":\"https:\/\/miumjau.ee\/#\/schema\/logo\/image\/\",\"url\":\"https:\/\/miumjau.ee\/wp-content\/uploads\/2022\/04\/MiuMjau-logo-kollane.png\",\"contentUrl\":\"https:\/\/miumjau.ee\/wp-content\/uploads\/2022\/04\/MiuMjau-logo-kollane.png\",\"width\":219,\"height\":100,\"caption\":\"MiuMjau O\u00dc\"},\"image\":{\"@id\":\"https:\/\/miumjau.ee\/#\/schema\/logo\/image\/\"},\"sameAs\":[\"https:\/\/www.facebook.com\/miumjaupood\/\"]}]}<\/script>\n<!-- \/ Yoast SEO plugin. -->","yoast_head_json":{"title":"Su\u0146u B\u016bris lielam sunim XXL 121x74x80,5cm - MiuMjau","robots":{"index":"index","follow":"follow","max-snippet":"max-snippet:-1","max-image-preview":"max-image-preview:large","max-video-preview":"max-video-preview:-1"},"canonical":"https:\/\/miumjau.ee\/produkts\/koerapuur-suurele-koerale-xxl-121x74x80-5\/","og_locale":"lv_LV","og_type":"article","og_title":"Su\u0146u B\u016bris lielam sunim XXL 121x74x80,5cm - MiuMjau","og_description":"Su\u0146u b\u016bris m\u0101jdz\u012bvnieka dro\u0161ai tur\u0113\u0161anai automa\u0161\u012bn\u0101 vai m\u0101j\u0101s. B\u016bris ir izgatavots no met\u0101la. Tas ir pla\u0161s, nodro\u0161inot m\u0101jdz\u012bvniekam komfortu. \u012apa\u0161ais dizains piem\u0113rots liel\u0101kajai da\u013cai automa\u0161\u012bnu bag\u0101\u017eas nodal\u012bjumu. Izgatavots no augstas kvalit\u0101tes, iztur\u012bgiem un stipriem materi\u0101liem. Apr\u012bkots ar nesl\u012bdo\u0161iem sl\u012bd\u0146iem \u0113rt\u0101kai p\u0101rvieto\u0161anai. Lieli priek\u0161\u0113jie un s\u0101nu durvis nodro\u0161ina labu gaisa cirkul\u0101ciju un pietiekamu ventil\u0101ciju bag\u0101\u017e\u0101.     Augstas kvalit\u0101tes salok\u0101ms met\u0101la b\u016bris m\u0101jdz\u012bvniekiem.    No\u0146emama plastmasas papl\u0101te atvieglo t\u012br\u012b\u0161anu un uztur\u0113\u0161anu.    Divpus\u0113jas durvis \u013cauj regul\u0113t piek\u013cuvi un novietojumu.","og_url":"https:\/\/miumjau.ee\/produkts\/koerapuur-suurele-koerale-xxl-121x74x80-5\/","og_site_name":"MiuMjau","article_publisher":"https:\/\/www.facebook.com\/miumjaupood\/","article_modified_time":"2026-01-07T19:16:09+00:00","og_image":[{"width":600,"height":800,"url":"https:\/\/miumjau.ee\/wp-content\/uploads\/2025\/07\/koerapuur-xxl4.jpg","type":"image\/jpeg"}],"twitter_card":"summary_large_image","schema":{"@context":"https:\/\/schema.org","@graph":[{"@type":"WebPage","@id":"https:\/\/miumjau.ee\/produkts\/koerapuur-suurele-koerale-xxl-121x74x80-5\/","url":"https:\/\/miumjau.ee\/produkts\/koerapuur-suurele-koerale-xxl-121x74x80-5\/","name":"Su\u0146u B\u016bris lielam sunim XXL 121x74x80,5cm - MiuMjau","isPartOf":{"@id":"https:\/\/miumjau.ee\/#website"},"primaryImageOfPage":{"@id":"https:\/\/miumjau.ee\/produkts\/koerapuur-suurele-koerale-xxl-121x74x80-5\/#primaryimage"},"image":{"@id":"https:\/\/miumjau.ee\/produkts\/koerapuur-suurele-koerale-xxl-121x74x80-5\/#primaryimage"},"thumbnailUrl":"https:\/\/miumjau.ee\/wp-content\/uploads\/2025\/07\/koerapuur-xxl4.jpg","datePublished":"2025-07-18T17:43:26+00:00","dateModified":"2026-01-07T19:16:09+00:00","breadcrumb":{"@id":"https:\/\/miumjau.ee\/produkts\/koerapuur-suurele-koerale-xxl-121x74x80-5\/#breadcrumb"},"inLanguage":"lv-LV","potentialAction":[{"@type":"ReadAction","target":["https:\/\/miumjau.ee\/produkts\/koerapuur-suurele-koerale-xxl-121x74x80-5\/"]}]},{"@type":"ImageObject","inLanguage":"lv-LV","@id":"https:\/\/miumjau.ee\/produkts\/koerapuur-suurele-koerale-xxl-121x74x80-5\/#primaryimage","url":"https:\/\/miumjau.ee\/wp-content\/uploads\/2025\/07\/koerapuur-xxl4.jpg","contentUrl":"https:\/\/miumjau.ee\/wp-content\/uploads\/2025\/07\/koerapuur-xxl4.jpg","width":600,"height":800},{"@type":"BreadcrumbList","@id":"https:\/\/miumjau.ee\/produkts\/koerapuur-suurele-koerale-xxl-121x74x80-5\/#breadcrumb","itemListElement":[{"@type":"ListItem","position":1,"name":"Home","item":"https:\/\/miumjau.ee\/lv\/"},{"@type":"ListItem","position":2,"name":"Veikals","item":"https:\/\/miumjau.ee\/lv\/veikals\/"},{"@type":"ListItem","position":3,"name":"Su\u0146u B\u016bris lielam sunim XXL 121x74x80,5cm"}]},{"@type":"WebSite","@id":"https:\/\/miumjau.ee\/#website","url":"https:\/\/miumjau.ee\/","name":"MiuMjau","description":"Kraapimispuud kassidele","publisher":{"@id":"https:\/\/miumjau.ee\/#organization"},"potentialAction":[{"@type":"SearchAction","target":{"@type":"EntryPoint","urlTemplate":"https:\/\/miumjau.ee\/?s={search_term_string}"},"query-input":{"@type":"PropertyValueSpecification","valueRequired":true,"valueName":"search_term_string"}}],"inLanguage":"lv-LV"},{"@type":"Organization","@id":"https:\/\/miumjau.ee\/#organization","name":"MiuMjau O\u00dc","url":"https:\/\/miumjau.ee\/","logo":{"@type":"ImageObject","inLanguage":"lv-LV","@id":"https:\/\/miumjau.ee\/#\/schema\/logo\/image\/","url":"https:\/\/miumjau.ee\/wp-content\/uploads\/2022\/04\/MiuMjau-logo-kollane.png","contentUrl":"https:\/\/miumjau.ee\/wp-content\/uploads\/2022\/04\/MiuMjau-logo-kollane.png","width":219,"height":100,"caption":"MiuMjau O\u00dc"},"image":{"@id":"https:\/\/miumjau.ee\/#\/schema\/logo\/image\/"},"sameAs":["https:\/\/www.facebook.com\/miumjaupood\/"]}]}},"_links":{"self":[{"href":"https:\/\/miumjau.ee\/lv\/wp-json\/wp\/v2\/product\/49499","targetHints":{"allow":["GET"]}}],"collection":[{"href":"https:\/\/miumjau.ee\/lv\/wp-json\/wp\/v2\/product"}],"about":[{"href":"https:\/\/miumjau.ee\/lv\/wp-json\/wp\/v2\/types\/product"}],"wp:featuredmedia":[{"embeddable":true,"href":"https:\/\/miumjau.ee\/lv\/wp-json\/wp\/v2\/media\/49502"}],"wp:attachment":[{"href":"https:\/\/miumjau.ee\/lv\/wp-json\/wp\/v2\/media?parent=49499"}],"wp:term":[{"taxonomy":"product_brand","embeddable":true,"href":"https:\/\/miumjau.ee\/lv\/wp-json\/wp\/v2\/product_brand?post=49499"},{"taxonomy":"product_cat","embeddable":true,"href":"https:\/\/miumjau.ee\/lv\/wp-json\/wp\/v2\/product_cat?post=49499"},{"taxonomy":"product_tag","embeddable":true,"href":"https:\/\/miumjau.ee\/lv\/wp-json\/wp\/v2\/product_tag?post=49499"}],"curies":[{"name":"wp","href":"https:\/\/api.w.org\/{rel}","templated":true}]}}