{"id":49494,"date":"2025-07-20T14:29:54","date_gmt":"2025-07-20T11:29:54","guid":{"rendered":"https:\/\/miumjau.ee\/toode\/sunu-buris-stiprinats-l-91x60x66cm\/"},"modified":"2026-01-07T21:16:16","modified_gmt":"2026-01-07T19:16:16","slug":"sunu-buris-stiprinats-l-91x60x66cm","status":"publish","type":"product","link":"https:\/\/miumjau.ee\/lv\/produkts\/sunu-buris-stiprinats-l-91x60x66cm\/","title":{"rendered":"Su\u0146u B\u016bris (stiprin\u0101ts) L 91x60x66cm"},"content":{"rendered":"","protected":false},"excerpt":{"rendered":"<p data-start=\"2682\" data-end=\"2778\">Daudzfunkcion\u0101ls met\u0101la b\u016bris ar diviem ieejas v\u0101rtiem. Premium versija ar biez\u0101kiem stie\u0146iem.<\/p>\n<ul data-start=\"2779\" data-end=\"2841\">\n<li data-start=\"2779\" data-end=\"2841\">\n<p data-start=\"2781\" data-end=\"2841\">Konstrukcij\u0101 izmantota stie\u0146a biezums: 4,5 \/ 4,1 \/ 4,1 mm.<\/p>\n<\/li>\n<\/ul>\n<p data-start=\"2843\" data-end=\"2987\">B\u016bris ir izgatavots ar \u012bpa\u0161u uzman\u012bbu deta\u013c\u0101m, augstas kvalit\u0101tes apdare nodro\u0161ina j\u016bsu m\u0101jdz\u012bvnieka dro\u0161\u012bbu un garant\u0113 ilgu kalpo\u0161anas laiku.<\/p>\n<p data-start=\"2989\" data-end=\"3108\"><strong data-start=\"2989\" data-end=\"3000\">Izm\u0113ri:<\/strong> Garums 91 cm, Platums 60 cm, Augstums 66 cm. B\u016bra svars 12 kg (14 kg iesai\u0146ojum\u0101).<br data-start=\"3083\" data-end=\"3086\" \/><strong data-start=\"3086\" data-end=\"3104\">Durvju skaits:<\/strong> 2<\/p>\n<p data-start=\"3110\" data-end=\"3130\"><strong data-start=\"3110\" data-end=\"3128\">Priek\u0161roc\u012bbas:<\/strong><\/p>\n<ul data-start=\"3131\" data-end=\"3495\">\n<li data-start=\"3131\" data-end=\"3153\">\n<p data-start=\"3133\" data-end=\"3153\">Izvelkams papl\u0101te.<\/p>\n<\/li>\n<li data-start=\"3154\" data-end=\"3188\">\n<p data-start=\"3156\" data-end=\"3188\">Iztur\u012bga t\u0113rauda konstrukcija.<\/p>\n<\/li>\n<li data-start=\"3189\" data-end=\"3207\">\n<p data-start=\"3191\" data-end=\"3207\">Viegli t\u012br\u0101ms.<\/p>\n<\/li>\n<li data-start=\"3208\" data-end=\"3260\">\n<p data-start=\"3210\" data-end=\"3260\">Groz\u0101ms rokturis ab\u0101s pus\u0113s \u0113rtai p\u0101rvieto\u0161anai.<\/p>\n<\/li>\n<li data-start=\"3261\" data-end=\"3333\">\n<p data-start=\"3263\" data-end=\"3333\">\u0100tra uzst\u0101d\u012b\u0161ana, nav nepiecie\u0161ami skr\u016bvgrie\u017ei vai citi instrumenti.<\/p>\n<\/li>\n<li data-start=\"3334\" data-end=\"3358\">\n<p data-start=\"3336\" data-end=\"3358\">Salok\u0101ms k\u0101 koferis.<\/p>\n<\/li>\n<li data-start=\"3359\" data-end=\"3413\">\n<p data-start=\"3361\" data-end=\"3413\">P\u0113c mont\u0101\u017eas viegli uzglab\u0101jams un transport\u0113jams.<\/p>\n<\/li>\n<li data-start=\"3414\" data-end=\"3495\">\n<p data-start=\"3416\" data-end=\"3495\">Nav asu malu, nodro\u0161inot m\u0101jdz\u012bvnieka dro\u0161\u012bbu un nesaskr\u0101p\u0113jot citas virsmas.<\/p>\n<\/li>\n<\/ul>\n<p data-start=\"3497\" data-end=\"3518\"><strong data-start=\"3497\" data-end=\"3516\">Tehniskie dati:<\/strong><\/p>\n<ul data-start=\"3519\" data-end=\"3973\">\n<li data-start=\"3519\" data-end=\"3546\">\n<p data-start=\"3521\" data-end=\"3546\">Stie\u0146u atstatums: 35 mm<\/p>\n<\/li>\n<li data-start=\"3547\" data-end=\"3588\">\n<p data-start=\"3549\" data-end=\"3588\">Galvenie\/konstrukcijas stie\u0146i: 4,5 mm<\/p>\n<\/li>\n<li data-start=\"3589\" data-end=\"3628\">\n<p data-start=\"3591\" data-end=\"3628\">Biezums (vertik\u0101lie stie\u0146i): 4,1 mm<\/p>\n<\/li>\n<li data-start=\"3629\" data-end=\"3670\">\n<p data-start=\"3631\" data-end=\"3670\">Biezums (horizont\u0101lie stie\u0146i): 4,1 mm<\/p>\n<\/li>\n<li data-start=\"3671\" data-end=\"3755\">\n<p data-start=\"3673\" data-end=\"3755\">Ieejas atv\u0113rums \u2013 galven\u0101s durvis gar\u0101kaj\u0101 pus\u0113: 42 \u00d7 45 cm (Platums \u00d7 Augstums)<\/p>\n<\/li>\n<li data-start=\"3756\" data-end=\"3836\">\n<p data-start=\"3758\" data-end=\"3836\">Ieejas atv\u0113rums \u2013 \u012bs\u0101k\u0101s puses lab\u0101s durvis: 41 \u00d7 45 cm (Platums \u00d7 Augstums)<\/p>\n<\/li>\n<li data-start=\"3837\" data-end=\"3939\">\n<p data-start=\"3839\" data-end=\"3939\">L-veida sl\u0113dzene ne\u013cauj sunim atv\u0113rt durvis. Visiztur\u012bg\u0101k\u0101 sl\u0113dzene, ko izmanto b\u016bros un volj\u0113ros.<\/p>\n<\/li>\n<li data-start=\"3940\" data-end=\"3973\">\n<p data-start=\"3942\" data-end=\"3973\">Katr\u0101s durv\u012bs ir divi sl\u0113d\u017ei.<\/p>\n<\/li>\n<\/ul>\n","protected":false},"featured_media":49495,"template":"","meta":[],"product_brand":[],"product_cat":[579],"product_tag":[],"class_list":{"0":"post-49494","1":"product","2":"type-product","3":"status-publish","4":"has-post-thumbnail","6":"product_cat-sunu-buri-un-parvadasanas-somas","7":"product_shipping_class-pakiautomaati-sobimatu-lv","9":"first","10":"instock","11":"taxable","12":"shipping-taxable","13":"purchasable","14":"product-type-simple"},"yoast_head":"<!-- This site is optimized with the Yoast SEO plugin v27.2 - https:\/\/yoast.com\/product\/yoast-seo-wordpress\/ -->\n<title>Su\u0146u B\u016bris (stiprin\u0101ts) L 91x60x66cm - MiuMjau<\/title>\n<meta name=\"robots\" content=\"index, follow, max-snippet:-1, max-image-preview:large, max-video-preview:-1\" \/>\n<link rel=\"canonical\" href=\"https:\/\/miumjau.ee\/lv\/produkts\/sunu-buris-stiprinats-l-91x60x66cm\/\" \/>\n<meta property=\"og:locale\" content=\"lv_LV\" \/>\n<meta property=\"og:type\" content=\"article\" \/>\n<meta property=\"og:title\" content=\"Su\u0146u B\u016bris (stiprin\u0101ts) L 91x60x66cm - MiuMjau\" \/>\n<meta property=\"og:description\" content=\"Daudzfunkcion\u0101ls met\u0101la b\u016bris ar diviem ieejas v\u0101rtiem. Premium versija ar biez\u0101kiem stie\u0146iem.     Konstrukcij\u0101 izmantota stie\u0146a biezums: 4,5 \/ 4,1 \/ 4,1 mm.   B\u016bris ir izgatavots ar \u012bpa\u0161u uzman\u012bbu deta\u013c\u0101m, augstas kvalit\u0101tes apdare nodro\u0161ina j\u016bsu m\u0101jdz\u012bvnieka dro\u0161\u012bbu un garant\u0113 ilgu kalpo\u0161anas laiku. Izm\u0113ri: Garums 91 cm, Platums 60 cm, Augstums 66 cm. B\u016bra svars 12 kg (14 kg iesai\u0146ojum\u0101).Durvju skaits: 2 Priek\u0161roc\u012bbas:     Izvelkams papl\u0101te.    Iztur\u012bga t\u0113rauda konstrukcija.    Viegli t\u012br\u0101ms.    Groz\u0101ms rokturis ab\u0101s pus\u0113s \u0113rtai p\u0101rvieto\u0161anai.    \u0100tra uzst\u0101d\u012b\u0161ana, nav nepiecie\u0161ami skr\u016bvgrie\u017ei vai citi instrumenti.    Salok\u0101ms k\u0101 koferis.    P\u0113c mont\u0101\u017eas viegli uzglab\u0101jams un transport\u0113jams.    Nav asu malu, nodro\u0161inot m\u0101jdz\u012bvnieka dro\u0161\u012bbu un nesaskr\u0101p\u0113jot citas virsmas.   Tehniskie dati:     Stie\u0146u atstatums: 35 mm    Galvenie\/konstrukcijas stie\u0146i: 4,5 mm    Biezums (vertik\u0101lie stie\u0146i): 4,1 mm    Biezums (horizont\u0101lie stie\u0146i): 4,1 mm    Ieejas atv\u0113rums \u2013 galven\u0101s durvis gar\u0101kaj\u0101 pus\u0113: 42 \u00d7 45 cm (Platums \u00d7 Augstums)    Ieejas atv\u0113rums \u2013 \u012bs\u0101k\u0101s puses lab\u0101s durvis: 41 \u00d7 45 cm (Platums \u00d7 Augstums)    L-veida sl\u0113dzene ne\u013cauj sunim atv\u0113rt durvis. Visiztur\u012bg\u0101k\u0101 sl\u0113dzene, ko izmanto b\u016bros un volj\u0113ros.    Katr\u0101s durv\u012bs ir divi sl\u0113d\u017ei.\" \/>\n<meta property=\"og:url\" content=\"https:\/\/miumjau.ee\/lv\/produkts\/sunu-buris-stiprinats-l-91x60x66cm\/\" \/>\n<meta property=\"og:site_name\" content=\"MiuMjau\" \/>\n<meta property=\"article:publisher\" content=\"https:\/\/www.facebook.com\/miumjaupood\/\" \/>\n<meta property=\"article:modified_time\" content=\"2026-01-07T19:16:16+00:00\" \/>\n<meta property=\"og:image\" content=\"https:\/\/miumjau.ee\/wp-content\/uploads\/2025\/07\/koerapuur-puur-L3-Photoroom.jpg\" \/>\n\t<meta property=\"og:image:width\" content=\"600\" \/>\n\t<meta property=\"og:image:height\" content=\"800\" \/>\n\t<meta property=\"og:image:type\" content=\"image\/jpeg\" \/>\n<meta name=\"twitter:card\" content=\"summary_large_image\" \/>\n<script type=\"application\/ld+json\" class=\"yoast-schema-graph\">{\"@context\":\"https:\/\/schema.org\",\"@graph\":[{\"@type\":\"WebPage\",\"@id\":\"https:\/\/miumjau.ee\/lv\/produkts\/sunu-buris-stiprinats-l-91x60x66cm\/\",\"url\":\"https:\/\/miumjau.ee\/lv\/produkts\/sunu-buris-stiprinats-l-91x60x66cm\/\",\"name\":\"Su\u0146u B\u016bris (stiprin\u0101ts) L 91x60x66cm - MiuMjau\",\"isPartOf\":{\"@id\":\"https:\/\/miumjau.ee\/#website\"},\"primaryImageOfPage\":{\"@id\":\"https:\/\/miumjau.ee\/lv\/produkts\/sunu-buris-stiprinats-l-91x60x66cm\/#primaryimage\"},\"image\":{\"@id\":\"https:\/\/miumjau.ee\/lv\/produkts\/sunu-buris-stiprinats-l-91x60x66cm\/#primaryimage\"},\"thumbnailUrl\":\"https:\/\/miumjau.ee\/wp-content\/uploads\/2025\/07\/koerapuur-puur-L3-Photoroom.jpg\",\"datePublished\":\"2025-07-20T11:29:54+00:00\",\"dateModified\":\"2026-01-07T19:16:16+00:00\",\"breadcrumb\":{\"@id\":\"https:\/\/miumjau.ee\/lv\/produkts\/sunu-buris-stiprinats-l-91x60x66cm\/#breadcrumb\"},\"inLanguage\":\"lv-LV\",\"potentialAction\":[{\"@type\":\"ReadAction\",\"target\":[\"https:\/\/miumjau.ee\/lv\/produkts\/sunu-buris-stiprinats-l-91x60x66cm\/\"]}]},{\"@type\":\"ImageObject\",\"inLanguage\":\"lv-LV\",\"@id\":\"https:\/\/miumjau.ee\/lv\/produkts\/sunu-buris-stiprinats-l-91x60x66cm\/#primaryimage\",\"url\":\"https:\/\/miumjau.ee\/wp-content\/uploads\/2025\/07\/koerapuur-puur-L3-Photoroom.jpg\",\"contentUrl\":\"https:\/\/miumjau.ee\/wp-content\/uploads\/2025\/07\/koerapuur-puur-L3-Photoroom.jpg\",\"width\":600,\"height\":800},{\"@type\":\"BreadcrumbList\",\"@id\":\"https:\/\/miumjau.ee\/lv\/produkts\/sunu-buris-stiprinats-l-91x60x66cm\/#breadcrumb\",\"itemListElement\":[{\"@type\":\"ListItem\",\"position\":1,\"name\":\"Home\",\"item\":\"https:\/\/miumjau.ee\/lv\/\"},{\"@type\":\"ListItem\",\"position\":2,\"name\":\"Veikals\",\"item\":\"https:\/\/miumjau.ee\/lv\/veikals\/\"},{\"@type\":\"ListItem\",\"position\":3,\"name\":\"Su\u0146u B\u016bris (stiprin\u0101ts) L 91x60x66cm\"}]},{\"@type\":\"WebSite\",\"@id\":\"https:\/\/miumjau.ee\/#website\",\"url\":\"https:\/\/miumjau.ee\/\",\"name\":\"MiuMjau\",\"description\":\"Kraapimispuud kassidele\",\"publisher\":{\"@id\":\"https:\/\/miumjau.ee\/#organization\"},\"potentialAction\":[{\"@type\":\"SearchAction\",\"target\":{\"@type\":\"EntryPoint\",\"urlTemplate\":\"https:\/\/miumjau.ee\/?s={search_term_string}\"},\"query-input\":{\"@type\":\"PropertyValueSpecification\",\"valueRequired\":true,\"valueName\":\"search_term_string\"}}],\"inLanguage\":\"lv-LV\"},{\"@type\":\"Organization\",\"@id\":\"https:\/\/miumjau.ee\/#organization\",\"name\":\"MiuMjau O\u00dc\",\"url\":\"https:\/\/miumjau.ee\/\",\"logo\":{\"@type\":\"ImageObject\",\"inLanguage\":\"lv-LV\",\"@id\":\"https:\/\/miumjau.ee\/#\/schema\/logo\/image\/\",\"url\":\"https:\/\/miumjau.ee\/wp-content\/uploads\/2022\/04\/MiuMjau-logo-kollane.png\",\"contentUrl\":\"https:\/\/miumjau.ee\/wp-content\/uploads\/2022\/04\/MiuMjau-logo-kollane.png\",\"width\":219,\"height\":100,\"caption\":\"MiuMjau O\u00dc\"},\"image\":{\"@id\":\"https:\/\/miumjau.ee\/#\/schema\/logo\/image\/\"},\"sameAs\":[\"https:\/\/www.facebook.com\/miumjaupood\/\"]}]}<\/script>\n<!-- \/ Yoast SEO plugin. -->","yoast_head_json":{"title":"Su\u0146u B\u016bris (stiprin\u0101ts) L 91x60x66cm - MiuMjau","robots":{"index":"index","follow":"follow","max-snippet":"max-snippet:-1","max-image-preview":"max-image-preview:large","max-video-preview":"max-video-preview:-1"},"canonical":"https:\/\/miumjau.ee\/lv\/produkts\/sunu-buris-stiprinats-l-91x60x66cm\/","og_locale":"lv_LV","og_type":"article","og_title":"Su\u0146u B\u016bris (stiprin\u0101ts) L 91x60x66cm - MiuMjau","og_description":"Daudzfunkcion\u0101ls met\u0101la b\u016bris ar diviem ieejas v\u0101rtiem. Premium versija ar biez\u0101kiem stie\u0146iem.     Konstrukcij\u0101 izmantota stie\u0146a biezums: 4,5 \/ 4,1 \/ 4,1 mm.   B\u016bris ir izgatavots ar \u012bpa\u0161u uzman\u012bbu deta\u013c\u0101m, augstas kvalit\u0101tes apdare nodro\u0161ina j\u016bsu m\u0101jdz\u012bvnieka dro\u0161\u012bbu un garant\u0113 ilgu kalpo\u0161anas laiku. Izm\u0113ri: Garums 91 cm, Platums 60 cm, Augstums 66 cm. B\u016bra svars 12 kg (14 kg iesai\u0146ojum\u0101).Durvju skaits: 2 Priek\u0161roc\u012bbas:     Izvelkams papl\u0101te.    Iztur\u012bga t\u0113rauda konstrukcija.    Viegli t\u012br\u0101ms.    Groz\u0101ms rokturis ab\u0101s pus\u0113s \u0113rtai p\u0101rvieto\u0161anai.    \u0100tra uzst\u0101d\u012b\u0161ana, nav nepiecie\u0161ami skr\u016bvgrie\u017ei vai citi instrumenti.    Salok\u0101ms k\u0101 koferis.    P\u0113c mont\u0101\u017eas viegli uzglab\u0101jams un transport\u0113jams.    Nav asu malu, nodro\u0161inot m\u0101jdz\u012bvnieka dro\u0161\u012bbu un nesaskr\u0101p\u0113jot citas virsmas.   Tehniskie dati:     Stie\u0146u atstatums: 35 mm    Galvenie\/konstrukcijas stie\u0146i: 4,5 mm    Biezums (vertik\u0101lie stie\u0146i): 4,1 mm    Biezums (horizont\u0101lie stie\u0146i): 4,1 mm    Ieejas atv\u0113rums \u2013 galven\u0101s durvis gar\u0101kaj\u0101 pus\u0113: 42 \u00d7 45 cm (Platums \u00d7 Augstums)    Ieejas atv\u0113rums \u2013 \u012bs\u0101k\u0101s puses lab\u0101s durvis: 41 \u00d7 45 cm (Platums \u00d7 Augstums)    L-veida sl\u0113dzene ne\u013cauj sunim atv\u0113rt durvis. Visiztur\u012bg\u0101k\u0101 sl\u0113dzene, ko izmanto b\u016bros un volj\u0113ros.    Katr\u0101s durv\u012bs ir divi sl\u0113d\u017ei.","og_url":"https:\/\/miumjau.ee\/lv\/produkts\/sunu-buris-stiprinats-l-91x60x66cm\/","og_site_name":"MiuMjau","article_publisher":"https:\/\/www.facebook.com\/miumjaupood\/","article_modified_time":"2026-01-07T19:16:16+00:00","og_image":[{"width":600,"height":800,"url":"https:\/\/miumjau.ee\/wp-content\/uploads\/2025\/07\/koerapuur-puur-L3-Photoroom.jpg","type":"image\/jpeg"}],"twitter_card":"summary_large_image","schema":{"@context":"https:\/\/schema.org","@graph":[{"@type":"WebPage","@id":"https:\/\/miumjau.ee\/lv\/produkts\/sunu-buris-stiprinats-l-91x60x66cm\/","url":"https:\/\/miumjau.ee\/lv\/produkts\/sunu-buris-stiprinats-l-91x60x66cm\/","name":"Su\u0146u B\u016bris (stiprin\u0101ts) L 91x60x66cm - MiuMjau","isPartOf":{"@id":"https:\/\/miumjau.ee\/#website"},"primaryImageOfPage":{"@id":"https:\/\/miumjau.ee\/lv\/produkts\/sunu-buris-stiprinats-l-91x60x66cm\/#primaryimage"},"image":{"@id":"https:\/\/miumjau.ee\/lv\/produkts\/sunu-buris-stiprinats-l-91x60x66cm\/#primaryimage"},"thumbnailUrl":"https:\/\/miumjau.ee\/wp-content\/uploads\/2025\/07\/koerapuur-puur-L3-Photoroom.jpg","datePublished":"2025-07-20T11:29:54+00:00","dateModified":"2026-01-07T19:16:16+00:00","breadcrumb":{"@id":"https:\/\/miumjau.ee\/lv\/produkts\/sunu-buris-stiprinats-l-91x60x66cm\/#breadcrumb"},"inLanguage":"lv-LV","potentialAction":[{"@type":"ReadAction","target":["https:\/\/miumjau.ee\/lv\/produkts\/sunu-buris-stiprinats-l-91x60x66cm\/"]}]},{"@type":"ImageObject","inLanguage":"lv-LV","@id":"https:\/\/miumjau.ee\/lv\/produkts\/sunu-buris-stiprinats-l-91x60x66cm\/#primaryimage","url":"https:\/\/miumjau.ee\/wp-content\/uploads\/2025\/07\/koerapuur-puur-L3-Photoroom.jpg","contentUrl":"https:\/\/miumjau.ee\/wp-content\/uploads\/2025\/07\/koerapuur-puur-L3-Photoroom.jpg","width":600,"height":800},{"@type":"BreadcrumbList","@id":"https:\/\/miumjau.ee\/lv\/produkts\/sunu-buris-stiprinats-l-91x60x66cm\/#breadcrumb","itemListElement":[{"@type":"ListItem","position":1,"name":"Home","item":"https:\/\/miumjau.ee\/lv\/"},{"@type":"ListItem","position":2,"name":"Veikals","item":"https:\/\/miumjau.ee\/lv\/veikals\/"},{"@type":"ListItem","position":3,"name":"Su\u0146u B\u016bris (stiprin\u0101ts) L 91x60x66cm"}]},{"@type":"WebSite","@id":"https:\/\/miumjau.ee\/#website","url":"https:\/\/miumjau.ee\/","name":"MiuMjau","description":"Kraapimispuud kassidele","publisher":{"@id":"https:\/\/miumjau.ee\/#organization"},"potentialAction":[{"@type":"SearchAction","target":{"@type":"EntryPoint","urlTemplate":"https:\/\/miumjau.ee\/?s={search_term_string}"},"query-input":{"@type":"PropertyValueSpecification","valueRequired":true,"valueName":"search_term_string"}}],"inLanguage":"lv-LV"},{"@type":"Organization","@id":"https:\/\/miumjau.ee\/#organization","name":"MiuMjau O\u00dc","url":"https:\/\/miumjau.ee\/","logo":{"@type":"ImageObject","inLanguage":"lv-LV","@id":"https:\/\/miumjau.ee\/#\/schema\/logo\/image\/","url":"https:\/\/miumjau.ee\/wp-content\/uploads\/2022\/04\/MiuMjau-logo-kollane.png","contentUrl":"https:\/\/miumjau.ee\/wp-content\/uploads\/2022\/04\/MiuMjau-logo-kollane.png","width":219,"height":100,"caption":"MiuMjau O\u00dc"},"image":{"@id":"https:\/\/miumjau.ee\/#\/schema\/logo\/image\/"},"sameAs":["https:\/\/www.facebook.com\/miumjaupood\/"]}]}},"_links":{"self":[{"href":"https:\/\/miumjau.ee\/lv\/wp-json\/wp\/v2\/product\/49494","targetHints":{"allow":["GET"]}}],"collection":[{"href":"https:\/\/miumjau.ee\/lv\/wp-json\/wp\/v2\/product"}],"about":[{"href":"https:\/\/miumjau.ee\/lv\/wp-json\/wp\/v2\/types\/product"}],"wp:featuredmedia":[{"embeddable":true,"href":"https:\/\/miumjau.ee\/lv\/wp-json\/wp\/v2\/media\/49495"}],"wp:attachment":[{"href":"https:\/\/miumjau.ee\/lv\/wp-json\/wp\/v2\/media?parent=49494"}],"wp:term":[{"taxonomy":"product_brand","embeddable":true,"href":"https:\/\/miumjau.ee\/lv\/wp-json\/wp\/v2\/product_brand?post=49494"},{"taxonomy":"product_cat","embeddable":true,"href":"https:\/\/miumjau.ee\/lv\/wp-json\/wp\/v2\/product_cat?post=49494"},{"taxonomy":"product_tag","embeddable":true,"href":"https:\/\/miumjau.ee\/lv\/wp-json\/wp\/v2\/product_tag?post=49494"}],"curies":[{"name":"wp","href":"https:\/\/api.w.org\/{rel}","templated":true}]}}