{"id":49489,"date":"2025-07-20T14:30:43","date_gmt":"2025-07-20T11:30:43","guid":{"rendered":"https:\/\/miumjau.ee\/toode\/sunu-buris-ar-metala-sietu-m-76x45x515cm\/"},"modified":"2026-01-07T21:16:16","modified_gmt":"2026-01-07T19:16:16","slug":"sunu-buris-ar-metala-sietu-m-76x45x515cm","status":"publish","type":"product","link":"https:\/\/miumjau.ee\/lv\/produkts\/sunu-buris-ar-metala-sietu-m-76x45x515cm\/","title":{"rendered":"Su\u0146u B\u016bris ar Met\u0101la Sietu M (76x45x51,5cm)"},"content":{"rendered":"","protected":false},"excerpt":{"rendered":"<p data-start=\"1380\" data-end=\"1801\">Met\u0101la b\u016bris nodro\u0161ina j\u016bsu m\u0101jdz\u012bvnieka dro\u0161\u012bbu automa\u0161\u012bn\u0101 vai m\u0101j\u0101s. Tam ir pla\u0161s iek\u0161\u0113jais nodal\u012bjums, lai j\u016bsu m\u012blulis justos \u0113rti. \u012apa\u0161ais dizains piem\u0113rots liel\u0101kajai da\u013cai automa\u0161\u012bnu bag\u0101\u017eas nodal\u012bjumu. Izgatavots no augstas kvalit\u0101tes, stipriem un iztur\u012bgiem materi\u0101liem. Nesl\u012bdo\u0161i sl\u012bd\u0146i \u0113rtai transport\u0113\u0161anai. Lieli priek\u0161\u0113jie un s\u0101nu durvis nodro\u0161ina labu gaisa cirkul\u0101ciju un ventil\u0101ciju bag\u0101\u017eas nodal\u012bjum\u0101.<\/p>\n<ul data-start=\"1803\" data-end=\"1974\">\n<li data-start=\"1803\" data-end=\"1863\">\n<p data-start=\"1805\" data-end=\"1863\">Augstas kvalit\u0101tes salok\u0101ms met\u0101la b\u016bris m\u0101jdz\u012bvniekiem.<\/p>\n<\/li>\n<li data-start=\"1864\" data-end=\"1916\">\n<p data-start=\"1866\" data-end=\"1916\">No\u0146emama pamatne \u0113rtai uztur\u0113\u0161anai un t\u012br\u012b\u0161anai.<\/p>\n<\/li>\n<li data-start=\"1917\" data-end=\"1974\">\n<p data-start=\"1919\" data-end=\"1974\">Divas durvju p\u0101ri \u013cauj regul\u0113t piek\u013cuvi un izvietojumu.<\/p>\n<\/li>\n<\/ul>\n","protected":false},"featured_media":49483,"template":"","meta":[],"product_brand":[],"product_cat":[579],"product_tag":[],"class_list":{"0":"post-49489","1":"product","2":"type-product","3":"status-publish","4":"has-post-thumbnail","6":"product_cat-sunu-buri-un-parvadasanas-somas","7":"product_shipping_class-pakiautomaati-sobimatu-lv","9":"first","10":"instock","11":"taxable","12":"shipping-taxable","13":"purchasable","14":"product-type-simple"},"yoast_head":"<!-- This site is optimized with the Yoast SEO plugin v27.2 - https:\/\/yoast.com\/product\/yoast-seo-wordpress\/ -->\n<title>Su\u0146u B\u016bris ar Met\u0101la Sietu M (76x45x51,5cm) - MiuMjau<\/title>\n<meta name=\"robots\" content=\"index, follow, max-snippet:-1, max-image-preview:large, max-video-preview:-1\" \/>\n<link rel=\"canonical\" href=\"https:\/\/miumjau.ee\/lv\/produkts\/sunu-buris-ar-metala-sietu-m-76x45x515cm\/\" \/>\n<meta property=\"og:locale\" content=\"lv_LV\" \/>\n<meta property=\"og:type\" content=\"article\" \/>\n<meta property=\"og:title\" content=\"Su\u0146u B\u016bris ar Met\u0101la Sietu M (76x45x51,5cm) - MiuMjau\" \/>\n<meta property=\"og:description\" content=\"Met\u0101la b\u016bris nodro\u0161ina j\u016bsu m\u0101jdz\u012bvnieka dro\u0161\u012bbu automa\u0161\u012bn\u0101 vai m\u0101j\u0101s. Tam ir pla\u0161s iek\u0161\u0113jais nodal\u012bjums, lai j\u016bsu m\u012blulis justos \u0113rti. \u012apa\u0161ais dizains piem\u0113rots liel\u0101kajai da\u013cai automa\u0161\u012bnu bag\u0101\u017eas nodal\u012bjumu. Izgatavots no augstas kvalit\u0101tes, stipriem un iztur\u012bgiem materi\u0101liem. Nesl\u012bdo\u0161i sl\u012bd\u0146i \u0113rtai transport\u0113\u0161anai. Lieli priek\u0161\u0113jie un s\u0101nu durvis nodro\u0161ina labu gaisa cirkul\u0101ciju un ventil\u0101ciju bag\u0101\u017eas nodal\u012bjum\u0101.     Augstas kvalit\u0101tes salok\u0101ms met\u0101la b\u016bris m\u0101jdz\u012bvniekiem.    No\u0146emama pamatne \u0113rtai uztur\u0113\u0161anai un t\u012br\u012b\u0161anai.    Divas durvju p\u0101ri \u013cauj regul\u0113t piek\u013cuvi un izvietojumu.\" \/>\n<meta property=\"og:url\" content=\"https:\/\/miumjau.ee\/lv\/produkts\/sunu-buris-ar-metala-sietu-m-76x45x515cm\/\" \/>\n<meta property=\"og:site_name\" content=\"MiuMjau\" \/>\n<meta property=\"article:publisher\" content=\"https:\/\/www.facebook.com\/miumjaupood\/\" \/>\n<meta property=\"article:modified_time\" content=\"2026-01-07T19:16:16+00:00\" \/>\n<meta property=\"og:image\" content=\"https:\/\/miumjau.ee\/wp-content\/uploads\/2025\/07\/koera-puur-s2-Photoroom.jpg\" \/>\n\t<meta property=\"og:image:width\" content=\"600\" \/>\n\t<meta property=\"og:image:height\" content=\"800\" \/>\n\t<meta property=\"og:image:type\" content=\"image\/jpeg\" \/>\n<meta name=\"twitter:card\" content=\"summary_large_image\" \/>\n<script type=\"application\/ld+json\" class=\"yoast-schema-graph\">{\"@context\":\"https:\/\/schema.org\",\"@graph\":[{\"@type\":\"WebPage\",\"@id\":\"https:\/\/miumjau.ee\/lv\/produkts\/sunu-buris-ar-metala-sietu-m-76x45x515cm\/\",\"url\":\"https:\/\/miumjau.ee\/lv\/produkts\/sunu-buris-ar-metala-sietu-m-76x45x515cm\/\",\"name\":\"Su\u0146u B\u016bris ar Met\u0101la Sietu M (76x45x51,5cm) - MiuMjau\",\"isPartOf\":{\"@id\":\"https:\/\/miumjau.ee\/#website\"},\"primaryImageOfPage\":{\"@id\":\"https:\/\/miumjau.ee\/lv\/produkts\/sunu-buris-ar-metala-sietu-m-76x45x515cm\/#primaryimage\"},\"image\":{\"@id\":\"https:\/\/miumjau.ee\/lv\/produkts\/sunu-buris-ar-metala-sietu-m-76x45x515cm\/#primaryimage\"},\"thumbnailUrl\":\"https:\/\/miumjau.ee\/wp-content\/uploads\/2025\/07\/koera-puur-s2-Photoroom.jpg\",\"datePublished\":\"2025-07-20T11:30:43+00:00\",\"dateModified\":\"2026-01-07T19:16:16+00:00\",\"breadcrumb\":{\"@id\":\"https:\/\/miumjau.ee\/lv\/produkts\/sunu-buris-ar-metala-sietu-m-76x45x515cm\/#breadcrumb\"},\"inLanguage\":\"lv-LV\",\"potentialAction\":[{\"@type\":\"ReadAction\",\"target\":[\"https:\/\/miumjau.ee\/lv\/produkts\/sunu-buris-ar-metala-sietu-m-76x45x515cm\/\"]}]},{\"@type\":\"ImageObject\",\"inLanguage\":\"lv-LV\",\"@id\":\"https:\/\/miumjau.ee\/lv\/produkts\/sunu-buris-ar-metala-sietu-m-76x45x515cm\/#primaryimage\",\"url\":\"https:\/\/miumjau.ee\/wp-content\/uploads\/2025\/07\/koera-puur-s2-Photoroom.jpg\",\"contentUrl\":\"https:\/\/miumjau.ee\/wp-content\/uploads\/2025\/07\/koera-puur-s2-Photoroom.jpg\",\"width\":600,\"height\":800},{\"@type\":\"BreadcrumbList\",\"@id\":\"https:\/\/miumjau.ee\/lv\/produkts\/sunu-buris-ar-metala-sietu-m-76x45x515cm\/#breadcrumb\",\"itemListElement\":[{\"@type\":\"ListItem\",\"position\":1,\"name\":\"Home\",\"item\":\"https:\/\/miumjau.ee\/lv\/\"},{\"@type\":\"ListItem\",\"position\":2,\"name\":\"Veikals\",\"item\":\"https:\/\/miumjau.ee\/lv\/veikals\/\"},{\"@type\":\"ListItem\",\"position\":3,\"name\":\"Su\u0146u B\u016bris ar Met\u0101la Sietu M (76x45x51,5cm)\"}]},{\"@type\":\"WebSite\",\"@id\":\"https:\/\/miumjau.ee\/#website\",\"url\":\"https:\/\/miumjau.ee\/\",\"name\":\"MiuMjau\",\"description\":\"Kraapimispuud kassidele\",\"publisher\":{\"@id\":\"https:\/\/miumjau.ee\/#organization\"},\"potentialAction\":[{\"@type\":\"SearchAction\",\"target\":{\"@type\":\"EntryPoint\",\"urlTemplate\":\"https:\/\/miumjau.ee\/?s={search_term_string}\"},\"query-input\":{\"@type\":\"PropertyValueSpecification\",\"valueRequired\":true,\"valueName\":\"search_term_string\"}}],\"inLanguage\":\"lv-LV\"},{\"@type\":\"Organization\",\"@id\":\"https:\/\/miumjau.ee\/#organization\",\"name\":\"MiuMjau O\u00dc\",\"url\":\"https:\/\/miumjau.ee\/\",\"logo\":{\"@type\":\"ImageObject\",\"inLanguage\":\"lv-LV\",\"@id\":\"https:\/\/miumjau.ee\/#\/schema\/logo\/image\/\",\"url\":\"https:\/\/miumjau.ee\/wp-content\/uploads\/2022\/04\/MiuMjau-logo-kollane.png\",\"contentUrl\":\"https:\/\/miumjau.ee\/wp-content\/uploads\/2022\/04\/MiuMjau-logo-kollane.png\",\"width\":219,\"height\":100,\"caption\":\"MiuMjau O\u00dc\"},\"image\":{\"@id\":\"https:\/\/miumjau.ee\/#\/schema\/logo\/image\/\"},\"sameAs\":[\"https:\/\/www.facebook.com\/miumjaupood\/\"]}]}<\/script>\n<!-- \/ Yoast SEO plugin. -->","yoast_head_json":{"title":"Su\u0146u B\u016bris ar Met\u0101la Sietu M (76x45x51,5cm) - MiuMjau","robots":{"index":"index","follow":"follow","max-snippet":"max-snippet:-1","max-image-preview":"max-image-preview:large","max-video-preview":"max-video-preview:-1"},"canonical":"https:\/\/miumjau.ee\/lv\/produkts\/sunu-buris-ar-metala-sietu-m-76x45x515cm\/","og_locale":"lv_LV","og_type":"article","og_title":"Su\u0146u B\u016bris ar Met\u0101la Sietu M (76x45x51,5cm) - MiuMjau","og_description":"Met\u0101la b\u016bris nodro\u0161ina j\u016bsu m\u0101jdz\u012bvnieka dro\u0161\u012bbu automa\u0161\u012bn\u0101 vai m\u0101j\u0101s. Tam ir pla\u0161s iek\u0161\u0113jais nodal\u012bjums, lai j\u016bsu m\u012blulis justos \u0113rti. \u012apa\u0161ais dizains piem\u0113rots liel\u0101kajai da\u013cai automa\u0161\u012bnu bag\u0101\u017eas nodal\u012bjumu. Izgatavots no augstas kvalit\u0101tes, stipriem un iztur\u012bgiem materi\u0101liem. Nesl\u012bdo\u0161i sl\u012bd\u0146i \u0113rtai transport\u0113\u0161anai. Lieli priek\u0161\u0113jie un s\u0101nu durvis nodro\u0161ina labu gaisa cirkul\u0101ciju un ventil\u0101ciju bag\u0101\u017eas nodal\u012bjum\u0101.     Augstas kvalit\u0101tes salok\u0101ms met\u0101la b\u016bris m\u0101jdz\u012bvniekiem.    No\u0146emama pamatne \u0113rtai uztur\u0113\u0161anai un t\u012br\u012b\u0161anai.    Divas durvju p\u0101ri \u013cauj regul\u0113t piek\u013cuvi un izvietojumu.","og_url":"https:\/\/miumjau.ee\/lv\/produkts\/sunu-buris-ar-metala-sietu-m-76x45x515cm\/","og_site_name":"MiuMjau","article_publisher":"https:\/\/www.facebook.com\/miumjaupood\/","article_modified_time":"2026-01-07T19:16:16+00:00","og_image":[{"width":600,"height":800,"url":"https:\/\/miumjau.ee\/wp-content\/uploads\/2025\/07\/koera-puur-s2-Photoroom.jpg","type":"image\/jpeg"}],"twitter_card":"summary_large_image","schema":{"@context":"https:\/\/schema.org","@graph":[{"@type":"WebPage","@id":"https:\/\/miumjau.ee\/lv\/produkts\/sunu-buris-ar-metala-sietu-m-76x45x515cm\/","url":"https:\/\/miumjau.ee\/lv\/produkts\/sunu-buris-ar-metala-sietu-m-76x45x515cm\/","name":"Su\u0146u B\u016bris ar Met\u0101la Sietu M (76x45x51,5cm) - MiuMjau","isPartOf":{"@id":"https:\/\/miumjau.ee\/#website"},"primaryImageOfPage":{"@id":"https:\/\/miumjau.ee\/lv\/produkts\/sunu-buris-ar-metala-sietu-m-76x45x515cm\/#primaryimage"},"image":{"@id":"https:\/\/miumjau.ee\/lv\/produkts\/sunu-buris-ar-metala-sietu-m-76x45x515cm\/#primaryimage"},"thumbnailUrl":"https:\/\/miumjau.ee\/wp-content\/uploads\/2025\/07\/koera-puur-s2-Photoroom.jpg","datePublished":"2025-07-20T11:30:43+00:00","dateModified":"2026-01-07T19:16:16+00:00","breadcrumb":{"@id":"https:\/\/miumjau.ee\/lv\/produkts\/sunu-buris-ar-metala-sietu-m-76x45x515cm\/#breadcrumb"},"inLanguage":"lv-LV","potentialAction":[{"@type":"ReadAction","target":["https:\/\/miumjau.ee\/lv\/produkts\/sunu-buris-ar-metala-sietu-m-76x45x515cm\/"]}]},{"@type":"ImageObject","inLanguage":"lv-LV","@id":"https:\/\/miumjau.ee\/lv\/produkts\/sunu-buris-ar-metala-sietu-m-76x45x515cm\/#primaryimage","url":"https:\/\/miumjau.ee\/wp-content\/uploads\/2025\/07\/koera-puur-s2-Photoroom.jpg","contentUrl":"https:\/\/miumjau.ee\/wp-content\/uploads\/2025\/07\/koera-puur-s2-Photoroom.jpg","width":600,"height":800},{"@type":"BreadcrumbList","@id":"https:\/\/miumjau.ee\/lv\/produkts\/sunu-buris-ar-metala-sietu-m-76x45x515cm\/#breadcrumb","itemListElement":[{"@type":"ListItem","position":1,"name":"Home","item":"https:\/\/miumjau.ee\/lv\/"},{"@type":"ListItem","position":2,"name":"Veikals","item":"https:\/\/miumjau.ee\/lv\/veikals\/"},{"@type":"ListItem","position":3,"name":"Su\u0146u B\u016bris ar Met\u0101la Sietu M (76x45x51,5cm)"}]},{"@type":"WebSite","@id":"https:\/\/miumjau.ee\/#website","url":"https:\/\/miumjau.ee\/","name":"MiuMjau","description":"Kraapimispuud kassidele","publisher":{"@id":"https:\/\/miumjau.ee\/#organization"},"potentialAction":[{"@type":"SearchAction","target":{"@type":"EntryPoint","urlTemplate":"https:\/\/miumjau.ee\/?s={search_term_string}"},"query-input":{"@type":"PropertyValueSpecification","valueRequired":true,"valueName":"search_term_string"}}],"inLanguage":"lv-LV"},{"@type":"Organization","@id":"https:\/\/miumjau.ee\/#organization","name":"MiuMjau O\u00dc","url":"https:\/\/miumjau.ee\/","logo":{"@type":"ImageObject","inLanguage":"lv-LV","@id":"https:\/\/miumjau.ee\/#\/schema\/logo\/image\/","url":"https:\/\/miumjau.ee\/wp-content\/uploads\/2022\/04\/MiuMjau-logo-kollane.png","contentUrl":"https:\/\/miumjau.ee\/wp-content\/uploads\/2022\/04\/MiuMjau-logo-kollane.png","width":219,"height":100,"caption":"MiuMjau O\u00dc"},"image":{"@id":"https:\/\/miumjau.ee\/#\/schema\/logo\/image\/"},"sameAs":["https:\/\/www.facebook.com\/miumjaupood\/"]}]}},"_links":{"self":[{"href":"https:\/\/miumjau.ee\/lv\/wp-json\/wp\/v2\/product\/49489","targetHints":{"allow":["GET"]}}],"collection":[{"href":"https:\/\/miumjau.ee\/lv\/wp-json\/wp\/v2\/product"}],"about":[{"href":"https:\/\/miumjau.ee\/lv\/wp-json\/wp\/v2\/types\/product"}],"wp:featuredmedia":[{"embeddable":true,"href":"https:\/\/miumjau.ee\/lv\/wp-json\/wp\/v2\/media\/49483"}],"wp:attachment":[{"href":"https:\/\/miumjau.ee\/lv\/wp-json\/wp\/v2\/media?parent=49489"}],"wp:term":[{"taxonomy":"product_brand","embeddable":true,"href":"https:\/\/miumjau.ee\/lv\/wp-json\/wp\/v2\/product_brand?post=49489"},{"taxonomy":"product_cat","embeddable":true,"href":"https:\/\/miumjau.ee\/lv\/wp-json\/wp\/v2\/product_cat?post=49489"},{"taxonomy":"product_tag","embeddable":true,"href":"https:\/\/miumjau.ee\/lv\/wp-json\/wp\/v2\/product_tag?post=49489"}],"curies":[{"name":"wp","href":"https:\/\/api.w.org\/{rel}","templated":true}]}}