{"id":49478,"date":"2025-06-14T17:40:55","date_gmt":"2025-06-14T14:40:55","guid":{"rendered":"https:\/\/miumjau.ee\/toode\/bugalugs-pedu-tiritajs-putas-ar-papaiju-un-kokosu-bez-mazgasanas-200ml\/"},"modified":"2026-01-07T21:16:16","modified_gmt":"2026-01-07T19:16:16","slug":"bugalugs-pedu-tiritajs-putas-ar-papaiju-un-kokosu-bez-mazgasanas-200ml","status":"publish","type":"product","link":"https:\/\/miumjau.ee\/lv\/produkts\/bugalugs-pedu-tiritajs-putas-ar-papaiju-un-kokosu-bez-mazgasanas-200ml\/","title":{"rendered":"Bugalugs P\u0113du T\u012br\u012bt\u0101js Put\u0101s ar Papaiju un Kokosu, Bez Mazg\u0101\u0161anas 200ml"},"content":{"rendered":"","protected":false},"excerpt":{"rendered":"<p data-start=\"3624\" data-end=\"3727\">Saki ardie mudain\u0101m, saus\u0101m un kairin\u0101t\u0101m \u0137ep\u0101m ar Bugalugs putojo\u0161o p\u0113du t\u012br\u012bt\u0101ju, kuru nav j\u0101skalo!<\/p>\n<p data-start=\"3729\" data-end=\"4015\">Silikona suku galva ir izstr\u0101d\u0101ta, lai maigi mas\u0113tu j\u016bsu m\u0101jdz\u012bvnieka \u0137epas, sasniedzot plaisas un pirkstu starpas, lai no\u0146emtu ar\u012b notur\u012bgus net\u012brumus. M\u012bkstie, bet iztur\u012bgie silikona sari\u0146i ir maigi j\u016bsu m\u0101jdz\u012bvnieka jut\u012bgajiem \u0137epu spilventi\u0146iem, padarot t\u012br\u012b\u0161anu \u0113rtu un pat\u012bkamu.<\/p>\n<p data-start=\"4017\" data-end=\"4289\">Bugalugs p\u0113du t\u012br\u012bt\u0101ja \u012bpa\u0161\u0101 \u012bpa\u0161\u012bba ir m\u016bsu putu formula, ko nav j\u0101skalo. Viegli lietojama putu s\u016bk\u0146a un sukas kombin\u0101cija \u013cauj vienk\u0101r\u0161i uzkl\u0101t putas tie\u0161i uz \u0137ep\u0101m \u2013 tik vienk\u0101r\u0161i! Kompaktais izm\u0113rs padara to ide\u0101li piem\u0113rotu ce\u013cojumiem, nometn\u0113m vai \u012bsiem pastaig\u0101m.<\/p>\n<p data-start=\"4291\" data-end=\"4529\">Dabiska formula satur \u0113terisk\u0101s e\u013c\u013cas, ekstraktus un pat\u012bkamu arom\u0101tu, kas samazina nepat\u012bkamas smakas un nomierina \u0101du. Maiga formula piem\u0113rota ar\u012b visjut\u012bg\u0101kajai \u0101dai un to var izmantot vis\u0101m su\u0146u \u0161\u0137irn\u0113m un ka\u0137iem no 8 ned\u0113\u013cu vecuma.<\/p>\n<p data-start=\"4531\" data-end=\"4943\"><strong data-start=\"4531\" data-end=\"4552\">Lieto\u0161anas veids:<\/strong><br data-start=\"4552\" data-end=\"4555\" \/>No\u0146emiet v\u0101ci\u0146u un nospiediet s\u016bkni, lai putas uzsmidzin\u0101tu uz m\u012bkst\u0101s silikona sukas. Mas\u0113jiet putas maigi ap\u013cveida kust\u012bb\u0101s pa \u0137ep\u0101m, p\u0101rliecinoties, ka t\u0101s sasniedz ar\u012b pirkstu starpas. Noslaukiet \u0137epas sausas. Mazg\u0101\u0161ana nav nepiecie\u0161ama. Lietojiet p\u0113c katras pastaigas vai tik bie\u017ei, cik nepiecie\u0161ams. Lai izt\u012br\u012btu silikona sari\u0146us, no\u0146emiet sukas v\u0101ci\u0146u un noskalojiet silt\u0101 \u016bden\u012b.<\/p>\n<p data-start=\"4945\" data-end=\"5247\"><strong data-start=\"4945\" data-end=\"4961\">Sast\u0101vda\u013cas:<\/strong> \u016bdens, glicer\u012bns, polisorb\u0101ts 20, dekils glikoz\u012bds, metilpropandiols, kokamidopropilbetains, cetirimonija hlor\u012bds, parf\u012bms, kaprililglikols, n\u0101trija hlor\u012bds, benzofenons-4, citronsk\u0101be, fenilprop\u0101nols, papaijas aug\u013cu ekstrakts, kokosriekstu aug\u013cu ekstrakts, fenoksietanols, CI 14700.<\/p>\n<p data-start=\"5249\" data-end=\"5281\"><strong data-start=\"5249\" data-end=\"5262\">Ra\u017eot\u0101js:<\/strong> Lakeland Cosmetics<\/p>\n","protected":false},"featured_media":49475,"template":"","meta":[],"product_brand":[],"product_cat":[560],"product_tag":[],"class_list":{"0":"post-49478","1":"product","2":"type-product","3":"status-publish","4":"has-post-thumbnail","6":"product_cat-kopsanas-lidzekli-suniem","8":"first","9":"instock","10":"sale","11":"taxable","12":"shipping-taxable","13":"purchasable","14":"product-type-simple"},"yoast_head":"<!-- This site is optimized with the Yoast SEO plugin v27.4 - https:\/\/yoast.com\/product\/yoast-seo-wordpress\/ -->\n<title>Bugalugs P\u0113du T\u012br\u012bt\u0101js Put\u0101s ar Papaiju un Kokosu, Bez Mazg\u0101\u0161anas 200ml - MiuMjau<\/title>\n<meta name=\"robots\" content=\"index, follow, max-snippet:-1, max-image-preview:large, max-video-preview:-1\" \/>\n<link rel=\"canonical\" href=\"https:\/\/miumjau.ee\/toode\/bugalugs-papaia-ja-kookosega-loputusvaba-kapapuhastusvahend-200ml\/\" \/>\n<meta property=\"og:locale\" content=\"lv_LV\" \/>\n<meta property=\"og:type\" content=\"article\" \/>\n<meta property=\"og:title\" content=\"Bugalugs P\u0113du T\u012br\u012bt\u0101js Put\u0101s ar Papaiju un Kokosu, Bez Mazg\u0101\u0161anas 200ml - MiuMjau\" \/>\n<meta property=\"og:description\" content=\"Saki ardie mudain\u0101m, saus\u0101m un kairin\u0101t\u0101m \u0137ep\u0101m ar Bugalugs putojo\u0161o p\u0113du t\u012br\u012bt\u0101ju, kuru nav j\u0101skalo! Silikona suku galva ir izstr\u0101d\u0101ta, lai maigi mas\u0113tu j\u016bsu m\u0101jdz\u012bvnieka \u0137epas, sasniedzot plaisas un pirkstu starpas, lai no\u0146emtu ar\u012b notur\u012bgus net\u012brumus. M\u012bkstie, bet iztur\u012bgie silikona sari\u0146i ir maigi j\u016bsu m\u0101jdz\u012bvnieka jut\u012bgajiem \u0137epu spilventi\u0146iem, padarot t\u012br\u012b\u0161anu \u0113rtu un pat\u012bkamu. Bugalugs p\u0113du t\u012br\u012bt\u0101ja \u012bpa\u0161\u0101 \u012bpa\u0161\u012bba ir m\u016bsu putu formula, ko nav j\u0101skalo. Viegli lietojama putu s\u016bk\u0146a un sukas kombin\u0101cija \u013cauj vienk\u0101r\u0161i uzkl\u0101t putas tie\u0161i uz \u0137ep\u0101m \u2013 tik vienk\u0101r\u0161i! Kompaktais izm\u0113rs padara to ide\u0101li piem\u0113rotu ce\u013cojumiem, nometn\u0113m vai \u012bsiem pastaig\u0101m. Dabiska formula satur \u0113terisk\u0101s e\u013c\u013cas, ekstraktus un pat\u012bkamu arom\u0101tu, kas samazina nepat\u012bkamas smakas un nomierina \u0101du. Maiga formula piem\u0113rota ar\u012b visjut\u012bg\u0101kajai \u0101dai un to var izmantot vis\u0101m su\u0146u \u0161\u0137irn\u0113m un ka\u0137iem no 8 ned\u0113\u013cu vecuma. Lieto\u0161anas veids:No\u0146emiet v\u0101ci\u0146u un nospiediet s\u016bkni, lai putas uzsmidzin\u0101tu uz m\u012bkst\u0101s silikona sukas. Mas\u0113jiet putas maigi ap\u013cveida kust\u012bb\u0101s pa \u0137ep\u0101m, p\u0101rliecinoties, ka t\u0101s sasniedz ar\u012b pirkstu starpas. Noslaukiet \u0137epas sausas. Mazg\u0101\u0161ana nav nepiecie\u0161ama. Lietojiet p\u0113c katras pastaigas vai tik bie\u017ei, cik nepiecie\u0161ams. Lai izt\u012br\u012btu silikona sari\u0146us, no\u0146emiet sukas v\u0101ci\u0146u un noskalojiet silt\u0101 \u016bden\u012b. Sast\u0101vda\u013cas: \u016bdens, glicer\u012bns, polisorb\u0101ts 20, dekils glikoz\u012bds, metilpropandiols, kokamidopropilbetains, cetirimonija hlor\u012bds, parf\u012bms, kaprililglikols, n\u0101trija hlor\u012bds, benzofenons-4, citronsk\u0101be, fenilprop\u0101nols, papaijas aug\u013cu ekstrakts, kokosriekstu aug\u013cu ekstrakts, fenoksietanols, CI 14700. Ra\u017eot\u0101js: Lakeland Cosmetics\" \/>\n<meta property=\"og:url\" content=\"https:\/\/miumjau.ee\/toode\/bugalugs-papaia-ja-kookosega-loputusvaba-kapapuhastusvahend-200ml\/\" \/>\n<meta property=\"og:site_name\" content=\"MiuMjau\" \/>\n<meta property=\"article:publisher\" content=\"https:\/\/www.facebook.com\/miumjaupood\/\" \/>\n<meta property=\"article:modified_time\" content=\"2026-01-07T19:16:16+00:00\" \/>\n<meta property=\"og:image\" content=\"https:\/\/miumjau.ee\/wp-content\/uploads\/2025\/06\/Bugalugs-loputusvaba-kapapuhastusvahend-200ml.jpg\" \/>\n\t<meta property=\"og:image:width\" content=\"600\" \/>\n\t<meta property=\"og:image:height\" content=\"800\" \/>\n\t<meta property=\"og:image:type\" content=\"image\/jpeg\" \/>\n<meta name=\"twitter:card\" content=\"summary_large_image\" \/>\n<script type=\"application\/ld+json\" class=\"yoast-schema-graph\">{\"@context\":\"https:\\\/\\\/schema.org\",\"@graph\":[{\"@type\":\"WebPage\",\"@id\":\"https:\\\/\\\/miumjau.ee\\\/toode\\\/bugalugs-papaia-ja-kookosega-loputusvaba-kapapuhastusvahend-200ml\\\/\",\"url\":\"https:\\\/\\\/miumjau.ee\\\/toode\\\/bugalugs-papaia-ja-kookosega-loputusvaba-kapapuhastusvahend-200ml\\\/\",\"name\":\"Bugalugs P\u0113du T\u012br\u012bt\u0101js Put\u0101s ar Papaiju un Kokosu, Bez Mazg\u0101\u0161anas 200ml - MiuMjau\",\"isPartOf\":{\"@id\":\"https:\\\/\\\/miumjau.ee\\\/#website\"},\"primaryImageOfPage\":{\"@id\":\"https:\\\/\\\/miumjau.ee\\\/toode\\\/bugalugs-papaia-ja-kookosega-loputusvaba-kapapuhastusvahend-200ml\\\/#primaryimage\"},\"image\":{\"@id\":\"https:\\\/\\\/miumjau.ee\\\/toode\\\/bugalugs-papaia-ja-kookosega-loputusvaba-kapapuhastusvahend-200ml\\\/#primaryimage\"},\"thumbnailUrl\":\"https:\\\/\\\/miumjau.ee\\\/wp-content\\\/uploads\\\/2025\\\/06\\\/Bugalugs-loputusvaba-kapapuhastusvahend-200ml.jpg\",\"datePublished\":\"2025-06-14T14:40:55+00:00\",\"dateModified\":\"2026-01-07T19:16:16+00:00\",\"breadcrumb\":{\"@id\":\"https:\\\/\\\/miumjau.ee\\\/toode\\\/bugalugs-papaia-ja-kookosega-loputusvaba-kapapuhastusvahend-200ml\\\/#breadcrumb\"},\"inLanguage\":\"lv-LV\",\"potentialAction\":[{\"@type\":\"ReadAction\",\"target\":[\"https:\\\/\\\/miumjau.ee\\\/toode\\\/bugalugs-papaia-ja-kookosega-loputusvaba-kapapuhastusvahend-200ml\\\/\"]}]},{\"@type\":\"ImageObject\",\"inLanguage\":\"lv-LV\",\"@id\":\"https:\\\/\\\/miumjau.ee\\\/toode\\\/bugalugs-papaia-ja-kookosega-loputusvaba-kapapuhastusvahend-200ml\\\/#primaryimage\",\"url\":\"https:\\\/\\\/miumjau.ee\\\/wp-content\\\/uploads\\\/2025\\\/06\\\/Bugalugs-loputusvaba-kapapuhastusvahend-200ml.jpg\",\"contentUrl\":\"https:\\\/\\\/miumjau.ee\\\/wp-content\\\/uploads\\\/2025\\\/06\\\/Bugalugs-loputusvaba-kapapuhastusvahend-200ml.jpg\",\"width\":600,\"height\":800},{\"@type\":\"BreadcrumbList\",\"@id\":\"https:\\\/\\\/miumjau.ee\\\/toode\\\/bugalugs-papaia-ja-kookosega-loputusvaba-kapapuhastusvahend-200ml\\\/#breadcrumb\",\"itemListElement\":[{\"@type\":\"ListItem\",\"position\":1,\"name\":\"Home\",\"item\":\"https:\\\/\\\/miumjau.ee\\\/lv\\\/\"},{\"@type\":\"ListItem\",\"position\":2,\"name\":\"Veikals\",\"item\":\"https:\\\/\\\/miumjau.ee\\\/lv\\\/veikals\\\/\"},{\"@type\":\"ListItem\",\"position\":3,\"name\":\"Bugalugs P\u0113du T\u012br\u012bt\u0101js Put\u0101s ar Papaiju un Kokosu, Bez Mazg\u0101\u0161anas 200ml\"}]},{\"@type\":\"WebSite\",\"@id\":\"https:\\\/\\\/miumjau.ee\\\/#website\",\"url\":\"https:\\\/\\\/miumjau.ee\\\/\",\"name\":\"MiuMjau\",\"description\":\"Kraapimispuud kassidele\",\"publisher\":{\"@id\":\"https:\\\/\\\/miumjau.ee\\\/#organization\"},\"potentialAction\":[{\"@type\":\"SearchAction\",\"target\":{\"@type\":\"EntryPoint\",\"urlTemplate\":\"https:\\\/\\\/miumjau.ee\\\/?s={search_term_string}\"},\"query-input\":{\"@type\":\"PropertyValueSpecification\",\"valueRequired\":true,\"valueName\":\"search_term_string\"}}],\"inLanguage\":\"lv-LV\"},{\"@type\":\"Organization\",\"@id\":\"https:\\\/\\\/miumjau.ee\\\/#organization\",\"name\":\"MiuMjau O\u00dc\",\"url\":\"https:\\\/\\\/miumjau.ee\\\/\",\"logo\":{\"@type\":\"ImageObject\",\"inLanguage\":\"lv-LV\",\"@id\":\"https:\\\/\\\/miumjau.ee\\\/#\\\/schema\\\/logo\\\/image\\\/\",\"url\":\"https:\\\/\\\/miumjau.ee\\\/wp-content\\\/uploads\\\/2022\\\/04\\\/MiuMjau-logo-kollane.png\",\"contentUrl\":\"https:\\\/\\\/miumjau.ee\\\/wp-content\\\/uploads\\\/2022\\\/04\\\/MiuMjau-logo-kollane.png\",\"width\":219,\"height\":100,\"caption\":\"MiuMjau O\u00dc\"},\"image\":{\"@id\":\"https:\\\/\\\/miumjau.ee\\\/#\\\/schema\\\/logo\\\/image\\\/\"},\"sameAs\":[\"https:\\\/\\\/www.facebook.com\\\/miumjaupood\\\/\"]}]}<\/script>\n<!-- \/ Yoast SEO plugin. -->","yoast_head_json":{"title":"Bugalugs P\u0113du T\u012br\u012bt\u0101js Put\u0101s ar Papaiju un Kokosu, Bez Mazg\u0101\u0161anas 200ml - MiuMjau","robots":{"index":"index","follow":"follow","max-snippet":"max-snippet:-1","max-image-preview":"max-image-preview:large","max-video-preview":"max-video-preview:-1"},"canonical":"https:\/\/miumjau.ee\/toode\/bugalugs-papaia-ja-kookosega-loputusvaba-kapapuhastusvahend-200ml\/","og_locale":"lv_LV","og_type":"article","og_title":"Bugalugs P\u0113du T\u012br\u012bt\u0101js Put\u0101s ar Papaiju un Kokosu, Bez Mazg\u0101\u0161anas 200ml - MiuMjau","og_description":"Saki ardie mudain\u0101m, saus\u0101m un kairin\u0101t\u0101m \u0137ep\u0101m ar Bugalugs putojo\u0161o p\u0113du t\u012br\u012bt\u0101ju, kuru nav j\u0101skalo! Silikona suku galva ir izstr\u0101d\u0101ta, lai maigi mas\u0113tu j\u016bsu m\u0101jdz\u012bvnieka \u0137epas, sasniedzot plaisas un pirkstu starpas, lai no\u0146emtu ar\u012b notur\u012bgus net\u012brumus. M\u012bkstie, bet iztur\u012bgie silikona sari\u0146i ir maigi j\u016bsu m\u0101jdz\u012bvnieka jut\u012bgajiem \u0137epu spilventi\u0146iem, padarot t\u012br\u012b\u0161anu \u0113rtu un pat\u012bkamu. Bugalugs p\u0113du t\u012br\u012bt\u0101ja \u012bpa\u0161\u0101 \u012bpa\u0161\u012bba ir m\u016bsu putu formula, ko nav j\u0101skalo. Viegli lietojama putu s\u016bk\u0146a un sukas kombin\u0101cija \u013cauj vienk\u0101r\u0161i uzkl\u0101t putas tie\u0161i uz \u0137ep\u0101m \u2013 tik vienk\u0101r\u0161i! Kompaktais izm\u0113rs padara to ide\u0101li piem\u0113rotu ce\u013cojumiem, nometn\u0113m vai \u012bsiem pastaig\u0101m. Dabiska formula satur \u0113terisk\u0101s e\u013c\u013cas, ekstraktus un pat\u012bkamu arom\u0101tu, kas samazina nepat\u012bkamas smakas un nomierina \u0101du. Maiga formula piem\u0113rota ar\u012b visjut\u012bg\u0101kajai \u0101dai un to var izmantot vis\u0101m su\u0146u \u0161\u0137irn\u0113m un ka\u0137iem no 8 ned\u0113\u013cu vecuma. Lieto\u0161anas veids:No\u0146emiet v\u0101ci\u0146u un nospiediet s\u016bkni, lai putas uzsmidzin\u0101tu uz m\u012bkst\u0101s silikona sukas. Mas\u0113jiet putas maigi ap\u013cveida kust\u012bb\u0101s pa \u0137ep\u0101m, p\u0101rliecinoties, ka t\u0101s sasniedz ar\u012b pirkstu starpas. Noslaukiet \u0137epas sausas. Mazg\u0101\u0161ana nav nepiecie\u0161ama. Lietojiet p\u0113c katras pastaigas vai tik bie\u017ei, cik nepiecie\u0161ams. Lai izt\u012br\u012btu silikona sari\u0146us, no\u0146emiet sukas v\u0101ci\u0146u un noskalojiet silt\u0101 \u016bden\u012b. Sast\u0101vda\u013cas: \u016bdens, glicer\u012bns, polisorb\u0101ts 20, dekils glikoz\u012bds, metilpropandiols, kokamidopropilbetains, cetirimonija hlor\u012bds, parf\u012bms, kaprililglikols, n\u0101trija hlor\u012bds, benzofenons-4, citronsk\u0101be, fenilprop\u0101nols, papaijas aug\u013cu ekstrakts, kokosriekstu aug\u013cu ekstrakts, fenoksietanols, CI 14700. Ra\u017eot\u0101js: Lakeland Cosmetics","og_url":"https:\/\/miumjau.ee\/toode\/bugalugs-papaia-ja-kookosega-loputusvaba-kapapuhastusvahend-200ml\/","og_site_name":"MiuMjau","article_publisher":"https:\/\/www.facebook.com\/miumjaupood\/","article_modified_time":"2026-01-07T19:16:16+00:00","og_image":[{"width":600,"height":800,"url":"https:\/\/miumjau.ee\/wp-content\/uploads\/2025\/06\/Bugalugs-loputusvaba-kapapuhastusvahend-200ml.jpg","type":"image\/jpeg"}],"twitter_card":"summary_large_image","schema":{"@context":"https:\/\/schema.org","@graph":[{"@type":"WebPage","@id":"https:\/\/miumjau.ee\/toode\/bugalugs-papaia-ja-kookosega-loputusvaba-kapapuhastusvahend-200ml\/","url":"https:\/\/miumjau.ee\/toode\/bugalugs-papaia-ja-kookosega-loputusvaba-kapapuhastusvahend-200ml\/","name":"Bugalugs P\u0113du T\u012br\u012bt\u0101js Put\u0101s ar Papaiju un Kokosu, Bez Mazg\u0101\u0161anas 200ml - MiuMjau","isPartOf":{"@id":"https:\/\/miumjau.ee\/#website"},"primaryImageOfPage":{"@id":"https:\/\/miumjau.ee\/toode\/bugalugs-papaia-ja-kookosega-loputusvaba-kapapuhastusvahend-200ml\/#primaryimage"},"image":{"@id":"https:\/\/miumjau.ee\/toode\/bugalugs-papaia-ja-kookosega-loputusvaba-kapapuhastusvahend-200ml\/#primaryimage"},"thumbnailUrl":"https:\/\/miumjau.ee\/wp-content\/uploads\/2025\/06\/Bugalugs-loputusvaba-kapapuhastusvahend-200ml.jpg","datePublished":"2025-06-14T14:40:55+00:00","dateModified":"2026-01-07T19:16:16+00:00","breadcrumb":{"@id":"https:\/\/miumjau.ee\/toode\/bugalugs-papaia-ja-kookosega-loputusvaba-kapapuhastusvahend-200ml\/#breadcrumb"},"inLanguage":"lv-LV","potentialAction":[{"@type":"ReadAction","target":["https:\/\/miumjau.ee\/toode\/bugalugs-papaia-ja-kookosega-loputusvaba-kapapuhastusvahend-200ml\/"]}]},{"@type":"ImageObject","inLanguage":"lv-LV","@id":"https:\/\/miumjau.ee\/toode\/bugalugs-papaia-ja-kookosega-loputusvaba-kapapuhastusvahend-200ml\/#primaryimage","url":"https:\/\/miumjau.ee\/wp-content\/uploads\/2025\/06\/Bugalugs-loputusvaba-kapapuhastusvahend-200ml.jpg","contentUrl":"https:\/\/miumjau.ee\/wp-content\/uploads\/2025\/06\/Bugalugs-loputusvaba-kapapuhastusvahend-200ml.jpg","width":600,"height":800},{"@type":"BreadcrumbList","@id":"https:\/\/miumjau.ee\/toode\/bugalugs-papaia-ja-kookosega-loputusvaba-kapapuhastusvahend-200ml\/#breadcrumb","itemListElement":[{"@type":"ListItem","position":1,"name":"Home","item":"https:\/\/miumjau.ee\/lv\/"},{"@type":"ListItem","position":2,"name":"Veikals","item":"https:\/\/miumjau.ee\/lv\/veikals\/"},{"@type":"ListItem","position":3,"name":"Bugalugs P\u0113du T\u012br\u012bt\u0101js Put\u0101s ar Papaiju un Kokosu, Bez Mazg\u0101\u0161anas 200ml"}]},{"@type":"WebSite","@id":"https:\/\/miumjau.ee\/#website","url":"https:\/\/miumjau.ee\/","name":"MiuMjau","description":"Kraapimispuud kassidele","publisher":{"@id":"https:\/\/miumjau.ee\/#organization"},"potentialAction":[{"@type":"SearchAction","target":{"@type":"EntryPoint","urlTemplate":"https:\/\/miumjau.ee\/?s={search_term_string}"},"query-input":{"@type":"PropertyValueSpecification","valueRequired":true,"valueName":"search_term_string"}}],"inLanguage":"lv-LV"},{"@type":"Organization","@id":"https:\/\/miumjau.ee\/#organization","name":"MiuMjau O\u00dc","url":"https:\/\/miumjau.ee\/","logo":{"@type":"ImageObject","inLanguage":"lv-LV","@id":"https:\/\/miumjau.ee\/#\/schema\/logo\/image\/","url":"https:\/\/miumjau.ee\/wp-content\/uploads\/2022\/04\/MiuMjau-logo-kollane.png","contentUrl":"https:\/\/miumjau.ee\/wp-content\/uploads\/2022\/04\/MiuMjau-logo-kollane.png","width":219,"height":100,"caption":"MiuMjau O\u00dc"},"image":{"@id":"https:\/\/miumjau.ee\/#\/schema\/logo\/image\/"},"sameAs":["https:\/\/www.facebook.com\/miumjaupood\/"]}]}},"_links":{"self":[{"href":"https:\/\/miumjau.ee\/lv\/wp-json\/wp\/v2\/product\/49478","targetHints":{"allow":["GET"]}}],"collection":[{"href":"https:\/\/miumjau.ee\/lv\/wp-json\/wp\/v2\/product"}],"about":[{"href":"https:\/\/miumjau.ee\/lv\/wp-json\/wp\/v2\/types\/product"}],"wp:featuredmedia":[{"embeddable":true,"href":"https:\/\/miumjau.ee\/lv\/wp-json\/wp\/v2\/media\/49475"}],"wp:attachment":[{"href":"https:\/\/miumjau.ee\/lv\/wp-json\/wp\/v2\/media?parent=49478"}],"wp:term":[{"taxonomy":"product_brand","embeddable":true,"href":"https:\/\/miumjau.ee\/lv\/wp-json\/wp\/v2\/product_brand?post=49478"},{"taxonomy":"product_cat","embeddable":true,"href":"https:\/\/miumjau.ee\/lv\/wp-json\/wp\/v2\/product_cat?post=49478"},{"taxonomy":"product_tag","embeddable":true,"href":"https:\/\/miumjau.ee\/lv\/wp-json\/wp\/v2\/product_tag?post=49478"}],"curies":[{"name":"wp","href":"https:\/\/api.w.org\/{rel}","templated":true}]}}