{"id":49462,"date":"2025-06-17T22:20:44","date_gmt":"2025-06-17T19:20:44","guid":{"rendered":"https:\/\/miumjau.ee\/toode\/bugalugs-sunu-kepu-tiritajs-melns-l\/"},"modified":"2026-01-07T21:16:16","modified_gmt":"2026-01-07T19:16:16","slug":"bugalugs-sunu-kepu-tiritajs-melns-l","status":"publish","type":"product","link":"https:\/\/miumjau.ee\/lv\/produkts\/bugalugs-sunu-kepu-tiritajs-melns-l\/","title":{"rendered":"Bugalugs Su\u0146u \u0136epu T\u012br\u012bt\u0101js, Melns L"},"content":{"rendered":"","protected":false},"excerpt":{"rendered":"<p data-start=\"2443\" data-end=\"2631\">Uzturi sava su\u0146a \u0137epas t\u012bras un m\u0101ju bez dub\u013ciem ar Bugalugs praktisko \u0137epu t\u012br\u012bt\u0101ju! \u0160is viegli lietojamais r\u012bks \u0101tri no\u0146em net\u012brumus, smiltis un dub\u013cus, vienlaikus b\u016bt maigam su\u0146a \u0137ep\u0101m.<\/p>\n<p data-start=\"2633\" data-end=\"2655\"><strong data-start=\"2633\" data-end=\"2655\">Galven\u0101s \u012bpa\u0161\u012bbas:<\/strong><\/p>\n<p data-start=\"2657\" data-end=\"3109\">\ud83e\uddf4 Vienk\u0101r\u0161i lietojams \u2013 pievienojiet t\u012br\u012bt\u0101jam \u016bdeni, ievietojiet \u0137epu un viegli p\u0101rvietojiet atpaka\u013c un uz priek\u0161u \u2013 tik vienk\u0101r\u0161i!<br data-start=\"2790\" data-end=\"2793\" \/>\ud83d\udca7 Efekt\u012bva t\u012br\u012b\u0161ana \u2013 efekt\u012bvi no\u0146em dub\u013cus, smiltis un citus net\u012brumus t\u016bl\u012bt p\u0113c pastaigas.<br data-start=\"2886\" data-end=\"2889\" \/>\ud83d\udc3e M\u012bksti silikona sari\u0146i \u2013 maigi \u0137epu spilventi\u0146iem, piem\u0113rots jut\u012bgiem su\u0146iem.<br data-start=\"2969\" data-end=\"2972\" \/>\u23f1 Ikdienas lieto\u0161anai \u2013 ide\u0101li mitros vai dub\u013cainos apst\u0101k\u013cos.<br data-start=\"3034\" data-end=\"3037\" \/>\ud83e\uddfc Viegli uzturams \u2013 p\u0113c lieto\u0161anas izskalojiet t\u012bru un \u013caujiet no\u017e\u016bt.<\/p>\n<p data-start=\"3111\" data-end=\"3134\"><strong data-start=\"3111\" data-end=\"3132\">Lieto\u0161anas veids:<\/strong><\/p>\n<p data-start=\"3136\" data-end=\"3372\">Aizpildiet t\u012br\u012bt\u0101ju ar siltu \u016bdeni un p\u0113c izv\u0113les pievienojiet dz\u012bvniekiem dro\u0161u \u0161amp\u016bnu.<br data-start=\"3225\" data-end=\"3228\" \/>Ievietojiet su\u0146a \u0137epu t\u012br\u012bt\u0101j\u0101 un viegli pagrieziet atpaka\u013c un uz priek\u0161u.<br data-start=\"3302\" data-end=\"3305\" \/>Nosusiniet \u0137epu ar dvieli un izskalojiet t\u012br\u012bt\u0101ju p\u0113c lieto\u0161anas.<\/p>\n<p data-start=\"3374\" data-end=\"3523\">\u0136epu t\u012br\u012bt\u0101js ide\u0101li piem\u0113rots zelta retr\u012bveriem, labradoriem, v\u0101cu aitu su\u0146iem, doberma\u0146iem un citiem l\u012bdz\u012bga lieluma su\u0146iem (\u0137epas platums 5\u20138 cm).<\/p>\n<p data-start=\"3525\" data-end=\"3557\"><strong data-start=\"3525\" data-end=\"3538\">Ra\u017eot\u0101js:<\/strong> Lakeland Cosmetics<\/p>\n","protected":false},"featured_media":49463,"template":"","meta":[],"product_brand":[],"product_cat":[560],"product_tag":[],"class_list":{"0":"post-49462","1":"product","2":"type-product","3":"status-publish","4":"has-post-thumbnail","6":"product_cat-kopsanas-lidzekli-suniem","8":"first","9":"instock","10":"taxable","11":"shipping-taxable","12":"purchasable","13":"product-type-simple"},"yoast_head":"<!-- This site is optimized with the Yoast SEO plugin v27.2 - https:\/\/yoast.com\/product\/yoast-seo-wordpress\/ -->\n<title>Bugalugs Su\u0146u \u0136epu T\u012br\u012bt\u0101js, Melns L - MiuMjau<\/title>\n<meta name=\"robots\" content=\"index, follow, max-snippet:-1, max-image-preview:large, max-video-preview:-1\" \/>\n<link rel=\"canonical\" href=\"https:\/\/miumjau.ee\/lv\/produkts\/bugalugs-sunu-kepu-tiritajs-melns-l\/\" \/>\n<meta property=\"og:locale\" content=\"lv_LV\" \/>\n<meta property=\"og:type\" content=\"article\" \/>\n<meta property=\"og:title\" content=\"Bugalugs Su\u0146u \u0136epu T\u012br\u012bt\u0101js, Melns L - MiuMjau\" \/>\n<meta property=\"og:description\" content=\"Uzturi sava su\u0146a \u0137epas t\u012bras un m\u0101ju bez dub\u013ciem ar Bugalugs praktisko \u0137epu t\u012br\u012bt\u0101ju! \u0160is viegli lietojamais r\u012bks \u0101tri no\u0146em net\u012brumus, smiltis un dub\u013cus, vienlaikus b\u016bt maigam su\u0146a \u0137ep\u0101m. Galven\u0101s \u012bpa\u0161\u012bbas: \ud83e\uddf4 Vienk\u0101r\u0161i lietojams \u2013 pievienojiet t\u012br\u012bt\u0101jam \u016bdeni, ievietojiet \u0137epu un viegli p\u0101rvietojiet atpaka\u013c un uz priek\u0161u \u2013 tik vienk\u0101r\u0161i!\ud83d\udca7 Efekt\u012bva t\u012br\u012b\u0161ana \u2013 efekt\u012bvi no\u0146em dub\u013cus, smiltis un citus net\u012brumus t\u016bl\u012bt p\u0113c pastaigas.\ud83d\udc3e M\u012bksti silikona sari\u0146i \u2013 maigi \u0137epu spilventi\u0146iem, piem\u0113rots jut\u012bgiem su\u0146iem.\u23f1 Ikdienas lieto\u0161anai \u2013 ide\u0101li mitros vai dub\u013cainos apst\u0101k\u013cos.\ud83e\uddfc Viegli uzturams \u2013 p\u0113c lieto\u0161anas izskalojiet t\u012bru un \u013caujiet no\u017e\u016bt. Lieto\u0161anas veids: Aizpildiet t\u012br\u012bt\u0101ju ar siltu \u016bdeni un p\u0113c izv\u0113les pievienojiet dz\u012bvniekiem dro\u0161u \u0161amp\u016bnu.Ievietojiet su\u0146a \u0137epu t\u012br\u012bt\u0101j\u0101 un viegli pagrieziet atpaka\u013c un uz priek\u0161u.Nosusiniet \u0137epu ar dvieli un izskalojiet t\u012br\u012bt\u0101ju p\u0113c lieto\u0161anas. \u0136epu t\u012br\u012bt\u0101js ide\u0101li piem\u0113rots zelta retr\u012bveriem, labradoriem, v\u0101cu aitu su\u0146iem, doberma\u0146iem un citiem l\u012bdz\u012bga lieluma su\u0146iem (\u0137epas platums 5\u20138 cm). Ra\u017eot\u0101js: Lakeland Cosmetics\" \/>\n<meta property=\"og:url\" content=\"https:\/\/miumjau.ee\/lv\/produkts\/bugalugs-sunu-kepu-tiritajs-melns-l\/\" \/>\n<meta property=\"og:site_name\" content=\"MiuMjau\" \/>\n<meta property=\"article:publisher\" content=\"https:\/\/www.facebook.com\/miumjaupood\/\" \/>\n<meta property=\"article:modified_time\" content=\"2026-01-07T19:16:16+00:00\" \/>\n<meta property=\"og:image\" content=\"https:\/\/miumjau.ee\/wp-content\/uploads\/2025\/06\/bugalugs-koera-kappade-puhastaja17.webp\" \/>\n\t<meta property=\"og:image:width\" content=\"600\" \/>\n\t<meta property=\"og:image:height\" content=\"800\" \/>\n\t<meta property=\"og:image:type\" content=\"image\/webp\" \/>\n<meta name=\"twitter:card\" content=\"summary_large_image\" \/>\n<script type=\"application\/ld+json\" class=\"yoast-schema-graph\">{\"@context\":\"https:\/\/schema.org\",\"@graph\":[{\"@type\":\"WebPage\",\"@id\":\"https:\/\/miumjau.ee\/lv\/produkts\/bugalugs-sunu-kepu-tiritajs-melns-l\/\",\"url\":\"https:\/\/miumjau.ee\/lv\/produkts\/bugalugs-sunu-kepu-tiritajs-melns-l\/\",\"name\":\"Bugalugs Su\u0146u \u0136epu T\u012br\u012bt\u0101js, Melns L - MiuMjau\",\"isPartOf\":{\"@id\":\"https:\/\/miumjau.ee\/#website\"},\"primaryImageOfPage\":{\"@id\":\"https:\/\/miumjau.ee\/lv\/produkts\/bugalugs-sunu-kepu-tiritajs-melns-l\/#primaryimage\"},\"image\":{\"@id\":\"https:\/\/miumjau.ee\/lv\/produkts\/bugalugs-sunu-kepu-tiritajs-melns-l\/#primaryimage\"},\"thumbnailUrl\":\"https:\/\/miumjau.ee\/wp-content\/uploads\/2025\/06\/bugalugs-koera-kappade-puhastaja17.webp\",\"datePublished\":\"2025-06-17T19:20:44+00:00\",\"dateModified\":\"2026-01-07T19:16:16+00:00\",\"breadcrumb\":{\"@id\":\"https:\/\/miumjau.ee\/lv\/produkts\/bugalugs-sunu-kepu-tiritajs-melns-l\/#breadcrumb\"},\"inLanguage\":\"lv-LV\",\"potentialAction\":[{\"@type\":\"ReadAction\",\"target\":[\"https:\/\/miumjau.ee\/lv\/produkts\/bugalugs-sunu-kepu-tiritajs-melns-l\/\"]}]},{\"@type\":\"ImageObject\",\"inLanguage\":\"lv-LV\",\"@id\":\"https:\/\/miumjau.ee\/lv\/produkts\/bugalugs-sunu-kepu-tiritajs-melns-l\/#primaryimage\",\"url\":\"https:\/\/miumjau.ee\/wp-content\/uploads\/2025\/06\/bugalugs-koera-kappade-puhastaja17.webp\",\"contentUrl\":\"https:\/\/miumjau.ee\/wp-content\/uploads\/2025\/06\/bugalugs-koera-kappade-puhastaja17.webp\",\"width\":600,\"height\":800},{\"@type\":\"BreadcrumbList\",\"@id\":\"https:\/\/miumjau.ee\/lv\/produkts\/bugalugs-sunu-kepu-tiritajs-melns-l\/#breadcrumb\",\"itemListElement\":[{\"@type\":\"ListItem\",\"position\":1,\"name\":\"Home\",\"item\":\"https:\/\/miumjau.ee\/lv\/\"},{\"@type\":\"ListItem\",\"position\":2,\"name\":\"Veikals\",\"item\":\"https:\/\/miumjau.ee\/lv\/veikals\/\"},{\"@type\":\"ListItem\",\"position\":3,\"name\":\"Bugalugs Su\u0146u \u0136epu T\u012br\u012bt\u0101js, Melns L\"}]},{\"@type\":\"WebSite\",\"@id\":\"https:\/\/miumjau.ee\/#website\",\"url\":\"https:\/\/miumjau.ee\/\",\"name\":\"MiuMjau\",\"description\":\"Kraapimispuud kassidele\",\"publisher\":{\"@id\":\"https:\/\/miumjau.ee\/#organization\"},\"potentialAction\":[{\"@type\":\"SearchAction\",\"target\":{\"@type\":\"EntryPoint\",\"urlTemplate\":\"https:\/\/miumjau.ee\/?s={search_term_string}\"},\"query-input\":{\"@type\":\"PropertyValueSpecification\",\"valueRequired\":true,\"valueName\":\"search_term_string\"}}],\"inLanguage\":\"lv-LV\"},{\"@type\":\"Organization\",\"@id\":\"https:\/\/miumjau.ee\/#organization\",\"name\":\"MiuMjau O\u00dc\",\"url\":\"https:\/\/miumjau.ee\/\",\"logo\":{\"@type\":\"ImageObject\",\"inLanguage\":\"lv-LV\",\"@id\":\"https:\/\/miumjau.ee\/#\/schema\/logo\/image\/\",\"url\":\"https:\/\/miumjau.ee\/wp-content\/uploads\/2022\/04\/MiuMjau-logo-kollane.png\",\"contentUrl\":\"https:\/\/miumjau.ee\/wp-content\/uploads\/2022\/04\/MiuMjau-logo-kollane.png\",\"width\":219,\"height\":100,\"caption\":\"MiuMjau O\u00dc\"},\"image\":{\"@id\":\"https:\/\/miumjau.ee\/#\/schema\/logo\/image\/\"},\"sameAs\":[\"https:\/\/www.facebook.com\/miumjaupood\/\"]}]}<\/script>\n<!-- \/ Yoast SEO plugin. -->","yoast_head_json":{"title":"Bugalugs Su\u0146u \u0136epu T\u012br\u012bt\u0101js, Melns L - MiuMjau","robots":{"index":"index","follow":"follow","max-snippet":"max-snippet:-1","max-image-preview":"max-image-preview:large","max-video-preview":"max-video-preview:-1"},"canonical":"https:\/\/miumjau.ee\/lv\/produkts\/bugalugs-sunu-kepu-tiritajs-melns-l\/","og_locale":"lv_LV","og_type":"article","og_title":"Bugalugs Su\u0146u \u0136epu T\u012br\u012bt\u0101js, Melns L - MiuMjau","og_description":"Uzturi sava su\u0146a \u0137epas t\u012bras un m\u0101ju bez dub\u013ciem ar Bugalugs praktisko \u0137epu t\u012br\u012bt\u0101ju! \u0160is viegli lietojamais r\u012bks \u0101tri no\u0146em net\u012brumus, smiltis un dub\u013cus, vienlaikus b\u016bt maigam su\u0146a \u0137ep\u0101m. Galven\u0101s \u012bpa\u0161\u012bbas: \ud83e\uddf4 Vienk\u0101r\u0161i lietojams \u2013 pievienojiet t\u012br\u012bt\u0101jam \u016bdeni, ievietojiet \u0137epu un viegli p\u0101rvietojiet atpaka\u013c un uz priek\u0161u \u2013 tik vienk\u0101r\u0161i!\ud83d\udca7 Efekt\u012bva t\u012br\u012b\u0161ana \u2013 efekt\u012bvi no\u0146em dub\u013cus, smiltis un citus net\u012brumus t\u016bl\u012bt p\u0113c pastaigas.\ud83d\udc3e M\u012bksti silikona sari\u0146i \u2013 maigi \u0137epu spilventi\u0146iem, piem\u0113rots jut\u012bgiem su\u0146iem.\u23f1 Ikdienas lieto\u0161anai \u2013 ide\u0101li mitros vai dub\u013cainos apst\u0101k\u013cos.\ud83e\uddfc Viegli uzturams \u2013 p\u0113c lieto\u0161anas izskalojiet t\u012bru un \u013caujiet no\u017e\u016bt. Lieto\u0161anas veids: Aizpildiet t\u012br\u012bt\u0101ju ar siltu \u016bdeni un p\u0113c izv\u0113les pievienojiet dz\u012bvniekiem dro\u0161u \u0161amp\u016bnu.Ievietojiet su\u0146a \u0137epu t\u012br\u012bt\u0101j\u0101 un viegli pagrieziet atpaka\u013c un uz priek\u0161u.Nosusiniet \u0137epu ar dvieli un izskalojiet t\u012br\u012bt\u0101ju p\u0113c lieto\u0161anas. \u0136epu t\u012br\u012bt\u0101js ide\u0101li piem\u0113rots zelta retr\u012bveriem, labradoriem, v\u0101cu aitu su\u0146iem, doberma\u0146iem un citiem l\u012bdz\u012bga lieluma su\u0146iem (\u0137epas platums 5\u20138 cm). Ra\u017eot\u0101js: Lakeland Cosmetics","og_url":"https:\/\/miumjau.ee\/lv\/produkts\/bugalugs-sunu-kepu-tiritajs-melns-l\/","og_site_name":"MiuMjau","article_publisher":"https:\/\/www.facebook.com\/miumjaupood\/","article_modified_time":"2026-01-07T19:16:16+00:00","og_image":[{"width":600,"height":800,"url":"https:\/\/miumjau.ee\/wp-content\/uploads\/2025\/06\/bugalugs-koera-kappade-puhastaja17.webp","type":"image\/webp"}],"twitter_card":"summary_large_image","schema":{"@context":"https:\/\/schema.org","@graph":[{"@type":"WebPage","@id":"https:\/\/miumjau.ee\/lv\/produkts\/bugalugs-sunu-kepu-tiritajs-melns-l\/","url":"https:\/\/miumjau.ee\/lv\/produkts\/bugalugs-sunu-kepu-tiritajs-melns-l\/","name":"Bugalugs Su\u0146u \u0136epu T\u012br\u012bt\u0101js, Melns L - MiuMjau","isPartOf":{"@id":"https:\/\/miumjau.ee\/#website"},"primaryImageOfPage":{"@id":"https:\/\/miumjau.ee\/lv\/produkts\/bugalugs-sunu-kepu-tiritajs-melns-l\/#primaryimage"},"image":{"@id":"https:\/\/miumjau.ee\/lv\/produkts\/bugalugs-sunu-kepu-tiritajs-melns-l\/#primaryimage"},"thumbnailUrl":"https:\/\/miumjau.ee\/wp-content\/uploads\/2025\/06\/bugalugs-koera-kappade-puhastaja17.webp","datePublished":"2025-06-17T19:20:44+00:00","dateModified":"2026-01-07T19:16:16+00:00","breadcrumb":{"@id":"https:\/\/miumjau.ee\/lv\/produkts\/bugalugs-sunu-kepu-tiritajs-melns-l\/#breadcrumb"},"inLanguage":"lv-LV","potentialAction":[{"@type":"ReadAction","target":["https:\/\/miumjau.ee\/lv\/produkts\/bugalugs-sunu-kepu-tiritajs-melns-l\/"]}]},{"@type":"ImageObject","inLanguage":"lv-LV","@id":"https:\/\/miumjau.ee\/lv\/produkts\/bugalugs-sunu-kepu-tiritajs-melns-l\/#primaryimage","url":"https:\/\/miumjau.ee\/wp-content\/uploads\/2025\/06\/bugalugs-koera-kappade-puhastaja17.webp","contentUrl":"https:\/\/miumjau.ee\/wp-content\/uploads\/2025\/06\/bugalugs-koera-kappade-puhastaja17.webp","width":600,"height":800},{"@type":"BreadcrumbList","@id":"https:\/\/miumjau.ee\/lv\/produkts\/bugalugs-sunu-kepu-tiritajs-melns-l\/#breadcrumb","itemListElement":[{"@type":"ListItem","position":1,"name":"Home","item":"https:\/\/miumjau.ee\/lv\/"},{"@type":"ListItem","position":2,"name":"Veikals","item":"https:\/\/miumjau.ee\/lv\/veikals\/"},{"@type":"ListItem","position":3,"name":"Bugalugs Su\u0146u \u0136epu T\u012br\u012bt\u0101js, Melns L"}]},{"@type":"WebSite","@id":"https:\/\/miumjau.ee\/#website","url":"https:\/\/miumjau.ee\/","name":"MiuMjau","description":"Kraapimispuud kassidele","publisher":{"@id":"https:\/\/miumjau.ee\/#organization"},"potentialAction":[{"@type":"SearchAction","target":{"@type":"EntryPoint","urlTemplate":"https:\/\/miumjau.ee\/?s={search_term_string}"},"query-input":{"@type":"PropertyValueSpecification","valueRequired":true,"valueName":"search_term_string"}}],"inLanguage":"lv-LV"},{"@type":"Organization","@id":"https:\/\/miumjau.ee\/#organization","name":"MiuMjau O\u00dc","url":"https:\/\/miumjau.ee\/","logo":{"@type":"ImageObject","inLanguage":"lv-LV","@id":"https:\/\/miumjau.ee\/#\/schema\/logo\/image\/","url":"https:\/\/miumjau.ee\/wp-content\/uploads\/2022\/04\/MiuMjau-logo-kollane.png","contentUrl":"https:\/\/miumjau.ee\/wp-content\/uploads\/2022\/04\/MiuMjau-logo-kollane.png","width":219,"height":100,"caption":"MiuMjau O\u00dc"},"image":{"@id":"https:\/\/miumjau.ee\/#\/schema\/logo\/image\/"},"sameAs":["https:\/\/www.facebook.com\/miumjaupood\/"]}]}},"_links":{"self":[{"href":"https:\/\/miumjau.ee\/lv\/wp-json\/wp\/v2\/product\/49462","targetHints":{"allow":["GET"]}}],"collection":[{"href":"https:\/\/miumjau.ee\/lv\/wp-json\/wp\/v2\/product"}],"about":[{"href":"https:\/\/miumjau.ee\/lv\/wp-json\/wp\/v2\/types\/product"}],"wp:featuredmedia":[{"embeddable":true,"href":"https:\/\/miumjau.ee\/lv\/wp-json\/wp\/v2\/media\/49463"}],"wp:attachment":[{"href":"https:\/\/miumjau.ee\/lv\/wp-json\/wp\/v2\/media?parent=49462"}],"wp:term":[{"taxonomy":"product_brand","embeddable":true,"href":"https:\/\/miumjau.ee\/lv\/wp-json\/wp\/v2\/product_brand?post=49462"},{"taxonomy":"product_cat","embeddable":true,"href":"https:\/\/miumjau.ee\/lv\/wp-json\/wp\/v2\/product_cat?post=49462"},{"taxonomy":"product_tag","embeddable":true,"href":"https:\/\/miumjau.ee\/lv\/wp-json\/wp\/v2\/product_tag?post=49462"}],"curies":[{"name":"wp","href":"https:\/\/api.w.org\/{rel}","templated":true}]}}