{"id":49434,"date":"2025-06-17T22:33:57","date_gmt":"2025-06-17T19:33:57","guid":{"rendered":"https:\/\/miumjau.ee\/toode\/bugalugs-auzu-bezskalosanas-kepu-tiritajs\/"},"modified":"2026-01-07T21:16:16","modified_gmt":"2026-01-07T19:16:16","slug":"bugalugs-auzu-bezskalosanas-kepu-tiritajs","status":"publish","type":"product","link":"https:\/\/miumjau.ee\/lv\/produkts\/bugalugs-auzu-bezskalosanas-kepu-tiritajs\/","title":{"rendered":"Bugalugs Auzu Bezskalo\u0161anas \u0136epu T\u012br\u012bt\u0101js"},"content":{"rendered":"","protected":false},"excerpt":{"rendered":"<p data-start=\"3743\" data-end=\"3844\">Atvadieties no dub\u013cain\u0101m, p\u0101r\u0101k sausiem un kairin\u0101tiem \u0137ep\u0101m ar Bugalugs bezskalo\u0161anas \u0137epu t\u012br\u012bt\u0101ju!<\/p>\n<p data-start=\"3846\" data-end=\"3865\"><strong data-start=\"3846\" data-end=\"3858\">Tilpums:<\/strong> 200 ml<\/p>\n<p data-start=\"3867\" data-end=\"4140\">Silikona suka ir izstr\u0101d\u0101ta, lai maigi mas\u0113tu j\u016bsu m\u0101jdz\u012bvnieka \u0137epas, sasniedzot plaisas un starp pirkstiem, lai no\u0146emtu pat notur\u012bgu net\u012brumu. M\u012bksti, bet iztur\u012bgi silikona sari\u0146i ir maigi j\u016bsu m\u0101jdz\u012bvnieka jut\u012bgaj\u0101m \u0137epu spilventi\u0146iem, padarot suka\u0161anu \u0113rtu un pat\u012bkamu.<\/p>\n<p data-start=\"4142\" data-end=\"4396\">Bugalugs \u0137epu t\u012br\u012bt\u0101ju padara \u012bpa\u0161u m\u016bsu skalo\u0161anu nepraso\u0161\u0101 putas formula. Vienk\u0101r\u0161i izmantojiet putu s\u016bkni un suku, lai uzkl\u0101tu putas tie\u0161i uz \u0137ep\u0101m \u2013 tik vienk\u0101r\u0161i! Kompaktais izm\u0113rs padara to ide\u0101li piem\u0113rotu ce\u013cojumiem, kempingam vai \u012bsam pastaigai.<\/p>\n<p data-start=\"4398\" data-end=\"4634\">Dabiskais sast\u0101vs satur \u0113terisk\u0101s e\u013c\u013cas, ekstraktus un pat\u012bkamu arom\u0101tu, kas samazina nepat\u012bkamu smaku un nomierina \u0101du. Maiga formula piem\u0113rota ar\u012b visjut\u012bg\u0101kajai \u0101dai un to var izmantot vis\u0101m su\u0146u \u0161\u0137irn\u0113m un ka\u0137iem no 8 ned\u0113\u013cu vecuma.<\/p>\n<p data-start=\"4636\" data-end=\"5024\"><strong data-start=\"4636\" data-end=\"4650\">Lieto\u0161ana:<\/strong> No\u0146emiet v\u0101ci\u0146u un nospiediet sprauslu, lai putu m\u012bkstie silikona sari\u0146i izsmidzin\u0101tu putas. Maigi iemas\u0113jiet putas uz \u0137ep\u0101m ar ap\u013cveida kust\u012bb\u0101m, nodro\u0161inot, ka tas sasniedz pirkstu starpas. Noslaukiet \u0137epas sausas. Skalo\u0161ana nav nepiecie\u0161ama. Lietojiet p\u0113c katras pastaigas vai p\u0113c vajadz\u012bbas. Lai izt\u012br\u012btu silikona suku, no\u0146emiet sukas v\u0101ci\u0146u un noskalojiet silt\u0101 \u016bden\u012b.<\/p>\n<p data-start=\"5026\" data-end=\"5474\"><strong data-start=\"5026\" data-end=\"5038\">Sast\u0101vs:<\/strong> \u016bdens, glicer\u012bns, polisorb\u0101ts 20, dekilglikoz\u012bds, metilpropandiols, kokamidopropilbeta\u012bns, cetronija hlor\u012bds, smar\u017eviela, kapr\u012blglikols, n\u0101trija hlor\u012bds, benzofenons-4, citronsk\u0101be, fenilprop\u0101nols, propil\u0113nglikols, auzu serdes ekstrakts, k\u0101lija sorb\u0101ts, n\u0101trija benzo\u0101ts, tetran\u0101trija EDTA, laima e\u013c\u013ca, apels\u012bna mizi\u0146as e\u013c\u013ca, citrona mizi\u0146as e\u013c\u013ca, lavandas e\u013c\u013ca, citr\u0101ls, citronellols, kumar\u012bns, limon\u0113ns, linalols, CI 14700, CI 19140.<\/p>\n<p data-start=\"5476\" data-end=\"5508\"><strong data-start=\"5476\" data-end=\"5489\">Ra\u017eot\u0101js:<\/strong> Lakeland Cosmetics<\/p>\n","protected":false},"featured_media":49431,"template":"","meta":[],"product_brand":[],"product_cat":[560],"product_tag":[],"class_list":{"0":"post-49434","1":"product","2":"type-product","3":"status-publish","4":"has-post-thumbnail","6":"product_cat-kopsanas-lidzekli-suniem","8":"first","9":"instock","10":"taxable","11":"shipping-taxable","12":"purchasable","13":"product-type-simple"},"yoast_head":"<!-- This site is optimized with the Yoast SEO plugin v27.2 - https:\/\/yoast.com\/product\/yoast-seo-wordpress\/ -->\n<title>Bugalugs Auzu Bezskalo\u0161anas \u0136epu T\u012br\u012bt\u0101js - MiuMjau<\/title>\n<meta name=\"robots\" content=\"index, follow, max-snippet:-1, max-image-preview:large, max-video-preview:-1\" \/>\n<link rel=\"canonical\" href=\"https:\/\/miumjau.ee\/lv\/produkts\/bugalugs-auzu-bezskalosanas-kepu-tiritajs\/\" \/>\n<meta property=\"og:locale\" content=\"lv_LV\" \/>\n<meta property=\"og:type\" content=\"article\" \/>\n<meta property=\"og:title\" content=\"Bugalugs Auzu Bezskalo\u0161anas \u0136epu T\u012br\u012bt\u0101js - MiuMjau\" \/>\n<meta property=\"og:description\" content=\"Atvadieties no dub\u013cain\u0101m, p\u0101r\u0101k sausiem un kairin\u0101tiem \u0137ep\u0101m ar Bugalugs bezskalo\u0161anas \u0137epu t\u012br\u012bt\u0101ju! Tilpums: 200 ml Silikona suka ir izstr\u0101d\u0101ta, lai maigi mas\u0113tu j\u016bsu m\u0101jdz\u012bvnieka \u0137epas, sasniedzot plaisas un starp pirkstiem, lai no\u0146emtu pat notur\u012bgu net\u012brumu. M\u012bksti, bet iztur\u012bgi silikona sari\u0146i ir maigi j\u016bsu m\u0101jdz\u012bvnieka jut\u012bgaj\u0101m \u0137epu spilventi\u0146iem, padarot suka\u0161anu \u0113rtu un pat\u012bkamu. Bugalugs \u0137epu t\u012br\u012bt\u0101ju padara \u012bpa\u0161u m\u016bsu skalo\u0161anu nepraso\u0161\u0101 putas formula. Vienk\u0101r\u0161i izmantojiet putu s\u016bkni un suku, lai uzkl\u0101tu putas tie\u0161i uz \u0137ep\u0101m \u2013 tik vienk\u0101r\u0161i! Kompaktais izm\u0113rs padara to ide\u0101li piem\u0113rotu ce\u013cojumiem, kempingam vai \u012bsam pastaigai. Dabiskais sast\u0101vs satur \u0113terisk\u0101s e\u013c\u013cas, ekstraktus un pat\u012bkamu arom\u0101tu, kas samazina nepat\u012bkamu smaku un nomierina \u0101du. Maiga formula piem\u0113rota ar\u012b visjut\u012bg\u0101kajai \u0101dai un to var izmantot vis\u0101m su\u0146u \u0161\u0137irn\u0113m un ka\u0137iem no 8 ned\u0113\u013cu vecuma. Lieto\u0161ana: No\u0146emiet v\u0101ci\u0146u un nospiediet sprauslu, lai putu m\u012bkstie silikona sari\u0146i izsmidzin\u0101tu putas. Maigi iemas\u0113jiet putas uz \u0137ep\u0101m ar ap\u013cveida kust\u012bb\u0101m, nodro\u0161inot, ka tas sasniedz pirkstu starpas. Noslaukiet \u0137epas sausas. Skalo\u0161ana nav nepiecie\u0161ama. Lietojiet p\u0113c katras pastaigas vai p\u0113c vajadz\u012bbas. Lai izt\u012br\u012btu silikona suku, no\u0146emiet sukas v\u0101ci\u0146u un noskalojiet silt\u0101 \u016bden\u012b. Sast\u0101vs: \u016bdens, glicer\u012bns, polisorb\u0101ts 20, dekilglikoz\u012bds, metilpropandiols, kokamidopropilbeta\u012bns, cetronija hlor\u012bds, smar\u017eviela, kapr\u012blglikols, n\u0101trija hlor\u012bds, benzofenons-4, citronsk\u0101be, fenilprop\u0101nols, propil\u0113nglikols, auzu serdes ekstrakts, k\u0101lija sorb\u0101ts, n\u0101trija benzo\u0101ts, tetran\u0101trija EDTA, laima e\u013c\u013ca, apels\u012bna mizi\u0146as e\u013c\u013ca, citrona mizi\u0146as e\u013c\u013ca, lavandas e\u013c\u013ca, citr\u0101ls, citronellols, kumar\u012bns, limon\u0113ns, linalols, CI 14700, CI 19140. Ra\u017eot\u0101js: Lakeland Cosmetics\" \/>\n<meta property=\"og:url\" content=\"https:\/\/miumjau.ee\/lv\/produkts\/bugalugs-auzu-bezskalosanas-kepu-tiritajs\/\" \/>\n<meta property=\"og:site_name\" content=\"MiuMjau\" \/>\n<meta property=\"article:publisher\" content=\"https:\/\/www.facebook.com\/miumjaupood\/\" \/>\n<meta property=\"article:modified_time\" content=\"2026-01-07T19:16:16+00:00\" \/>\n<meta property=\"og:image\" content=\"https:\/\/miumjau.ee\/wp-content\/uploads\/2025\/06\/bugalugs-loputusvaba-kapapuhastusvahend-oatmeal.jpg\" \/>\n\t<meta property=\"og:image:width\" content=\"600\" \/>\n\t<meta property=\"og:image:height\" content=\"800\" \/>\n\t<meta property=\"og:image:type\" content=\"image\/jpeg\" \/>\n<meta name=\"twitter:card\" content=\"summary_large_image\" \/>\n<script type=\"application\/ld+json\" class=\"yoast-schema-graph\">{\"@context\":\"https:\/\/schema.org\",\"@graph\":[{\"@type\":\"WebPage\",\"@id\":\"https:\/\/miumjau.ee\/lv\/produkts\/bugalugs-auzu-bezskalosanas-kepu-tiritajs\/\",\"url\":\"https:\/\/miumjau.ee\/lv\/produkts\/bugalugs-auzu-bezskalosanas-kepu-tiritajs\/\",\"name\":\"Bugalugs Auzu Bezskalo\u0161anas \u0136epu T\u012br\u012bt\u0101js - MiuMjau\",\"isPartOf\":{\"@id\":\"https:\/\/miumjau.ee\/#website\"},\"primaryImageOfPage\":{\"@id\":\"https:\/\/miumjau.ee\/lv\/produkts\/bugalugs-auzu-bezskalosanas-kepu-tiritajs\/#primaryimage\"},\"image\":{\"@id\":\"https:\/\/miumjau.ee\/lv\/produkts\/bugalugs-auzu-bezskalosanas-kepu-tiritajs\/#primaryimage\"},\"thumbnailUrl\":\"https:\/\/miumjau.ee\/wp-content\/uploads\/2025\/06\/bugalugs-loputusvaba-kapapuhastusvahend-oatmeal.jpg\",\"datePublished\":\"2025-06-17T19:33:57+00:00\",\"dateModified\":\"2026-01-07T19:16:16+00:00\",\"breadcrumb\":{\"@id\":\"https:\/\/miumjau.ee\/lv\/produkts\/bugalugs-auzu-bezskalosanas-kepu-tiritajs\/#breadcrumb\"},\"inLanguage\":\"lv-LV\",\"potentialAction\":[{\"@type\":\"ReadAction\",\"target\":[\"https:\/\/miumjau.ee\/lv\/produkts\/bugalugs-auzu-bezskalosanas-kepu-tiritajs\/\"]}]},{\"@type\":\"ImageObject\",\"inLanguage\":\"lv-LV\",\"@id\":\"https:\/\/miumjau.ee\/lv\/produkts\/bugalugs-auzu-bezskalosanas-kepu-tiritajs\/#primaryimage\",\"url\":\"https:\/\/miumjau.ee\/wp-content\/uploads\/2025\/06\/bugalugs-loputusvaba-kapapuhastusvahend-oatmeal.jpg\",\"contentUrl\":\"https:\/\/miumjau.ee\/wp-content\/uploads\/2025\/06\/bugalugs-loputusvaba-kapapuhastusvahend-oatmeal.jpg\",\"width\":600,\"height\":800},{\"@type\":\"BreadcrumbList\",\"@id\":\"https:\/\/miumjau.ee\/lv\/produkts\/bugalugs-auzu-bezskalosanas-kepu-tiritajs\/#breadcrumb\",\"itemListElement\":[{\"@type\":\"ListItem\",\"position\":1,\"name\":\"Home\",\"item\":\"https:\/\/miumjau.ee\/lv\/\"},{\"@type\":\"ListItem\",\"position\":2,\"name\":\"Veikals\",\"item\":\"https:\/\/miumjau.ee\/lv\/veikals\/\"},{\"@type\":\"ListItem\",\"position\":3,\"name\":\"Bugalugs Auzu Bezskalo\u0161anas \u0136epu T\u012br\u012bt\u0101js\"}]},{\"@type\":\"WebSite\",\"@id\":\"https:\/\/miumjau.ee\/#website\",\"url\":\"https:\/\/miumjau.ee\/\",\"name\":\"MiuMjau\",\"description\":\"Kraapimispuud kassidele\",\"publisher\":{\"@id\":\"https:\/\/miumjau.ee\/#organization\"},\"potentialAction\":[{\"@type\":\"SearchAction\",\"target\":{\"@type\":\"EntryPoint\",\"urlTemplate\":\"https:\/\/miumjau.ee\/?s={search_term_string}\"},\"query-input\":{\"@type\":\"PropertyValueSpecification\",\"valueRequired\":true,\"valueName\":\"search_term_string\"}}],\"inLanguage\":\"lv-LV\"},{\"@type\":\"Organization\",\"@id\":\"https:\/\/miumjau.ee\/#organization\",\"name\":\"MiuMjau O\u00dc\",\"url\":\"https:\/\/miumjau.ee\/\",\"logo\":{\"@type\":\"ImageObject\",\"inLanguage\":\"lv-LV\",\"@id\":\"https:\/\/miumjau.ee\/#\/schema\/logo\/image\/\",\"url\":\"https:\/\/miumjau.ee\/wp-content\/uploads\/2022\/04\/MiuMjau-logo-kollane.png\",\"contentUrl\":\"https:\/\/miumjau.ee\/wp-content\/uploads\/2022\/04\/MiuMjau-logo-kollane.png\",\"width\":219,\"height\":100,\"caption\":\"MiuMjau O\u00dc\"},\"image\":{\"@id\":\"https:\/\/miumjau.ee\/#\/schema\/logo\/image\/\"},\"sameAs\":[\"https:\/\/www.facebook.com\/miumjaupood\/\"]}]}<\/script>\n<!-- \/ Yoast SEO plugin. -->","yoast_head_json":{"title":"Bugalugs Auzu Bezskalo\u0161anas \u0136epu T\u012br\u012bt\u0101js - MiuMjau","robots":{"index":"index","follow":"follow","max-snippet":"max-snippet:-1","max-image-preview":"max-image-preview:large","max-video-preview":"max-video-preview:-1"},"canonical":"https:\/\/miumjau.ee\/lv\/produkts\/bugalugs-auzu-bezskalosanas-kepu-tiritajs\/","og_locale":"lv_LV","og_type":"article","og_title":"Bugalugs Auzu Bezskalo\u0161anas \u0136epu T\u012br\u012bt\u0101js - MiuMjau","og_description":"Atvadieties no dub\u013cain\u0101m, p\u0101r\u0101k sausiem un kairin\u0101tiem \u0137ep\u0101m ar Bugalugs bezskalo\u0161anas \u0137epu t\u012br\u012bt\u0101ju! Tilpums: 200 ml Silikona suka ir izstr\u0101d\u0101ta, lai maigi mas\u0113tu j\u016bsu m\u0101jdz\u012bvnieka \u0137epas, sasniedzot plaisas un starp pirkstiem, lai no\u0146emtu pat notur\u012bgu net\u012brumu. M\u012bksti, bet iztur\u012bgi silikona sari\u0146i ir maigi j\u016bsu m\u0101jdz\u012bvnieka jut\u012bgaj\u0101m \u0137epu spilventi\u0146iem, padarot suka\u0161anu \u0113rtu un pat\u012bkamu. Bugalugs \u0137epu t\u012br\u012bt\u0101ju padara \u012bpa\u0161u m\u016bsu skalo\u0161anu nepraso\u0161\u0101 putas formula. Vienk\u0101r\u0161i izmantojiet putu s\u016bkni un suku, lai uzkl\u0101tu putas tie\u0161i uz \u0137ep\u0101m \u2013 tik vienk\u0101r\u0161i! Kompaktais izm\u0113rs padara to ide\u0101li piem\u0113rotu ce\u013cojumiem, kempingam vai \u012bsam pastaigai. Dabiskais sast\u0101vs satur \u0113terisk\u0101s e\u013c\u013cas, ekstraktus un pat\u012bkamu arom\u0101tu, kas samazina nepat\u012bkamu smaku un nomierina \u0101du. Maiga formula piem\u0113rota ar\u012b visjut\u012bg\u0101kajai \u0101dai un to var izmantot vis\u0101m su\u0146u \u0161\u0137irn\u0113m un ka\u0137iem no 8 ned\u0113\u013cu vecuma. Lieto\u0161ana: No\u0146emiet v\u0101ci\u0146u un nospiediet sprauslu, lai putu m\u012bkstie silikona sari\u0146i izsmidzin\u0101tu putas. Maigi iemas\u0113jiet putas uz \u0137ep\u0101m ar ap\u013cveida kust\u012bb\u0101m, nodro\u0161inot, ka tas sasniedz pirkstu starpas. Noslaukiet \u0137epas sausas. Skalo\u0161ana nav nepiecie\u0161ama. Lietojiet p\u0113c katras pastaigas vai p\u0113c vajadz\u012bbas. Lai izt\u012br\u012btu silikona suku, no\u0146emiet sukas v\u0101ci\u0146u un noskalojiet silt\u0101 \u016bden\u012b. Sast\u0101vs: \u016bdens, glicer\u012bns, polisorb\u0101ts 20, dekilglikoz\u012bds, metilpropandiols, kokamidopropilbeta\u012bns, cetronija hlor\u012bds, smar\u017eviela, kapr\u012blglikols, n\u0101trija hlor\u012bds, benzofenons-4, citronsk\u0101be, fenilprop\u0101nols, propil\u0113nglikols, auzu serdes ekstrakts, k\u0101lija sorb\u0101ts, n\u0101trija benzo\u0101ts, tetran\u0101trija EDTA, laima e\u013c\u013ca, apels\u012bna mizi\u0146as e\u013c\u013ca, citrona mizi\u0146as e\u013c\u013ca, lavandas e\u013c\u013ca, citr\u0101ls, citronellols, kumar\u012bns, limon\u0113ns, linalols, CI 14700, CI 19140. Ra\u017eot\u0101js: Lakeland Cosmetics","og_url":"https:\/\/miumjau.ee\/lv\/produkts\/bugalugs-auzu-bezskalosanas-kepu-tiritajs\/","og_site_name":"MiuMjau","article_publisher":"https:\/\/www.facebook.com\/miumjaupood\/","article_modified_time":"2026-01-07T19:16:16+00:00","og_image":[{"width":600,"height":800,"url":"https:\/\/miumjau.ee\/wp-content\/uploads\/2025\/06\/bugalugs-loputusvaba-kapapuhastusvahend-oatmeal.jpg","type":"image\/jpeg"}],"twitter_card":"summary_large_image","schema":{"@context":"https:\/\/schema.org","@graph":[{"@type":"WebPage","@id":"https:\/\/miumjau.ee\/lv\/produkts\/bugalugs-auzu-bezskalosanas-kepu-tiritajs\/","url":"https:\/\/miumjau.ee\/lv\/produkts\/bugalugs-auzu-bezskalosanas-kepu-tiritajs\/","name":"Bugalugs Auzu Bezskalo\u0161anas \u0136epu T\u012br\u012bt\u0101js - MiuMjau","isPartOf":{"@id":"https:\/\/miumjau.ee\/#website"},"primaryImageOfPage":{"@id":"https:\/\/miumjau.ee\/lv\/produkts\/bugalugs-auzu-bezskalosanas-kepu-tiritajs\/#primaryimage"},"image":{"@id":"https:\/\/miumjau.ee\/lv\/produkts\/bugalugs-auzu-bezskalosanas-kepu-tiritajs\/#primaryimage"},"thumbnailUrl":"https:\/\/miumjau.ee\/wp-content\/uploads\/2025\/06\/bugalugs-loputusvaba-kapapuhastusvahend-oatmeal.jpg","datePublished":"2025-06-17T19:33:57+00:00","dateModified":"2026-01-07T19:16:16+00:00","breadcrumb":{"@id":"https:\/\/miumjau.ee\/lv\/produkts\/bugalugs-auzu-bezskalosanas-kepu-tiritajs\/#breadcrumb"},"inLanguage":"lv-LV","potentialAction":[{"@type":"ReadAction","target":["https:\/\/miumjau.ee\/lv\/produkts\/bugalugs-auzu-bezskalosanas-kepu-tiritajs\/"]}]},{"@type":"ImageObject","inLanguage":"lv-LV","@id":"https:\/\/miumjau.ee\/lv\/produkts\/bugalugs-auzu-bezskalosanas-kepu-tiritajs\/#primaryimage","url":"https:\/\/miumjau.ee\/wp-content\/uploads\/2025\/06\/bugalugs-loputusvaba-kapapuhastusvahend-oatmeal.jpg","contentUrl":"https:\/\/miumjau.ee\/wp-content\/uploads\/2025\/06\/bugalugs-loputusvaba-kapapuhastusvahend-oatmeal.jpg","width":600,"height":800},{"@type":"BreadcrumbList","@id":"https:\/\/miumjau.ee\/lv\/produkts\/bugalugs-auzu-bezskalosanas-kepu-tiritajs\/#breadcrumb","itemListElement":[{"@type":"ListItem","position":1,"name":"Home","item":"https:\/\/miumjau.ee\/lv\/"},{"@type":"ListItem","position":2,"name":"Veikals","item":"https:\/\/miumjau.ee\/lv\/veikals\/"},{"@type":"ListItem","position":3,"name":"Bugalugs Auzu Bezskalo\u0161anas \u0136epu T\u012br\u012bt\u0101js"}]},{"@type":"WebSite","@id":"https:\/\/miumjau.ee\/#website","url":"https:\/\/miumjau.ee\/","name":"MiuMjau","description":"Kraapimispuud kassidele","publisher":{"@id":"https:\/\/miumjau.ee\/#organization"},"potentialAction":[{"@type":"SearchAction","target":{"@type":"EntryPoint","urlTemplate":"https:\/\/miumjau.ee\/?s={search_term_string}"},"query-input":{"@type":"PropertyValueSpecification","valueRequired":true,"valueName":"search_term_string"}}],"inLanguage":"lv-LV"},{"@type":"Organization","@id":"https:\/\/miumjau.ee\/#organization","name":"MiuMjau O\u00dc","url":"https:\/\/miumjau.ee\/","logo":{"@type":"ImageObject","inLanguage":"lv-LV","@id":"https:\/\/miumjau.ee\/#\/schema\/logo\/image\/","url":"https:\/\/miumjau.ee\/wp-content\/uploads\/2022\/04\/MiuMjau-logo-kollane.png","contentUrl":"https:\/\/miumjau.ee\/wp-content\/uploads\/2022\/04\/MiuMjau-logo-kollane.png","width":219,"height":100,"caption":"MiuMjau O\u00dc"},"image":{"@id":"https:\/\/miumjau.ee\/#\/schema\/logo\/image\/"},"sameAs":["https:\/\/www.facebook.com\/miumjaupood\/"]}]}},"_links":{"self":[{"href":"https:\/\/miumjau.ee\/lv\/wp-json\/wp\/v2\/product\/49434","targetHints":{"allow":["GET"]}}],"collection":[{"href":"https:\/\/miumjau.ee\/lv\/wp-json\/wp\/v2\/product"}],"about":[{"href":"https:\/\/miumjau.ee\/lv\/wp-json\/wp\/v2\/types\/product"}],"wp:featuredmedia":[{"embeddable":true,"href":"https:\/\/miumjau.ee\/lv\/wp-json\/wp\/v2\/media\/49431"}],"wp:attachment":[{"href":"https:\/\/miumjau.ee\/lv\/wp-json\/wp\/v2\/media?parent=49434"}],"wp:term":[{"taxonomy":"product_brand","embeddable":true,"href":"https:\/\/miumjau.ee\/lv\/wp-json\/wp\/v2\/product_brand?post=49434"},{"taxonomy":"product_cat","embeddable":true,"href":"https:\/\/miumjau.ee\/lv\/wp-json\/wp\/v2\/product_cat?post=49434"},{"taxonomy":"product_tag","embeddable":true,"href":"https:\/\/miumjau.ee\/lv\/wp-json\/wp\/v2\/product_tag?post=49434"}],"curies":[{"name":"wp","href":"https:\/\/api.w.org\/{rel}","templated":true}]}}