{"id":49428,"date":"2025-06-17T22:55:28","date_gmt":"2025-06-17T19:55:28","guid":{"rendered":"https:\/\/miumjau.ee\/toode\/bugalugs-kepu-un-deguna-vasks-40g\/"},"modified":"2026-01-07T21:16:16","modified_gmt":"2026-01-07T19:16:16","slug":"bugalugs-kepu-un-deguna-vasks-40g","status":"publish","type":"product","link":"https:\/\/miumjau.ee\/lv\/produkts\/bugalugs-kepu-un-deguna-vasks-40g\/","title":{"rendered":"Bugalugs \u0136epu un Deguna Vasks 40g"},"content":{"rendered":"","protected":false},"excerpt":{"rendered":"<p data-start=\"1763\" data-end=\"2033\">Lielisks mitrin\u0101t\u0101js, lai barotu j\u016bsu m\u0101jdz\u012bvnieka sauso un saplais\u0101ju\u0161o \u0101du. Piem\u0113rots lieto\u0161anai visu gadu, lai uztur\u0113tu degunu un \u0137epas m\u012bkstas un gludas. Bugalugs veg\u0101niskais vasks, izgatavots no dab\u012bg\u0101m e\u013c\u013c\u0101m, piem\u0113rots vis\u0101m \u0161\u0137irn\u0113m un kuc\u0113niem no 8 ned\u0113\u013cu vecuma.<\/p>\n<p data-start=\"2035\" data-end=\"2161\">\u012apa\u0161i izstr\u0101d\u0101ts balzams ir barojo\u0161a daudzu dab\u012bgu e\u013c\u013cu un sviestu mais\u012bjums, kas paz\u012bstams ar izcil\u0101m \u0101du barojo\u0161\u0101m \u012bpa\u0161\u012bb\u0101m.<\/p>\n<p data-start=\"2163\" data-end=\"2287\"><strong data-start=\"2163\" data-end=\"2177\">Lieto\u0161ana:<\/strong> P\u0101rliecinieties, ka \u0101da ir t\u012bra un sausa. Uzkl\u0101jiet zir\u0146a lieluma daudzumu uz \u0137ep\u0101m vai deguna un iemas\u0113jiet.<\/p>\n<p data-start=\"2289\" data-end=\"2514\"><strong data-start=\"2289\" data-end=\"2301\">Sast\u0101vs:<\/strong> sald\u0101 mande\u013cu kodola e\u013c\u013ca, kaprils\/kapr\u012bnsk\u0101bes triglicer\u012bds, kokosriekstu kodola e\u013c\u013ca, mie\u017eu s\u0113klu milti, saulespu\u0137u vasks, saulespu\u0137u e\u013c\u013ca, auzu kodola milti, auzu kodola e\u013c\u013ca, tokoferols, heksilcinnamaldeh\u012bds.<\/p>\n<p data-start=\"2516\" data-end=\"2548\"><strong data-start=\"2516\" data-end=\"2529\">Ra\u017eot\u0101js:<\/strong> Lakeland Cosmetics<\/p>\n","protected":false},"featured_media":49423,"template":"","meta":[],"product_brand":[],"product_cat":[560],"product_tag":[],"class_list":{"0":"post-49428","1":"product","2":"type-product","3":"status-publish","4":"has-post-thumbnail","6":"product_cat-kopsanas-lidzekli-suniem","8":"first","9":"instock","10":"sale","11":"taxable","12":"shipping-taxable","13":"purchasable","14":"product-type-simple"},"yoast_head":"<!-- This site is optimized with the Yoast SEO plugin v27.2 - https:\/\/yoast.com\/product\/yoast-seo-wordpress\/ -->\n<title>Bugalugs \u0136epu un Deguna Vasks 40g - MiuMjau<\/title>\n<meta name=\"robots\" content=\"index, follow, max-snippet:-1, max-image-preview:large, max-video-preview:-1\" \/>\n<link rel=\"canonical\" href=\"https:\/\/miumjau.ee\/lv\/produkts\/bugalugs-kepu-un-deguna-vasks-40g\/\" \/>\n<meta property=\"og:locale\" content=\"lv_LV\" \/>\n<meta property=\"og:type\" content=\"article\" \/>\n<meta property=\"og:title\" content=\"Bugalugs \u0136epu un Deguna Vasks 40g - MiuMjau\" \/>\n<meta property=\"og:description\" content=\"Lielisks mitrin\u0101t\u0101js, lai barotu j\u016bsu m\u0101jdz\u012bvnieka sauso un saplais\u0101ju\u0161o \u0101du. Piem\u0113rots lieto\u0161anai visu gadu, lai uztur\u0113tu degunu un \u0137epas m\u012bkstas un gludas. Bugalugs veg\u0101niskais vasks, izgatavots no dab\u012bg\u0101m e\u013c\u013c\u0101m, piem\u0113rots vis\u0101m \u0161\u0137irn\u0113m un kuc\u0113niem no 8 ned\u0113\u013cu vecuma. \u012apa\u0161i izstr\u0101d\u0101ts balzams ir barojo\u0161a daudzu dab\u012bgu e\u013c\u013cu un sviestu mais\u012bjums, kas paz\u012bstams ar izcil\u0101m \u0101du barojo\u0161\u0101m \u012bpa\u0161\u012bb\u0101m. Lieto\u0161ana: P\u0101rliecinieties, ka \u0101da ir t\u012bra un sausa. Uzkl\u0101jiet zir\u0146a lieluma daudzumu uz \u0137ep\u0101m vai deguna un iemas\u0113jiet. Sast\u0101vs: sald\u0101 mande\u013cu kodola e\u013c\u013ca, kaprils\/kapr\u012bnsk\u0101bes triglicer\u012bds, kokosriekstu kodola e\u013c\u013ca, mie\u017eu s\u0113klu milti, saulespu\u0137u vasks, saulespu\u0137u e\u013c\u013ca, auzu kodola milti, auzu kodola e\u013c\u013ca, tokoferols, heksilcinnamaldeh\u012bds. Ra\u017eot\u0101js: Lakeland Cosmetics\" \/>\n<meta property=\"og:url\" content=\"https:\/\/miumjau.ee\/lv\/produkts\/bugalugs-kepu-un-deguna-vasks-40g\/\" \/>\n<meta property=\"og:site_name\" content=\"MiuMjau\" \/>\n<meta property=\"article:publisher\" content=\"https:\/\/www.facebook.com\/miumjaupood\/\" \/>\n<meta property=\"article:modified_time\" content=\"2026-01-07T19:16:16+00:00\" \/>\n<meta property=\"og:image\" content=\"https:\/\/miumjau.ee\/wp-content\/uploads\/2025\/06\/bugalugs-kapavaha-ninavaha-40g1.webp\" \/>\n\t<meta property=\"og:image:width\" content=\"600\" \/>\n\t<meta property=\"og:image:height\" content=\"800\" \/>\n\t<meta property=\"og:image:type\" content=\"image\/webp\" \/>\n<meta name=\"twitter:card\" content=\"summary_large_image\" \/>\n<script type=\"application\/ld+json\" class=\"yoast-schema-graph\">{\"@context\":\"https:\/\/schema.org\",\"@graph\":[{\"@type\":\"WebPage\",\"@id\":\"https:\/\/miumjau.ee\/lv\/produkts\/bugalugs-kepu-un-deguna-vasks-40g\/\",\"url\":\"https:\/\/miumjau.ee\/lv\/produkts\/bugalugs-kepu-un-deguna-vasks-40g\/\",\"name\":\"Bugalugs \u0136epu un Deguna Vasks 40g - MiuMjau\",\"isPartOf\":{\"@id\":\"https:\/\/miumjau.ee\/#website\"},\"primaryImageOfPage\":{\"@id\":\"https:\/\/miumjau.ee\/lv\/produkts\/bugalugs-kepu-un-deguna-vasks-40g\/#primaryimage\"},\"image\":{\"@id\":\"https:\/\/miumjau.ee\/lv\/produkts\/bugalugs-kepu-un-deguna-vasks-40g\/#primaryimage\"},\"thumbnailUrl\":\"https:\/\/miumjau.ee\/wp-content\/uploads\/2025\/06\/bugalugs-kapavaha-ninavaha-40g1.webp\",\"datePublished\":\"2025-06-17T19:55:28+00:00\",\"dateModified\":\"2026-01-07T19:16:16+00:00\",\"breadcrumb\":{\"@id\":\"https:\/\/miumjau.ee\/lv\/produkts\/bugalugs-kepu-un-deguna-vasks-40g\/#breadcrumb\"},\"inLanguage\":\"lv-LV\",\"potentialAction\":[{\"@type\":\"ReadAction\",\"target\":[\"https:\/\/miumjau.ee\/lv\/produkts\/bugalugs-kepu-un-deguna-vasks-40g\/\"]}]},{\"@type\":\"ImageObject\",\"inLanguage\":\"lv-LV\",\"@id\":\"https:\/\/miumjau.ee\/lv\/produkts\/bugalugs-kepu-un-deguna-vasks-40g\/#primaryimage\",\"url\":\"https:\/\/miumjau.ee\/wp-content\/uploads\/2025\/06\/bugalugs-kapavaha-ninavaha-40g1.webp\",\"contentUrl\":\"https:\/\/miumjau.ee\/wp-content\/uploads\/2025\/06\/bugalugs-kapavaha-ninavaha-40g1.webp\",\"width\":600,\"height\":800},{\"@type\":\"BreadcrumbList\",\"@id\":\"https:\/\/miumjau.ee\/lv\/produkts\/bugalugs-kepu-un-deguna-vasks-40g\/#breadcrumb\",\"itemListElement\":[{\"@type\":\"ListItem\",\"position\":1,\"name\":\"Home\",\"item\":\"https:\/\/miumjau.ee\/lv\/\"},{\"@type\":\"ListItem\",\"position\":2,\"name\":\"Veikals\",\"item\":\"https:\/\/miumjau.ee\/lv\/veikals\/\"},{\"@type\":\"ListItem\",\"position\":3,\"name\":\"Bugalugs \u0136epu un Deguna Vasks 40g\"}]},{\"@type\":\"WebSite\",\"@id\":\"https:\/\/miumjau.ee\/#website\",\"url\":\"https:\/\/miumjau.ee\/\",\"name\":\"MiuMjau\",\"description\":\"Kraapimispuud kassidele\",\"publisher\":{\"@id\":\"https:\/\/miumjau.ee\/#organization\"},\"potentialAction\":[{\"@type\":\"SearchAction\",\"target\":{\"@type\":\"EntryPoint\",\"urlTemplate\":\"https:\/\/miumjau.ee\/?s={search_term_string}\"},\"query-input\":{\"@type\":\"PropertyValueSpecification\",\"valueRequired\":true,\"valueName\":\"search_term_string\"}}],\"inLanguage\":\"lv-LV\"},{\"@type\":\"Organization\",\"@id\":\"https:\/\/miumjau.ee\/#organization\",\"name\":\"MiuMjau O\u00dc\",\"url\":\"https:\/\/miumjau.ee\/\",\"logo\":{\"@type\":\"ImageObject\",\"inLanguage\":\"lv-LV\",\"@id\":\"https:\/\/miumjau.ee\/#\/schema\/logo\/image\/\",\"url\":\"https:\/\/miumjau.ee\/wp-content\/uploads\/2022\/04\/MiuMjau-logo-kollane.png\",\"contentUrl\":\"https:\/\/miumjau.ee\/wp-content\/uploads\/2022\/04\/MiuMjau-logo-kollane.png\",\"width\":219,\"height\":100,\"caption\":\"MiuMjau O\u00dc\"},\"image\":{\"@id\":\"https:\/\/miumjau.ee\/#\/schema\/logo\/image\/\"},\"sameAs\":[\"https:\/\/www.facebook.com\/miumjaupood\/\"]}]}<\/script>\n<!-- \/ Yoast SEO plugin. -->","yoast_head_json":{"title":"Bugalugs \u0136epu un Deguna Vasks 40g - MiuMjau","robots":{"index":"index","follow":"follow","max-snippet":"max-snippet:-1","max-image-preview":"max-image-preview:large","max-video-preview":"max-video-preview:-1"},"canonical":"https:\/\/miumjau.ee\/lv\/produkts\/bugalugs-kepu-un-deguna-vasks-40g\/","og_locale":"lv_LV","og_type":"article","og_title":"Bugalugs \u0136epu un Deguna Vasks 40g - MiuMjau","og_description":"Lielisks mitrin\u0101t\u0101js, lai barotu j\u016bsu m\u0101jdz\u012bvnieka sauso un saplais\u0101ju\u0161o \u0101du. Piem\u0113rots lieto\u0161anai visu gadu, lai uztur\u0113tu degunu un \u0137epas m\u012bkstas un gludas. Bugalugs veg\u0101niskais vasks, izgatavots no dab\u012bg\u0101m e\u013c\u013c\u0101m, piem\u0113rots vis\u0101m \u0161\u0137irn\u0113m un kuc\u0113niem no 8 ned\u0113\u013cu vecuma. \u012apa\u0161i izstr\u0101d\u0101ts balzams ir barojo\u0161a daudzu dab\u012bgu e\u013c\u013cu un sviestu mais\u012bjums, kas paz\u012bstams ar izcil\u0101m \u0101du barojo\u0161\u0101m \u012bpa\u0161\u012bb\u0101m. Lieto\u0161ana: P\u0101rliecinieties, ka \u0101da ir t\u012bra un sausa. Uzkl\u0101jiet zir\u0146a lieluma daudzumu uz \u0137ep\u0101m vai deguna un iemas\u0113jiet. Sast\u0101vs: sald\u0101 mande\u013cu kodola e\u013c\u013ca, kaprils\/kapr\u012bnsk\u0101bes triglicer\u012bds, kokosriekstu kodola e\u013c\u013ca, mie\u017eu s\u0113klu milti, saulespu\u0137u vasks, saulespu\u0137u e\u013c\u013ca, auzu kodola milti, auzu kodola e\u013c\u013ca, tokoferols, heksilcinnamaldeh\u012bds. Ra\u017eot\u0101js: Lakeland Cosmetics","og_url":"https:\/\/miumjau.ee\/lv\/produkts\/bugalugs-kepu-un-deguna-vasks-40g\/","og_site_name":"MiuMjau","article_publisher":"https:\/\/www.facebook.com\/miumjaupood\/","article_modified_time":"2026-01-07T19:16:16+00:00","og_image":[{"width":600,"height":800,"url":"https:\/\/miumjau.ee\/wp-content\/uploads\/2025\/06\/bugalugs-kapavaha-ninavaha-40g1.webp","type":"image\/webp"}],"twitter_card":"summary_large_image","schema":{"@context":"https:\/\/schema.org","@graph":[{"@type":"WebPage","@id":"https:\/\/miumjau.ee\/lv\/produkts\/bugalugs-kepu-un-deguna-vasks-40g\/","url":"https:\/\/miumjau.ee\/lv\/produkts\/bugalugs-kepu-un-deguna-vasks-40g\/","name":"Bugalugs \u0136epu un Deguna Vasks 40g - MiuMjau","isPartOf":{"@id":"https:\/\/miumjau.ee\/#website"},"primaryImageOfPage":{"@id":"https:\/\/miumjau.ee\/lv\/produkts\/bugalugs-kepu-un-deguna-vasks-40g\/#primaryimage"},"image":{"@id":"https:\/\/miumjau.ee\/lv\/produkts\/bugalugs-kepu-un-deguna-vasks-40g\/#primaryimage"},"thumbnailUrl":"https:\/\/miumjau.ee\/wp-content\/uploads\/2025\/06\/bugalugs-kapavaha-ninavaha-40g1.webp","datePublished":"2025-06-17T19:55:28+00:00","dateModified":"2026-01-07T19:16:16+00:00","breadcrumb":{"@id":"https:\/\/miumjau.ee\/lv\/produkts\/bugalugs-kepu-un-deguna-vasks-40g\/#breadcrumb"},"inLanguage":"lv-LV","potentialAction":[{"@type":"ReadAction","target":["https:\/\/miumjau.ee\/lv\/produkts\/bugalugs-kepu-un-deguna-vasks-40g\/"]}]},{"@type":"ImageObject","inLanguage":"lv-LV","@id":"https:\/\/miumjau.ee\/lv\/produkts\/bugalugs-kepu-un-deguna-vasks-40g\/#primaryimage","url":"https:\/\/miumjau.ee\/wp-content\/uploads\/2025\/06\/bugalugs-kapavaha-ninavaha-40g1.webp","contentUrl":"https:\/\/miumjau.ee\/wp-content\/uploads\/2025\/06\/bugalugs-kapavaha-ninavaha-40g1.webp","width":600,"height":800},{"@type":"BreadcrumbList","@id":"https:\/\/miumjau.ee\/lv\/produkts\/bugalugs-kepu-un-deguna-vasks-40g\/#breadcrumb","itemListElement":[{"@type":"ListItem","position":1,"name":"Home","item":"https:\/\/miumjau.ee\/lv\/"},{"@type":"ListItem","position":2,"name":"Veikals","item":"https:\/\/miumjau.ee\/lv\/veikals\/"},{"@type":"ListItem","position":3,"name":"Bugalugs \u0136epu un Deguna Vasks 40g"}]},{"@type":"WebSite","@id":"https:\/\/miumjau.ee\/#website","url":"https:\/\/miumjau.ee\/","name":"MiuMjau","description":"Kraapimispuud kassidele","publisher":{"@id":"https:\/\/miumjau.ee\/#organization"},"potentialAction":[{"@type":"SearchAction","target":{"@type":"EntryPoint","urlTemplate":"https:\/\/miumjau.ee\/?s={search_term_string}"},"query-input":{"@type":"PropertyValueSpecification","valueRequired":true,"valueName":"search_term_string"}}],"inLanguage":"lv-LV"},{"@type":"Organization","@id":"https:\/\/miumjau.ee\/#organization","name":"MiuMjau O\u00dc","url":"https:\/\/miumjau.ee\/","logo":{"@type":"ImageObject","inLanguage":"lv-LV","@id":"https:\/\/miumjau.ee\/#\/schema\/logo\/image\/","url":"https:\/\/miumjau.ee\/wp-content\/uploads\/2022\/04\/MiuMjau-logo-kollane.png","contentUrl":"https:\/\/miumjau.ee\/wp-content\/uploads\/2022\/04\/MiuMjau-logo-kollane.png","width":219,"height":100,"caption":"MiuMjau O\u00dc"},"image":{"@id":"https:\/\/miumjau.ee\/#\/schema\/logo\/image\/"},"sameAs":["https:\/\/www.facebook.com\/miumjaupood\/"]}]}},"_links":{"self":[{"href":"https:\/\/miumjau.ee\/lv\/wp-json\/wp\/v2\/product\/49428","targetHints":{"allow":["GET"]}}],"collection":[{"href":"https:\/\/miumjau.ee\/lv\/wp-json\/wp\/v2\/product"}],"about":[{"href":"https:\/\/miumjau.ee\/lv\/wp-json\/wp\/v2\/types\/product"}],"wp:featuredmedia":[{"embeddable":true,"href":"https:\/\/miumjau.ee\/lv\/wp-json\/wp\/v2\/media\/49423"}],"wp:attachment":[{"href":"https:\/\/miumjau.ee\/lv\/wp-json\/wp\/v2\/media?parent=49428"}],"wp:term":[{"taxonomy":"product_brand","embeddable":true,"href":"https:\/\/miumjau.ee\/lv\/wp-json\/wp\/v2\/product_brand?post=49428"},{"taxonomy":"product_cat","embeddable":true,"href":"https:\/\/miumjau.ee\/lv\/wp-json\/wp\/v2\/product_cat?post=49428"},{"taxonomy":"product_tag","embeddable":true,"href":"https:\/\/miumjau.ee\/lv\/wp-json\/wp\/v2\/product_tag?post=49428"}],"curies":[{"name":"wp","href":"https:\/\/api.w.org\/{rel}","templated":true}]}}