{"id":49420,"date":"2025-06-18T09:18:27","date_gmt":"2025-06-18T06:18:27","guid":{"rendered":"https:\/\/miumjau.ee\/toode\/bugalugs-pretblusu-un-pretercu-sprejs-suniem-un-kakiem\/"},"modified":"2026-01-07T21:16:23","modified_gmt":"2026-01-07T19:16:23","slug":"bugalugs-pretblusu-un-pretercu-sprejs-suniem-un-kakiem","status":"publish","type":"product","link":"https:\/\/miumjau.ee\/lv\/produkts\/bugalugs-pretblusu-un-pretercu-sprejs-suniem-un-kakiem\/","title":{"rendered":"Bugalugs Pretblusu un Pret\u0113r\u010du Sprejs Su\u0146iem un Ka\u0137iem"},"content":{"rendered":"","protected":false},"excerpt":{"rendered":"<p data-start=\"1545\" data-end=\"1862\">Bugalugs piln\u012bgas \u0137erme\u0146a seguma sprejs pret blus\u0101m un \u0113rc\u0113m su\u0146iem un ka\u0137iem. Sakiet \u201cn\u0113\u201d nev\u0113lamajiem paraz\u012btiem ar Bugalugs spreju. Ar neemi e\u013c\u013cu bag\u0101tin\u0101ts sprejs ir dro\u0161s veids, k\u0101 c\u012bn\u012bties ar kait\u0113k\u013ciem, pal\u012bdzot su\u0146iem un ka\u0137iem saglab\u0101t vesel\u012bgu apmatojumu, vienlaikus nomierinot un mazinot jau kairin\u0101tu \u0101du.<\/p>\n<p data-start=\"1864\" data-end=\"1883\"><strong data-start=\"1864\" data-end=\"1876\">Tilpums:<\/strong> 200 ml<\/p>\n<p data-start=\"1885\" data-end=\"1986\"><strong data-start=\"1885\" data-end=\"1906\">Lieto\u0161anas veids:<\/strong> Vienk\u0101r\u0161i uzsmidziniet uz sausa apmatojuma. Glab\u0101jiet b\u0113rniem nepieejam\u0101 viet\u0101.<\/p>\n<p data-start=\"1988\" data-end=\"2124\"><strong data-start=\"1988\" data-end=\"2000\">Sast\u0101vs:<\/strong> denatur\u0113ts alkohols, kaprils \/ kapr\u012bnsk\u0101bes triglicer\u012bds, parf\u012bms, Melia Azadirachta (Neem) s\u0113klu e\u013c\u013ca, kumar\u012bns, eugenols.<\/p>\n<p data-start=\"2126\" data-end=\"2180\"><strong data-start=\"2126\" data-end=\"2147\">Der\u012bguma termi\u0146\u0161:<\/strong> l\u012bdz 18 m\u0113ne\u0161iem p\u0113c atv\u0113r\u0161anas.<\/p>\n<p data-start=\"2182\" data-end=\"2214\"><strong data-start=\"2182\" data-end=\"2195\">Ra\u017eot\u0101js:<\/strong> Lakeland Cosmetics<\/p>\n","protected":false},"featured_media":49416,"template":"","meta":[],"product_brand":[],"product_cat":[589,560],"product_tag":[],"class_list":{"0":"post-49420","1":"product","2":"type-product","3":"status-publish","4":"has-post-thumbnail","6":"product_cat-citi-piederumi","7":"product_cat-kopsanas-lidzekli-suniem","9":"first","10":"instock","11":"taxable","12":"shipping-taxable","13":"purchasable","14":"product-type-simple"},"yoast_head":"<!-- This site is optimized with the Yoast SEO plugin v27.2 - https:\/\/yoast.com\/product\/yoast-seo-wordpress\/ -->\n<title>Bugalugs Pretblusu un Pret\u0113r\u010du Sprejs Su\u0146iem un Ka\u0137iem - MiuMjau<\/title>\n<meta name=\"robots\" content=\"index, follow, max-snippet:-1, max-image-preview:large, max-video-preview:-1\" \/>\n<link rel=\"canonical\" href=\"https:\/\/miumjau.ee\/lv\/produkts\/bugalugs-pretblusu-un-pretercu-sprejs-suniem-un-kakiem\/\" \/>\n<meta property=\"og:locale\" content=\"lv_LV\" \/>\n<meta property=\"og:type\" content=\"article\" \/>\n<meta property=\"og:title\" content=\"Bugalugs Pretblusu un Pret\u0113r\u010du Sprejs Su\u0146iem un Ka\u0137iem - MiuMjau\" \/>\n<meta property=\"og:description\" content=\"Bugalugs piln\u012bgas \u0137erme\u0146a seguma sprejs pret blus\u0101m un \u0113rc\u0113m su\u0146iem un ka\u0137iem. Sakiet \u201cn\u0113\u201d nev\u0113lamajiem paraz\u012btiem ar Bugalugs spreju. Ar neemi e\u013c\u013cu bag\u0101tin\u0101ts sprejs ir dro\u0161s veids, k\u0101 c\u012bn\u012bties ar kait\u0113k\u013ciem, pal\u012bdzot su\u0146iem un ka\u0137iem saglab\u0101t vesel\u012bgu apmatojumu, vienlaikus nomierinot un mazinot jau kairin\u0101tu \u0101du. Tilpums: 200 ml Lieto\u0161anas veids: Vienk\u0101r\u0161i uzsmidziniet uz sausa apmatojuma. Glab\u0101jiet b\u0113rniem nepieejam\u0101 viet\u0101. Sast\u0101vs: denatur\u0113ts alkohols, kaprils \/ kapr\u012bnsk\u0101bes triglicer\u012bds, parf\u012bms, Melia Azadirachta (Neem) s\u0113klu e\u013c\u013ca, kumar\u012bns, eugenols. Der\u012bguma termi\u0146\u0161: l\u012bdz 18 m\u0113ne\u0161iem p\u0113c atv\u0113r\u0161anas. Ra\u017eot\u0101js: Lakeland Cosmetics\" \/>\n<meta property=\"og:url\" content=\"https:\/\/miumjau.ee\/lv\/produkts\/bugalugs-pretblusu-un-pretercu-sprejs-suniem-un-kakiem\/\" \/>\n<meta property=\"og:site_name\" content=\"MiuMjau\" \/>\n<meta property=\"article:publisher\" content=\"https:\/\/www.facebook.com\/miumjaupood\/\" \/>\n<meta property=\"article:modified_time\" content=\"2026-01-07T19:16:23+00:00\" \/>\n<meta property=\"og:image\" content=\"https:\/\/miumjau.ee\/wp-content\/uploads\/2025\/06\/bugalugs-kirbu-puugivastane-sprei1.webp\" \/>\n\t<meta property=\"og:image:width\" content=\"600\" \/>\n\t<meta property=\"og:image:height\" content=\"800\" \/>\n\t<meta property=\"og:image:type\" content=\"image\/webp\" \/>\n<meta name=\"twitter:card\" content=\"summary_large_image\" \/>\n<script type=\"application\/ld+json\" class=\"yoast-schema-graph\">{\"@context\":\"https:\/\/schema.org\",\"@graph\":[{\"@type\":\"WebPage\",\"@id\":\"https:\/\/miumjau.ee\/lv\/produkts\/bugalugs-pretblusu-un-pretercu-sprejs-suniem-un-kakiem\/\",\"url\":\"https:\/\/miumjau.ee\/lv\/produkts\/bugalugs-pretblusu-un-pretercu-sprejs-suniem-un-kakiem\/\",\"name\":\"Bugalugs Pretblusu un Pret\u0113r\u010du Sprejs Su\u0146iem un Ka\u0137iem - MiuMjau\",\"isPartOf\":{\"@id\":\"https:\/\/miumjau.ee\/#website\"},\"primaryImageOfPage\":{\"@id\":\"https:\/\/miumjau.ee\/lv\/produkts\/bugalugs-pretblusu-un-pretercu-sprejs-suniem-un-kakiem\/#primaryimage\"},\"image\":{\"@id\":\"https:\/\/miumjau.ee\/lv\/produkts\/bugalugs-pretblusu-un-pretercu-sprejs-suniem-un-kakiem\/#primaryimage\"},\"thumbnailUrl\":\"https:\/\/miumjau.ee\/wp-content\/uploads\/2025\/06\/bugalugs-kirbu-puugivastane-sprei1.webp\",\"datePublished\":\"2025-06-18T06:18:27+00:00\",\"dateModified\":\"2026-01-07T19:16:23+00:00\",\"breadcrumb\":{\"@id\":\"https:\/\/miumjau.ee\/lv\/produkts\/bugalugs-pretblusu-un-pretercu-sprejs-suniem-un-kakiem\/#breadcrumb\"},\"inLanguage\":\"lv-LV\",\"potentialAction\":[{\"@type\":\"ReadAction\",\"target\":[\"https:\/\/miumjau.ee\/lv\/produkts\/bugalugs-pretblusu-un-pretercu-sprejs-suniem-un-kakiem\/\"]}]},{\"@type\":\"ImageObject\",\"inLanguage\":\"lv-LV\",\"@id\":\"https:\/\/miumjau.ee\/lv\/produkts\/bugalugs-pretblusu-un-pretercu-sprejs-suniem-un-kakiem\/#primaryimage\",\"url\":\"https:\/\/miumjau.ee\/wp-content\/uploads\/2025\/06\/bugalugs-kirbu-puugivastane-sprei1.webp\",\"contentUrl\":\"https:\/\/miumjau.ee\/wp-content\/uploads\/2025\/06\/bugalugs-kirbu-puugivastane-sprei1.webp\",\"width\":600,\"height\":800},{\"@type\":\"BreadcrumbList\",\"@id\":\"https:\/\/miumjau.ee\/lv\/produkts\/bugalugs-pretblusu-un-pretercu-sprejs-suniem-un-kakiem\/#breadcrumb\",\"itemListElement\":[{\"@type\":\"ListItem\",\"position\":1,\"name\":\"Home\",\"item\":\"https:\/\/miumjau.ee\/lv\/\"},{\"@type\":\"ListItem\",\"position\":2,\"name\":\"Veikals\",\"item\":\"https:\/\/miumjau.ee\/lv\/veikals\/\"},{\"@type\":\"ListItem\",\"position\":3,\"name\":\"Bugalugs Pretblusu un Pret\u0113r\u010du Sprejs Su\u0146iem un Ka\u0137iem\"}]},{\"@type\":\"WebSite\",\"@id\":\"https:\/\/miumjau.ee\/#website\",\"url\":\"https:\/\/miumjau.ee\/\",\"name\":\"MiuMjau\",\"description\":\"Kraapimispuud kassidele\",\"publisher\":{\"@id\":\"https:\/\/miumjau.ee\/#organization\"},\"potentialAction\":[{\"@type\":\"SearchAction\",\"target\":{\"@type\":\"EntryPoint\",\"urlTemplate\":\"https:\/\/miumjau.ee\/?s={search_term_string}\"},\"query-input\":{\"@type\":\"PropertyValueSpecification\",\"valueRequired\":true,\"valueName\":\"search_term_string\"}}],\"inLanguage\":\"lv-LV\"},{\"@type\":\"Organization\",\"@id\":\"https:\/\/miumjau.ee\/#organization\",\"name\":\"MiuMjau O\u00dc\",\"url\":\"https:\/\/miumjau.ee\/\",\"logo\":{\"@type\":\"ImageObject\",\"inLanguage\":\"lv-LV\",\"@id\":\"https:\/\/miumjau.ee\/#\/schema\/logo\/image\/\",\"url\":\"https:\/\/miumjau.ee\/wp-content\/uploads\/2022\/04\/MiuMjau-logo-kollane.png\",\"contentUrl\":\"https:\/\/miumjau.ee\/wp-content\/uploads\/2022\/04\/MiuMjau-logo-kollane.png\",\"width\":219,\"height\":100,\"caption\":\"MiuMjau O\u00dc\"},\"image\":{\"@id\":\"https:\/\/miumjau.ee\/#\/schema\/logo\/image\/\"},\"sameAs\":[\"https:\/\/www.facebook.com\/miumjaupood\/\"]}]}<\/script>\n<!-- \/ Yoast SEO plugin. -->","yoast_head_json":{"title":"Bugalugs Pretblusu un Pret\u0113r\u010du Sprejs Su\u0146iem un Ka\u0137iem - MiuMjau","robots":{"index":"index","follow":"follow","max-snippet":"max-snippet:-1","max-image-preview":"max-image-preview:large","max-video-preview":"max-video-preview:-1"},"canonical":"https:\/\/miumjau.ee\/lv\/produkts\/bugalugs-pretblusu-un-pretercu-sprejs-suniem-un-kakiem\/","og_locale":"lv_LV","og_type":"article","og_title":"Bugalugs Pretblusu un Pret\u0113r\u010du Sprejs Su\u0146iem un Ka\u0137iem - MiuMjau","og_description":"Bugalugs piln\u012bgas \u0137erme\u0146a seguma sprejs pret blus\u0101m un \u0113rc\u0113m su\u0146iem un ka\u0137iem. Sakiet \u201cn\u0113\u201d nev\u0113lamajiem paraz\u012btiem ar Bugalugs spreju. Ar neemi e\u013c\u013cu bag\u0101tin\u0101ts sprejs ir dro\u0161s veids, k\u0101 c\u012bn\u012bties ar kait\u0113k\u013ciem, pal\u012bdzot su\u0146iem un ka\u0137iem saglab\u0101t vesel\u012bgu apmatojumu, vienlaikus nomierinot un mazinot jau kairin\u0101tu \u0101du. Tilpums: 200 ml Lieto\u0161anas veids: Vienk\u0101r\u0161i uzsmidziniet uz sausa apmatojuma. Glab\u0101jiet b\u0113rniem nepieejam\u0101 viet\u0101. Sast\u0101vs: denatur\u0113ts alkohols, kaprils \/ kapr\u012bnsk\u0101bes triglicer\u012bds, parf\u012bms, Melia Azadirachta (Neem) s\u0113klu e\u013c\u013ca, kumar\u012bns, eugenols. Der\u012bguma termi\u0146\u0161: l\u012bdz 18 m\u0113ne\u0161iem p\u0113c atv\u0113r\u0161anas. Ra\u017eot\u0101js: Lakeland Cosmetics","og_url":"https:\/\/miumjau.ee\/lv\/produkts\/bugalugs-pretblusu-un-pretercu-sprejs-suniem-un-kakiem\/","og_site_name":"MiuMjau","article_publisher":"https:\/\/www.facebook.com\/miumjaupood\/","article_modified_time":"2026-01-07T19:16:23+00:00","og_image":[{"width":600,"height":800,"url":"https:\/\/miumjau.ee\/wp-content\/uploads\/2025\/06\/bugalugs-kirbu-puugivastane-sprei1.webp","type":"image\/webp"}],"twitter_card":"summary_large_image","schema":{"@context":"https:\/\/schema.org","@graph":[{"@type":"WebPage","@id":"https:\/\/miumjau.ee\/lv\/produkts\/bugalugs-pretblusu-un-pretercu-sprejs-suniem-un-kakiem\/","url":"https:\/\/miumjau.ee\/lv\/produkts\/bugalugs-pretblusu-un-pretercu-sprejs-suniem-un-kakiem\/","name":"Bugalugs Pretblusu un Pret\u0113r\u010du Sprejs Su\u0146iem un Ka\u0137iem - MiuMjau","isPartOf":{"@id":"https:\/\/miumjau.ee\/#website"},"primaryImageOfPage":{"@id":"https:\/\/miumjau.ee\/lv\/produkts\/bugalugs-pretblusu-un-pretercu-sprejs-suniem-un-kakiem\/#primaryimage"},"image":{"@id":"https:\/\/miumjau.ee\/lv\/produkts\/bugalugs-pretblusu-un-pretercu-sprejs-suniem-un-kakiem\/#primaryimage"},"thumbnailUrl":"https:\/\/miumjau.ee\/wp-content\/uploads\/2025\/06\/bugalugs-kirbu-puugivastane-sprei1.webp","datePublished":"2025-06-18T06:18:27+00:00","dateModified":"2026-01-07T19:16:23+00:00","breadcrumb":{"@id":"https:\/\/miumjau.ee\/lv\/produkts\/bugalugs-pretblusu-un-pretercu-sprejs-suniem-un-kakiem\/#breadcrumb"},"inLanguage":"lv-LV","potentialAction":[{"@type":"ReadAction","target":["https:\/\/miumjau.ee\/lv\/produkts\/bugalugs-pretblusu-un-pretercu-sprejs-suniem-un-kakiem\/"]}]},{"@type":"ImageObject","inLanguage":"lv-LV","@id":"https:\/\/miumjau.ee\/lv\/produkts\/bugalugs-pretblusu-un-pretercu-sprejs-suniem-un-kakiem\/#primaryimage","url":"https:\/\/miumjau.ee\/wp-content\/uploads\/2025\/06\/bugalugs-kirbu-puugivastane-sprei1.webp","contentUrl":"https:\/\/miumjau.ee\/wp-content\/uploads\/2025\/06\/bugalugs-kirbu-puugivastane-sprei1.webp","width":600,"height":800},{"@type":"BreadcrumbList","@id":"https:\/\/miumjau.ee\/lv\/produkts\/bugalugs-pretblusu-un-pretercu-sprejs-suniem-un-kakiem\/#breadcrumb","itemListElement":[{"@type":"ListItem","position":1,"name":"Home","item":"https:\/\/miumjau.ee\/lv\/"},{"@type":"ListItem","position":2,"name":"Veikals","item":"https:\/\/miumjau.ee\/lv\/veikals\/"},{"@type":"ListItem","position":3,"name":"Bugalugs Pretblusu un Pret\u0113r\u010du Sprejs Su\u0146iem un Ka\u0137iem"}]},{"@type":"WebSite","@id":"https:\/\/miumjau.ee\/#website","url":"https:\/\/miumjau.ee\/","name":"MiuMjau","description":"Kraapimispuud kassidele","publisher":{"@id":"https:\/\/miumjau.ee\/#organization"},"potentialAction":[{"@type":"SearchAction","target":{"@type":"EntryPoint","urlTemplate":"https:\/\/miumjau.ee\/?s={search_term_string}"},"query-input":{"@type":"PropertyValueSpecification","valueRequired":true,"valueName":"search_term_string"}}],"inLanguage":"lv-LV"},{"@type":"Organization","@id":"https:\/\/miumjau.ee\/#organization","name":"MiuMjau O\u00dc","url":"https:\/\/miumjau.ee\/","logo":{"@type":"ImageObject","inLanguage":"lv-LV","@id":"https:\/\/miumjau.ee\/#\/schema\/logo\/image\/","url":"https:\/\/miumjau.ee\/wp-content\/uploads\/2022\/04\/MiuMjau-logo-kollane.png","contentUrl":"https:\/\/miumjau.ee\/wp-content\/uploads\/2022\/04\/MiuMjau-logo-kollane.png","width":219,"height":100,"caption":"MiuMjau O\u00dc"},"image":{"@id":"https:\/\/miumjau.ee\/#\/schema\/logo\/image\/"},"sameAs":["https:\/\/www.facebook.com\/miumjaupood\/"]}]}},"_links":{"self":[{"href":"https:\/\/miumjau.ee\/lv\/wp-json\/wp\/v2\/product\/49420","targetHints":{"allow":["GET"]}}],"collection":[{"href":"https:\/\/miumjau.ee\/lv\/wp-json\/wp\/v2\/product"}],"about":[{"href":"https:\/\/miumjau.ee\/lv\/wp-json\/wp\/v2\/types\/product"}],"wp:featuredmedia":[{"embeddable":true,"href":"https:\/\/miumjau.ee\/lv\/wp-json\/wp\/v2\/media\/49416"}],"wp:attachment":[{"href":"https:\/\/miumjau.ee\/lv\/wp-json\/wp\/v2\/media?parent=49420"}],"wp:term":[{"taxonomy":"product_brand","embeddable":true,"href":"https:\/\/miumjau.ee\/lv\/wp-json\/wp\/v2\/product_brand?post=49420"},{"taxonomy":"product_cat","embeddable":true,"href":"https:\/\/miumjau.ee\/lv\/wp-json\/wp\/v2\/product_cat?post=49420"},{"taxonomy":"product_tag","embeddable":true,"href":"https:\/\/miumjau.ee\/lv\/wp-json\/wp\/v2\/product_tag?post=49420"}],"curies":[{"name":"wp","href":"https:\/\/api.w.org\/{rel}","templated":true}]}}