{"id":49413,"date":"2025-06-18T09:37:50","date_gmt":"2025-06-18T06:37:50","guid":{"rendered":"https:\/\/miumjau.ee\/toode\/bugalugs-silikona-vannas-suka-kakiem-un-suniem-roza\/"},"modified":"2026-01-07T21:16:23","modified_gmt":"2026-01-07T19:16:23","slug":"bugalugs-silikona-vannas-suka-kakiem-un-suniem-roza","status":"publish","type":"product","link":"https:\/\/miumjau.ee\/lv\/produkts\/bugalugs-silikona-vannas-suka-kakiem-un-suniem-roza\/","title":{"rendered":"Bugalugs Silikona Vannas Suka Ka\u0137iem un Su\u0146iem, Roz\u0101"},"content":{"rendered":"","protected":false},"excerpt":{"rendered":"<p data-start=\"2539\" data-end=\"2799\">Padariet sava su\u0146a mazg\u0101\u0161anu vienk\u0101r\u0161u, \u0101tru un pat\u012bkamu ar Bugalugs roz\u0101 vannas suku! \u0160\u012b ergonomisk\u0101 suka ar m\u012bkstiem sariem pal\u012bdz vienm\u0113r\u012bgi izklied\u0113t \u0161amp\u016bnu, no\u0146emt net\u012brumus un mas\u0113t \u0101du, stimul\u0113jot asinsriti un saglab\u0101jot apmatojumu vesel\u012bgu un sp\u012bd\u012bgu.<\/p>\n<p data-start=\"2801\" data-end=\"2825\"><strong data-start=\"2801\" data-end=\"2823\">Galven\u0101s \u012bpa\u0161\u012bbas:<\/strong><\/p>\n<p data-start=\"2827\" data-end=\"3370\">\ud83e\uddfc <strong data-start=\"2830\" data-end=\"2857\">T\u012bra un mas\u0113 vienlaikus<\/strong> \u2013 no\u0146em net\u012brumus un atbr\u012bvo matus, vienlaikus maigi mas\u0113jot \u0101du.<br data-start=\"2923\" data-end=\"2926\" \/>\ud83d\udc3e <strong data-start=\"2929\" data-end=\"2953\">M\u012bksti silikona sari<\/strong> \u2013 maigi ar\u012b jut\u012bgai \u0101dai, piem\u0113roti visiem apmatojuma tipiem.<br data-start=\"3015\" data-end=\"3018\" \/>\u270b <strong data-start=\"3020\" data-end=\"3037\">\u0112rts rokturis<\/strong> \u2013 ergonomisks dizains nodro\u0161ina dro\u0161u satv\u0113rienu pat mitr\u0101s rok\u0101s.<br data-start=\"3104\" data-end=\"3107\" \/>\ud83d\udec1 <strong data-start=\"3110\" data-end=\"3135\">Viegla \u0161amp\u016bna sadale<\/strong> \u2013 pal\u012bdz vienm\u0113r\u012bgi uzkl\u0101t \u0161amp\u016bnu un dzi\u013ci izt\u012br\u012bt apmatojumu.<br data-start=\"3199\" data-end=\"3202\" \/>\ud83d\udca6 <strong data-start=\"3205\" data-end=\"3229\">Ide\u0101li vannas reiz\u0113m<\/strong> \u2013 padara mazg\u0101\u0161anu \u0101tr\u0101ku un maz\u0101k stresainu.<br data-start=\"3275\" data-end=\"3278\" \/>\ud83c\udfa8 <strong data-start=\"3281\" data-end=\"3305\">Stil\u012bgs roz\u0101 dizains<\/strong> \u2013 jauks un praktisks papildin\u0101jums jebkuram kop\u0161anas komplektam.<\/p>\n<p data-start=\"3372\" data-end=\"3388\"><strong data-start=\"3372\" data-end=\"3386\">Lieto\u0161ana:<\/strong><\/p>\n<ul data-start=\"3390\" data-end=\"3599\">\n<li data-start=\"3390\" data-end=\"3422\">\n<p data-start=\"3392\" data-end=\"3422\">Samitriniet su\u0146a apmatojumu.<\/p>\n<\/li>\n<li data-start=\"3423\" data-end=\"3475\">\n<p data-start=\"3425\" data-end=\"3475\">Uzkl\u0101jiet \u0161amp\u016bnu tie\u0161i uz sukas vai apmatojuma.<\/p>\n<\/li>\n<li data-start=\"3476\" data-end=\"3554\">\n<p data-start=\"3478\" data-end=\"3554\">Suku vis\u0101 \u0137ermen\u012b ar ri\u0146\u0137veida kust\u012bb\u0101m, izvairoties no acu un ausu zonas.<\/p>\n<\/li>\n<li data-start=\"3555\" data-end=\"3599\">\n<p data-start=\"3557\" data-end=\"3599\">R\u016bp\u012bgi noskalojiet un \u013caujiet sukai no\u017e\u016bt.<\/p>\n<\/li>\n<\/ul>\n<p data-start=\"3601\" data-end=\"3633\"><strong data-start=\"3601\" data-end=\"3614\">Ra\u017eot\u0101js:<\/strong> Lakeland Cosmetics<\/p>\n","protected":false},"featured_media":49409,"template":"","meta":[],"product_brand":[],"product_cat":[589,560],"product_tag":[],"class_list":{"0":"post-49413","1":"product","2":"type-product","3":"status-publish","4":"has-post-thumbnail","6":"product_cat-citi-piederumi","7":"product_cat-kopsanas-lidzekli-suniem","9":"first","10":"instock","11":"taxable","12":"shipping-taxable","13":"purchasable","14":"product-type-simple"},"yoast_head":"<!-- This site is optimized with the Yoast SEO plugin v27.2 - https:\/\/yoast.com\/product\/yoast-seo-wordpress\/ -->\n<title>Bugalugs Silikona Vannas Suka Ka\u0137iem un Su\u0146iem, Roz\u0101 - MiuMjau<\/title>\n<meta name=\"robots\" content=\"index, follow, max-snippet:-1, max-image-preview:large, max-video-preview:-1\" \/>\n<link rel=\"canonical\" href=\"https:\/\/miumjau.ee\/lv\/produkts\/bugalugs-silikona-vannas-suka-kakiem-un-suniem-roza\/\" \/>\n<meta property=\"og:locale\" content=\"lv_LV\" \/>\n<meta property=\"og:type\" content=\"article\" \/>\n<meta property=\"og:title\" content=\"Bugalugs Silikona Vannas Suka Ka\u0137iem un Su\u0146iem, Roz\u0101 - MiuMjau\" \/>\n<meta property=\"og:description\" content=\"Padariet sava su\u0146a mazg\u0101\u0161anu vienk\u0101r\u0161u, \u0101tru un pat\u012bkamu ar Bugalugs roz\u0101 vannas suku! \u0160\u012b ergonomisk\u0101 suka ar m\u012bkstiem sariem pal\u012bdz vienm\u0113r\u012bgi izklied\u0113t \u0161amp\u016bnu, no\u0146emt net\u012brumus un mas\u0113t \u0101du, stimul\u0113jot asinsriti un saglab\u0101jot apmatojumu vesel\u012bgu un sp\u012bd\u012bgu. Galven\u0101s \u012bpa\u0161\u012bbas: \ud83e\uddfc T\u012bra un mas\u0113 vienlaikus \u2013 no\u0146em net\u012brumus un atbr\u012bvo matus, vienlaikus maigi mas\u0113jot \u0101du.\ud83d\udc3e M\u012bksti silikona sari \u2013 maigi ar\u012b jut\u012bgai \u0101dai, piem\u0113roti visiem apmatojuma tipiem.\u270b \u0112rts rokturis \u2013 ergonomisks dizains nodro\u0161ina dro\u0161u satv\u0113rienu pat mitr\u0101s rok\u0101s.\ud83d\udec1 Viegla \u0161amp\u016bna sadale \u2013 pal\u012bdz vienm\u0113r\u012bgi uzkl\u0101t \u0161amp\u016bnu un dzi\u013ci izt\u012br\u012bt apmatojumu.\ud83d\udca6 Ide\u0101li vannas reiz\u0113m \u2013 padara mazg\u0101\u0161anu \u0101tr\u0101ku un maz\u0101k stresainu.\ud83c\udfa8 Stil\u012bgs roz\u0101 dizains \u2013 jauks un praktisks papildin\u0101jums jebkuram kop\u0161anas komplektam. Lieto\u0161ana:     Samitriniet su\u0146a apmatojumu.    Uzkl\u0101jiet \u0161amp\u016bnu tie\u0161i uz sukas vai apmatojuma.    Suku vis\u0101 \u0137ermen\u012b ar ri\u0146\u0137veida kust\u012bb\u0101m, izvairoties no acu un ausu zonas.    R\u016bp\u012bgi noskalojiet un \u013caujiet sukai no\u017e\u016bt.   Ra\u017eot\u0101js: Lakeland Cosmetics\" \/>\n<meta property=\"og:url\" content=\"https:\/\/miumjau.ee\/lv\/produkts\/bugalugs-silikona-vannas-suka-kakiem-un-suniem-roza\/\" \/>\n<meta property=\"og:site_name\" content=\"MiuMjau\" \/>\n<meta property=\"article:publisher\" content=\"https:\/\/www.facebook.com\/miumjaupood\/\" \/>\n<meta property=\"article:modified_time\" content=\"2026-01-07T19:16:23+00:00\" \/>\n<meta property=\"og:image\" content=\"https:\/\/miumjau.ee\/wp-content\/uploads\/2025\/06\/bugalugs-pesuhari-roosa3.webp\" \/>\n\t<meta property=\"og:image:width\" content=\"600\" \/>\n\t<meta property=\"og:image:height\" content=\"800\" \/>\n\t<meta property=\"og:image:type\" content=\"image\/webp\" \/>\n<meta name=\"twitter:card\" content=\"summary_large_image\" \/>\n<script type=\"application\/ld+json\" class=\"yoast-schema-graph\">{\"@context\":\"https:\/\/schema.org\",\"@graph\":[{\"@type\":\"WebPage\",\"@id\":\"https:\/\/miumjau.ee\/lv\/produkts\/bugalugs-silikona-vannas-suka-kakiem-un-suniem-roza\/\",\"url\":\"https:\/\/miumjau.ee\/lv\/produkts\/bugalugs-silikona-vannas-suka-kakiem-un-suniem-roza\/\",\"name\":\"Bugalugs Silikona Vannas Suka Ka\u0137iem un Su\u0146iem, Roz\u0101 - MiuMjau\",\"isPartOf\":{\"@id\":\"https:\/\/miumjau.ee\/#website\"},\"primaryImageOfPage\":{\"@id\":\"https:\/\/miumjau.ee\/lv\/produkts\/bugalugs-silikona-vannas-suka-kakiem-un-suniem-roza\/#primaryimage\"},\"image\":{\"@id\":\"https:\/\/miumjau.ee\/lv\/produkts\/bugalugs-silikona-vannas-suka-kakiem-un-suniem-roza\/#primaryimage\"},\"thumbnailUrl\":\"https:\/\/miumjau.ee\/wp-content\/uploads\/2025\/06\/bugalugs-pesuhari-roosa3.webp\",\"datePublished\":\"2025-06-18T06:37:50+00:00\",\"dateModified\":\"2026-01-07T19:16:23+00:00\",\"breadcrumb\":{\"@id\":\"https:\/\/miumjau.ee\/lv\/produkts\/bugalugs-silikona-vannas-suka-kakiem-un-suniem-roza\/#breadcrumb\"},\"inLanguage\":\"lv-LV\",\"potentialAction\":[{\"@type\":\"ReadAction\",\"target\":[\"https:\/\/miumjau.ee\/lv\/produkts\/bugalugs-silikona-vannas-suka-kakiem-un-suniem-roza\/\"]}]},{\"@type\":\"ImageObject\",\"inLanguage\":\"lv-LV\",\"@id\":\"https:\/\/miumjau.ee\/lv\/produkts\/bugalugs-silikona-vannas-suka-kakiem-un-suniem-roza\/#primaryimage\",\"url\":\"https:\/\/miumjau.ee\/wp-content\/uploads\/2025\/06\/bugalugs-pesuhari-roosa3.webp\",\"contentUrl\":\"https:\/\/miumjau.ee\/wp-content\/uploads\/2025\/06\/bugalugs-pesuhari-roosa3.webp\",\"width\":600,\"height\":800},{\"@type\":\"BreadcrumbList\",\"@id\":\"https:\/\/miumjau.ee\/lv\/produkts\/bugalugs-silikona-vannas-suka-kakiem-un-suniem-roza\/#breadcrumb\",\"itemListElement\":[{\"@type\":\"ListItem\",\"position\":1,\"name\":\"Home\",\"item\":\"https:\/\/miumjau.ee\/lv\/\"},{\"@type\":\"ListItem\",\"position\":2,\"name\":\"Veikals\",\"item\":\"https:\/\/miumjau.ee\/lv\/veikals\/\"},{\"@type\":\"ListItem\",\"position\":3,\"name\":\"Bugalugs Silikona Vannas Suka Ka\u0137iem un Su\u0146iem, Roz\u0101\"}]},{\"@type\":\"WebSite\",\"@id\":\"https:\/\/miumjau.ee\/#website\",\"url\":\"https:\/\/miumjau.ee\/\",\"name\":\"MiuMjau\",\"description\":\"Kraapimispuud kassidele\",\"publisher\":{\"@id\":\"https:\/\/miumjau.ee\/#organization\"},\"potentialAction\":[{\"@type\":\"SearchAction\",\"target\":{\"@type\":\"EntryPoint\",\"urlTemplate\":\"https:\/\/miumjau.ee\/?s={search_term_string}\"},\"query-input\":{\"@type\":\"PropertyValueSpecification\",\"valueRequired\":true,\"valueName\":\"search_term_string\"}}],\"inLanguage\":\"lv-LV\"},{\"@type\":\"Organization\",\"@id\":\"https:\/\/miumjau.ee\/#organization\",\"name\":\"MiuMjau O\u00dc\",\"url\":\"https:\/\/miumjau.ee\/\",\"logo\":{\"@type\":\"ImageObject\",\"inLanguage\":\"lv-LV\",\"@id\":\"https:\/\/miumjau.ee\/#\/schema\/logo\/image\/\",\"url\":\"https:\/\/miumjau.ee\/wp-content\/uploads\/2022\/04\/MiuMjau-logo-kollane.png\",\"contentUrl\":\"https:\/\/miumjau.ee\/wp-content\/uploads\/2022\/04\/MiuMjau-logo-kollane.png\",\"width\":219,\"height\":100,\"caption\":\"MiuMjau O\u00dc\"},\"image\":{\"@id\":\"https:\/\/miumjau.ee\/#\/schema\/logo\/image\/\"},\"sameAs\":[\"https:\/\/www.facebook.com\/miumjaupood\/\"]}]}<\/script>\n<!-- \/ Yoast SEO plugin. -->","yoast_head_json":{"title":"Bugalugs Silikona Vannas Suka Ka\u0137iem un Su\u0146iem, Roz\u0101 - MiuMjau","robots":{"index":"index","follow":"follow","max-snippet":"max-snippet:-1","max-image-preview":"max-image-preview:large","max-video-preview":"max-video-preview:-1"},"canonical":"https:\/\/miumjau.ee\/lv\/produkts\/bugalugs-silikona-vannas-suka-kakiem-un-suniem-roza\/","og_locale":"lv_LV","og_type":"article","og_title":"Bugalugs Silikona Vannas Suka Ka\u0137iem un Su\u0146iem, Roz\u0101 - MiuMjau","og_description":"Padariet sava su\u0146a mazg\u0101\u0161anu vienk\u0101r\u0161u, \u0101tru un pat\u012bkamu ar Bugalugs roz\u0101 vannas suku! \u0160\u012b ergonomisk\u0101 suka ar m\u012bkstiem sariem pal\u012bdz vienm\u0113r\u012bgi izklied\u0113t \u0161amp\u016bnu, no\u0146emt net\u012brumus un mas\u0113t \u0101du, stimul\u0113jot asinsriti un saglab\u0101jot apmatojumu vesel\u012bgu un sp\u012bd\u012bgu. Galven\u0101s \u012bpa\u0161\u012bbas: \ud83e\uddfc T\u012bra un mas\u0113 vienlaikus \u2013 no\u0146em net\u012brumus un atbr\u012bvo matus, vienlaikus maigi mas\u0113jot \u0101du.\ud83d\udc3e M\u012bksti silikona sari \u2013 maigi ar\u012b jut\u012bgai \u0101dai, piem\u0113roti visiem apmatojuma tipiem.\u270b \u0112rts rokturis \u2013 ergonomisks dizains nodro\u0161ina dro\u0161u satv\u0113rienu pat mitr\u0101s rok\u0101s.\ud83d\udec1 Viegla \u0161amp\u016bna sadale \u2013 pal\u012bdz vienm\u0113r\u012bgi uzkl\u0101t \u0161amp\u016bnu un dzi\u013ci izt\u012br\u012bt apmatojumu.\ud83d\udca6 Ide\u0101li vannas reiz\u0113m \u2013 padara mazg\u0101\u0161anu \u0101tr\u0101ku un maz\u0101k stresainu.\ud83c\udfa8 Stil\u012bgs roz\u0101 dizains \u2013 jauks un praktisks papildin\u0101jums jebkuram kop\u0161anas komplektam. Lieto\u0161ana:     Samitriniet su\u0146a apmatojumu.    Uzkl\u0101jiet \u0161amp\u016bnu tie\u0161i uz sukas vai apmatojuma.    Suku vis\u0101 \u0137ermen\u012b ar ri\u0146\u0137veida kust\u012bb\u0101m, izvairoties no acu un ausu zonas.    R\u016bp\u012bgi noskalojiet un \u013caujiet sukai no\u017e\u016bt.   Ra\u017eot\u0101js: Lakeland Cosmetics","og_url":"https:\/\/miumjau.ee\/lv\/produkts\/bugalugs-silikona-vannas-suka-kakiem-un-suniem-roza\/","og_site_name":"MiuMjau","article_publisher":"https:\/\/www.facebook.com\/miumjaupood\/","article_modified_time":"2026-01-07T19:16:23+00:00","og_image":[{"width":600,"height":800,"url":"https:\/\/miumjau.ee\/wp-content\/uploads\/2025\/06\/bugalugs-pesuhari-roosa3.webp","type":"image\/webp"}],"twitter_card":"summary_large_image","schema":{"@context":"https:\/\/schema.org","@graph":[{"@type":"WebPage","@id":"https:\/\/miumjau.ee\/lv\/produkts\/bugalugs-silikona-vannas-suka-kakiem-un-suniem-roza\/","url":"https:\/\/miumjau.ee\/lv\/produkts\/bugalugs-silikona-vannas-suka-kakiem-un-suniem-roza\/","name":"Bugalugs Silikona Vannas Suka Ka\u0137iem un Su\u0146iem, Roz\u0101 - MiuMjau","isPartOf":{"@id":"https:\/\/miumjau.ee\/#website"},"primaryImageOfPage":{"@id":"https:\/\/miumjau.ee\/lv\/produkts\/bugalugs-silikona-vannas-suka-kakiem-un-suniem-roza\/#primaryimage"},"image":{"@id":"https:\/\/miumjau.ee\/lv\/produkts\/bugalugs-silikona-vannas-suka-kakiem-un-suniem-roza\/#primaryimage"},"thumbnailUrl":"https:\/\/miumjau.ee\/wp-content\/uploads\/2025\/06\/bugalugs-pesuhari-roosa3.webp","datePublished":"2025-06-18T06:37:50+00:00","dateModified":"2026-01-07T19:16:23+00:00","breadcrumb":{"@id":"https:\/\/miumjau.ee\/lv\/produkts\/bugalugs-silikona-vannas-suka-kakiem-un-suniem-roza\/#breadcrumb"},"inLanguage":"lv-LV","potentialAction":[{"@type":"ReadAction","target":["https:\/\/miumjau.ee\/lv\/produkts\/bugalugs-silikona-vannas-suka-kakiem-un-suniem-roza\/"]}]},{"@type":"ImageObject","inLanguage":"lv-LV","@id":"https:\/\/miumjau.ee\/lv\/produkts\/bugalugs-silikona-vannas-suka-kakiem-un-suniem-roza\/#primaryimage","url":"https:\/\/miumjau.ee\/wp-content\/uploads\/2025\/06\/bugalugs-pesuhari-roosa3.webp","contentUrl":"https:\/\/miumjau.ee\/wp-content\/uploads\/2025\/06\/bugalugs-pesuhari-roosa3.webp","width":600,"height":800},{"@type":"BreadcrumbList","@id":"https:\/\/miumjau.ee\/lv\/produkts\/bugalugs-silikona-vannas-suka-kakiem-un-suniem-roza\/#breadcrumb","itemListElement":[{"@type":"ListItem","position":1,"name":"Home","item":"https:\/\/miumjau.ee\/lv\/"},{"@type":"ListItem","position":2,"name":"Veikals","item":"https:\/\/miumjau.ee\/lv\/veikals\/"},{"@type":"ListItem","position":3,"name":"Bugalugs Silikona Vannas Suka Ka\u0137iem un Su\u0146iem, Roz\u0101"}]},{"@type":"WebSite","@id":"https:\/\/miumjau.ee\/#website","url":"https:\/\/miumjau.ee\/","name":"MiuMjau","description":"Kraapimispuud kassidele","publisher":{"@id":"https:\/\/miumjau.ee\/#organization"},"potentialAction":[{"@type":"SearchAction","target":{"@type":"EntryPoint","urlTemplate":"https:\/\/miumjau.ee\/?s={search_term_string}"},"query-input":{"@type":"PropertyValueSpecification","valueRequired":true,"valueName":"search_term_string"}}],"inLanguage":"lv-LV"},{"@type":"Organization","@id":"https:\/\/miumjau.ee\/#organization","name":"MiuMjau O\u00dc","url":"https:\/\/miumjau.ee\/","logo":{"@type":"ImageObject","inLanguage":"lv-LV","@id":"https:\/\/miumjau.ee\/#\/schema\/logo\/image\/","url":"https:\/\/miumjau.ee\/wp-content\/uploads\/2022\/04\/MiuMjau-logo-kollane.png","contentUrl":"https:\/\/miumjau.ee\/wp-content\/uploads\/2022\/04\/MiuMjau-logo-kollane.png","width":219,"height":100,"caption":"MiuMjau O\u00dc"},"image":{"@id":"https:\/\/miumjau.ee\/#\/schema\/logo\/image\/"},"sameAs":["https:\/\/www.facebook.com\/miumjaupood\/"]}]}},"_links":{"self":[{"href":"https:\/\/miumjau.ee\/lv\/wp-json\/wp\/v2\/product\/49413","targetHints":{"allow":["GET"]}}],"collection":[{"href":"https:\/\/miumjau.ee\/lv\/wp-json\/wp\/v2\/product"}],"about":[{"href":"https:\/\/miumjau.ee\/lv\/wp-json\/wp\/v2\/types\/product"}],"wp:featuredmedia":[{"embeddable":true,"href":"https:\/\/miumjau.ee\/lv\/wp-json\/wp\/v2\/media\/49409"}],"wp:attachment":[{"href":"https:\/\/miumjau.ee\/lv\/wp-json\/wp\/v2\/media?parent=49413"}],"wp:term":[{"taxonomy":"product_brand","embeddable":true,"href":"https:\/\/miumjau.ee\/lv\/wp-json\/wp\/v2\/product_brand?post=49413"},{"taxonomy":"product_cat","embeddable":true,"href":"https:\/\/miumjau.ee\/lv\/wp-json\/wp\/v2\/product_cat?post=49413"},{"taxonomy":"product_tag","embeddable":true,"href":"https:\/\/miumjau.ee\/lv\/wp-json\/wp\/v2\/product_tag?post=49413"}],"curies":[{"name":"wp","href":"https:\/\/api.w.org\/{rel}","templated":true}]}}