{"id":49402,"date":"2025-06-18T10:18:59","date_gmt":"2025-06-18T07:18:59","guid":{"rendered":"https:\/\/miumjau.ee\/toode\/bugalugs-enzimu-zobu-pasta-suniem-un-kakiem\/"},"modified":"2026-01-07T21:16:23","modified_gmt":"2026-01-07T19:16:23","slug":"bugalugs-enzimu-zobu-pasta-suniem-un-kakiem","status":"publish","type":"product","link":"https:\/\/miumjau.ee\/lv\/produkts\/bugalugs-enzimu-zobu-pasta-suniem-un-kakiem\/","title":{"rendered":"Bugalugs Enz\u012bmu Zobu Pasta Su\u0146iem un Ka\u0137iem"},"content":{"rendered":"","protected":false},"excerpt":{"rendered":"<p data-start=\"2327\" data-end=\"2747\">Bugalugs zobu pasta satur dab\u012bgas sast\u0101vda\u013cas un enz\u012bmus, piem\u0113ram, prote\u0101zi un glikozes oksid\u0101zi, kas pal\u012bdz nov\u0113rst aplikuma un zobakmens veido\u0161anos. T\u0101 pal\u012bdz uztur\u0113t j\u016bsu m\u012blu\u013ca zobus t\u012brus un vesel\u012bgus. Bugalugs enz\u012bmu zobu pasta ne tikai efekt\u012bvi samazina zobu probl\u0113mas, bet ar\u012b veicina svaig\u0101ku elpu. Pasta ir ar neatvair\u0101mu aknu gar\u0161u, padarot zobu t\u012br\u012b\u0161anu pat\u012bkamu un pozit\u012bvu pieredzi gan su\u0146iem, gan ka\u0137iem.<\/p>\n<p data-start=\"2749\" data-end=\"3002\"><strong data-start=\"2749\" data-end=\"2763\">Lieto\u0161ana:<\/strong> Uzkl\u0101jiet nelielu daudzumu zobu pastas uz Bugalugs zobu sukas. Maigi t\u012briet zobus ar ri\u0146\u0137veida kust\u012bb\u0101m ab\u0101s mutes pus\u0113s. Lab\u0101kam rezult\u0101tam t\u012briet zobus vienu reizi dien\u0101. Ieteicams 30 min\u016btes p\u0113c t\u012br\u012b\u0161anas nelietot \u0113dienu vai dz\u0113rienus.<\/p>\n<p data-start=\"3004\" data-end=\"3236\"><strong data-start=\"3004\" data-end=\"3016\">Sast\u0101vs:<\/strong> \u016bdens, glicer\u012bns, hidr\u0113ts sil\u012bcija dioks\u012bds, maltodekstr\u012bns, fenoksietanols, glikolip\u012bdi, prote\u0101ze, ksant\u0101na sve\u0137i, aromatiz\u0113t\u0101js, sorbitols, etilheksilglicer\u012bns, n\u0101trija hidroks\u012bds, glikozes oksid\u0101ze, n\u0101trija benzo\u0101ts.<\/p>\n<p data-start=\"3238\" data-end=\"3293\"><strong data-start=\"3238\" data-end=\"3249\">Izm\u0113rs:<\/strong> 75 grami<br data-start=\"3258\" data-end=\"3261\" \/><strong data-start=\"3261\" data-end=\"3274\">Ra\u017eot\u0101js:<\/strong> Lakeland Cosmetics<\/p>\n","protected":false},"featured_media":49400,"template":"","meta":[],"product_brand":[],"product_cat":[589,560],"product_tag":[],"class_list":{"0":"post-49402","1":"product","2":"type-product","3":"status-publish","4":"has-post-thumbnail","6":"product_cat-citi-piederumi","7":"product_cat-kopsanas-lidzekli-suniem","9":"first","10":"outofstock","11":"taxable","12":"shipping-taxable","13":"purchasable","14":"product-type-simple"},"yoast_head":"<!-- This site is optimized with the Yoast SEO plugin v27.2 - https:\/\/yoast.com\/product\/yoast-seo-wordpress\/ -->\n<title>Bugalugs Enz\u012bmu Zobu Pasta Su\u0146iem un Ka\u0137iem - MiuMjau<\/title>\n<meta name=\"robots\" content=\"index, follow, max-snippet:-1, max-image-preview:large, max-video-preview:-1\" \/>\n<link rel=\"canonical\" href=\"https:\/\/miumjau.ee\/lv\/produkts\/bugalugs-enzimu-zobu-pasta-suniem-un-kakiem\/\" \/>\n<meta property=\"og:locale\" content=\"lv_LV\" \/>\n<meta property=\"og:type\" content=\"article\" \/>\n<meta property=\"og:title\" content=\"Bugalugs Enz\u012bmu Zobu Pasta Su\u0146iem un Ka\u0137iem - MiuMjau\" \/>\n<meta property=\"og:description\" content=\"Bugalugs zobu pasta satur dab\u012bgas sast\u0101vda\u013cas un enz\u012bmus, piem\u0113ram, prote\u0101zi un glikozes oksid\u0101zi, kas pal\u012bdz nov\u0113rst aplikuma un zobakmens veido\u0161anos. T\u0101 pal\u012bdz uztur\u0113t j\u016bsu m\u012blu\u013ca zobus t\u012brus un vesel\u012bgus. Bugalugs enz\u012bmu zobu pasta ne tikai efekt\u012bvi samazina zobu probl\u0113mas, bet ar\u012b veicina svaig\u0101ku elpu. Pasta ir ar neatvair\u0101mu aknu gar\u0161u, padarot zobu t\u012br\u012b\u0161anu pat\u012bkamu un pozit\u012bvu pieredzi gan su\u0146iem, gan ka\u0137iem. Lieto\u0161ana: Uzkl\u0101jiet nelielu daudzumu zobu pastas uz Bugalugs zobu sukas. Maigi t\u012briet zobus ar ri\u0146\u0137veida kust\u012bb\u0101m ab\u0101s mutes pus\u0113s. Lab\u0101kam rezult\u0101tam t\u012briet zobus vienu reizi dien\u0101. Ieteicams 30 min\u016btes p\u0113c t\u012br\u012b\u0161anas nelietot \u0113dienu vai dz\u0113rienus. Sast\u0101vs: \u016bdens, glicer\u012bns, hidr\u0113ts sil\u012bcija dioks\u012bds, maltodekstr\u012bns, fenoksietanols, glikolip\u012bdi, prote\u0101ze, ksant\u0101na sve\u0137i, aromatiz\u0113t\u0101js, sorbitols, etilheksilglicer\u012bns, n\u0101trija hidroks\u012bds, glikozes oksid\u0101ze, n\u0101trija benzo\u0101ts. Izm\u0113rs: 75 gramiRa\u017eot\u0101js: Lakeland Cosmetics\" \/>\n<meta property=\"og:url\" content=\"https:\/\/miumjau.ee\/lv\/produkts\/bugalugs-enzimu-zobu-pasta-suniem-un-kakiem\/\" \/>\n<meta property=\"og:site_name\" content=\"MiuMjau\" \/>\n<meta property=\"article:publisher\" content=\"https:\/\/www.facebook.com\/miumjaupood\/\" \/>\n<meta property=\"article:modified_time\" content=\"2026-01-07T19:16:23+00:00\" \/>\n<meta property=\"og:image\" content=\"https:\/\/miumjau.ee\/wp-content\/uploads\/2025\/06\/koerte-hambapasta-bugalugs-ensuumidega2.webp\" \/>\n\t<meta property=\"og:image:width\" content=\"600\" \/>\n\t<meta property=\"og:image:height\" content=\"800\" \/>\n\t<meta property=\"og:image:type\" content=\"image\/webp\" \/>\n<meta name=\"twitter:card\" content=\"summary_large_image\" \/>\n<script type=\"application\/ld+json\" class=\"yoast-schema-graph\">{\"@context\":\"https:\/\/schema.org\",\"@graph\":[{\"@type\":\"WebPage\",\"@id\":\"https:\/\/miumjau.ee\/lv\/produkts\/bugalugs-enzimu-zobu-pasta-suniem-un-kakiem\/\",\"url\":\"https:\/\/miumjau.ee\/lv\/produkts\/bugalugs-enzimu-zobu-pasta-suniem-un-kakiem\/\",\"name\":\"Bugalugs Enz\u012bmu Zobu Pasta Su\u0146iem un Ka\u0137iem - MiuMjau\",\"isPartOf\":{\"@id\":\"https:\/\/miumjau.ee\/#website\"},\"primaryImageOfPage\":{\"@id\":\"https:\/\/miumjau.ee\/lv\/produkts\/bugalugs-enzimu-zobu-pasta-suniem-un-kakiem\/#primaryimage\"},\"image\":{\"@id\":\"https:\/\/miumjau.ee\/lv\/produkts\/bugalugs-enzimu-zobu-pasta-suniem-un-kakiem\/#primaryimage\"},\"thumbnailUrl\":\"https:\/\/miumjau.ee\/wp-content\/uploads\/2025\/06\/koerte-hambapasta-bugalugs-ensuumidega2.webp\",\"datePublished\":\"2025-06-18T07:18:59+00:00\",\"dateModified\":\"2026-01-07T19:16:23+00:00\",\"breadcrumb\":{\"@id\":\"https:\/\/miumjau.ee\/lv\/produkts\/bugalugs-enzimu-zobu-pasta-suniem-un-kakiem\/#breadcrumb\"},\"inLanguage\":\"lv-LV\",\"potentialAction\":[{\"@type\":\"ReadAction\",\"target\":[\"https:\/\/miumjau.ee\/lv\/produkts\/bugalugs-enzimu-zobu-pasta-suniem-un-kakiem\/\"]}]},{\"@type\":\"ImageObject\",\"inLanguage\":\"lv-LV\",\"@id\":\"https:\/\/miumjau.ee\/lv\/produkts\/bugalugs-enzimu-zobu-pasta-suniem-un-kakiem\/#primaryimage\",\"url\":\"https:\/\/miumjau.ee\/wp-content\/uploads\/2025\/06\/koerte-hambapasta-bugalugs-ensuumidega2.webp\",\"contentUrl\":\"https:\/\/miumjau.ee\/wp-content\/uploads\/2025\/06\/koerte-hambapasta-bugalugs-ensuumidega2.webp\",\"width\":600,\"height\":800},{\"@type\":\"BreadcrumbList\",\"@id\":\"https:\/\/miumjau.ee\/lv\/produkts\/bugalugs-enzimu-zobu-pasta-suniem-un-kakiem\/#breadcrumb\",\"itemListElement\":[{\"@type\":\"ListItem\",\"position\":1,\"name\":\"Home\",\"item\":\"https:\/\/miumjau.ee\/lv\/\"},{\"@type\":\"ListItem\",\"position\":2,\"name\":\"Veikals\",\"item\":\"https:\/\/miumjau.ee\/lv\/veikals\/\"},{\"@type\":\"ListItem\",\"position\":3,\"name\":\"Bugalugs Enz\u012bmu Zobu Pasta Su\u0146iem un Ka\u0137iem\"}]},{\"@type\":\"WebSite\",\"@id\":\"https:\/\/miumjau.ee\/#website\",\"url\":\"https:\/\/miumjau.ee\/\",\"name\":\"MiuMjau\",\"description\":\"Kraapimispuud kassidele\",\"publisher\":{\"@id\":\"https:\/\/miumjau.ee\/#organization\"},\"potentialAction\":[{\"@type\":\"SearchAction\",\"target\":{\"@type\":\"EntryPoint\",\"urlTemplate\":\"https:\/\/miumjau.ee\/?s={search_term_string}\"},\"query-input\":{\"@type\":\"PropertyValueSpecification\",\"valueRequired\":true,\"valueName\":\"search_term_string\"}}],\"inLanguage\":\"lv-LV\"},{\"@type\":\"Organization\",\"@id\":\"https:\/\/miumjau.ee\/#organization\",\"name\":\"MiuMjau O\u00dc\",\"url\":\"https:\/\/miumjau.ee\/\",\"logo\":{\"@type\":\"ImageObject\",\"inLanguage\":\"lv-LV\",\"@id\":\"https:\/\/miumjau.ee\/#\/schema\/logo\/image\/\",\"url\":\"https:\/\/miumjau.ee\/wp-content\/uploads\/2022\/04\/MiuMjau-logo-kollane.png\",\"contentUrl\":\"https:\/\/miumjau.ee\/wp-content\/uploads\/2022\/04\/MiuMjau-logo-kollane.png\",\"width\":219,\"height\":100,\"caption\":\"MiuMjau O\u00dc\"},\"image\":{\"@id\":\"https:\/\/miumjau.ee\/#\/schema\/logo\/image\/\"},\"sameAs\":[\"https:\/\/www.facebook.com\/miumjaupood\/\"]}]}<\/script>\n<!-- \/ Yoast SEO plugin. -->","yoast_head_json":{"title":"Bugalugs Enz\u012bmu Zobu Pasta Su\u0146iem un Ka\u0137iem - MiuMjau","robots":{"index":"index","follow":"follow","max-snippet":"max-snippet:-1","max-image-preview":"max-image-preview:large","max-video-preview":"max-video-preview:-1"},"canonical":"https:\/\/miumjau.ee\/lv\/produkts\/bugalugs-enzimu-zobu-pasta-suniem-un-kakiem\/","og_locale":"lv_LV","og_type":"article","og_title":"Bugalugs Enz\u012bmu Zobu Pasta Su\u0146iem un Ka\u0137iem - MiuMjau","og_description":"Bugalugs zobu pasta satur dab\u012bgas sast\u0101vda\u013cas un enz\u012bmus, piem\u0113ram, prote\u0101zi un glikozes oksid\u0101zi, kas pal\u012bdz nov\u0113rst aplikuma un zobakmens veido\u0161anos. T\u0101 pal\u012bdz uztur\u0113t j\u016bsu m\u012blu\u013ca zobus t\u012brus un vesel\u012bgus. Bugalugs enz\u012bmu zobu pasta ne tikai efekt\u012bvi samazina zobu probl\u0113mas, bet ar\u012b veicina svaig\u0101ku elpu. Pasta ir ar neatvair\u0101mu aknu gar\u0161u, padarot zobu t\u012br\u012b\u0161anu pat\u012bkamu un pozit\u012bvu pieredzi gan su\u0146iem, gan ka\u0137iem. Lieto\u0161ana: Uzkl\u0101jiet nelielu daudzumu zobu pastas uz Bugalugs zobu sukas. Maigi t\u012briet zobus ar ri\u0146\u0137veida kust\u012bb\u0101m ab\u0101s mutes pus\u0113s. Lab\u0101kam rezult\u0101tam t\u012briet zobus vienu reizi dien\u0101. Ieteicams 30 min\u016btes p\u0113c t\u012br\u012b\u0161anas nelietot \u0113dienu vai dz\u0113rienus. Sast\u0101vs: \u016bdens, glicer\u012bns, hidr\u0113ts sil\u012bcija dioks\u012bds, maltodekstr\u012bns, fenoksietanols, glikolip\u012bdi, prote\u0101ze, ksant\u0101na sve\u0137i, aromatiz\u0113t\u0101js, sorbitols, etilheksilglicer\u012bns, n\u0101trija hidroks\u012bds, glikozes oksid\u0101ze, n\u0101trija benzo\u0101ts. Izm\u0113rs: 75 gramiRa\u017eot\u0101js: Lakeland Cosmetics","og_url":"https:\/\/miumjau.ee\/lv\/produkts\/bugalugs-enzimu-zobu-pasta-suniem-un-kakiem\/","og_site_name":"MiuMjau","article_publisher":"https:\/\/www.facebook.com\/miumjaupood\/","article_modified_time":"2026-01-07T19:16:23+00:00","og_image":[{"width":600,"height":800,"url":"https:\/\/miumjau.ee\/wp-content\/uploads\/2025\/06\/koerte-hambapasta-bugalugs-ensuumidega2.webp","type":"image\/webp"}],"twitter_card":"summary_large_image","schema":{"@context":"https:\/\/schema.org","@graph":[{"@type":"WebPage","@id":"https:\/\/miumjau.ee\/lv\/produkts\/bugalugs-enzimu-zobu-pasta-suniem-un-kakiem\/","url":"https:\/\/miumjau.ee\/lv\/produkts\/bugalugs-enzimu-zobu-pasta-suniem-un-kakiem\/","name":"Bugalugs Enz\u012bmu Zobu Pasta Su\u0146iem un Ka\u0137iem - MiuMjau","isPartOf":{"@id":"https:\/\/miumjau.ee\/#website"},"primaryImageOfPage":{"@id":"https:\/\/miumjau.ee\/lv\/produkts\/bugalugs-enzimu-zobu-pasta-suniem-un-kakiem\/#primaryimage"},"image":{"@id":"https:\/\/miumjau.ee\/lv\/produkts\/bugalugs-enzimu-zobu-pasta-suniem-un-kakiem\/#primaryimage"},"thumbnailUrl":"https:\/\/miumjau.ee\/wp-content\/uploads\/2025\/06\/koerte-hambapasta-bugalugs-ensuumidega2.webp","datePublished":"2025-06-18T07:18:59+00:00","dateModified":"2026-01-07T19:16:23+00:00","breadcrumb":{"@id":"https:\/\/miumjau.ee\/lv\/produkts\/bugalugs-enzimu-zobu-pasta-suniem-un-kakiem\/#breadcrumb"},"inLanguage":"lv-LV","potentialAction":[{"@type":"ReadAction","target":["https:\/\/miumjau.ee\/lv\/produkts\/bugalugs-enzimu-zobu-pasta-suniem-un-kakiem\/"]}]},{"@type":"ImageObject","inLanguage":"lv-LV","@id":"https:\/\/miumjau.ee\/lv\/produkts\/bugalugs-enzimu-zobu-pasta-suniem-un-kakiem\/#primaryimage","url":"https:\/\/miumjau.ee\/wp-content\/uploads\/2025\/06\/koerte-hambapasta-bugalugs-ensuumidega2.webp","contentUrl":"https:\/\/miumjau.ee\/wp-content\/uploads\/2025\/06\/koerte-hambapasta-bugalugs-ensuumidega2.webp","width":600,"height":800},{"@type":"BreadcrumbList","@id":"https:\/\/miumjau.ee\/lv\/produkts\/bugalugs-enzimu-zobu-pasta-suniem-un-kakiem\/#breadcrumb","itemListElement":[{"@type":"ListItem","position":1,"name":"Home","item":"https:\/\/miumjau.ee\/lv\/"},{"@type":"ListItem","position":2,"name":"Veikals","item":"https:\/\/miumjau.ee\/lv\/veikals\/"},{"@type":"ListItem","position":3,"name":"Bugalugs Enz\u012bmu Zobu Pasta Su\u0146iem un Ka\u0137iem"}]},{"@type":"WebSite","@id":"https:\/\/miumjau.ee\/#website","url":"https:\/\/miumjau.ee\/","name":"MiuMjau","description":"Kraapimispuud kassidele","publisher":{"@id":"https:\/\/miumjau.ee\/#organization"},"potentialAction":[{"@type":"SearchAction","target":{"@type":"EntryPoint","urlTemplate":"https:\/\/miumjau.ee\/?s={search_term_string}"},"query-input":{"@type":"PropertyValueSpecification","valueRequired":true,"valueName":"search_term_string"}}],"inLanguage":"lv-LV"},{"@type":"Organization","@id":"https:\/\/miumjau.ee\/#organization","name":"MiuMjau O\u00dc","url":"https:\/\/miumjau.ee\/","logo":{"@type":"ImageObject","inLanguage":"lv-LV","@id":"https:\/\/miumjau.ee\/#\/schema\/logo\/image\/","url":"https:\/\/miumjau.ee\/wp-content\/uploads\/2022\/04\/MiuMjau-logo-kollane.png","contentUrl":"https:\/\/miumjau.ee\/wp-content\/uploads\/2022\/04\/MiuMjau-logo-kollane.png","width":219,"height":100,"caption":"MiuMjau O\u00dc"},"image":{"@id":"https:\/\/miumjau.ee\/#\/schema\/logo\/image\/"},"sameAs":["https:\/\/www.facebook.com\/miumjaupood\/"]}]}},"_links":{"self":[{"href":"https:\/\/miumjau.ee\/lv\/wp-json\/wp\/v2\/product\/49402","targetHints":{"allow":["GET"]}}],"collection":[{"href":"https:\/\/miumjau.ee\/lv\/wp-json\/wp\/v2\/product"}],"about":[{"href":"https:\/\/miumjau.ee\/lv\/wp-json\/wp\/v2\/types\/product"}],"wp:featuredmedia":[{"embeddable":true,"href":"https:\/\/miumjau.ee\/lv\/wp-json\/wp\/v2\/media\/49400"}],"wp:attachment":[{"href":"https:\/\/miumjau.ee\/lv\/wp-json\/wp\/v2\/media?parent=49402"}],"wp:term":[{"taxonomy":"product_brand","embeddable":true,"href":"https:\/\/miumjau.ee\/lv\/wp-json\/wp\/v2\/product_brand?post=49402"},{"taxonomy":"product_cat","embeddable":true,"href":"https:\/\/miumjau.ee\/lv\/wp-json\/wp\/v2\/product_cat?post=49402"},{"taxonomy":"product_tag","embeddable":true,"href":"https:\/\/miumjau.ee\/lv\/wp-json\/wp\/v2\/product_tag?post=49402"}],"curies":[{"name":"wp","href":"https:\/\/api.w.org\/{rel}","templated":true}]}}