{"id":49393,"date":"2025-06-18T10:50:57","date_gmt":"2025-06-18T07:50:57","guid":{"rendered":"https:\/\/miumjau.ee\/toode\/bugalugs-triskarsas-galvinas-zobu-suka-kakiem-un-suniem-x2\/"},"modified":"2026-01-07T21:16:23","modified_gmt":"2026-01-07T19:16:23","slug":"bugalugs-triskarsas-galvinas-zobu-suka-kakiem-un-suniem-x2","status":"publish","type":"product","link":"https:\/\/miumjau.ee\/lv\/produkts\/bugalugs-triskarsas-galvinas-zobu-suka-kakiem-un-suniem-x2\/","title":{"rendered":"Bugalugs Tr\u012bsk\u0101r\u0161as Galvi\u0146as Zobu Suka Ka\u0137iem un Su\u0146iem x2"},"content":{"rendered":"","protected":false},"excerpt":{"rendered":"<p data-start=\"2607\" data-end=\"2872\">Uzturi sava m\u012blu\u013ca zobus t\u012brus un smaganas vesel\u012bgas ar Bugalugs inovat\u012bvo tr\u012bsk\u0101r\u0161as galvi\u0146as zobu suku! \u0160\u012b gudr\u0101 zobu suka aptver zobus no trim pus\u0113m, t\u012brot tos \u0101tri un efekt\u012bvi, samazinot aplikumu un pal\u012bdzot nov\u0113rst smaganu probl\u0113mas. Komplekt\u0101 ir 2 zobu sukas.<\/p>\n<p data-start=\"2874\" data-end=\"2898\"><strong data-start=\"2874\" data-end=\"2896\">Galven\u0101s \u012bpa\u0161\u012bbas:<\/strong><\/p>\n<p data-start=\"2900\" data-end=\"3366\">\ud83e\uddb7 <strong data-start=\"2903\" data-end=\"2924\">Tr\u012bsk\u0101r\u0161a galvi\u0146a<\/strong> \u2013 t\u012bra zobus no aug\u0161as, apak\u0161as un s\u0101niem vien\u0101 kust\u012bb\u0101.<br data-start=\"2981\" data-end=\"2984\" \/>\ud83d\udca7 <strong data-start=\"2987\" data-end=\"3002\">M\u012bksti sari<\/strong> \u2013 maigi smagan\u0101m, nerada boj\u0101jumus vai kairin\u0101jumu.<br data-start=\"3054\" data-end=\"3057\" \/>\u270b <strong data-start=\"3059\" data-end=\"3085\">Nesl\u012bdo\u0161a roktura da\u013ca<\/strong> \u2013 dro\u0161a sa\u0137ere un \u0113rta lieto\u0161ana, pat mitr\u0101s rok\u0101s.<br data-start=\"3137\" data-end=\"3140\" \/>\ud83d\udc3e <strong data-start=\"3143\" data-end=\"3175\">Piem\u0113rota vis\u0101m su\u0146u \u0161\u0137irn\u0113m<\/strong> \u2013 ide\u0101li visiem izm\u0113riem.<br data-start=\"3201\" data-end=\"3204\" \/>\ud83e\uddb7 <strong data-start=\"3207\" data-end=\"3242\">Nov\u0113r\u0161 zobakmeni un sliktu elpu<\/strong> \u2013 pal\u012bdz nov\u0113rst zobu boj\u0101\u0161anos un smaganu slim\u012bbas.<br data-start=\"3295\" data-end=\"3298\" \/>\u23f1 <strong data-start=\"3300\" data-end=\"3339\">\u0100tr\u0101ka un vienk\u0101r\u0161\u0101ka zobu t\u012br\u012b\u0161ana<\/strong> \u2013 maz\u0101k stresa j\u016bsu sunim.<\/p>\n<p data-start=\"3368\" data-end=\"3384\"><strong data-start=\"3368\" data-end=\"3382\">Lieto\u0161ana:<\/strong><\/p>\n<ul data-start=\"3386\" data-end=\"3661\">\n<li data-start=\"3386\" data-end=\"3443\">\n<p data-start=\"3388\" data-end=\"3443\">Uzkl\u0101jiet nelielu daudzumu su\u0146u zobu pastas uz sukas.<\/p>\n<\/li>\n<li data-start=\"3444\" data-end=\"3516\">\n<p data-start=\"3446\" data-end=\"3516\">Maigi paceliet su\u0146a l\u016bpas un t\u012briet zobus l\u0113n\u0101m, ri\u0146\u0137veida kust\u012bb\u0101m.<\/p>\n<\/li>\n<li data-start=\"3517\" data-end=\"3590\">\n<p data-start=\"3519\" data-end=\"3590\">Ieteicams lietot 2\u20133 reizes ned\u0113\u013c\u0101, lai sasniegtu lab\u0101kos rezult\u0101tus.<\/p>\n<\/li>\n<li data-start=\"3591\" data-end=\"3661\">\n<p data-start=\"3593\" data-end=\"3661\">P\u0113c katras lieto\u0161anas not\u012briet zobu suku un \u013caujiet tai no\u017e\u016bt gais\u0101.<\/p>\n<\/li>\n<\/ul>\n<p data-start=\"3663\" data-end=\"3695\"><strong data-start=\"3663\" data-end=\"3676\">Ra\u017eot\u0101js:<\/strong> Lakeland Cosmetics<\/p>\n","protected":false},"featured_media":49387,"template":"","meta":[],"product_brand":[],"product_cat":[589,560],"product_tag":[],"class_list":{"0":"post-49393","1":"product","2":"type-product","3":"status-publish","4":"has-post-thumbnail","6":"product_cat-citi-piederumi","7":"product_cat-kopsanas-lidzekli-suniem","9":"first","10":"instock","11":"taxable","12":"shipping-taxable","13":"purchasable","14":"product-type-simple"},"yoast_head":"<!-- This site is optimized with the Yoast SEO plugin v27.2 - https:\/\/yoast.com\/product\/yoast-seo-wordpress\/ -->\n<title>Bugalugs Tr\u012bsk\u0101r\u0161as Galvi\u0146as Zobu Suka Ka\u0137iem un Su\u0146iem x2 - MiuMjau<\/title>\n<meta name=\"robots\" content=\"index, follow, max-snippet:-1, max-image-preview:large, max-video-preview:-1\" \/>\n<link rel=\"canonical\" href=\"https:\/\/miumjau.ee\/lv\/produkts\/bugalugs-triskarsas-galvinas-zobu-suka-kakiem-un-suniem-x2\/\" \/>\n<meta property=\"og:locale\" content=\"lv_LV\" \/>\n<meta property=\"og:type\" content=\"article\" \/>\n<meta property=\"og:title\" content=\"Bugalugs Tr\u012bsk\u0101r\u0161as Galvi\u0146as Zobu Suka Ka\u0137iem un Su\u0146iem x2 - MiuMjau\" \/>\n<meta property=\"og:description\" content=\"Uzturi sava m\u012blu\u013ca zobus t\u012brus un smaganas vesel\u012bgas ar Bugalugs inovat\u012bvo tr\u012bsk\u0101r\u0161as galvi\u0146as zobu suku! \u0160\u012b gudr\u0101 zobu suka aptver zobus no trim pus\u0113m, t\u012brot tos \u0101tri un efekt\u012bvi, samazinot aplikumu un pal\u012bdzot nov\u0113rst smaganu probl\u0113mas. Komplekt\u0101 ir 2 zobu sukas. Galven\u0101s \u012bpa\u0161\u012bbas: \ud83e\uddb7 Tr\u012bsk\u0101r\u0161a galvi\u0146a \u2013 t\u012bra zobus no aug\u0161as, apak\u0161as un s\u0101niem vien\u0101 kust\u012bb\u0101.\ud83d\udca7 M\u012bksti sari \u2013 maigi smagan\u0101m, nerada boj\u0101jumus vai kairin\u0101jumu.\u270b Nesl\u012bdo\u0161a roktura da\u013ca \u2013 dro\u0161a sa\u0137ere un \u0113rta lieto\u0161ana, pat mitr\u0101s rok\u0101s.\ud83d\udc3e Piem\u0113rota vis\u0101m su\u0146u \u0161\u0137irn\u0113m \u2013 ide\u0101li visiem izm\u0113riem.\ud83e\uddb7 Nov\u0113r\u0161 zobakmeni un sliktu elpu \u2013 pal\u012bdz nov\u0113rst zobu boj\u0101\u0161anos un smaganu slim\u012bbas.\u23f1 \u0100tr\u0101ka un vienk\u0101r\u0161\u0101ka zobu t\u012br\u012b\u0161ana \u2013 maz\u0101k stresa j\u016bsu sunim. Lieto\u0161ana:     Uzkl\u0101jiet nelielu daudzumu su\u0146u zobu pastas uz sukas.    Maigi paceliet su\u0146a l\u016bpas un t\u012briet zobus l\u0113n\u0101m, ri\u0146\u0137veida kust\u012bb\u0101m.    Ieteicams lietot 2\u20133 reizes ned\u0113\u013c\u0101, lai sasniegtu lab\u0101kos rezult\u0101tus.    P\u0113c katras lieto\u0161anas not\u012briet zobu suku un \u013caujiet tai no\u017e\u016bt gais\u0101.   Ra\u017eot\u0101js: Lakeland Cosmetics\" \/>\n<meta property=\"og:url\" content=\"https:\/\/miumjau.ee\/lv\/produkts\/bugalugs-triskarsas-galvinas-zobu-suka-kakiem-un-suniem-x2\/\" \/>\n<meta property=\"og:site_name\" content=\"MiuMjau\" \/>\n<meta property=\"article:publisher\" content=\"https:\/\/www.facebook.com\/miumjaupood\/\" \/>\n<meta property=\"article:modified_time\" content=\"2026-01-07T19:16:23+00:00\" \/>\n<meta property=\"og:image\" content=\"https:\/\/miumjau.ee\/wp-content\/uploads\/2025\/06\/bugalugs-koerte-hambahari-3pealine2.webp\" \/>\n\t<meta property=\"og:image:width\" content=\"600\" \/>\n\t<meta property=\"og:image:height\" content=\"800\" \/>\n\t<meta property=\"og:image:type\" content=\"image\/webp\" \/>\n<meta name=\"twitter:card\" content=\"summary_large_image\" \/>\n<script type=\"application\/ld+json\" class=\"yoast-schema-graph\">{\"@context\":\"https:\/\/schema.org\",\"@graph\":[{\"@type\":\"WebPage\",\"@id\":\"https:\/\/miumjau.ee\/lv\/produkts\/bugalugs-triskarsas-galvinas-zobu-suka-kakiem-un-suniem-x2\/\",\"url\":\"https:\/\/miumjau.ee\/lv\/produkts\/bugalugs-triskarsas-galvinas-zobu-suka-kakiem-un-suniem-x2\/\",\"name\":\"Bugalugs Tr\u012bsk\u0101r\u0161as Galvi\u0146as Zobu Suka Ka\u0137iem un Su\u0146iem x2 - MiuMjau\",\"isPartOf\":{\"@id\":\"https:\/\/miumjau.ee\/#website\"},\"primaryImageOfPage\":{\"@id\":\"https:\/\/miumjau.ee\/lv\/produkts\/bugalugs-triskarsas-galvinas-zobu-suka-kakiem-un-suniem-x2\/#primaryimage\"},\"image\":{\"@id\":\"https:\/\/miumjau.ee\/lv\/produkts\/bugalugs-triskarsas-galvinas-zobu-suka-kakiem-un-suniem-x2\/#primaryimage\"},\"thumbnailUrl\":\"https:\/\/miumjau.ee\/wp-content\/uploads\/2025\/06\/bugalugs-koerte-hambahari-3pealine2.webp\",\"datePublished\":\"2025-06-18T07:50:57+00:00\",\"dateModified\":\"2026-01-07T19:16:23+00:00\",\"breadcrumb\":{\"@id\":\"https:\/\/miumjau.ee\/lv\/produkts\/bugalugs-triskarsas-galvinas-zobu-suka-kakiem-un-suniem-x2\/#breadcrumb\"},\"inLanguage\":\"lv-LV\",\"potentialAction\":[{\"@type\":\"ReadAction\",\"target\":[\"https:\/\/miumjau.ee\/lv\/produkts\/bugalugs-triskarsas-galvinas-zobu-suka-kakiem-un-suniem-x2\/\"]}]},{\"@type\":\"ImageObject\",\"inLanguage\":\"lv-LV\",\"@id\":\"https:\/\/miumjau.ee\/lv\/produkts\/bugalugs-triskarsas-galvinas-zobu-suka-kakiem-un-suniem-x2\/#primaryimage\",\"url\":\"https:\/\/miumjau.ee\/wp-content\/uploads\/2025\/06\/bugalugs-koerte-hambahari-3pealine2.webp\",\"contentUrl\":\"https:\/\/miumjau.ee\/wp-content\/uploads\/2025\/06\/bugalugs-koerte-hambahari-3pealine2.webp\",\"width\":600,\"height\":800},{\"@type\":\"BreadcrumbList\",\"@id\":\"https:\/\/miumjau.ee\/lv\/produkts\/bugalugs-triskarsas-galvinas-zobu-suka-kakiem-un-suniem-x2\/#breadcrumb\",\"itemListElement\":[{\"@type\":\"ListItem\",\"position\":1,\"name\":\"Home\",\"item\":\"https:\/\/miumjau.ee\/lv\/\"},{\"@type\":\"ListItem\",\"position\":2,\"name\":\"Veikals\",\"item\":\"https:\/\/miumjau.ee\/lv\/veikals\/\"},{\"@type\":\"ListItem\",\"position\":3,\"name\":\"Bugalugs Tr\u012bsk\u0101r\u0161as Galvi\u0146as Zobu Suka Ka\u0137iem un Su\u0146iem x2\"}]},{\"@type\":\"WebSite\",\"@id\":\"https:\/\/miumjau.ee\/#website\",\"url\":\"https:\/\/miumjau.ee\/\",\"name\":\"MiuMjau\",\"description\":\"Kraapimispuud kassidele\",\"publisher\":{\"@id\":\"https:\/\/miumjau.ee\/#organization\"},\"potentialAction\":[{\"@type\":\"SearchAction\",\"target\":{\"@type\":\"EntryPoint\",\"urlTemplate\":\"https:\/\/miumjau.ee\/?s={search_term_string}\"},\"query-input\":{\"@type\":\"PropertyValueSpecification\",\"valueRequired\":true,\"valueName\":\"search_term_string\"}}],\"inLanguage\":\"lv-LV\"},{\"@type\":\"Organization\",\"@id\":\"https:\/\/miumjau.ee\/#organization\",\"name\":\"MiuMjau O\u00dc\",\"url\":\"https:\/\/miumjau.ee\/\",\"logo\":{\"@type\":\"ImageObject\",\"inLanguage\":\"lv-LV\",\"@id\":\"https:\/\/miumjau.ee\/#\/schema\/logo\/image\/\",\"url\":\"https:\/\/miumjau.ee\/wp-content\/uploads\/2022\/04\/MiuMjau-logo-kollane.png\",\"contentUrl\":\"https:\/\/miumjau.ee\/wp-content\/uploads\/2022\/04\/MiuMjau-logo-kollane.png\",\"width\":219,\"height\":100,\"caption\":\"MiuMjau O\u00dc\"},\"image\":{\"@id\":\"https:\/\/miumjau.ee\/#\/schema\/logo\/image\/\"},\"sameAs\":[\"https:\/\/www.facebook.com\/miumjaupood\/\"]}]}<\/script>\n<!-- \/ Yoast SEO plugin. -->","yoast_head_json":{"title":"Bugalugs Tr\u012bsk\u0101r\u0161as Galvi\u0146as Zobu Suka Ka\u0137iem un Su\u0146iem x2 - MiuMjau","robots":{"index":"index","follow":"follow","max-snippet":"max-snippet:-1","max-image-preview":"max-image-preview:large","max-video-preview":"max-video-preview:-1"},"canonical":"https:\/\/miumjau.ee\/lv\/produkts\/bugalugs-triskarsas-galvinas-zobu-suka-kakiem-un-suniem-x2\/","og_locale":"lv_LV","og_type":"article","og_title":"Bugalugs Tr\u012bsk\u0101r\u0161as Galvi\u0146as Zobu Suka Ka\u0137iem un Su\u0146iem x2 - MiuMjau","og_description":"Uzturi sava m\u012blu\u013ca zobus t\u012brus un smaganas vesel\u012bgas ar Bugalugs inovat\u012bvo tr\u012bsk\u0101r\u0161as galvi\u0146as zobu suku! \u0160\u012b gudr\u0101 zobu suka aptver zobus no trim pus\u0113m, t\u012brot tos \u0101tri un efekt\u012bvi, samazinot aplikumu un pal\u012bdzot nov\u0113rst smaganu probl\u0113mas. Komplekt\u0101 ir 2 zobu sukas. Galven\u0101s \u012bpa\u0161\u012bbas: \ud83e\uddb7 Tr\u012bsk\u0101r\u0161a galvi\u0146a \u2013 t\u012bra zobus no aug\u0161as, apak\u0161as un s\u0101niem vien\u0101 kust\u012bb\u0101.\ud83d\udca7 M\u012bksti sari \u2013 maigi smagan\u0101m, nerada boj\u0101jumus vai kairin\u0101jumu.\u270b Nesl\u012bdo\u0161a roktura da\u013ca \u2013 dro\u0161a sa\u0137ere un \u0113rta lieto\u0161ana, pat mitr\u0101s rok\u0101s.\ud83d\udc3e Piem\u0113rota vis\u0101m su\u0146u \u0161\u0137irn\u0113m \u2013 ide\u0101li visiem izm\u0113riem.\ud83e\uddb7 Nov\u0113r\u0161 zobakmeni un sliktu elpu \u2013 pal\u012bdz nov\u0113rst zobu boj\u0101\u0161anos un smaganu slim\u012bbas.\u23f1 \u0100tr\u0101ka un vienk\u0101r\u0161\u0101ka zobu t\u012br\u012b\u0161ana \u2013 maz\u0101k stresa j\u016bsu sunim. Lieto\u0161ana:     Uzkl\u0101jiet nelielu daudzumu su\u0146u zobu pastas uz sukas.    Maigi paceliet su\u0146a l\u016bpas un t\u012briet zobus l\u0113n\u0101m, ri\u0146\u0137veida kust\u012bb\u0101m.    Ieteicams lietot 2\u20133 reizes ned\u0113\u013c\u0101, lai sasniegtu lab\u0101kos rezult\u0101tus.    P\u0113c katras lieto\u0161anas not\u012briet zobu suku un \u013caujiet tai no\u017e\u016bt gais\u0101.   Ra\u017eot\u0101js: Lakeland Cosmetics","og_url":"https:\/\/miumjau.ee\/lv\/produkts\/bugalugs-triskarsas-galvinas-zobu-suka-kakiem-un-suniem-x2\/","og_site_name":"MiuMjau","article_publisher":"https:\/\/www.facebook.com\/miumjaupood\/","article_modified_time":"2026-01-07T19:16:23+00:00","og_image":[{"width":600,"height":800,"url":"https:\/\/miumjau.ee\/wp-content\/uploads\/2025\/06\/bugalugs-koerte-hambahari-3pealine2.webp","type":"image\/webp"}],"twitter_card":"summary_large_image","schema":{"@context":"https:\/\/schema.org","@graph":[{"@type":"WebPage","@id":"https:\/\/miumjau.ee\/lv\/produkts\/bugalugs-triskarsas-galvinas-zobu-suka-kakiem-un-suniem-x2\/","url":"https:\/\/miumjau.ee\/lv\/produkts\/bugalugs-triskarsas-galvinas-zobu-suka-kakiem-un-suniem-x2\/","name":"Bugalugs Tr\u012bsk\u0101r\u0161as Galvi\u0146as Zobu Suka Ka\u0137iem un Su\u0146iem x2 - MiuMjau","isPartOf":{"@id":"https:\/\/miumjau.ee\/#website"},"primaryImageOfPage":{"@id":"https:\/\/miumjau.ee\/lv\/produkts\/bugalugs-triskarsas-galvinas-zobu-suka-kakiem-un-suniem-x2\/#primaryimage"},"image":{"@id":"https:\/\/miumjau.ee\/lv\/produkts\/bugalugs-triskarsas-galvinas-zobu-suka-kakiem-un-suniem-x2\/#primaryimage"},"thumbnailUrl":"https:\/\/miumjau.ee\/wp-content\/uploads\/2025\/06\/bugalugs-koerte-hambahari-3pealine2.webp","datePublished":"2025-06-18T07:50:57+00:00","dateModified":"2026-01-07T19:16:23+00:00","breadcrumb":{"@id":"https:\/\/miumjau.ee\/lv\/produkts\/bugalugs-triskarsas-galvinas-zobu-suka-kakiem-un-suniem-x2\/#breadcrumb"},"inLanguage":"lv-LV","potentialAction":[{"@type":"ReadAction","target":["https:\/\/miumjau.ee\/lv\/produkts\/bugalugs-triskarsas-galvinas-zobu-suka-kakiem-un-suniem-x2\/"]}]},{"@type":"ImageObject","inLanguage":"lv-LV","@id":"https:\/\/miumjau.ee\/lv\/produkts\/bugalugs-triskarsas-galvinas-zobu-suka-kakiem-un-suniem-x2\/#primaryimage","url":"https:\/\/miumjau.ee\/wp-content\/uploads\/2025\/06\/bugalugs-koerte-hambahari-3pealine2.webp","contentUrl":"https:\/\/miumjau.ee\/wp-content\/uploads\/2025\/06\/bugalugs-koerte-hambahari-3pealine2.webp","width":600,"height":800},{"@type":"BreadcrumbList","@id":"https:\/\/miumjau.ee\/lv\/produkts\/bugalugs-triskarsas-galvinas-zobu-suka-kakiem-un-suniem-x2\/#breadcrumb","itemListElement":[{"@type":"ListItem","position":1,"name":"Home","item":"https:\/\/miumjau.ee\/lv\/"},{"@type":"ListItem","position":2,"name":"Veikals","item":"https:\/\/miumjau.ee\/lv\/veikals\/"},{"@type":"ListItem","position":3,"name":"Bugalugs Tr\u012bsk\u0101r\u0161as Galvi\u0146as Zobu Suka Ka\u0137iem un Su\u0146iem x2"}]},{"@type":"WebSite","@id":"https:\/\/miumjau.ee\/#website","url":"https:\/\/miumjau.ee\/","name":"MiuMjau","description":"Kraapimispuud kassidele","publisher":{"@id":"https:\/\/miumjau.ee\/#organization"},"potentialAction":[{"@type":"SearchAction","target":{"@type":"EntryPoint","urlTemplate":"https:\/\/miumjau.ee\/?s={search_term_string}"},"query-input":{"@type":"PropertyValueSpecification","valueRequired":true,"valueName":"search_term_string"}}],"inLanguage":"lv-LV"},{"@type":"Organization","@id":"https:\/\/miumjau.ee\/#organization","name":"MiuMjau O\u00dc","url":"https:\/\/miumjau.ee\/","logo":{"@type":"ImageObject","inLanguage":"lv-LV","@id":"https:\/\/miumjau.ee\/#\/schema\/logo\/image\/","url":"https:\/\/miumjau.ee\/wp-content\/uploads\/2022\/04\/MiuMjau-logo-kollane.png","contentUrl":"https:\/\/miumjau.ee\/wp-content\/uploads\/2022\/04\/MiuMjau-logo-kollane.png","width":219,"height":100,"caption":"MiuMjau O\u00dc"},"image":{"@id":"https:\/\/miumjau.ee\/#\/schema\/logo\/image\/"},"sameAs":["https:\/\/www.facebook.com\/miumjaupood\/"]}]}},"_links":{"self":[{"href":"https:\/\/miumjau.ee\/lv\/wp-json\/wp\/v2\/product\/49393","targetHints":{"allow":["GET"]}}],"collection":[{"href":"https:\/\/miumjau.ee\/lv\/wp-json\/wp\/v2\/product"}],"about":[{"href":"https:\/\/miumjau.ee\/lv\/wp-json\/wp\/v2\/types\/product"}],"wp:featuredmedia":[{"embeddable":true,"href":"https:\/\/miumjau.ee\/lv\/wp-json\/wp\/v2\/media\/49387"}],"wp:attachment":[{"href":"https:\/\/miumjau.ee\/lv\/wp-json\/wp\/v2\/media?parent=49393"}],"wp:term":[{"taxonomy":"product_brand","embeddable":true,"href":"https:\/\/miumjau.ee\/lv\/wp-json\/wp\/v2\/product_brand?post=49393"},{"taxonomy":"product_cat","embeddable":true,"href":"https:\/\/miumjau.ee\/lv\/wp-json\/wp\/v2\/product_cat?post=49393"},{"taxonomy":"product_tag","embeddable":true,"href":"https:\/\/miumjau.ee\/lv\/wp-json\/wp\/v2\/product_tag?post=49393"}],"curies":[{"name":"wp","href":"https:\/\/api.w.org\/{rel}","templated":true}]}}