{"id":49382,"date":"2025-06-18T11:04:38","date_gmt":"2025-06-18T08:04:38","guid":{"rendered":"https:\/\/miumjau.ee\/toode\/bugalugs-avenu-un-citrusu-aromata-3-in-1-sampuns-250-ml\/"},"modified":"2026-01-07T21:16:23","modified_gmt":"2026-01-07T19:16:23","slug":"bugalugs-avenu-un-citrusu-aromata-3-in-1-sampuns-250-ml","status":"publish","type":"product","link":"https:\/\/miumjau.ee\/lv\/produkts\/bugalugs-avenu-un-citrusu-aromata-3-in-1-sampuns-250-ml\/","title":{"rendered":"Bugalugs Ave\u0146u un Citrusu Arom\u0101ta 3-in-1 \u0160amp\u016bns 250 ml"},"content":{"rendered":"","protected":false},"excerpt":{"rendered":"<p data-start=\"3753\" data-end=\"4206\">R\u016bp\u0113jieties par savu suni ar Bugalugs \u0161amp\u016bna, kondicioniera un detangler 3-in-1 sp\u0113c\u012bgo iedarb\u012bbu, kas ir ar atsvaidzino\u0161u ave\u0146u un citrona arom\u0101tu, padarot su\u0146a vannu viegl\u0101ku. \u0160is daudzfunkcion\u0101lais kop\u0161anas l\u012bdzeklis att\u012bra un kopj su\u0146a apmatojumu un \u0101du. Bag\u0101t\u012bgi aromatiz\u0113tais produkts pal\u012bdz at\u0161\u0137etin\u0101t matus, lai tie b\u016btu gludi un bez s\u0101p\u0113m \u0137emm\u0113jami. No\u0146em net\u012brumus un pat vissmag\u0101k\u0101s smakas, vienlaikus att\u012brot un kopjot vien\u0101 \u0101tr\u0101 mazg\u0101\u0161an\u0101.<\/p>\n<p data-start=\"4208\" data-end=\"4291\">Parab\u0113nus nesaturo\u0161s \u0161amp\u016bns piem\u0113rots vis\u0101m su\u0146u \u0161\u0137irn\u0113m un kuc\u0113niem no 8 ned\u0113\u013c\u0101m.<\/p>\n<p data-start=\"4293\" data-end=\"4595\"><strong data-start=\"4293\" data-end=\"4307\">Lieto\u0161ana:<\/strong> Samitriniet su\u0146a apmatojumu ar siltu \u016bdeni. Var at\u0161\u0137aid\u012bt ar \u016bdeni proporcij\u0101 10:1. Uzkl\u0101jiet \u0161amp\u016bnu uz apmatojuma, izveidojiet putas un r\u016bp\u012bgi noskalojiet. P\u0113c tam nosusiniet. Izvairieties no kontakta ar ac\u012bm \u2013 ja tas notiek, r\u016bp\u012bgi skalojiet ar \u016bdeni. Glab\u0101t b\u0113rniem nepieejam\u0101 viet\u0101.<\/p>\n<p data-start=\"4597\" data-end=\"5393\"><strong data-start=\"4597\" data-end=\"4609\">Sast\u0101vs:<\/strong> Aqua, Sodium Laureth Sulfate, Glycerin, Cocamidopropyl Betaine, Coco-Glucoside, Glyceryl Oleate, Parfum, Polyglyceryl-2 Caprate, Phenoxyethanol, Glycol Distearate, Sodium Chloride, Sodium Benzoate, Panthenol, Benzophenone-4, Citric Acid, Sodium Hydroxide, Laureth-4, Prunus Amygdalus Dulcis (Almond) Oil, Polyquaternium-7, Vaccinium Macrocarpon (Cranberry) Fruit Extract, Lactic Acid, Hydrogenated Palm Glycerides Citrate, Citrus Aurantifolia (Lime) Fruit Extract, Citrus Aurantium Bergamia (Bergamot) Leaf Extract, Citrus Aurantium Dulcis (Orange) Fruit Extract, Citrus Grandis (Grapefruit) Extract, Citrus Limon (Lemon) Fruit Extract, Citrus Reticulata (Satsuma) Fruit Extract, Tocopherol, Potassium Sorbate, Benzyl Benzoate, Hexyl Cinnamal, Linalool, CI 14700, CI 17200, CI 19140.<\/p>\n<p data-start=\"5395\" data-end=\"5501\"><strong data-start=\"5395\" data-end=\"5406\">Izm\u0113rs:<\/strong> 250\/500 ml<br data-start=\"5417\" data-end=\"5420\" \/><strong data-start=\"5420\" data-end=\"5441\">Der\u012bguma termi\u0146\u0161:<\/strong> 12 m\u0113ne\u0161i p\u0113c atv\u0113r\u0161anas<br data-start=\"5466\" data-end=\"5469\" \/><strong data-start=\"5469\" data-end=\"5482\">Ra\u017eot\u0101js:<\/strong> Lakeland Cosmetics<\/p>\n","protected":false},"featured_media":49371,"template":"","meta":[],"product_brand":[],"product_cat":[560],"product_tag":[],"class_list":{"0":"post-49382","1":"product","2":"type-product","3":"status-publish","4":"has-post-thumbnail","6":"product_cat-kopsanas-lidzekli-suniem","8":"first","9":"instock","10":"taxable","11":"shipping-taxable","12":"purchasable","13":"product-type-simple"},"yoast_head":"<!-- This site is optimized with the Yoast SEO plugin v27.2 - https:\/\/yoast.com\/product\/yoast-seo-wordpress\/ -->\n<title>Bugalugs Ave\u0146u un Citrusu Arom\u0101ta 3-in-1 \u0160amp\u016bns 250 ml - MiuMjau<\/title>\n<meta name=\"robots\" content=\"index, follow, max-snippet:-1, max-image-preview:large, max-video-preview:-1\" \/>\n<link rel=\"canonical\" href=\"https:\/\/miumjau.ee\/lv\/produkts\/bugalugs-avenu-un-citrusu-aromata-3-in-1-sampuns-250-ml\/\" \/>\n<meta property=\"og:locale\" content=\"lv_LV\" \/>\n<meta property=\"og:type\" content=\"article\" \/>\n<meta property=\"og:title\" content=\"Bugalugs Ave\u0146u un Citrusu Arom\u0101ta 3-in-1 \u0160amp\u016bns 250 ml - MiuMjau\" \/>\n<meta property=\"og:description\" content=\"R\u016bp\u0113jieties par savu suni ar Bugalugs \u0161amp\u016bna, kondicioniera un detangler 3-in-1 sp\u0113c\u012bgo iedarb\u012bbu, kas ir ar atsvaidzino\u0161u ave\u0146u un citrona arom\u0101tu, padarot su\u0146a vannu viegl\u0101ku. \u0160is daudzfunkcion\u0101lais kop\u0161anas l\u012bdzeklis att\u012bra un kopj su\u0146a apmatojumu un \u0101du. Bag\u0101t\u012bgi aromatiz\u0113tais produkts pal\u012bdz at\u0161\u0137etin\u0101t matus, lai tie b\u016btu gludi un bez s\u0101p\u0113m \u0137emm\u0113jami. No\u0146em net\u012brumus un pat vissmag\u0101k\u0101s smakas, vienlaikus att\u012brot un kopjot vien\u0101 \u0101tr\u0101 mazg\u0101\u0161an\u0101. Parab\u0113nus nesaturo\u0161s \u0161amp\u016bns piem\u0113rots vis\u0101m su\u0146u \u0161\u0137irn\u0113m un kuc\u0113niem no 8 ned\u0113\u013c\u0101m. Lieto\u0161ana: Samitriniet su\u0146a apmatojumu ar siltu \u016bdeni. Var at\u0161\u0137aid\u012bt ar \u016bdeni proporcij\u0101 10:1. Uzkl\u0101jiet \u0161amp\u016bnu uz apmatojuma, izveidojiet putas un r\u016bp\u012bgi noskalojiet. P\u0113c tam nosusiniet. Izvairieties no kontakta ar ac\u012bm \u2013 ja tas notiek, r\u016bp\u012bgi skalojiet ar \u016bdeni. Glab\u0101t b\u0113rniem nepieejam\u0101 viet\u0101. Sast\u0101vs: Aqua, Sodium Laureth Sulfate, Glycerin, Cocamidopropyl Betaine, Coco-Glucoside, Glyceryl Oleate, Parfum, Polyglyceryl-2 Caprate, Phenoxyethanol, Glycol Distearate, Sodium Chloride, Sodium Benzoate, Panthenol, Benzophenone-4, Citric Acid, Sodium Hydroxide, Laureth-4, Prunus Amygdalus Dulcis (Almond) Oil, Polyquaternium-7, Vaccinium Macrocarpon (Cranberry) Fruit Extract, Lactic Acid, Hydrogenated Palm Glycerides Citrate, Citrus Aurantifolia (Lime) Fruit Extract, Citrus Aurantium Bergamia (Bergamot) Leaf Extract, Citrus Aurantium Dulcis (Orange) Fruit Extract, Citrus Grandis (Grapefruit) Extract, Citrus Limon (Lemon) Fruit Extract, Citrus Reticulata (Satsuma) Fruit Extract, Tocopherol, Potassium Sorbate, Benzyl Benzoate, Hexyl Cinnamal, Linalool, CI 14700, CI 17200, CI 19140. Izm\u0113rs: 250\/500 mlDer\u012bguma termi\u0146\u0161: 12 m\u0113ne\u0161i p\u0113c atv\u0113r\u0161anasRa\u017eot\u0101js: Lakeland Cosmetics\" \/>\n<meta property=\"og:url\" content=\"https:\/\/miumjau.ee\/lv\/produkts\/bugalugs-avenu-un-citrusu-aromata-3-in-1-sampuns-250-ml\/\" \/>\n<meta property=\"og:site_name\" content=\"MiuMjau\" \/>\n<meta property=\"article:publisher\" content=\"https:\/\/www.facebook.com\/miumjaupood\/\" \/>\n<meta property=\"article:modified_time\" content=\"2026-01-07T19:16:23+00:00\" \/>\n<meta property=\"og:image\" content=\"https:\/\/miumjau.ee\/wp-content\/uploads\/2025\/06\/bugalugs-koerte-sampoon-3in1-vaarikas-sidrun3.jpg\" \/>\n\t<meta property=\"og:image:width\" content=\"600\" \/>\n\t<meta property=\"og:image:height\" content=\"800\" \/>\n\t<meta property=\"og:image:type\" content=\"image\/jpeg\" \/>\n<meta name=\"twitter:card\" content=\"summary_large_image\" \/>\n<script type=\"application\/ld+json\" class=\"yoast-schema-graph\">{\"@context\":\"https:\/\/schema.org\",\"@graph\":[{\"@type\":\"WebPage\",\"@id\":\"https:\/\/miumjau.ee\/lv\/produkts\/bugalugs-avenu-un-citrusu-aromata-3-in-1-sampuns-250-ml\/\",\"url\":\"https:\/\/miumjau.ee\/lv\/produkts\/bugalugs-avenu-un-citrusu-aromata-3-in-1-sampuns-250-ml\/\",\"name\":\"Bugalugs Ave\u0146u un Citrusu Arom\u0101ta 3-in-1 \u0160amp\u016bns 250 ml - MiuMjau\",\"isPartOf\":{\"@id\":\"https:\/\/miumjau.ee\/#website\"},\"primaryImageOfPage\":{\"@id\":\"https:\/\/miumjau.ee\/lv\/produkts\/bugalugs-avenu-un-citrusu-aromata-3-in-1-sampuns-250-ml\/#primaryimage\"},\"image\":{\"@id\":\"https:\/\/miumjau.ee\/lv\/produkts\/bugalugs-avenu-un-citrusu-aromata-3-in-1-sampuns-250-ml\/#primaryimage\"},\"thumbnailUrl\":\"https:\/\/miumjau.ee\/wp-content\/uploads\/2025\/06\/bugalugs-koerte-sampoon-3in1-vaarikas-sidrun3.jpg\",\"datePublished\":\"2025-06-18T08:04:38+00:00\",\"dateModified\":\"2026-01-07T19:16:23+00:00\",\"breadcrumb\":{\"@id\":\"https:\/\/miumjau.ee\/lv\/produkts\/bugalugs-avenu-un-citrusu-aromata-3-in-1-sampuns-250-ml\/#breadcrumb\"},\"inLanguage\":\"lv-LV\",\"potentialAction\":[{\"@type\":\"ReadAction\",\"target\":[\"https:\/\/miumjau.ee\/lv\/produkts\/bugalugs-avenu-un-citrusu-aromata-3-in-1-sampuns-250-ml\/\"]}]},{\"@type\":\"ImageObject\",\"inLanguage\":\"lv-LV\",\"@id\":\"https:\/\/miumjau.ee\/lv\/produkts\/bugalugs-avenu-un-citrusu-aromata-3-in-1-sampuns-250-ml\/#primaryimage\",\"url\":\"https:\/\/miumjau.ee\/wp-content\/uploads\/2025\/06\/bugalugs-koerte-sampoon-3in1-vaarikas-sidrun3.jpg\",\"contentUrl\":\"https:\/\/miumjau.ee\/wp-content\/uploads\/2025\/06\/bugalugs-koerte-sampoon-3in1-vaarikas-sidrun3.jpg\",\"width\":600,\"height\":800},{\"@type\":\"BreadcrumbList\",\"@id\":\"https:\/\/miumjau.ee\/lv\/produkts\/bugalugs-avenu-un-citrusu-aromata-3-in-1-sampuns-250-ml\/#breadcrumb\",\"itemListElement\":[{\"@type\":\"ListItem\",\"position\":1,\"name\":\"Home\",\"item\":\"https:\/\/miumjau.ee\/lv\/\"},{\"@type\":\"ListItem\",\"position\":2,\"name\":\"Veikals\",\"item\":\"https:\/\/miumjau.ee\/lv\/veikals\/\"},{\"@type\":\"ListItem\",\"position\":3,\"name\":\"Bugalugs Ave\u0146u un Citrusu Arom\u0101ta 3-in-1 \u0160amp\u016bns 250 ml\"}]},{\"@type\":\"WebSite\",\"@id\":\"https:\/\/miumjau.ee\/#website\",\"url\":\"https:\/\/miumjau.ee\/\",\"name\":\"MiuMjau\",\"description\":\"Kraapimispuud kassidele\",\"publisher\":{\"@id\":\"https:\/\/miumjau.ee\/#organization\"},\"potentialAction\":[{\"@type\":\"SearchAction\",\"target\":{\"@type\":\"EntryPoint\",\"urlTemplate\":\"https:\/\/miumjau.ee\/?s={search_term_string}\"},\"query-input\":{\"@type\":\"PropertyValueSpecification\",\"valueRequired\":true,\"valueName\":\"search_term_string\"}}],\"inLanguage\":\"lv-LV\"},{\"@type\":\"Organization\",\"@id\":\"https:\/\/miumjau.ee\/#organization\",\"name\":\"MiuMjau O\u00dc\",\"url\":\"https:\/\/miumjau.ee\/\",\"logo\":{\"@type\":\"ImageObject\",\"inLanguage\":\"lv-LV\",\"@id\":\"https:\/\/miumjau.ee\/#\/schema\/logo\/image\/\",\"url\":\"https:\/\/miumjau.ee\/wp-content\/uploads\/2022\/04\/MiuMjau-logo-kollane.png\",\"contentUrl\":\"https:\/\/miumjau.ee\/wp-content\/uploads\/2022\/04\/MiuMjau-logo-kollane.png\",\"width\":219,\"height\":100,\"caption\":\"MiuMjau O\u00dc\"},\"image\":{\"@id\":\"https:\/\/miumjau.ee\/#\/schema\/logo\/image\/\"},\"sameAs\":[\"https:\/\/www.facebook.com\/miumjaupood\/\"]}]}<\/script>\n<!-- \/ Yoast SEO plugin. -->","yoast_head_json":{"title":"Bugalugs Ave\u0146u un Citrusu Arom\u0101ta 3-in-1 \u0160amp\u016bns 250 ml - MiuMjau","robots":{"index":"index","follow":"follow","max-snippet":"max-snippet:-1","max-image-preview":"max-image-preview:large","max-video-preview":"max-video-preview:-1"},"canonical":"https:\/\/miumjau.ee\/lv\/produkts\/bugalugs-avenu-un-citrusu-aromata-3-in-1-sampuns-250-ml\/","og_locale":"lv_LV","og_type":"article","og_title":"Bugalugs Ave\u0146u un Citrusu Arom\u0101ta 3-in-1 \u0160amp\u016bns 250 ml - MiuMjau","og_description":"R\u016bp\u0113jieties par savu suni ar Bugalugs \u0161amp\u016bna, kondicioniera un detangler 3-in-1 sp\u0113c\u012bgo iedarb\u012bbu, kas ir ar atsvaidzino\u0161u ave\u0146u un citrona arom\u0101tu, padarot su\u0146a vannu viegl\u0101ku. \u0160is daudzfunkcion\u0101lais kop\u0161anas l\u012bdzeklis att\u012bra un kopj su\u0146a apmatojumu un \u0101du. Bag\u0101t\u012bgi aromatiz\u0113tais produkts pal\u012bdz at\u0161\u0137etin\u0101t matus, lai tie b\u016btu gludi un bez s\u0101p\u0113m \u0137emm\u0113jami. No\u0146em net\u012brumus un pat vissmag\u0101k\u0101s smakas, vienlaikus att\u012brot un kopjot vien\u0101 \u0101tr\u0101 mazg\u0101\u0161an\u0101. Parab\u0113nus nesaturo\u0161s \u0161amp\u016bns piem\u0113rots vis\u0101m su\u0146u \u0161\u0137irn\u0113m un kuc\u0113niem no 8 ned\u0113\u013c\u0101m. Lieto\u0161ana: Samitriniet su\u0146a apmatojumu ar siltu \u016bdeni. Var at\u0161\u0137aid\u012bt ar \u016bdeni proporcij\u0101 10:1. Uzkl\u0101jiet \u0161amp\u016bnu uz apmatojuma, izveidojiet putas un r\u016bp\u012bgi noskalojiet. P\u0113c tam nosusiniet. Izvairieties no kontakta ar ac\u012bm \u2013 ja tas notiek, r\u016bp\u012bgi skalojiet ar \u016bdeni. Glab\u0101t b\u0113rniem nepieejam\u0101 viet\u0101. Sast\u0101vs: Aqua, Sodium Laureth Sulfate, Glycerin, Cocamidopropyl Betaine, Coco-Glucoside, Glyceryl Oleate, Parfum, Polyglyceryl-2 Caprate, Phenoxyethanol, Glycol Distearate, Sodium Chloride, Sodium Benzoate, Panthenol, Benzophenone-4, Citric Acid, Sodium Hydroxide, Laureth-4, Prunus Amygdalus Dulcis (Almond) Oil, Polyquaternium-7, Vaccinium Macrocarpon (Cranberry) Fruit Extract, Lactic Acid, Hydrogenated Palm Glycerides Citrate, Citrus Aurantifolia (Lime) Fruit Extract, Citrus Aurantium Bergamia (Bergamot) Leaf Extract, Citrus Aurantium Dulcis (Orange) Fruit Extract, Citrus Grandis (Grapefruit) Extract, Citrus Limon (Lemon) Fruit Extract, Citrus Reticulata (Satsuma) Fruit Extract, Tocopherol, Potassium Sorbate, Benzyl Benzoate, Hexyl Cinnamal, Linalool, CI 14700, CI 17200, CI 19140. Izm\u0113rs: 250\/500 mlDer\u012bguma termi\u0146\u0161: 12 m\u0113ne\u0161i p\u0113c atv\u0113r\u0161anasRa\u017eot\u0101js: Lakeland Cosmetics","og_url":"https:\/\/miumjau.ee\/lv\/produkts\/bugalugs-avenu-un-citrusu-aromata-3-in-1-sampuns-250-ml\/","og_site_name":"MiuMjau","article_publisher":"https:\/\/www.facebook.com\/miumjaupood\/","article_modified_time":"2026-01-07T19:16:23+00:00","og_image":[{"width":600,"height":800,"url":"https:\/\/miumjau.ee\/wp-content\/uploads\/2025\/06\/bugalugs-koerte-sampoon-3in1-vaarikas-sidrun3.jpg","type":"image\/jpeg"}],"twitter_card":"summary_large_image","schema":{"@context":"https:\/\/schema.org","@graph":[{"@type":"WebPage","@id":"https:\/\/miumjau.ee\/lv\/produkts\/bugalugs-avenu-un-citrusu-aromata-3-in-1-sampuns-250-ml\/","url":"https:\/\/miumjau.ee\/lv\/produkts\/bugalugs-avenu-un-citrusu-aromata-3-in-1-sampuns-250-ml\/","name":"Bugalugs Ave\u0146u un Citrusu Arom\u0101ta 3-in-1 \u0160amp\u016bns 250 ml - MiuMjau","isPartOf":{"@id":"https:\/\/miumjau.ee\/#website"},"primaryImageOfPage":{"@id":"https:\/\/miumjau.ee\/lv\/produkts\/bugalugs-avenu-un-citrusu-aromata-3-in-1-sampuns-250-ml\/#primaryimage"},"image":{"@id":"https:\/\/miumjau.ee\/lv\/produkts\/bugalugs-avenu-un-citrusu-aromata-3-in-1-sampuns-250-ml\/#primaryimage"},"thumbnailUrl":"https:\/\/miumjau.ee\/wp-content\/uploads\/2025\/06\/bugalugs-koerte-sampoon-3in1-vaarikas-sidrun3.jpg","datePublished":"2025-06-18T08:04:38+00:00","dateModified":"2026-01-07T19:16:23+00:00","breadcrumb":{"@id":"https:\/\/miumjau.ee\/lv\/produkts\/bugalugs-avenu-un-citrusu-aromata-3-in-1-sampuns-250-ml\/#breadcrumb"},"inLanguage":"lv-LV","potentialAction":[{"@type":"ReadAction","target":["https:\/\/miumjau.ee\/lv\/produkts\/bugalugs-avenu-un-citrusu-aromata-3-in-1-sampuns-250-ml\/"]}]},{"@type":"ImageObject","inLanguage":"lv-LV","@id":"https:\/\/miumjau.ee\/lv\/produkts\/bugalugs-avenu-un-citrusu-aromata-3-in-1-sampuns-250-ml\/#primaryimage","url":"https:\/\/miumjau.ee\/wp-content\/uploads\/2025\/06\/bugalugs-koerte-sampoon-3in1-vaarikas-sidrun3.jpg","contentUrl":"https:\/\/miumjau.ee\/wp-content\/uploads\/2025\/06\/bugalugs-koerte-sampoon-3in1-vaarikas-sidrun3.jpg","width":600,"height":800},{"@type":"BreadcrumbList","@id":"https:\/\/miumjau.ee\/lv\/produkts\/bugalugs-avenu-un-citrusu-aromata-3-in-1-sampuns-250-ml\/#breadcrumb","itemListElement":[{"@type":"ListItem","position":1,"name":"Home","item":"https:\/\/miumjau.ee\/lv\/"},{"@type":"ListItem","position":2,"name":"Veikals","item":"https:\/\/miumjau.ee\/lv\/veikals\/"},{"@type":"ListItem","position":3,"name":"Bugalugs Ave\u0146u un Citrusu Arom\u0101ta 3-in-1 \u0160amp\u016bns 250 ml"}]},{"@type":"WebSite","@id":"https:\/\/miumjau.ee\/#website","url":"https:\/\/miumjau.ee\/","name":"MiuMjau","description":"Kraapimispuud kassidele","publisher":{"@id":"https:\/\/miumjau.ee\/#organization"},"potentialAction":[{"@type":"SearchAction","target":{"@type":"EntryPoint","urlTemplate":"https:\/\/miumjau.ee\/?s={search_term_string}"},"query-input":{"@type":"PropertyValueSpecification","valueRequired":true,"valueName":"search_term_string"}}],"inLanguage":"lv-LV"},{"@type":"Organization","@id":"https:\/\/miumjau.ee\/#organization","name":"MiuMjau O\u00dc","url":"https:\/\/miumjau.ee\/","logo":{"@type":"ImageObject","inLanguage":"lv-LV","@id":"https:\/\/miumjau.ee\/#\/schema\/logo\/image\/","url":"https:\/\/miumjau.ee\/wp-content\/uploads\/2022\/04\/MiuMjau-logo-kollane.png","contentUrl":"https:\/\/miumjau.ee\/wp-content\/uploads\/2022\/04\/MiuMjau-logo-kollane.png","width":219,"height":100,"caption":"MiuMjau O\u00dc"},"image":{"@id":"https:\/\/miumjau.ee\/#\/schema\/logo\/image\/"},"sameAs":["https:\/\/www.facebook.com\/miumjaupood\/"]}]}},"_links":{"self":[{"href":"https:\/\/miumjau.ee\/lv\/wp-json\/wp\/v2\/product\/49382","targetHints":{"allow":["GET"]}}],"collection":[{"href":"https:\/\/miumjau.ee\/lv\/wp-json\/wp\/v2\/product"}],"about":[{"href":"https:\/\/miumjau.ee\/lv\/wp-json\/wp\/v2\/types\/product"}],"wp:featuredmedia":[{"embeddable":true,"href":"https:\/\/miumjau.ee\/lv\/wp-json\/wp\/v2\/media\/49371"}],"wp:attachment":[{"href":"https:\/\/miumjau.ee\/lv\/wp-json\/wp\/v2\/media?parent=49382"}],"wp:term":[{"taxonomy":"product_brand","embeddable":true,"href":"https:\/\/miumjau.ee\/lv\/wp-json\/wp\/v2\/product_brand?post=49382"},{"taxonomy":"product_cat","embeddable":true,"href":"https:\/\/miumjau.ee\/lv\/wp-json\/wp\/v2\/product_cat?post=49382"},{"taxonomy":"product_tag","embeddable":true,"href":"https:\/\/miumjau.ee\/lv\/wp-json\/wp\/v2\/product_tag?post=49382"}],"curies":[{"name":"wp","href":"https:\/\/api.w.org\/{rel}","templated":true}]}}