{"id":49368,"date":"2025-06-18T11:10:13","date_gmt":"2025-06-18T08:10:13","guid":{"rendered":"https:\/\/miumjau.ee\/toode\/bugalugs-bernu-pulverveida-aromata-sampuns-baby-fresh-250-ml\/"},"modified":"2026-01-07T21:16:23","modified_gmt":"2026-01-07T19:16:23","slug":"bugalugs-bernu-pulverveida-aromata-sampuns-baby-fresh-250-ml","status":"publish","type":"product","link":"https:\/\/miumjau.ee\/lv\/produkts\/bugalugs-bernu-pulverveida-aromata-sampuns-baby-fresh-250-ml\/","title":{"rendered":"Bugalugs B\u0113rnu Pulverveida Arom\u0101ta \u0160amp\u016bns Baby Fresh 250 ml"},"content":{"rendered":"","protected":false},"excerpt":{"rendered":"<p data-start=\"1681\" data-end=\"1987\">\u0160is nostalgiskais b\u0113rnu pulverveida arom\u0101ta \u0161amp\u016bns ir ide\u0101ls, lai no su\u0146iem no\u0146emtu nepat\u012bkamas smakas. Maigs, pH l\u012bdzsvarots \u0161amp\u016bns dzi\u013ci att\u012bra apmatojumu, neradot kairin\u0101jumu \u0101dai, padarot apmatojumu t\u012bru, m\u012bkstu un neatsak\u0101mi smar\u017e\u012bgu. Piem\u0113rots su\u0146iem no 8 ned\u0113\u013cu vecuma un visiem apmatojuma tipiem.<\/p>\n<p data-start=\"1989\" data-end=\"2306\"><strong data-start=\"1989\" data-end=\"2003\">Lieto\u0161ana:<\/strong> Samitriniet su\u0146a apmatojumu ar siltu \u016bdeni. Var at\u0161\u0137aid\u012bt ar \u016bdeni proporcij\u0101 20:1 (ilgi pietiek). Uzkl\u0101jiet \u0161amp\u016bnu uz apmatojuma, izveidojiet putas un r\u016bp\u012bgi noskalojiet. P\u0113c tam nosusiniet. Izvairieties no kontakta ar ac\u012bm \u2013 ja tas notiek, r\u016bp\u012bgi skalojiet ar \u016bdeni. Glab\u0101t b\u0113rniem nepieejam\u0101 viet\u0101.<\/p>\n<p data-start=\"2308\" data-end=\"2344\"><strong data-start=\"2308\" data-end=\"2321\">Ra\u017eot\u0101js:<\/strong> Lakeland Cosmetics, UK<\/p>\n","protected":false},"featured_media":49365,"template":"","meta":[],"product_brand":[],"product_cat":[560],"product_tag":[],"class_list":{"0":"post-49368","1":"product","2":"type-product","3":"status-publish","4":"has-post-thumbnail","6":"product_cat-kopsanas-lidzekli-suniem","8":"first","9":"instock","10":"taxable","11":"shipping-taxable","12":"purchasable","13":"product-type-simple"},"yoast_head":"<!-- This site is optimized with the Yoast SEO plugin v27.2 - https:\/\/yoast.com\/product\/yoast-seo-wordpress\/ -->\n<title>Bugalugs B\u0113rnu Pulverveida Arom\u0101ta \u0160amp\u016bns Baby Fresh 250 ml - MiuMjau<\/title>\n<meta name=\"robots\" content=\"index, follow, max-snippet:-1, max-image-preview:large, max-video-preview:-1\" \/>\n<link rel=\"canonical\" href=\"https:\/\/miumjau.ee\/lv\/produkts\/bugalugs-bernu-pulverveida-aromata-sampuns-baby-fresh-250-ml\/\" \/>\n<meta property=\"og:locale\" content=\"lv_LV\" \/>\n<meta property=\"og:type\" content=\"article\" \/>\n<meta property=\"og:title\" content=\"Bugalugs B\u0113rnu Pulverveida Arom\u0101ta \u0160amp\u016bns Baby Fresh 250 ml - MiuMjau\" \/>\n<meta property=\"og:description\" content=\"\u0160is nostalgiskais b\u0113rnu pulverveida arom\u0101ta \u0161amp\u016bns ir ide\u0101ls, lai no su\u0146iem no\u0146emtu nepat\u012bkamas smakas. Maigs, pH l\u012bdzsvarots \u0161amp\u016bns dzi\u013ci att\u012bra apmatojumu, neradot kairin\u0101jumu \u0101dai, padarot apmatojumu t\u012bru, m\u012bkstu un neatsak\u0101mi smar\u017e\u012bgu. Piem\u0113rots su\u0146iem no 8 ned\u0113\u013cu vecuma un visiem apmatojuma tipiem. Lieto\u0161ana: Samitriniet su\u0146a apmatojumu ar siltu \u016bdeni. Var at\u0161\u0137aid\u012bt ar \u016bdeni proporcij\u0101 20:1 (ilgi pietiek). Uzkl\u0101jiet \u0161amp\u016bnu uz apmatojuma, izveidojiet putas un r\u016bp\u012bgi noskalojiet. P\u0113c tam nosusiniet. Izvairieties no kontakta ar ac\u012bm \u2013 ja tas notiek, r\u016bp\u012bgi skalojiet ar \u016bdeni. Glab\u0101t b\u0113rniem nepieejam\u0101 viet\u0101. Ra\u017eot\u0101js: Lakeland Cosmetics, UK\" \/>\n<meta property=\"og:url\" content=\"https:\/\/miumjau.ee\/lv\/produkts\/bugalugs-bernu-pulverveida-aromata-sampuns-baby-fresh-250-ml\/\" \/>\n<meta property=\"og:site_name\" content=\"MiuMjau\" \/>\n<meta property=\"article:publisher\" content=\"https:\/\/www.facebook.com\/miumjaupood\/\" \/>\n<meta property=\"article:modified_time\" content=\"2026-01-07T19:16:23+00:00\" \/>\n<meta property=\"og:image\" content=\"https:\/\/miumjau.ee\/wp-content\/uploads\/2025\/06\/bugalugs-koerte-sampoon-babyfresh-250ml.jpg\" \/>\n\t<meta property=\"og:image:width\" content=\"600\" \/>\n\t<meta property=\"og:image:height\" content=\"800\" \/>\n\t<meta property=\"og:image:type\" content=\"image\/jpeg\" \/>\n<meta name=\"twitter:card\" content=\"summary_large_image\" \/>\n<script type=\"application\/ld+json\" class=\"yoast-schema-graph\">{\"@context\":\"https:\/\/schema.org\",\"@graph\":[{\"@type\":\"WebPage\",\"@id\":\"https:\/\/miumjau.ee\/lv\/produkts\/bugalugs-bernu-pulverveida-aromata-sampuns-baby-fresh-250-ml\/\",\"url\":\"https:\/\/miumjau.ee\/lv\/produkts\/bugalugs-bernu-pulverveida-aromata-sampuns-baby-fresh-250-ml\/\",\"name\":\"Bugalugs B\u0113rnu Pulverveida Arom\u0101ta \u0160amp\u016bns Baby Fresh 250 ml - MiuMjau\",\"isPartOf\":{\"@id\":\"https:\/\/miumjau.ee\/#website\"},\"primaryImageOfPage\":{\"@id\":\"https:\/\/miumjau.ee\/lv\/produkts\/bugalugs-bernu-pulverveida-aromata-sampuns-baby-fresh-250-ml\/#primaryimage\"},\"image\":{\"@id\":\"https:\/\/miumjau.ee\/lv\/produkts\/bugalugs-bernu-pulverveida-aromata-sampuns-baby-fresh-250-ml\/#primaryimage\"},\"thumbnailUrl\":\"https:\/\/miumjau.ee\/wp-content\/uploads\/2025\/06\/bugalugs-koerte-sampoon-babyfresh-250ml.jpg\",\"datePublished\":\"2025-06-18T08:10:13+00:00\",\"dateModified\":\"2026-01-07T19:16:23+00:00\",\"breadcrumb\":{\"@id\":\"https:\/\/miumjau.ee\/lv\/produkts\/bugalugs-bernu-pulverveida-aromata-sampuns-baby-fresh-250-ml\/#breadcrumb\"},\"inLanguage\":\"lv-LV\",\"potentialAction\":[{\"@type\":\"ReadAction\",\"target\":[\"https:\/\/miumjau.ee\/lv\/produkts\/bugalugs-bernu-pulverveida-aromata-sampuns-baby-fresh-250-ml\/\"]}]},{\"@type\":\"ImageObject\",\"inLanguage\":\"lv-LV\",\"@id\":\"https:\/\/miumjau.ee\/lv\/produkts\/bugalugs-bernu-pulverveida-aromata-sampuns-baby-fresh-250-ml\/#primaryimage\",\"url\":\"https:\/\/miumjau.ee\/wp-content\/uploads\/2025\/06\/bugalugs-koerte-sampoon-babyfresh-250ml.jpg\",\"contentUrl\":\"https:\/\/miumjau.ee\/wp-content\/uploads\/2025\/06\/bugalugs-koerte-sampoon-babyfresh-250ml.jpg\",\"width\":600,\"height\":800},{\"@type\":\"BreadcrumbList\",\"@id\":\"https:\/\/miumjau.ee\/lv\/produkts\/bugalugs-bernu-pulverveida-aromata-sampuns-baby-fresh-250-ml\/#breadcrumb\",\"itemListElement\":[{\"@type\":\"ListItem\",\"position\":1,\"name\":\"Home\",\"item\":\"https:\/\/miumjau.ee\/lv\/\"},{\"@type\":\"ListItem\",\"position\":2,\"name\":\"Veikals\",\"item\":\"https:\/\/miumjau.ee\/lv\/veikals\/\"},{\"@type\":\"ListItem\",\"position\":3,\"name\":\"Bugalugs B\u0113rnu Pulverveida Arom\u0101ta \u0160amp\u016bns Baby Fresh 250 ml\"}]},{\"@type\":\"WebSite\",\"@id\":\"https:\/\/miumjau.ee\/#website\",\"url\":\"https:\/\/miumjau.ee\/\",\"name\":\"MiuMjau\",\"description\":\"Kraapimispuud kassidele\",\"publisher\":{\"@id\":\"https:\/\/miumjau.ee\/#organization\"},\"potentialAction\":[{\"@type\":\"SearchAction\",\"target\":{\"@type\":\"EntryPoint\",\"urlTemplate\":\"https:\/\/miumjau.ee\/?s={search_term_string}\"},\"query-input\":{\"@type\":\"PropertyValueSpecification\",\"valueRequired\":true,\"valueName\":\"search_term_string\"}}],\"inLanguage\":\"lv-LV\"},{\"@type\":\"Organization\",\"@id\":\"https:\/\/miumjau.ee\/#organization\",\"name\":\"MiuMjau O\u00dc\",\"url\":\"https:\/\/miumjau.ee\/\",\"logo\":{\"@type\":\"ImageObject\",\"inLanguage\":\"lv-LV\",\"@id\":\"https:\/\/miumjau.ee\/#\/schema\/logo\/image\/\",\"url\":\"https:\/\/miumjau.ee\/wp-content\/uploads\/2022\/04\/MiuMjau-logo-kollane.png\",\"contentUrl\":\"https:\/\/miumjau.ee\/wp-content\/uploads\/2022\/04\/MiuMjau-logo-kollane.png\",\"width\":219,\"height\":100,\"caption\":\"MiuMjau O\u00dc\"},\"image\":{\"@id\":\"https:\/\/miumjau.ee\/#\/schema\/logo\/image\/\"},\"sameAs\":[\"https:\/\/www.facebook.com\/miumjaupood\/\"]}]}<\/script>\n<!-- \/ Yoast SEO plugin. -->","yoast_head_json":{"title":"Bugalugs B\u0113rnu Pulverveida Arom\u0101ta \u0160amp\u016bns Baby Fresh 250 ml - MiuMjau","robots":{"index":"index","follow":"follow","max-snippet":"max-snippet:-1","max-image-preview":"max-image-preview:large","max-video-preview":"max-video-preview:-1"},"canonical":"https:\/\/miumjau.ee\/lv\/produkts\/bugalugs-bernu-pulverveida-aromata-sampuns-baby-fresh-250-ml\/","og_locale":"lv_LV","og_type":"article","og_title":"Bugalugs B\u0113rnu Pulverveida Arom\u0101ta \u0160amp\u016bns Baby Fresh 250 ml - MiuMjau","og_description":"\u0160is nostalgiskais b\u0113rnu pulverveida arom\u0101ta \u0161amp\u016bns ir ide\u0101ls, lai no su\u0146iem no\u0146emtu nepat\u012bkamas smakas. Maigs, pH l\u012bdzsvarots \u0161amp\u016bns dzi\u013ci att\u012bra apmatojumu, neradot kairin\u0101jumu \u0101dai, padarot apmatojumu t\u012bru, m\u012bkstu un neatsak\u0101mi smar\u017e\u012bgu. Piem\u0113rots su\u0146iem no 8 ned\u0113\u013cu vecuma un visiem apmatojuma tipiem. Lieto\u0161ana: Samitriniet su\u0146a apmatojumu ar siltu \u016bdeni. Var at\u0161\u0137aid\u012bt ar \u016bdeni proporcij\u0101 20:1 (ilgi pietiek). Uzkl\u0101jiet \u0161amp\u016bnu uz apmatojuma, izveidojiet putas un r\u016bp\u012bgi noskalojiet. P\u0113c tam nosusiniet. Izvairieties no kontakta ar ac\u012bm \u2013 ja tas notiek, r\u016bp\u012bgi skalojiet ar \u016bdeni. Glab\u0101t b\u0113rniem nepieejam\u0101 viet\u0101. Ra\u017eot\u0101js: Lakeland Cosmetics, UK","og_url":"https:\/\/miumjau.ee\/lv\/produkts\/bugalugs-bernu-pulverveida-aromata-sampuns-baby-fresh-250-ml\/","og_site_name":"MiuMjau","article_publisher":"https:\/\/www.facebook.com\/miumjaupood\/","article_modified_time":"2026-01-07T19:16:23+00:00","og_image":[{"width":600,"height":800,"url":"https:\/\/miumjau.ee\/wp-content\/uploads\/2025\/06\/bugalugs-koerte-sampoon-babyfresh-250ml.jpg","type":"image\/jpeg"}],"twitter_card":"summary_large_image","schema":{"@context":"https:\/\/schema.org","@graph":[{"@type":"WebPage","@id":"https:\/\/miumjau.ee\/lv\/produkts\/bugalugs-bernu-pulverveida-aromata-sampuns-baby-fresh-250-ml\/","url":"https:\/\/miumjau.ee\/lv\/produkts\/bugalugs-bernu-pulverveida-aromata-sampuns-baby-fresh-250-ml\/","name":"Bugalugs B\u0113rnu Pulverveida Arom\u0101ta \u0160amp\u016bns Baby Fresh 250 ml - MiuMjau","isPartOf":{"@id":"https:\/\/miumjau.ee\/#website"},"primaryImageOfPage":{"@id":"https:\/\/miumjau.ee\/lv\/produkts\/bugalugs-bernu-pulverveida-aromata-sampuns-baby-fresh-250-ml\/#primaryimage"},"image":{"@id":"https:\/\/miumjau.ee\/lv\/produkts\/bugalugs-bernu-pulverveida-aromata-sampuns-baby-fresh-250-ml\/#primaryimage"},"thumbnailUrl":"https:\/\/miumjau.ee\/wp-content\/uploads\/2025\/06\/bugalugs-koerte-sampoon-babyfresh-250ml.jpg","datePublished":"2025-06-18T08:10:13+00:00","dateModified":"2026-01-07T19:16:23+00:00","breadcrumb":{"@id":"https:\/\/miumjau.ee\/lv\/produkts\/bugalugs-bernu-pulverveida-aromata-sampuns-baby-fresh-250-ml\/#breadcrumb"},"inLanguage":"lv-LV","potentialAction":[{"@type":"ReadAction","target":["https:\/\/miumjau.ee\/lv\/produkts\/bugalugs-bernu-pulverveida-aromata-sampuns-baby-fresh-250-ml\/"]}]},{"@type":"ImageObject","inLanguage":"lv-LV","@id":"https:\/\/miumjau.ee\/lv\/produkts\/bugalugs-bernu-pulverveida-aromata-sampuns-baby-fresh-250-ml\/#primaryimage","url":"https:\/\/miumjau.ee\/wp-content\/uploads\/2025\/06\/bugalugs-koerte-sampoon-babyfresh-250ml.jpg","contentUrl":"https:\/\/miumjau.ee\/wp-content\/uploads\/2025\/06\/bugalugs-koerte-sampoon-babyfresh-250ml.jpg","width":600,"height":800},{"@type":"BreadcrumbList","@id":"https:\/\/miumjau.ee\/lv\/produkts\/bugalugs-bernu-pulverveida-aromata-sampuns-baby-fresh-250-ml\/#breadcrumb","itemListElement":[{"@type":"ListItem","position":1,"name":"Home","item":"https:\/\/miumjau.ee\/lv\/"},{"@type":"ListItem","position":2,"name":"Veikals","item":"https:\/\/miumjau.ee\/lv\/veikals\/"},{"@type":"ListItem","position":3,"name":"Bugalugs B\u0113rnu Pulverveida Arom\u0101ta \u0160amp\u016bns Baby Fresh 250 ml"}]},{"@type":"WebSite","@id":"https:\/\/miumjau.ee\/#website","url":"https:\/\/miumjau.ee\/","name":"MiuMjau","description":"Kraapimispuud kassidele","publisher":{"@id":"https:\/\/miumjau.ee\/#organization"},"potentialAction":[{"@type":"SearchAction","target":{"@type":"EntryPoint","urlTemplate":"https:\/\/miumjau.ee\/?s={search_term_string}"},"query-input":{"@type":"PropertyValueSpecification","valueRequired":true,"valueName":"search_term_string"}}],"inLanguage":"lv-LV"},{"@type":"Organization","@id":"https:\/\/miumjau.ee\/#organization","name":"MiuMjau O\u00dc","url":"https:\/\/miumjau.ee\/","logo":{"@type":"ImageObject","inLanguage":"lv-LV","@id":"https:\/\/miumjau.ee\/#\/schema\/logo\/image\/","url":"https:\/\/miumjau.ee\/wp-content\/uploads\/2022\/04\/MiuMjau-logo-kollane.png","contentUrl":"https:\/\/miumjau.ee\/wp-content\/uploads\/2022\/04\/MiuMjau-logo-kollane.png","width":219,"height":100,"caption":"MiuMjau O\u00dc"},"image":{"@id":"https:\/\/miumjau.ee\/#\/schema\/logo\/image\/"},"sameAs":["https:\/\/www.facebook.com\/miumjaupood\/"]}]}},"_links":{"self":[{"href":"https:\/\/miumjau.ee\/lv\/wp-json\/wp\/v2\/product\/49368","targetHints":{"allow":["GET"]}}],"collection":[{"href":"https:\/\/miumjau.ee\/lv\/wp-json\/wp\/v2\/product"}],"about":[{"href":"https:\/\/miumjau.ee\/lv\/wp-json\/wp\/v2\/types\/product"}],"wp:featuredmedia":[{"embeddable":true,"href":"https:\/\/miumjau.ee\/lv\/wp-json\/wp\/v2\/media\/49365"}],"wp:attachment":[{"href":"https:\/\/miumjau.ee\/lv\/wp-json\/wp\/v2\/media?parent=49368"}],"wp:term":[{"taxonomy":"product_brand","embeddable":true,"href":"https:\/\/miumjau.ee\/lv\/wp-json\/wp\/v2\/product_brand?post=49368"},{"taxonomy":"product_cat","embeddable":true,"href":"https:\/\/miumjau.ee\/lv\/wp-json\/wp\/v2\/product_cat?post=49368"},{"taxonomy":"product_tag","embeddable":true,"href":"https:\/\/miumjau.ee\/lv\/wp-json\/wp\/v2\/product_tag?post=49368"}],"curies":[{"name":"wp","href":"https:\/\/api.w.org\/{rel}","templated":true}]}}