{"id":49362,"date":"2025-06-18T11:19:28","date_gmt":"2025-06-18T08:19:28","guid":{"rendered":"https:\/\/miumjau.ee\/toode\/bugalugs-papaijas-un-kokosriekstu-aromata-kondicionieris-suniem-500-ml\/"},"modified":"2026-01-07T21:16:23","modified_gmt":"2026-01-07T19:16:23","slug":"bugalugs-papaijas-un-kokosriekstu-aromata-kondicionieris-suniem-500-ml","status":"publish","type":"product","link":"https:\/\/miumjau.ee\/lv\/produkts\/bugalugs-papaijas-un-kokosriekstu-aromata-kondicionieris-suniem-500-ml\/","title":{"rendered":"Bugalugs Papaijas un Kokosriekstu Arom\u0101ta Kondicionieris Su\u0146iem 500 ml"},"content":{"rendered":"","protected":false},"excerpt":{"rendered":"<p data-start=\"3463\" data-end=\"3692\">Bugalugs papaijas un kokosriekstu kondicionieris su\u0146iem ir ide\u0101ls papildin\u0101jums j\u016bsu su\u0146a kop\u0161anas rut\u012bnai. \u0160is barojo\u0161ais kondicionieris maigi mitrina \u0101du un atjauno apmatojuma sp\u012bdumu ar greznu papaijas un kokosriekstu arom\u0101tu.<\/p>\n<p data-start=\"3694\" data-end=\"3896\">Dab\u012bg\u0101 sast\u0101va kondicionieris pal\u012bdz c\u012bn\u012bties ar pink\u0101m, vienlaikus mitrinot \u0101du un apmatojumu, lai pan\u0101ktu izcilu sp\u012bdumu. Ide\u0101li piem\u0113rots lieto\u0161anai kop\u0101 ar Bugalugs papaijas un kokosriekstu \u0161amp\u016bnu.<\/p>\n<p data-start=\"3898\" data-end=\"4117\">Kondicionieris ir bag\u0101ts ar dab\u012bg\u0101m e\u013c\u013c\u0101m un ekstraktiem un ir piem\u0113rots visiem apmatojuma tipiem. T\u0101 barojo\u0161\u0101 formula ir dro\u0161a sausai un jut\u012bgai \u0101dai, padarot apmatojumu z\u012bdaini gludu un sp\u012bd\u012bgu bez taukain\u0101m atliek\u0101m.<\/p>\n<p data-start=\"4119\" data-end=\"4483\"><strong data-start=\"4119\" data-end=\"4133\">Lieto\u0161ana:<\/strong> P\u0113c mazg\u0101\u0161anas ar Bugalugs \u0161amp\u016bnu uzkl\u0101jiet bag\u0101t\u012bgu kondicioniera daudzumu no galvas l\u012bdz astei. Iemas\u0113jiet apmatojum\u0101 un atst\u0101jiet iedarboties 3\u20135 min\u016btes. R\u016bp\u012bgi noskalojiet. Piem\u0113rots su\u0146iem no 8 ned\u0113\u013cu vecuma un visiem apmatojuma tipiem. Izvair\u012bties no saskares ar ac\u012bm \u2013 ja tas notiek, r\u016bp\u012bgi skalot ar \u016bdeni. Glab\u0101t b\u0113rniem nepieejam\u0101 viet\u0101.<\/p>\n<p data-start=\"4485\" data-end=\"4972\"><strong data-start=\"4485\" data-end=\"4497\">Sast\u0101vs:<\/strong> Aqua, Glycerin, Cetearyl Alcohol, Cetrimonium Chloride, Prunus Amygdalus Dulcis (Mandeles) Oil, Lecithin, Methylpropanediol, Caesalpinia Spinosa Gum, Parfum, Vitis Vinifera (V\u012bnogu) Seed Oil, Caprylyl Glycol, Anhydryl Glycol, Guar Hydroxypropyltrimonium Chloride, Tocopherol, Arginine, Saulespu\u0137u s\u0113klu e\u013c\u013ca, Phenylpropanol, Citric Acid, Sodium Citrate, Cocos Nucifera (Kokosriekstu) Oil, Papaijas Fruit Extract, Auzu kodolu milti, Red\u012bsu saknes fermenta filtr\u0101ts, CI 14700.<\/p>\n<p data-start=\"4974\" data-end=\"5006\"><strong data-start=\"4974\" data-end=\"4987\">Ra\u017eot\u0101js:<\/strong> Lakeland Cosmetics<\/p>\n","protected":false},"featured_media":49359,"template":"","meta":[],"product_brand":[],"product_cat":[560],"product_tag":[],"class_list":{"0":"post-49362","1":"product","2":"type-product","3":"status-publish","4":"has-post-thumbnail","6":"product_cat-kopsanas-lidzekli-suniem","8":"first","9":"instock","10":"taxable","11":"shipping-taxable","12":"purchasable","13":"product-type-simple"},"yoast_head":"<!-- This site is optimized with the Yoast SEO plugin v27.2 - https:\/\/yoast.com\/product\/yoast-seo-wordpress\/ -->\n<title>Bugalugs Papaijas un Kokosriekstu Arom\u0101ta Kondicionieris Su\u0146iem 500 ml - MiuMjau<\/title>\n<meta name=\"robots\" content=\"index, follow, max-snippet:-1, max-image-preview:large, max-video-preview:-1\" \/>\n<link rel=\"canonical\" href=\"https:\/\/miumjau.ee\/lv\/produkts\/bugalugs-papaijas-un-kokosriekstu-aromata-kondicionieris-suniem-500-ml\/\" \/>\n<meta property=\"og:locale\" content=\"lv_LV\" \/>\n<meta property=\"og:type\" content=\"article\" \/>\n<meta property=\"og:title\" content=\"Bugalugs Papaijas un Kokosriekstu Arom\u0101ta Kondicionieris Su\u0146iem 500 ml - MiuMjau\" \/>\n<meta property=\"og:description\" content=\"Bugalugs papaijas un kokosriekstu kondicionieris su\u0146iem ir ide\u0101ls papildin\u0101jums j\u016bsu su\u0146a kop\u0161anas rut\u012bnai. \u0160is barojo\u0161ais kondicionieris maigi mitrina \u0101du un atjauno apmatojuma sp\u012bdumu ar greznu papaijas un kokosriekstu arom\u0101tu. Dab\u012bg\u0101 sast\u0101va kondicionieris pal\u012bdz c\u012bn\u012bties ar pink\u0101m, vienlaikus mitrinot \u0101du un apmatojumu, lai pan\u0101ktu izcilu sp\u012bdumu. Ide\u0101li piem\u0113rots lieto\u0161anai kop\u0101 ar Bugalugs papaijas un kokosriekstu \u0161amp\u016bnu. Kondicionieris ir bag\u0101ts ar dab\u012bg\u0101m e\u013c\u013c\u0101m un ekstraktiem un ir piem\u0113rots visiem apmatojuma tipiem. T\u0101 barojo\u0161\u0101 formula ir dro\u0161a sausai un jut\u012bgai \u0101dai, padarot apmatojumu z\u012bdaini gludu un sp\u012bd\u012bgu bez taukain\u0101m atliek\u0101m. Lieto\u0161ana: P\u0113c mazg\u0101\u0161anas ar Bugalugs \u0161amp\u016bnu uzkl\u0101jiet bag\u0101t\u012bgu kondicioniera daudzumu no galvas l\u012bdz astei. Iemas\u0113jiet apmatojum\u0101 un atst\u0101jiet iedarboties 3\u20135 min\u016btes. R\u016bp\u012bgi noskalojiet. Piem\u0113rots su\u0146iem no 8 ned\u0113\u013cu vecuma un visiem apmatojuma tipiem. Izvair\u012bties no saskares ar ac\u012bm \u2013 ja tas notiek, r\u016bp\u012bgi skalot ar \u016bdeni. Glab\u0101t b\u0113rniem nepieejam\u0101 viet\u0101. Sast\u0101vs: Aqua, Glycerin, Cetearyl Alcohol, Cetrimonium Chloride, Prunus Amygdalus Dulcis (Mandeles) Oil, Lecithin, Methylpropanediol, Caesalpinia Spinosa Gum, Parfum, Vitis Vinifera (V\u012bnogu) Seed Oil, Caprylyl Glycol, Anhydryl Glycol, Guar Hydroxypropyltrimonium Chloride, Tocopherol, Arginine, Saulespu\u0137u s\u0113klu e\u013c\u013ca, Phenylpropanol, Citric Acid, Sodium Citrate, Cocos Nucifera (Kokosriekstu) Oil, Papaijas Fruit Extract, Auzu kodolu milti, Red\u012bsu saknes fermenta filtr\u0101ts, CI 14700. Ra\u017eot\u0101js: Lakeland Cosmetics\" \/>\n<meta property=\"og:url\" content=\"https:\/\/miumjau.ee\/lv\/produkts\/bugalugs-papaijas-un-kokosriekstu-aromata-kondicionieris-suniem-500-ml\/\" \/>\n<meta property=\"og:site_name\" content=\"MiuMjau\" \/>\n<meta property=\"article:publisher\" content=\"https:\/\/www.facebook.com\/miumjaupood\/\" \/>\n<meta property=\"article:modified_time\" content=\"2026-01-07T19:16:23+00:00\" \/>\n<meta property=\"og:image\" content=\"https:\/\/miumjau.ee\/wp-content\/uploads\/2025\/06\/bugalugs-koerte-palsam-papaia-kookos-500ml3.jpg\" \/>\n\t<meta property=\"og:image:width\" content=\"600\" \/>\n\t<meta property=\"og:image:height\" content=\"800\" \/>\n\t<meta property=\"og:image:type\" content=\"image\/jpeg\" \/>\n<meta name=\"twitter:card\" content=\"summary_large_image\" \/>\n<script type=\"application\/ld+json\" class=\"yoast-schema-graph\">{\"@context\":\"https:\/\/schema.org\",\"@graph\":[{\"@type\":\"WebPage\",\"@id\":\"https:\/\/miumjau.ee\/lv\/produkts\/bugalugs-papaijas-un-kokosriekstu-aromata-kondicionieris-suniem-500-ml\/\",\"url\":\"https:\/\/miumjau.ee\/lv\/produkts\/bugalugs-papaijas-un-kokosriekstu-aromata-kondicionieris-suniem-500-ml\/\",\"name\":\"Bugalugs Papaijas un Kokosriekstu Arom\u0101ta Kondicionieris Su\u0146iem 500 ml - MiuMjau\",\"isPartOf\":{\"@id\":\"https:\/\/miumjau.ee\/#website\"},\"primaryImageOfPage\":{\"@id\":\"https:\/\/miumjau.ee\/lv\/produkts\/bugalugs-papaijas-un-kokosriekstu-aromata-kondicionieris-suniem-500-ml\/#primaryimage\"},\"image\":{\"@id\":\"https:\/\/miumjau.ee\/lv\/produkts\/bugalugs-papaijas-un-kokosriekstu-aromata-kondicionieris-suniem-500-ml\/#primaryimage\"},\"thumbnailUrl\":\"https:\/\/miumjau.ee\/wp-content\/uploads\/2025\/06\/bugalugs-koerte-palsam-papaia-kookos-500ml3.jpg\",\"datePublished\":\"2025-06-18T08:19:28+00:00\",\"dateModified\":\"2026-01-07T19:16:23+00:00\",\"breadcrumb\":{\"@id\":\"https:\/\/miumjau.ee\/lv\/produkts\/bugalugs-papaijas-un-kokosriekstu-aromata-kondicionieris-suniem-500-ml\/#breadcrumb\"},\"inLanguage\":\"lv-LV\",\"potentialAction\":[{\"@type\":\"ReadAction\",\"target\":[\"https:\/\/miumjau.ee\/lv\/produkts\/bugalugs-papaijas-un-kokosriekstu-aromata-kondicionieris-suniem-500-ml\/\"]}]},{\"@type\":\"ImageObject\",\"inLanguage\":\"lv-LV\",\"@id\":\"https:\/\/miumjau.ee\/lv\/produkts\/bugalugs-papaijas-un-kokosriekstu-aromata-kondicionieris-suniem-500-ml\/#primaryimage\",\"url\":\"https:\/\/miumjau.ee\/wp-content\/uploads\/2025\/06\/bugalugs-koerte-palsam-papaia-kookos-500ml3.jpg\",\"contentUrl\":\"https:\/\/miumjau.ee\/wp-content\/uploads\/2025\/06\/bugalugs-koerte-palsam-papaia-kookos-500ml3.jpg\",\"width\":600,\"height\":800},{\"@type\":\"BreadcrumbList\",\"@id\":\"https:\/\/miumjau.ee\/lv\/produkts\/bugalugs-papaijas-un-kokosriekstu-aromata-kondicionieris-suniem-500-ml\/#breadcrumb\",\"itemListElement\":[{\"@type\":\"ListItem\",\"position\":1,\"name\":\"Home\",\"item\":\"https:\/\/miumjau.ee\/lv\/\"},{\"@type\":\"ListItem\",\"position\":2,\"name\":\"Veikals\",\"item\":\"https:\/\/miumjau.ee\/lv\/veikals\/\"},{\"@type\":\"ListItem\",\"position\":3,\"name\":\"Bugalugs Papaijas un Kokosriekstu Arom\u0101ta Kondicionieris Su\u0146iem 500 ml\"}]},{\"@type\":\"WebSite\",\"@id\":\"https:\/\/miumjau.ee\/#website\",\"url\":\"https:\/\/miumjau.ee\/\",\"name\":\"MiuMjau\",\"description\":\"Kraapimispuud kassidele\",\"publisher\":{\"@id\":\"https:\/\/miumjau.ee\/#organization\"},\"potentialAction\":[{\"@type\":\"SearchAction\",\"target\":{\"@type\":\"EntryPoint\",\"urlTemplate\":\"https:\/\/miumjau.ee\/?s={search_term_string}\"},\"query-input\":{\"@type\":\"PropertyValueSpecification\",\"valueRequired\":true,\"valueName\":\"search_term_string\"}}],\"inLanguage\":\"lv-LV\"},{\"@type\":\"Organization\",\"@id\":\"https:\/\/miumjau.ee\/#organization\",\"name\":\"MiuMjau O\u00dc\",\"url\":\"https:\/\/miumjau.ee\/\",\"logo\":{\"@type\":\"ImageObject\",\"inLanguage\":\"lv-LV\",\"@id\":\"https:\/\/miumjau.ee\/#\/schema\/logo\/image\/\",\"url\":\"https:\/\/miumjau.ee\/wp-content\/uploads\/2022\/04\/MiuMjau-logo-kollane.png\",\"contentUrl\":\"https:\/\/miumjau.ee\/wp-content\/uploads\/2022\/04\/MiuMjau-logo-kollane.png\",\"width\":219,\"height\":100,\"caption\":\"MiuMjau O\u00dc\"},\"image\":{\"@id\":\"https:\/\/miumjau.ee\/#\/schema\/logo\/image\/\"},\"sameAs\":[\"https:\/\/www.facebook.com\/miumjaupood\/\"]}]}<\/script>\n<!-- \/ Yoast SEO plugin. -->","yoast_head_json":{"title":"Bugalugs Papaijas un Kokosriekstu Arom\u0101ta Kondicionieris Su\u0146iem 500 ml - MiuMjau","robots":{"index":"index","follow":"follow","max-snippet":"max-snippet:-1","max-image-preview":"max-image-preview:large","max-video-preview":"max-video-preview:-1"},"canonical":"https:\/\/miumjau.ee\/lv\/produkts\/bugalugs-papaijas-un-kokosriekstu-aromata-kondicionieris-suniem-500-ml\/","og_locale":"lv_LV","og_type":"article","og_title":"Bugalugs Papaijas un Kokosriekstu Arom\u0101ta Kondicionieris Su\u0146iem 500 ml - MiuMjau","og_description":"Bugalugs papaijas un kokosriekstu kondicionieris su\u0146iem ir ide\u0101ls papildin\u0101jums j\u016bsu su\u0146a kop\u0161anas rut\u012bnai. \u0160is barojo\u0161ais kondicionieris maigi mitrina \u0101du un atjauno apmatojuma sp\u012bdumu ar greznu papaijas un kokosriekstu arom\u0101tu. Dab\u012bg\u0101 sast\u0101va kondicionieris pal\u012bdz c\u012bn\u012bties ar pink\u0101m, vienlaikus mitrinot \u0101du un apmatojumu, lai pan\u0101ktu izcilu sp\u012bdumu. Ide\u0101li piem\u0113rots lieto\u0161anai kop\u0101 ar Bugalugs papaijas un kokosriekstu \u0161amp\u016bnu. Kondicionieris ir bag\u0101ts ar dab\u012bg\u0101m e\u013c\u013c\u0101m un ekstraktiem un ir piem\u0113rots visiem apmatojuma tipiem. T\u0101 barojo\u0161\u0101 formula ir dro\u0161a sausai un jut\u012bgai \u0101dai, padarot apmatojumu z\u012bdaini gludu un sp\u012bd\u012bgu bez taukain\u0101m atliek\u0101m. Lieto\u0161ana: P\u0113c mazg\u0101\u0161anas ar Bugalugs \u0161amp\u016bnu uzkl\u0101jiet bag\u0101t\u012bgu kondicioniera daudzumu no galvas l\u012bdz astei. Iemas\u0113jiet apmatojum\u0101 un atst\u0101jiet iedarboties 3\u20135 min\u016btes. R\u016bp\u012bgi noskalojiet. Piem\u0113rots su\u0146iem no 8 ned\u0113\u013cu vecuma un visiem apmatojuma tipiem. Izvair\u012bties no saskares ar ac\u012bm \u2013 ja tas notiek, r\u016bp\u012bgi skalot ar \u016bdeni. Glab\u0101t b\u0113rniem nepieejam\u0101 viet\u0101. Sast\u0101vs: Aqua, Glycerin, Cetearyl Alcohol, Cetrimonium Chloride, Prunus Amygdalus Dulcis (Mandeles) Oil, Lecithin, Methylpropanediol, Caesalpinia Spinosa Gum, Parfum, Vitis Vinifera (V\u012bnogu) Seed Oil, Caprylyl Glycol, Anhydryl Glycol, Guar Hydroxypropyltrimonium Chloride, Tocopherol, Arginine, Saulespu\u0137u s\u0113klu e\u013c\u013ca, Phenylpropanol, Citric Acid, Sodium Citrate, Cocos Nucifera (Kokosriekstu) Oil, Papaijas Fruit Extract, Auzu kodolu milti, Red\u012bsu saknes fermenta filtr\u0101ts, CI 14700. Ra\u017eot\u0101js: Lakeland Cosmetics","og_url":"https:\/\/miumjau.ee\/lv\/produkts\/bugalugs-papaijas-un-kokosriekstu-aromata-kondicionieris-suniem-500-ml\/","og_site_name":"MiuMjau","article_publisher":"https:\/\/www.facebook.com\/miumjaupood\/","article_modified_time":"2026-01-07T19:16:23+00:00","og_image":[{"width":600,"height":800,"url":"https:\/\/miumjau.ee\/wp-content\/uploads\/2025\/06\/bugalugs-koerte-palsam-papaia-kookos-500ml3.jpg","type":"image\/jpeg"}],"twitter_card":"summary_large_image","schema":{"@context":"https:\/\/schema.org","@graph":[{"@type":"WebPage","@id":"https:\/\/miumjau.ee\/lv\/produkts\/bugalugs-papaijas-un-kokosriekstu-aromata-kondicionieris-suniem-500-ml\/","url":"https:\/\/miumjau.ee\/lv\/produkts\/bugalugs-papaijas-un-kokosriekstu-aromata-kondicionieris-suniem-500-ml\/","name":"Bugalugs Papaijas un Kokosriekstu Arom\u0101ta Kondicionieris Su\u0146iem 500 ml - MiuMjau","isPartOf":{"@id":"https:\/\/miumjau.ee\/#website"},"primaryImageOfPage":{"@id":"https:\/\/miumjau.ee\/lv\/produkts\/bugalugs-papaijas-un-kokosriekstu-aromata-kondicionieris-suniem-500-ml\/#primaryimage"},"image":{"@id":"https:\/\/miumjau.ee\/lv\/produkts\/bugalugs-papaijas-un-kokosriekstu-aromata-kondicionieris-suniem-500-ml\/#primaryimage"},"thumbnailUrl":"https:\/\/miumjau.ee\/wp-content\/uploads\/2025\/06\/bugalugs-koerte-palsam-papaia-kookos-500ml3.jpg","datePublished":"2025-06-18T08:19:28+00:00","dateModified":"2026-01-07T19:16:23+00:00","breadcrumb":{"@id":"https:\/\/miumjau.ee\/lv\/produkts\/bugalugs-papaijas-un-kokosriekstu-aromata-kondicionieris-suniem-500-ml\/#breadcrumb"},"inLanguage":"lv-LV","potentialAction":[{"@type":"ReadAction","target":["https:\/\/miumjau.ee\/lv\/produkts\/bugalugs-papaijas-un-kokosriekstu-aromata-kondicionieris-suniem-500-ml\/"]}]},{"@type":"ImageObject","inLanguage":"lv-LV","@id":"https:\/\/miumjau.ee\/lv\/produkts\/bugalugs-papaijas-un-kokosriekstu-aromata-kondicionieris-suniem-500-ml\/#primaryimage","url":"https:\/\/miumjau.ee\/wp-content\/uploads\/2025\/06\/bugalugs-koerte-palsam-papaia-kookos-500ml3.jpg","contentUrl":"https:\/\/miumjau.ee\/wp-content\/uploads\/2025\/06\/bugalugs-koerte-palsam-papaia-kookos-500ml3.jpg","width":600,"height":800},{"@type":"BreadcrumbList","@id":"https:\/\/miumjau.ee\/lv\/produkts\/bugalugs-papaijas-un-kokosriekstu-aromata-kondicionieris-suniem-500-ml\/#breadcrumb","itemListElement":[{"@type":"ListItem","position":1,"name":"Home","item":"https:\/\/miumjau.ee\/lv\/"},{"@type":"ListItem","position":2,"name":"Veikals","item":"https:\/\/miumjau.ee\/lv\/veikals\/"},{"@type":"ListItem","position":3,"name":"Bugalugs Papaijas un Kokosriekstu Arom\u0101ta Kondicionieris Su\u0146iem 500 ml"}]},{"@type":"WebSite","@id":"https:\/\/miumjau.ee\/#website","url":"https:\/\/miumjau.ee\/","name":"MiuMjau","description":"Kraapimispuud kassidele","publisher":{"@id":"https:\/\/miumjau.ee\/#organization"},"potentialAction":[{"@type":"SearchAction","target":{"@type":"EntryPoint","urlTemplate":"https:\/\/miumjau.ee\/?s={search_term_string}"},"query-input":{"@type":"PropertyValueSpecification","valueRequired":true,"valueName":"search_term_string"}}],"inLanguage":"lv-LV"},{"@type":"Organization","@id":"https:\/\/miumjau.ee\/#organization","name":"MiuMjau O\u00dc","url":"https:\/\/miumjau.ee\/","logo":{"@type":"ImageObject","inLanguage":"lv-LV","@id":"https:\/\/miumjau.ee\/#\/schema\/logo\/image\/","url":"https:\/\/miumjau.ee\/wp-content\/uploads\/2022\/04\/MiuMjau-logo-kollane.png","contentUrl":"https:\/\/miumjau.ee\/wp-content\/uploads\/2022\/04\/MiuMjau-logo-kollane.png","width":219,"height":100,"caption":"MiuMjau O\u00dc"},"image":{"@id":"https:\/\/miumjau.ee\/#\/schema\/logo\/image\/"},"sameAs":["https:\/\/www.facebook.com\/miumjaupood\/"]}]}},"_links":{"self":[{"href":"https:\/\/miumjau.ee\/lv\/wp-json\/wp\/v2\/product\/49362","targetHints":{"allow":["GET"]}}],"collection":[{"href":"https:\/\/miumjau.ee\/lv\/wp-json\/wp\/v2\/product"}],"about":[{"href":"https:\/\/miumjau.ee\/lv\/wp-json\/wp\/v2\/types\/product"}],"wp:featuredmedia":[{"embeddable":true,"href":"https:\/\/miumjau.ee\/lv\/wp-json\/wp\/v2\/media\/49359"}],"wp:attachment":[{"href":"https:\/\/miumjau.ee\/lv\/wp-json\/wp\/v2\/media?parent=49362"}],"wp:term":[{"taxonomy":"product_brand","embeddable":true,"href":"https:\/\/miumjau.ee\/lv\/wp-json\/wp\/v2\/product_brand?post=49362"},{"taxonomy":"product_cat","embeddable":true,"href":"https:\/\/miumjau.ee\/lv\/wp-json\/wp\/v2\/product_cat?post=49362"},{"taxonomy":"product_tag","embeddable":true,"href":"https:\/\/miumjau.ee\/lv\/wp-json\/wp\/v2\/product_tag?post=49362"}],"curies":[{"name":"wp","href":"https:\/\/api.w.org\/{rel}","templated":true}]}}