{"id":49354,"date":"2025-06-18T11:51:14","date_gmt":"2025-06-18T08:51:14","guid":{"rendered":"https:\/\/miumjau.ee\/toode\/bugalugs-mitrinoss-pret-pinkam-paredzets-sprejs-suniem-200-ml\/"},"modified":"2026-01-07T21:16:23","modified_gmt":"2026-01-07T19:16:23","slug":"bugalugs-mitrinoss-pret-pinkam-paredzets-sprejs-suniem-200-ml","status":"publish","type":"product","link":"https:\/\/miumjau.ee\/lv\/produkts\/bugalugs-mitrinoss-pret-pinkam-paredzets-sprejs-suniem-200-ml\/","title":{"rendered":"Bugalugs Mitrino\u0161s Pret Pink\u0101m Paredz\u0113ts Sprejs Su\u0146iem 200 ml"},"content":{"rendered":"","protected":false},"excerpt":{"rendered":"<p data-start=\"2059\" data-end=\"2267\">Bugalugs mitrino\u0161ais sprejs ir izstr\u0101d\u0101ts, lai savald\u012btu pink\u0101s sapinu\u0161os apmatojumu. Tas atvieglo su\u0146a apmatojuma kop\u0161anu un pie\u0161\u0137ir sp\u012bdumu ar vieglu, maigu, mitrino\u0161u un barojo\u0161u sast\u0101vu ar svaigu arom\u0101tu.<\/p>\n<p data-start=\"2269\" data-end=\"2378\">Pat\u012bkami smar\u017eojo\u0161s, pH l\u012bdzsvarots, pinkas at\u0161\u0137etino\u0161s un kopjo\u0161s sprejs padara apmatojumu z\u012bdainu un gludu.<\/p>\n<p data-start=\"2380\" data-end=\"2736\"><strong data-start=\"2380\" data-end=\"2394\">Lieto\u0161ana:<\/strong><br data-start=\"2394\" data-end=\"2397\" \/><em data-start=\"2397\" data-end=\"2413\">Mitr\u0101m spalv\u0101m<\/em> \u2013 P\u0113c mazg\u0101\u0161anas ar \u0161amp\u016bnu izsmidziniet uz su\u0146a apmatojuma, izvairoties no ac\u012bm, deguna un aus\u012bm. Maigi at\u0161\u0137etiniet ar \u0161\u0137irnei piem\u0113rotu suku. Skalo\u0161ana nav nepiecie\u0161ama.<br data-start=\"2585\" data-end=\"2588\" \/><em data-start=\"2588\" data-end=\"2604\">Saus\u0101m spalv\u0101m<\/em> \u2013 Izsmidziniet tie\u0161i uz saus\u0101 apmatojuma. At\u0161\u0137etiniet mezglus un pinkas, virzoties no galiem uz sakn\u0113m. Skalo\u0161ana nav nepiecie\u0161ama.<\/p>\n<p data-start=\"2738\" data-end=\"2903\"><strong data-start=\"2738\" data-end=\"2750\">Sast\u0101vs:<\/strong> Aqua, Phenoxyethanol, Hydrolyzed Wheat Protein, Tetrimonium Chloride, Tetrasodium Glutamate Diacetate, Citric Acid, Ethylhexylglycerin, Sodium Benzoate.<\/p>\n<p data-start=\"2905\" data-end=\"2937\"><strong data-start=\"2905\" data-end=\"2918\">Ra\u017eot\u0101js:<\/strong> Lakeland Cosmetics<\/p>\n","protected":false},"featured_media":49351,"template":"","meta":[],"product_brand":[],"product_cat":[560],"product_tag":[],"class_list":{"0":"post-49354","1":"product","2":"type-product","3":"status-publish","4":"has-post-thumbnail","6":"product_cat-kopsanas-lidzekli-suniem","8":"first","9":"instock","10":"taxable","11":"shipping-taxable","12":"purchasable","13":"product-type-simple"},"yoast_head":"<!-- This site is optimized with the Yoast SEO plugin v27.2 - https:\/\/yoast.com\/product\/yoast-seo-wordpress\/ -->\n<title>Bugalugs Mitrino\u0161s Pret Pink\u0101m Paredz\u0113ts Sprejs Su\u0146iem 200 ml - MiuMjau<\/title>\n<meta name=\"robots\" content=\"index, follow, max-snippet:-1, max-image-preview:large, max-video-preview:-1\" \/>\n<link rel=\"canonical\" href=\"https:\/\/miumjau.ee\/lv\/produkts\/bugalugs-mitrinoss-pret-pinkam-paredzets-sprejs-suniem-200-ml\/\" \/>\n<meta property=\"og:locale\" content=\"lv_LV\" \/>\n<meta property=\"og:type\" content=\"article\" \/>\n<meta property=\"og:title\" content=\"Bugalugs Mitrino\u0161s Pret Pink\u0101m Paredz\u0113ts Sprejs Su\u0146iem 200 ml - MiuMjau\" \/>\n<meta property=\"og:description\" content=\"Bugalugs mitrino\u0161ais sprejs ir izstr\u0101d\u0101ts, lai savald\u012btu pink\u0101s sapinu\u0161os apmatojumu. Tas atvieglo su\u0146a apmatojuma kop\u0161anu un pie\u0161\u0137ir sp\u012bdumu ar vieglu, maigu, mitrino\u0161u un barojo\u0161u sast\u0101vu ar svaigu arom\u0101tu. Pat\u012bkami smar\u017eojo\u0161s, pH l\u012bdzsvarots, pinkas at\u0161\u0137etino\u0161s un kopjo\u0161s sprejs padara apmatojumu z\u012bdainu un gludu. Lieto\u0161ana:Mitr\u0101m spalv\u0101m \u2013 P\u0113c mazg\u0101\u0161anas ar \u0161amp\u016bnu izsmidziniet uz su\u0146a apmatojuma, izvairoties no ac\u012bm, deguna un aus\u012bm. Maigi at\u0161\u0137etiniet ar \u0161\u0137irnei piem\u0113rotu suku. Skalo\u0161ana nav nepiecie\u0161ama.Saus\u0101m spalv\u0101m \u2013 Izsmidziniet tie\u0161i uz saus\u0101 apmatojuma. At\u0161\u0137etiniet mezglus un pinkas, virzoties no galiem uz sakn\u0113m. Skalo\u0161ana nav nepiecie\u0161ama. Sast\u0101vs: Aqua, Phenoxyethanol, Hydrolyzed Wheat Protein, Tetrimonium Chloride, Tetrasodium Glutamate Diacetate, Citric Acid, Ethylhexylglycerin, Sodium Benzoate. Ra\u017eot\u0101js: Lakeland Cosmetics\" \/>\n<meta property=\"og:url\" content=\"https:\/\/miumjau.ee\/lv\/produkts\/bugalugs-mitrinoss-pret-pinkam-paredzets-sprejs-suniem-200-ml\/\" \/>\n<meta property=\"og:site_name\" content=\"MiuMjau\" \/>\n<meta property=\"article:publisher\" content=\"https:\/\/www.facebook.com\/miumjaupood\/\" \/>\n<meta property=\"article:modified_time\" content=\"2026-01-07T19:16:23+00:00\" \/>\n<meta property=\"og:image\" content=\"https:\/\/miumjau.ee\/wp-content\/uploads\/2025\/06\/bugalugs-niisutav-pusasprei5.jpg\" \/>\n\t<meta property=\"og:image:width\" content=\"600\" \/>\n\t<meta property=\"og:image:height\" content=\"800\" \/>\n\t<meta property=\"og:image:type\" content=\"image\/jpeg\" \/>\n<meta name=\"twitter:card\" content=\"summary_large_image\" \/>\n<script type=\"application\/ld+json\" class=\"yoast-schema-graph\">{\"@context\":\"https:\/\/schema.org\",\"@graph\":[{\"@type\":\"WebPage\",\"@id\":\"https:\/\/miumjau.ee\/lv\/produkts\/bugalugs-mitrinoss-pret-pinkam-paredzets-sprejs-suniem-200-ml\/\",\"url\":\"https:\/\/miumjau.ee\/lv\/produkts\/bugalugs-mitrinoss-pret-pinkam-paredzets-sprejs-suniem-200-ml\/\",\"name\":\"Bugalugs Mitrino\u0161s Pret Pink\u0101m Paredz\u0113ts Sprejs Su\u0146iem 200 ml - MiuMjau\",\"isPartOf\":{\"@id\":\"https:\/\/miumjau.ee\/#website\"},\"primaryImageOfPage\":{\"@id\":\"https:\/\/miumjau.ee\/lv\/produkts\/bugalugs-mitrinoss-pret-pinkam-paredzets-sprejs-suniem-200-ml\/#primaryimage\"},\"image\":{\"@id\":\"https:\/\/miumjau.ee\/lv\/produkts\/bugalugs-mitrinoss-pret-pinkam-paredzets-sprejs-suniem-200-ml\/#primaryimage\"},\"thumbnailUrl\":\"https:\/\/miumjau.ee\/wp-content\/uploads\/2025\/06\/bugalugs-niisutav-pusasprei5.jpg\",\"datePublished\":\"2025-06-18T08:51:14+00:00\",\"dateModified\":\"2026-01-07T19:16:23+00:00\",\"breadcrumb\":{\"@id\":\"https:\/\/miumjau.ee\/lv\/produkts\/bugalugs-mitrinoss-pret-pinkam-paredzets-sprejs-suniem-200-ml\/#breadcrumb\"},\"inLanguage\":\"lv-LV\",\"potentialAction\":[{\"@type\":\"ReadAction\",\"target\":[\"https:\/\/miumjau.ee\/lv\/produkts\/bugalugs-mitrinoss-pret-pinkam-paredzets-sprejs-suniem-200-ml\/\"]}]},{\"@type\":\"ImageObject\",\"inLanguage\":\"lv-LV\",\"@id\":\"https:\/\/miumjau.ee\/lv\/produkts\/bugalugs-mitrinoss-pret-pinkam-paredzets-sprejs-suniem-200-ml\/#primaryimage\",\"url\":\"https:\/\/miumjau.ee\/wp-content\/uploads\/2025\/06\/bugalugs-niisutav-pusasprei5.jpg\",\"contentUrl\":\"https:\/\/miumjau.ee\/wp-content\/uploads\/2025\/06\/bugalugs-niisutav-pusasprei5.jpg\",\"width\":600,\"height\":800},{\"@type\":\"BreadcrumbList\",\"@id\":\"https:\/\/miumjau.ee\/lv\/produkts\/bugalugs-mitrinoss-pret-pinkam-paredzets-sprejs-suniem-200-ml\/#breadcrumb\",\"itemListElement\":[{\"@type\":\"ListItem\",\"position\":1,\"name\":\"Home\",\"item\":\"https:\/\/miumjau.ee\/lv\/\"},{\"@type\":\"ListItem\",\"position\":2,\"name\":\"Veikals\",\"item\":\"https:\/\/miumjau.ee\/lv\/veikals\/\"},{\"@type\":\"ListItem\",\"position\":3,\"name\":\"Bugalugs Mitrino\u0161s Pret Pink\u0101m Paredz\u0113ts Sprejs Su\u0146iem 200 ml\"}]},{\"@type\":\"WebSite\",\"@id\":\"https:\/\/miumjau.ee\/#website\",\"url\":\"https:\/\/miumjau.ee\/\",\"name\":\"MiuMjau\",\"description\":\"Kraapimispuud kassidele\",\"publisher\":{\"@id\":\"https:\/\/miumjau.ee\/#organization\"},\"potentialAction\":[{\"@type\":\"SearchAction\",\"target\":{\"@type\":\"EntryPoint\",\"urlTemplate\":\"https:\/\/miumjau.ee\/?s={search_term_string}\"},\"query-input\":{\"@type\":\"PropertyValueSpecification\",\"valueRequired\":true,\"valueName\":\"search_term_string\"}}],\"inLanguage\":\"lv-LV\"},{\"@type\":\"Organization\",\"@id\":\"https:\/\/miumjau.ee\/#organization\",\"name\":\"MiuMjau O\u00dc\",\"url\":\"https:\/\/miumjau.ee\/\",\"logo\":{\"@type\":\"ImageObject\",\"inLanguage\":\"lv-LV\",\"@id\":\"https:\/\/miumjau.ee\/#\/schema\/logo\/image\/\",\"url\":\"https:\/\/miumjau.ee\/wp-content\/uploads\/2022\/04\/MiuMjau-logo-kollane.png\",\"contentUrl\":\"https:\/\/miumjau.ee\/wp-content\/uploads\/2022\/04\/MiuMjau-logo-kollane.png\",\"width\":219,\"height\":100,\"caption\":\"MiuMjau O\u00dc\"},\"image\":{\"@id\":\"https:\/\/miumjau.ee\/#\/schema\/logo\/image\/\"},\"sameAs\":[\"https:\/\/www.facebook.com\/miumjaupood\/\"]}]}<\/script>\n<!-- \/ Yoast SEO plugin. -->","yoast_head_json":{"title":"Bugalugs Mitrino\u0161s Pret Pink\u0101m Paredz\u0113ts Sprejs Su\u0146iem 200 ml - MiuMjau","robots":{"index":"index","follow":"follow","max-snippet":"max-snippet:-1","max-image-preview":"max-image-preview:large","max-video-preview":"max-video-preview:-1"},"canonical":"https:\/\/miumjau.ee\/lv\/produkts\/bugalugs-mitrinoss-pret-pinkam-paredzets-sprejs-suniem-200-ml\/","og_locale":"lv_LV","og_type":"article","og_title":"Bugalugs Mitrino\u0161s Pret Pink\u0101m Paredz\u0113ts Sprejs Su\u0146iem 200 ml - MiuMjau","og_description":"Bugalugs mitrino\u0161ais sprejs ir izstr\u0101d\u0101ts, lai savald\u012btu pink\u0101s sapinu\u0161os apmatojumu. Tas atvieglo su\u0146a apmatojuma kop\u0161anu un pie\u0161\u0137ir sp\u012bdumu ar vieglu, maigu, mitrino\u0161u un barojo\u0161u sast\u0101vu ar svaigu arom\u0101tu. Pat\u012bkami smar\u017eojo\u0161s, pH l\u012bdzsvarots, pinkas at\u0161\u0137etino\u0161s un kopjo\u0161s sprejs padara apmatojumu z\u012bdainu un gludu. Lieto\u0161ana:Mitr\u0101m spalv\u0101m \u2013 P\u0113c mazg\u0101\u0161anas ar \u0161amp\u016bnu izsmidziniet uz su\u0146a apmatojuma, izvairoties no ac\u012bm, deguna un aus\u012bm. Maigi at\u0161\u0137etiniet ar \u0161\u0137irnei piem\u0113rotu suku. Skalo\u0161ana nav nepiecie\u0161ama.Saus\u0101m spalv\u0101m \u2013 Izsmidziniet tie\u0161i uz saus\u0101 apmatojuma. At\u0161\u0137etiniet mezglus un pinkas, virzoties no galiem uz sakn\u0113m. Skalo\u0161ana nav nepiecie\u0161ama. Sast\u0101vs: Aqua, Phenoxyethanol, Hydrolyzed Wheat Protein, Tetrimonium Chloride, Tetrasodium Glutamate Diacetate, Citric Acid, Ethylhexylglycerin, Sodium Benzoate. Ra\u017eot\u0101js: Lakeland Cosmetics","og_url":"https:\/\/miumjau.ee\/lv\/produkts\/bugalugs-mitrinoss-pret-pinkam-paredzets-sprejs-suniem-200-ml\/","og_site_name":"MiuMjau","article_publisher":"https:\/\/www.facebook.com\/miumjaupood\/","article_modified_time":"2026-01-07T19:16:23+00:00","og_image":[{"width":600,"height":800,"url":"https:\/\/miumjau.ee\/wp-content\/uploads\/2025\/06\/bugalugs-niisutav-pusasprei5.jpg","type":"image\/jpeg"}],"twitter_card":"summary_large_image","schema":{"@context":"https:\/\/schema.org","@graph":[{"@type":"WebPage","@id":"https:\/\/miumjau.ee\/lv\/produkts\/bugalugs-mitrinoss-pret-pinkam-paredzets-sprejs-suniem-200-ml\/","url":"https:\/\/miumjau.ee\/lv\/produkts\/bugalugs-mitrinoss-pret-pinkam-paredzets-sprejs-suniem-200-ml\/","name":"Bugalugs Mitrino\u0161s Pret Pink\u0101m Paredz\u0113ts Sprejs Su\u0146iem 200 ml - MiuMjau","isPartOf":{"@id":"https:\/\/miumjau.ee\/#website"},"primaryImageOfPage":{"@id":"https:\/\/miumjau.ee\/lv\/produkts\/bugalugs-mitrinoss-pret-pinkam-paredzets-sprejs-suniem-200-ml\/#primaryimage"},"image":{"@id":"https:\/\/miumjau.ee\/lv\/produkts\/bugalugs-mitrinoss-pret-pinkam-paredzets-sprejs-suniem-200-ml\/#primaryimage"},"thumbnailUrl":"https:\/\/miumjau.ee\/wp-content\/uploads\/2025\/06\/bugalugs-niisutav-pusasprei5.jpg","datePublished":"2025-06-18T08:51:14+00:00","dateModified":"2026-01-07T19:16:23+00:00","breadcrumb":{"@id":"https:\/\/miumjau.ee\/lv\/produkts\/bugalugs-mitrinoss-pret-pinkam-paredzets-sprejs-suniem-200-ml\/#breadcrumb"},"inLanguage":"lv-LV","potentialAction":[{"@type":"ReadAction","target":["https:\/\/miumjau.ee\/lv\/produkts\/bugalugs-mitrinoss-pret-pinkam-paredzets-sprejs-suniem-200-ml\/"]}]},{"@type":"ImageObject","inLanguage":"lv-LV","@id":"https:\/\/miumjau.ee\/lv\/produkts\/bugalugs-mitrinoss-pret-pinkam-paredzets-sprejs-suniem-200-ml\/#primaryimage","url":"https:\/\/miumjau.ee\/wp-content\/uploads\/2025\/06\/bugalugs-niisutav-pusasprei5.jpg","contentUrl":"https:\/\/miumjau.ee\/wp-content\/uploads\/2025\/06\/bugalugs-niisutav-pusasprei5.jpg","width":600,"height":800},{"@type":"BreadcrumbList","@id":"https:\/\/miumjau.ee\/lv\/produkts\/bugalugs-mitrinoss-pret-pinkam-paredzets-sprejs-suniem-200-ml\/#breadcrumb","itemListElement":[{"@type":"ListItem","position":1,"name":"Home","item":"https:\/\/miumjau.ee\/lv\/"},{"@type":"ListItem","position":2,"name":"Veikals","item":"https:\/\/miumjau.ee\/lv\/veikals\/"},{"@type":"ListItem","position":3,"name":"Bugalugs Mitrino\u0161s Pret Pink\u0101m Paredz\u0113ts Sprejs Su\u0146iem 200 ml"}]},{"@type":"WebSite","@id":"https:\/\/miumjau.ee\/#website","url":"https:\/\/miumjau.ee\/","name":"MiuMjau","description":"Kraapimispuud kassidele","publisher":{"@id":"https:\/\/miumjau.ee\/#organization"},"potentialAction":[{"@type":"SearchAction","target":{"@type":"EntryPoint","urlTemplate":"https:\/\/miumjau.ee\/?s={search_term_string}"},"query-input":{"@type":"PropertyValueSpecification","valueRequired":true,"valueName":"search_term_string"}}],"inLanguage":"lv-LV"},{"@type":"Organization","@id":"https:\/\/miumjau.ee\/#organization","name":"MiuMjau O\u00dc","url":"https:\/\/miumjau.ee\/","logo":{"@type":"ImageObject","inLanguage":"lv-LV","@id":"https:\/\/miumjau.ee\/#\/schema\/logo\/image\/","url":"https:\/\/miumjau.ee\/wp-content\/uploads\/2022\/04\/MiuMjau-logo-kollane.png","contentUrl":"https:\/\/miumjau.ee\/wp-content\/uploads\/2022\/04\/MiuMjau-logo-kollane.png","width":219,"height":100,"caption":"MiuMjau O\u00dc"},"image":{"@id":"https:\/\/miumjau.ee\/#\/schema\/logo\/image\/"},"sameAs":["https:\/\/www.facebook.com\/miumjaupood\/"]}]}},"_links":{"self":[{"href":"https:\/\/miumjau.ee\/lv\/wp-json\/wp\/v2\/product\/49354","targetHints":{"allow":["GET"]}}],"collection":[{"href":"https:\/\/miumjau.ee\/lv\/wp-json\/wp\/v2\/product"}],"about":[{"href":"https:\/\/miumjau.ee\/lv\/wp-json\/wp\/v2\/types\/product"}],"wp:featuredmedia":[{"embeddable":true,"href":"https:\/\/miumjau.ee\/lv\/wp-json\/wp\/v2\/media\/49351"}],"wp:attachment":[{"href":"https:\/\/miumjau.ee\/lv\/wp-json\/wp\/v2\/media?parent=49354"}],"wp:term":[{"taxonomy":"product_brand","embeddable":true,"href":"https:\/\/miumjau.ee\/lv\/wp-json\/wp\/v2\/product_brand?post=49354"},{"taxonomy":"product_cat","embeddable":true,"href":"https:\/\/miumjau.ee\/lv\/wp-json\/wp\/v2\/product_cat?post=49354"},{"taxonomy":"product_tag","embeddable":true,"href":"https:\/\/miumjau.ee\/lv\/wp-json\/wp\/v2\/product_tag?post=49354"}],"curies":[{"name":"wp","href":"https:\/\/api.w.org\/{rel}","templated":true}]}}