{"id":49344,"date":"2025-06-18T11:35:21","date_gmt":"2025-06-18T08:35:21","guid":{"rendered":"https:\/\/miumjau.ee\/toode\/bugalugs-ausu-tirisanas-salvetes-suniem-100-gab\/"},"modified":"2026-01-07T21:16:30","modified_gmt":"2026-01-07T19:16:30","slug":"bugalugs-ausu-tirisanas-salvetes-suniem-100-gab","status":"publish","type":"product","link":"https:\/\/miumjau.ee\/lv\/produkts\/bugalugs-ausu-tirisanas-salvetes-suniem-100-gab\/","title":{"rendered":"Bugalugs Ausu T\u012br\u012b\u0161anas Salvetes Su\u0146iem 100 gab."},"content":{"rendered":"","protected":false},"excerpt":{"rendered":"<p data-start=\"2170\" data-end=\"2471\">Bugalugs ausu t\u012br\u012b\u0161anas salvetes pal\u012bdz uztur\u0113t j\u016bsu su\u0146a ausis t\u012bras un veselas, maigi un efekt\u012bvi not\u012brot net\u012brumus, pateicoties dab\u012bgai sast\u0101vda\u013cu formulai. Iepriek\u0161 samitrin\u0101t\u0101s salvetes ir 100 % biolo\u0123iski no\u0101rd\u0101mas un dro\u0161as ikdienas lieto\u0161anai, pal\u012bdzot mazin\u0101t niezi un veicin\u0101t ausu vesel\u012bbu.<\/p>\n<p data-start=\"2473\" data-end=\"2875\"><strong data-start=\"2473\" data-end=\"2487\">Lieto\u0161ana:<\/strong> Maigi paceliet su\u0146a ausi un uzman\u012bgi not\u012briet ausi no \u0101rpuses un iek\u0161puses. Katrai ausij izmantojiet jaunu salveti un p\u0113c lieto\u0161anas to izmetiet. Ieteicams lietot vismaz reizi ned\u0113\u013c\u0101, lai uztur\u0113tu ausu vesel\u012bbu. Izvair\u012bties no saskares ar ac\u012bm. Ja produkts nok\u013c\u016bst ac\u012bs, r\u016bp\u012bgi skalot ar \u016bdeni un, ja kairin\u0101jums nep\u0101riet, konsult\u0113ties ar veterin\u0101r\u0101rstu. Glab\u0101t b\u0113rniem nepieejam\u0101 viet\u0101.<\/p>\n<p data-start=\"2877\" data-end=\"3050\"><strong data-start=\"2877\" data-end=\"2893\">Sast\u0101vda\u013cas:<\/strong> Aqua, Glycerin, Decyl Glucoside, Bergamotes Leaf Extract, Laima Fruit Extract, Apels\u012bna Fruit Extract, Greipfr\u016bta Extract, Citrona Fruit Extract, Mandar\u012bns.<\/p>\n<p data-start=\"3052\" data-end=\"3084\"><strong data-start=\"3052\" data-end=\"3065\">Ra\u017eot\u0101js:<\/strong> Lakeland Cosmetics<\/p>\n","protected":false},"featured_media":49339,"template":"","meta":[],"product_brand":[],"product_cat":[560],"product_tag":[],"class_list":{"0":"post-49344","1":"product","2":"type-product","3":"status-publish","4":"has-post-thumbnail","6":"product_cat-kopsanas-lidzekli-suniem","8":"first","9":"instock","10":"taxable","11":"shipping-taxable","12":"purchasable","13":"product-type-simple"},"yoast_head":"<!-- This site is optimized with the Yoast SEO plugin v27.2 - https:\/\/yoast.com\/product\/yoast-seo-wordpress\/ -->\n<title>Bugalugs Ausu T\u012br\u012b\u0161anas Salvetes Su\u0146iem 100 gab. - MiuMjau<\/title>\n<meta name=\"robots\" content=\"index, follow, max-snippet:-1, max-image-preview:large, max-video-preview:-1\" \/>\n<link rel=\"canonical\" href=\"https:\/\/miumjau.ee\/lv\/produkts\/bugalugs-ausu-tirisanas-salvetes-suniem-100-gab\/\" \/>\n<meta property=\"og:locale\" content=\"lv_LV\" \/>\n<meta property=\"og:type\" content=\"article\" \/>\n<meta property=\"og:title\" content=\"Bugalugs Ausu T\u012br\u012b\u0161anas Salvetes Su\u0146iem 100 gab. - MiuMjau\" \/>\n<meta property=\"og:description\" content=\"Bugalugs ausu t\u012br\u012b\u0161anas salvetes pal\u012bdz uztur\u0113t j\u016bsu su\u0146a ausis t\u012bras un veselas, maigi un efekt\u012bvi not\u012brot net\u012brumus, pateicoties dab\u012bgai sast\u0101vda\u013cu formulai. Iepriek\u0161 samitrin\u0101t\u0101s salvetes ir 100 % biolo\u0123iski no\u0101rd\u0101mas un dro\u0161as ikdienas lieto\u0161anai, pal\u012bdzot mazin\u0101t niezi un veicin\u0101t ausu vesel\u012bbu. Lieto\u0161ana: Maigi paceliet su\u0146a ausi un uzman\u012bgi not\u012briet ausi no \u0101rpuses un iek\u0161puses. Katrai ausij izmantojiet jaunu salveti un p\u0113c lieto\u0161anas to izmetiet. Ieteicams lietot vismaz reizi ned\u0113\u013c\u0101, lai uztur\u0113tu ausu vesel\u012bbu. Izvair\u012bties no saskares ar ac\u012bm. Ja produkts nok\u013c\u016bst ac\u012bs, r\u016bp\u012bgi skalot ar \u016bdeni un, ja kairin\u0101jums nep\u0101riet, konsult\u0113ties ar veterin\u0101r\u0101rstu. Glab\u0101t b\u0113rniem nepieejam\u0101 viet\u0101. Sast\u0101vda\u013cas: Aqua, Glycerin, Decyl Glucoside, Bergamotes Leaf Extract, Laima Fruit Extract, Apels\u012bna Fruit Extract, Greipfr\u016bta Extract, Citrona Fruit Extract, Mandar\u012bns. Ra\u017eot\u0101js: Lakeland Cosmetics\" \/>\n<meta property=\"og:url\" content=\"https:\/\/miumjau.ee\/lv\/produkts\/bugalugs-ausu-tirisanas-salvetes-suniem-100-gab\/\" \/>\n<meta property=\"og:site_name\" content=\"MiuMjau\" \/>\n<meta property=\"article:publisher\" content=\"https:\/\/www.facebook.com\/miumjaupood\/\" \/>\n<meta property=\"article:modified_time\" content=\"2026-01-07T19:16:30+00:00\" \/>\n<meta property=\"og:image\" content=\"https:\/\/miumjau.ee\/wp-content\/uploads\/2025\/06\/bugalugs-korvade-puhastuslapid-100tk2.jpg\" \/>\n\t<meta property=\"og:image:width\" content=\"600\" \/>\n\t<meta property=\"og:image:height\" content=\"800\" \/>\n\t<meta property=\"og:image:type\" content=\"image\/jpeg\" \/>\n<meta name=\"twitter:card\" content=\"summary_large_image\" \/>\n<script type=\"application\/ld+json\" class=\"yoast-schema-graph\">{\"@context\":\"https:\/\/schema.org\",\"@graph\":[{\"@type\":\"WebPage\",\"@id\":\"https:\/\/miumjau.ee\/lv\/produkts\/bugalugs-ausu-tirisanas-salvetes-suniem-100-gab\/\",\"url\":\"https:\/\/miumjau.ee\/lv\/produkts\/bugalugs-ausu-tirisanas-salvetes-suniem-100-gab\/\",\"name\":\"Bugalugs Ausu T\u012br\u012b\u0161anas Salvetes Su\u0146iem 100 gab. - MiuMjau\",\"isPartOf\":{\"@id\":\"https:\/\/miumjau.ee\/#website\"},\"primaryImageOfPage\":{\"@id\":\"https:\/\/miumjau.ee\/lv\/produkts\/bugalugs-ausu-tirisanas-salvetes-suniem-100-gab\/#primaryimage\"},\"image\":{\"@id\":\"https:\/\/miumjau.ee\/lv\/produkts\/bugalugs-ausu-tirisanas-salvetes-suniem-100-gab\/#primaryimage\"},\"thumbnailUrl\":\"https:\/\/miumjau.ee\/wp-content\/uploads\/2025\/06\/bugalugs-korvade-puhastuslapid-100tk2.jpg\",\"datePublished\":\"2025-06-18T08:35:21+00:00\",\"dateModified\":\"2026-01-07T19:16:30+00:00\",\"breadcrumb\":{\"@id\":\"https:\/\/miumjau.ee\/lv\/produkts\/bugalugs-ausu-tirisanas-salvetes-suniem-100-gab\/#breadcrumb\"},\"inLanguage\":\"lv-LV\",\"potentialAction\":[{\"@type\":\"ReadAction\",\"target\":[\"https:\/\/miumjau.ee\/lv\/produkts\/bugalugs-ausu-tirisanas-salvetes-suniem-100-gab\/\"]}]},{\"@type\":\"ImageObject\",\"inLanguage\":\"lv-LV\",\"@id\":\"https:\/\/miumjau.ee\/lv\/produkts\/bugalugs-ausu-tirisanas-salvetes-suniem-100-gab\/#primaryimage\",\"url\":\"https:\/\/miumjau.ee\/wp-content\/uploads\/2025\/06\/bugalugs-korvade-puhastuslapid-100tk2.jpg\",\"contentUrl\":\"https:\/\/miumjau.ee\/wp-content\/uploads\/2025\/06\/bugalugs-korvade-puhastuslapid-100tk2.jpg\",\"width\":600,\"height\":800},{\"@type\":\"BreadcrumbList\",\"@id\":\"https:\/\/miumjau.ee\/lv\/produkts\/bugalugs-ausu-tirisanas-salvetes-suniem-100-gab\/#breadcrumb\",\"itemListElement\":[{\"@type\":\"ListItem\",\"position\":1,\"name\":\"Home\",\"item\":\"https:\/\/miumjau.ee\/lv\/\"},{\"@type\":\"ListItem\",\"position\":2,\"name\":\"Veikals\",\"item\":\"https:\/\/miumjau.ee\/lv\/veikals\/\"},{\"@type\":\"ListItem\",\"position\":3,\"name\":\"Bugalugs Ausu T\u012br\u012b\u0161anas Salvetes Su\u0146iem 100 gab.\"}]},{\"@type\":\"WebSite\",\"@id\":\"https:\/\/miumjau.ee\/#website\",\"url\":\"https:\/\/miumjau.ee\/\",\"name\":\"MiuMjau\",\"description\":\"Kraapimispuud kassidele\",\"publisher\":{\"@id\":\"https:\/\/miumjau.ee\/#organization\"},\"potentialAction\":[{\"@type\":\"SearchAction\",\"target\":{\"@type\":\"EntryPoint\",\"urlTemplate\":\"https:\/\/miumjau.ee\/?s={search_term_string}\"},\"query-input\":{\"@type\":\"PropertyValueSpecification\",\"valueRequired\":true,\"valueName\":\"search_term_string\"}}],\"inLanguage\":\"lv-LV\"},{\"@type\":\"Organization\",\"@id\":\"https:\/\/miumjau.ee\/#organization\",\"name\":\"MiuMjau O\u00dc\",\"url\":\"https:\/\/miumjau.ee\/\",\"logo\":{\"@type\":\"ImageObject\",\"inLanguage\":\"lv-LV\",\"@id\":\"https:\/\/miumjau.ee\/#\/schema\/logo\/image\/\",\"url\":\"https:\/\/miumjau.ee\/wp-content\/uploads\/2022\/04\/MiuMjau-logo-kollane.png\",\"contentUrl\":\"https:\/\/miumjau.ee\/wp-content\/uploads\/2022\/04\/MiuMjau-logo-kollane.png\",\"width\":219,\"height\":100,\"caption\":\"MiuMjau O\u00dc\"},\"image\":{\"@id\":\"https:\/\/miumjau.ee\/#\/schema\/logo\/image\/\"},\"sameAs\":[\"https:\/\/www.facebook.com\/miumjaupood\/\"]}]}<\/script>\n<!-- \/ Yoast SEO plugin. -->","yoast_head_json":{"title":"Bugalugs Ausu T\u012br\u012b\u0161anas Salvetes Su\u0146iem 100 gab. - MiuMjau","robots":{"index":"index","follow":"follow","max-snippet":"max-snippet:-1","max-image-preview":"max-image-preview:large","max-video-preview":"max-video-preview:-1"},"canonical":"https:\/\/miumjau.ee\/lv\/produkts\/bugalugs-ausu-tirisanas-salvetes-suniem-100-gab\/","og_locale":"lv_LV","og_type":"article","og_title":"Bugalugs Ausu T\u012br\u012b\u0161anas Salvetes Su\u0146iem 100 gab. - MiuMjau","og_description":"Bugalugs ausu t\u012br\u012b\u0161anas salvetes pal\u012bdz uztur\u0113t j\u016bsu su\u0146a ausis t\u012bras un veselas, maigi un efekt\u012bvi not\u012brot net\u012brumus, pateicoties dab\u012bgai sast\u0101vda\u013cu formulai. Iepriek\u0161 samitrin\u0101t\u0101s salvetes ir 100 % biolo\u0123iski no\u0101rd\u0101mas un dro\u0161as ikdienas lieto\u0161anai, pal\u012bdzot mazin\u0101t niezi un veicin\u0101t ausu vesel\u012bbu. Lieto\u0161ana: Maigi paceliet su\u0146a ausi un uzman\u012bgi not\u012briet ausi no \u0101rpuses un iek\u0161puses. Katrai ausij izmantojiet jaunu salveti un p\u0113c lieto\u0161anas to izmetiet. Ieteicams lietot vismaz reizi ned\u0113\u013c\u0101, lai uztur\u0113tu ausu vesel\u012bbu. Izvair\u012bties no saskares ar ac\u012bm. Ja produkts nok\u013c\u016bst ac\u012bs, r\u016bp\u012bgi skalot ar \u016bdeni un, ja kairin\u0101jums nep\u0101riet, konsult\u0113ties ar veterin\u0101r\u0101rstu. Glab\u0101t b\u0113rniem nepieejam\u0101 viet\u0101. Sast\u0101vda\u013cas: Aqua, Glycerin, Decyl Glucoside, Bergamotes Leaf Extract, Laima Fruit Extract, Apels\u012bna Fruit Extract, Greipfr\u016bta Extract, Citrona Fruit Extract, Mandar\u012bns. Ra\u017eot\u0101js: Lakeland Cosmetics","og_url":"https:\/\/miumjau.ee\/lv\/produkts\/bugalugs-ausu-tirisanas-salvetes-suniem-100-gab\/","og_site_name":"MiuMjau","article_publisher":"https:\/\/www.facebook.com\/miumjaupood\/","article_modified_time":"2026-01-07T19:16:30+00:00","og_image":[{"width":600,"height":800,"url":"https:\/\/miumjau.ee\/wp-content\/uploads\/2025\/06\/bugalugs-korvade-puhastuslapid-100tk2.jpg","type":"image\/jpeg"}],"twitter_card":"summary_large_image","schema":{"@context":"https:\/\/schema.org","@graph":[{"@type":"WebPage","@id":"https:\/\/miumjau.ee\/lv\/produkts\/bugalugs-ausu-tirisanas-salvetes-suniem-100-gab\/","url":"https:\/\/miumjau.ee\/lv\/produkts\/bugalugs-ausu-tirisanas-salvetes-suniem-100-gab\/","name":"Bugalugs Ausu T\u012br\u012b\u0161anas Salvetes Su\u0146iem 100 gab. - MiuMjau","isPartOf":{"@id":"https:\/\/miumjau.ee\/#website"},"primaryImageOfPage":{"@id":"https:\/\/miumjau.ee\/lv\/produkts\/bugalugs-ausu-tirisanas-salvetes-suniem-100-gab\/#primaryimage"},"image":{"@id":"https:\/\/miumjau.ee\/lv\/produkts\/bugalugs-ausu-tirisanas-salvetes-suniem-100-gab\/#primaryimage"},"thumbnailUrl":"https:\/\/miumjau.ee\/wp-content\/uploads\/2025\/06\/bugalugs-korvade-puhastuslapid-100tk2.jpg","datePublished":"2025-06-18T08:35:21+00:00","dateModified":"2026-01-07T19:16:30+00:00","breadcrumb":{"@id":"https:\/\/miumjau.ee\/lv\/produkts\/bugalugs-ausu-tirisanas-salvetes-suniem-100-gab\/#breadcrumb"},"inLanguage":"lv-LV","potentialAction":[{"@type":"ReadAction","target":["https:\/\/miumjau.ee\/lv\/produkts\/bugalugs-ausu-tirisanas-salvetes-suniem-100-gab\/"]}]},{"@type":"ImageObject","inLanguage":"lv-LV","@id":"https:\/\/miumjau.ee\/lv\/produkts\/bugalugs-ausu-tirisanas-salvetes-suniem-100-gab\/#primaryimage","url":"https:\/\/miumjau.ee\/wp-content\/uploads\/2025\/06\/bugalugs-korvade-puhastuslapid-100tk2.jpg","contentUrl":"https:\/\/miumjau.ee\/wp-content\/uploads\/2025\/06\/bugalugs-korvade-puhastuslapid-100tk2.jpg","width":600,"height":800},{"@type":"BreadcrumbList","@id":"https:\/\/miumjau.ee\/lv\/produkts\/bugalugs-ausu-tirisanas-salvetes-suniem-100-gab\/#breadcrumb","itemListElement":[{"@type":"ListItem","position":1,"name":"Home","item":"https:\/\/miumjau.ee\/lv\/"},{"@type":"ListItem","position":2,"name":"Veikals","item":"https:\/\/miumjau.ee\/lv\/veikals\/"},{"@type":"ListItem","position":3,"name":"Bugalugs Ausu T\u012br\u012b\u0161anas Salvetes Su\u0146iem 100 gab."}]},{"@type":"WebSite","@id":"https:\/\/miumjau.ee\/#website","url":"https:\/\/miumjau.ee\/","name":"MiuMjau","description":"Kraapimispuud kassidele","publisher":{"@id":"https:\/\/miumjau.ee\/#organization"},"potentialAction":[{"@type":"SearchAction","target":{"@type":"EntryPoint","urlTemplate":"https:\/\/miumjau.ee\/?s={search_term_string}"},"query-input":{"@type":"PropertyValueSpecification","valueRequired":true,"valueName":"search_term_string"}}],"inLanguage":"lv-LV"},{"@type":"Organization","@id":"https:\/\/miumjau.ee\/#organization","name":"MiuMjau O\u00dc","url":"https:\/\/miumjau.ee\/","logo":{"@type":"ImageObject","inLanguage":"lv-LV","@id":"https:\/\/miumjau.ee\/#\/schema\/logo\/image\/","url":"https:\/\/miumjau.ee\/wp-content\/uploads\/2022\/04\/MiuMjau-logo-kollane.png","contentUrl":"https:\/\/miumjau.ee\/wp-content\/uploads\/2022\/04\/MiuMjau-logo-kollane.png","width":219,"height":100,"caption":"MiuMjau O\u00dc"},"image":{"@id":"https:\/\/miumjau.ee\/#\/schema\/logo\/image\/"},"sameAs":["https:\/\/www.facebook.com\/miumjaupood\/"]}]}},"_links":{"self":[{"href":"https:\/\/miumjau.ee\/lv\/wp-json\/wp\/v2\/product\/49344","targetHints":{"allow":["GET"]}}],"collection":[{"href":"https:\/\/miumjau.ee\/lv\/wp-json\/wp\/v2\/product"}],"about":[{"href":"https:\/\/miumjau.ee\/lv\/wp-json\/wp\/v2\/types\/product"}],"wp:featuredmedia":[{"embeddable":true,"href":"https:\/\/miumjau.ee\/lv\/wp-json\/wp\/v2\/media\/49339"}],"wp:attachment":[{"href":"https:\/\/miumjau.ee\/lv\/wp-json\/wp\/v2\/media?parent=49344"}],"wp:term":[{"taxonomy":"product_brand","embeddable":true,"href":"https:\/\/miumjau.ee\/lv\/wp-json\/wp\/v2\/product_brand?post=49344"},{"taxonomy":"product_cat","embeddable":true,"href":"https:\/\/miumjau.ee\/lv\/wp-json\/wp\/v2\/product_cat?post=49344"},{"taxonomy":"product_tag","embeddable":true,"href":"https:\/\/miumjau.ee\/lv\/wp-json\/wp\/v2\/product_tag?post=49344"}],"curies":[{"name":"wp","href":"https:\/\/api.w.org\/{rel}","templated":true}]}}