{"id":49332,"date":"2025-06-18T12:00:47","date_gmt":"2025-06-18T09:00:47","guid":{"rendered":"https:\/\/miumjau.ee\/toode\/bugalugs-one-in-a-million-pret-pinkam-paredzets-sprejs-suniem-200-ml\/"},"modified":"2026-01-07T21:16:30","modified_gmt":"2026-01-07T19:16:30","slug":"bugalugs-one-in-a-million-pret-pinkam-paredzets-sprejs-suniem-200-ml","status":"publish","type":"product","link":"https:\/\/miumjau.ee\/lv\/produkts\/bugalugs-one-in-a-million-pret-pinkam-paredzets-sprejs-suniem-200-ml\/","title":{"rendered":"Bugalugs One in a Million Pret Pink\u0101m Paredz\u0113ts Sprejs Su\u0146iem 200 ml"},"content":{"rendered":"","protected":false},"excerpt":{"rendered":"<p data-start=\"3394\" data-end=\"3579\">Bugalugs sprejs ir izstr\u0101d\u0101ts, lai savald\u012btu pink\u0101s sapinu\u0161os apmatojumu. Tas atvieglo su\u0146a kop\u0161anu un pie\u0161\u0137ir sp\u012bdumu ar vieglu, maigu, mitrino\u0161u un barojo\u0161u sast\u0101vu ar svaigu arom\u0101tu.<\/p>\n<p data-start=\"3581\" data-end=\"3775\">Pat\u012bkami smar\u017eojo\u0161s, pH l\u012bdzsvarots, pinkas at\u0161\u0137etino\u0161s un kopjo\u0161s sprejs padara apmatojumu z\u012bdainu un gludu. Dab\u012bgais sast\u0101vs nesatur alkoholu, parab\u0113nus, silikonus, SLES, SLS, DEA vai enz\u012bmus.<\/p>\n<p data-start=\"3777\" data-end=\"3976\">Satur kvie\u0161u prote\u012bnu, kas iek\u013c\u016bst spalv\u0101, pal\u012bdzot to atjaunot, restruktur\u0113t un aizsarg\u0101t no iek\u0161puses. Kvie\u0161u prote\u012bns padara apmatojumu \u012bpa\u0161i gludu un izveido aizsargk\u0101rti\u0146u pret ikdienas ietekmi.<\/p>\n<p data-start=\"3978\" data-end=\"4179\">Pretpinkas sprejs pal\u012bdz no\u0146emt mezglus un sav\u0113lumus no su\u0146a apmatojuma. Regul\u0101ri lietojot, tas var pal\u012bdz\u0113t nov\u0113rst jaunu pinku veido\u0161anos. Piem\u0113rots vis\u0101m \u0161\u0137irn\u0113m, k\u0101 ar\u012b lietojams ka\u0137iem un zirgiem.<\/p>\n<p data-start=\"4181\" data-end=\"4536\"><strong data-start=\"4181\" data-end=\"4195\">Lieto\u0161ana:<\/strong><br data-start=\"4195\" data-end=\"4198\" \/><em data-start=\"4198\" data-end=\"4214\">Mitr\u0101m spalv\u0101m<\/em> \u2013 P\u0113c mazg\u0101\u0161anas ar \u0161amp\u016bnu izsmidziniet uz su\u0146a apmatojuma, izvairoties no ac\u012bm, deguna un aus\u012bm. Maigi at\u0161\u0137etiniet ar \u0161\u0137irnei piem\u0113rotu suku. Skalo\u0161ana nav nepiecie\u0161ama.<br data-start=\"4386\" data-end=\"4389\" \/><em data-start=\"4389\" data-end=\"4405\">Saus\u0101m spalv\u0101m<\/em> \u2013 Izsmidziniet tie\u0161i uz saus\u0101 apmatojuma. At\u0161\u0137etiniet mezglus, s\u0101kot no galiem un virzoties uz sakn\u0113m. Skalo\u0161ana nav nepiecie\u0161ama.<\/p>\n<p data-start=\"4538\" data-end=\"4818\"><strong data-start=\"4538\" data-end=\"4550\">Sast\u0101vs:<\/strong> Aqua, Polysorbate 20, Phenoxyethanol, Hydrolyzed Wheat Protein, Parfum, Tetrimonium Chloride, Tetrasodium Glutamate Diacetate, Ethylhexylglycerin, Citronellol, Citric Acid, Sodium Benzoate, Alpha-Isomethyl Ionone, Coumarin, Linalool, Hexyl Cinnamal, Benzyl Cinnamate.<\/p>\n<p data-start=\"4820\" data-end=\"4852\"><strong data-start=\"4820\" data-end=\"4833\">Ra\u017eot\u0101js:<\/strong> Lakeland Cosmetics<\/p>\n","protected":false},"featured_media":49328,"template":"","meta":[],"product_brand":[],"product_cat":[560],"product_tag":[],"class_list":{"0":"post-49332","1":"product","2":"type-product","3":"status-publish","4":"has-post-thumbnail","6":"product_cat-kopsanas-lidzekli-suniem","8":"first","9":"instock","10":"taxable","11":"shipping-taxable","12":"purchasable","13":"product-type-simple"},"yoast_head":"<!-- This site is optimized with the Yoast SEO plugin v27.2 - https:\/\/yoast.com\/product\/yoast-seo-wordpress\/ -->\n<title>Bugalugs One in a Million Pret Pink\u0101m Paredz\u0113ts Sprejs Su\u0146iem 200 ml - MiuMjau<\/title>\n<meta name=\"robots\" content=\"index, follow, max-snippet:-1, max-image-preview:large, max-video-preview:-1\" \/>\n<link rel=\"canonical\" href=\"https:\/\/miumjau.ee\/lv\/produkts\/bugalugs-one-in-a-million-pret-pinkam-paredzets-sprejs-suniem-200-ml\/\" \/>\n<meta property=\"og:locale\" content=\"lv_LV\" \/>\n<meta property=\"og:type\" content=\"article\" \/>\n<meta property=\"og:title\" content=\"Bugalugs One in a Million Pret Pink\u0101m Paredz\u0113ts Sprejs Su\u0146iem 200 ml - MiuMjau\" \/>\n<meta property=\"og:description\" content=\"Bugalugs sprejs ir izstr\u0101d\u0101ts, lai savald\u012btu pink\u0101s sapinu\u0161os apmatojumu. Tas atvieglo su\u0146a kop\u0161anu un pie\u0161\u0137ir sp\u012bdumu ar vieglu, maigu, mitrino\u0161u un barojo\u0161u sast\u0101vu ar svaigu arom\u0101tu. Pat\u012bkami smar\u017eojo\u0161s, pH l\u012bdzsvarots, pinkas at\u0161\u0137etino\u0161s un kopjo\u0161s sprejs padara apmatojumu z\u012bdainu un gludu. Dab\u012bgais sast\u0101vs nesatur alkoholu, parab\u0113nus, silikonus, SLES, SLS, DEA vai enz\u012bmus. Satur kvie\u0161u prote\u012bnu, kas iek\u013c\u016bst spalv\u0101, pal\u012bdzot to atjaunot, restruktur\u0113t un aizsarg\u0101t no iek\u0161puses. Kvie\u0161u prote\u012bns padara apmatojumu \u012bpa\u0161i gludu un izveido aizsargk\u0101rti\u0146u pret ikdienas ietekmi. Pretpinkas sprejs pal\u012bdz no\u0146emt mezglus un sav\u0113lumus no su\u0146a apmatojuma. Regul\u0101ri lietojot, tas var pal\u012bdz\u0113t nov\u0113rst jaunu pinku veido\u0161anos. Piem\u0113rots vis\u0101m \u0161\u0137irn\u0113m, k\u0101 ar\u012b lietojams ka\u0137iem un zirgiem. Lieto\u0161ana:Mitr\u0101m spalv\u0101m \u2013 P\u0113c mazg\u0101\u0161anas ar \u0161amp\u016bnu izsmidziniet uz su\u0146a apmatojuma, izvairoties no ac\u012bm, deguna un aus\u012bm. Maigi at\u0161\u0137etiniet ar \u0161\u0137irnei piem\u0113rotu suku. Skalo\u0161ana nav nepiecie\u0161ama.Saus\u0101m spalv\u0101m \u2013 Izsmidziniet tie\u0161i uz saus\u0101 apmatojuma. At\u0161\u0137etiniet mezglus, s\u0101kot no galiem un virzoties uz sakn\u0113m. Skalo\u0161ana nav nepiecie\u0161ama. Sast\u0101vs: Aqua, Polysorbate 20, Phenoxyethanol, Hydrolyzed Wheat Protein, Parfum, Tetrimonium Chloride, Tetrasodium Glutamate Diacetate, Ethylhexylglycerin, Citronellol, Citric Acid, Sodium Benzoate, Alpha-Isomethyl Ionone, Coumarin, Linalool, Hexyl Cinnamal, Benzyl Cinnamate. Ra\u017eot\u0101js: Lakeland Cosmetics\" \/>\n<meta property=\"og:url\" content=\"https:\/\/miumjau.ee\/lv\/produkts\/bugalugs-one-in-a-million-pret-pinkam-paredzets-sprejs-suniem-200-ml\/\" \/>\n<meta property=\"og:site_name\" content=\"MiuMjau\" \/>\n<meta property=\"article:publisher\" content=\"https:\/\/www.facebook.com\/miumjaupood\/\" \/>\n<meta property=\"article:modified_time\" content=\"2026-01-07T19:16:30+00:00\" \/>\n<meta property=\"og:image\" content=\"https:\/\/miumjau.ee\/wp-content\/uploads\/2025\/06\/bugalugs-pusasprei-oneinamillion.jpg\" \/>\n\t<meta property=\"og:image:width\" content=\"600\" \/>\n\t<meta property=\"og:image:height\" content=\"800\" \/>\n\t<meta property=\"og:image:type\" content=\"image\/jpeg\" \/>\n<meta name=\"twitter:card\" content=\"summary_large_image\" \/>\n<script type=\"application\/ld+json\" class=\"yoast-schema-graph\">{\"@context\":\"https:\/\/schema.org\",\"@graph\":[{\"@type\":\"WebPage\",\"@id\":\"https:\/\/miumjau.ee\/lv\/produkts\/bugalugs-one-in-a-million-pret-pinkam-paredzets-sprejs-suniem-200-ml\/\",\"url\":\"https:\/\/miumjau.ee\/lv\/produkts\/bugalugs-one-in-a-million-pret-pinkam-paredzets-sprejs-suniem-200-ml\/\",\"name\":\"Bugalugs One in a Million Pret Pink\u0101m Paredz\u0113ts Sprejs Su\u0146iem 200 ml - MiuMjau\",\"isPartOf\":{\"@id\":\"https:\/\/miumjau.ee\/#website\"},\"primaryImageOfPage\":{\"@id\":\"https:\/\/miumjau.ee\/lv\/produkts\/bugalugs-one-in-a-million-pret-pinkam-paredzets-sprejs-suniem-200-ml\/#primaryimage\"},\"image\":{\"@id\":\"https:\/\/miumjau.ee\/lv\/produkts\/bugalugs-one-in-a-million-pret-pinkam-paredzets-sprejs-suniem-200-ml\/#primaryimage\"},\"thumbnailUrl\":\"https:\/\/miumjau.ee\/wp-content\/uploads\/2025\/06\/bugalugs-pusasprei-oneinamillion.jpg\",\"datePublished\":\"2025-06-18T09:00:47+00:00\",\"dateModified\":\"2026-01-07T19:16:30+00:00\",\"breadcrumb\":{\"@id\":\"https:\/\/miumjau.ee\/lv\/produkts\/bugalugs-one-in-a-million-pret-pinkam-paredzets-sprejs-suniem-200-ml\/#breadcrumb\"},\"inLanguage\":\"lv-LV\",\"potentialAction\":[{\"@type\":\"ReadAction\",\"target\":[\"https:\/\/miumjau.ee\/lv\/produkts\/bugalugs-one-in-a-million-pret-pinkam-paredzets-sprejs-suniem-200-ml\/\"]}]},{\"@type\":\"ImageObject\",\"inLanguage\":\"lv-LV\",\"@id\":\"https:\/\/miumjau.ee\/lv\/produkts\/bugalugs-one-in-a-million-pret-pinkam-paredzets-sprejs-suniem-200-ml\/#primaryimage\",\"url\":\"https:\/\/miumjau.ee\/wp-content\/uploads\/2025\/06\/bugalugs-pusasprei-oneinamillion.jpg\",\"contentUrl\":\"https:\/\/miumjau.ee\/wp-content\/uploads\/2025\/06\/bugalugs-pusasprei-oneinamillion.jpg\",\"width\":600,\"height\":800},{\"@type\":\"BreadcrumbList\",\"@id\":\"https:\/\/miumjau.ee\/lv\/produkts\/bugalugs-one-in-a-million-pret-pinkam-paredzets-sprejs-suniem-200-ml\/#breadcrumb\",\"itemListElement\":[{\"@type\":\"ListItem\",\"position\":1,\"name\":\"Home\",\"item\":\"https:\/\/miumjau.ee\/lv\/\"},{\"@type\":\"ListItem\",\"position\":2,\"name\":\"Veikals\",\"item\":\"https:\/\/miumjau.ee\/lv\/veikals\/\"},{\"@type\":\"ListItem\",\"position\":3,\"name\":\"Bugalugs One in a Million Pret Pink\u0101m Paredz\u0113ts Sprejs Su\u0146iem 200 ml\"}]},{\"@type\":\"WebSite\",\"@id\":\"https:\/\/miumjau.ee\/#website\",\"url\":\"https:\/\/miumjau.ee\/\",\"name\":\"MiuMjau\",\"description\":\"Kraapimispuud kassidele\",\"publisher\":{\"@id\":\"https:\/\/miumjau.ee\/#organization\"},\"potentialAction\":[{\"@type\":\"SearchAction\",\"target\":{\"@type\":\"EntryPoint\",\"urlTemplate\":\"https:\/\/miumjau.ee\/?s={search_term_string}\"},\"query-input\":{\"@type\":\"PropertyValueSpecification\",\"valueRequired\":true,\"valueName\":\"search_term_string\"}}],\"inLanguage\":\"lv-LV\"},{\"@type\":\"Organization\",\"@id\":\"https:\/\/miumjau.ee\/#organization\",\"name\":\"MiuMjau O\u00dc\",\"url\":\"https:\/\/miumjau.ee\/\",\"logo\":{\"@type\":\"ImageObject\",\"inLanguage\":\"lv-LV\",\"@id\":\"https:\/\/miumjau.ee\/#\/schema\/logo\/image\/\",\"url\":\"https:\/\/miumjau.ee\/wp-content\/uploads\/2022\/04\/MiuMjau-logo-kollane.png\",\"contentUrl\":\"https:\/\/miumjau.ee\/wp-content\/uploads\/2022\/04\/MiuMjau-logo-kollane.png\",\"width\":219,\"height\":100,\"caption\":\"MiuMjau O\u00dc\"},\"image\":{\"@id\":\"https:\/\/miumjau.ee\/#\/schema\/logo\/image\/\"},\"sameAs\":[\"https:\/\/www.facebook.com\/miumjaupood\/\"]}]}<\/script>\n<!-- \/ Yoast SEO plugin. -->","yoast_head_json":{"title":"Bugalugs One in a Million Pret Pink\u0101m Paredz\u0113ts Sprejs Su\u0146iem 200 ml - MiuMjau","robots":{"index":"index","follow":"follow","max-snippet":"max-snippet:-1","max-image-preview":"max-image-preview:large","max-video-preview":"max-video-preview:-1"},"canonical":"https:\/\/miumjau.ee\/lv\/produkts\/bugalugs-one-in-a-million-pret-pinkam-paredzets-sprejs-suniem-200-ml\/","og_locale":"lv_LV","og_type":"article","og_title":"Bugalugs One in a Million Pret Pink\u0101m Paredz\u0113ts Sprejs Su\u0146iem 200 ml - MiuMjau","og_description":"Bugalugs sprejs ir izstr\u0101d\u0101ts, lai savald\u012btu pink\u0101s sapinu\u0161os apmatojumu. Tas atvieglo su\u0146a kop\u0161anu un pie\u0161\u0137ir sp\u012bdumu ar vieglu, maigu, mitrino\u0161u un barojo\u0161u sast\u0101vu ar svaigu arom\u0101tu. Pat\u012bkami smar\u017eojo\u0161s, pH l\u012bdzsvarots, pinkas at\u0161\u0137etino\u0161s un kopjo\u0161s sprejs padara apmatojumu z\u012bdainu un gludu. Dab\u012bgais sast\u0101vs nesatur alkoholu, parab\u0113nus, silikonus, SLES, SLS, DEA vai enz\u012bmus. Satur kvie\u0161u prote\u012bnu, kas iek\u013c\u016bst spalv\u0101, pal\u012bdzot to atjaunot, restruktur\u0113t un aizsarg\u0101t no iek\u0161puses. Kvie\u0161u prote\u012bns padara apmatojumu \u012bpa\u0161i gludu un izveido aizsargk\u0101rti\u0146u pret ikdienas ietekmi. Pretpinkas sprejs pal\u012bdz no\u0146emt mezglus un sav\u0113lumus no su\u0146a apmatojuma. Regul\u0101ri lietojot, tas var pal\u012bdz\u0113t nov\u0113rst jaunu pinku veido\u0161anos. Piem\u0113rots vis\u0101m \u0161\u0137irn\u0113m, k\u0101 ar\u012b lietojams ka\u0137iem un zirgiem. Lieto\u0161ana:Mitr\u0101m spalv\u0101m \u2013 P\u0113c mazg\u0101\u0161anas ar \u0161amp\u016bnu izsmidziniet uz su\u0146a apmatojuma, izvairoties no ac\u012bm, deguna un aus\u012bm. Maigi at\u0161\u0137etiniet ar \u0161\u0137irnei piem\u0113rotu suku. Skalo\u0161ana nav nepiecie\u0161ama.Saus\u0101m spalv\u0101m \u2013 Izsmidziniet tie\u0161i uz saus\u0101 apmatojuma. At\u0161\u0137etiniet mezglus, s\u0101kot no galiem un virzoties uz sakn\u0113m. Skalo\u0161ana nav nepiecie\u0161ama. Sast\u0101vs: Aqua, Polysorbate 20, Phenoxyethanol, Hydrolyzed Wheat Protein, Parfum, Tetrimonium Chloride, Tetrasodium Glutamate Diacetate, Ethylhexylglycerin, Citronellol, Citric Acid, Sodium Benzoate, Alpha-Isomethyl Ionone, Coumarin, Linalool, Hexyl Cinnamal, Benzyl Cinnamate. Ra\u017eot\u0101js: Lakeland Cosmetics","og_url":"https:\/\/miumjau.ee\/lv\/produkts\/bugalugs-one-in-a-million-pret-pinkam-paredzets-sprejs-suniem-200-ml\/","og_site_name":"MiuMjau","article_publisher":"https:\/\/www.facebook.com\/miumjaupood\/","article_modified_time":"2026-01-07T19:16:30+00:00","og_image":[{"width":600,"height":800,"url":"https:\/\/miumjau.ee\/wp-content\/uploads\/2025\/06\/bugalugs-pusasprei-oneinamillion.jpg","type":"image\/jpeg"}],"twitter_card":"summary_large_image","schema":{"@context":"https:\/\/schema.org","@graph":[{"@type":"WebPage","@id":"https:\/\/miumjau.ee\/lv\/produkts\/bugalugs-one-in-a-million-pret-pinkam-paredzets-sprejs-suniem-200-ml\/","url":"https:\/\/miumjau.ee\/lv\/produkts\/bugalugs-one-in-a-million-pret-pinkam-paredzets-sprejs-suniem-200-ml\/","name":"Bugalugs One in a Million Pret Pink\u0101m Paredz\u0113ts Sprejs Su\u0146iem 200 ml - MiuMjau","isPartOf":{"@id":"https:\/\/miumjau.ee\/#website"},"primaryImageOfPage":{"@id":"https:\/\/miumjau.ee\/lv\/produkts\/bugalugs-one-in-a-million-pret-pinkam-paredzets-sprejs-suniem-200-ml\/#primaryimage"},"image":{"@id":"https:\/\/miumjau.ee\/lv\/produkts\/bugalugs-one-in-a-million-pret-pinkam-paredzets-sprejs-suniem-200-ml\/#primaryimage"},"thumbnailUrl":"https:\/\/miumjau.ee\/wp-content\/uploads\/2025\/06\/bugalugs-pusasprei-oneinamillion.jpg","datePublished":"2025-06-18T09:00:47+00:00","dateModified":"2026-01-07T19:16:30+00:00","breadcrumb":{"@id":"https:\/\/miumjau.ee\/lv\/produkts\/bugalugs-one-in-a-million-pret-pinkam-paredzets-sprejs-suniem-200-ml\/#breadcrumb"},"inLanguage":"lv-LV","potentialAction":[{"@type":"ReadAction","target":["https:\/\/miumjau.ee\/lv\/produkts\/bugalugs-one-in-a-million-pret-pinkam-paredzets-sprejs-suniem-200-ml\/"]}]},{"@type":"ImageObject","inLanguage":"lv-LV","@id":"https:\/\/miumjau.ee\/lv\/produkts\/bugalugs-one-in-a-million-pret-pinkam-paredzets-sprejs-suniem-200-ml\/#primaryimage","url":"https:\/\/miumjau.ee\/wp-content\/uploads\/2025\/06\/bugalugs-pusasprei-oneinamillion.jpg","contentUrl":"https:\/\/miumjau.ee\/wp-content\/uploads\/2025\/06\/bugalugs-pusasprei-oneinamillion.jpg","width":600,"height":800},{"@type":"BreadcrumbList","@id":"https:\/\/miumjau.ee\/lv\/produkts\/bugalugs-one-in-a-million-pret-pinkam-paredzets-sprejs-suniem-200-ml\/#breadcrumb","itemListElement":[{"@type":"ListItem","position":1,"name":"Home","item":"https:\/\/miumjau.ee\/lv\/"},{"@type":"ListItem","position":2,"name":"Veikals","item":"https:\/\/miumjau.ee\/lv\/veikals\/"},{"@type":"ListItem","position":3,"name":"Bugalugs One in a Million Pret Pink\u0101m Paredz\u0113ts Sprejs Su\u0146iem 200 ml"}]},{"@type":"WebSite","@id":"https:\/\/miumjau.ee\/#website","url":"https:\/\/miumjau.ee\/","name":"MiuMjau","description":"Kraapimispuud kassidele","publisher":{"@id":"https:\/\/miumjau.ee\/#organization"},"potentialAction":[{"@type":"SearchAction","target":{"@type":"EntryPoint","urlTemplate":"https:\/\/miumjau.ee\/?s={search_term_string}"},"query-input":{"@type":"PropertyValueSpecification","valueRequired":true,"valueName":"search_term_string"}}],"inLanguage":"lv-LV"},{"@type":"Organization","@id":"https:\/\/miumjau.ee\/#organization","name":"MiuMjau O\u00dc","url":"https:\/\/miumjau.ee\/","logo":{"@type":"ImageObject","inLanguage":"lv-LV","@id":"https:\/\/miumjau.ee\/#\/schema\/logo\/image\/","url":"https:\/\/miumjau.ee\/wp-content\/uploads\/2022\/04\/MiuMjau-logo-kollane.png","contentUrl":"https:\/\/miumjau.ee\/wp-content\/uploads\/2022\/04\/MiuMjau-logo-kollane.png","width":219,"height":100,"caption":"MiuMjau O\u00dc"},"image":{"@id":"https:\/\/miumjau.ee\/#\/schema\/logo\/image\/"},"sameAs":["https:\/\/www.facebook.com\/miumjaupood\/"]}]}},"_links":{"self":[{"href":"https:\/\/miumjau.ee\/lv\/wp-json\/wp\/v2\/product\/49332","targetHints":{"allow":["GET"]}}],"collection":[{"href":"https:\/\/miumjau.ee\/lv\/wp-json\/wp\/v2\/product"}],"about":[{"href":"https:\/\/miumjau.ee\/lv\/wp-json\/wp\/v2\/types\/product"}],"wp:featuredmedia":[{"embeddable":true,"href":"https:\/\/miumjau.ee\/lv\/wp-json\/wp\/v2\/media\/49328"}],"wp:attachment":[{"href":"https:\/\/miumjau.ee\/lv\/wp-json\/wp\/v2\/media?parent=49332"}],"wp:term":[{"taxonomy":"product_brand","embeddable":true,"href":"https:\/\/miumjau.ee\/lv\/wp-json\/wp\/v2\/product_brand?post=49332"},{"taxonomy":"product_cat","embeddable":true,"href":"https:\/\/miumjau.ee\/lv\/wp-json\/wp\/v2\/product_cat?post=49332"},{"taxonomy":"product_tag","embeddable":true,"href":"https:\/\/miumjau.ee\/lv\/wp-json\/wp\/v2\/product_tag?post=49332"}],"curies":[{"name":"wp","href":"https:\/\/api.w.org\/{rel}","templated":true}]}}