{"id":49324,"date":"2025-06-18T17:30:12","date_gmt":"2025-06-18T14:30:12","guid":{"rendered":"https:\/\/miumjau.ee\/toode\/bugalugs-tejas-koka-un-auzu-aromata-sampuns-medi-fresh\/"},"modified":"2026-01-07T21:16:30","modified_gmt":"2026-01-07T19:16:30","slug":"bugalugs-tejas-koka-un-auzu-aromata-sampuns-medi-fresh","status":"publish","type":"product","link":"https:\/\/miumjau.ee\/lv\/produkts\/bugalugs-tejas-koka-un-auzu-aromata-sampuns-medi-fresh\/","title":{"rendered":"Bugalugs T\u0113jas Koka un Auzu Arom\u0101ta \u0160amp\u016bns Medi Fresh"},"content":{"rendered":"","protected":false},"excerpt":{"rendered":"<p data-start=\"3520\" data-end=\"3852\">Maigs, pH l\u012bdzsvarots \u0161amp\u016bns su\u0146iem ar dab\u012bg\u0101m \u0113teriskaj\u0101m e\u013c\u013c\u0101m, kas nomierina stresa skartu \u0101du un pal\u012bdz uzlabot su\u0146a apmatojuma st\u0101vokli. Atsvaidzino\u0161s t\u0113jas koks, alveja, koloid\u0101lie auzu milti un citas \u0113terisk\u0101s e\u013c\u013cas nomierina un atsl\u0101bina noguru\u0161us un saspringtus musku\u013cus. Pal\u012bdz ar\u012b att\u012br\u012bt nelielas br\u016bces un skr\u0101p\u0113jumus.<\/p>\n<p data-start=\"3854\" data-end=\"4088\">Parab\u0113nus nesaturo\u0161s \u0161amp\u016bns, kas izgatavots no t\u012bra Lake District \u016bdens, no\u0146em net\u012brumus un taukus, atst\u0101jot apmatojumu m\u012bkstu, sp\u012bd\u012bgu un ilgsto\u0161i pat\u012bkami smar\u017eojo\u0161u. Piem\u0113rots su\u0146iem no 8 ned\u0113\u013cu vecuma un visiem apmatojuma tipiem.<\/p>\n<p data-start=\"4090\" data-end=\"4357\"><strong data-start=\"4090\" data-end=\"4104\">Lieto\u0161ana:<\/strong> Samitriniet su\u0146a apmatojumu ar siltu \u016bdeni. Var at\u0161\u0137aid\u012bt attiec\u012bb\u0101 10:1. Uzkl\u0101jiet \u0161amp\u016bnu, saputojiet un r\u016bp\u012bgi noskalojiet. Nosusiniet. Izvair\u012bties no saskares ar ac\u012bm \u2013 ja tas notiek, skalot ar lielu \u016bdens daudzumu. Glab\u0101t b\u0113rniem nepieejam\u0101 viet\u0101.<\/p>\n<p data-start=\"4359\" data-end=\"4993\"><strong data-start=\"4359\" data-end=\"4371\">Sast\u0101vs:<\/strong> Aqua, Sodium Laureth Sulfate, Glycerin, Cocamidopropyl Betaine, Coco-Glucoside, Glyceryl Oleate, Parfum, Polyglyceryl-2 Caprate, Tea Tree Leaf Oil, Aloe Vera Leaf Juice, Avena Sativa (Auzu) Kernel Flour, Lemon Peel Oil, Citronella Oil, Cedarwood Oil, Peppermint Leaf Oil, Basil Oil, Pelargonium Graveolens Extract, Rosemary Leaf Oil, Thyme Leaf Oil, Pine Oil, Glycol Distearate, Sodium Chloride, Benzophenone-4, Sodium Hydroxide, Citric Acid, Laureth-4, Limonene, Lactic Acid, Hydrogenated Palm Glycerides Citrate, Polysorbate 20, Tocopherol, Phenoxyethanol, Sodium Benzoate, Benzyl Alcohol, CI 19140, CI 17200, CI 14700.<\/p>\n<p data-start=\"4995\" data-end=\"5093\"><strong data-start=\"4995\" data-end=\"5007\">Tilpums:<\/strong> 500 ml<br data-start=\"5014\" data-end=\"5017\" \/><strong data-start=\"5017\" data-end=\"5033\">Der\u012bgs l\u012bdz:<\/strong> 12 m\u0113ne\u0161i p\u0113c atv\u0113r\u0161anas<br data-start=\"5058\" data-end=\"5061\" \/><strong data-start=\"5061\" data-end=\"5074\">Ra\u017eot\u0101js:<\/strong> Lakeland Cosmetics<\/p>\n","protected":false},"featured_media":49321,"template":"","meta":[],"product_brand":[],"product_cat":[560],"product_tag":[],"class_list":{"0":"post-49324","1":"product","2":"type-product","3":"status-publish","4":"has-post-thumbnail","6":"product_cat-kopsanas-lidzekli-suniem","8":"first","9":"instock","10":"taxable","11":"shipping-taxable","12":"purchasable","13":"product-type-simple"},"yoast_head":"<!-- This site is optimized with the Yoast SEO plugin v27.2 - https:\/\/yoast.com\/product\/yoast-seo-wordpress\/ -->\n<title>Bugalugs T\u0113jas Koka un Auzu Arom\u0101ta \u0160amp\u016bns Medi Fresh - MiuMjau<\/title>\n<meta name=\"robots\" content=\"index, follow, max-snippet:-1, max-image-preview:large, max-video-preview:-1\" \/>\n<link rel=\"canonical\" href=\"https:\/\/miumjau.ee\/lv\/produkts\/bugalugs-tejas-koka-un-auzu-aromata-sampuns-medi-fresh\/\" \/>\n<meta property=\"og:locale\" content=\"lv_LV\" \/>\n<meta property=\"og:type\" content=\"article\" \/>\n<meta property=\"og:title\" content=\"Bugalugs T\u0113jas Koka un Auzu Arom\u0101ta \u0160amp\u016bns Medi Fresh - MiuMjau\" \/>\n<meta property=\"og:description\" content=\"Maigs, pH l\u012bdzsvarots \u0161amp\u016bns su\u0146iem ar dab\u012bg\u0101m \u0113teriskaj\u0101m e\u013c\u013c\u0101m, kas nomierina stresa skartu \u0101du un pal\u012bdz uzlabot su\u0146a apmatojuma st\u0101vokli. Atsvaidzino\u0161s t\u0113jas koks, alveja, koloid\u0101lie auzu milti un citas \u0113terisk\u0101s e\u013c\u013cas nomierina un atsl\u0101bina noguru\u0161us un saspringtus musku\u013cus. Pal\u012bdz ar\u012b att\u012br\u012bt nelielas br\u016bces un skr\u0101p\u0113jumus. Parab\u0113nus nesaturo\u0161s \u0161amp\u016bns, kas izgatavots no t\u012bra Lake District \u016bdens, no\u0146em net\u012brumus un taukus, atst\u0101jot apmatojumu m\u012bkstu, sp\u012bd\u012bgu un ilgsto\u0161i pat\u012bkami smar\u017eojo\u0161u. Piem\u0113rots su\u0146iem no 8 ned\u0113\u013cu vecuma un visiem apmatojuma tipiem. Lieto\u0161ana: Samitriniet su\u0146a apmatojumu ar siltu \u016bdeni. Var at\u0161\u0137aid\u012bt attiec\u012bb\u0101 10:1. Uzkl\u0101jiet \u0161amp\u016bnu, saputojiet un r\u016bp\u012bgi noskalojiet. Nosusiniet. Izvair\u012bties no saskares ar ac\u012bm \u2013 ja tas notiek, skalot ar lielu \u016bdens daudzumu. Glab\u0101t b\u0113rniem nepieejam\u0101 viet\u0101. Sast\u0101vs: Aqua, Sodium Laureth Sulfate, Glycerin, Cocamidopropyl Betaine, Coco-Glucoside, Glyceryl Oleate, Parfum, Polyglyceryl-2 Caprate, Tea Tree Leaf Oil, Aloe Vera Leaf Juice, Avena Sativa (Auzu) Kernel Flour, Lemon Peel Oil, Citronella Oil, Cedarwood Oil, Peppermint Leaf Oil, Basil Oil, Pelargonium Graveolens Extract, Rosemary Leaf Oil, Thyme Leaf Oil, Pine Oil, Glycol Distearate, Sodium Chloride, Benzophenone-4, Sodium Hydroxide, Citric Acid, Laureth-4, Limonene, Lactic Acid, Hydrogenated Palm Glycerides Citrate, Polysorbate 20, Tocopherol, Phenoxyethanol, Sodium Benzoate, Benzyl Alcohol, CI 19140, CI 17200, CI 14700. Tilpums: 500 mlDer\u012bgs l\u012bdz: 12 m\u0113ne\u0161i p\u0113c atv\u0113r\u0161anasRa\u017eot\u0101js: Lakeland Cosmetics\" \/>\n<meta property=\"og:url\" content=\"https:\/\/miumjau.ee\/lv\/produkts\/bugalugs-tejas-koka-un-auzu-aromata-sampuns-medi-fresh\/\" \/>\n<meta property=\"og:site_name\" content=\"MiuMjau\" \/>\n<meta property=\"article:publisher\" content=\"https:\/\/www.facebook.com\/miumjaupood\/\" \/>\n<meta property=\"article:modified_time\" content=\"2026-01-07T19:16:30+00:00\" \/>\n<meta property=\"og:image\" content=\"https:\/\/miumjau.ee\/wp-content\/uploads\/2025\/06\/bugalugs-sampoon-koertele-medifresh5.webp\" \/>\n\t<meta property=\"og:image:width\" content=\"600\" \/>\n\t<meta property=\"og:image:height\" content=\"800\" \/>\n\t<meta property=\"og:image:type\" content=\"image\/webp\" \/>\n<meta name=\"twitter:card\" content=\"summary_large_image\" \/>\n<script type=\"application\/ld+json\" class=\"yoast-schema-graph\">{\"@context\":\"https:\/\/schema.org\",\"@graph\":[{\"@type\":\"WebPage\",\"@id\":\"https:\/\/miumjau.ee\/lv\/produkts\/bugalugs-tejas-koka-un-auzu-aromata-sampuns-medi-fresh\/\",\"url\":\"https:\/\/miumjau.ee\/lv\/produkts\/bugalugs-tejas-koka-un-auzu-aromata-sampuns-medi-fresh\/\",\"name\":\"Bugalugs T\u0113jas Koka un Auzu Arom\u0101ta \u0160amp\u016bns Medi Fresh - MiuMjau\",\"isPartOf\":{\"@id\":\"https:\/\/miumjau.ee\/#website\"},\"primaryImageOfPage\":{\"@id\":\"https:\/\/miumjau.ee\/lv\/produkts\/bugalugs-tejas-koka-un-auzu-aromata-sampuns-medi-fresh\/#primaryimage\"},\"image\":{\"@id\":\"https:\/\/miumjau.ee\/lv\/produkts\/bugalugs-tejas-koka-un-auzu-aromata-sampuns-medi-fresh\/#primaryimage\"},\"thumbnailUrl\":\"https:\/\/miumjau.ee\/wp-content\/uploads\/2025\/06\/bugalugs-sampoon-koertele-medifresh5.webp\",\"datePublished\":\"2025-06-18T14:30:12+00:00\",\"dateModified\":\"2026-01-07T19:16:30+00:00\",\"breadcrumb\":{\"@id\":\"https:\/\/miumjau.ee\/lv\/produkts\/bugalugs-tejas-koka-un-auzu-aromata-sampuns-medi-fresh\/#breadcrumb\"},\"inLanguage\":\"lv-LV\",\"potentialAction\":[{\"@type\":\"ReadAction\",\"target\":[\"https:\/\/miumjau.ee\/lv\/produkts\/bugalugs-tejas-koka-un-auzu-aromata-sampuns-medi-fresh\/\"]}]},{\"@type\":\"ImageObject\",\"inLanguage\":\"lv-LV\",\"@id\":\"https:\/\/miumjau.ee\/lv\/produkts\/bugalugs-tejas-koka-un-auzu-aromata-sampuns-medi-fresh\/#primaryimage\",\"url\":\"https:\/\/miumjau.ee\/wp-content\/uploads\/2025\/06\/bugalugs-sampoon-koertele-medifresh5.webp\",\"contentUrl\":\"https:\/\/miumjau.ee\/wp-content\/uploads\/2025\/06\/bugalugs-sampoon-koertele-medifresh5.webp\",\"width\":600,\"height\":800},{\"@type\":\"BreadcrumbList\",\"@id\":\"https:\/\/miumjau.ee\/lv\/produkts\/bugalugs-tejas-koka-un-auzu-aromata-sampuns-medi-fresh\/#breadcrumb\",\"itemListElement\":[{\"@type\":\"ListItem\",\"position\":1,\"name\":\"Home\",\"item\":\"https:\/\/miumjau.ee\/lv\/\"},{\"@type\":\"ListItem\",\"position\":2,\"name\":\"Veikals\",\"item\":\"https:\/\/miumjau.ee\/lv\/veikals\/\"},{\"@type\":\"ListItem\",\"position\":3,\"name\":\"Bugalugs T\u0113jas Koka un Auzu Arom\u0101ta \u0160amp\u016bns Medi Fresh\"}]},{\"@type\":\"WebSite\",\"@id\":\"https:\/\/miumjau.ee\/#website\",\"url\":\"https:\/\/miumjau.ee\/\",\"name\":\"MiuMjau\",\"description\":\"Kraapimispuud kassidele\",\"publisher\":{\"@id\":\"https:\/\/miumjau.ee\/#organization\"},\"potentialAction\":[{\"@type\":\"SearchAction\",\"target\":{\"@type\":\"EntryPoint\",\"urlTemplate\":\"https:\/\/miumjau.ee\/?s={search_term_string}\"},\"query-input\":{\"@type\":\"PropertyValueSpecification\",\"valueRequired\":true,\"valueName\":\"search_term_string\"}}],\"inLanguage\":\"lv-LV\"},{\"@type\":\"Organization\",\"@id\":\"https:\/\/miumjau.ee\/#organization\",\"name\":\"MiuMjau O\u00dc\",\"url\":\"https:\/\/miumjau.ee\/\",\"logo\":{\"@type\":\"ImageObject\",\"inLanguage\":\"lv-LV\",\"@id\":\"https:\/\/miumjau.ee\/#\/schema\/logo\/image\/\",\"url\":\"https:\/\/miumjau.ee\/wp-content\/uploads\/2022\/04\/MiuMjau-logo-kollane.png\",\"contentUrl\":\"https:\/\/miumjau.ee\/wp-content\/uploads\/2022\/04\/MiuMjau-logo-kollane.png\",\"width\":219,\"height\":100,\"caption\":\"MiuMjau O\u00dc\"},\"image\":{\"@id\":\"https:\/\/miumjau.ee\/#\/schema\/logo\/image\/\"},\"sameAs\":[\"https:\/\/www.facebook.com\/miumjaupood\/\"]}]}<\/script>\n<!-- \/ Yoast SEO plugin. -->","yoast_head_json":{"title":"Bugalugs T\u0113jas Koka un Auzu Arom\u0101ta \u0160amp\u016bns Medi Fresh - MiuMjau","robots":{"index":"index","follow":"follow","max-snippet":"max-snippet:-1","max-image-preview":"max-image-preview:large","max-video-preview":"max-video-preview:-1"},"canonical":"https:\/\/miumjau.ee\/lv\/produkts\/bugalugs-tejas-koka-un-auzu-aromata-sampuns-medi-fresh\/","og_locale":"lv_LV","og_type":"article","og_title":"Bugalugs T\u0113jas Koka un Auzu Arom\u0101ta \u0160amp\u016bns Medi Fresh - MiuMjau","og_description":"Maigs, pH l\u012bdzsvarots \u0161amp\u016bns su\u0146iem ar dab\u012bg\u0101m \u0113teriskaj\u0101m e\u013c\u013c\u0101m, kas nomierina stresa skartu \u0101du un pal\u012bdz uzlabot su\u0146a apmatojuma st\u0101vokli. Atsvaidzino\u0161s t\u0113jas koks, alveja, koloid\u0101lie auzu milti un citas \u0113terisk\u0101s e\u013c\u013cas nomierina un atsl\u0101bina noguru\u0161us un saspringtus musku\u013cus. Pal\u012bdz ar\u012b att\u012br\u012bt nelielas br\u016bces un skr\u0101p\u0113jumus. Parab\u0113nus nesaturo\u0161s \u0161amp\u016bns, kas izgatavots no t\u012bra Lake District \u016bdens, no\u0146em net\u012brumus un taukus, atst\u0101jot apmatojumu m\u012bkstu, sp\u012bd\u012bgu un ilgsto\u0161i pat\u012bkami smar\u017eojo\u0161u. Piem\u0113rots su\u0146iem no 8 ned\u0113\u013cu vecuma un visiem apmatojuma tipiem. Lieto\u0161ana: Samitriniet su\u0146a apmatojumu ar siltu \u016bdeni. Var at\u0161\u0137aid\u012bt attiec\u012bb\u0101 10:1. Uzkl\u0101jiet \u0161amp\u016bnu, saputojiet un r\u016bp\u012bgi noskalojiet. Nosusiniet. Izvair\u012bties no saskares ar ac\u012bm \u2013 ja tas notiek, skalot ar lielu \u016bdens daudzumu. Glab\u0101t b\u0113rniem nepieejam\u0101 viet\u0101. Sast\u0101vs: Aqua, Sodium Laureth Sulfate, Glycerin, Cocamidopropyl Betaine, Coco-Glucoside, Glyceryl Oleate, Parfum, Polyglyceryl-2 Caprate, Tea Tree Leaf Oil, Aloe Vera Leaf Juice, Avena Sativa (Auzu) Kernel Flour, Lemon Peel Oil, Citronella Oil, Cedarwood Oil, Peppermint Leaf Oil, Basil Oil, Pelargonium Graveolens Extract, Rosemary Leaf Oil, Thyme Leaf Oil, Pine Oil, Glycol Distearate, Sodium Chloride, Benzophenone-4, Sodium Hydroxide, Citric Acid, Laureth-4, Limonene, Lactic Acid, Hydrogenated Palm Glycerides Citrate, Polysorbate 20, Tocopherol, Phenoxyethanol, Sodium Benzoate, Benzyl Alcohol, CI 19140, CI 17200, CI 14700. Tilpums: 500 mlDer\u012bgs l\u012bdz: 12 m\u0113ne\u0161i p\u0113c atv\u0113r\u0161anasRa\u017eot\u0101js: Lakeland Cosmetics","og_url":"https:\/\/miumjau.ee\/lv\/produkts\/bugalugs-tejas-koka-un-auzu-aromata-sampuns-medi-fresh\/","og_site_name":"MiuMjau","article_publisher":"https:\/\/www.facebook.com\/miumjaupood\/","article_modified_time":"2026-01-07T19:16:30+00:00","og_image":[{"width":600,"height":800,"url":"https:\/\/miumjau.ee\/wp-content\/uploads\/2025\/06\/bugalugs-sampoon-koertele-medifresh5.webp","type":"image\/webp"}],"twitter_card":"summary_large_image","schema":{"@context":"https:\/\/schema.org","@graph":[{"@type":"WebPage","@id":"https:\/\/miumjau.ee\/lv\/produkts\/bugalugs-tejas-koka-un-auzu-aromata-sampuns-medi-fresh\/","url":"https:\/\/miumjau.ee\/lv\/produkts\/bugalugs-tejas-koka-un-auzu-aromata-sampuns-medi-fresh\/","name":"Bugalugs T\u0113jas Koka un Auzu Arom\u0101ta \u0160amp\u016bns Medi Fresh - MiuMjau","isPartOf":{"@id":"https:\/\/miumjau.ee\/#website"},"primaryImageOfPage":{"@id":"https:\/\/miumjau.ee\/lv\/produkts\/bugalugs-tejas-koka-un-auzu-aromata-sampuns-medi-fresh\/#primaryimage"},"image":{"@id":"https:\/\/miumjau.ee\/lv\/produkts\/bugalugs-tejas-koka-un-auzu-aromata-sampuns-medi-fresh\/#primaryimage"},"thumbnailUrl":"https:\/\/miumjau.ee\/wp-content\/uploads\/2025\/06\/bugalugs-sampoon-koertele-medifresh5.webp","datePublished":"2025-06-18T14:30:12+00:00","dateModified":"2026-01-07T19:16:30+00:00","breadcrumb":{"@id":"https:\/\/miumjau.ee\/lv\/produkts\/bugalugs-tejas-koka-un-auzu-aromata-sampuns-medi-fresh\/#breadcrumb"},"inLanguage":"lv-LV","potentialAction":[{"@type":"ReadAction","target":["https:\/\/miumjau.ee\/lv\/produkts\/bugalugs-tejas-koka-un-auzu-aromata-sampuns-medi-fresh\/"]}]},{"@type":"ImageObject","inLanguage":"lv-LV","@id":"https:\/\/miumjau.ee\/lv\/produkts\/bugalugs-tejas-koka-un-auzu-aromata-sampuns-medi-fresh\/#primaryimage","url":"https:\/\/miumjau.ee\/wp-content\/uploads\/2025\/06\/bugalugs-sampoon-koertele-medifresh5.webp","contentUrl":"https:\/\/miumjau.ee\/wp-content\/uploads\/2025\/06\/bugalugs-sampoon-koertele-medifresh5.webp","width":600,"height":800},{"@type":"BreadcrumbList","@id":"https:\/\/miumjau.ee\/lv\/produkts\/bugalugs-tejas-koka-un-auzu-aromata-sampuns-medi-fresh\/#breadcrumb","itemListElement":[{"@type":"ListItem","position":1,"name":"Home","item":"https:\/\/miumjau.ee\/lv\/"},{"@type":"ListItem","position":2,"name":"Veikals","item":"https:\/\/miumjau.ee\/lv\/veikals\/"},{"@type":"ListItem","position":3,"name":"Bugalugs T\u0113jas Koka un Auzu Arom\u0101ta \u0160amp\u016bns Medi Fresh"}]},{"@type":"WebSite","@id":"https:\/\/miumjau.ee\/#website","url":"https:\/\/miumjau.ee\/","name":"MiuMjau","description":"Kraapimispuud kassidele","publisher":{"@id":"https:\/\/miumjau.ee\/#organization"},"potentialAction":[{"@type":"SearchAction","target":{"@type":"EntryPoint","urlTemplate":"https:\/\/miumjau.ee\/?s={search_term_string}"},"query-input":{"@type":"PropertyValueSpecification","valueRequired":true,"valueName":"search_term_string"}}],"inLanguage":"lv-LV"},{"@type":"Organization","@id":"https:\/\/miumjau.ee\/#organization","name":"MiuMjau O\u00dc","url":"https:\/\/miumjau.ee\/","logo":{"@type":"ImageObject","inLanguage":"lv-LV","@id":"https:\/\/miumjau.ee\/#\/schema\/logo\/image\/","url":"https:\/\/miumjau.ee\/wp-content\/uploads\/2022\/04\/MiuMjau-logo-kollane.png","contentUrl":"https:\/\/miumjau.ee\/wp-content\/uploads\/2022\/04\/MiuMjau-logo-kollane.png","width":219,"height":100,"caption":"MiuMjau O\u00dc"},"image":{"@id":"https:\/\/miumjau.ee\/#\/schema\/logo\/image\/"},"sameAs":["https:\/\/www.facebook.com\/miumjaupood\/"]}]}},"_links":{"self":[{"href":"https:\/\/miumjau.ee\/lv\/wp-json\/wp\/v2\/product\/49324","targetHints":{"allow":["GET"]}}],"collection":[{"href":"https:\/\/miumjau.ee\/lv\/wp-json\/wp\/v2\/product"}],"about":[{"href":"https:\/\/miumjau.ee\/lv\/wp-json\/wp\/v2\/types\/product"}],"wp:featuredmedia":[{"embeddable":true,"href":"https:\/\/miumjau.ee\/lv\/wp-json\/wp\/v2\/media\/49321"}],"wp:attachment":[{"href":"https:\/\/miumjau.ee\/lv\/wp-json\/wp\/v2\/media?parent=49324"}],"wp:term":[{"taxonomy":"product_brand","embeddable":true,"href":"https:\/\/miumjau.ee\/lv\/wp-json\/wp\/v2\/product_brand?post=49324"},{"taxonomy":"product_cat","embeddable":true,"href":"https:\/\/miumjau.ee\/lv\/wp-json\/wp\/v2\/product_cat?post=49324"},{"taxonomy":"product_tag","embeddable":true,"href":"https:\/\/miumjau.ee\/lv\/wp-json\/wp\/v2\/product_tag?post=49324"}],"curies":[{"name":"wp","href":"https:\/\/api.w.org\/{rel}","templated":true}]}}