{"id":49310,"date":"2025-06-18T17:32:38","date_gmt":"2025-06-18T14:32:38","guid":{"rendered":"https:\/\/miumjau.ee\/toode\/bugalugs-papaijas-un-kokosrieksta-aromata-2-in-1-sampuns-250-ml\/"},"modified":"2026-01-07T21:16:30","modified_gmt":"2026-01-07T19:16:30","slug":"bugalugs-papaijas-un-kokosrieksta-aromata-2-in-1-sampuns-250-ml","status":"publish","type":"product","link":"https:\/\/miumjau.ee\/lv\/produkts\/bugalugs-papaijas-un-kokosrieksta-aromata-2-in-1-sampuns-250-ml\/","title":{"rendered":"Bugalugs Papaijas un Kokosrieksta Arom\u0101ta 2-in-1 \u0160amp\u016bns 250 ml"},"content":{"rendered":"","protected":false},"excerpt":{"rendered":"<p data-start=\"3552\" data-end=\"3860\">Ilgnotur\u012bga papaijas un kokosrieksta arom\u0101ta 2-in-1 \u0161amp\u016bns ar kondicionieri su\u0146iem, kas nomierina, att\u012bra, kopj un mitrina. \u0160amp\u016bns dzi\u013ci att\u012bra apmatojumu, nekairinot \u0101du, atst\u0101jot spalvu t\u012bru, m\u012bkstu un neatvair\u0101mi smar\u017e\u012bgu. Piem\u0113rots su\u0146iem no 8 ned\u0113\u013cu vecuma un visiem apmatojuma tipiem. Bez parab\u0113niem.<\/p>\n<p data-start=\"3862\" data-end=\"4313\">\u0160is bag\u0101t\u012bgais papaijas un kokosrieksta arom\u0101ta 2-in-1 kondicion\u0113jo\u0161ais \u0161amp\u016bns satur koloid\u0101lus auzu miltus un kokosriekstu e\u013c\u013cu, kas att\u012bra, nomierina un baro su\u0146a \u0101du un apmatojumu. Lai izvair\u012btos no sausas \u0101das un pie\u0161\u0137irtu sp\u012bdumu, peldiniet savu m\u012bluli regul\u0101ri. Kokosriekstu e\u013c\u013ca maigi att\u012bra un mitrina, savuk\u0101rt papaija pal\u012bdz atjaunot \u0101das un apmatojuma dabisko mitruma l\u012bdzsvaru. Pat\u012bkamais tropiskais arom\u0101ts saglab\u0101jas ar\u012b p\u0113c mazg\u0101\u0161anas.<\/p>\n<p data-start=\"4315\" data-end=\"4582\"><strong data-start=\"4315\" data-end=\"4329\">Lieto\u0161ana:<\/strong> Samitriniet su\u0146a apmatojumu ar siltu \u016bdeni. Var at\u0161\u0137aid\u012bt attiec\u012bb\u0101 10:1. Uzkl\u0101jiet \u0161amp\u016bnu, saputojiet un r\u016bp\u012bgi noskalojiet. Nosusiniet. Izvair\u012bties no saskares ar ac\u012bm \u2013 ja tas notiek, skalot ar lielu \u016bdens daudzumu. Glab\u0101t b\u0113rniem nepieejam\u0101 viet\u0101.<\/p>\n<p data-start=\"4584\" data-end=\"5050\"><strong data-start=\"4584\" data-end=\"4596\">Sast\u0101vs:<\/strong> Aqua, Sodium Laureth Sulfate, Glycerin, Cocamidopropyl Betaine, Coco-Glucoside, Glyceryl Oleate, Parfum, Polyglyceryl-2 Caprate, Glycol Distearate, Sodium Chloride, Benzophenone-4, Sodium Hydroxide, Citric Acid, Laureth-4, Coconut Oil, Papaya Fruit Extract, Avena Sativa (Auzu) Kernel Flour, Lactic Acid, Hydrogenated Palm Glycerides Citrate, Tocopherol, Leuconostoc\/Radish Root Ferment Filtrate, Polysorbate 20, Polyquaternium-4, Phenoxyethanol, CI 11.<\/p>\n<p data-start=\"5052\" data-end=\"5084\"><strong data-start=\"5052\" data-end=\"5065\">Ra\u017eot\u0101js:<\/strong> Lakeland Cosmetics<\/p>\n","protected":false},"featured_media":49307,"template":"","meta":[],"product_brand":[],"product_cat":[560],"product_tag":[],"class_list":{"0":"post-49310","1":"product","2":"type-product","3":"status-publish","4":"has-post-thumbnail","6":"product_cat-kopsanas-lidzekli-suniem","8":"first","9":"instock","10":"taxable","11":"shipping-taxable","12":"purchasable","13":"product-type-simple"},"yoast_head":"<!-- This site is optimized with the Yoast SEO plugin v27.2 - https:\/\/yoast.com\/product\/yoast-seo-wordpress\/ -->\n<title>Bugalugs Papaijas un Kokosrieksta Arom\u0101ta 2-in-1 \u0160amp\u016bns 250 ml - MiuMjau<\/title>\n<meta name=\"robots\" content=\"index, follow, max-snippet:-1, max-image-preview:large, max-video-preview:-1\" \/>\n<link rel=\"canonical\" href=\"https:\/\/miumjau.ee\/lv\/produkts\/bugalugs-papaijas-un-kokosrieksta-aromata-2-in-1-sampuns-250-ml\/\" \/>\n<meta property=\"og:locale\" content=\"lv_LV\" \/>\n<meta property=\"og:type\" content=\"article\" \/>\n<meta property=\"og:title\" content=\"Bugalugs Papaijas un Kokosrieksta Arom\u0101ta 2-in-1 \u0160amp\u016bns 250 ml - MiuMjau\" \/>\n<meta property=\"og:description\" content=\"Ilgnotur\u012bga papaijas un kokosrieksta arom\u0101ta 2-in-1 \u0161amp\u016bns ar kondicionieri su\u0146iem, kas nomierina, att\u012bra, kopj un mitrina. \u0160amp\u016bns dzi\u013ci att\u012bra apmatojumu, nekairinot \u0101du, atst\u0101jot spalvu t\u012bru, m\u012bkstu un neatvair\u0101mi smar\u017e\u012bgu. Piem\u0113rots su\u0146iem no 8 ned\u0113\u013cu vecuma un visiem apmatojuma tipiem. Bez parab\u0113niem. \u0160is bag\u0101t\u012bgais papaijas un kokosrieksta arom\u0101ta 2-in-1 kondicion\u0113jo\u0161ais \u0161amp\u016bns satur koloid\u0101lus auzu miltus un kokosriekstu e\u013c\u013cu, kas att\u012bra, nomierina un baro su\u0146a \u0101du un apmatojumu. Lai izvair\u012btos no sausas \u0101das un pie\u0161\u0137irtu sp\u012bdumu, peldiniet savu m\u012bluli regul\u0101ri. Kokosriekstu e\u013c\u013ca maigi att\u012bra un mitrina, savuk\u0101rt papaija pal\u012bdz atjaunot \u0101das un apmatojuma dabisko mitruma l\u012bdzsvaru. Pat\u012bkamais tropiskais arom\u0101ts saglab\u0101jas ar\u012b p\u0113c mazg\u0101\u0161anas. Lieto\u0161ana: Samitriniet su\u0146a apmatojumu ar siltu \u016bdeni. Var at\u0161\u0137aid\u012bt attiec\u012bb\u0101 10:1. Uzkl\u0101jiet \u0161amp\u016bnu, saputojiet un r\u016bp\u012bgi noskalojiet. Nosusiniet. Izvair\u012bties no saskares ar ac\u012bm \u2013 ja tas notiek, skalot ar lielu \u016bdens daudzumu. Glab\u0101t b\u0113rniem nepieejam\u0101 viet\u0101. Sast\u0101vs: Aqua, Sodium Laureth Sulfate, Glycerin, Cocamidopropyl Betaine, Coco-Glucoside, Glyceryl Oleate, Parfum, Polyglyceryl-2 Caprate, Glycol Distearate, Sodium Chloride, Benzophenone-4, Sodium Hydroxide, Citric Acid, Laureth-4, Coconut Oil, Papaya Fruit Extract, Avena Sativa (Auzu) Kernel Flour, Lactic Acid, Hydrogenated Palm Glycerides Citrate, Tocopherol, Leuconostoc\/Radish Root Ferment Filtrate, Polysorbate 20, Polyquaternium-4, Phenoxyethanol, CI 11. Ra\u017eot\u0101js: Lakeland Cosmetics\" \/>\n<meta property=\"og:url\" content=\"https:\/\/miumjau.ee\/lv\/produkts\/bugalugs-papaijas-un-kokosrieksta-aromata-2-in-1-sampuns-250-ml\/\" \/>\n<meta property=\"og:site_name\" content=\"MiuMjau\" \/>\n<meta property=\"article:publisher\" content=\"https:\/\/www.facebook.com\/miumjaupood\/\" \/>\n<meta property=\"article:modified_time\" content=\"2026-01-07T19:16:30+00:00\" \/>\n<meta property=\"og:image\" content=\"https:\/\/miumjau.ee\/wp-content\/uploads\/2025\/06\/bugalugs-2in1-sampoon-papaia-kookos2-1.webp\" \/>\n\t<meta property=\"og:image:width\" content=\"600\" \/>\n\t<meta property=\"og:image:height\" content=\"800\" \/>\n\t<meta property=\"og:image:type\" content=\"image\/webp\" \/>\n<meta name=\"twitter:card\" content=\"summary_large_image\" \/>\n<script type=\"application\/ld+json\" class=\"yoast-schema-graph\">{\"@context\":\"https:\/\/schema.org\",\"@graph\":[{\"@type\":\"WebPage\",\"@id\":\"https:\/\/miumjau.ee\/lv\/produkts\/bugalugs-papaijas-un-kokosrieksta-aromata-2-in-1-sampuns-250-ml\/\",\"url\":\"https:\/\/miumjau.ee\/lv\/produkts\/bugalugs-papaijas-un-kokosrieksta-aromata-2-in-1-sampuns-250-ml\/\",\"name\":\"Bugalugs Papaijas un Kokosrieksta Arom\u0101ta 2-in-1 \u0160amp\u016bns 250 ml - MiuMjau\",\"isPartOf\":{\"@id\":\"https:\/\/miumjau.ee\/#website\"},\"primaryImageOfPage\":{\"@id\":\"https:\/\/miumjau.ee\/lv\/produkts\/bugalugs-papaijas-un-kokosrieksta-aromata-2-in-1-sampuns-250-ml\/#primaryimage\"},\"image\":{\"@id\":\"https:\/\/miumjau.ee\/lv\/produkts\/bugalugs-papaijas-un-kokosrieksta-aromata-2-in-1-sampuns-250-ml\/#primaryimage\"},\"thumbnailUrl\":\"https:\/\/miumjau.ee\/wp-content\/uploads\/2025\/06\/bugalugs-2in1-sampoon-papaia-kookos2-1.webp\",\"datePublished\":\"2025-06-18T14:32:38+00:00\",\"dateModified\":\"2026-01-07T19:16:30+00:00\",\"breadcrumb\":{\"@id\":\"https:\/\/miumjau.ee\/lv\/produkts\/bugalugs-papaijas-un-kokosrieksta-aromata-2-in-1-sampuns-250-ml\/#breadcrumb\"},\"inLanguage\":\"lv-LV\",\"potentialAction\":[{\"@type\":\"ReadAction\",\"target\":[\"https:\/\/miumjau.ee\/lv\/produkts\/bugalugs-papaijas-un-kokosrieksta-aromata-2-in-1-sampuns-250-ml\/\"]}]},{\"@type\":\"ImageObject\",\"inLanguage\":\"lv-LV\",\"@id\":\"https:\/\/miumjau.ee\/lv\/produkts\/bugalugs-papaijas-un-kokosrieksta-aromata-2-in-1-sampuns-250-ml\/#primaryimage\",\"url\":\"https:\/\/miumjau.ee\/wp-content\/uploads\/2025\/06\/bugalugs-2in1-sampoon-papaia-kookos2-1.webp\",\"contentUrl\":\"https:\/\/miumjau.ee\/wp-content\/uploads\/2025\/06\/bugalugs-2in1-sampoon-papaia-kookos2-1.webp\",\"width\":600,\"height\":800},{\"@type\":\"BreadcrumbList\",\"@id\":\"https:\/\/miumjau.ee\/lv\/produkts\/bugalugs-papaijas-un-kokosrieksta-aromata-2-in-1-sampuns-250-ml\/#breadcrumb\",\"itemListElement\":[{\"@type\":\"ListItem\",\"position\":1,\"name\":\"Home\",\"item\":\"https:\/\/miumjau.ee\/lv\/\"},{\"@type\":\"ListItem\",\"position\":2,\"name\":\"Veikals\",\"item\":\"https:\/\/miumjau.ee\/lv\/veikals\/\"},{\"@type\":\"ListItem\",\"position\":3,\"name\":\"Bugalugs Papaijas un Kokosrieksta Arom\u0101ta 2-in-1 \u0160amp\u016bns 250 ml\"}]},{\"@type\":\"WebSite\",\"@id\":\"https:\/\/miumjau.ee\/#website\",\"url\":\"https:\/\/miumjau.ee\/\",\"name\":\"MiuMjau\",\"description\":\"Kraapimispuud kassidele\",\"publisher\":{\"@id\":\"https:\/\/miumjau.ee\/#organization\"},\"potentialAction\":[{\"@type\":\"SearchAction\",\"target\":{\"@type\":\"EntryPoint\",\"urlTemplate\":\"https:\/\/miumjau.ee\/?s={search_term_string}\"},\"query-input\":{\"@type\":\"PropertyValueSpecification\",\"valueRequired\":true,\"valueName\":\"search_term_string\"}}],\"inLanguage\":\"lv-LV\"},{\"@type\":\"Organization\",\"@id\":\"https:\/\/miumjau.ee\/#organization\",\"name\":\"MiuMjau O\u00dc\",\"url\":\"https:\/\/miumjau.ee\/\",\"logo\":{\"@type\":\"ImageObject\",\"inLanguage\":\"lv-LV\",\"@id\":\"https:\/\/miumjau.ee\/#\/schema\/logo\/image\/\",\"url\":\"https:\/\/miumjau.ee\/wp-content\/uploads\/2022\/04\/MiuMjau-logo-kollane.png\",\"contentUrl\":\"https:\/\/miumjau.ee\/wp-content\/uploads\/2022\/04\/MiuMjau-logo-kollane.png\",\"width\":219,\"height\":100,\"caption\":\"MiuMjau O\u00dc\"},\"image\":{\"@id\":\"https:\/\/miumjau.ee\/#\/schema\/logo\/image\/\"},\"sameAs\":[\"https:\/\/www.facebook.com\/miumjaupood\/\"]}]}<\/script>\n<!-- \/ Yoast SEO plugin. -->","yoast_head_json":{"title":"Bugalugs Papaijas un Kokosrieksta Arom\u0101ta 2-in-1 \u0160amp\u016bns 250 ml - MiuMjau","robots":{"index":"index","follow":"follow","max-snippet":"max-snippet:-1","max-image-preview":"max-image-preview:large","max-video-preview":"max-video-preview:-1"},"canonical":"https:\/\/miumjau.ee\/lv\/produkts\/bugalugs-papaijas-un-kokosrieksta-aromata-2-in-1-sampuns-250-ml\/","og_locale":"lv_LV","og_type":"article","og_title":"Bugalugs Papaijas un Kokosrieksta Arom\u0101ta 2-in-1 \u0160amp\u016bns 250 ml - MiuMjau","og_description":"Ilgnotur\u012bga papaijas un kokosrieksta arom\u0101ta 2-in-1 \u0161amp\u016bns ar kondicionieri su\u0146iem, kas nomierina, att\u012bra, kopj un mitrina. \u0160amp\u016bns dzi\u013ci att\u012bra apmatojumu, nekairinot \u0101du, atst\u0101jot spalvu t\u012bru, m\u012bkstu un neatvair\u0101mi smar\u017e\u012bgu. Piem\u0113rots su\u0146iem no 8 ned\u0113\u013cu vecuma un visiem apmatojuma tipiem. Bez parab\u0113niem. \u0160is bag\u0101t\u012bgais papaijas un kokosrieksta arom\u0101ta 2-in-1 kondicion\u0113jo\u0161ais \u0161amp\u016bns satur koloid\u0101lus auzu miltus un kokosriekstu e\u013c\u013cu, kas att\u012bra, nomierina un baro su\u0146a \u0101du un apmatojumu. Lai izvair\u012btos no sausas \u0101das un pie\u0161\u0137irtu sp\u012bdumu, peldiniet savu m\u012bluli regul\u0101ri. Kokosriekstu e\u013c\u013ca maigi att\u012bra un mitrina, savuk\u0101rt papaija pal\u012bdz atjaunot \u0101das un apmatojuma dabisko mitruma l\u012bdzsvaru. Pat\u012bkamais tropiskais arom\u0101ts saglab\u0101jas ar\u012b p\u0113c mazg\u0101\u0161anas. Lieto\u0161ana: Samitriniet su\u0146a apmatojumu ar siltu \u016bdeni. Var at\u0161\u0137aid\u012bt attiec\u012bb\u0101 10:1. Uzkl\u0101jiet \u0161amp\u016bnu, saputojiet un r\u016bp\u012bgi noskalojiet. Nosusiniet. Izvair\u012bties no saskares ar ac\u012bm \u2013 ja tas notiek, skalot ar lielu \u016bdens daudzumu. Glab\u0101t b\u0113rniem nepieejam\u0101 viet\u0101. Sast\u0101vs: Aqua, Sodium Laureth Sulfate, Glycerin, Cocamidopropyl Betaine, Coco-Glucoside, Glyceryl Oleate, Parfum, Polyglyceryl-2 Caprate, Glycol Distearate, Sodium Chloride, Benzophenone-4, Sodium Hydroxide, Citric Acid, Laureth-4, Coconut Oil, Papaya Fruit Extract, Avena Sativa (Auzu) Kernel Flour, Lactic Acid, Hydrogenated Palm Glycerides Citrate, Tocopherol, Leuconostoc\/Radish Root Ferment Filtrate, Polysorbate 20, Polyquaternium-4, Phenoxyethanol, CI 11. Ra\u017eot\u0101js: Lakeland Cosmetics","og_url":"https:\/\/miumjau.ee\/lv\/produkts\/bugalugs-papaijas-un-kokosrieksta-aromata-2-in-1-sampuns-250-ml\/","og_site_name":"MiuMjau","article_publisher":"https:\/\/www.facebook.com\/miumjaupood\/","article_modified_time":"2026-01-07T19:16:30+00:00","og_image":[{"width":600,"height":800,"url":"https:\/\/miumjau.ee\/wp-content\/uploads\/2025\/06\/bugalugs-2in1-sampoon-papaia-kookos2-1.webp","type":"image\/webp"}],"twitter_card":"summary_large_image","schema":{"@context":"https:\/\/schema.org","@graph":[{"@type":"WebPage","@id":"https:\/\/miumjau.ee\/lv\/produkts\/bugalugs-papaijas-un-kokosrieksta-aromata-2-in-1-sampuns-250-ml\/","url":"https:\/\/miumjau.ee\/lv\/produkts\/bugalugs-papaijas-un-kokosrieksta-aromata-2-in-1-sampuns-250-ml\/","name":"Bugalugs Papaijas un Kokosrieksta Arom\u0101ta 2-in-1 \u0160amp\u016bns 250 ml - MiuMjau","isPartOf":{"@id":"https:\/\/miumjau.ee\/#website"},"primaryImageOfPage":{"@id":"https:\/\/miumjau.ee\/lv\/produkts\/bugalugs-papaijas-un-kokosrieksta-aromata-2-in-1-sampuns-250-ml\/#primaryimage"},"image":{"@id":"https:\/\/miumjau.ee\/lv\/produkts\/bugalugs-papaijas-un-kokosrieksta-aromata-2-in-1-sampuns-250-ml\/#primaryimage"},"thumbnailUrl":"https:\/\/miumjau.ee\/wp-content\/uploads\/2025\/06\/bugalugs-2in1-sampoon-papaia-kookos2-1.webp","datePublished":"2025-06-18T14:32:38+00:00","dateModified":"2026-01-07T19:16:30+00:00","breadcrumb":{"@id":"https:\/\/miumjau.ee\/lv\/produkts\/bugalugs-papaijas-un-kokosrieksta-aromata-2-in-1-sampuns-250-ml\/#breadcrumb"},"inLanguage":"lv-LV","potentialAction":[{"@type":"ReadAction","target":["https:\/\/miumjau.ee\/lv\/produkts\/bugalugs-papaijas-un-kokosrieksta-aromata-2-in-1-sampuns-250-ml\/"]}]},{"@type":"ImageObject","inLanguage":"lv-LV","@id":"https:\/\/miumjau.ee\/lv\/produkts\/bugalugs-papaijas-un-kokosrieksta-aromata-2-in-1-sampuns-250-ml\/#primaryimage","url":"https:\/\/miumjau.ee\/wp-content\/uploads\/2025\/06\/bugalugs-2in1-sampoon-papaia-kookos2-1.webp","contentUrl":"https:\/\/miumjau.ee\/wp-content\/uploads\/2025\/06\/bugalugs-2in1-sampoon-papaia-kookos2-1.webp","width":600,"height":800},{"@type":"BreadcrumbList","@id":"https:\/\/miumjau.ee\/lv\/produkts\/bugalugs-papaijas-un-kokosrieksta-aromata-2-in-1-sampuns-250-ml\/#breadcrumb","itemListElement":[{"@type":"ListItem","position":1,"name":"Home","item":"https:\/\/miumjau.ee\/lv\/"},{"@type":"ListItem","position":2,"name":"Veikals","item":"https:\/\/miumjau.ee\/lv\/veikals\/"},{"@type":"ListItem","position":3,"name":"Bugalugs Papaijas un Kokosrieksta Arom\u0101ta 2-in-1 \u0160amp\u016bns 250 ml"}]},{"@type":"WebSite","@id":"https:\/\/miumjau.ee\/#website","url":"https:\/\/miumjau.ee\/","name":"MiuMjau","description":"Kraapimispuud kassidele","publisher":{"@id":"https:\/\/miumjau.ee\/#organization"},"potentialAction":[{"@type":"SearchAction","target":{"@type":"EntryPoint","urlTemplate":"https:\/\/miumjau.ee\/?s={search_term_string}"},"query-input":{"@type":"PropertyValueSpecification","valueRequired":true,"valueName":"search_term_string"}}],"inLanguage":"lv-LV"},{"@type":"Organization","@id":"https:\/\/miumjau.ee\/#organization","name":"MiuMjau O\u00dc","url":"https:\/\/miumjau.ee\/","logo":{"@type":"ImageObject","inLanguage":"lv-LV","@id":"https:\/\/miumjau.ee\/#\/schema\/logo\/image\/","url":"https:\/\/miumjau.ee\/wp-content\/uploads\/2022\/04\/MiuMjau-logo-kollane.png","contentUrl":"https:\/\/miumjau.ee\/wp-content\/uploads\/2022\/04\/MiuMjau-logo-kollane.png","width":219,"height":100,"caption":"MiuMjau O\u00dc"},"image":{"@id":"https:\/\/miumjau.ee\/#\/schema\/logo\/image\/"},"sameAs":["https:\/\/www.facebook.com\/miumjaupood\/"]}]}},"_links":{"self":[{"href":"https:\/\/miumjau.ee\/lv\/wp-json\/wp\/v2\/product\/49310","targetHints":{"allow":["GET"]}}],"collection":[{"href":"https:\/\/miumjau.ee\/lv\/wp-json\/wp\/v2\/product"}],"about":[{"href":"https:\/\/miumjau.ee\/lv\/wp-json\/wp\/v2\/types\/product"}],"wp:featuredmedia":[{"embeddable":true,"href":"https:\/\/miumjau.ee\/lv\/wp-json\/wp\/v2\/media\/49307"}],"wp:attachment":[{"href":"https:\/\/miumjau.ee\/lv\/wp-json\/wp\/v2\/media?parent=49310"}],"wp:term":[{"taxonomy":"product_brand","embeddable":true,"href":"https:\/\/miumjau.ee\/lv\/wp-json\/wp\/v2\/product_brand?post=49310"},{"taxonomy":"product_cat","embeddable":true,"href":"https:\/\/miumjau.ee\/lv\/wp-json\/wp\/v2\/product_cat?post=49310"},{"taxonomy":"product_tag","embeddable":true,"href":"https:\/\/miumjau.ee\/lv\/wp-json\/wp\/v2\/product_tag?post=49310"}],"curies":[{"name":"wp","href":"https:\/\/api.w.org\/{rel}","templated":true}]}}