{"id":49290,"date":"2025-06-18T17:57:51","date_gmt":"2025-06-18T14:57:51","guid":{"rendered":"https:\/\/miumjau.ee\/toode\/bugalugs-ausu-tirisanas-salvetes-kakiem-100-gab\/"},"modified":"2026-01-07T21:16:30","modified_gmt":"2026-01-07T19:16:30","slug":"bugalugs-ausu-tirisanas-salvetes-kakiem-100-gab","status":"publish","type":"product","link":"https:\/\/miumjau.ee\/lv\/produkts\/bugalugs-ausu-tirisanas-salvetes-kakiem-100-gab\/","title":{"rendered":"Bugalugs Ausu T\u012br\u012b\u0161anas Salvetes Ka\u0137iem 100 gab."},"content":{"rendered":"","protected":false},"excerpt":{"rendered":"<p data-start=\"2266\" data-end=\"2582\">Bugalugs ka\u0137u ausu t\u012br\u012b\u0161anas salvetes pal\u012bdz uztur\u0113t j\u016bsu ka\u0137a ausis t\u012bras un veselas, maigi un efekt\u012bvi no\u0146emot net\u012brumus un ausu s\u0113ru, pateicoties dab\u012bgai sast\u0101vda\u013cu formulai. Iepriek\u0161 samitrin\u0101t\u0101s salvetes ir 100 % biolo\u0123iski no\u0101rd\u0101mas un dro\u0161as ikdienas lieto\u0161anai, pal\u012bdz mazin\u0101t niezi un veicina ausu vesel\u012bbu.<\/p>\n<p data-start=\"2584\" data-end=\"2780\"><strong data-start=\"2584\" data-end=\"2598\">Lieto\u0161ana:<\/strong> Maigi paceliet ka\u0137a ausi un not\u012briet redzamo zonu. Katram ausim izmantojiet jaunu salveti un p\u0113c lieto\u0161anas to izmetiet. Labas ausu higi\u0113nas nodro\u0161in\u0101\u0161anai lietot 1\u20132 reizes ned\u0113\u013c\u0101.<\/p>\n<p data-start=\"2782\" data-end=\"2999\"><strong data-start=\"2782\" data-end=\"2798\">BR\u012aDIN\u0100JUMS:<\/strong> Tikai \u0101r\u012bgai lieto\u0161anai. Izvair\u012bties no saskares ar ac\u012bm. Ja produkts nok\u013c\u016bst ac\u012bs, r\u016bp\u012bgi skalot ar \u016bdeni. Ja kairin\u0101jums nep\u0101riet, konsult\u0113jieties ar veterin\u0101r\u0101rstu. Glab\u0101t b\u0113rniem nepieejam\u0101 viet\u0101.<\/p>\n<p data-start=\"3001\" data-end=\"3272\"><strong data-start=\"3001\" data-end=\"3017\">Sast\u0101vda\u013cas:<\/strong> Aqua, Glycerin, Decyl Glucoside, Citrus Aurantium Bergamia (Bergamotes) Leaf Extract, Citrus Aurantifolia (Laimas) Fruit Extract, Citrus Aurantium Dulcis (Apels\u012bna) Fruit Extract, Citrus Grandis (Greipfr\u016bta) Extract, Citrus Limon (Citrona) Fruit Extract.<\/p>\n","protected":false},"featured_media":49291,"template":"","meta":[],"product_brand":[],"product_cat":[589],"product_tag":[],"class_list":{"0":"post-49290","1":"product","2":"type-product","3":"status-publish","4":"has-post-thumbnail","6":"product_cat-citi-piederumi","8":"first","9":"instock","10":"taxable","11":"shipping-taxable","12":"purchasable","13":"product-type-simple"},"yoast_head":"<!-- This site is optimized with the Yoast SEO plugin v27.2 - https:\/\/yoast.com\/product\/yoast-seo-wordpress\/ -->\n<title>Bugalugs Ausu T\u012br\u012b\u0161anas Salvetes Ka\u0137iem 100 gab. - MiuMjau<\/title>\n<meta name=\"robots\" content=\"index, follow, max-snippet:-1, max-image-preview:large, max-video-preview:-1\" \/>\n<link rel=\"canonical\" href=\"https:\/\/miumjau.ee\/lv\/produkts\/bugalugs-ausu-tirisanas-salvetes-kakiem-100-gab\/\" \/>\n<meta property=\"og:locale\" content=\"lv_LV\" \/>\n<meta property=\"og:type\" content=\"article\" \/>\n<meta property=\"og:title\" content=\"Bugalugs Ausu T\u012br\u012b\u0161anas Salvetes Ka\u0137iem 100 gab. - MiuMjau\" \/>\n<meta property=\"og:description\" content=\"Bugalugs ka\u0137u ausu t\u012br\u012b\u0161anas salvetes pal\u012bdz uztur\u0113t j\u016bsu ka\u0137a ausis t\u012bras un veselas, maigi un efekt\u012bvi no\u0146emot net\u012brumus un ausu s\u0113ru, pateicoties dab\u012bgai sast\u0101vda\u013cu formulai. Iepriek\u0161 samitrin\u0101t\u0101s salvetes ir 100 % biolo\u0123iski no\u0101rd\u0101mas un dro\u0161as ikdienas lieto\u0161anai, pal\u012bdz mazin\u0101t niezi un veicina ausu vesel\u012bbu. Lieto\u0161ana: Maigi paceliet ka\u0137a ausi un not\u012briet redzamo zonu. Katram ausim izmantojiet jaunu salveti un p\u0113c lieto\u0161anas to izmetiet. Labas ausu higi\u0113nas nodro\u0161in\u0101\u0161anai lietot 1\u20132 reizes ned\u0113\u013c\u0101. BR\u012aDIN\u0100JUMS: Tikai \u0101r\u012bgai lieto\u0161anai. Izvair\u012bties no saskares ar ac\u012bm. Ja produkts nok\u013c\u016bst ac\u012bs, r\u016bp\u012bgi skalot ar \u016bdeni. Ja kairin\u0101jums nep\u0101riet, konsult\u0113jieties ar veterin\u0101r\u0101rstu. Glab\u0101t b\u0113rniem nepieejam\u0101 viet\u0101. Sast\u0101vda\u013cas: Aqua, Glycerin, Decyl Glucoside, Citrus Aurantium Bergamia (Bergamotes) Leaf Extract, Citrus Aurantifolia (Laimas) Fruit Extract, Citrus Aurantium Dulcis (Apels\u012bna) Fruit Extract, Citrus Grandis (Greipfr\u016bta) Extract, Citrus Limon (Citrona) Fruit Extract.\" \/>\n<meta property=\"og:url\" content=\"https:\/\/miumjau.ee\/lv\/produkts\/bugalugs-ausu-tirisanas-salvetes-kakiem-100-gab\/\" \/>\n<meta property=\"og:site_name\" content=\"MiuMjau\" \/>\n<meta property=\"article:publisher\" content=\"https:\/\/www.facebook.com\/miumjaupood\/\" \/>\n<meta property=\"article:modified_time\" content=\"2026-01-07T19:16:30+00:00\" \/>\n<meta property=\"og:image\" content=\"https:\/\/miumjau.ee\/wp-content\/uploads\/2025\/06\/bugalugs-kassi-korvapuhastuslapid-100tk1.webp\" \/>\n\t<meta property=\"og:image:width\" content=\"600\" \/>\n\t<meta property=\"og:image:height\" content=\"800\" \/>\n\t<meta property=\"og:image:type\" content=\"image\/webp\" \/>\n<meta name=\"twitter:card\" content=\"summary_large_image\" \/>\n<script type=\"application\/ld+json\" class=\"yoast-schema-graph\">{\"@context\":\"https:\/\/schema.org\",\"@graph\":[{\"@type\":\"WebPage\",\"@id\":\"https:\/\/miumjau.ee\/lv\/produkts\/bugalugs-ausu-tirisanas-salvetes-kakiem-100-gab\/\",\"url\":\"https:\/\/miumjau.ee\/lv\/produkts\/bugalugs-ausu-tirisanas-salvetes-kakiem-100-gab\/\",\"name\":\"Bugalugs Ausu T\u012br\u012b\u0161anas Salvetes Ka\u0137iem 100 gab. - MiuMjau\",\"isPartOf\":{\"@id\":\"https:\/\/miumjau.ee\/#website\"},\"primaryImageOfPage\":{\"@id\":\"https:\/\/miumjau.ee\/lv\/produkts\/bugalugs-ausu-tirisanas-salvetes-kakiem-100-gab\/#primaryimage\"},\"image\":{\"@id\":\"https:\/\/miumjau.ee\/lv\/produkts\/bugalugs-ausu-tirisanas-salvetes-kakiem-100-gab\/#primaryimage\"},\"thumbnailUrl\":\"https:\/\/miumjau.ee\/wp-content\/uploads\/2025\/06\/bugalugs-kassi-korvapuhastuslapid-100tk1.webp\",\"datePublished\":\"2025-06-18T14:57:51+00:00\",\"dateModified\":\"2026-01-07T19:16:30+00:00\",\"breadcrumb\":{\"@id\":\"https:\/\/miumjau.ee\/lv\/produkts\/bugalugs-ausu-tirisanas-salvetes-kakiem-100-gab\/#breadcrumb\"},\"inLanguage\":\"lv-LV\",\"potentialAction\":[{\"@type\":\"ReadAction\",\"target\":[\"https:\/\/miumjau.ee\/lv\/produkts\/bugalugs-ausu-tirisanas-salvetes-kakiem-100-gab\/\"]}]},{\"@type\":\"ImageObject\",\"inLanguage\":\"lv-LV\",\"@id\":\"https:\/\/miumjau.ee\/lv\/produkts\/bugalugs-ausu-tirisanas-salvetes-kakiem-100-gab\/#primaryimage\",\"url\":\"https:\/\/miumjau.ee\/wp-content\/uploads\/2025\/06\/bugalugs-kassi-korvapuhastuslapid-100tk1.webp\",\"contentUrl\":\"https:\/\/miumjau.ee\/wp-content\/uploads\/2025\/06\/bugalugs-kassi-korvapuhastuslapid-100tk1.webp\",\"width\":600,\"height\":800},{\"@type\":\"BreadcrumbList\",\"@id\":\"https:\/\/miumjau.ee\/lv\/produkts\/bugalugs-ausu-tirisanas-salvetes-kakiem-100-gab\/#breadcrumb\",\"itemListElement\":[{\"@type\":\"ListItem\",\"position\":1,\"name\":\"Home\",\"item\":\"https:\/\/miumjau.ee\/lv\/\"},{\"@type\":\"ListItem\",\"position\":2,\"name\":\"Veikals\",\"item\":\"https:\/\/miumjau.ee\/lv\/veikals\/\"},{\"@type\":\"ListItem\",\"position\":3,\"name\":\"Bugalugs Ausu T\u012br\u012b\u0161anas Salvetes Ka\u0137iem 100 gab.\"}]},{\"@type\":\"WebSite\",\"@id\":\"https:\/\/miumjau.ee\/#website\",\"url\":\"https:\/\/miumjau.ee\/\",\"name\":\"MiuMjau\",\"description\":\"Kraapimispuud kassidele\",\"publisher\":{\"@id\":\"https:\/\/miumjau.ee\/#organization\"},\"potentialAction\":[{\"@type\":\"SearchAction\",\"target\":{\"@type\":\"EntryPoint\",\"urlTemplate\":\"https:\/\/miumjau.ee\/?s={search_term_string}\"},\"query-input\":{\"@type\":\"PropertyValueSpecification\",\"valueRequired\":true,\"valueName\":\"search_term_string\"}}],\"inLanguage\":\"lv-LV\"},{\"@type\":\"Organization\",\"@id\":\"https:\/\/miumjau.ee\/#organization\",\"name\":\"MiuMjau O\u00dc\",\"url\":\"https:\/\/miumjau.ee\/\",\"logo\":{\"@type\":\"ImageObject\",\"inLanguage\":\"lv-LV\",\"@id\":\"https:\/\/miumjau.ee\/#\/schema\/logo\/image\/\",\"url\":\"https:\/\/miumjau.ee\/wp-content\/uploads\/2022\/04\/MiuMjau-logo-kollane.png\",\"contentUrl\":\"https:\/\/miumjau.ee\/wp-content\/uploads\/2022\/04\/MiuMjau-logo-kollane.png\",\"width\":219,\"height\":100,\"caption\":\"MiuMjau O\u00dc\"},\"image\":{\"@id\":\"https:\/\/miumjau.ee\/#\/schema\/logo\/image\/\"},\"sameAs\":[\"https:\/\/www.facebook.com\/miumjaupood\/\"]}]}<\/script>\n<!-- \/ Yoast SEO plugin. -->","yoast_head_json":{"title":"Bugalugs Ausu T\u012br\u012b\u0161anas Salvetes Ka\u0137iem 100 gab. - MiuMjau","robots":{"index":"index","follow":"follow","max-snippet":"max-snippet:-1","max-image-preview":"max-image-preview:large","max-video-preview":"max-video-preview:-1"},"canonical":"https:\/\/miumjau.ee\/lv\/produkts\/bugalugs-ausu-tirisanas-salvetes-kakiem-100-gab\/","og_locale":"lv_LV","og_type":"article","og_title":"Bugalugs Ausu T\u012br\u012b\u0161anas Salvetes Ka\u0137iem 100 gab. - MiuMjau","og_description":"Bugalugs ka\u0137u ausu t\u012br\u012b\u0161anas salvetes pal\u012bdz uztur\u0113t j\u016bsu ka\u0137a ausis t\u012bras un veselas, maigi un efekt\u012bvi no\u0146emot net\u012brumus un ausu s\u0113ru, pateicoties dab\u012bgai sast\u0101vda\u013cu formulai. Iepriek\u0161 samitrin\u0101t\u0101s salvetes ir 100 % biolo\u0123iski no\u0101rd\u0101mas un dro\u0161as ikdienas lieto\u0161anai, pal\u012bdz mazin\u0101t niezi un veicina ausu vesel\u012bbu. Lieto\u0161ana: Maigi paceliet ka\u0137a ausi un not\u012briet redzamo zonu. Katram ausim izmantojiet jaunu salveti un p\u0113c lieto\u0161anas to izmetiet. Labas ausu higi\u0113nas nodro\u0161in\u0101\u0161anai lietot 1\u20132 reizes ned\u0113\u013c\u0101. BR\u012aDIN\u0100JUMS: Tikai \u0101r\u012bgai lieto\u0161anai. Izvair\u012bties no saskares ar ac\u012bm. Ja produkts nok\u013c\u016bst ac\u012bs, r\u016bp\u012bgi skalot ar \u016bdeni. Ja kairin\u0101jums nep\u0101riet, konsult\u0113jieties ar veterin\u0101r\u0101rstu. Glab\u0101t b\u0113rniem nepieejam\u0101 viet\u0101. Sast\u0101vda\u013cas: Aqua, Glycerin, Decyl Glucoside, Citrus Aurantium Bergamia (Bergamotes) Leaf Extract, Citrus Aurantifolia (Laimas) Fruit Extract, Citrus Aurantium Dulcis (Apels\u012bna) Fruit Extract, Citrus Grandis (Greipfr\u016bta) Extract, Citrus Limon (Citrona) Fruit Extract.","og_url":"https:\/\/miumjau.ee\/lv\/produkts\/bugalugs-ausu-tirisanas-salvetes-kakiem-100-gab\/","og_site_name":"MiuMjau","article_publisher":"https:\/\/www.facebook.com\/miumjaupood\/","article_modified_time":"2026-01-07T19:16:30+00:00","og_image":[{"width":600,"height":800,"url":"https:\/\/miumjau.ee\/wp-content\/uploads\/2025\/06\/bugalugs-kassi-korvapuhastuslapid-100tk1.webp","type":"image\/webp"}],"twitter_card":"summary_large_image","schema":{"@context":"https:\/\/schema.org","@graph":[{"@type":"WebPage","@id":"https:\/\/miumjau.ee\/lv\/produkts\/bugalugs-ausu-tirisanas-salvetes-kakiem-100-gab\/","url":"https:\/\/miumjau.ee\/lv\/produkts\/bugalugs-ausu-tirisanas-salvetes-kakiem-100-gab\/","name":"Bugalugs Ausu T\u012br\u012b\u0161anas Salvetes Ka\u0137iem 100 gab. - MiuMjau","isPartOf":{"@id":"https:\/\/miumjau.ee\/#website"},"primaryImageOfPage":{"@id":"https:\/\/miumjau.ee\/lv\/produkts\/bugalugs-ausu-tirisanas-salvetes-kakiem-100-gab\/#primaryimage"},"image":{"@id":"https:\/\/miumjau.ee\/lv\/produkts\/bugalugs-ausu-tirisanas-salvetes-kakiem-100-gab\/#primaryimage"},"thumbnailUrl":"https:\/\/miumjau.ee\/wp-content\/uploads\/2025\/06\/bugalugs-kassi-korvapuhastuslapid-100tk1.webp","datePublished":"2025-06-18T14:57:51+00:00","dateModified":"2026-01-07T19:16:30+00:00","breadcrumb":{"@id":"https:\/\/miumjau.ee\/lv\/produkts\/bugalugs-ausu-tirisanas-salvetes-kakiem-100-gab\/#breadcrumb"},"inLanguage":"lv-LV","potentialAction":[{"@type":"ReadAction","target":["https:\/\/miumjau.ee\/lv\/produkts\/bugalugs-ausu-tirisanas-salvetes-kakiem-100-gab\/"]}]},{"@type":"ImageObject","inLanguage":"lv-LV","@id":"https:\/\/miumjau.ee\/lv\/produkts\/bugalugs-ausu-tirisanas-salvetes-kakiem-100-gab\/#primaryimage","url":"https:\/\/miumjau.ee\/wp-content\/uploads\/2025\/06\/bugalugs-kassi-korvapuhastuslapid-100tk1.webp","contentUrl":"https:\/\/miumjau.ee\/wp-content\/uploads\/2025\/06\/bugalugs-kassi-korvapuhastuslapid-100tk1.webp","width":600,"height":800},{"@type":"BreadcrumbList","@id":"https:\/\/miumjau.ee\/lv\/produkts\/bugalugs-ausu-tirisanas-salvetes-kakiem-100-gab\/#breadcrumb","itemListElement":[{"@type":"ListItem","position":1,"name":"Home","item":"https:\/\/miumjau.ee\/lv\/"},{"@type":"ListItem","position":2,"name":"Veikals","item":"https:\/\/miumjau.ee\/lv\/veikals\/"},{"@type":"ListItem","position":3,"name":"Bugalugs Ausu T\u012br\u012b\u0161anas Salvetes Ka\u0137iem 100 gab."}]},{"@type":"WebSite","@id":"https:\/\/miumjau.ee\/#website","url":"https:\/\/miumjau.ee\/","name":"MiuMjau","description":"Kraapimispuud kassidele","publisher":{"@id":"https:\/\/miumjau.ee\/#organization"},"potentialAction":[{"@type":"SearchAction","target":{"@type":"EntryPoint","urlTemplate":"https:\/\/miumjau.ee\/?s={search_term_string}"},"query-input":{"@type":"PropertyValueSpecification","valueRequired":true,"valueName":"search_term_string"}}],"inLanguage":"lv-LV"},{"@type":"Organization","@id":"https:\/\/miumjau.ee\/#organization","name":"MiuMjau O\u00dc","url":"https:\/\/miumjau.ee\/","logo":{"@type":"ImageObject","inLanguage":"lv-LV","@id":"https:\/\/miumjau.ee\/#\/schema\/logo\/image\/","url":"https:\/\/miumjau.ee\/wp-content\/uploads\/2022\/04\/MiuMjau-logo-kollane.png","contentUrl":"https:\/\/miumjau.ee\/wp-content\/uploads\/2022\/04\/MiuMjau-logo-kollane.png","width":219,"height":100,"caption":"MiuMjau O\u00dc"},"image":{"@id":"https:\/\/miumjau.ee\/#\/schema\/logo\/image\/"},"sameAs":["https:\/\/www.facebook.com\/miumjaupood\/"]}]}},"_links":{"self":[{"href":"https:\/\/miumjau.ee\/lv\/wp-json\/wp\/v2\/product\/49290","targetHints":{"allow":["GET"]}}],"collection":[{"href":"https:\/\/miumjau.ee\/lv\/wp-json\/wp\/v2\/product"}],"about":[{"href":"https:\/\/miumjau.ee\/lv\/wp-json\/wp\/v2\/types\/product"}],"wp:featuredmedia":[{"embeddable":true,"href":"https:\/\/miumjau.ee\/lv\/wp-json\/wp\/v2\/media\/49291"}],"wp:attachment":[{"href":"https:\/\/miumjau.ee\/lv\/wp-json\/wp\/v2\/media?parent=49290"}],"wp:term":[{"taxonomy":"product_brand","embeddable":true,"href":"https:\/\/miumjau.ee\/lv\/wp-json\/wp\/v2\/product_brand?post=49290"},{"taxonomy":"product_cat","embeddable":true,"href":"https:\/\/miumjau.ee\/lv\/wp-json\/wp\/v2\/product_cat?post=49290"},{"taxonomy":"product_tag","embeddable":true,"href":"https:\/\/miumjau.ee\/lv\/wp-json\/wp\/v2\/product_tag?post=49290"}],"curies":[{"name":"wp","href":"https:\/\/api.w.org\/{rel}","templated":true}]}}