{"id":49287,"date":"2025-06-18T18:06:26","date_gmt":"2025-06-18T15:06:26","guid":{"rendered":"https:\/\/miumjau.ee\/toode\/bugalugs-luxury-2in1-sampuns-un-kondicionieris-kakiem-250-ml\/"},"modified":"2026-01-07T21:16:30","modified_gmt":"2026-01-07T19:16:30","slug":"bugalugs-luxury-2in1-sampuns-un-kondicionieris-kakiem-250-ml","status":"publish","type":"product","link":"https:\/\/miumjau.ee\/lv\/produkts\/bugalugs-luxury-2in1-sampuns-un-kondicionieris-kakiem-250-ml\/","title":{"rendered":"Bugalugs Luxury 2in1 \u0160amp\u016bns un Kondicionieris Ka\u0137iem 250 ml"},"content":{"rendered":"","protected":false},"excerpt":{"rendered":"<p data-start=\"4319\" data-end=\"4501\">Bugalugs Luxury 2in1 \u0161amp\u016bns un kondicionieris ka\u0137iem ir bag\u0101tin\u0101ts ar papaiju un kokosriekstu, lai palutin\u0101tu j\u016bsu ka\u0137i ar grezn\u0101m put\u0101m un nodro\u0161in\u0101tu ilgnotur\u012bgu tropisku arom\u0101tu.<\/p>\n<p data-start=\"4503\" data-end=\"4879\">\u0160is neatvair\u0101mi smar\u017eojo\u0161ais \u0161amp\u016bns ar kondicionieri satur koloid\u0101lo auzu ekstraktu un kokosriekstu e\u013c\u013cu, kas att\u012bra, nomierina un baro ka\u0137a \u0101du un apmatojumu. Lai nov\u0113rstu sausu \u0101du un ieg\u016btu vesel\u012bgu sp\u012bdumu, lietojiet \u0161o augu izcelsmes kondicionieri regul\u0101ri. K\u0101 iecien\u012bts mazg\u0101\u0161an\u0101s l\u012bdzeklis tas atdz\u012bvina apmatojumu, dzi\u013ci att\u012bra un atvieglo sav\u0113lu\u0161os spalvu \u0137emm\u0113\u0161anu!<\/p>\n<p data-start=\"4881\" data-end=\"5246\">\u0160is ekskluz\u012bvais \u0161amp\u016bns un kondicionieris ir ide\u0101ls lutin\u0101\u0161anas kop\u0161anas l\u012bdzeklis! Satur dab\u012bgas sast\u0101vda\u013cas, piem\u0113ram, kokosriekstu e\u013c\u013cu un papaiju. Kokosriekstu e\u013c\u013cai piem\u012bt maigas att\u012bro\u0161as un mitrino\u0161as \u012bpa\u0161\u012bbas, savuk\u0101rt papaija pal\u012bdz atjaunot \u0101das un apmatojuma dabisko mitruma l\u012bdzsvaru. Apvienojum\u0101 ar tropisko arom\u0101tu ka\u0137is smar\u017eos un jut\u012bsies lieliski!<\/p>\n<p data-start=\"5248\" data-end=\"5261\"><strong data-start=\"5248\" data-end=\"5261\">\u012apa\u0161\u012bbas:<\/strong><\/p>\n<ul data-start=\"5262\" data-end=\"5669\">\n<li data-start=\"5262\" data-end=\"5310\">\n<p data-start=\"5264\" data-end=\"5310\">Dabiski barojo\u0161s un mitrino\u0161s kondicionieris<\/p>\n<\/li>\n<li data-start=\"5311\" data-end=\"5367\">\n<p data-start=\"5313\" data-end=\"5367\">Maigi att\u012bra apmatojumu, no\u0146emot taukus un net\u012brumus<\/p>\n<\/li>\n<li data-start=\"5368\" data-end=\"5409\">\n<p data-start=\"5370\" data-end=\"5409\">Ilgnotur\u012bgs grezns tropiskais arom\u0101ts<\/p>\n<\/li>\n<li data-start=\"5410\" data-end=\"5457\">\n<p data-start=\"5412\" data-end=\"5457\">Veg\u0101ns un bez izm\u0113\u0123in\u0101jumiem uz dz\u012bvniekiem<\/p>\n<\/li>\n<li data-start=\"5458\" data-end=\"5490\">\n<p data-start=\"5460\" data-end=\"5490\">Ra\u017eots Apvienotaj\u0101 Karalist\u0113<\/p>\n<\/li>\n<li data-start=\"5491\" data-end=\"5568\">\n<p data-start=\"5493\" data-end=\"5568\">Izmantotais \u016bdens n\u0101k no UNESCO Pasaules mantojuma vietas \u2013 Leikdistrikta<\/p>\n<\/li>\n<li data-start=\"5569\" data-end=\"5605\">\n<p data-start=\"5571\" data-end=\"5605\">pH l\u012bdzsvarots un bez parab\u0113niem<\/p>\n<\/li>\n<li data-start=\"5606\" data-end=\"5669\">\n<p data-start=\"5608\" data-end=\"5669\">Pudele izgatavota no p\u0101rstr\u0101d\u0101ta un p\u0101rstr\u0101d\u0101jama materi\u0101la<\/p>\n<\/li>\n<\/ul>\n<p data-start=\"5671\" data-end=\"5905\"><strong data-start=\"5671\" data-end=\"5697\">Lieto\u0161anas nor\u0101d\u012bjumi:<\/strong> Samitriniet ka\u0137a apmatojumu ar siltu \u016bdeni. Uzkl\u0101jiet \u0161amp\u016bnu, saputojiet, r\u016bp\u012bgi noskalojiet un nosusiniet. Izvair\u012bties no saskares ar ac\u012bm \u2013 ja tas notiek, skalot ar \u016bdeni. Glab\u0101t b\u0113rniem nepieejam\u0101 viet\u0101.<\/p>\n<p data-start=\"5907\" data-end=\"6314\"><strong data-start=\"5907\" data-end=\"5923\">Sast\u0101vda\u013cas:<\/strong> Aqua, Sodium Laureth Sulfate, Glycerin, Cocamidopropyl Betaine, Coco-Glucoside, Glyceryl Oleate, Fragrance (Parfum), Polyglyceryl-2 Caprate, Sodium Chloride, Benzophenone-4, Sodium Hydroxide, Citric Acid, Cocos Nucifera (Kokosriekstu) Oil, Carica Papaya (Papaijas) Fruit Extract, Hydrogenated Palm Glycerides Citrate, Tocopherol, Polyquaternium-7, Phenoxyethanol, Sodium Benzoate, CI 14700.<\/p>\n","protected":false},"featured_media":49283,"template":"","meta":[],"product_brand":[],"product_cat":[589],"product_tag":[],"class_list":{"0":"post-49287","1":"product","2":"type-product","3":"status-publish","4":"has-post-thumbnail","6":"product_cat-citi-piederumi","8":"first","9":"instock","10":"sale","11":"taxable","12":"shipping-taxable","13":"purchasable","14":"product-type-simple"},"yoast_head":"<!-- This site is optimized with the Yoast SEO plugin v27.2 - https:\/\/yoast.com\/product\/yoast-seo-wordpress\/ -->\n<title>Bugalugs Luxury 2in1 \u0160amp\u016bns un Kondicionieris Ka\u0137iem 250 ml - MiuMjau<\/title>\n<meta name=\"robots\" content=\"index, follow, max-snippet:-1, max-image-preview:large, max-video-preview:-1\" \/>\n<link rel=\"canonical\" href=\"https:\/\/miumjau.ee\/lv\/produkts\/bugalugs-luxury-2in1-sampuns-un-kondicionieris-kakiem-250-ml\/\" \/>\n<meta property=\"og:locale\" content=\"lv_LV\" \/>\n<meta property=\"og:type\" content=\"article\" \/>\n<meta property=\"og:title\" content=\"Bugalugs Luxury 2in1 \u0160amp\u016bns un Kondicionieris Ka\u0137iem 250 ml - MiuMjau\" \/>\n<meta property=\"og:description\" content=\"Bugalugs Luxury 2in1 \u0161amp\u016bns un kondicionieris ka\u0137iem ir bag\u0101tin\u0101ts ar papaiju un kokosriekstu, lai palutin\u0101tu j\u016bsu ka\u0137i ar grezn\u0101m put\u0101m un nodro\u0161in\u0101tu ilgnotur\u012bgu tropisku arom\u0101tu. \u0160is neatvair\u0101mi smar\u017eojo\u0161ais \u0161amp\u016bns ar kondicionieri satur koloid\u0101lo auzu ekstraktu un kokosriekstu e\u013c\u013cu, kas att\u012bra, nomierina un baro ka\u0137a \u0101du un apmatojumu. Lai nov\u0113rstu sausu \u0101du un ieg\u016btu vesel\u012bgu sp\u012bdumu, lietojiet \u0161o augu izcelsmes kondicionieri regul\u0101ri. K\u0101 iecien\u012bts mazg\u0101\u0161an\u0101s l\u012bdzeklis tas atdz\u012bvina apmatojumu, dzi\u013ci att\u012bra un atvieglo sav\u0113lu\u0161os spalvu \u0137emm\u0113\u0161anu! \u0160is ekskluz\u012bvais \u0161amp\u016bns un kondicionieris ir ide\u0101ls lutin\u0101\u0161anas kop\u0161anas l\u012bdzeklis! Satur dab\u012bgas sast\u0101vda\u013cas, piem\u0113ram, kokosriekstu e\u013c\u013cu un papaiju. Kokosriekstu e\u013c\u013cai piem\u012bt maigas att\u012bro\u0161as un mitrino\u0161as \u012bpa\u0161\u012bbas, savuk\u0101rt papaija pal\u012bdz atjaunot \u0101das un apmatojuma dabisko mitruma l\u012bdzsvaru. Apvienojum\u0101 ar tropisko arom\u0101tu ka\u0137is smar\u017eos un jut\u012bsies lieliski! \u012apa\u0161\u012bbas:     Dabiski barojo\u0161s un mitrino\u0161s kondicionieris    Maigi att\u012bra apmatojumu, no\u0146emot taukus un net\u012brumus    Ilgnotur\u012bgs grezns tropiskais arom\u0101ts    Veg\u0101ns un bez izm\u0113\u0123in\u0101jumiem uz dz\u012bvniekiem    Ra\u017eots Apvienotaj\u0101 Karalist\u0113    Izmantotais \u016bdens n\u0101k no UNESCO Pasaules mantojuma vietas \u2013 Leikdistrikta    pH l\u012bdzsvarots un bez parab\u0113niem    Pudele izgatavota no p\u0101rstr\u0101d\u0101ta un p\u0101rstr\u0101d\u0101jama materi\u0101la   Lieto\u0161anas nor\u0101d\u012bjumi: Samitriniet ka\u0137a apmatojumu ar siltu \u016bdeni. Uzkl\u0101jiet \u0161amp\u016bnu, saputojiet, r\u016bp\u012bgi noskalojiet un nosusiniet. Izvair\u012bties no saskares ar ac\u012bm \u2013 ja tas notiek, skalot ar \u016bdeni. Glab\u0101t b\u0113rniem nepieejam\u0101 viet\u0101. Sast\u0101vda\u013cas: Aqua, Sodium Laureth Sulfate, Glycerin, Cocamidopropyl Betaine, Coco-Glucoside, Glyceryl Oleate, Fragrance (Parfum), Polyglyceryl-2 Caprate, Sodium Chloride, Benzophenone-4, Sodium Hydroxide, Citric Acid, Cocos Nucifera (Kokosriekstu) Oil, Carica Papaya (Papaijas) Fruit Extract, Hydrogenated Palm Glycerides Citrate, Tocopherol, Polyquaternium-7, Phenoxyethanol, Sodium Benzoate, CI 14700.\" \/>\n<meta property=\"og:url\" content=\"https:\/\/miumjau.ee\/lv\/produkts\/bugalugs-luxury-2in1-sampuns-un-kondicionieris-kakiem-250-ml\/\" \/>\n<meta property=\"og:site_name\" content=\"MiuMjau\" \/>\n<meta property=\"article:publisher\" content=\"https:\/\/www.facebook.com\/miumjaupood\/\" \/>\n<meta property=\"article:modified_time\" content=\"2026-01-07T19:16:30+00:00\" \/>\n<meta property=\"og:image\" content=\"https:\/\/miumjau.ee\/wp-content\/uploads\/2025\/06\/sampoon-kassidele-bugalugs-luxury2in12.webp\" \/>\n\t<meta property=\"og:image:width\" content=\"600\" \/>\n\t<meta property=\"og:image:height\" content=\"800\" \/>\n\t<meta property=\"og:image:type\" content=\"image\/webp\" \/>\n<meta name=\"twitter:card\" content=\"summary_large_image\" \/>\n<script type=\"application\/ld+json\" class=\"yoast-schema-graph\">{\"@context\":\"https:\/\/schema.org\",\"@graph\":[{\"@type\":\"WebPage\",\"@id\":\"https:\/\/miumjau.ee\/lv\/produkts\/bugalugs-luxury-2in1-sampuns-un-kondicionieris-kakiem-250-ml\/\",\"url\":\"https:\/\/miumjau.ee\/lv\/produkts\/bugalugs-luxury-2in1-sampuns-un-kondicionieris-kakiem-250-ml\/\",\"name\":\"Bugalugs Luxury 2in1 \u0160amp\u016bns un Kondicionieris Ka\u0137iem 250 ml - MiuMjau\",\"isPartOf\":{\"@id\":\"https:\/\/miumjau.ee\/#website\"},\"primaryImageOfPage\":{\"@id\":\"https:\/\/miumjau.ee\/lv\/produkts\/bugalugs-luxury-2in1-sampuns-un-kondicionieris-kakiem-250-ml\/#primaryimage\"},\"image\":{\"@id\":\"https:\/\/miumjau.ee\/lv\/produkts\/bugalugs-luxury-2in1-sampuns-un-kondicionieris-kakiem-250-ml\/#primaryimage\"},\"thumbnailUrl\":\"https:\/\/miumjau.ee\/wp-content\/uploads\/2025\/06\/sampoon-kassidele-bugalugs-luxury2in12.webp\",\"datePublished\":\"2025-06-18T15:06:26+00:00\",\"dateModified\":\"2026-01-07T19:16:30+00:00\",\"breadcrumb\":{\"@id\":\"https:\/\/miumjau.ee\/lv\/produkts\/bugalugs-luxury-2in1-sampuns-un-kondicionieris-kakiem-250-ml\/#breadcrumb\"},\"inLanguage\":\"lv-LV\",\"potentialAction\":[{\"@type\":\"ReadAction\",\"target\":[\"https:\/\/miumjau.ee\/lv\/produkts\/bugalugs-luxury-2in1-sampuns-un-kondicionieris-kakiem-250-ml\/\"]}]},{\"@type\":\"ImageObject\",\"inLanguage\":\"lv-LV\",\"@id\":\"https:\/\/miumjau.ee\/lv\/produkts\/bugalugs-luxury-2in1-sampuns-un-kondicionieris-kakiem-250-ml\/#primaryimage\",\"url\":\"https:\/\/miumjau.ee\/wp-content\/uploads\/2025\/06\/sampoon-kassidele-bugalugs-luxury2in12.webp\",\"contentUrl\":\"https:\/\/miumjau.ee\/wp-content\/uploads\/2025\/06\/sampoon-kassidele-bugalugs-luxury2in12.webp\",\"width\":600,\"height\":800},{\"@type\":\"BreadcrumbList\",\"@id\":\"https:\/\/miumjau.ee\/lv\/produkts\/bugalugs-luxury-2in1-sampuns-un-kondicionieris-kakiem-250-ml\/#breadcrumb\",\"itemListElement\":[{\"@type\":\"ListItem\",\"position\":1,\"name\":\"Home\",\"item\":\"https:\/\/miumjau.ee\/lv\/\"},{\"@type\":\"ListItem\",\"position\":2,\"name\":\"Veikals\",\"item\":\"https:\/\/miumjau.ee\/lv\/veikals\/\"},{\"@type\":\"ListItem\",\"position\":3,\"name\":\"Bugalugs Luxury 2in1 \u0160amp\u016bns un Kondicionieris Ka\u0137iem 250 ml\"}]},{\"@type\":\"WebSite\",\"@id\":\"https:\/\/miumjau.ee\/#website\",\"url\":\"https:\/\/miumjau.ee\/\",\"name\":\"MiuMjau\",\"description\":\"Kraapimispuud kassidele\",\"publisher\":{\"@id\":\"https:\/\/miumjau.ee\/#organization\"},\"potentialAction\":[{\"@type\":\"SearchAction\",\"target\":{\"@type\":\"EntryPoint\",\"urlTemplate\":\"https:\/\/miumjau.ee\/?s={search_term_string}\"},\"query-input\":{\"@type\":\"PropertyValueSpecification\",\"valueRequired\":true,\"valueName\":\"search_term_string\"}}],\"inLanguage\":\"lv-LV\"},{\"@type\":\"Organization\",\"@id\":\"https:\/\/miumjau.ee\/#organization\",\"name\":\"MiuMjau O\u00dc\",\"url\":\"https:\/\/miumjau.ee\/\",\"logo\":{\"@type\":\"ImageObject\",\"inLanguage\":\"lv-LV\",\"@id\":\"https:\/\/miumjau.ee\/#\/schema\/logo\/image\/\",\"url\":\"https:\/\/miumjau.ee\/wp-content\/uploads\/2022\/04\/MiuMjau-logo-kollane.png\",\"contentUrl\":\"https:\/\/miumjau.ee\/wp-content\/uploads\/2022\/04\/MiuMjau-logo-kollane.png\",\"width\":219,\"height\":100,\"caption\":\"MiuMjau O\u00dc\"},\"image\":{\"@id\":\"https:\/\/miumjau.ee\/#\/schema\/logo\/image\/\"},\"sameAs\":[\"https:\/\/www.facebook.com\/miumjaupood\/\"]}]}<\/script>\n<!-- \/ Yoast SEO plugin. -->","yoast_head_json":{"title":"Bugalugs Luxury 2in1 \u0160amp\u016bns un Kondicionieris Ka\u0137iem 250 ml - MiuMjau","robots":{"index":"index","follow":"follow","max-snippet":"max-snippet:-1","max-image-preview":"max-image-preview:large","max-video-preview":"max-video-preview:-1"},"canonical":"https:\/\/miumjau.ee\/lv\/produkts\/bugalugs-luxury-2in1-sampuns-un-kondicionieris-kakiem-250-ml\/","og_locale":"lv_LV","og_type":"article","og_title":"Bugalugs Luxury 2in1 \u0160amp\u016bns un Kondicionieris Ka\u0137iem 250 ml - MiuMjau","og_description":"Bugalugs Luxury 2in1 \u0161amp\u016bns un kondicionieris ka\u0137iem ir bag\u0101tin\u0101ts ar papaiju un kokosriekstu, lai palutin\u0101tu j\u016bsu ka\u0137i ar grezn\u0101m put\u0101m un nodro\u0161in\u0101tu ilgnotur\u012bgu tropisku arom\u0101tu. \u0160is neatvair\u0101mi smar\u017eojo\u0161ais \u0161amp\u016bns ar kondicionieri satur koloid\u0101lo auzu ekstraktu un kokosriekstu e\u013c\u013cu, kas att\u012bra, nomierina un baro ka\u0137a \u0101du un apmatojumu. Lai nov\u0113rstu sausu \u0101du un ieg\u016btu vesel\u012bgu sp\u012bdumu, lietojiet \u0161o augu izcelsmes kondicionieri regul\u0101ri. K\u0101 iecien\u012bts mazg\u0101\u0161an\u0101s l\u012bdzeklis tas atdz\u012bvina apmatojumu, dzi\u013ci att\u012bra un atvieglo sav\u0113lu\u0161os spalvu \u0137emm\u0113\u0161anu! \u0160is ekskluz\u012bvais \u0161amp\u016bns un kondicionieris ir ide\u0101ls lutin\u0101\u0161anas kop\u0161anas l\u012bdzeklis! Satur dab\u012bgas sast\u0101vda\u013cas, piem\u0113ram, kokosriekstu e\u013c\u013cu un papaiju. Kokosriekstu e\u013c\u013cai piem\u012bt maigas att\u012bro\u0161as un mitrino\u0161as \u012bpa\u0161\u012bbas, savuk\u0101rt papaija pal\u012bdz atjaunot \u0101das un apmatojuma dabisko mitruma l\u012bdzsvaru. Apvienojum\u0101 ar tropisko arom\u0101tu ka\u0137is smar\u017eos un jut\u012bsies lieliski! \u012apa\u0161\u012bbas:     Dabiski barojo\u0161s un mitrino\u0161s kondicionieris    Maigi att\u012bra apmatojumu, no\u0146emot taukus un net\u012brumus    Ilgnotur\u012bgs grezns tropiskais arom\u0101ts    Veg\u0101ns un bez izm\u0113\u0123in\u0101jumiem uz dz\u012bvniekiem    Ra\u017eots Apvienotaj\u0101 Karalist\u0113    Izmantotais \u016bdens n\u0101k no UNESCO Pasaules mantojuma vietas \u2013 Leikdistrikta    pH l\u012bdzsvarots un bez parab\u0113niem    Pudele izgatavota no p\u0101rstr\u0101d\u0101ta un p\u0101rstr\u0101d\u0101jama materi\u0101la   Lieto\u0161anas nor\u0101d\u012bjumi: Samitriniet ka\u0137a apmatojumu ar siltu \u016bdeni. Uzkl\u0101jiet \u0161amp\u016bnu, saputojiet, r\u016bp\u012bgi noskalojiet un nosusiniet. Izvair\u012bties no saskares ar ac\u012bm \u2013 ja tas notiek, skalot ar \u016bdeni. Glab\u0101t b\u0113rniem nepieejam\u0101 viet\u0101. Sast\u0101vda\u013cas: Aqua, Sodium Laureth Sulfate, Glycerin, Cocamidopropyl Betaine, Coco-Glucoside, Glyceryl Oleate, Fragrance (Parfum), Polyglyceryl-2 Caprate, Sodium Chloride, Benzophenone-4, Sodium Hydroxide, Citric Acid, Cocos Nucifera (Kokosriekstu) Oil, Carica Papaya (Papaijas) Fruit Extract, Hydrogenated Palm Glycerides Citrate, Tocopherol, Polyquaternium-7, Phenoxyethanol, Sodium Benzoate, CI 14700.","og_url":"https:\/\/miumjau.ee\/lv\/produkts\/bugalugs-luxury-2in1-sampuns-un-kondicionieris-kakiem-250-ml\/","og_site_name":"MiuMjau","article_publisher":"https:\/\/www.facebook.com\/miumjaupood\/","article_modified_time":"2026-01-07T19:16:30+00:00","og_image":[{"width":600,"height":800,"url":"https:\/\/miumjau.ee\/wp-content\/uploads\/2025\/06\/sampoon-kassidele-bugalugs-luxury2in12.webp","type":"image\/webp"}],"twitter_card":"summary_large_image","schema":{"@context":"https:\/\/schema.org","@graph":[{"@type":"WebPage","@id":"https:\/\/miumjau.ee\/lv\/produkts\/bugalugs-luxury-2in1-sampuns-un-kondicionieris-kakiem-250-ml\/","url":"https:\/\/miumjau.ee\/lv\/produkts\/bugalugs-luxury-2in1-sampuns-un-kondicionieris-kakiem-250-ml\/","name":"Bugalugs Luxury 2in1 \u0160amp\u016bns un Kondicionieris Ka\u0137iem 250 ml - MiuMjau","isPartOf":{"@id":"https:\/\/miumjau.ee\/#website"},"primaryImageOfPage":{"@id":"https:\/\/miumjau.ee\/lv\/produkts\/bugalugs-luxury-2in1-sampuns-un-kondicionieris-kakiem-250-ml\/#primaryimage"},"image":{"@id":"https:\/\/miumjau.ee\/lv\/produkts\/bugalugs-luxury-2in1-sampuns-un-kondicionieris-kakiem-250-ml\/#primaryimage"},"thumbnailUrl":"https:\/\/miumjau.ee\/wp-content\/uploads\/2025\/06\/sampoon-kassidele-bugalugs-luxury2in12.webp","datePublished":"2025-06-18T15:06:26+00:00","dateModified":"2026-01-07T19:16:30+00:00","breadcrumb":{"@id":"https:\/\/miumjau.ee\/lv\/produkts\/bugalugs-luxury-2in1-sampuns-un-kondicionieris-kakiem-250-ml\/#breadcrumb"},"inLanguage":"lv-LV","potentialAction":[{"@type":"ReadAction","target":["https:\/\/miumjau.ee\/lv\/produkts\/bugalugs-luxury-2in1-sampuns-un-kondicionieris-kakiem-250-ml\/"]}]},{"@type":"ImageObject","inLanguage":"lv-LV","@id":"https:\/\/miumjau.ee\/lv\/produkts\/bugalugs-luxury-2in1-sampuns-un-kondicionieris-kakiem-250-ml\/#primaryimage","url":"https:\/\/miumjau.ee\/wp-content\/uploads\/2025\/06\/sampoon-kassidele-bugalugs-luxury2in12.webp","contentUrl":"https:\/\/miumjau.ee\/wp-content\/uploads\/2025\/06\/sampoon-kassidele-bugalugs-luxury2in12.webp","width":600,"height":800},{"@type":"BreadcrumbList","@id":"https:\/\/miumjau.ee\/lv\/produkts\/bugalugs-luxury-2in1-sampuns-un-kondicionieris-kakiem-250-ml\/#breadcrumb","itemListElement":[{"@type":"ListItem","position":1,"name":"Home","item":"https:\/\/miumjau.ee\/lv\/"},{"@type":"ListItem","position":2,"name":"Veikals","item":"https:\/\/miumjau.ee\/lv\/veikals\/"},{"@type":"ListItem","position":3,"name":"Bugalugs Luxury 2in1 \u0160amp\u016bns un Kondicionieris Ka\u0137iem 250 ml"}]},{"@type":"WebSite","@id":"https:\/\/miumjau.ee\/#website","url":"https:\/\/miumjau.ee\/","name":"MiuMjau","description":"Kraapimispuud kassidele","publisher":{"@id":"https:\/\/miumjau.ee\/#organization"},"potentialAction":[{"@type":"SearchAction","target":{"@type":"EntryPoint","urlTemplate":"https:\/\/miumjau.ee\/?s={search_term_string}"},"query-input":{"@type":"PropertyValueSpecification","valueRequired":true,"valueName":"search_term_string"}}],"inLanguage":"lv-LV"},{"@type":"Organization","@id":"https:\/\/miumjau.ee\/#organization","name":"MiuMjau O\u00dc","url":"https:\/\/miumjau.ee\/","logo":{"@type":"ImageObject","inLanguage":"lv-LV","@id":"https:\/\/miumjau.ee\/#\/schema\/logo\/image\/","url":"https:\/\/miumjau.ee\/wp-content\/uploads\/2022\/04\/MiuMjau-logo-kollane.png","contentUrl":"https:\/\/miumjau.ee\/wp-content\/uploads\/2022\/04\/MiuMjau-logo-kollane.png","width":219,"height":100,"caption":"MiuMjau O\u00dc"},"image":{"@id":"https:\/\/miumjau.ee\/#\/schema\/logo\/image\/"},"sameAs":["https:\/\/www.facebook.com\/miumjaupood\/"]}]}},"_links":{"self":[{"href":"https:\/\/miumjau.ee\/lv\/wp-json\/wp\/v2\/product\/49287","targetHints":{"allow":["GET"]}}],"collection":[{"href":"https:\/\/miumjau.ee\/lv\/wp-json\/wp\/v2\/product"}],"about":[{"href":"https:\/\/miumjau.ee\/lv\/wp-json\/wp\/v2\/types\/product"}],"wp:featuredmedia":[{"embeddable":true,"href":"https:\/\/miumjau.ee\/lv\/wp-json\/wp\/v2\/media\/49283"}],"wp:attachment":[{"href":"https:\/\/miumjau.ee\/lv\/wp-json\/wp\/v2\/media?parent=49287"}],"wp:term":[{"taxonomy":"product_brand","embeddable":true,"href":"https:\/\/miumjau.ee\/lv\/wp-json\/wp\/v2\/product_brand?post=49287"},{"taxonomy":"product_cat","embeddable":true,"href":"https:\/\/miumjau.ee\/lv\/wp-json\/wp\/v2\/product_cat?post=49287"},{"taxonomy":"product_tag","embeddable":true,"href":"https:\/\/miumjau.ee\/lv\/wp-json\/wp\/v2\/product_tag?post=49287"}],"curies":[{"name":"wp","href":"https:\/\/api.w.org\/{rel}","templated":true}]}}