{"id":49271,"date":"2025-06-18T22:21:43","date_gmt":"2025-06-18T19:21:43","guid":{"rendered":"https:\/\/miumjau.ee\/toode\/bugalugs-ieprieks-mitrinatas-acu-salvetes-suniem-100-gab\/"},"modified":"2026-01-07T21:16:37","modified_gmt":"2026-01-07T19:16:37","slug":"bugalugs-ieprieks-mitrinatas-acu-salvetes-suniem-100-gab","status":"publish","type":"product","link":"https:\/\/miumjau.ee\/lv\/produkts\/bugalugs-ieprieks-mitrinatas-acu-salvetes-suniem-100-gab\/","title":{"rendered":"Bugalugs iepriek\u0161 mitrin\u0101tas acu salvetes su\u0146iem, 100 gab."},"content":{"rendered":"","protected":false},"excerpt":{"rendered":"<p data-start=\"2346\" data-end=\"2657\">Bugalugs iepriek\u0161 mitrin\u0101tie acu spilventi\u0146i pal\u012bdz uztur\u0113t su\u0146a acis t\u012bras un veselas. M\u016bsu salvetes ar dab\u012bgu sast\u0101vu maigi un efekt\u012bvi no\u0146em asaru traipus un citus acu izdal\u012bjumus. \u0160\u012bs iepriek\u0161 mitrin\u0101t\u0101s salvetes ir 100 % biolo\u0123iski no\u0101rd\u0101mas un piem\u0113rotas ikdienas lieto\u0161anai, lai veicin\u0101tu acu vesel\u012bbu.<\/p>\n<p data-start=\"2659\" data-end=\"3015\"><strong data-start=\"2659\" data-end=\"2686\">Lieto\u0161anas instrukcija:<\/strong> Maigi not\u012briet apak\u0161\u0113jo acu zonu, p\u0101rvietojot salveti no apak\u0161\u0113j\u0101s plaksti\u0146a uz deguna pusi. Vienm\u0113r p\u0101rvietojiet salveti prom no acs. Ja nepiecie\u0161ams, izmantojiet jaunu t\u012bru salveti. Lietojiet p\u0113c nepiecie\u0161am\u012bbas, lai uztur\u0113tu acu zonu t\u012bru. \u012apa\u0161i noder\u012bgi su\u0146iem ar p\u0101rm\u0113r\u012bgu acu izdal\u012bjumu vai aizsprostot\u0101m asaru kan\u0101liem.<\/p>\n<p data-start=\"3017\" data-end=\"3353\"><strong data-start=\"3017\" data-end=\"3033\">Sast\u0101vda\u013cas:<\/strong> \u016adens, Glicer\u012bns, Dekilglikoz\u012bds, N\u0101trija benzo\u0101ts, Citronu sk\u0101be, K\u0101lija sorb\u0101ts, Fenoksietanols, Tetran\u0101trija glutam\u0101ts diacet\u0101ts, Nelumbium Speciosum (Indijas lotoss) ziedu ekstrakts, Oenothera Biennis (Vakara primula) s\u0113klu ekstrakts, Panax Ginseng saknes ekstrakts, Passiflora Incarnata (Passion zieds) ekstrakts<\/p>\n","protected":false},"featured_media":49268,"template":"","meta":[],"product_brand":[],"product_cat":[560],"product_tag":[],"class_list":{"0":"post-49271","1":"product","2":"type-product","3":"status-publish","4":"has-post-thumbnail","6":"product_cat-kopsanas-lidzekli-suniem","8":"first","9":"instock","10":"taxable","11":"shipping-taxable","12":"purchasable","13":"product-type-simple"},"yoast_head":"<!-- This site is optimized with the Yoast SEO plugin v27.2 - https:\/\/yoast.com\/product\/yoast-seo-wordpress\/ -->\n<title>Bugalugs iepriek\u0161 mitrin\u0101tas acu salvetes su\u0146iem, 100 gab. - MiuMjau<\/title>\n<meta name=\"robots\" content=\"index, follow, max-snippet:-1, max-image-preview:large, max-video-preview:-1\" \/>\n<link rel=\"canonical\" href=\"https:\/\/miumjau.ee\/lv\/produkts\/bugalugs-ieprieks-mitrinatas-acu-salvetes-suniem-100-gab\/\" \/>\n<meta property=\"og:locale\" content=\"lv_LV\" \/>\n<meta property=\"og:type\" content=\"article\" \/>\n<meta property=\"og:title\" content=\"Bugalugs iepriek\u0161 mitrin\u0101tas acu salvetes su\u0146iem, 100 gab. - MiuMjau\" \/>\n<meta property=\"og:description\" content=\"Bugalugs iepriek\u0161 mitrin\u0101tie acu spilventi\u0146i pal\u012bdz uztur\u0113t su\u0146a acis t\u012bras un veselas. M\u016bsu salvetes ar dab\u012bgu sast\u0101vu maigi un efekt\u012bvi no\u0146em asaru traipus un citus acu izdal\u012bjumus. \u0160\u012bs iepriek\u0161 mitrin\u0101t\u0101s salvetes ir 100 % biolo\u0123iski no\u0101rd\u0101mas un piem\u0113rotas ikdienas lieto\u0161anai, lai veicin\u0101tu acu vesel\u012bbu. Lieto\u0161anas instrukcija: Maigi not\u012briet apak\u0161\u0113jo acu zonu, p\u0101rvietojot salveti no apak\u0161\u0113j\u0101s plaksti\u0146a uz deguna pusi. Vienm\u0113r p\u0101rvietojiet salveti prom no acs. Ja nepiecie\u0161ams, izmantojiet jaunu t\u012bru salveti. Lietojiet p\u0113c nepiecie\u0161am\u012bbas, lai uztur\u0113tu acu zonu t\u012bru. \u012apa\u0161i noder\u012bgi su\u0146iem ar p\u0101rm\u0113r\u012bgu acu izdal\u012bjumu vai aizsprostot\u0101m asaru kan\u0101liem. Sast\u0101vda\u013cas: \u016adens, Glicer\u012bns, Dekilglikoz\u012bds, N\u0101trija benzo\u0101ts, Citronu sk\u0101be, K\u0101lija sorb\u0101ts, Fenoksietanols, Tetran\u0101trija glutam\u0101ts diacet\u0101ts, Nelumbium Speciosum (Indijas lotoss) ziedu ekstrakts, Oenothera Biennis (Vakara primula) s\u0113klu ekstrakts, Panax Ginseng saknes ekstrakts, Passiflora Incarnata (Passion zieds) ekstrakts\" \/>\n<meta property=\"og:url\" content=\"https:\/\/miumjau.ee\/lv\/produkts\/bugalugs-ieprieks-mitrinatas-acu-salvetes-suniem-100-gab\/\" \/>\n<meta property=\"og:site_name\" content=\"MiuMjau\" \/>\n<meta property=\"article:publisher\" content=\"https:\/\/www.facebook.com\/miumjaupood\/\" \/>\n<meta property=\"article:modified_time\" content=\"2026-01-07T19:16:37+00:00\" \/>\n<meta property=\"og:image\" content=\"https:\/\/miumjau.ee\/wp-content\/uploads\/2025\/06\/slmapuhastus-apid-koertele-bugalugs3.webp\" \/>\n\t<meta property=\"og:image:width\" content=\"600\" \/>\n\t<meta property=\"og:image:height\" content=\"800\" \/>\n\t<meta property=\"og:image:type\" content=\"image\/webp\" \/>\n<meta name=\"twitter:card\" content=\"summary_large_image\" \/>\n<script type=\"application\/ld+json\" class=\"yoast-schema-graph\">{\"@context\":\"https:\/\/schema.org\",\"@graph\":[{\"@type\":\"WebPage\",\"@id\":\"https:\/\/miumjau.ee\/lv\/produkts\/bugalugs-ieprieks-mitrinatas-acu-salvetes-suniem-100-gab\/\",\"url\":\"https:\/\/miumjau.ee\/lv\/produkts\/bugalugs-ieprieks-mitrinatas-acu-salvetes-suniem-100-gab\/\",\"name\":\"Bugalugs iepriek\u0161 mitrin\u0101tas acu salvetes su\u0146iem, 100 gab. - MiuMjau\",\"isPartOf\":{\"@id\":\"https:\/\/miumjau.ee\/#website\"},\"primaryImageOfPage\":{\"@id\":\"https:\/\/miumjau.ee\/lv\/produkts\/bugalugs-ieprieks-mitrinatas-acu-salvetes-suniem-100-gab\/#primaryimage\"},\"image\":{\"@id\":\"https:\/\/miumjau.ee\/lv\/produkts\/bugalugs-ieprieks-mitrinatas-acu-salvetes-suniem-100-gab\/#primaryimage\"},\"thumbnailUrl\":\"https:\/\/miumjau.ee\/wp-content\/uploads\/2025\/06\/slmapuhastus-apid-koertele-bugalugs3.webp\",\"datePublished\":\"2025-06-18T19:21:43+00:00\",\"dateModified\":\"2026-01-07T19:16:37+00:00\",\"breadcrumb\":{\"@id\":\"https:\/\/miumjau.ee\/lv\/produkts\/bugalugs-ieprieks-mitrinatas-acu-salvetes-suniem-100-gab\/#breadcrumb\"},\"inLanguage\":\"lv-LV\",\"potentialAction\":[{\"@type\":\"ReadAction\",\"target\":[\"https:\/\/miumjau.ee\/lv\/produkts\/bugalugs-ieprieks-mitrinatas-acu-salvetes-suniem-100-gab\/\"]}]},{\"@type\":\"ImageObject\",\"inLanguage\":\"lv-LV\",\"@id\":\"https:\/\/miumjau.ee\/lv\/produkts\/bugalugs-ieprieks-mitrinatas-acu-salvetes-suniem-100-gab\/#primaryimage\",\"url\":\"https:\/\/miumjau.ee\/wp-content\/uploads\/2025\/06\/slmapuhastus-apid-koertele-bugalugs3.webp\",\"contentUrl\":\"https:\/\/miumjau.ee\/wp-content\/uploads\/2025\/06\/slmapuhastus-apid-koertele-bugalugs3.webp\",\"width\":600,\"height\":800},{\"@type\":\"BreadcrumbList\",\"@id\":\"https:\/\/miumjau.ee\/lv\/produkts\/bugalugs-ieprieks-mitrinatas-acu-salvetes-suniem-100-gab\/#breadcrumb\",\"itemListElement\":[{\"@type\":\"ListItem\",\"position\":1,\"name\":\"Home\",\"item\":\"https:\/\/miumjau.ee\/lv\/\"},{\"@type\":\"ListItem\",\"position\":2,\"name\":\"Veikals\",\"item\":\"https:\/\/miumjau.ee\/lv\/veikals\/\"},{\"@type\":\"ListItem\",\"position\":3,\"name\":\"Bugalugs iepriek\u0161 mitrin\u0101tas acu salvetes su\u0146iem, 100 gab.\"}]},{\"@type\":\"WebSite\",\"@id\":\"https:\/\/miumjau.ee\/#website\",\"url\":\"https:\/\/miumjau.ee\/\",\"name\":\"MiuMjau\",\"description\":\"Kraapimispuud kassidele\",\"publisher\":{\"@id\":\"https:\/\/miumjau.ee\/#organization\"},\"potentialAction\":[{\"@type\":\"SearchAction\",\"target\":{\"@type\":\"EntryPoint\",\"urlTemplate\":\"https:\/\/miumjau.ee\/?s={search_term_string}\"},\"query-input\":{\"@type\":\"PropertyValueSpecification\",\"valueRequired\":true,\"valueName\":\"search_term_string\"}}],\"inLanguage\":\"lv-LV\"},{\"@type\":\"Organization\",\"@id\":\"https:\/\/miumjau.ee\/#organization\",\"name\":\"MiuMjau O\u00dc\",\"url\":\"https:\/\/miumjau.ee\/\",\"logo\":{\"@type\":\"ImageObject\",\"inLanguage\":\"lv-LV\",\"@id\":\"https:\/\/miumjau.ee\/#\/schema\/logo\/image\/\",\"url\":\"https:\/\/miumjau.ee\/wp-content\/uploads\/2022\/04\/MiuMjau-logo-kollane.png\",\"contentUrl\":\"https:\/\/miumjau.ee\/wp-content\/uploads\/2022\/04\/MiuMjau-logo-kollane.png\",\"width\":219,\"height\":100,\"caption\":\"MiuMjau O\u00dc\"},\"image\":{\"@id\":\"https:\/\/miumjau.ee\/#\/schema\/logo\/image\/\"},\"sameAs\":[\"https:\/\/www.facebook.com\/miumjaupood\/\"]}]}<\/script>\n<!-- \/ Yoast SEO plugin. -->","yoast_head_json":{"title":"Bugalugs iepriek\u0161 mitrin\u0101tas acu salvetes su\u0146iem, 100 gab. - MiuMjau","robots":{"index":"index","follow":"follow","max-snippet":"max-snippet:-1","max-image-preview":"max-image-preview:large","max-video-preview":"max-video-preview:-1"},"canonical":"https:\/\/miumjau.ee\/lv\/produkts\/bugalugs-ieprieks-mitrinatas-acu-salvetes-suniem-100-gab\/","og_locale":"lv_LV","og_type":"article","og_title":"Bugalugs iepriek\u0161 mitrin\u0101tas acu salvetes su\u0146iem, 100 gab. - MiuMjau","og_description":"Bugalugs iepriek\u0161 mitrin\u0101tie acu spilventi\u0146i pal\u012bdz uztur\u0113t su\u0146a acis t\u012bras un veselas. M\u016bsu salvetes ar dab\u012bgu sast\u0101vu maigi un efekt\u012bvi no\u0146em asaru traipus un citus acu izdal\u012bjumus. \u0160\u012bs iepriek\u0161 mitrin\u0101t\u0101s salvetes ir 100 % biolo\u0123iski no\u0101rd\u0101mas un piem\u0113rotas ikdienas lieto\u0161anai, lai veicin\u0101tu acu vesel\u012bbu. Lieto\u0161anas instrukcija: Maigi not\u012briet apak\u0161\u0113jo acu zonu, p\u0101rvietojot salveti no apak\u0161\u0113j\u0101s plaksti\u0146a uz deguna pusi. Vienm\u0113r p\u0101rvietojiet salveti prom no acs. Ja nepiecie\u0161ams, izmantojiet jaunu t\u012bru salveti. Lietojiet p\u0113c nepiecie\u0161am\u012bbas, lai uztur\u0113tu acu zonu t\u012bru. \u012apa\u0161i noder\u012bgi su\u0146iem ar p\u0101rm\u0113r\u012bgu acu izdal\u012bjumu vai aizsprostot\u0101m asaru kan\u0101liem. Sast\u0101vda\u013cas: \u016adens, Glicer\u012bns, Dekilglikoz\u012bds, N\u0101trija benzo\u0101ts, Citronu sk\u0101be, K\u0101lija sorb\u0101ts, Fenoksietanols, Tetran\u0101trija glutam\u0101ts diacet\u0101ts, Nelumbium Speciosum (Indijas lotoss) ziedu ekstrakts, Oenothera Biennis (Vakara primula) s\u0113klu ekstrakts, Panax Ginseng saknes ekstrakts, Passiflora Incarnata (Passion zieds) ekstrakts","og_url":"https:\/\/miumjau.ee\/lv\/produkts\/bugalugs-ieprieks-mitrinatas-acu-salvetes-suniem-100-gab\/","og_site_name":"MiuMjau","article_publisher":"https:\/\/www.facebook.com\/miumjaupood\/","article_modified_time":"2026-01-07T19:16:37+00:00","og_image":[{"width":600,"height":800,"url":"https:\/\/miumjau.ee\/wp-content\/uploads\/2025\/06\/slmapuhastus-apid-koertele-bugalugs3.webp","type":"image\/webp"}],"twitter_card":"summary_large_image","schema":{"@context":"https:\/\/schema.org","@graph":[{"@type":"WebPage","@id":"https:\/\/miumjau.ee\/lv\/produkts\/bugalugs-ieprieks-mitrinatas-acu-salvetes-suniem-100-gab\/","url":"https:\/\/miumjau.ee\/lv\/produkts\/bugalugs-ieprieks-mitrinatas-acu-salvetes-suniem-100-gab\/","name":"Bugalugs iepriek\u0161 mitrin\u0101tas acu salvetes su\u0146iem, 100 gab. - MiuMjau","isPartOf":{"@id":"https:\/\/miumjau.ee\/#website"},"primaryImageOfPage":{"@id":"https:\/\/miumjau.ee\/lv\/produkts\/bugalugs-ieprieks-mitrinatas-acu-salvetes-suniem-100-gab\/#primaryimage"},"image":{"@id":"https:\/\/miumjau.ee\/lv\/produkts\/bugalugs-ieprieks-mitrinatas-acu-salvetes-suniem-100-gab\/#primaryimage"},"thumbnailUrl":"https:\/\/miumjau.ee\/wp-content\/uploads\/2025\/06\/slmapuhastus-apid-koertele-bugalugs3.webp","datePublished":"2025-06-18T19:21:43+00:00","dateModified":"2026-01-07T19:16:37+00:00","breadcrumb":{"@id":"https:\/\/miumjau.ee\/lv\/produkts\/bugalugs-ieprieks-mitrinatas-acu-salvetes-suniem-100-gab\/#breadcrumb"},"inLanguage":"lv-LV","potentialAction":[{"@type":"ReadAction","target":["https:\/\/miumjau.ee\/lv\/produkts\/bugalugs-ieprieks-mitrinatas-acu-salvetes-suniem-100-gab\/"]}]},{"@type":"ImageObject","inLanguage":"lv-LV","@id":"https:\/\/miumjau.ee\/lv\/produkts\/bugalugs-ieprieks-mitrinatas-acu-salvetes-suniem-100-gab\/#primaryimage","url":"https:\/\/miumjau.ee\/wp-content\/uploads\/2025\/06\/slmapuhastus-apid-koertele-bugalugs3.webp","contentUrl":"https:\/\/miumjau.ee\/wp-content\/uploads\/2025\/06\/slmapuhastus-apid-koertele-bugalugs3.webp","width":600,"height":800},{"@type":"BreadcrumbList","@id":"https:\/\/miumjau.ee\/lv\/produkts\/bugalugs-ieprieks-mitrinatas-acu-salvetes-suniem-100-gab\/#breadcrumb","itemListElement":[{"@type":"ListItem","position":1,"name":"Home","item":"https:\/\/miumjau.ee\/lv\/"},{"@type":"ListItem","position":2,"name":"Veikals","item":"https:\/\/miumjau.ee\/lv\/veikals\/"},{"@type":"ListItem","position":3,"name":"Bugalugs iepriek\u0161 mitrin\u0101tas acu salvetes su\u0146iem, 100 gab."}]},{"@type":"WebSite","@id":"https:\/\/miumjau.ee\/#website","url":"https:\/\/miumjau.ee\/","name":"MiuMjau","description":"Kraapimispuud kassidele","publisher":{"@id":"https:\/\/miumjau.ee\/#organization"},"potentialAction":[{"@type":"SearchAction","target":{"@type":"EntryPoint","urlTemplate":"https:\/\/miumjau.ee\/?s={search_term_string}"},"query-input":{"@type":"PropertyValueSpecification","valueRequired":true,"valueName":"search_term_string"}}],"inLanguage":"lv-LV"},{"@type":"Organization","@id":"https:\/\/miumjau.ee\/#organization","name":"MiuMjau O\u00dc","url":"https:\/\/miumjau.ee\/","logo":{"@type":"ImageObject","inLanguage":"lv-LV","@id":"https:\/\/miumjau.ee\/#\/schema\/logo\/image\/","url":"https:\/\/miumjau.ee\/wp-content\/uploads\/2022\/04\/MiuMjau-logo-kollane.png","contentUrl":"https:\/\/miumjau.ee\/wp-content\/uploads\/2022\/04\/MiuMjau-logo-kollane.png","width":219,"height":100,"caption":"MiuMjau O\u00dc"},"image":{"@id":"https:\/\/miumjau.ee\/#\/schema\/logo\/image\/"},"sameAs":["https:\/\/www.facebook.com\/miumjaupood\/"]}]}},"_links":{"self":[{"href":"https:\/\/miumjau.ee\/lv\/wp-json\/wp\/v2\/product\/49271","targetHints":{"allow":["GET"]}}],"collection":[{"href":"https:\/\/miumjau.ee\/lv\/wp-json\/wp\/v2\/product"}],"about":[{"href":"https:\/\/miumjau.ee\/lv\/wp-json\/wp\/v2\/types\/product"}],"wp:featuredmedia":[{"embeddable":true,"href":"https:\/\/miumjau.ee\/lv\/wp-json\/wp\/v2\/media\/49268"}],"wp:attachment":[{"href":"https:\/\/miumjau.ee\/lv\/wp-json\/wp\/v2\/media?parent=49271"}],"wp:term":[{"taxonomy":"product_brand","embeddable":true,"href":"https:\/\/miumjau.ee\/lv\/wp-json\/wp\/v2\/product_brand?post=49271"},{"taxonomy":"product_cat","embeddable":true,"href":"https:\/\/miumjau.ee\/lv\/wp-json\/wp\/v2\/product_cat?post=49271"},{"taxonomy":"product_tag","embeddable":true,"href":"https:\/\/miumjau.ee\/lv\/wp-json\/wp\/v2\/product_tag?post=49271"}],"curies":[{"name":"wp","href":"https:\/\/api.w.org\/{rel}","templated":true}]}}