{"id":49257,"date":"2025-06-18T22:32:39","date_gmt":"2025-06-18T19:32:39","guid":{"rendered":"https:\/\/miumjau.ee\/toode\/bugalugs-atstajams-sampuns-suniem-baby-fresh-200ml\/"},"modified":"2026-01-07T21:16:37","modified_gmt":"2026-01-07T19:16:37","slug":"bugalugs-atstajams-sampuns-suniem-baby-fresh-200ml","status":"publish","type":"product","link":"https:\/\/miumjau.ee\/lv\/produkts\/bugalugs-atstajams-sampuns-suniem-baby-fresh-200ml\/","title":{"rendered":"Bugalugs atst\u0101jams \u0161amp\u016bns su\u0146iem \u201cBaby Fresh\u201d 200ml"},"content":{"rendered":"","protected":false},"excerpt":{"rendered":"<p data-start=\"2805\" data-end=\"3148\">Bugalugs Baby Fresh \u0161amp\u016bns t\u012bra un atsvaidzina j\u016bsu su\u0146a ka\u017eoku uzreiz, neizmantojot \u016bdeni. \u0160is produkts ir ide\u0101li piem\u0113rots su\u0146iem, kuri nepat\u012bk tradicion\u0101l\u0101s vannas. Viegli lietojama putu formula padara kop\u0161anu daudz vienk\u0101r\u0161\u0101ku! Izspiediet putas plaukst\u0101 vai tie\u0161i uz su\u0146a ka\u017eoka un iemas\u0113jiet ar pirkstiem vai j\u016bsu m\u012blu\u013ca Bugalugs suku.<\/p>\n<p data-start=\"3150\" data-end=\"3485\">Atst\u0101jams \u0161amp\u016bns ir \u013coti maigs, bet efekt\u012bvs \u2013 pH l\u012bdzsvarots, veg\u0101nisks, bez parab\u0113niem, test\u0113ts uz cilv\u0113kiem, nevis dz\u012bvniekiem. Ide\u0101li piem\u0113rots ce\u013cojumiem vai akt\u012bviem su\u0146iem un vi\u0146u saimniekiem. Piem\u0113rots ar\u012b su\u0146iem, kuri nepanes \u016bdens vannas. Baby Fresh \u0161amp\u016bns atst\u0101j ka\u017eoku m\u012bkstu, sp\u012bd\u012bgu un pat\u012bkami smar\u017eojo\u0161u visu dienu.<\/p>\n<p data-start=\"3487\" data-end=\"3537\">Piem\u0113rots vis\u0101m su\u0146u \u0161\u0137irn\u0113m no 8 ned\u0113\u013cu vecuma.<\/p>\n<p data-start=\"3539\" data-end=\"3686\"><strong data-start=\"3539\" data-end=\"3566\">Lieto\u0161anas instrukcija:<\/strong> Iznospiediet putas plaukst\u0101. Uzkl\u0101jiet uz sausa ka\u017eoka, iemas\u0113jiet ka\u017eok\u0101 un iz\u0137emm\u0113jiet. Skalo\u0161ana nav nepiecie\u0161ama.<\/p>\n<p data-start=\"3688\" data-end=\"4008\"><strong data-start=\"3688\" data-end=\"3704\">Sast\u0101vda\u013cas:<\/strong> \u016adens, Glicer\u012bns, Polisorb\u0101ts 20, Decilglikoz\u012bds, Metilpropandiols, Kokamidopropilbeta\u012bns, Cetrimonija hlor\u012bds, Smar\u017ea (Parfum), Kapr\u012blglikols, N\u0101trija hlor\u012bds, Benzofenons-4, Citronsk\u0101be, Fenilprop\u0101naols, Linalols, Alfa-izometiljonons, Benzilcinnam\u0101ts, Citronellols, Kumars, Heksilcinnam\u0101ls, CI 17200<\/p>\n","protected":false},"featured_media":49254,"template":"","meta":[],"product_brand":[],"product_cat":[560],"product_tag":[],"class_list":{"0":"post-49257","1":"product","2":"type-product","3":"status-publish","4":"has-post-thumbnail","6":"product_cat-kopsanas-lidzekli-suniem","8":"first","9":"instock","10":"taxable","11":"shipping-taxable","12":"purchasable","13":"product-type-simple"},"yoast_head":"<!-- This site is optimized with the Yoast SEO plugin v27.2 - https:\/\/yoast.com\/product\/yoast-seo-wordpress\/ -->\n<title>Bugalugs atst\u0101jams \u0161amp\u016bns su\u0146iem \u201cBaby Fresh\u201d 200ml - MiuMjau<\/title>\n<meta name=\"robots\" content=\"index, follow, max-snippet:-1, max-image-preview:large, max-video-preview:-1\" \/>\n<link rel=\"canonical\" href=\"https:\/\/miumjau.ee\/lv\/produkts\/bugalugs-atstajams-sampuns-suniem-baby-fresh-200ml\/\" \/>\n<meta property=\"og:locale\" content=\"lv_LV\" \/>\n<meta property=\"og:type\" content=\"article\" \/>\n<meta property=\"og:title\" content=\"Bugalugs atst\u0101jams \u0161amp\u016bns su\u0146iem \u201cBaby Fresh\u201d 200ml - MiuMjau\" \/>\n<meta property=\"og:description\" content=\"Bugalugs Baby Fresh \u0161amp\u016bns t\u012bra un atsvaidzina j\u016bsu su\u0146a ka\u017eoku uzreiz, neizmantojot \u016bdeni. \u0160is produkts ir ide\u0101li piem\u0113rots su\u0146iem, kuri nepat\u012bk tradicion\u0101l\u0101s vannas. Viegli lietojama putu formula padara kop\u0161anu daudz vienk\u0101r\u0161\u0101ku! Izspiediet putas plaukst\u0101 vai tie\u0161i uz su\u0146a ka\u017eoka un iemas\u0113jiet ar pirkstiem vai j\u016bsu m\u012blu\u013ca Bugalugs suku. Atst\u0101jams \u0161amp\u016bns ir \u013coti maigs, bet efekt\u012bvs \u2013 pH l\u012bdzsvarots, veg\u0101nisks, bez parab\u0113niem, test\u0113ts uz cilv\u0113kiem, nevis dz\u012bvniekiem. Ide\u0101li piem\u0113rots ce\u013cojumiem vai akt\u012bviem su\u0146iem un vi\u0146u saimniekiem. Piem\u0113rots ar\u012b su\u0146iem, kuri nepanes \u016bdens vannas. Baby Fresh \u0161amp\u016bns atst\u0101j ka\u017eoku m\u012bkstu, sp\u012bd\u012bgu un pat\u012bkami smar\u017eojo\u0161u visu dienu. Piem\u0113rots vis\u0101m su\u0146u \u0161\u0137irn\u0113m no 8 ned\u0113\u013cu vecuma. Lieto\u0161anas instrukcija: Iznospiediet putas plaukst\u0101. Uzkl\u0101jiet uz sausa ka\u017eoka, iemas\u0113jiet ka\u017eok\u0101 un iz\u0137emm\u0113jiet. Skalo\u0161ana nav nepiecie\u0161ama. Sast\u0101vda\u013cas: \u016adens, Glicer\u012bns, Polisorb\u0101ts 20, Decilglikoz\u012bds, Metilpropandiols, Kokamidopropilbeta\u012bns, Cetrimonija hlor\u012bds, Smar\u017ea (Parfum), Kapr\u012blglikols, N\u0101trija hlor\u012bds, Benzofenons-4, Citronsk\u0101be, Fenilprop\u0101naols, Linalols, Alfa-izometiljonons, Benzilcinnam\u0101ts, Citronellols, Kumars, Heksilcinnam\u0101ls, CI 17200\" \/>\n<meta property=\"og:url\" content=\"https:\/\/miumjau.ee\/lv\/produkts\/bugalugs-atstajams-sampuns-suniem-baby-fresh-200ml\/\" \/>\n<meta property=\"og:site_name\" content=\"MiuMjau\" \/>\n<meta property=\"article:publisher\" content=\"https:\/\/www.facebook.com\/miumjaupood\/\" \/>\n<meta property=\"article:modified_time\" content=\"2026-01-07T19:16:37+00:00\" \/>\n<meta property=\"og:image\" content=\"https:\/\/miumjau.ee\/wp-content\/uploads\/2025\/06\/bugalugs-koerte-sampoon-loputusvaba-babyfresh2-1.webp\" \/>\n\t<meta property=\"og:image:width\" content=\"600\" \/>\n\t<meta property=\"og:image:height\" content=\"800\" \/>\n\t<meta property=\"og:image:type\" content=\"image\/webp\" \/>\n<meta name=\"twitter:card\" content=\"summary_large_image\" \/>\n<script type=\"application\/ld+json\" class=\"yoast-schema-graph\">{\"@context\":\"https:\/\/schema.org\",\"@graph\":[{\"@type\":\"WebPage\",\"@id\":\"https:\/\/miumjau.ee\/lv\/produkts\/bugalugs-atstajams-sampuns-suniem-baby-fresh-200ml\/\",\"url\":\"https:\/\/miumjau.ee\/lv\/produkts\/bugalugs-atstajams-sampuns-suniem-baby-fresh-200ml\/\",\"name\":\"Bugalugs atst\u0101jams \u0161amp\u016bns su\u0146iem \u201cBaby Fresh\u201d 200ml - MiuMjau\",\"isPartOf\":{\"@id\":\"https:\/\/miumjau.ee\/#website\"},\"primaryImageOfPage\":{\"@id\":\"https:\/\/miumjau.ee\/lv\/produkts\/bugalugs-atstajams-sampuns-suniem-baby-fresh-200ml\/#primaryimage\"},\"image\":{\"@id\":\"https:\/\/miumjau.ee\/lv\/produkts\/bugalugs-atstajams-sampuns-suniem-baby-fresh-200ml\/#primaryimage\"},\"thumbnailUrl\":\"https:\/\/miumjau.ee\/wp-content\/uploads\/2025\/06\/bugalugs-koerte-sampoon-loputusvaba-babyfresh2-1.webp\",\"datePublished\":\"2025-06-18T19:32:39+00:00\",\"dateModified\":\"2026-01-07T19:16:37+00:00\",\"breadcrumb\":{\"@id\":\"https:\/\/miumjau.ee\/lv\/produkts\/bugalugs-atstajams-sampuns-suniem-baby-fresh-200ml\/#breadcrumb\"},\"inLanguage\":\"lv-LV\",\"potentialAction\":[{\"@type\":\"ReadAction\",\"target\":[\"https:\/\/miumjau.ee\/lv\/produkts\/bugalugs-atstajams-sampuns-suniem-baby-fresh-200ml\/\"]}]},{\"@type\":\"ImageObject\",\"inLanguage\":\"lv-LV\",\"@id\":\"https:\/\/miumjau.ee\/lv\/produkts\/bugalugs-atstajams-sampuns-suniem-baby-fresh-200ml\/#primaryimage\",\"url\":\"https:\/\/miumjau.ee\/wp-content\/uploads\/2025\/06\/bugalugs-koerte-sampoon-loputusvaba-babyfresh2-1.webp\",\"contentUrl\":\"https:\/\/miumjau.ee\/wp-content\/uploads\/2025\/06\/bugalugs-koerte-sampoon-loputusvaba-babyfresh2-1.webp\",\"width\":600,\"height\":800},{\"@type\":\"BreadcrumbList\",\"@id\":\"https:\/\/miumjau.ee\/lv\/produkts\/bugalugs-atstajams-sampuns-suniem-baby-fresh-200ml\/#breadcrumb\",\"itemListElement\":[{\"@type\":\"ListItem\",\"position\":1,\"name\":\"Home\",\"item\":\"https:\/\/miumjau.ee\/lv\/\"},{\"@type\":\"ListItem\",\"position\":2,\"name\":\"Veikals\",\"item\":\"https:\/\/miumjau.ee\/lv\/veikals\/\"},{\"@type\":\"ListItem\",\"position\":3,\"name\":\"Bugalugs atst\u0101jams \u0161amp\u016bns su\u0146iem \u201cBaby Fresh\u201d 200ml\"}]},{\"@type\":\"WebSite\",\"@id\":\"https:\/\/miumjau.ee\/#website\",\"url\":\"https:\/\/miumjau.ee\/\",\"name\":\"MiuMjau\",\"description\":\"Kraapimispuud kassidele\",\"publisher\":{\"@id\":\"https:\/\/miumjau.ee\/#organization\"},\"potentialAction\":[{\"@type\":\"SearchAction\",\"target\":{\"@type\":\"EntryPoint\",\"urlTemplate\":\"https:\/\/miumjau.ee\/?s={search_term_string}\"},\"query-input\":{\"@type\":\"PropertyValueSpecification\",\"valueRequired\":true,\"valueName\":\"search_term_string\"}}],\"inLanguage\":\"lv-LV\"},{\"@type\":\"Organization\",\"@id\":\"https:\/\/miumjau.ee\/#organization\",\"name\":\"MiuMjau O\u00dc\",\"url\":\"https:\/\/miumjau.ee\/\",\"logo\":{\"@type\":\"ImageObject\",\"inLanguage\":\"lv-LV\",\"@id\":\"https:\/\/miumjau.ee\/#\/schema\/logo\/image\/\",\"url\":\"https:\/\/miumjau.ee\/wp-content\/uploads\/2022\/04\/MiuMjau-logo-kollane.png\",\"contentUrl\":\"https:\/\/miumjau.ee\/wp-content\/uploads\/2022\/04\/MiuMjau-logo-kollane.png\",\"width\":219,\"height\":100,\"caption\":\"MiuMjau O\u00dc\"},\"image\":{\"@id\":\"https:\/\/miumjau.ee\/#\/schema\/logo\/image\/\"},\"sameAs\":[\"https:\/\/www.facebook.com\/miumjaupood\/\"]}]}<\/script>\n<!-- \/ Yoast SEO plugin. -->","yoast_head_json":{"title":"Bugalugs atst\u0101jams \u0161amp\u016bns su\u0146iem \u201cBaby Fresh\u201d 200ml - MiuMjau","robots":{"index":"index","follow":"follow","max-snippet":"max-snippet:-1","max-image-preview":"max-image-preview:large","max-video-preview":"max-video-preview:-1"},"canonical":"https:\/\/miumjau.ee\/lv\/produkts\/bugalugs-atstajams-sampuns-suniem-baby-fresh-200ml\/","og_locale":"lv_LV","og_type":"article","og_title":"Bugalugs atst\u0101jams \u0161amp\u016bns su\u0146iem \u201cBaby Fresh\u201d 200ml - MiuMjau","og_description":"Bugalugs Baby Fresh \u0161amp\u016bns t\u012bra un atsvaidzina j\u016bsu su\u0146a ka\u017eoku uzreiz, neizmantojot \u016bdeni. \u0160is produkts ir ide\u0101li piem\u0113rots su\u0146iem, kuri nepat\u012bk tradicion\u0101l\u0101s vannas. Viegli lietojama putu formula padara kop\u0161anu daudz vienk\u0101r\u0161\u0101ku! Izspiediet putas plaukst\u0101 vai tie\u0161i uz su\u0146a ka\u017eoka un iemas\u0113jiet ar pirkstiem vai j\u016bsu m\u012blu\u013ca Bugalugs suku. Atst\u0101jams \u0161amp\u016bns ir \u013coti maigs, bet efekt\u012bvs \u2013 pH l\u012bdzsvarots, veg\u0101nisks, bez parab\u0113niem, test\u0113ts uz cilv\u0113kiem, nevis dz\u012bvniekiem. Ide\u0101li piem\u0113rots ce\u013cojumiem vai akt\u012bviem su\u0146iem un vi\u0146u saimniekiem. Piem\u0113rots ar\u012b su\u0146iem, kuri nepanes \u016bdens vannas. Baby Fresh \u0161amp\u016bns atst\u0101j ka\u017eoku m\u012bkstu, sp\u012bd\u012bgu un pat\u012bkami smar\u017eojo\u0161u visu dienu. Piem\u0113rots vis\u0101m su\u0146u \u0161\u0137irn\u0113m no 8 ned\u0113\u013cu vecuma. Lieto\u0161anas instrukcija: Iznospiediet putas plaukst\u0101. Uzkl\u0101jiet uz sausa ka\u017eoka, iemas\u0113jiet ka\u017eok\u0101 un iz\u0137emm\u0113jiet. Skalo\u0161ana nav nepiecie\u0161ama. Sast\u0101vda\u013cas: \u016adens, Glicer\u012bns, Polisorb\u0101ts 20, Decilglikoz\u012bds, Metilpropandiols, Kokamidopropilbeta\u012bns, Cetrimonija hlor\u012bds, Smar\u017ea (Parfum), Kapr\u012blglikols, N\u0101trija hlor\u012bds, Benzofenons-4, Citronsk\u0101be, Fenilprop\u0101naols, Linalols, Alfa-izometiljonons, Benzilcinnam\u0101ts, Citronellols, Kumars, Heksilcinnam\u0101ls, CI 17200","og_url":"https:\/\/miumjau.ee\/lv\/produkts\/bugalugs-atstajams-sampuns-suniem-baby-fresh-200ml\/","og_site_name":"MiuMjau","article_publisher":"https:\/\/www.facebook.com\/miumjaupood\/","article_modified_time":"2026-01-07T19:16:37+00:00","og_image":[{"width":600,"height":800,"url":"https:\/\/miumjau.ee\/wp-content\/uploads\/2025\/06\/bugalugs-koerte-sampoon-loputusvaba-babyfresh2-1.webp","type":"image\/webp"}],"twitter_card":"summary_large_image","schema":{"@context":"https:\/\/schema.org","@graph":[{"@type":"WebPage","@id":"https:\/\/miumjau.ee\/lv\/produkts\/bugalugs-atstajams-sampuns-suniem-baby-fresh-200ml\/","url":"https:\/\/miumjau.ee\/lv\/produkts\/bugalugs-atstajams-sampuns-suniem-baby-fresh-200ml\/","name":"Bugalugs atst\u0101jams \u0161amp\u016bns su\u0146iem \u201cBaby Fresh\u201d 200ml - MiuMjau","isPartOf":{"@id":"https:\/\/miumjau.ee\/#website"},"primaryImageOfPage":{"@id":"https:\/\/miumjau.ee\/lv\/produkts\/bugalugs-atstajams-sampuns-suniem-baby-fresh-200ml\/#primaryimage"},"image":{"@id":"https:\/\/miumjau.ee\/lv\/produkts\/bugalugs-atstajams-sampuns-suniem-baby-fresh-200ml\/#primaryimage"},"thumbnailUrl":"https:\/\/miumjau.ee\/wp-content\/uploads\/2025\/06\/bugalugs-koerte-sampoon-loputusvaba-babyfresh2-1.webp","datePublished":"2025-06-18T19:32:39+00:00","dateModified":"2026-01-07T19:16:37+00:00","breadcrumb":{"@id":"https:\/\/miumjau.ee\/lv\/produkts\/bugalugs-atstajams-sampuns-suniem-baby-fresh-200ml\/#breadcrumb"},"inLanguage":"lv-LV","potentialAction":[{"@type":"ReadAction","target":["https:\/\/miumjau.ee\/lv\/produkts\/bugalugs-atstajams-sampuns-suniem-baby-fresh-200ml\/"]}]},{"@type":"ImageObject","inLanguage":"lv-LV","@id":"https:\/\/miumjau.ee\/lv\/produkts\/bugalugs-atstajams-sampuns-suniem-baby-fresh-200ml\/#primaryimage","url":"https:\/\/miumjau.ee\/wp-content\/uploads\/2025\/06\/bugalugs-koerte-sampoon-loputusvaba-babyfresh2-1.webp","contentUrl":"https:\/\/miumjau.ee\/wp-content\/uploads\/2025\/06\/bugalugs-koerte-sampoon-loputusvaba-babyfresh2-1.webp","width":600,"height":800},{"@type":"BreadcrumbList","@id":"https:\/\/miumjau.ee\/lv\/produkts\/bugalugs-atstajams-sampuns-suniem-baby-fresh-200ml\/#breadcrumb","itemListElement":[{"@type":"ListItem","position":1,"name":"Home","item":"https:\/\/miumjau.ee\/lv\/"},{"@type":"ListItem","position":2,"name":"Veikals","item":"https:\/\/miumjau.ee\/lv\/veikals\/"},{"@type":"ListItem","position":3,"name":"Bugalugs atst\u0101jams \u0161amp\u016bns su\u0146iem \u201cBaby Fresh\u201d 200ml"}]},{"@type":"WebSite","@id":"https:\/\/miumjau.ee\/#website","url":"https:\/\/miumjau.ee\/","name":"MiuMjau","description":"Kraapimispuud kassidele","publisher":{"@id":"https:\/\/miumjau.ee\/#organization"},"potentialAction":[{"@type":"SearchAction","target":{"@type":"EntryPoint","urlTemplate":"https:\/\/miumjau.ee\/?s={search_term_string}"},"query-input":{"@type":"PropertyValueSpecification","valueRequired":true,"valueName":"search_term_string"}}],"inLanguage":"lv-LV"},{"@type":"Organization","@id":"https:\/\/miumjau.ee\/#organization","name":"MiuMjau O\u00dc","url":"https:\/\/miumjau.ee\/","logo":{"@type":"ImageObject","inLanguage":"lv-LV","@id":"https:\/\/miumjau.ee\/#\/schema\/logo\/image\/","url":"https:\/\/miumjau.ee\/wp-content\/uploads\/2022\/04\/MiuMjau-logo-kollane.png","contentUrl":"https:\/\/miumjau.ee\/wp-content\/uploads\/2022\/04\/MiuMjau-logo-kollane.png","width":219,"height":100,"caption":"MiuMjau O\u00dc"},"image":{"@id":"https:\/\/miumjau.ee\/#\/schema\/logo\/image\/"},"sameAs":["https:\/\/www.facebook.com\/miumjaupood\/"]}]}},"_links":{"self":[{"href":"https:\/\/miumjau.ee\/lv\/wp-json\/wp\/v2\/product\/49257","targetHints":{"allow":["GET"]}}],"collection":[{"href":"https:\/\/miumjau.ee\/lv\/wp-json\/wp\/v2\/product"}],"about":[{"href":"https:\/\/miumjau.ee\/lv\/wp-json\/wp\/v2\/types\/product"}],"wp:featuredmedia":[{"embeddable":true,"href":"https:\/\/miumjau.ee\/lv\/wp-json\/wp\/v2\/media\/49254"}],"wp:attachment":[{"href":"https:\/\/miumjau.ee\/lv\/wp-json\/wp\/v2\/media?parent=49257"}],"wp:term":[{"taxonomy":"product_brand","embeddable":true,"href":"https:\/\/miumjau.ee\/lv\/wp-json\/wp\/v2\/product_brand?post=49257"},{"taxonomy":"product_cat","embeddable":true,"href":"https:\/\/miumjau.ee\/lv\/wp-json\/wp\/v2\/product_cat?post=49257"},{"taxonomy":"product_tag","embeddable":true,"href":"https:\/\/miumjau.ee\/lv\/wp-json\/wp\/v2\/product_tag?post=49257"}],"curies":[{"name":"wp","href":"https:\/\/api.w.org\/{rel}","templated":true}]}}