{"id":49241,"date":"2025-06-18T22:48:11","date_gmt":"2025-06-18T19:48:11","guid":{"rendered":"https:\/\/miumjau.ee\/toode\/bugalugs-salocamas-tirisanas-salvetes-suniem-un-kakiem-80-gab\/"},"modified":"2026-01-07T21:16:37","modified_gmt":"2026-01-07T19:16:37","slug":"bugalugs-salocamas-tirisanas-salvetes-suniem-un-kakiem-80-gab","status":"publish","type":"product","link":"https:\/\/miumjau.ee\/lv\/produkts\/bugalugs-salocamas-tirisanas-salvetes-suniem-un-kakiem-80-gab\/","title":{"rendered":"Bugalugs saloc\u0101m\u0101s t\u012br\u012b\u0161anas salvetes su\u0146iem un ka\u0137iem \u2013 80 gab."},"content":{"rendered":"","protected":false},"excerpt":{"rendered":"<p data-start=\"4386\" data-end=\"4437\"><strong data-start=\"4386\" data-end=\"4435\">Nomierino\u0161a kop\u0161ana \u0101das krok\u0101m un loc\u012bjumiem<\/strong><\/p>\n<p data-start=\"4439\" data-end=\"4724\">Iepaz\u012bstin\u0101m ar Bugalugs saloc\u0101m\u0101s t\u012br\u012b\u0161anas salvetes \u2013 uzticams un maigs l\u012bdzeklis j\u016bsu m\u0101jdz\u012bvnieka \u0101das krok\u0101m, \u0137ep\u0101m un aus\u012bm. \u012apa\u0161i izstr\u0101d\u0101tas \u012bssnasu \u0161\u0137irn\u0113m, piem\u0113ram, fran\u010du buldogiem, mopsiem un bokseriem, \u0161\u012bs salvetes pal\u012bdz saglab\u0101t higi\u0113nu un komfortu \u0101tri un vienk\u0101r\u0161i.<\/p>\n<p data-start=\"4726\" data-end=\"4755\"><strong data-start=\"4726\" data-end=\"4753\">Galven\u0101s priek\u0161roc\u012bbas:<\/strong><\/p>\n<ul data-start=\"4756\" data-end=\"5884\">\n<li data-start=\"4756\" data-end=\"4953\">\n<p data-start=\"4758\" data-end=\"4953\"><strong data-start=\"4758\" data-end=\"4782\">Nomierino\u0161a kop\u0161ana:<\/strong> Vai j\u016bsu m\u0101jdz\u012bvnieka \u0101das kroku vai \u0137epas prasa \u012bpa\u0161u uzman\u012bbu? M\u016bsu nomierino\u0161\u0101 formula pal\u012bdz mazin\u0101t diskomfortu un kairin\u0101jumu jut\u012bg\u0101s viet\u0101s, veicinot labkl\u0101j\u012bbu.<\/p>\n<\/li>\n<li data-start=\"4954\" data-end=\"5159\">\n<p data-start=\"4956\" data-end=\"5159\"><strong data-start=\"4956\" data-end=\"4987\">Kroku un loc\u012bjumu t\u012br\u012b\u0161ana:<\/strong> \u012apa\u0161i formul\u0113tas \u0101das kroku, sejas krokas un astes apk\u0101rtnes t\u012br\u012b\u0161anai, nov\u0113r\u0161ot net\u012brumu, gru\u017eu un garozas uzkr\u0101\u0161anos, kas var izrais\u012bt nepat\u012bkamu smaku un diskomfortu.<\/p>\n<\/li>\n<li data-start=\"5160\" data-end=\"5316\">\n<p data-start=\"5162\" data-end=\"5316\"><strong data-start=\"5162\" data-end=\"5187\">Asaru traipu kop\u0161ana:<\/strong> Atvadieties no net\u012br\u0101m acs apvidiem! Bugalugs salvetes efekt\u012bvi un maigi no\u0146em asaru traipus, atst\u0101jot ka\u017eoku t\u012bru un sp\u012bd\u012bgu.<\/p>\n<\/li>\n<li data-start=\"5317\" data-end=\"5433\">\n<p data-start=\"5319\" data-end=\"5433\"><strong data-start=\"5319\" data-end=\"5345\">Bez smar\u017eas un maigas:<\/strong> Bez pievienot\u0101m smar\u017eviel\u0101m, aizsarg\u0101 jut\u012bgo \u0101du un nov\u0113r\u0161 kairin\u0101jumu vai aler\u0123ijas.<\/p>\n<\/li>\n<li data-start=\"5434\" data-end=\"5601\">\n<p data-start=\"5436\" data-end=\"5601\"><strong data-start=\"5436\" data-end=\"5477\">Nav nepiecie\u0161ams \u016bdens vai skalo\u0161ana:<\/strong> \u0100tra un vienk\u0101r\u0161a kop\u0161ana \u2013 vienk\u0101r\u0161i pa\u0146emiet salveti un not\u012briet. Ide\u0101li piem\u0113rots aiz\u0146emtiem m\u0101jdz\u012bvnieku \u012bpa\u0161niekiem.<\/p>\n<\/li>\n<li data-start=\"5602\" data-end=\"5753\">\n<p data-start=\"5604\" data-end=\"5753\"><strong data-start=\"5604\" data-end=\"5649\">Biolo\u0123iski no\u0101rd\u0101mas un videi draudz\u012bgas:<\/strong> Videi draudz\u012bga izv\u0113le \u2013 iepriek\u0161 samitrin\u0101tas salvetes ir biolo\u0123iski no\u0101rd\u0101mas un ra\u017eotas atbild\u012bgi.<\/p>\n<\/li>\n<li data-start=\"5754\" data-end=\"5884\">\n<p data-start=\"5756\" data-end=\"5884\"><strong data-start=\"5756\" data-end=\"5794\">Piem\u0113rots visiem su\u0146iem un ka\u0137iem:<\/strong> Nav ierobe\u017eots konkr\u0113t\u0101m \u0161\u0137irn\u0113m \u2013 piem\u0113rots su\u0146iem un ka\u0137iem jebkura izm\u0113ra un vecuma.<\/p>\n<\/li>\n<\/ul>\n<p data-start=\"5886\" data-end=\"6005\">Paceliet sava m\u0101jdz\u012bvnieka kop\u0161anas rut\u012bnu ar Bugalugs saloc\u0101m\u0101m salvet\u0113m un izbaudiet komforta un t\u012br\u012bbas at\u0161\u0137ir\u012bbu.<\/p>\n<p data-start=\"6007\" data-end=\"6283\"><strong data-start=\"6007\" data-end=\"6033\">Lieto\u0161anas nor\u0101d\u012bjumi:<\/strong> Atveriet v\u0101ci\u0146u un iz\u0146emiet salveti no atk\u0101rtoti aizveram\u0101s pl\u0113ves. Maigi not\u012briet m\u0101jdz\u012bvnieka \u0101du, izmantojot abas salvetes puses. Skalo\u0161ana nav nepiecie\u0161ama. Aizveriet v\u0101ci\u0146u p\u0113c lieto\u0161anas, lai salvetes neiz\u017e\u016btu. Piem\u0113rots ikdienas lieto\u0161anai.<\/p>\n<p data-start=\"6285\" data-end=\"6400\"><strong data-start=\"6285\" data-end=\"6301\">Sast\u0101vda\u013cas:<\/strong> \u016adens, Hl\u00f3rheksid\u012bna diglukon\u0101ts, Glicer\u012bns, Fenoksietanols, Aloe Vera ekstrakts, Polisorb\u0101ts 20<\/p>\n","protected":false},"featured_media":49242,"template":"","meta":[],"product_brand":[],"product_cat":[589,560],"product_tag":[],"class_list":{"0":"post-49241","1":"product","2":"type-product","3":"status-publish","4":"has-post-thumbnail","6":"product_cat-citi-piederumi","7":"product_cat-kopsanas-lidzekli-suniem","9":"first","10":"instock","11":"taxable","12":"shipping-taxable","13":"purchasable","14":"product-type-simple"},"yoast_head":"<!-- This site is optimized with the Yoast SEO plugin v27.2 - https:\/\/yoast.com\/product\/yoast-seo-wordpress\/ -->\n<title>Bugalugs saloc\u0101m\u0101s t\u012br\u012b\u0161anas salvetes su\u0146iem un ka\u0137iem \u2013 80 gab. - MiuMjau<\/title>\n<meta name=\"robots\" content=\"index, follow, max-snippet:-1, max-image-preview:large, max-video-preview:-1\" \/>\n<link rel=\"canonical\" href=\"https:\/\/miumjau.ee\/lv\/produkts\/bugalugs-salocamas-tirisanas-salvetes-suniem-un-kakiem-80-gab\/\" \/>\n<meta property=\"og:locale\" content=\"lv_LV\" \/>\n<meta property=\"og:type\" content=\"article\" \/>\n<meta property=\"og:title\" content=\"Bugalugs saloc\u0101m\u0101s t\u012br\u012b\u0161anas salvetes su\u0146iem un ka\u0137iem \u2013 80 gab. - MiuMjau\" \/>\n<meta property=\"og:description\" content=\"Nomierino\u0161a kop\u0161ana \u0101das krok\u0101m un loc\u012bjumiem Iepaz\u012bstin\u0101m ar Bugalugs saloc\u0101m\u0101s t\u012br\u012b\u0161anas salvetes \u2013 uzticams un maigs l\u012bdzeklis j\u016bsu m\u0101jdz\u012bvnieka \u0101das krok\u0101m, \u0137ep\u0101m un aus\u012bm. \u012apa\u0161i izstr\u0101d\u0101tas \u012bssnasu \u0161\u0137irn\u0113m, piem\u0113ram, fran\u010du buldogiem, mopsiem un bokseriem, \u0161\u012bs salvetes pal\u012bdz saglab\u0101t higi\u0113nu un komfortu \u0101tri un vienk\u0101r\u0161i. Galven\u0101s priek\u0161roc\u012bbas:     Nomierino\u0161a kop\u0161ana: Vai j\u016bsu m\u0101jdz\u012bvnieka \u0101das kroku vai \u0137epas prasa \u012bpa\u0161u uzman\u012bbu? M\u016bsu nomierino\u0161\u0101 formula pal\u012bdz mazin\u0101t diskomfortu un kairin\u0101jumu jut\u012bg\u0101s viet\u0101s, veicinot labkl\u0101j\u012bbu.    Kroku un loc\u012bjumu t\u012br\u012b\u0161ana: \u012apa\u0161i formul\u0113tas \u0101das kroku, sejas krokas un astes apk\u0101rtnes t\u012br\u012b\u0161anai, nov\u0113r\u0161ot net\u012brumu, gru\u017eu un garozas uzkr\u0101\u0161anos, kas var izrais\u012bt nepat\u012bkamu smaku un diskomfortu.    Asaru traipu kop\u0161ana: Atvadieties no net\u012br\u0101m acs apvidiem! Bugalugs salvetes efekt\u012bvi un maigi no\u0146em asaru traipus, atst\u0101jot ka\u017eoku t\u012bru un sp\u012bd\u012bgu.    Bez smar\u017eas un maigas: Bez pievienot\u0101m smar\u017eviel\u0101m, aizsarg\u0101 jut\u012bgo \u0101du un nov\u0113r\u0161 kairin\u0101jumu vai aler\u0123ijas.    Nav nepiecie\u0161ams \u016bdens vai skalo\u0161ana: \u0100tra un vienk\u0101r\u0161a kop\u0161ana \u2013 vienk\u0101r\u0161i pa\u0146emiet salveti un not\u012briet. Ide\u0101li piem\u0113rots aiz\u0146emtiem m\u0101jdz\u012bvnieku \u012bpa\u0161niekiem.    Biolo\u0123iski no\u0101rd\u0101mas un videi draudz\u012bgas: Videi draudz\u012bga izv\u0113le \u2013 iepriek\u0161 samitrin\u0101tas salvetes ir biolo\u0123iski no\u0101rd\u0101mas un ra\u017eotas atbild\u012bgi.    Piem\u0113rots visiem su\u0146iem un ka\u0137iem: Nav ierobe\u017eots konkr\u0113t\u0101m \u0161\u0137irn\u0113m \u2013 piem\u0113rots su\u0146iem un ka\u0137iem jebkura izm\u0113ra un vecuma.   Paceliet sava m\u0101jdz\u012bvnieka kop\u0161anas rut\u012bnu ar Bugalugs saloc\u0101m\u0101m salvet\u0113m un izbaudiet komforta un t\u012br\u012bbas at\u0161\u0137ir\u012bbu. Lieto\u0161anas nor\u0101d\u012bjumi: Atveriet v\u0101ci\u0146u un iz\u0146emiet salveti no atk\u0101rtoti aizveram\u0101s pl\u0113ves. Maigi not\u012briet m\u0101jdz\u012bvnieka \u0101du, izmantojot abas salvetes puses. Skalo\u0161ana nav nepiecie\u0161ama. Aizveriet v\u0101ci\u0146u p\u0113c lieto\u0161anas, lai salvetes neiz\u017e\u016btu. Piem\u0113rots ikdienas lieto\u0161anai. Sast\u0101vda\u013cas: \u016adens, Hl\u00f3rheksid\u012bna diglukon\u0101ts, Glicer\u012bns, Fenoksietanols, Aloe Vera ekstrakts, Polisorb\u0101ts 20\" \/>\n<meta property=\"og:url\" content=\"https:\/\/miumjau.ee\/lv\/produkts\/bugalugs-salocamas-tirisanas-salvetes-suniem-un-kakiem-80-gab\/\" \/>\n<meta property=\"og:site_name\" content=\"MiuMjau\" \/>\n<meta property=\"article:publisher\" content=\"https:\/\/www.facebook.com\/miumjaupood\/\" \/>\n<meta property=\"article:modified_time\" content=\"2026-01-07T19:16:37+00:00\" \/>\n<meta property=\"og:image\" content=\"https:\/\/miumjau.ee\/wp-content\/uploads\/2025\/06\/niisked-salvratid-kortsude-puhastuseks-bugalugs3.webp\" \/>\n\t<meta property=\"og:image:width\" content=\"600\" \/>\n\t<meta property=\"og:image:height\" content=\"800\" \/>\n\t<meta property=\"og:image:type\" content=\"image\/webp\" \/>\n<meta name=\"twitter:card\" content=\"summary_large_image\" \/>\n<script type=\"application\/ld+json\" class=\"yoast-schema-graph\">{\"@context\":\"https:\/\/schema.org\",\"@graph\":[{\"@type\":\"WebPage\",\"@id\":\"https:\/\/miumjau.ee\/lv\/produkts\/bugalugs-salocamas-tirisanas-salvetes-suniem-un-kakiem-80-gab\/\",\"url\":\"https:\/\/miumjau.ee\/lv\/produkts\/bugalugs-salocamas-tirisanas-salvetes-suniem-un-kakiem-80-gab\/\",\"name\":\"Bugalugs saloc\u0101m\u0101s t\u012br\u012b\u0161anas salvetes su\u0146iem un ka\u0137iem \u2013 80 gab. - MiuMjau\",\"isPartOf\":{\"@id\":\"https:\/\/miumjau.ee\/#website\"},\"primaryImageOfPage\":{\"@id\":\"https:\/\/miumjau.ee\/lv\/produkts\/bugalugs-salocamas-tirisanas-salvetes-suniem-un-kakiem-80-gab\/#primaryimage\"},\"image\":{\"@id\":\"https:\/\/miumjau.ee\/lv\/produkts\/bugalugs-salocamas-tirisanas-salvetes-suniem-un-kakiem-80-gab\/#primaryimage\"},\"thumbnailUrl\":\"https:\/\/miumjau.ee\/wp-content\/uploads\/2025\/06\/niisked-salvratid-kortsude-puhastuseks-bugalugs3.webp\",\"datePublished\":\"2025-06-18T19:48:11+00:00\",\"dateModified\":\"2026-01-07T19:16:37+00:00\",\"breadcrumb\":{\"@id\":\"https:\/\/miumjau.ee\/lv\/produkts\/bugalugs-salocamas-tirisanas-salvetes-suniem-un-kakiem-80-gab\/#breadcrumb\"},\"inLanguage\":\"lv-LV\",\"potentialAction\":[{\"@type\":\"ReadAction\",\"target\":[\"https:\/\/miumjau.ee\/lv\/produkts\/bugalugs-salocamas-tirisanas-salvetes-suniem-un-kakiem-80-gab\/\"]}]},{\"@type\":\"ImageObject\",\"inLanguage\":\"lv-LV\",\"@id\":\"https:\/\/miumjau.ee\/lv\/produkts\/bugalugs-salocamas-tirisanas-salvetes-suniem-un-kakiem-80-gab\/#primaryimage\",\"url\":\"https:\/\/miumjau.ee\/wp-content\/uploads\/2025\/06\/niisked-salvratid-kortsude-puhastuseks-bugalugs3.webp\",\"contentUrl\":\"https:\/\/miumjau.ee\/wp-content\/uploads\/2025\/06\/niisked-salvratid-kortsude-puhastuseks-bugalugs3.webp\",\"width\":600,\"height\":800},{\"@type\":\"BreadcrumbList\",\"@id\":\"https:\/\/miumjau.ee\/lv\/produkts\/bugalugs-salocamas-tirisanas-salvetes-suniem-un-kakiem-80-gab\/#breadcrumb\",\"itemListElement\":[{\"@type\":\"ListItem\",\"position\":1,\"name\":\"Home\",\"item\":\"https:\/\/miumjau.ee\/lv\/\"},{\"@type\":\"ListItem\",\"position\":2,\"name\":\"Veikals\",\"item\":\"https:\/\/miumjau.ee\/lv\/veikals\/\"},{\"@type\":\"ListItem\",\"position\":3,\"name\":\"Bugalugs saloc\u0101m\u0101s t\u012br\u012b\u0161anas salvetes su\u0146iem un ka\u0137iem \u2013 80 gab.\"}]},{\"@type\":\"WebSite\",\"@id\":\"https:\/\/miumjau.ee\/#website\",\"url\":\"https:\/\/miumjau.ee\/\",\"name\":\"MiuMjau\",\"description\":\"Kraapimispuud kassidele\",\"publisher\":{\"@id\":\"https:\/\/miumjau.ee\/#organization\"},\"potentialAction\":[{\"@type\":\"SearchAction\",\"target\":{\"@type\":\"EntryPoint\",\"urlTemplate\":\"https:\/\/miumjau.ee\/?s={search_term_string}\"},\"query-input\":{\"@type\":\"PropertyValueSpecification\",\"valueRequired\":true,\"valueName\":\"search_term_string\"}}],\"inLanguage\":\"lv-LV\"},{\"@type\":\"Organization\",\"@id\":\"https:\/\/miumjau.ee\/#organization\",\"name\":\"MiuMjau O\u00dc\",\"url\":\"https:\/\/miumjau.ee\/\",\"logo\":{\"@type\":\"ImageObject\",\"inLanguage\":\"lv-LV\",\"@id\":\"https:\/\/miumjau.ee\/#\/schema\/logo\/image\/\",\"url\":\"https:\/\/miumjau.ee\/wp-content\/uploads\/2022\/04\/MiuMjau-logo-kollane.png\",\"contentUrl\":\"https:\/\/miumjau.ee\/wp-content\/uploads\/2022\/04\/MiuMjau-logo-kollane.png\",\"width\":219,\"height\":100,\"caption\":\"MiuMjau O\u00dc\"},\"image\":{\"@id\":\"https:\/\/miumjau.ee\/#\/schema\/logo\/image\/\"},\"sameAs\":[\"https:\/\/www.facebook.com\/miumjaupood\/\"]}]}<\/script>\n<!-- \/ Yoast SEO plugin. -->","yoast_head_json":{"title":"Bugalugs saloc\u0101m\u0101s t\u012br\u012b\u0161anas salvetes su\u0146iem un ka\u0137iem \u2013 80 gab. - MiuMjau","robots":{"index":"index","follow":"follow","max-snippet":"max-snippet:-1","max-image-preview":"max-image-preview:large","max-video-preview":"max-video-preview:-1"},"canonical":"https:\/\/miumjau.ee\/lv\/produkts\/bugalugs-salocamas-tirisanas-salvetes-suniem-un-kakiem-80-gab\/","og_locale":"lv_LV","og_type":"article","og_title":"Bugalugs saloc\u0101m\u0101s t\u012br\u012b\u0161anas salvetes su\u0146iem un ka\u0137iem \u2013 80 gab. - MiuMjau","og_description":"Nomierino\u0161a kop\u0161ana \u0101das krok\u0101m un loc\u012bjumiem Iepaz\u012bstin\u0101m ar Bugalugs saloc\u0101m\u0101s t\u012br\u012b\u0161anas salvetes \u2013 uzticams un maigs l\u012bdzeklis j\u016bsu m\u0101jdz\u012bvnieka \u0101das krok\u0101m, \u0137ep\u0101m un aus\u012bm. \u012apa\u0161i izstr\u0101d\u0101tas \u012bssnasu \u0161\u0137irn\u0113m, piem\u0113ram, fran\u010du buldogiem, mopsiem un bokseriem, \u0161\u012bs salvetes pal\u012bdz saglab\u0101t higi\u0113nu un komfortu \u0101tri un vienk\u0101r\u0161i. Galven\u0101s priek\u0161roc\u012bbas:     Nomierino\u0161a kop\u0161ana: Vai j\u016bsu m\u0101jdz\u012bvnieka \u0101das kroku vai \u0137epas prasa \u012bpa\u0161u uzman\u012bbu? M\u016bsu nomierino\u0161\u0101 formula pal\u012bdz mazin\u0101t diskomfortu un kairin\u0101jumu jut\u012bg\u0101s viet\u0101s, veicinot labkl\u0101j\u012bbu.    Kroku un loc\u012bjumu t\u012br\u012b\u0161ana: \u012apa\u0161i formul\u0113tas \u0101das kroku, sejas krokas un astes apk\u0101rtnes t\u012br\u012b\u0161anai, nov\u0113r\u0161ot net\u012brumu, gru\u017eu un garozas uzkr\u0101\u0161anos, kas var izrais\u012bt nepat\u012bkamu smaku un diskomfortu.    Asaru traipu kop\u0161ana: Atvadieties no net\u012br\u0101m acs apvidiem! Bugalugs salvetes efekt\u012bvi un maigi no\u0146em asaru traipus, atst\u0101jot ka\u017eoku t\u012bru un sp\u012bd\u012bgu.    Bez smar\u017eas un maigas: Bez pievienot\u0101m smar\u017eviel\u0101m, aizsarg\u0101 jut\u012bgo \u0101du un nov\u0113r\u0161 kairin\u0101jumu vai aler\u0123ijas.    Nav nepiecie\u0161ams \u016bdens vai skalo\u0161ana: \u0100tra un vienk\u0101r\u0161a kop\u0161ana \u2013 vienk\u0101r\u0161i pa\u0146emiet salveti un not\u012briet. Ide\u0101li piem\u0113rots aiz\u0146emtiem m\u0101jdz\u012bvnieku \u012bpa\u0161niekiem.    Biolo\u0123iski no\u0101rd\u0101mas un videi draudz\u012bgas: Videi draudz\u012bga izv\u0113le \u2013 iepriek\u0161 samitrin\u0101tas salvetes ir biolo\u0123iski no\u0101rd\u0101mas un ra\u017eotas atbild\u012bgi.    Piem\u0113rots visiem su\u0146iem un ka\u0137iem: Nav ierobe\u017eots konkr\u0113t\u0101m \u0161\u0137irn\u0113m \u2013 piem\u0113rots su\u0146iem un ka\u0137iem jebkura izm\u0113ra un vecuma.   Paceliet sava m\u0101jdz\u012bvnieka kop\u0161anas rut\u012bnu ar Bugalugs saloc\u0101m\u0101m salvet\u0113m un izbaudiet komforta un t\u012br\u012bbas at\u0161\u0137ir\u012bbu. Lieto\u0161anas nor\u0101d\u012bjumi: Atveriet v\u0101ci\u0146u un iz\u0146emiet salveti no atk\u0101rtoti aizveram\u0101s pl\u0113ves. Maigi not\u012briet m\u0101jdz\u012bvnieka \u0101du, izmantojot abas salvetes puses. Skalo\u0161ana nav nepiecie\u0161ama. Aizveriet v\u0101ci\u0146u p\u0113c lieto\u0161anas, lai salvetes neiz\u017e\u016btu. Piem\u0113rots ikdienas lieto\u0161anai. Sast\u0101vda\u013cas: \u016adens, Hl\u00f3rheksid\u012bna diglukon\u0101ts, Glicer\u012bns, Fenoksietanols, Aloe Vera ekstrakts, Polisorb\u0101ts 20","og_url":"https:\/\/miumjau.ee\/lv\/produkts\/bugalugs-salocamas-tirisanas-salvetes-suniem-un-kakiem-80-gab\/","og_site_name":"MiuMjau","article_publisher":"https:\/\/www.facebook.com\/miumjaupood\/","article_modified_time":"2026-01-07T19:16:37+00:00","og_image":[{"width":600,"height":800,"url":"https:\/\/miumjau.ee\/wp-content\/uploads\/2025\/06\/niisked-salvratid-kortsude-puhastuseks-bugalugs3.webp","type":"image\/webp"}],"twitter_card":"summary_large_image","schema":{"@context":"https:\/\/schema.org","@graph":[{"@type":"WebPage","@id":"https:\/\/miumjau.ee\/lv\/produkts\/bugalugs-salocamas-tirisanas-salvetes-suniem-un-kakiem-80-gab\/","url":"https:\/\/miumjau.ee\/lv\/produkts\/bugalugs-salocamas-tirisanas-salvetes-suniem-un-kakiem-80-gab\/","name":"Bugalugs saloc\u0101m\u0101s t\u012br\u012b\u0161anas salvetes su\u0146iem un ka\u0137iem \u2013 80 gab. - MiuMjau","isPartOf":{"@id":"https:\/\/miumjau.ee\/#website"},"primaryImageOfPage":{"@id":"https:\/\/miumjau.ee\/lv\/produkts\/bugalugs-salocamas-tirisanas-salvetes-suniem-un-kakiem-80-gab\/#primaryimage"},"image":{"@id":"https:\/\/miumjau.ee\/lv\/produkts\/bugalugs-salocamas-tirisanas-salvetes-suniem-un-kakiem-80-gab\/#primaryimage"},"thumbnailUrl":"https:\/\/miumjau.ee\/wp-content\/uploads\/2025\/06\/niisked-salvratid-kortsude-puhastuseks-bugalugs3.webp","datePublished":"2025-06-18T19:48:11+00:00","dateModified":"2026-01-07T19:16:37+00:00","breadcrumb":{"@id":"https:\/\/miumjau.ee\/lv\/produkts\/bugalugs-salocamas-tirisanas-salvetes-suniem-un-kakiem-80-gab\/#breadcrumb"},"inLanguage":"lv-LV","potentialAction":[{"@type":"ReadAction","target":["https:\/\/miumjau.ee\/lv\/produkts\/bugalugs-salocamas-tirisanas-salvetes-suniem-un-kakiem-80-gab\/"]}]},{"@type":"ImageObject","inLanguage":"lv-LV","@id":"https:\/\/miumjau.ee\/lv\/produkts\/bugalugs-salocamas-tirisanas-salvetes-suniem-un-kakiem-80-gab\/#primaryimage","url":"https:\/\/miumjau.ee\/wp-content\/uploads\/2025\/06\/niisked-salvratid-kortsude-puhastuseks-bugalugs3.webp","contentUrl":"https:\/\/miumjau.ee\/wp-content\/uploads\/2025\/06\/niisked-salvratid-kortsude-puhastuseks-bugalugs3.webp","width":600,"height":800},{"@type":"BreadcrumbList","@id":"https:\/\/miumjau.ee\/lv\/produkts\/bugalugs-salocamas-tirisanas-salvetes-suniem-un-kakiem-80-gab\/#breadcrumb","itemListElement":[{"@type":"ListItem","position":1,"name":"Home","item":"https:\/\/miumjau.ee\/lv\/"},{"@type":"ListItem","position":2,"name":"Veikals","item":"https:\/\/miumjau.ee\/lv\/veikals\/"},{"@type":"ListItem","position":3,"name":"Bugalugs saloc\u0101m\u0101s t\u012br\u012b\u0161anas salvetes su\u0146iem un ka\u0137iem \u2013 80 gab."}]},{"@type":"WebSite","@id":"https:\/\/miumjau.ee\/#website","url":"https:\/\/miumjau.ee\/","name":"MiuMjau","description":"Kraapimispuud kassidele","publisher":{"@id":"https:\/\/miumjau.ee\/#organization"},"potentialAction":[{"@type":"SearchAction","target":{"@type":"EntryPoint","urlTemplate":"https:\/\/miumjau.ee\/?s={search_term_string}"},"query-input":{"@type":"PropertyValueSpecification","valueRequired":true,"valueName":"search_term_string"}}],"inLanguage":"lv-LV"},{"@type":"Organization","@id":"https:\/\/miumjau.ee\/#organization","name":"MiuMjau O\u00dc","url":"https:\/\/miumjau.ee\/","logo":{"@type":"ImageObject","inLanguage":"lv-LV","@id":"https:\/\/miumjau.ee\/#\/schema\/logo\/image\/","url":"https:\/\/miumjau.ee\/wp-content\/uploads\/2022\/04\/MiuMjau-logo-kollane.png","contentUrl":"https:\/\/miumjau.ee\/wp-content\/uploads\/2022\/04\/MiuMjau-logo-kollane.png","width":219,"height":100,"caption":"MiuMjau O\u00dc"},"image":{"@id":"https:\/\/miumjau.ee\/#\/schema\/logo\/image\/"},"sameAs":["https:\/\/www.facebook.com\/miumjaupood\/"]}]}},"_links":{"self":[{"href":"https:\/\/miumjau.ee\/lv\/wp-json\/wp\/v2\/product\/49241","targetHints":{"allow":["GET"]}}],"collection":[{"href":"https:\/\/miumjau.ee\/lv\/wp-json\/wp\/v2\/product"}],"about":[{"href":"https:\/\/miumjau.ee\/lv\/wp-json\/wp\/v2\/types\/product"}],"wp:featuredmedia":[{"embeddable":true,"href":"https:\/\/miumjau.ee\/lv\/wp-json\/wp\/v2\/media\/49242"}],"wp:attachment":[{"href":"https:\/\/miumjau.ee\/lv\/wp-json\/wp\/v2\/media?parent=49241"}],"wp:term":[{"taxonomy":"product_brand","embeddable":true,"href":"https:\/\/miumjau.ee\/lv\/wp-json\/wp\/v2\/product_brand?post=49241"},{"taxonomy":"product_cat","embeddable":true,"href":"https:\/\/miumjau.ee\/lv\/wp-json\/wp\/v2\/product_cat?post=49241"},{"taxonomy":"product_tag","embeddable":true,"href":"https:\/\/miumjau.ee\/lv\/wp-json\/wp\/v2\/product_tag?post=49241"}],"curies":[{"name":"wp","href":"https:\/\/api.w.org\/{rel}","templated":true}]}}