{"id":49234,"date":"2025-06-18T22:38:36","date_gmt":"2025-06-18T19:38:36","guid":{"rendered":"https:\/\/miumjau.ee\/toode\/bugalugs-nomierinoss-ausu-tirisanas-skidums-suniem-un-kakiem-200-ml\/"},"modified":"2026-01-07T21:16:37","modified_gmt":"2026-01-07T19:16:37","slug":"bugalugs-nomierinoss-ausu-tirisanas-skidums-suniem-un-kakiem-200-ml","status":"publish","type":"product","link":"https:\/\/miumjau.ee\/lv\/produkts\/bugalugs-nomierinoss-ausu-tirisanas-skidums-suniem-un-kakiem-200-ml\/","title":{"rendered":"Bugalugs nomierino\u0161s ausu t\u012br\u012b\u0161anas \u0161\u0137\u012bdums su\u0146iem un ka\u0137iem \u2013 200 ml"},"content":{"rendered":"","protected":false},"excerpt":{"rendered":"<p data-start=\"4750\" data-end=\"5028\">Bugalugs nomierino\u0161s ausu t\u012br\u012b\u0161anas \u0161\u0137\u012bdums su\u0146iem ir ide\u0101ls papildin\u0101jums j\u016bsu m\u0101jdz\u012bvnieka kop\u0161anas rut\u012bnai. M\u016bsu dabisk\u0101s izcelsmes maiga formula nomierina niezo\u0161as ausis, samazina nepat\u012bkamu smaku un no\u0146em vasku un net\u012brumus. \u0100tri un efekt\u012bvi uztur ausis t\u012bras un veselas.<\/p>\n<p data-start=\"5030\" data-end=\"5344\">M\u016bsu maiga veg\u0101niska formula satur \u0113tiski ieg\u016btas sast\u0101vda\u013cas un efekt\u012bvi no\u0146em vasku, samazina galvas krat\u012b\u0161anu, ko izraisa net\u012brumi vai kairin\u0101jums, un neitraliz\u0113 nepat\u012bkamas smakas ar dab\u012bgu citrusaug\u013cu ekstraktu mais\u012bjumu. Ra\u017eots GMP sertific\u0113t\u0101 ra\u017eotn\u0113 \u2013 Bugalugs ir uzticama Lielbrit\u0101nijas z\u012bmola produkts.<\/p>\n<p data-start=\"5346\" data-end=\"5384\"><strong data-start=\"5346\" data-end=\"5382\">Bugalugs ausu t\u012br\u012b\u0161anas \u0161\u0137\u012bdums:<\/strong><\/p>\n<ul data-start=\"5385\" data-end=\"5870\">\n<li data-start=\"5385\" data-end=\"5475\">\n<p data-start=\"5387\" data-end=\"5475\"><strong data-start=\"5387\" data-end=\"5400\">NOMIERINA<\/strong> \u2013 mazina niezi, no\u0146em net\u012brumus un ausu vasku, samazina nepat\u012bkamu smaku<\/p>\n<\/li>\n<li data-start=\"5476\" data-end=\"5584\">\n<p data-start=\"5478\" data-end=\"5584\"><strong data-start=\"5478\" data-end=\"5496\">\u0100TRI REZULT\u0100TI<\/strong> \u2013 \u0101tri mazina diskomfortu, ko rada smakas, bie\u017ea galvas krat\u012b\u0161ana vai p\u0101rm\u0113r\u012bgs vasks<\/p>\n<\/li>\n<li data-start=\"5585\" data-end=\"5710\">\n<p data-start=\"5587\" data-end=\"5710\"><strong data-start=\"5587\" data-end=\"5607\">UZTICAMA FORMULA<\/strong> \u2013 100 % dab\u012bgas sast\u0101vda\u013cas, bez alkohola, bez parab\u0113niem, silikoniem, SLES, SLS, DEA vai fermentiem<\/p>\n<\/li>\n<li data-start=\"5711\" data-end=\"5807\">\n<p data-start=\"5713\" data-end=\"5807\"><strong data-start=\"5713\" data-end=\"5736\">VIENK\u0100R\u0160A LIETO\u0160ANA<\/strong> \u2013 piem\u0113rota su\u0146iem un ka\u0137iem; neliela deva pietiek, samazinot stresu<\/p>\n<\/li>\n<li data-start=\"5808\" data-end=\"5870\">\n<p data-start=\"5810\" data-end=\"5870\"><strong data-start=\"5810\" data-end=\"5835\">DZ\u012aVNIEKIEM DRAUDZ\u012aGS<\/strong> \u2013 nekad netest\u0113ts uz dz\u012bvniekiem<\/p>\n<\/li>\n<\/ul>\n<p data-start=\"5872\" data-end=\"6106\"><strong data-start=\"5872\" data-end=\"5886\">Lieto\u0161ana:<\/strong> Pile \u0161\u0137\u012bdumu tie\u0161i auss kan\u0101l\u0101, l\u012bdz \u0161\u0137idrums ir redzams. Mas\u0113jiet auss pamatni. Suns var pakrat\u012bt galvu, lai izspiestu vasku un net\u012brumus. Not\u012briet lieko ar vates spilventi\u0146iem. Nelietojiet vates koci\u0146us auss kan\u0101l\u0101.<\/p>\n<p data-start=\"6108\" data-end=\"6403\"><strong data-start=\"6108\" data-end=\"6124\">Br\u012bdin\u0101jums:<\/strong> Tikai \u0101r\u012bgai lieto\u0161anai. Izvairieties no kontakta ar ac\u012bm un g\u013cot\u0101d\u0101m. Ja \u0161\u0137\u012bdums non\u0101k ac\u012bs, skalojiet ar daudz \u016bdens. Ja rodas kairin\u0101jums, p\u0101rtrauciet lieto\u0161anu un konsult\u0113jieties ar veterin\u0101r\u0101rstu. Nelietot, ja dzirdes membr\u0101na ir pl\u012bsusi. Glab\u0101t b\u0113rniem nepieejam\u0101 viet\u0101.<\/p>\n<p data-start=\"6405\" data-end=\"6777\"><strong data-start=\"6405\" data-end=\"6421\">Sast\u0101vda\u013cas:<\/strong> \u016adens, Glicer\u012bns, Detsilglikoz\u012bds, Citrus Aurantium Bergamia (bergamote) lapu ekstrakts, Citrus Aurantifolia (laims) aug\u013cu ekstrakts, Citrus Aurantium Dulcis (apels\u012bns) aug\u013cu ekstrakts, Citrus Grandis (greipfr\u016bts) ekstrakts, Citrus Limon (citrona) aug\u013cu ekstrakts, Citrus Unshiu (mandar\u012bns) aug\u013cu ekstrakts, N\u0101trija benzo\u0101ts, Citronsk\u0101be, K\u0101lija sorb\u0101ts<\/p>\n","protected":false},"featured_media":49235,"template":"","meta":[],"product_brand":[],"product_cat":[589,560],"product_tag":[],"class_list":{"0":"post-49234","1":"product","2":"type-product","3":"status-publish","4":"has-post-thumbnail","6":"product_cat-citi-piederumi","7":"product_cat-kopsanas-lidzekli-suniem","9":"first","10":"instock","11":"sale","12":"taxable","13":"shipping-taxable","14":"purchasable","15":"product-type-simple"},"yoast_head":"<!-- This site is optimized with the Yoast SEO plugin v27.2 - https:\/\/yoast.com\/product\/yoast-seo-wordpress\/ -->\n<title>Bugalugs nomierino\u0161s ausu t\u012br\u012b\u0161anas \u0161\u0137\u012bdums su\u0146iem un ka\u0137iem \u2013 200 ml - MiuMjau<\/title>\n<meta name=\"robots\" content=\"index, follow, max-snippet:-1, max-image-preview:large, max-video-preview:-1\" \/>\n<link rel=\"canonical\" href=\"https:\/\/miumjau.ee\/lv\/produkts\/bugalugs-nomierinoss-ausu-tirisanas-skidums-suniem-un-kakiem-200-ml\/\" \/>\n<meta property=\"og:locale\" content=\"lv_LV\" \/>\n<meta property=\"og:type\" content=\"article\" \/>\n<meta property=\"og:title\" content=\"Bugalugs nomierino\u0161s ausu t\u012br\u012b\u0161anas \u0161\u0137\u012bdums su\u0146iem un ka\u0137iem \u2013 200 ml - MiuMjau\" \/>\n<meta property=\"og:description\" content=\"Bugalugs nomierino\u0161s ausu t\u012br\u012b\u0161anas \u0161\u0137\u012bdums su\u0146iem ir ide\u0101ls papildin\u0101jums j\u016bsu m\u0101jdz\u012bvnieka kop\u0161anas rut\u012bnai. M\u016bsu dabisk\u0101s izcelsmes maiga formula nomierina niezo\u0161as ausis, samazina nepat\u012bkamu smaku un no\u0146em vasku un net\u012brumus. \u0100tri un efekt\u012bvi uztur ausis t\u012bras un veselas. M\u016bsu maiga veg\u0101niska formula satur \u0113tiski ieg\u016btas sast\u0101vda\u013cas un efekt\u012bvi no\u0146em vasku, samazina galvas krat\u012b\u0161anu, ko izraisa net\u012brumi vai kairin\u0101jums, un neitraliz\u0113 nepat\u012bkamas smakas ar dab\u012bgu citrusaug\u013cu ekstraktu mais\u012bjumu. Ra\u017eots GMP sertific\u0113t\u0101 ra\u017eotn\u0113 \u2013 Bugalugs ir uzticama Lielbrit\u0101nijas z\u012bmola produkts. Bugalugs ausu t\u012br\u012b\u0161anas \u0161\u0137\u012bdums:     NOMIERINA \u2013 mazina niezi, no\u0146em net\u012brumus un ausu vasku, samazina nepat\u012bkamu smaku    \u0100TRI REZULT\u0100TI \u2013 \u0101tri mazina diskomfortu, ko rada smakas, bie\u017ea galvas krat\u012b\u0161ana vai p\u0101rm\u0113r\u012bgs vasks    UZTICAMA FORMULA \u2013 100 % dab\u012bgas sast\u0101vda\u013cas, bez alkohola, bez parab\u0113niem, silikoniem, SLES, SLS, DEA vai fermentiem    VIENK\u0100R\u0160A LIETO\u0160ANA \u2013 piem\u0113rota su\u0146iem un ka\u0137iem; neliela deva pietiek, samazinot stresu    DZ\u012aVNIEKIEM DRAUDZ\u012aGS \u2013 nekad netest\u0113ts uz dz\u012bvniekiem   Lieto\u0161ana: Pile \u0161\u0137\u012bdumu tie\u0161i auss kan\u0101l\u0101, l\u012bdz \u0161\u0137idrums ir redzams. Mas\u0113jiet auss pamatni. Suns var pakrat\u012bt galvu, lai izspiestu vasku un net\u012brumus. Not\u012briet lieko ar vates spilventi\u0146iem. Nelietojiet vates koci\u0146us auss kan\u0101l\u0101. Br\u012bdin\u0101jums: Tikai \u0101r\u012bgai lieto\u0161anai. Izvairieties no kontakta ar ac\u012bm un g\u013cot\u0101d\u0101m. Ja \u0161\u0137\u012bdums non\u0101k ac\u012bs, skalojiet ar daudz \u016bdens. Ja rodas kairin\u0101jums, p\u0101rtrauciet lieto\u0161anu un konsult\u0113jieties ar veterin\u0101r\u0101rstu. Nelietot, ja dzirdes membr\u0101na ir pl\u012bsusi. Glab\u0101t b\u0113rniem nepieejam\u0101 viet\u0101. Sast\u0101vda\u013cas: \u016adens, Glicer\u012bns, Detsilglikoz\u012bds, Citrus Aurantium Bergamia (bergamote) lapu ekstrakts, Citrus Aurantifolia (laims) aug\u013cu ekstrakts, Citrus Aurantium Dulcis (apels\u012bns) aug\u013cu ekstrakts, Citrus Grandis (greipfr\u016bts) ekstrakts, Citrus Limon (citrona) aug\u013cu ekstrakts, Citrus Unshiu (mandar\u012bns) aug\u013cu ekstrakts, N\u0101trija benzo\u0101ts, Citronsk\u0101be, K\u0101lija sorb\u0101ts\" \/>\n<meta property=\"og:url\" content=\"https:\/\/miumjau.ee\/lv\/produkts\/bugalugs-nomierinoss-ausu-tirisanas-skidums-suniem-un-kakiem-200-ml\/\" \/>\n<meta property=\"og:site_name\" content=\"MiuMjau\" \/>\n<meta property=\"article:publisher\" content=\"https:\/\/www.facebook.com\/miumjaupood\/\" \/>\n<meta property=\"article:modified_time\" content=\"2026-01-07T19:16:37+00:00\" \/>\n<meta property=\"og:image\" content=\"https:\/\/miumjau.ee\/wp-content\/uploads\/2025\/06\/bugalugs-koera-korvade-puhastus-sprei3.webp\" \/>\n\t<meta property=\"og:image:width\" content=\"600\" \/>\n\t<meta property=\"og:image:height\" content=\"800\" \/>\n\t<meta property=\"og:image:type\" content=\"image\/webp\" \/>\n<meta name=\"twitter:card\" content=\"summary_large_image\" \/>\n<script type=\"application\/ld+json\" class=\"yoast-schema-graph\">{\"@context\":\"https:\/\/schema.org\",\"@graph\":[{\"@type\":\"WebPage\",\"@id\":\"https:\/\/miumjau.ee\/lv\/produkts\/bugalugs-nomierinoss-ausu-tirisanas-skidums-suniem-un-kakiem-200-ml\/\",\"url\":\"https:\/\/miumjau.ee\/lv\/produkts\/bugalugs-nomierinoss-ausu-tirisanas-skidums-suniem-un-kakiem-200-ml\/\",\"name\":\"Bugalugs nomierino\u0161s ausu t\u012br\u012b\u0161anas \u0161\u0137\u012bdums su\u0146iem un ka\u0137iem \u2013 200 ml - MiuMjau\",\"isPartOf\":{\"@id\":\"https:\/\/miumjau.ee\/#website\"},\"primaryImageOfPage\":{\"@id\":\"https:\/\/miumjau.ee\/lv\/produkts\/bugalugs-nomierinoss-ausu-tirisanas-skidums-suniem-un-kakiem-200-ml\/#primaryimage\"},\"image\":{\"@id\":\"https:\/\/miumjau.ee\/lv\/produkts\/bugalugs-nomierinoss-ausu-tirisanas-skidums-suniem-un-kakiem-200-ml\/#primaryimage\"},\"thumbnailUrl\":\"https:\/\/miumjau.ee\/wp-content\/uploads\/2025\/06\/bugalugs-koera-korvade-puhastus-sprei3.webp\",\"datePublished\":\"2025-06-18T19:38:36+00:00\",\"dateModified\":\"2026-01-07T19:16:37+00:00\",\"breadcrumb\":{\"@id\":\"https:\/\/miumjau.ee\/lv\/produkts\/bugalugs-nomierinoss-ausu-tirisanas-skidums-suniem-un-kakiem-200-ml\/#breadcrumb\"},\"inLanguage\":\"lv-LV\",\"potentialAction\":[{\"@type\":\"ReadAction\",\"target\":[\"https:\/\/miumjau.ee\/lv\/produkts\/bugalugs-nomierinoss-ausu-tirisanas-skidums-suniem-un-kakiem-200-ml\/\"]}]},{\"@type\":\"ImageObject\",\"inLanguage\":\"lv-LV\",\"@id\":\"https:\/\/miumjau.ee\/lv\/produkts\/bugalugs-nomierinoss-ausu-tirisanas-skidums-suniem-un-kakiem-200-ml\/#primaryimage\",\"url\":\"https:\/\/miumjau.ee\/wp-content\/uploads\/2025\/06\/bugalugs-koera-korvade-puhastus-sprei3.webp\",\"contentUrl\":\"https:\/\/miumjau.ee\/wp-content\/uploads\/2025\/06\/bugalugs-koera-korvade-puhastus-sprei3.webp\",\"width\":600,\"height\":800},{\"@type\":\"BreadcrumbList\",\"@id\":\"https:\/\/miumjau.ee\/lv\/produkts\/bugalugs-nomierinoss-ausu-tirisanas-skidums-suniem-un-kakiem-200-ml\/#breadcrumb\",\"itemListElement\":[{\"@type\":\"ListItem\",\"position\":1,\"name\":\"Home\",\"item\":\"https:\/\/miumjau.ee\/lv\/\"},{\"@type\":\"ListItem\",\"position\":2,\"name\":\"Veikals\",\"item\":\"https:\/\/miumjau.ee\/lv\/veikals\/\"},{\"@type\":\"ListItem\",\"position\":3,\"name\":\"Bugalugs nomierino\u0161s ausu t\u012br\u012b\u0161anas \u0161\u0137\u012bdums su\u0146iem un ka\u0137iem \u2013 200 ml\"}]},{\"@type\":\"WebSite\",\"@id\":\"https:\/\/miumjau.ee\/#website\",\"url\":\"https:\/\/miumjau.ee\/\",\"name\":\"MiuMjau\",\"description\":\"Kraapimispuud kassidele\",\"publisher\":{\"@id\":\"https:\/\/miumjau.ee\/#organization\"},\"potentialAction\":[{\"@type\":\"SearchAction\",\"target\":{\"@type\":\"EntryPoint\",\"urlTemplate\":\"https:\/\/miumjau.ee\/?s={search_term_string}\"},\"query-input\":{\"@type\":\"PropertyValueSpecification\",\"valueRequired\":true,\"valueName\":\"search_term_string\"}}],\"inLanguage\":\"lv-LV\"},{\"@type\":\"Organization\",\"@id\":\"https:\/\/miumjau.ee\/#organization\",\"name\":\"MiuMjau O\u00dc\",\"url\":\"https:\/\/miumjau.ee\/\",\"logo\":{\"@type\":\"ImageObject\",\"inLanguage\":\"lv-LV\",\"@id\":\"https:\/\/miumjau.ee\/#\/schema\/logo\/image\/\",\"url\":\"https:\/\/miumjau.ee\/wp-content\/uploads\/2022\/04\/MiuMjau-logo-kollane.png\",\"contentUrl\":\"https:\/\/miumjau.ee\/wp-content\/uploads\/2022\/04\/MiuMjau-logo-kollane.png\",\"width\":219,\"height\":100,\"caption\":\"MiuMjau O\u00dc\"},\"image\":{\"@id\":\"https:\/\/miumjau.ee\/#\/schema\/logo\/image\/\"},\"sameAs\":[\"https:\/\/www.facebook.com\/miumjaupood\/\"]}]}<\/script>\n<!-- \/ Yoast SEO plugin. -->","yoast_head_json":{"title":"Bugalugs nomierino\u0161s ausu t\u012br\u012b\u0161anas \u0161\u0137\u012bdums su\u0146iem un ka\u0137iem \u2013 200 ml - MiuMjau","robots":{"index":"index","follow":"follow","max-snippet":"max-snippet:-1","max-image-preview":"max-image-preview:large","max-video-preview":"max-video-preview:-1"},"canonical":"https:\/\/miumjau.ee\/lv\/produkts\/bugalugs-nomierinoss-ausu-tirisanas-skidums-suniem-un-kakiem-200-ml\/","og_locale":"lv_LV","og_type":"article","og_title":"Bugalugs nomierino\u0161s ausu t\u012br\u012b\u0161anas \u0161\u0137\u012bdums su\u0146iem un ka\u0137iem \u2013 200 ml - MiuMjau","og_description":"Bugalugs nomierino\u0161s ausu t\u012br\u012b\u0161anas \u0161\u0137\u012bdums su\u0146iem ir ide\u0101ls papildin\u0101jums j\u016bsu m\u0101jdz\u012bvnieka kop\u0161anas rut\u012bnai. M\u016bsu dabisk\u0101s izcelsmes maiga formula nomierina niezo\u0161as ausis, samazina nepat\u012bkamu smaku un no\u0146em vasku un net\u012brumus. \u0100tri un efekt\u012bvi uztur ausis t\u012bras un veselas. M\u016bsu maiga veg\u0101niska formula satur \u0113tiski ieg\u016btas sast\u0101vda\u013cas un efekt\u012bvi no\u0146em vasku, samazina galvas krat\u012b\u0161anu, ko izraisa net\u012brumi vai kairin\u0101jums, un neitraliz\u0113 nepat\u012bkamas smakas ar dab\u012bgu citrusaug\u013cu ekstraktu mais\u012bjumu. Ra\u017eots GMP sertific\u0113t\u0101 ra\u017eotn\u0113 \u2013 Bugalugs ir uzticama Lielbrit\u0101nijas z\u012bmola produkts. Bugalugs ausu t\u012br\u012b\u0161anas \u0161\u0137\u012bdums:     NOMIERINA \u2013 mazina niezi, no\u0146em net\u012brumus un ausu vasku, samazina nepat\u012bkamu smaku    \u0100TRI REZULT\u0100TI \u2013 \u0101tri mazina diskomfortu, ko rada smakas, bie\u017ea galvas krat\u012b\u0161ana vai p\u0101rm\u0113r\u012bgs vasks    UZTICAMA FORMULA \u2013 100 % dab\u012bgas sast\u0101vda\u013cas, bez alkohola, bez parab\u0113niem, silikoniem, SLES, SLS, DEA vai fermentiem    VIENK\u0100R\u0160A LIETO\u0160ANA \u2013 piem\u0113rota su\u0146iem un ka\u0137iem; neliela deva pietiek, samazinot stresu    DZ\u012aVNIEKIEM DRAUDZ\u012aGS \u2013 nekad netest\u0113ts uz dz\u012bvniekiem   Lieto\u0161ana: Pile \u0161\u0137\u012bdumu tie\u0161i auss kan\u0101l\u0101, l\u012bdz \u0161\u0137idrums ir redzams. Mas\u0113jiet auss pamatni. Suns var pakrat\u012bt galvu, lai izspiestu vasku un net\u012brumus. Not\u012briet lieko ar vates spilventi\u0146iem. Nelietojiet vates koci\u0146us auss kan\u0101l\u0101. Br\u012bdin\u0101jums: Tikai \u0101r\u012bgai lieto\u0161anai. Izvairieties no kontakta ar ac\u012bm un g\u013cot\u0101d\u0101m. Ja \u0161\u0137\u012bdums non\u0101k ac\u012bs, skalojiet ar daudz \u016bdens. Ja rodas kairin\u0101jums, p\u0101rtrauciet lieto\u0161anu un konsult\u0113jieties ar veterin\u0101r\u0101rstu. Nelietot, ja dzirdes membr\u0101na ir pl\u012bsusi. Glab\u0101t b\u0113rniem nepieejam\u0101 viet\u0101. Sast\u0101vda\u013cas: \u016adens, Glicer\u012bns, Detsilglikoz\u012bds, Citrus Aurantium Bergamia (bergamote) lapu ekstrakts, Citrus Aurantifolia (laims) aug\u013cu ekstrakts, Citrus Aurantium Dulcis (apels\u012bns) aug\u013cu ekstrakts, Citrus Grandis (greipfr\u016bts) ekstrakts, Citrus Limon (citrona) aug\u013cu ekstrakts, Citrus Unshiu (mandar\u012bns) aug\u013cu ekstrakts, N\u0101trija benzo\u0101ts, Citronsk\u0101be, K\u0101lija sorb\u0101ts","og_url":"https:\/\/miumjau.ee\/lv\/produkts\/bugalugs-nomierinoss-ausu-tirisanas-skidums-suniem-un-kakiem-200-ml\/","og_site_name":"MiuMjau","article_publisher":"https:\/\/www.facebook.com\/miumjaupood\/","article_modified_time":"2026-01-07T19:16:37+00:00","og_image":[{"width":600,"height":800,"url":"https:\/\/miumjau.ee\/wp-content\/uploads\/2025\/06\/bugalugs-koera-korvade-puhastus-sprei3.webp","type":"image\/webp"}],"twitter_card":"summary_large_image","schema":{"@context":"https:\/\/schema.org","@graph":[{"@type":"WebPage","@id":"https:\/\/miumjau.ee\/lv\/produkts\/bugalugs-nomierinoss-ausu-tirisanas-skidums-suniem-un-kakiem-200-ml\/","url":"https:\/\/miumjau.ee\/lv\/produkts\/bugalugs-nomierinoss-ausu-tirisanas-skidums-suniem-un-kakiem-200-ml\/","name":"Bugalugs nomierino\u0161s ausu t\u012br\u012b\u0161anas \u0161\u0137\u012bdums su\u0146iem un ka\u0137iem \u2013 200 ml - MiuMjau","isPartOf":{"@id":"https:\/\/miumjau.ee\/#website"},"primaryImageOfPage":{"@id":"https:\/\/miumjau.ee\/lv\/produkts\/bugalugs-nomierinoss-ausu-tirisanas-skidums-suniem-un-kakiem-200-ml\/#primaryimage"},"image":{"@id":"https:\/\/miumjau.ee\/lv\/produkts\/bugalugs-nomierinoss-ausu-tirisanas-skidums-suniem-un-kakiem-200-ml\/#primaryimage"},"thumbnailUrl":"https:\/\/miumjau.ee\/wp-content\/uploads\/2025\/06\/bugalugs-koera-korvade-puhastus-sprei3.webp","datePublished":"2025-06-18T19:38:36+00:00","dateModified":"2026-01-07T19:16:37+00:00","breadcrumb":{"@id":"https:\/\/miumjau.ee\/lv\/produkts\/bugalugs-nomierinoss-ausu-tirisanas-skidums-suniem-un-kakiem-200-ml\/#breadcrumb"},"inLanguage":"lv-LV","potentialAction":[{"@type":"ReadAction","target":["https:\/\/miumjau.ee\/lv\/produkts\/bugalugs-nomierinoss-ausu-tirisanas-skidums-suniem-un-kakiem-200-ml\/"]}]},{"@type":"ImageObject","inLanguage":"lv-LV","@id":"https:\/\/miumjau.ee\/lv\/produkts\/bugalugs-nomierinoss-ausu-tirisanas-skidums-suniem-un-kakiem-200-ml\/#primaryimage","url":"https:\/\/miumjau.ee\/wp-content\/uploads\/2025\/06\/bugalugs-koera-korvade-puhastus-sprei3.webp","contentUrl":"https:\/\/miumjau.ee\/wp-content\/uploads\/2025\/06\/bugalugs-koera-korvade-puhastus-sprei3.webp","width":600,"height":800},{"@type":"BreadcrumbList","@id":"https:\/\/miumjau.ee\/lv\/produkts\/bugalugs-nomierinoss-ausu-tirisanas-skidums-suniem-un-kakiem-200-ml\/#breadcrumb","itemListElement":[{"@type":"ListItem","position":1,"name":"Home","item":"https:\/\/miumjau.ee\/lv\/"},{"@type":"ListItem","position":2,"name":"Veikals","item":"https:\/\/miumjau.ee\/lv\/veikals\/"},{"@type":"ListItem","position":3,"name":"Bugalugs nomierino\u0161s ausu t\u012br\u012b\u0161anas \u0161\u0137\u012bdums su\u0146iem un ka\u0137iem \u2013 200 ml"}]},{"@type":"WebSite","@id":"https:\/\/miumjau.ee\/#website","url":"https:\/\/miumjau.ee\/","name":"MiuMjau","description":"Kraapimispuud kassidele","publisher":{"@id":"https:\/\/miumjau.ee\/#organization"},"potentialAction":[{"@type":"SearchAction","target":{"@type":"EntryPoint","urlTemplate":"https:\/\/miumjau.ee\/?s={search_term_string}"},"query-input":{"@type":"PropertyValueSpecification","valueRequired":true,"valueName":"search_term_string"}}],"inLanguage":"lv-LV"},{"@type":"Organization","@id":"https:\/\/miumjau.ee\/#organization","name":"MiuMjau O\u00dc","url":"https:\/\/miumjau.ee\/","logo":{"@type":"ImageObject","inLanguage":"lv-LV","@id":"https:\/\/miumjau.ee\/#\/schema\/logo\/image\/","url":"https:\/\/miumjau.ee\/wp-content\/uploads\/2022\/04\/MiuMjau-logo-kollane.png","contentUrl":"https:\/\/miumjau.ee\/wp-content\/uploads\/2022\/04\/MiuMjau-logo-kollane.png","width":219,"height":100,"caption":"MiuMjau O\u00dc"},"image":{"@id":"https:\/\/miumjau.ee\/#\/schema\/logo\/image\/"},"sameAs":["https:\/\/www.facebook.com\/miumjaupood\/"]}]}},"_links":{"self":[{"href":"https:\/\/miumjau.ee\/lv\/wp-json\/wp\/v2\/product\/49234","targetHints":{"allow":["GET"]}}],"collection":[{"href":"https:\/\/miumjau.ee\/lv\/wp-json\/wp\/v2\/product"}],"about":[{"href":"https:\/\/miumjau.ee\/lv\/wp-json\/wp\/v2\/types\/product"}],"wp:featuredmedia":[{"embeddable":true,"href":"https:\/\/miumjau.ee\/lv\/wp-json\/wp\/v2\/media\/49235"}],"wp:attachment":[{"href":"https:\/\/miumjau.ee\/lv\/wp-json\/wp\/v2\/media?parent=49234"}],"wp:term":[{"taxonomy":"product_brand","embeddable":true,"href":"https:\/\/miumjau.ee\/lv\/wp-json\/wp\/v2\/product_brand?post=49234"},{"taxonomy":"product_cat","embeddable":true,"href":"https:\/\/miumjau.ee\/lv\/wp-json\/wp\/v2\/product_cat?post=49234"},{"taxonomy":"product_tag","embeddable":true,"href":"https:\/\/miumjau.ee\/lv\/wp-json\/wp\/v2\/product_tag?post=49234"}],"curies":[{"name":"wp","href":"https:\/\/api.w.org\/{rel}","templated":true}]}}