{"id":49221,"date":"2025-06-18T22:53:09","date_gmt":"2025-06-18T19:53:09","guid":{"rendered":"https:\/\/miumjau.ee\/toode\/bugalugs-rievu-tirisanas-salvetes-kakiem-un-suniem-100-gab\/"},"modified":"2026-01-07T21:16:37","modified_gmt":"2026-01-07T19:16:37","slug":"bugalugs-rievu-tirisanas-salvetes-kakiem-un-suniem-100-gab","status":"publish","type":"product","link":"https:\/\/miumjau.ee\/lv\/produkts\/bugalugs-rievu-tirisanas-salvetes-kakiem-un-suniem-100-gab\/","title":{"rendered":"Bugalugs rievu t\u012br\u012b\u0161anas salvetes ka\u0137iem un su\u0146iem \u2013 100 gab."},"content":{"rendered":"","protected":false},"excerpt":{"rendered":"<p data-start=\"3533\" data-end=\"3624\">Nodro\u0161ini savam rievainajam sunim vislab\u0101ko kop\u0161anu ar Bugalugs rievu t\u012br\u012b\u0161anas salvet\u0113m.<\/p>\n<p data-start=\"3626\" data-end=\"3834\">Bugalugs Wrinkle Cleansing Wipes satur 100 salvetes, kas \u012bpa\u0161i izstr\u0101d\u0101tas rievainas \u0101das t\u012br\u012b\u0161anai. Bez smar\u017eas un biolo\u0123iski no\u0101rd\u0101mas, \u0161\u012bs salvetes nodro\u0161ina j\u016bsu p\u016bkainajam draugam t\u012bru un \u0113rtu kop\u0161anu.<\/p>\n<p data-start=\"3836\" data-end=\"4041\">Lielas un iztur\u012bgas salvetes sasniedz ar\u012b dzi\u013c\u0101k\u0101s \u0101das krokas, no\u0146emot net\u012brumus un mitrumu, kas var veicin\u0101t bakt\u0113riju aug\u0161anu un \u0101das kairin\u0101jumu. Unik\u0101l\u0101 formula nomierina jut\u012bgu \u0101du, \u0137epas un ausis.<\/p>\n<p data-start=\"4043\" data-end=\"4287\"><strong data-start=\"4043\" data-end=\"4081\">Maiga un efekt\u012bva ikdienas kop\u0161ana<\/strong><br data-start=\"4081\" data-end=\"4084\" \/>Ide\u0101li piem\u0113rots brahicef\u0101l\u0101m \u0161\u0137irn\u0113m, piem\u0113ram, fran\u010du buldogiem, mopsiem, bokseriem, shi tzu utt. \u2013 ikdienas lieto\u0161ana pal\u012bdz nov\u0113rst \u0101das kairin\u0101jumu un saglab\u0101 j\u016bsu m\u0101jdz\u012bvnieku svaigu un vesel\u012bgu.<\/p>\n<p data-start=\"4289\" data-end=\"4521\">Bugalugs r\u016bp\u0113jas par vidi \u2013 m\u016bsu rievu salvetes ir izgatavotas no augu \u0161\u0137iedr\u0101m, bez plastmasas un biolo\u0123iski no\u0101rd\u0101mas. Izv\u0113loties Bugalugs, j\u016bs nodro\u0161in\u0101t savam m\u012blulim augst\u0101k\u0101s kvalit\u0101tes kop\u0161anu un pal\u012bdzat aizsarg\u0101t plan\u0113tu.<\/p>\n<p data-start=\"4523\" data-end=\"4570\"><strong data-start=\"4523\" data-end=\"4568\">K\u0101p\u0113c izv\u0113l\u0113ties Bugalugs rievu salvetes?<\/strong><\/p>\n<ul data-start=\"4571\" data-end=\"4788\">\n<li data-start=\"4571\" data-end=\"4616\">\n<p data-start=\"4573\" data-end=\"4616\">Lielas, iztur\u012bgas un biolo\u0123iski no\u0101rd\u0101mas<\/p>\n<\/li>\n<li data-start=\"4617\" data-end=\"4649\">\n<p data-start=\"4619\" data-end=\"4649\">Bez smar\u017eas un maiga formula<\/p>\n<\/li>\n<li data-start=\"4650\" data-end=\"4699\">\n<p data-start=\"4652\" data-end=\"4699\">Nomierina stresainu \u0101du un nov\u0113r\u0161 kairin\u0101jumu<\/p>\n<\/li>\n<li data-start=\"4700\" data-end=\"4734\">\n<p data-start=\"4702\" data-end=\"4734\">Piem\u0113rotas ikdienas lieto\u0161anai<\/p>\n<\/li>\n<li data-start=\"4735\" data-end=\"4766\">\n<p data-start=\"4737\" data-end=\"4766\">Piem\u0113rotas su\u0146iem un ka\u0137iem<\/p>\n<\/li>\n<li data-start=\"4767\" data-end=\"4788\">\n<p data-start=\"4769\" data-end=\"4788\">Ra\u017eotas atbild\u012bgi<\/p>\n<\/li>\n<\/ul>\n<p data-start=\"4790\" data-end=\"5067\"><strong data-start=\"4790\" data-end=\"4816\">Lieto\u0161anas nor\u0101d\u012bjumi:<\/strong> Pa\u0146emiet vienu iepriek\u0161 samitrin\u0101tu salveti un maigi noslaukiet apkopjamo zonu, tostarp krokas un rievu starp\u0101s. Lietojiet abus salvetes virsmas. Nav nepiecie\u0161ams skalot. Neizmantojiet vienu salveti atk\u0101rtoti. Piem\u0113rots lieto\u0161anai su\u0146iem un ka\u0137iem.<\/p>\n<p data-start=\"5069\" data-end=\"5161\"><strong data-start=\"5069\" data-end=\"5081\">Sast\u0101vs:<\/strong> \u016adens, Glicer\u012bns, Hlorheksid\u012bna diglukon\u0101ts, PEG-75 lanol\u012bns, Propil\u0113nglikols<\/p>\n","protected":false},"featured_media":49222,"template":"","meta":[],"product_brand":[],"product_cat":[589,560],"product_tag":[],"class_list":{"0":"post-49221","1":"product","2":"type-product","3":"status-publish","4":"has-post-thumbnail","6":"product_cat-citi-piederumi","7":"product_cat-kopsanas-lidzekli-suniem","9":"first","10":"instock","11":"taxable","12":"shipping-taxable","13":"purchasable","14":"product-type-simple"},"yoast_head":"<!-- This site is optimized with the Yoast SEO plugin v27.2 - https:\/\/yoast.com\/product\/yoast-seo-wordpress\/ -->\n<title>Bugalugs rievu t\u012br\u012b\u0161anas salvetes ka\u0137iem un su\u0146iem \u2013 100 gab. - MiuMjau<\/title>\n<meta name=\"robots\" content=\"index, follow, max-snippet:-1, max-image-preview:large, max-video-preview:-1\" \/>\n<link rel=\"canonical\" href=\"https:\/\/miumjau.ee\/lv\/produkts\/bugalugs-rievu-tirisanas-salvetes-kakiem-un-suniem-100-gab\/\" \/>\n<meta property=\"og:locale\" content=\"lv_LV\" \/>\n<meta property=\"og:type\" content=\"article\" \/>\n<meta property=\"og:title\" content=\"Bugalugs rievu t\u012br\u012b\u0161anas salvetes ka\u0137iem un su\u0146iem \u2013 100 gab. - MiuMjau\" \/>\n<meta property=\"og:description\" content=\"Nodro\u0161ini savam rievainajam sunim vislab\u0101ko kop\u0161anu ar Bugalugs rievu t\u012br\u012b\u0161anas salvet\u0113m. Bugalugs Wrinkle Cleansing Wipes satur 100 salvetes, kas \u012bpa\u0161i izstr\u0101d\u0101tas rievainas \u0101das t\u012br\u012b\u0161anai. Bez smar\u017eas un biolo\u0123iski no\u0101rd\u0101mas, \u0161\u012bs salvetes nodro\u0161ina j\u016bsu p\u016bkainajam draugam t\u012bru un \u0113rtu kop\u0161anu. Lielas un iztur\u012bgas salvetes sasniedz ar\u012b dzi\u013c\u0101k\u0101s \u0101das krokas, no\u0146emot net\u012brumus un mitrumu, kas var veicin\u0101t bakt\u0113riju aug\u0161anu un \u0101das kairin\u0101jumu. Unik\u0101l\u0101 formula nomierina jut\u012bgu \u0101du, \u0137epas un ausis. Maiga un efekt\u012bva ikdienas kop\u0161anaIde\u0101li piem\u0113rots brahicef\u0101l\u0101m \u0161\u0137irn\u0113m, piem\u0113ram, fran\u010du buldogiem, mopsiem, bokseriem, shi tzu utt. \u2013 ikdienas lieto\u0161ana pal\u012bdz nov\u0113rst \u0101das kairin\u0101jumu un saglab\u0101 j\u016bsu m\u0101jdz\u012bvnieku svaigu un vesel\u012bgu. Bugalugs r\u016bp\u0113jas par vidi \u2013 m\u016bsu rievu salvetes ir izgatavotas no augu \u0161\u0137iedr\u0101m, bez plastmasas un biolo\u0123iski no\u0101rd\u0101mas. Izv\u0113loties Bugalugs, j\u016bs nodro\u0161in\u0101t savam m\u012blulim augst\u0101k\u0101s kvalit\u0101tes kop\u0161anu un pal\u012bdzat aizsarg\u0101t plan\u0113tu. K\u0101p\u0113c izv\u0113l\u0113ties Bugalugs rievu salvetes?     Lielas, iztur\u012bgas un biolo\u0123iski no\u0101rd\u0101mas    Bez smar\u017eas un maiga formula    Nomierina stresainu \u0101du un nov\u0113r\u0161 kairin\u0101jumu    Piem\u0113rotas ikdienas lieto\u0161anai    Piem\u0113rotas su\u0146iem un ka\u0137iem    Ra\u017eotas atbild\u012bgi   Lieto\u0161anas nor\u0101d\u012bjumi: Pa\u0146emiet vienu iepriek\u0161 samitrin\u0101tu salveti un maigi noslaukiet apkopjamo zonu, tostarp krokas un rievu starp\u0101s. Lietojiet abus salvetes virsmas. Nav nepiecie\u0161ams skalot. Neizmantojiet vienu salveti atk\u0101rtoti. Piem\u0113rots lieto\u0161anai su\u0146iem un ka\u0137iem. Sast\u0101vs: \u016adens, Glicer\u012bns, Hlorheksid\u012bna diglukon\u0101ts, PEG-75 lanol\u012bns, Propil\u0113nglikols\" \/>\n<meta property=\"og:url\" content=\"https:\/\/miumjau.ee\/lv\/produkts\/bugalugs-rievu-tirisanas-salvetes-kakiem-un-suniem-100-gab\/\" \/>\n<meta property=\"og:site_name\" content=\"MiuMjau\" \/>\n<meta property=\"article:publisher\" content=\"https:\/\/www.facebook.com\/miumjaupood\/\" \/>\n<meta property=\"article:modified_time\" content=\"2026-01-07T19:16:37+00:00\" \/>\n<meta property=\"og:image\" content=\"https:\/\/miumjau.ee\/wp-content\/uploads\/2025\/06\/kortsupuhastus-padjakesed-bugalugs2.webp\" \/>\n\t<meta property=\"og:image:width\" content=\"600\" \/>\n\t<meta property=\"og:image:height\" content=\"800\" \/>\n\t<meta property=\"og:image:type\" content=\"image\/webp\" \/>\n<meta name=\"twitter:card\" content=\"summary_large_image\" \/>\n<script type=\"application\/ld+json\" class=\"yoast-schema-graph\">{\"@context\":\"https:\/\/schema.org\",\"@graph\":[{\"@type\":\"WebPage\",\"@id\":\"https:\/\/miumjau.ee\/lv\/produkts\/bugalugs-rievu-tirisanas-salvetes-kakiem-un-suniem-100-gab\/\",\"url\":\"https:\/\/miumjau.ee\/lv\/produkts\/bugalugs-rievu-tirisanas-salvetes-kakiem-un-suniem-100-gab\/\",\"name\":\"Bugalugs rievu t\u012br\u012b\u0161anas salvetes ka\u0137iem un su\u0146iem \u2013 100 gab. - MiuMjau\",\"isPartOf\":{\"@id\":\"https:\/\/miumjau.ee\/#website\"},\"primaryImageOfPage\":{\"@id\":\"https:\/\/miumjau.ee\/lv\/produkts\/bugalugs-rievu-tirisanas-salvetes-kakiem-un-suniem-100-gab\/#primaryimage\"},\"image\":{\"@id\":\"https:\/\/miumjau.ee\/lv\/produkts\/bugalugs-rievu-tirisanas-salvetes-kakiem-un-suniem-100-gab\/#primaryimage\"},\"thumbnailUrl\":\"https:\/\/miumjau.ee\/wp-content\/uploads\/2025\/06\/kortsupuhastus-padjakesed-bugalugs2.webp\",\"datePublished\":\"2025-06-18T19:53:09+00:00\",\"dateModified\":\"2026-01-07T19:16:37+00:00\",\"breadcrumb\":{\"@id\":\"https:\/\/miumjau.ee\/lv\/produkts\/bugalugs-rievu-tirisanas-salvetes-kakiem-un-suniem-100-gab\/#breadcrumb\"},\"inLanguage\":\"lv-LV\",\"potentialAction\":[{\"@type\":\"ReadAction\",\"target\":[\"https:\/\/miumjau.ee\/lv\/produkts\/bugalugs-rievu-tirisanas-salvetes-kakiem-un-suniem-100-gab\/\"]}]},{\"@type\":\"ImageObject\",\"inLanguage\":\"lv-LV\",\"@id\":\"https:\/\/miumjau.ee\/lv\/produkts\/bugalugs-rievu-tirisanas-salvetes-kakiem-un-suniem-100-gab\/#primaryimage\",\"url\":\"https:\/\/miumjau.ee\/wp-content\/uploads\/2025\/06\/kortsupuhastus-padjakesed-bugalugs2.webp\",\"contentUrl\":\"https:\/\/miumjau.ee\/wp-content\/uploads\/2025\/06\/kortsupuhastus-padjakesed-bugalugs2.webp\",\"width\":600,\"height\":800},{\"@type\":\"BreadcrumbList\",\"@id\":\"https:\/\/miumjau.ee\/lv\/produkts\/bugalugs-rievu-tirisanas-salvetes-kakiem-un-suniem-100-gab\/#breadcrumb\",\"itemListElement\":[{\"@type\":\"ListItem\",\"position\":1,\"name\":\"Home\",\"item\":\"https:\/\/miumjau.ee\/lv\/\"},{\"@type\":\"ListItem\",\"position\":2,\"name\":\"Veikals\",\"item\":\"https:\/\/miumjau.ee\/lv\/veikals\/\"},{\"@type\":\"ListItem\",\"position\":3,\"name\":\"Bugalugs rievu t\u012br\u012b\u0161anas salvetes ka\u0137iem un su\u0146iem \u2013 100 gab.\"}]},{\"@type\":\"WebSite\",\"@id\":\"https:\/\/miumjau.ee\/#website\",\"url\":\"https:\/\/miumjau.ee\/\",\"name\":\"MiuMjau\",\"description\":\"Kraapimispuud kassidele\",\"publisher\":{\"@id\":\"https:\/\/miumjau.ee\/#organization\"},\"potentialAction\":[{\"@type\":\"SearchAction\",\"target\":{\"@type\":\"EntryPoint\",\"urlTemplate\":\"https:\/\/miumjau.ee\/?s={search_term_string}\"},\"query-input\":{\"@type\":\"PropertyValueSpecification\",\"valueRequired\":true,\"valueName\":\"search_term_string\"}}],\"inLanguage\":\"lv-LV\"},{\"@type\":\"Organization\",\"@id\":\"https:\/\/miumjau.ee\/#organization\",\"name\":\"MiuMjau O\u00dc\",\"url\":\"https:\/\/miumjau.ee\/\",\"logo\":{\"@type\":\"ImageObject\",\"inLanguage\":\"lv-LV\",\"@id\":\"https:\/\/miumjau.ee\/#\/schema\/logo\/image\/\",\"url\":\"https:\/\/miumjau.ee\/wp-content\/uploads\/2022\/04\/MiuMjau-logo-kollane.png\",\"contentUrl\":\"https:\/\/miumjau.ee\/wp-content\/uploads\/2022\/04\/MiuMjau-logo-kollane.png\",\"width\":219,\"height\":100,\"caption\":\"MiuMjau O\u00dc\"},\"image\":{\"@id\":\"https:\/\/miumjau.ee\/#\/schema\/logo\/image\/\"},\"sameAs\":[\"https:\/\/www.facebook.com\/miumjaupood\/\"]}]}<\/script>\n<!-- \/ Yoast SEO plugin. -->","yoast_head_json":{"title":"Bugalugs rievu t\u012br\u012b\u0161anas salvetes ka\u0137iem un su\u0146iem \u2013 100 gab. - MiuMjau","robots":{"index":"index","follow":"follow","max-snippet":"max-snippet:-1","max-image-preview":"max-image-preview:large","max-video-preview":"max-video-preview:-1"},"canonical":"https:\/\/miumjau.ee\/lv\/produkts\/bugalugs-rievu-tirisanas-salvetes-kakiem-un-suniem-100-gab\/","og_locale":"lv_LV","og_type":"article","og_title":"Bugalugs rievu t\u012br\u012b\u0161anas salvetes ka\u0137iem un su\u0146iem \u2013 100 gab. - MiuMjau","og_description":"Nodro\u0161ini savam rievainajam sunim vislab\u0101ko kop\u0161anu ar Bugalugs rievu t\u012br\u012b\u0161anas salvet\u0113m. Bugalugs Wrinkle Cleansing Wipes satur 100 salvetes, kas \u012bpa\u0161i izstr\u0101d\u0101tas rievainas \u0101das t\u012br\u012b\u0161anai. Bez smar\u017eas un biolo\u0123iski no\u0101rd\u0101mas, \u0161\u012bs salvetes nodro\u0161ina j\u016bsu p\u016bkainajam draugam t\u012bru un \u0113rtu kop\u0161anu. Lielas un iztur\u012bgas salvetes sasniedz ar\u012b dzi\u013c\u0101k\u0101s \u0101das krokas, no\u0146emot net\u012brumus un mitrumu, kas var veicin\u0101t bakt\u0113riju aug\u0161anu un \u0101das kairin\u0101jumu. Unik\u0101l\u0101 formula nomierina jut\u012bgu \u0101du, \u0137epas un ausis. Maiga un efekt\u012bva ikdienas kop\u0161anaIde\u0101li piem\u0113rots brahicef\u0101l\u0101m \u0161\u0137irn\u0113m, piem\u0113ram, fran\u010du buldogiem, mopsiem, bokseriem, shi tzu utt. \u2013 ikdienas lieto\u0161ana pal\u012bdz nov\u0113rst \u0101das kairin\u0101jumu un saglab\u0101 j\u016bsu m\u0101jdz\u012bvnieku svaigu un vesel\u012bgu. Bugalugs r\u016bp\u0113jas par vidi \u2013 m\u016bsu rievu salvetes ir izgatavotas no augu \u0161\u0137iedr\u0101m, bez plastmasas un biolo\u0123iski no\u0101rd\u0101mas. Izv\u0113loties Bugalugs, j\u016bs nodro\u0161in\u0101t savam m\u012blulim augst\u0101k\u0101s kvalit\u0101tes kop\u0161anu un pal\u012bdzat aizsarg\u0101t plan\u0113tu. K\u0101p\u0113c izv\u0113l\u0113ties Bugalugs rievu salvetes?     Lielas, iztur\u012bgas un biolo\u0123iski no\u0101rd\u0101mas    Bez smar\u017eas un maiga formula    Nomierina stresainu \u0101du un nov\u0113r\u0161 kairin\u0101jumu    Piem\u0113rotas ikdienas lieto\u0161anai    Piem\u0113rotas su\u0146iem un ka\u0137iem    Ra\u017eotas atbild\u012bgi   Lieto\u0161anas nor\u0101d\u012bjumi: Pa\u0146emiet vienu iepriek\u0161 samitrin\u0101tu salveti un maigi noslaukiet apkopjamo zonu, tostarp krokas un rievu starp\u0101s. Lietojiet abus salvetes virsmas. Nav nepiecie\u0161ams skalot. Neizmantojiet vienu salveti atk\u0101rtoti. Piem\u0113rots lieto\u0161anai su\u0146iem un ka\u0137iem. Sast\u0101vs: \u016adens, Glicer\u012bns, Hlorheksid\u012bna diglukon\u0101ts, PEG-75 lanol\u012bns, Propil\u0113nglikols","og_url":"https:\/\/miumjau.ee\/lv\/produkts\/bugalugs-rievu-tirisanas-salvetes-kakiem-un-suniem-100-gab\/","og_site_name":"MiuMjau","article_publisher":"https:\/\/www.facebook.com\/miumjaupood\/","article_modified_time":"2026-01-07T19:16:37+00:00","og_image":[{"width":600,"height":800,"url":"https:\/\/miumjau.ee\/wp-content\/uploads\/2025\/06\/kortsupuhastus-padjakesed-bugalugs2.webp","type":"image\/webp"}],"twitter_card":"summary_large_image","schema":{"@context":"https:\/\/schema.org","@graph":[{"@type":"WebPage","@id":"https:\/\/miumjau.ee\/lv\/produkts\/bugalugs-rievu-tirisanas-salvetes-kakiem-un-suniem-100-gab\/","url":"https:\/\/miumjau.ee\/lv\/produkts\/bugalugs-rievu-tirisanas-salvetes-kakiem-un-suniem-100-gab\/","name":"Bugalugs rievu t\u012br\u012b\u0161anas salvetes ka\u0137iem un su\u0146iem \u2013 100 gab. - MiuMjau","isPartOf":{"@id":"https:\/\/miumjau.ee\/#website"},"primaryImageOfPage":{"@id":"https:\/\/miumjau.ee\/lv\/produkts\/bugalugs-rievu-tirisanas-salvetes-kakiem-un-suniem-100-gab\/#primaryimage"},"image":{"@id":"https:\/\/miumjau.ee\/lv\/produkts\/bugalugs-rievu-tirisanas-salvetes-kakiem-un-suniem-100-gab\/#primaryimage"},"thumbnailUrl":"https:\/\/miumjau.ee\/wp-content\/uploads\/2025\/06\/kortsupuhastus-padjakesed-bugalugs2.webp","datePublished":"2025-06-18T19:53:09+00:00","dateModified":"2026-01-07T19:16:37+00:00","breadcrumb":{"@id":"https:\/\/miumjau.ee\/lv\/produkts\/bugalugs-rievu-tirisanas-salvetes-kakiem-un-suniem-100-gab\/#breadcrumb"},"inLanguage":"lv-LV","potentialAction":[{"@type":"ReadAction","target":["https:\/\/miumjau.ee\/lv\/produkts\/bugalugs-rievu-tirisanas-salvetes-kakiem-un-suniem-100-gab\/"]}]},{"@type":"ImageObject","inLanguage":"lv-LV","@id":"https:\/\/miumjau.ee\/lv\/produkts\/bugalugs-rievu-tirisanas-salvetes-kakiem-un-suniem-100-gab\/#primaryimage","url":"https:\/\/miumjau.ee\/wp-content\/uploads\/2025\/06\/kortsupuhastus-padjakesed-bugalugs2.webp","contentUrl":"https:\/\/miumjau.ee\/wp-content\/uploads\/2025\/06\/kortsupuhastus-padjakesed-bugalugs2.webp","width":600,"height":800},{"@type":"BreadcrumbList","@id":"https:\/\/miumjau.ee\/lv\/produkts\/bugalugs-rievu-tirisanas-salvetes-kakiem-un-suniem-100-gab\/#breadcrumb","itemListElement":[{"@type":"ListItem","position":1,"name":"Home","item":"https:\/\/miumjau.ee\/lv\/"},{"@type":"ListItem","position":2,"name":"Veikals","item":"https:\/\/miumjau.ee\/lv\/veikals\/"},{"@type":"ListItem","position":3,"name":"Bugalugs rievu t\u012br\u012b\u0161anas salvetes ka\u0137iem un su\u0146iem \u2013 100 gab."}]},{"@type":"WebSite","@id":"https:\/\/miumjau.ee\/#website","url":"https:\/\/miumjau.ee\/","name":"MiuMjau","description":"Kraapimispuud kassidele","publisher":{"@id":"https:\/\/miumjau.ee\/#organization"},"potentialAction":[{"@type":"SearchAction","target":{"@type":"EntryPoint","urlTemplate":"https:\/\/miumjau.ee\/?s={search_term_string}"},"query-input":{"@type":"PropertyValueSpecification","valueRequired":true,"valueName":"search_term_string"}}],"inLanguage":"lv-LV"},{"@type":"Organization","@id":"https:\/\/miumjau.ee\/#organization","name":"MiuMjau O\u00dc","url":"https:\/\/miumjau.ee\/","logo":{"@type":"ImageObject","inLanguage":"lv-LV","@id":"https:\/\/miumjau.ee\/#\/schema\/logo\/image\/","url":"https:\/\/miumjau.ee\/wp-content\/uploads\/2022\/04\/MiuMjau-logo-kollane.png","contentUrl":"https:\/\/miumjau.ee\/wp-content\/uploads\/2022\/04\/MiuMjau-logo-kollane.png","width":219,"height":100,"caption":"MiuMjau O\u00dc"},"image":{"@id":"https:\/\/miumjau.ee\/#\/schema\/logo\/image\/"},"sameAs":["https:\/\/www.facebook.com\/miumjaupood\/"]}]}},"_links":{"self":[{"href":"https:\/\/miumjau.ee\/lv\/wp-json\/wp\/v2\/product\/49221","targetHints":{"allow":["GET"]}}],"collection":[{"href":"https:\/\/miumjau.ee\/lv\/wp-json\/wp\/v2\/product"}],"about":[{"href":"https:\/\/miumjau.ee\/lv\/wp-json\/wp\/v2\/types\/product"}],"wp:featuredmedia":[{"embeddable":true,"href":"https:\/\/miumjau.ee\/lv\/wp-json\/wp\/v2\/media\/49222"}],"wp:attachment":[{"href":"https:\/\/miumjau.ee\/lv\/wp-json\/wp\/v2\/media?parent=49221"}],"wp:term":[{"taxonomy":"product_brand","embeddable":true,"href":"https:\/\/miumjau.ee\/lv\/wp-json\/wp\/v2\/product_brand?post=49221"},{"taxonomy":"product_cat","embeddable":true,"href":"https:\/\/miumjau.ee\/lv\/wp-json\/wp\/v2\/product_cat?post=49221"},{"taxonomy":"product_tag","embeddable":true,"href":"https:\/\/miumjau.ee\/lv\/wp-json\/wp\/v2\/product_tag?post=49221"}],"curies":[{"name":"wp","href":"https:\/\/api.w.org\/{rel}","templated":true}]}}