{"id":49218,"date":"2025-07-20T10:48:16","date_gmt":"2025-07-20T07:48:16","guid":{"rendered":"https:\/\/miumjau.ee\/toode\/bugalugs-papaya-coconut-aromats-kakiem\/"},"modified":"2026-03-18T23:39:14","modified_gmt":"2026-03-18T21:39:14","slug":"bugalugs-papaya-coconut-aromats-kakiem","status":"publish","type":"product","link":"https:\/\/miumjau.ee\/lv\/produkts\/bugalugs-papaya-coconut-aromats-kakiem\/","title":{"rendered":"Bugalugs Papaya &#038; Coconut arom\u0101ts ka\u0137iem"},"content":{"rendered":"","protected":false},"excerpt":{"rendered":"<p data-start=\"2218\" data-end=\"2322\">\u0100tri atsvaidzini savu ka\u0137i starp mazg\u0101\u0161an\u0101m ar Bugalugs papaijas un kokosriekstu ka\u0137u \u0137erme\u0146a arom\u0101tu!<\/p>\n<p data-start=\"2324\" data-end=\"2459\">M\u016bsu \u0101tras iedarb\u012bbas aerosols un divu darb\u012bbu formula efekt\u012bvi no\u0146em nepat\u012bkamas smakas, vienlaikus mitrinot un atsvaidzinot ka\u017eoku.<\/p>\n<p data-start=\"2461\" data-end=\"2620\">Ilgsto\u0161i iedarb\u012bgs aerosols satur alveju un pantenolu (provitam\u012bns B5), ir maigs \u0101dai un dro\u0161s lai\u0146iem. Atsvaidzini un neitraliz\u0113 smakas bez ka\u0137a mazg\u0101\u0161anas.<\/p>\n<p data-start=\"2622\" data-end=\"2664\">Test\u0113ts uz cilv\u0113kiem, nevis dz\u012bvniekiem.<\/p>\n<p data-start=\"2666\" data-end=\"2791\">Veg\u0101niska formula, ra\u017eota Apvienotaj\u0101 Karalist\u0113 \u2013 dabiski ieg\u016btas sast\u0101vda\u013cas, nomierino\u0161as ka\u0137a un ka\u0137\u0113na \u0101dai un ka\u017eokam.<\/p>\n<p data-start=\"2793\" data-end=\"2908\"><strong data-start=\"2793\" data-end=\"2819\">Lieto\u0161anas nor\u0101d\u012bjumi:<\/strong> S\u016bkn\u0113t uz sausa ka\u017eoka p\u0113c kop\u0161anas vai starp mazg\u0101\u0161an\u0101m, lai ka\u0137is smar\u017eotu pat\u012bkami.<\/p>\n<p data-start=\"2910\" data-end=\"3168\"><strong data-start=\"2910\" data-end=\"2922\">Sast\u0101vs:<\/strong> Aqua, denatur\u0113ts alkohols, Polisorbaats 20, Parf\u012bms, Pantenols, Glicer\u012bns, Citra sk\u0101be, N\u0101trija hidroks\u012bds, Papaija (Carica Papaya) aug\u013cu ekstrakts, Aloe Vera (Aloe Barbadensis) lapu pulveris, Fenoksietanols, Benzofenons-4, CI 14700, CI 19140.<\/p>\n","protected":false},"featured_media":49215,"template":"","meta":[],"product_brand":[],"product_cat":[589],"product_tag":[],"class_list":{"0":"post-49218","1":"product","2":"type-product","3":"status-publish","4":"has-post-thumbnail","6":"product_cat-citi-piederumi","8":"first","9":"instock","10":"taxable","11":"shipping-taxable","12":"purchasable","13":"product-type-simple"},"yoast_head":"<!-- This site is optimized with the Yoast SEO plugin v27.2 - https:\/\/yoast.com\/product\/yoast-seo-wordpress\/ -->\n<title>Bugalugs Papaya &amp; Coconut arom\u0101ts ka\u0137iem - MiuMjau<\/title>\n<meta name=\"robots\" content=\"index, follow, max-snippet:-1, max-image-preview:large, max-video-preview:-1\" \/>\n<link rel=\"canonical\" href=\"https:\/\/miumjau.ee\/lv\/produkts\/bugalugs-papaya-coconut-aromats-kakiem\/\" \/>\n<meta property=\"og:locale\" content=\"lv_LV\" \/>\n<meta property=\"og:type\" content=\"article\" \/>\n<meta property=\"og:title\" content=\"Bugalugs Papaya &amp; Coconut arom\u0101ts ka\u0137iem - MiuMjau\" \/>\n<meta property=\"og:description\" content=\"\u0100tri atsvaidzini savu ka\u0137i starp mazg\u0101\u0161an\u0101m ar Bugalugs papaijas un kokosriekstu ka\u0137u \u0137erme\u0146a arom\u0101tu! M\u016bsu \u0101tras iedarb\u012bbas aerosols un divu darb\u012bbu formula efekt\u012bvi no\u0146em nepat\u012bkamas smakas, vienlaikus mitrinot un atsvaidzinot ka\u017eoku. Ilgsto\u0161i iedarb\u012bgs aerosols satur alveju un pantenolu (provitam\u012bns B5), ir maigs \u0101dai un dro\u0161s lai\u0146iem. Atsvaidzini un neitraliz\u0113 smakas bez ka\u0137a mazg\u0101\u0161anas. Test\u0113ts uz cilv\u0113kiem, nevis dz\u012bvniekiem. Veg\u0101niska formula, ra\u017eota Apvienotaj\u0101 Karalist\u0113 \u2013 dabiski ieg\u016btas sast\u0101vda\u013cas, nomierino\u0161as ka\u0137a un ka\u0137\u0113na \u0101dai un ka\u017eokam. Lieto\u0161anas nor\u0101d\u012bjumi: S\u016bkn\u0113t uz sausa ka\u017eoka p\u0113c kop\u0161anas vai starp mazg\u0101\u0161an\u0101m, lai ka\u0137is smar\u017eotu pat\u012bkami. Sast\u0101vs: Aqua, denatur\u0113ts alkohols, Polisorbaats 20, Parf\u012bms, Pantenols, Glicer\u012bns, Citra sk\u0101be, N\u0101trija hidroks\u012bds, Papaija (Carica Papaya) aug\u013cu ekstrakts, Aloe Vera (Aloe Barbadensis) lapu pulveris, Fenoksietanols, Benzofenons-4, CI 14700, CI 19140.\" \/>\n<meta property=\"og:url\" content=\"https:\/\/miumjau.ee\/lv\/produkts\/bugalugs-papaya-coconut-aromats-kakiem\/\" \/>\n<meta property=\"og:site_name\" content=\"MiuMjau\" \/>\n<meta property=\"article:publisher\" content=\"https:\/\/www.facebook.com\/miumjaupood\/\" \/>\n<meta property=\"article:modified_time\" content=\"2026-03-18T21:39:14+00:00\" \/>\n<meta property=\"og:image\" content=\"https:\/\/miumjau.ee\/wp-content\/uploads\/2025\/07\/lohnavesi-kassidele-bugalugs-papaia3.jpg\" \/>\n\t<meta property=\"og:image:width\" content=\"600\" \/>\n\t<meta property=\"og:image:height\" content=\"800\" \/>\n\t<meta property=\"og:image:type\" content=\"image\/jpeg\" \/>\n<meta name=\"twitter:card\" content=\"summary_large_image\" \/>\n<script type=\"application\/ld+json\" class=\"yoast-schema-graph\">{\"@context\":\"https:\/\/schema.org\",\"@graph\":[{\"@type\":\"WebPage\",\"@id\":\"https:\/\/miumjau.ee\/lv\/produkts\/bugalugs-papaya-coconut-aromats-kakiem\/\",\"url\":\"https:\/\/miumjau.ee\/lv\/produkts\/bugalugs-papaya-coconut-aromats-kakiem\/\",\"name\":\"Bugalugs Papaya & Coconut arom\u0101ts ka\u0137iem - MiuMjau\",\"isPartOf\":{\"@id\":\"https:\/\/miumjau.ee\/#website\"},\"primaryImageOfPage\":{\"@id\":\"https:\/\/miumjau.ee\/lv\/produkts\/bugalugs-papaya-coconut-aromats-kakiem\/#primaryimage\"},\"image\":{\"@id\":\"https:\/\/miumjau.ee\/lv\/produkts\/bugalugs-papaya-coconut-aromats-kakiem\/#primaryimage\"},\"thumbnailUrl\":\"https:\/\/miumjau.ee\/wp-content\/uploads\/2025\/07\/lohnavesi-kassidele-bugalugs-papaia3.jpg\",\"datePublished\":\"2025-07-20T07:48:16+00:00\",\"dateModified\":\"2026-03-18T21:39:14+00:00\",\"breadcrumb\":{\"@id\":\"https:\/\/miumjau.ee\/lv\/produkts\/bugalugs-papaya-coconut-aromats-kakiem\/#breadcrumb\"},\"inLanguage\":\"lv-LV\",\"potentialAction\":[{\"@type\":\"ReadAction\",\"target\":[\"https:\/\/miumjau.ee\/lv\/produkts\/bugalugs-papaya-coconut-aromats-kakiem\/\"]}]},{\"@type\":\"ImageObject\",\"inLanguage\":\"lv-LV\",\"@id\":\"https:\/\/miumjau.ee\/lv\/produkts\/bugalugs-papaya-coconut-aromats-kakiem\/#primaryimage\",\"url\":\"https:\/\/miumjau.ee\/wp-content\/uploads\/2025\/07\/lohnavesi-kassidele-bugalugs-papaia3.jpg\",\"contentUrl\":\"https:\/\/miumjau.ee\/wp-content\/uploads\/2025\/07\/lohnavesi-kassidele-bugalugs-papaia3.jpg\",\"width\":600,\"height\":800},{\"@type\":\"BreadcrumbList\",\"@id\":\"https:\/\/miumjau.ee\/lv\/produkts\/bugalugs-papaya-coconut-aromats-kakiem\/#breadcrumb\",\"itemListElement\":[{\"@type\":\"ListItem\",\"position\":1,\"name\":\"Home\",\"item\":\"https:\/\/miumjau.ee\/lv\/\"},{\"@type\":\"ListItem\",\"position\":2,\"name\":\"Veikals\",\"item\":\"https:\/\/miumjau.ee\/lv\/veikals\/\"},{\"@type\":\"ListItem\",\"position\":3,\"name\":\"Bugalugs Papaya &#038; Coconut arom\u0101ts ka\u0137iem\"}]},{\"@type\":\"WebSite\",\"@id\":\"https:\/\/miumjau.ee\/#website\",\"url\":\"https:\/\/miumjau.ee\/\",\"name\":\"MiuMjau\",\"description\":\"Kraapimispuud kassidele\",\"publisher\":{\"@id\":\"https:\/\/miumjau.ee\/#organization\"},\"potentialAction\":[{\"@type\":\"SearchAction\",\"target\":{\"@type\":\"EntryPoint\",\"urlTemplate\":\"https:\/\/miumjau.ee\/?s={search_term_string}\"},\"query-input\":{\"@type\":\"PropertyValueSpecification\",\"valueRequired\":true,\"valueName\":\"search_term_string\"}}],\"inLanguage\":\"lv-LV\"},{\"@type\":\"Organization\",\"@id\":\"https:\/\/miumjau.ee\/#organization\",\"name\":\"MiuMjau O\u00dc\",\"url\":\"https:\/\/miumjau.ee\/\",\"logo\":{\"@type\":\"ImageObject\",\"inLanguage\":\"lv-LV\",\"@id\":\"https:\/\/miumjau.ee\/#\/schema\/logo\/image\/\",\"url\":\"https:\/\/miumjau.ee\/wp-content\/uploads\/2022\/04\/MiuMjau-logo-kollane.png\",\"contentUrl\":\"https:\/\/miumjau.ee\/wp-content\/uploads\/2022\/04\/MiuMjau-logo-kollane.png\",\"width\":219,\"height\":100,\"caption\":\"MiuMjau O\u00dc\"},\"image\":{\"@id\":\"https:\/\/miumjau.ee\/#\/schema\/logo\/image\/\"},\"sameAs\":[\"https:\/\/www.facebook.com\/miumjaupood\/\"]}]}<\/script>\n<!-- \/ Yoast SEO plugin. -->","yoast_head_json":{"title":"Bugalugs Papaya & Coconut arom\u0101ts ka\u0137iem - MiuMjau","robots":{"index":"index","follow":"follow","max-snippet":"max-snippet:-1","max-image-preview":"max-image-preview:large","max-video-preview":"max-video-preview:-1"},"canonical":"https:\/\/miumjau.ee\/lv\/produkts\/bugalugs-papaya-coconut-aromats-kakiem\/","og_locale":"lv_LV","og_type":"article","og_title":"Bugalugs Papaya & Coconut arom\u0101ts ka\u0137iem - MiuMjau","og_description":"\u0100tri atsvaidzini savu ka\u0137i starp mazg\u0101\u0161an\u0101m ar Bugalugs papaijas un kokosriekstu ka\u0137u \u0137erme\u0146a arom\u0101tu! M\u016bsu \u0101tras iedarb\u012bbas aerosols un divu darb\u012bbu formula efekt\u012bvi no\u0146em nepat\u012bkamas smakas, vienlaikus mitrinot un atsvaidzinot ka\u017eoku. Ilgsto\u0161i iedarb\u012bgs aerosols satur alveju un pantenolu (provitam\u012bns B5), ir maigs \u0101dai un dro\u0161s lai\u0146iem. Atsvaidzini un neitraliz\u0113 smakas bez ka\u0137a mazg\u0101\u0161anas. Test\u0113ts uz cilv\u0113kiem, nevis dz\u012bvniekiem. Veg\u0101niska formula, ra\u017eota Apvienotaj\u0101 Karalist\u0113 \u2013 dabiski ieg\u016btas sast\u0101vda\u013cas, nomierino\u0161as ka\u0137a un ka\u0137\u0113na \u0101dai un ka\u017eokam. Lieto\u0161anas nor\u0101d\u012bjumi: S\u016bkn\u0113t uz sausa ka\u017eoka p\u0113c kop\u0161anas vai starp mazg\u0101\u0161an\u0101m, lai ka\u0137is smar\u017eotu pat\u012bkami. Sast\u0101vs: Aqua, denatur\u0113ts alkohols, Polisorbaats 20, Parf\u012bms, Pantenols, Glicer\u012bns, Citra sk\u0101be, N\u0101trija hidroks\u012bds, Papaija (Carica Papaya) aug\u013cu ekstrakts, Aloe Vera (Aloe Barbadensis) lapu pulveris, Fenoksietanols, Benzofenons-4, CI 14700, CI 19140.","og_url":"https:\/\/miumjau.ee\/lv\/produkts\/bugalugs-papaya-coconut-aromats-kakiem\/","og_site_name":"MiuMjau","article_publisher":"https:\/\/www.facebook.com\/miumjaupood\/","article_modified_time":"2026-03-18T21:39:14+00:00","og_image":[{"width":600,"height":800,"url":"https:\/\/miumjau.ee\/wp-content\/uploads\/2025\/07\/lohnavesi-kassidele-bugalugs-papaia3.jpg","type":"image\/jpeg"}],"twitter_card":"summary_large_image","schema":{"@context":"https:\/\/schema.org","@graph":[{"@type":"WebPage","@id":"https:\/\/miumjau.ee\/lv\/produkts\/bugalugs-papaya-coconut-aromats-kakiem\/","url":"https:\/\/miumjau.ee\/lv\/produkts\/bugalugs-papaya-coconut-aromats-kakiem\/","name":"Bugalugs Papaya & Coconut arom\u0101ts ka\u0137iem - MiuMjau","isPartOf":{"@id":"https:\/\/miumjau.ee\/#website"},"primaryImageOfPage":{"@id":"https:\/\/miumjau.ee\/lv\/produkts\/bugalugs-papaya-coconut-aromats-kakiem\/#primaryimage"},"image":{"@id":"https:\/\/miumjau.ee\/lv\/produkts\/bugalugs-papaya-coconut-aromats-kakiem\/#primaryimage"},"thumbnailUrl":"https:\/\/miumjau.ee\/wp-content\/uploads\/2025\/07\/lohnavesi-kassidele-bugalugs-papaia3.jpg","datePublished":"2025-07-20T07:48:16+00:00","dateModified":"2026-03-18T21:39:14+00:00","breadcrumb":{"@id":"https:\/\/miumjau.ee\/lv\/produkts\/bugalugs-papaya-coconut-aromats-kakiem\/#breadcrumb"},"inLanguage":"lv-LV","potentialAction":[{"@type":"ReadAction","target":["https:\/\/miumjau.ee\/lv\/produkts\/bugalugs-papaya-coconut-aromats-kakiem\/"]}]},{"@type":"ImageObject","inLanguage":"lv-LV","@id":"https:\/\/miumjau.ee\/lv\/produkts\/bugalugs-papaya-coconut-aromats-kakiem\/#primaryimage","url":"https:\/\/miumjau.ee\/wp-content\/uploads\/2025\/07\/lohnavesi-kassidele-bugalugs-papaia3.jpg","contentUrl":"https:\/\/miumjau.ee\/wp-content\/uploads\/2025\/07\/lohnavesi-kassidele-bugalugs-papaia3.jpg","width":600,"height":800},{"@type":"BreadcrumbList","@id":"https:\/\/miumjau.ee\/lv\/produkts\/bugalugs-papaya-coconut-aromats-kakiem\/#breadcrumb","itemListElement":[{"@type":"ListItem","position":1,"name":"Home","item":"https:\/\/miumjau.ee\/lv\/"},{"@type":"ListItem","position":2,"name":"Veikals","item":"https:\/\/miumjau.ee\/lv\/veikals\/"},{"@type":"ListItem","position":3,"name":"Bugalugs Papaya &#038; Coconut arom\u0101ts ka\u0137iem"}]},{"@type":"WebSite","@id":"https:\/\/miumjau.ee\/#website","url":"https:\/\/miumjau.ee\/","name":"MiuMjau","description":"Kraapimispuud kassidele","publisher":{"@id":"https:\/\/miumjau.ee\/#organization"},"potentialAction":[{"@type":"SearchAction","target":{"@type":"EntryPoint","urlTemplate":"https:\/\/miumjau.ee\/?s={search_term_string}"},"query-input":{"@type":"PropertyValueSpecification","valueRequired":true,"valueName":"search_term_string"}}],"inLanguage":"lv-LV"},{"@type":"Organization","@id":"https:\/\/miumjau.ee\/#organization","name":"MiuMjau O\u00dc","url":"https:\/\/miumjau.ee\/","logo":{"@type":"ImageObject","inLanguage":"lv-LV","@id":"https:\/\/miumjau.ee\/#\/schema\/logo\/image\/","url":"https:\/\/miumjau.ee\/wp-content\/uploads\/2022\/04\/MiuMjau-logo-kollane.png","contentUrl":"https:\/\/miumjau.ee\/wp-content\/uploads\/2022\/04\/MiuMjau-logo-kollane.png","width":219,"height":100,"caption":"MiuMjau O\u00dc"},"image":{"@id":"https:\/\/miumjau.ee\/#\/schema\/logo\/image\/"},"sameAs":["https:\/\/www.facebook.com\/miumjaupood\/"]}]}},"_links":{"self":[{"href":"https:\/\/miumjau.ee\/lv\/wp-json\/wp\/v2\/product\/49218","targetHints":{"allow":["GET"]}}],"collection":[{"href":"https:\/\/miumjau.ee\/lv\/wp-json\/wp\/v2\/product"}],"about":[{"href":"https:\/\/miumjau.ee\/lv\/wp-json\/wp\/v2\/types\/product"}],"wp:featuredmedia":[{"embeddable":true,"href":"https:\/\/miumjau.ee\/lv\/wp-json\/wp\/v2\/media\/49215"}],"wp:attachment":[{"href":"https:\/\/miumjau.ee\/lv\/wp-json\/wp\/v2\/media?parent=49218"}],"wp:term":[{"taxonomy":"product_brand","embeddable":true,"href":"https:\/\/miumjau.ee\/lv\/wp-json\/wp\/v2\/product_brand?post=49218"},{"taxonomy":"product_cat","embeddable":true,"href":"https:\/\/miumjau.ee\/lv\/wp-json\/wp\/v2\/product_cat?post=49218"},{"taxonomy":"product_tag","embeddable":true,"href":"https:\/\/miumjau.ee\/lv\/wp-json\/wp\/v2\/product_tag?post=49218"}],"curies":[{"name":"wp","href":"https:\/\/api.w.org\/{rel}","templated":true}]}}