{"id":49211,"date":"2025-08-10T20:40:35","date_gmt":"2025-08-10T17:40:35","guid":{"rendered":"https:\/\/miumjau.ee\/toode\/churu-fun-bites-kakiem-vistas-12g-x-8-pacinas\/"},"modified":"2026-01-07T21:16:37","modified_gmt":"2026-01-07T19:16:37","slug":"churu-fun-bites-kakiem-vistas-12g-x-8-pacinas","status":"publish","type":"product","link":"https:\/\/miumjau.ee\/lv\/produkts\/churu-fun-bites-kakiem-vistas-12g-x-8-pacinas\/","title":{"rendered":"Churu Fun Bites ka\u0137iem \u2013 vistas, 12g x 8 paci\u0146as"},"content":{"rendered":"","protected":false},"excerpt":{"rendered":"<p data-start=\"2561\" data-end=\"2979\">Churu Fun Bites ir gar\u0161\u012bgi ka\u0137u k\u0101rumi, kas apvieno divas tekst\u016bras \u2013 m\u012bkstu ceptu vistas pastu un kr\u0113m\u012bgu Churu pild\u012bjumu. Izgatavots no augstas kvalit\u0101tes fermas vistas un dab\u012bgas savva\u013cas tunzivis. Nesatur graudus, konservantus, karag\u0113nu vai m\u0101ksl\u012bg\u0101s kr\u0101sas. Iepakojum\u0101 ir tr\u012bs atsevi\u0161\u0137as porcijas, kas saglab\u0101 k\u0101rumus svaigus un viegli dal\u0101mus. Piem\u0113rots ar\u012b izv\u0113l\u012bgiem ka\u0137iem un var izmantot table\u0161u sl\u0113p\u0161anai.<\/p>\n<p data-start=\"2981\" data-end=\"3219\"><strong data-start=\"2981\" data-end=\"2993\">Sast\u0101vs:<\/strong> Vista, \u016bdens, tunzivs, kalt\u0113tas bonito, tapiokas ciete, olu baltums, n\u0101trija kazein\u0101ts, guar gumija, dab\u012bg\u0101 vistas gar\u0161a, dab\u012bg\u0101s gar\u0161as, rauga ekstrakts, taur\u012bns, paprika (kr\u0101sa), E vitam\u012bna piedeva, za\u013c\u0101s t\u0113jas ekstrakts.<\/p>\n<p data-start=\"3221\" data-end=\"3240\"><strong data-start=\"3221\" data-end=\"3238\">Uzturv\u0113rt\u012bba:<\/strong><\/p>\n<ul data-start=\"3241\" data-end=\"3435\">\n<li data-start=\"3241\" data-end=\"3263\">\n<p data-start=\"3243\" data-end=\"3263\">Prote\u012bns: min. 24%<\/p>\n<\/li>\n<li data-start=\"3264\" data-end=\"3282\">\n<p data-start=\"3266\" data-end=\"3282\">Tauki: min. 3%<\/p>\n<\/li>\n<li data-start=\"3283\" data-end=\"3305\">\n<p data-start=\"3285\" data-end=\"3305\">\u0160\u0137iedra: max. 0,5%<\/p>\n<\/li>\n<li data-start=\"3306\" data-end=\"3327\">\n<p data-start=\"3308\" data-end=\"3327\">Mitrums: max. 69%<\/p>\n<\/li>\n<li data-start=\"3328\" data-end=\"3357\">\n<p data-start=\"3330\" data-end=\"3357\">E vitam\u012bns: min. 92 IU\/kg<\/p>\n<\/li>\n<li data-start=\"3358\" data-end=\"3382\">\n<p data-start=\"3360\" data-end=\"3382\">Taur\u012bns: min. 0,026%<\/p>\n<\/li>\n<li data-start=\"3383\" data-end=\"3435\">\n<p data-start=\"3385\" data-end=\"3435\">Ener\u0123\u0113tisk\u0101 v\u0113rt\u012bba: 1400 kcal\/kg (17 kcal\/paka)<\/p>\n<\/li>\n<\/ul>\n<p data-start=\"3437\" data-end=\"3666\"><strong data-start=\"3437\" data-end=\"3463\">Lieto\u0161anas nor\u0101d\u012bjumi:<\/strong> Dodiet k\u0101 k\u0101rumu, nevis galveno bar\u012bbu. Vienm\u0113r nodro\u0161iniet svaigu dzeramo \u016bdeni. Nes\u0101ktu iepakojumus uzglab\u0101t v\u0113s\u0101, saus\u0101 viet\u0101. P\u0113c atv\u0113r\u0161anas glab\u0101jiet ledusskap\u012b un izmantojiet p\u0113c iesp\u0113jas \u0101tr\u0101k.<\/p>\n","protected":false},"featured_media":49209,"template":"","meta":[],"product_brand":[],"product_cat":[570],"product_tag":[],"class_list":{"0":"post-49211","1":"product","2":"type-product","3":"status-publish","4":"has-post-thumbnail","6":"product_cat-naski","8":"first","9":"instock","10":"taxable","11":"shipping-taxable","12":"purchasable","13":"product-type-simple"},"yoast_head":"<!-- This site is optimized with the Yoast SEO plugin v27.2 - https:\/\/yoast.com\/product\/yoast-seo-wordpress\/ -->\n<title>Churu Fun Bites ka\u0137iem \u2013 vistas, 12g x 8 paci\u0146as - MiuMjau<\/title>\n<meta name=\"robots\" content=\"index, follow, max-snippet:-1, max-image-preview:large, max-video-preview:-1\" \/>\n<link rel=\"canonical\" href=\"https:\/\/miumjau.ee\/lv\/produkts\/churu-fun-bites-kakiem-vistas-12g-x-8-pacinas\/\" \/>\n<meta property=\"og:locale\" content=\"lv_LV\" \/>\n<meta property=\"og:type\" content=\"article\" \/>\n<meta property=\"og:title\" content=\"Churu Fun Bites ka\u0137iem \u2013 vistas, 12g x 8 paci\u0146as - MiuMjau\" \/>\n<meta property=\"og:description\" content=\"Churu Fun Bites ir gar\u0161\u012bgi ka\u0137u k\u0101rumi, kas apvieno divas tekst\u016bras \u2013 m\u012bkstu ceptu vistas pastu un kr\u0113m\u012bgu Churu pild\u012bjumu. Izgatavots no augstas kvalit\u0101tes fermas vistas un dab\u012bgas savva\u013cas tunzivis. Nesatur graudus, konservantus, karag\u0113nu vai m\u0101ksl\u012bg\u0101s kr\u0101sas. Iepakojum\u0101 ir tr\u012bs atsevi\u0161\u0137as porcijas, kas saglab\u0101 k\u0101rumus svaigus un viegli dal\u0101mus. Piem\u0113rots ar\u012b izv\u0113l\u012bgiem ka\u0137iem un var izmantot table\u0161u sl\u0113p\u0161anai. Sast\u0101vs: Vista, \u016bdens, tunzivs, kalt\u0113tas bonito, tapiokas ciete, olu baltums, n\u0101trija kazein\u0101ts, guar gumija, dab\u012bg\u0101 vistas gar\u0161a, dab\u012bg\u0101s gar\u0161as, rauga ekstrakts, taur\u012bns, paprika (kr\u0101sa), E vitam\u012bna piedeva, za\u013c\u0101s t\u0113jas ekstrakts. Uzturv\u0113rt\u012bba:     Prote\u012bns: min. 24%    Tauki: min. 3%    \u0160\u0137iedra: max. 0,5%    Mitrums: max. 69%    E vitam\u012bns: min. 92 IU\/kg    Taur\u012bns: min. 0,026%    Ener\u0123\u0113tisk\u0101 v\u0113rt\u012bba: 1400 kcal\/kg (17 kcal\/paka)   Lieto\u0161anas nor\u0101d\u012bjumi: Dodiet k\u0101 k\u0101rumu, nevis galveno bar\u012bbu. Vienm\u0113r nodro\u0161iniet svaigu dzeramo \u016bdeni. Nes\u0101ktu iepakojumus uzglab\u0101t v\u0113s\u0101, saus\u0101 viet\u0101. P\u0113c atv\u0113r\u0161anas glab\u0101jiet ledusskap\u012b un izmantojiet p\u0113c iesp\u0113jas \u0101tr\u0101k.\" \/>\n<meta property=\"og:url\" content=\"https:\/\/miumjau.ee\/lv\/produkts\/churu-fun-bites-kakiem-vistas-12g-x-8-pacinas\/\" \/>\n<meta property=\"og:site_name\" content=\"MiuMjau\" \/>\n<meta property=\"article:publisher\" content=\"https:\/\/www.facebook.com\/miumjaupood\/\" \/>\n<meta property=\"article:modified_time\" content=\"2026-01-07T19:16:37+00:00\" \/>\n<meta property=\"og:image\" content=\"https:\/\/miumjau.ee\/wp-content\/uploads\/2025\/08\/churu-fun-bites2.jpg\" \/>\n\t<meta property=\"og:image:width\" content=\"600\" \/>\n\t<meta property=\"og:image:height\" content=\"800\" \/>\n\t<meta property=\"og:image:type\" content=\"image\/jpeg\" \/>\n<meta name=\"twitter:card\" content=\"summary_large_image\" \/>\n<script type=\"application\/ld+json\" class=\"yoast-schema-graph\">{\"@context\":\"https:\/\/schema.org\",\"@graph\":[{\"@type\":\"WebPage\",\"@id\":\"https:\/\/miumjau.ee\/lv\/produkts\/churu-fun-bites-kakiem-vistas-12g-x-8-pacinas\/\",\"url\":\"https:\/\/miumjau.ee\/lv\/produkts\/churu-fun-bites-kakiem-vistas-12g-x-8-pacinas\/\",\"name\":\"Churu Fun Bites ka\u0137iem \u2013 vistas, 12g x 8 paci\u0146as - MiuMjau\",\"isPartOf\":{\"@id\":\"https:\/\/miumjau.ee\/#website\"},\"primaryImageOfPage\":{\"@id\":\"https:\/\/miumjau.ee\/lv\/produkts\/churu-fun-bites-kakiem-vistas-12g-x-8-pacinas\/#primaryimage\"},\"image\":{\"@id\":\"https:\/\/miumjau.ee\/lv\/produkts\/churu-fun-bites-kakiem-vistas-12g-x-8-pacinas\/#primaryimage\"},\"thumbnailUrl\":\"https:\/\/miumjau.ee\/wp-content\/uploads\/2025\/08\/churu-fun-bites2.jpg\",\"datePublished\":\"2025-08-10T17:40:35+00:00\",\"dateModified\":\"2026-01-07T19:16:37+00:00\",\"breadcrumb\":{\"@id\":\"https:\/\/miumjau.ee\/lv\/produkts\/churu-fun-bites-kakiem-vistas-12g-x-8-pacinas\/#breadcrumb\"},\"inLanguage\":\"lv-LV\",\"potentialAction\":[{\"@type\":\"ReadAction\",\"target\":[\"https:\/\/miumjau.ee\/lv\/produkts\/churu-fun-bites-kakiem-vistas-12g-x-8-pacinas\/\"]}]},{\"@type\":\"ImageObject\",\"inLanguage\":\"lv-LV\",\"@id\":\"https:\/\/miumjau.ee\/lv\/produkts\/churu-fun-bites-kakiem-vistas-12g-x-8-pacinas\/#primaryimage\",\"url\":\"https:\/\/miumjau.ee\/wp-content\/uploads\/2025\/08\/churu-fun-bites2.jpg\",\"contentUrl\":\"https:\/\/miumjau.ee\/wp-content\/uploads\/2025\/08\/churu-fun-bites2.jpg\",\"width\":600,\"height\":800},{\"@type\":\"BreadcrumbList\",\"@id\":\"https:\/\/miumjau.ee\/lv\/produkts\/churu-fun-bites-kakiem-vistas-12g-x-8-pacinas\/#breadcrumb\",\"itemListElement\":[{\"@type\":\"ListItem\",\"position\":1,\"name\":\"Home\",\"item\":\"https:\/\/miumjau.ee\/lv\/\"},{\"@type\":\"ListItem\",\"position\":2,\"name\":\"Veikals\",\"item\":\"https:\/\/miumjau.ee\/lv\/veikals\/\"},{\"@type\":\"ListItem\",\"position\":3,\"name\":\"Churu Fun Bites ka\u0137iem \u2013 vistas, 12g x 8 paci\u0146as\"}]},{\"@type\":\"WebSite\",\"@id\":\"https:\/\/miumjau.ee\/#website\",\"url\":\"https:\/\/miumjau.ee\/\",\"name\":\"MiuMjau\",\"description\":\"Kraapimispuud kassidele\",\"publisher\":{\"@id\":\"https:\/\/miumjau.ee\/#organization\"},\"potentialAction\":[{\"@type\":\"SearchAction\",\"target\":{\"@type\":\"EntryPoint\",\"urlTemplate\":\"https:\/\/miumjau.ee\/?s={search_term_string}\"},\"query-input\":{\"@type\":\"PropertyValueSpecification\",\"valueRequired\":true,\"valueName\":\"search_term_string\"}}],\"inLanguage\":\"lv-LV\"},{\"@type\":\"Organization\",\"@id\":\"https:\/\/miumjau.ee\/#organization\",\"name\":\"MiuMjau O\u00dc\",\"url\":\"https:\/\/miumjau.ee\/\",\"logo\":{\"@type\":\"ImageObject\",\"inLanguage\":\"lv-LV\",\"@id\":\"https:\/\/miumjau.ee\/#\/schema\/logo\/image\/\",\"url\":\"https:\/\/miumjau.ee\/wp-content\/uploads\/2022\/04\/MiuMjau-logo-kollane.png\",\"contentUrl\":\"https:\/\/miumjau.ee\/wp-content\/uploads\/2022\/04\/MiuMjau-logo-kollane.png\",\"width\":219,\"height\":100,\"caption\":\"MiuMjau O\u00dc\"},\"image\":{\"@id\":\"https:\/\/miumjau.ee\/#\/schema\/logo\/image\/\"},\"sameAs\":[\"https:\/\/www.facebook.com\/miumjaupood\/\"]}]}<\/script>\n<!-- \/ Yoast SEO plugin. -->","yoast_head_json":{"title":"Churu Fun Bites ka\u0137iem \u2013 vistas, 12g x 8 paci\u0146as - MiuMjau","robots":{"index":"index","follow":"follow","max-snippet":"max-snippet:-1","max-image-preview":"max-image-preview:large","max-video-preview":"max-video-preview:-1"},"canonical":"https:\/\/miumjau.ee\/lv\/produkts\/churu-fun-bites-kakiem-vistas-12g-x-8-pacinas\/","og_locale":"lv_LV","og_type":"article","og_title":"Churu Fun Bites ka\u0137iem \u2013 vistas, 12g x 8 paci\u0146as - MiuMjau","og_description":"Churu Fun Bites ir gar\u0161\u012bgi ka\u0137u k\u0101rumi, kas apvieno divas tekst\u016bras \u2013 m\u012bkstu ceptu vistas pastu un kr\u0113m\u012bgu Churu pild\u012bjumu. Izgatavots no augstas kvalit\u0101tes fermas vistas un dab\u012bgas savva\u013cas tunzivis. Nesatur graudus, konservantus, karag\u0113nu vai m\u0101ksl\u012bg\u0101s kr\u0101sas. Iepakojum\u0101 ir tr\u012bs atsevi\u0161\u0137as porcijas, kas saglab\u0101 k\u0101rumus svaigus un viegli dal\u0101mus. Piem\u0113rots ar\u012b izv\u0113l\u012bgiem ka\u0137iem un var izmantot table\u0161u sl\u0113p\u0161anai. Sast\u0101vs: Vista, \u016bdens, tunzivs, kalt\u0113tas bonito, tapiokas ciete, olu baltums, n\u0101trija kazein\u0101ts, guar gumija, dab\u012bg\u0101 vistas gar\u0161a, dab\u012bg\u0101s gar\u0161as, rauga ekstrakts, taur\u012bns, paprika (kr\u0101sa), E vitam\u012bna piedeva, za\u013c\u0101s t\u0113jas ekstrakts. Uzturv\u0113rt\u012bba:     Prote\u012bns: min. 24%    Tauki: min. 3%    \u0160\u0137iedra: max. 0,5%    Mitrums: max. 69%    E vitam\u012bns: min. 92 IU\/kg    Taur\u012bns: min. 0,026%    Ener\u0123\u0113tisk\u0101 v\u0113rt\u012bba: 1400 kcal\/kg (17 kcal\/paka)   Lieto\u0161anas nor\u0101d\u012bjumi: Dodiet k\u0101 k\u0101rumu, nevis galveno bar\u012bbu. Vienm\u0113r nodro\u0161iniet svaigu dzeramo \u016bdeni. Nes\u0101ktu iepakojumus uzglab\u0101t v\u0113s\u0101, saus\u0101 viet\u0101. P\u0113c atv\u0113r\u0161anas glab\u0101jiet ledusskap\u012b un izmantojiet p\u0113c iesp\u0113jas \u0101tr\u0101k.","og_url":"https:\/\/miumjau.ee\/lv\/produkts\/churu-fun-bites-kakiem-vistas-12g-x-8-pacinas\/","og_site_name":"MiuMjau","article_publisher":"https:\/\/www.facebook.com\/miumjaupood\/","article_modified_time":"2026-01-07T19:16:37+00:00","og_image":[{"width":600,"height":800,"url":"https:\/\/miumjau.ee\/wp-content\/uploads\/2025\/08\/churu-fun-bites2.jpg","type":"image\/jpeg"}],"twitter_card":"summary_large_image","schema":{"@context":"https:\/\/schema.org","@graph":[{"@type":"WebPage","@id":"https:\/\/miumjau.ee\/lv\/produkts\/churu-fun-bites-kakiem-vistas-12g-x-8-pacinas\/","url":"https:\/\/miumjau.ee\/lv\/produkts\/churu-fun-bites-kakiem-vistas-12g-x-8-pacinas\/","name":"Churu Fun Bites ka\u0137iem \u2013 vistas, 12g x 8 paci\u0146as - MiuMjau","isPartOf":{"@id":"https:\/\/miumjau.ee\/#website"},"primaryImageOfPage":{"@id":"https:\/\/miumjau.ee\/lv\/produkts\/churu-fun-bites-kakiem-vistas-12g-x-8-pacinas\/#primaryimage"},"image":{"@id":"https:\/\/miumjau.ee\/lv\/produkts\/churu-fun-bites-kakiem-vistas-12g-x-8-pacinas\/#primaryimage"},"thumbnailUrl":"https:\/\/miumjau.ee\/wp-content\/uploads\/2025\/08\/churu-fun-bites2.jpg","datePublished":"2025-08-10T17:40:35+00:00","dateModified":"2026-01-07T19:16:37+00:00","breadcrumb":{"@id":"https:\/\/miumjau.ee\/lv\/produkts\/churu-fun-bites-kakiem-vistas-12g-x-8-pacinas\/#breadcrumb"},"inLanguage":"lv-LV","potentialAction":[{"@type":"ReadAction","target":["https:\/\/miumjau.ee\/lv\/produkts\/churu-fun-bites-kakiem-vistas-12g-x-8-pacinas\/"]}]},{"@type":"ImageObject","inLanguage":"lv-LV","@id":"https:\/\/miumjau.ee\/lv\/produkts\/churu-fun-bites-kakiem-vistas-12g-x-8-pacinas\/#primaryimage","url":"https:\/\/miumjau.ee\/wp-content\/uploads\/2025\/08\/churu-fun-bites2.jpg","contentUrl":"https:\/\/miumjau.ee\/wp-content\/uploads\/2025\/08\/churu-fun-bites2.jpg","width":600,"height":800},{"@type":"BreadcrumbList","@id":"https:\/\/miumjau.ee\/lv\/produkts\/churu-fun-bites-kakiem-vistas-12g-x-8-pacinas\/#breadcrumb","itemListElement":[{"@type":"ListItem","position":1,"name":"Home","item":"https:\/\/miumjau.ee\/lv\/"},{"@type":"ListItem","position":2,"name":"Veikals","item":"https:\/\/miumjau.ee\/lv\/veikals\/"},{"@type":"ListItem","position":3,"name":"Churu Fun Bites ka\u0137iem \u2013 vistas, 12g x 8 paci\u0146as"}]},{"@type":"WebSite","@id":"https:\/\/miumjau.ee\/#website","url":"https:\/\/miumjau.ee\/","name":"MiuMjau","description":"Kraapimispuud kassidele","publisher":{"@id":"https:\/\/miumjau.ee\/#organization"},"potentialAction":[{"@type":"SearchAction","target":{"@type":"EntryPoint","urlTemplate":"https:\/\/miumjau.ee\/?s={search_term_string}"},"query-input":{"@type":"PropertyValueSpecification","valueRequired":true,"valueName":"search_term_string"}}],"inLanguage":"lv-LV"},{"@type":"Organization","@id":"https:\/\/miumjau.ee\/#organization","name":"MiuMjau O\u00dc","url":"https:\/\/miumjau.ee\/","logo":{"@type":"ImageObject","inLanguage":"lv-LV","@id":"https:\/\/miumjau.ee\/#\/schema\/logo\/image\/","url":"https:\/\/miumjau.ee\/wp-content\/uploads\/2022\/04\/MiuMjau-logo-kollane.png","contentUrl":"https:\/\/miumjau.ee\/wp-content\/uploads\/2022\/04\/MiuMjau-logo-kollane.png","width":219,"height":100,"caption":"MiuMjau O\u00dc"},"image":{"@id":"https:\/\/miumjau.ee\/#\/schema\/logo\/image\/"},"sameAs":["https:\/\/www.facebook.com\/miumjaupood\/"]}]}},"_links":{"self":[{"href":"https:\/\/miumjau.ee\/lv\/wp-json\/wp\/v2\/product\/49211","targetHints":{"allow":["GET"]}}],"collection":[{"href":"https:\/\/miumjau.ee\/lv\/wp-json\/wp\/v2\/product"}],"about":[{"href":"https:\/\/miumjau.ee\/lv\/wp-json\/wp\/v2\/types\/product"}],"wp:featuredmedia":[{"embeddable":true,"href":"https:\/\/miumjau.ee\/lv\/wp-json\/wp\/v2\/media\/49209"}],"wp:attachment":[{"href":"https:\/\/miumjau.ee\/lv\/wp-json\/wp\/v2\/media?parent=49211"}],"wp:term":[{"taxonomy":"product_brand","embeddable":true,"href":"https:\/\/miumjau.ee\/lv\/wp-json\/wp\/v2\/product_brand?post=49211"},{"taxonomy":"product_cat","embeddable":true,"href":"https:\/\/miumjau.ee\/lv\/wp-json\/wp\/v2\/product_cat?post=49211"},{"taxonomy":"product_tag","embeddable":true,"href":"https:\/\/miumjau.ee\/lv\/wp-json\/wp\/v2\/product_tag?post=49211"}],"curies":[{"name":"wp","href":"https:\/\/api.w.org\/{rel}","templated":true}]}}