{"id":49195,"date":"2025-08-14T11:09:27","date_gmt":"2025-08-14T08:09:27","guid":{"rendered":"https:\/\/miumjau.ee\/toode\/catfest-dental-kraukskigas-spilventini-ar-lasi-30g\/"},"modified":"2026-01-07T21:16:44","modified_gmt":"2026-01-07T19:16:44","slug":"catfest-dental-kraukskigas-spilventini-ar-lasi-30g","status":"publish","type":"product","link":"https:\/\/miumjau.ee\/lv\/produkts\/catfest-dental-kraukskigas-spilventini-ar-lasi-30g\/","title":{"rendered":"CatFest Dental Krauk\u0161\u0137\u012bg\u0101s Spilventi\u0146i ar Las\u012b, 30g"},"content":{"rendered":"","protected":false},"excerpt":{"rendered":"<p data-start=\"2277\" data-end=\"2528\">Krauk\u0161\u0137\u012bgie spilventi\u0146i ar las\u012b kr\u0113mu no\u0146em zobu aplikumu ar poraino strukt\u016bru, nov\u0113r\u0161 zobakmens veido\u0161anos un atsvaidzina elpu. Maigais zivju kr\u0113ma pild\u012bjums padara tos par m\u012b\u013c\u0101ko k\u0101rumu ka\u0137iem. Tagad zobu kop\u0161ana nav tikai viegla, bet ar\u012b gar\u0161\u012bga!<\/p>\n<p data-start=\"2530\" data-end=\"2753\"><strong data-start=\"2530\" data-end=\"2542\">Sast\u0101vs:<\/strong> Kukur\u016bzas milti, kartupe\u013cu milti, r\u012bsu milti, olu dzeltenuma milti, zivju milti, lasis 5%, garneles milti, ka\u0137um\u0113tras milti, e\u013c\u013cas un tauki, gran\u0101t\u0101bolu s\u0113klu milti, dz\u0113rve\u0146u milti, spin\u0101ti (hlorofila avots).<\/p>\n<p data-start=\"2755\" data-end=\"2780\"><strong data-start=\"2755\" data-end=\"2778\">Anal\u012btisk\u0101 sast\u0101vs:<\/strong><\/p>\n<ul data-start=\"2781\" data-end=\"2865\">\n<li data-start=\"2781\" data-end=\"2801\">\n<p data-start=\"2783\" data-end=\"2801\">Kopprote\u012bns: 20%<\/p>\n<\/li>\n<li data-start=\"2802\" data-end=\"2816\">\n<p data-start=\"2804\" data-end=\"2816\">Tauki: 15%<\/p>\n<\/li>\n<li data-start=\"2817\" data-end=\"2834\">\n<p data-start=\"2819\" data-end=\"2834\">\u0160\u0137iedra: 2,5%<\/p>\n<\/li>\n<li data-start=\"2835\" data-end=\"2848\">\n<p data-start=\"2837\" data-end=\"2848\">Pelni: 4%<\/p>\n<\/li>\n<li data-start=\"2849\" data-end=\"2865\">\n<p data-start=\"2851\" data-end=\"2865\">Mitrums: 10%<\/p>\n<\/li>\n<\/ul>\n<p data-start=\"2867\" data-end=\"3244\"><strong data-start=\"2867\" data-end=\"2881\">Lieto\u0161ana:<\/strong> Pasniedz k\u0101 k\u0101rumu dienas laik\u0101. Maksim\u0101lais dienas daudzums: 1\u20132 gab. Piel\u0101gojiet daudzumu atbilsto\u0161i ka\u0137a vajadz\u012bb\u0101m un st\u0101voklim. Vienm\u0113r nodro\u0161iniet svaigu dzeramo \u016bdeni. Neatst\u0101jiet ka\u0137i bez uzraudz\u012bbas, kad tas ko\u017e vai ar k\u0101rumu iepakojumu. Iepakojum\u0101 eso\u0161ais sk\u0101bek\u013ca absorbents nav \u0113dams. Glab\u0101t saus\u0101 un v\u0113s\u0101 viet\u0101; p\u0113c atv\u0113r\u0161anas uzglab\u0101t ledusskap\u012b.<\/p>\n","protected":false},"featured_media":49196,"template":"","meta":[],"product_brand":[],"product_cat":[570,878],"product_tag":[],"class_list":{"0":"post-49195","1":"product","2":"type-product","3":"status-publish","4":"has-post-thumbnail","6":"product_cat-naski","7":"product_cat-vitamini-uztura-bagatinataji-kakiem","9":"first","10":"instock","11":"taxable","12":"shipping-taxable","13":"purchasable","14":"product-type-simple"},"yoast_head":"<!-- This site is optimized with the Yoast SEO plugin v27.4 - https:\/\/yoast.com\/product\/yoast-seo-wordpress\/ -->\n<title>CatFest Dental Krauk\u0161\u0137\u012bg\u0101s Spilventi\u0146i ar Las\u012b, 30g - MiuMjau<\/title>\n<meta name=\"robots\" content=\"index, follow, max-snippet:-1, max-image-preview:large, max-video-preview:-1\" \/>\n<link rel=\"canonical\" href=\"https:\/\/miumjau.ee\/lv\/produkts\/catfest-dental-kraukskigas-spilventini-ar-lasi-30g\/\" \/>\n<meta property=\"og:locale\" content=\"lv_LV\" \/>\n<meta property=\"og:type\" content=\"article\" \/>\n<meta property=\"og:title\" content=\"CatFest Dental Krauk\u0161\u0137\u012bg\u0101s Spilventi\u0146i ar Las\u012b, 30g - MiuMjau\" \/>\n<meta property=\"og:description\" content=\"Krauk\u0161\u0137\u012bgie spilventi\u0146i ar las\u012b kr\u0113mu no\u0146em zobu aplikumu ar poraino strukt\u016bru, nov\u0113r\u0161 zobakmens veido\u0161anos un atsvaidzina elpu. Maigais zivju kr\u0113ma pild\u012bjums padara tos par m\u012b\u013c\u0101ko k\u0101rumu ka\u0137iem. Tagad zobu kop\u0161ana nav tikai viegla, bet ar\u012b gar\u0161\u012bga! Sast\u0101vs: Kukur\u016bzas milti, kartupe\u013cu milti, r\u012bsu milti, olu dzeltenuma milti, zivju milti, lasis 5%, garneles milti, ka\u0137um\u0113tras milti, e\u013c\u013cas un tauki, gran\u0101t\u0101bolu s\u0113klu milti, dz\u0113rve\u0146u milti, spin\u0101ti (hlorofila avots). Anal\u012btisk\u0101 sast\u0101vs:     Kopprote\u012bns: 20%    Tauki: 15%    \u0160\u0137iedra: 2,5%    Pelni: 4%    Mitrums: 10%   Lieto\u0161ana: Pasniedz k\u0101 k\u0101rumu dienas laik\u0101. Maksim\u0101lais dienas daudzums: 1\u20132 gab. Piel\u0101gojiet daudzumu atbilsto\u0161i ka\u0137a vajadz\u012bb\u0101m un st\u0101voklim. Vienm\u0113r nodro\u0161iniet svaigu dzeramo \u016bdeni. Neatst\u0101jiet ka\u0137i bez uzraudz\u012bbas, kad tas ko\u017e vai ar k\u0101rumu iepakojumu. Iepakojum\u0101 eso\u0161ais sk\u0101bek\u013ca absorbents nav \u0113dams. Glab\u0101t saus\u0101 un v\u0113s\u0101 viet\u0101; p\u0113c atv\u0113r\u0161anas uzglab\u0101t ledusskap\u012b.\" \/>\n<meta property=\"og:url\" content=\"https:\/\/miumjau.ee\/lv\/produkts\/catfest-dental-kraukskigas-spilventini-ar-lasi-30g\/\" \/>\n<meta property=\"og:site_name\" content=\"MiuMjau\" \/>\n<meta property=\"article:publisher\" content=\"https:\/\/www.facebook.com\/miumjaupood\/\" \/>\n<meta property=\"article:modified_time\" content=\"2026-01-07T19:16:44+00:00\" \/>\n<meta property=\"og:image\" content=\"https:\/\/miumjau.ee\/wp-content\/uploads\/2025\/08\/dental-maius-kassile-catfest-lohe.jpg\" \/>\n\t<meta property=\"og:image:width\" content=\"600\" \/>\n\t<meta property=\"og:image:height\" content=\"800\" \/>\n\t<meta property=\"og:image:type\" content=\"image\/jpeg\" \/>\n<meta name=\"twitter:card\" content=\"summary_large_image\" \/>\n<script type=\"application\/ld+json\" class=\"yoast-schema-graph\">{\"@context\":\"https:\\\/\\\/schema.org\",\"@graph\":[{\"@type\":\"WebPage\",\"@id\":\"https:\\\/\\\/miumjau.ee\\\/lv\\\/produkts\\\/catfest-dental-kraukskigas-spilventini-ar-lasi-30g\\\/\",\"url\":\"https:\\\/\\\/miumjau.ee\\\/lv\\\/produkts\\\/catfest-dental-kraukskigas-spilventini-ar-lasi-30g\\\/\",\"name\":\"CatFest Dental Krauk\u0161\u0137\u012bg\u0101s Spilventi\u0146i ar Las\u012b, 30g - MiuMjau\",\"isPartOf\":{\"@id\":\"https:\\\/\\\/miumjau.ee\\\/#website\"},\"primaryImageOfPage\":{\"@id\":\"https:\\\/\\\/miumjau.ee\\\/lv\\\/produkts\\\/catfest-dental-kraukskigas-spilventini-ar-lasi-30g\\\/#primaryimage\"},\"image\":{\"@id\":\"https:\\\/\\\/miumjau.ee\\\/lv\\\/produkts\\\/catfest-dental-kraukskigas-spilventini-ar-lasi-30g\\\/#primaryimage\"},\"thumbnailUrl\":\"https:\\\/\\\/miumjau.ee\\\/wp-content\\\/uploads\\\/2025\\\/08\\\/dental-maius-kassile-catfest-lohe.jpg\",\"datePublished\":\"2025-08-14T08:09:27+00:00\",\"dateModified\":\"2026-01-07T19:16:44+00:00\",\"breadcrumb\":{\"@id\":\"https:\\\/\\\/miumjau.ee\\\/lv\\\/produkts\\\/catfest-dental-kraukskigas-spilventini-ar-lasi-30g\\\/#breadcrumb\"},\"inLanguage\":\"lv-LV\",\"potentialAction\":[{\"@type\":\"ReadAction\",\"target\":[\"https:\\\/\\\/miumjau.ee\\\/lv\\\/produkts\\\/catfest-dental-kraukskigas-spilventini-ar-lasi-30g\\\/\"]}]},{\"@type\":\"ImageObject\",\"inLanguage\":\"lv-LV\",\"@id\":\"https:\\\/\\\/miumjau.ee\\\/lv\\\/produkts\\\/catfest-dental-kraukskigas-spilventini-ar-lasi-30g\\\/#primaryimage\",\"url\":\"https:\\\/\\\/miumjau.ee\\\/wp-content\\\/uploads\\\/2025\\\/08\\\/dental-maius-kassile-catfest-lohe.jpg\",\"contentUrl\":\"https:\\\/\\\/miumjau.ee\\\/wp-content\\\/uploads\\\/2025\\\/08\\\/dental-maius-kassile-catfest-lohe.jpg\",\"width\":600,\"height\":800},{\"@type\":\"BreadcrumbList\",\"@id\":\"https:\\\/\\\/miumjau.ee\\\/lv\\\/produkts\\\/catfest-dental-kraukskigas-spilventini-ar-lasi-30g\\\/#breadcrumb\",\"itemListElement\":[{\"@type\":\"ListItem\",\"position\":1,\"name\":\"Home\",\"item\":\"https:\\\/\\\/miumjau.ee\\\/lv\\\/\"},{\"@type\":\"ListItem\",\"position\":2,\"name\":\"Veikals\",\"item\":\"https:\\\/\\\/miumjau.ee\\\/lv\\\/veikals\\\/\"},{\"@type\":\"ListItem\",\"position\":3,\"name\":\"CatFest Dental Krauk\u0161\u0137\u012bg\u0101s Spilventi\u0146i ar Las\u012b, 30g\"}]},{\"@type\":\"WebSite\",\"@id\":\"https:\\\/\\\/miumjau.ee\\\/#website\",\"url\":\"https:\\\/\\\/miumjau.ee\\\/\",\"name\":\"MiuMjau\",\"description\":\"Kraapimispuud kassidele\",\"publisher\":{\"@id\":\"https:\\\/\\\/miumjau.ee\\\/#organization\"},\"potentialAction\":[{\"@type\":\"SearchAction\",\"target\":{\"@type\":\"EntryPoint\",\"urlTemplate\":\"https:\\\/\\\/miumjau.ee\\\/?s={search_term_string}\"},\"query-input\":{\"@type\":\"PropertyValueSpecification\",\"valueRequired\":true,\"valueName\":\"search_term_string\"}}],\"inLanguage\":\"lv-LV\"},{\"@type\":\"Organization\",\"@id\":\"https:\\\/\\\/miumjau.ee\\\/#organization\",\"name\":\"MiuMjau O\u00dc\",\"url\":\"https:\\\/\\\/miumjau.ee\\\/\",\"logo\":{\"@type\":\"ImageObject\",\"inLanguage\":\"lv-LV\",\"@id\":\"https:\\\/\\\/miumjau.ee\\\/#\\\/schema\\\/logo\\\/image\\\/\",\"url\":\"https:\\\/\\\/miumjau.ee\\\/wp-content\\\/uploads\\\/2022\\\/04\\\/MiuMjau-logo-kollane.png\",\"contentUrl\":\"https:\\\/\\\/miumjau.ee\\\/wp-content\\\/uploads\\\/2022\\\/04\\\/MiuMjau-logo-kollane.png\",\"width\":219,\"height\":100,\"caption\":\"MiuMjau O\u00dc\"},\"image\":{\"@id\":\"https:\\\/\\\/miumjau.ee\\\/#\\\/schema\\\/logo\\\/image\\\/\"},\"sameAs\":[\"https:\\\/\\\/www.facebook.com\\\/miumjaupood\\\/\"]}]}<\/script>\n<!-- \/ Yoast SEO plugin. -->","yoast_head_json":{"title":"CatFest Dental Krauk\u0161\u0137\u012bg\u0101s Spilventi\u0146i ar Las\u012b, 30g - MiuMjau","robots":{"index":"index","follow":"follow","max-snippet":"max-snippet:-1","max-image-preview":"max-image-preview:large","max-video-preview":"max-video-preview:-1"},"canonical":"https:\/\/miumjau.ee\/lv\/produkts\/catfest-dental-kraukskigas-spilventini-ar-lasi-30g\/","og_locale":"lv_LV","og_type":"article","og_title":"CatFest Dental Krauk\u0161\u0137\u012bg\u0101s Spilventi\u0146i ar Las\u012b, 30g - MiuMjau","og_description":"Krauk\u0161\u0137\u012bgie spilventi\u0146i ar las\u012b kr\u0113mu no\u0146em zobu aplikumu ar poraino strukt\u016bru, nov\u0113r\u0161 zobakmens veido\u0161anos un atsvaidzina elpu. Maigais zivju kr\u0113ma pild\u012bjums padara tos par m\u012b\u013c\u0101ko k\u0101rumu ka\u0137iem. Tagad zobu kop\u0161ana nav tikai viegla, bet ar\u012b gar\u0161\u012bga! Sast\u0101vs: Kukur\u016bzas milti, kartupe\u013cu milti, r\u012bsu milti, olu dzeltenuma milti, zivju milti, lasis 5%, garneles milti, ka\u0137um\u0113tras milti, e\u013c\u013cas un tauki, gran\u0101t\u0101bolu s\u0113klu milti, dz\u0113rve\u0146u milti, spin\u0101ti (hlorofila avots). Anal\u012btisk\u0101 sast\u0101vs:     Kopprote\u012bns: 20%    Tauki: 15%    \u0160\u0137iedra: 2,5%    Pelni: 4%    Mitrums: 10%   Lieto\u0161ana: Pasniedz k\u0101 k\u0101rumu dienas laik\u0101. Maksim\u0101lais dienas daudzums: 1\u20132 gab. Piel\u0101gojiet daudzumu atbilsto\u0161i ka\u0137a vajadz\u012bb\u0101m un st\u0101voklim. Vienm\u0113r nodro\u0161iniet svaigu dzeramo \u016bdeni. Neatst\u0101jiet ka\u0137i bez uzraudz\u012bbas, kad tas ko\u017e vai ar k\u0101rumu iepakojumu. Iepakojum\u0101 eso\u0161ais sk\u0101bek\u013ca absorbents nav \u0113dams. Glab\u0101t saus\u0101 un v\u0113s\u0101 viet\u0101; p\u0113c atv\u0113r\u0161anas uzglab\u0101t ledusskap\u012b.","og_url":"https:\/\/miumjau.ee\/lv\/produkts\/catfest-dental-kraukskigas-spilventini-ar-lasi-30g\/","og_site_name":"MiuMjau","article_publisher":"https:\/\/www.facebook.com\/miumjaupood\/","article_modified_time":"2026-01-07T19:16:44+00:00","og_image":[{"width":600,"height":800,"url":"https:\/\/miumjau.ee\/wp-content\/uploads\/2025\/08\/dental-maius-kassile-catfest-lohe.jpg","type":"image\/jpeg"}],"twitter_card":"summary_large_image","schema":{"@context":"https:\/\/schema.org","@graph":[{"@type":"WebPage","@id":"https:\/\/miumjau.ee\/lv\/produkts\/catfest-dental-kraukskigas-spilventini-ar-lasi-30g\/","url":"https:\/\/miumjau.ee\/lv\/produkts\/catfest-dental-kraukskigas-spilventini-ar-lasi-30g\/","name":"CatFest Dental Krauk\u0161\u0137\u012bg\u0101s Spilventi\u0146i ar Las\u012b, 30g - MiuMjau","isPartOf":{"@id":"https:\/\/miumjau.ee\/#website"},"primaryImageOfPage":{"@id":"https:\/\/miumjau.ee\/lv\/produkts\/catfest-dental-kraukskigas-spilventini-ar-lasi-30g\/#primaryimage"},"image":{"@id":"https:\/\/miumjau.ee\/lv\/produkts\/catfest-dental-kraukskigas-spilventini-ar-lasi-30g\/#primaryimage"},"thumbnailUrl":"https:\/\/miumjau.ee\/wp-content\/uploads\/2025\/08\/dental-maius-kassile-catfest-lohe.jpg","datePublished":"2025-08-14T08:09:27+00:00","dateModified":"2026-01-07T19:16:44+00:00","breadcrumb":{"@id":"https:\/\/miumjau.ee\/lv\/produkts\/catfest-dental-kraukskigas-spilventini-ar-lasi-30g\/#breadcrumb"},"inLanguage":"lv-LV","potentialAction":[{"@type":"ReadAction","target":["https:\/\/miumjau.ee\/lv\/produkts\/catfest-dental-kraukskigas-spilventini-ar-lasi-30g\/"]}]},{"@type":"ImageObject","inLanguage":"lv-LV","@id":"https:\/\/miumjau.ee\/lv\/produkts\/catfest-dental-kraukskigas-spilventini-ar-lasi-30g\/#primaryimage","url":"https:\/\/miumjau.ee\/wp-content\/uploads\/2025\/08\/dental-maius-kassile-catfest-lohe.jpg","contentUrl":"https:\/\/miumjau.ee\/wp-content\/uploads\/2025\/08\/dental-maius-kassile-catfest-lohe.jpg","width":600,"height":800},{"@type":"BreadcrumbList","@id":"https:\/\/miumjau.ee\/lv\/produkts\/catfest-dental-kraukskigas-spilventini-ar-lasi-30g\/#breadcrumb","itemListElement":[{"@type":"ListItem","position":1,"name":"Home","item":"https:\/\/miumjau.ee\/lv\/"},{"@type":"ListItem","position":2,"name":"Veikals","item":"https:\/\/miumjau.ee\/lv\/veikals\/"},{"@type":"ListItem","position":3,"name":"CatFest Dental Krauk\u0161\u0137\u012bg\u0101s Spilventi\u0146i ar Las\u012b, 30g"}]},{"@type":"WebSite","@id":"https:\/\/miumjau.ee\/#website","url":"https:\/\/miumjau.ee\/","name":"MiuMjau","description":"Kraapimispuud kassidele","publisher":{"@id":"https:\/\/miumjau.ee\/#organization"},"potentialAction":[{"@type":"SearchAction","target":{"@type":"EntryPoint","urlTemplate":"https:\/\/miumjau.ee\/?s={search_term_string}"},"query-input":{"@type":"PropertyValueSpecification","valueRequired":true,"valueName":"search_term_string"}}],"inLanguage":"lv-LV"},{"@type":"Organization","@id":"https:\/\/miumjau.ee\/#organization","name":"MiuMjau O\u00dc","url":"https:\/\/miumjau.ee\/","logo":{"@type":"ImageObject","inLanguage":"lv-LV","@id":"https:\/\/miumjau.ee\/#\/schema\/logo\/image\/","url":"https:\/\/miumjau.ee\/wp-content\/uploads\/2022\/04\/MiuMjau-logo-kollane.png","contentUrl":"https:\/\/miumjau.ee\/wp-content\/uploads\/2022\/04\/MiuMjau-logo-kollane.png","width":219,"height":100,"caption":"MiuMjau O\u00dc"},"image":{"@id":"https:\/\/miumjau.ee\/#\/schema\/logo\/image\/"},"sameAs":["https:\/\/www.facebook.com\/miumjaupood\/"]}]}},"_links":{"self":[{"href":"https:\/\/miumjau.ee\/lv\/wp-json\/wp\/v2\/product\/49195","targetHints":{"allow":["GET"]}}],"collection":[{"href":"https:\/\/miumjau.ee\/lv\/wp-json\/wp\/v2\/product"}],"about":[{"href":"https:\/\/miumjau.ee\/lv\/wp-json\/wp\/v2\/types\/product"}],"wp:featuredmedia":[{"embeddable":true,"href":"https:\/\/miumjau.ee\/lv\/wp-json\/wp\/v2\/media\/49196"}],"wp:attachment":[{"href":"https:\/\/miumjau.ee\/lv\/wp-json\/wp\/v2\/media?parent=49195"}],"wp:term":[{"taxonomy":"product_brand","embeddable":true,"href":"https:\/\/miumjau.ee\/lv\/wp-json\/wp\/v2\/product_brand?post=49195"},{"taxonomy":"product_cat","embeddable":true,"href":"https:\/\/miumjau.ee\/lv\/wp-json\/wp\/v2\/product_cat?post=49195"},{"taxonomy":"product_tag","embeddable":true,"href":"https:\/\/miumjau.ee\/lv\/wp-json\/wp\/v2\/product_tag?post=49195"}],"curies":[{"name":"wp","href":"https:\/\/api.w.org\/{rel}","templated":true}]}}