{"id":49192,"date":"2025-08-14T12:15:36","date_gmt":"2025-08-14T09:15:36","guid":{"rendered":"https:\/\/miumjau.ee\/toode\/churu-fun-bites-vistas-un-siera-karumi-suniem-8x12g\/"},"modified":"2026-01-07T21:16:44","modified_gmt":"2026-01-07T19:16:44","slug":"churu-fun-bites-vistas-un-siera-karumi-suniem-8x12g","status":"publish","type":"product","link":"https:\/\/miumjau.ee\/lv\/produkts\/churu-fun-bites-vistas-un-siera-karumi-suniem-8x12g\/","title":{"rendered":"Churu Fun Bites \u2013 Vistas un siera k\u0101rumi su\u0146iem 8x12g"},"content":{"rendered":"","protected":false},"excerpt":{"rendered":"<p data-start=\"2530\" data-end=\"2662\">Churu Fun Bites ir m\u012bkstas un gar\u0161\u012bgas uzkodas su\u0146iem, gatavotas no br\u012bvi audz\u0113tas vistas un siera, ar neatvair\u0101mu kr\u0113m\u012bgu kodolu.<\/p>\n<p data-start=\"2664\" data-end=\"2936\">Bez graudiem, bez konservantiem un bez m\u0101ksl\u012bg\u0101m kr\u0101s\u0101m \u2013 ide\u0101li piem\u0113rots ikdienas baud\u012b\u0161anai vai table\u0161u pasl\u0113p\u0161anai. Bag\u0101tin\u0101ts ar E vitam\u012bnu un za\u013c\u0101s t\u0113jas ekstraktu, atbalsta imunit\u0101ti un nodro\u0161ina optim\u0101lu mitrin\u0101\u0161anu. Ide\u0101li piem\u0113rots pat izv\u0113l\u012bg\u0101kajiem kuc\u0113niem!<\/p>\n<p data-start=\"2938\" data-end=\"3126\"><strong data-start=\"2938\" data-end=\"2972\">Neatvair\u0101ma divk\u0101r\u0161a tekst\u016bra!<\/strong><br data-start=\"2972\" data-end=\"2975\" \/>Katrs spilventi\u0146veida gabals s\u0101kas ar m\u012bkstu ceptu vistas pastas sl\u0101ni. Iek\u0161pus\u0113 tas ir pild\u012bts ar gar\u0161\u012bgo Churu, radot unik\u0101lu tekst\u016bru kombin\u0101ciju.<\/p>\n<p data-start=\"3128\" data-end=\"3366\"><strong data-start=\"3128\" data-end=\"3140\">Sast\u0101vs:<\/strong> Vistas ga\u013ca, \u016bdens, tapiokas ciete, bonito p\u0101rslas, siers, olu baltums, n\u0101trija kazein\u0101ts, guar gumija, dab\u012bga vistas gar\u0161a, rauga ekstrakts, \u017eelat\u012bns, E vitam\u012bna piedeva, za\u013c\u0101s t\u0113jas ekstrakts, paprikas oleores\u012bns (kr\u0101sa).<\/p>\n<p data-start=\"3368\" data-end=\"3395\"><strong data-start=\"3368\" data-end=\"3393\">Anal\u012btiskais sast\u0101vs:<\/strong><\/p>\n<ul data-start=\"3396\" data-end=\"3573\">\n<li data-start=\"3396\" data-end=\"3437\">\n<p data-start=\"3398\" data-end=\"3437\">Izdz\u012bvotsp\u0113jas prote\u012bns (min): 22,00%<\/p>\n<\/li>\n<li data-start=\"3438\" data-end=\"3475\">\n<p data-start=\"3440\" data-end=\"3475\">Izdz\u012bvotsp\u0113jas tauki (min): 3,00%<\/p>\n<\/li>\n<li data-start=\"3476\" data-end=\"3516\">\n<p data-start=\"3478\" data-end=\"3516\">Izdz\u012bvotsp\u0113jas \u0161\u0137iedras (max): 0,50%<\/p>\n<\/li>\n<li data-start=\"3517\" data-end=\"3542\">\n<p data-start=\"3519\" data-end=\"3542\">Mitrums (max): 72,00%<\/p>\n<\/li>\n<li data-start=\"3543\" data-end=\"3573\">\n<p data-start=\"3545\" data-end=\"3573\">E vitam\u012bns (min): 80 SV\/kg<\/p>\n<\/li>\n<\/ul>\n","protected":false},"featured_media":49191,"template":"","meta":[],"product_brand":[],"product_cat":[576],"product_tag":[],"class_list":{"0":"post-49192","1":"product","2":"type-product","3":"status-publish","4":"has-post-thumbnail","6":"product_cat-naski-suniem","8":"first","9":"instock","10":"taxable","11":"shipping-taxable","12":"purchasable","13":"product-type-simple"},"yoast_head":"<!-- This site is optimized with the Yoast SEO plugin v27.2 - https:\/\/yoast.com\/product\/yoast-seo-wordpress\/ -->\n<title>Churu Fun Bites \u2013 Vistas un siera k\u0101rumi su\u0146iem 8x12g - MiuMjau<\/title>\n<meta name=\"robots\" content=\"index, follow, max-snippet:-1, max-image-preview:large, max-video-preview:-1\" \/>\n<link rel=\"canonical\" href=\"https:\/\/miumjau.ee\/lv\/produkts\/churu-fun-bites-vistas-un-siera-karumi-suniem-8x12g\/\" \/>\n<meta property=\"og:locale\" content=\"lv_LV\" \/>\n<meta property=\"og:type\" content=\"article\" \/>\n<meta property=\"og:title\" content=\"Churu Fun Bites \u2013 Vistas un siera k\u0101rumi su\u0146iem 8x12g - MiuMjau\" \/>\n<meta property=\"og:description\" content=\"Churu Fun Bites ir m\u012bkstas un gar\u0161\u012bgas uzkodas su\u0146iem, gatavotas no br\u012bvi audz\u0113tas vistas un siera, ar neatvair\u0101mu kr\u0113m\u012bgu kodolu. Bez graudiem, bez konservantiem un bez m\u0101ksl\u012bg\u0101m kr\u0101s\u0101m \u2013 ide\u0101li piem\u0113rots ikdienas baud\u012b\u0161anai vai table\u0161u pasl\u0113p\u0161anai. Bag\u0101tin\u0101ts ar E vitam\u012bnu un za\u013c\u0101s t\u0113jas ekstraktu, atbalsta imunit\u0101ti un nodro\u0161ina optim\u0101lu mitrin\u0101\u0161anu. Ide\u0101li piem\u0113rots pat izv\u0113l\u012bg\u0101kajiem kuc\u0113niem! Neatvair\u0101ma divk\u0101r\u0161a tekst\u016bra!Katrs spilventi\u0146veida gabals s\u0101kas ar m\u012bkstu ceptu vistas pastas sl\u0101ni. Iek\u0161pus\u0113 tas ir pild\u012bts ar gar\u0161\u012bgo Churu, radot unik\u0101lu tekst\u016bru kombin\u0101ciju. Sast\u0101vs: Vistas ga\u013ca, \u016bdens, tapiokas ciete, bonito p\u0101rslas, siers, olu baltums, n\u0101trija kazein\u0101ts, guar gumija, dab\u012bga vistas gar\u0161a, rauga ekstrakts, \u017eelat\u012bns, E vitam\u012bna piedeva, za\u013c\u0101s t\u0113jas ekstrakts, paprikas oleores\u012bns (kr\u0101sa). Anal\u012btiskais sast\u0101vs:     Izdz\u012bvotsp\u0113jas prote\u012bns (min): 22,00%    Izdz\u012bvotsp\u0113jas tauki (min): 3,00%    Izdz\u012bvotsp\u0113jas \u0161\u0137iedras (max): 0,50%    Mitrums (max): 72,00%    E vitam\u012bns (min): 80 SV\/kg\" \/>\n<meta property=\"og:url\" content=\"https:\/\/miumjau.ee\/lv\/produkts\/churu-fun-bites-vistas-un-siera-karumi-suniem-8x12g\/\" \/>\n<meta property=\"og:site_name\" content=\"MiuMjau\" \/>\n<meta property=\"article:publisher\" content=\"https:\/\/www.facebook.com\/miumjaupood\/\" \/>\n<meta property=\"article:modified_time\" content=\"2026-01-07T19:16:44+00:00\" \/>\n<meta property=\"og:image\" content=\"https:\/\/miumjau.ee\/wp-content\/uploads\/2025\/08\/churu-fun-bites-koer-kana-juust.jpg\" \/>\n\t<meta property=\"og:image:width\" content=\"1200\" \/>\n\t<meta property=\"og:image:height\" content=\"1600\" \/>\n\t<meta property=\"og:image:type\" content=\"image\/jpeg\" \/>\n<meta name=\"twitter:card\" content=\"summary_large_image\" \/>\n<script type=\"application\/ld+json\" class=\"yoast-schema-graph\">{\"@context\":\"https:\/\/schema.org\",\"@graph\":[{\"@type\":\"WebPage\",\"@id\":\"https:\/\/miumjau.ee\/lv\/produkts\/churu-fun-bites-vistas-un-siera-karumi-suniem-8x12g\/\",\"url\":\"https:\/\/miumjau.ee\/lv\/produkts\/churu-fun-bites-vistas-un-siera-karumi-suniem-8x12g\/\",\"name\":\"Churu Fun Bites \u2013 Vistas un siera k\u0101rumi su\u0146iem 8x12g - MiuMjau\",\"isPartOf\":{\"@id\":\"https:\/\/miumjau.ee\/#website\"},\"primaryImageOfPage\":{\"@id\":\"https:\/\/miumjau.ee\/lv\/produkts\/churu-fun-bites-vistas-un-siera-karumi-suniem-8x12g\/#primaryimage\"},\"image\":{\"@id\":\"https:\/\/miumjau.ee\/lv\/produkts\/churu-fun-bites-vistas-un-siera-karumi-suniem-8x12g\/#primaryimage\"},\"thumbnailUrl\":\"https:\/\/miumjau.ee\/wp-content\/uploads\/2025\/08\/churu-fun-bites-koer-kana-juust.jpg\",\"datePublished\":\"2025-08-14T09:15:36+00:00\",\"dateModified\":\"2026-01-07T19:16:44+00:00\",\"breadcrumb\":{\"@id\":\"https:\/\/miumjau.ee\/lv\/produkts\/churu-fun-bites-vistas-un-siera-karumi-suniem-8x12g\/#breadcrumb\"},\"inLanguage\":\"lv-LV\",\"potentialAction\":[{\"@type\":\"ReadAction\",\"target\":[\"https:\/\/miumjau.ee\/lv\/produkts\/churu-fun-bites-vistas-un-siera-karumi-suniem-8x12g\/\"]}]},{\"@type\":\"ImageObject\",\"inLanguage\":\"lv-LV\",\"@id\":\"https:\/\/miumjau.ee\/lv\/produkts\/churu-fun-bites-vistas-un-siera-karumi-suniem-8x12g\/#primaryimage\",\"url\":\"https:\/\/miumjau.ee\/wp-content\/uploads\/2025\/08\/churu-fun-bites-koer-kana-juust.jpg\",\"contentUrl\":\"https:\/\/miumjau.ee\/wp-content\/uploads\/2025\/08\/churu-fun-bites-koer-kana-juust.jpg\",\"width\":1200,\"height\":1600},{\"@type\":\"BreadcrumbList\",\"@id\":\"https:\/\/miumjau.ee\/lv\/produkts\/churu-fun-bites-vistas-un-siera-karumi-suniem-8x12g\/#breadcrumb\",\"itemListElement\":[{\"@type\":\"ListItem\",\"position\":1,\"name\":\"Home\",\"item\":\"https:\/\/miumjau.ee\/lv\/\"},{\"@type\":\"ListItem\",\"position\":2,\"name\":\"Veikals\",\"item\":\"https:\/\/miumjau.ee\/lv\/veikals\/\"},{\"@type\":\"ListItem\",\"position\":3,\"name\":\"Churu Fun Bites \u2013 Vistas un siera k\u0101rumi su\u0146iem 8x12g\"}]},{\"@type\":\"WebSite\",\"@id\":\"https:\/\/miumjau.ee\/#website\",\"url\":\"https:\/\/miumjau.ee\/\",\"name\":\"MiuMjau\",\"description\":\"Kraapimispuud kassidele\",\"publisher\":{\"@id\":\"https:\/\/miumjau.ee\/#organization\"},\"potentialAction\":[{\"@type\":\"SearchAction\",\"target\":{\"@type\":\"EntryPoint\",\"urlTemplate\":\"https:\/\/miumjau.ee\/?s={search_term_string}\"},\"query-input\":{\"@type\":\"PropertyValueSpecification\",\"valueRequired\":true,\"valueName\":\"search_term_string\"}}],\"inLanguage\":\"lv-LV\"},{\"@type\":\"Organization\",\"@id\":\"https:\/\/miumjau.ee\/#organization\",\"name\":\"MiuMjau O\u00dc\",\"url\":\"https:\/\/miumjau.ee\/\",\"logo\":{\"@type\":\"ImageObject\",\"inLanguage\":\"lv-LV\",\"@id\":\"https:\/\/miumjau.ee\/#\/schema\/logo\/image\/\",\"url\":\"https:\/\/miumjau.ee\/wp-content\/uploads\/2022\/04\/MiuMjau-logo-kollane.png\",\"contentUrl\":\"https:\/\/miumjau.ee\/wp-content\/uploads\/2022\/04\/MiuMjau-logo-kollane.png\",\"width\":219,\"height\":100,\"caption\":\"MiuMjau O\u00dc\"},\"image\":{\"@id\":\"https:\/\/miumjau.ee\/#\/schema\/logo\/image\/\"},\"sameAs\":[\"https:\/\/www.facebook.com\/miumjaupood\/\"]}]}<\/script>\n<!-- \/ Yoast SEO plugin. -->","yoast_head_json":{"title":"Churu Fun Bites \u2013 Vistas un siera k\u0101rumi su\u0146iem 8x12g - MiuMjau","robots":{"index":"index","follow":"follow","max-snippet":"max-snippet:-1","max-image-preview":"max-image-preview:large","max-video-preview":"max-video-preview:-1"},"canonical":"https:\/\/miumjau.ee\/lv\/produkts\/churu-fun-bites-vistas-un-siera-karumi-suniem-8x12g\/","og_locale":"lv_LV","og_type":"article","og_title":"Churu Fun Bites \u2013 Vistas un siera k\u0101rumi su\u0146iem 8x12g - MiuMjau","og_description":"Churu Fun Bites ir m\u012bkstas un gar\u0161\u012bgas uzkodas su\u0146iem, gatavotas no br\u012bvi audz\u0113tas vistas un siera, ar neatvair\u0101mu kr\u0113m\u012bgu kodolu. Bez graudiem, bez konservantiem un bez m\u0101ksl\u012bg\u0101m kr\u0101s\u0101m \u2013 ide\u0101li piem\u0113rots ikdienas baud\u012b\u0161anai vai table\u0161u pasl\u0113p\u0161anai. Bag\u0101tin\u0101ts ar E vitam\u012bnu un za\u013c\u0101s t\u0113jas ekstraktu, atbalsta imunit\u0101ti un nodro\u0161ina optim\u0101lu mitrin\u0101\u0161anu. Ide\u0101li piem\u0113rots pat izv\u0113l\u012bg\u0101kajiem kuc\u0113niem! Neatvair\u0101ma divk\u0101r\u0161a tekst\u016bra!Katrs spilventi\u0146veida gabals s\u0101kas ar m\u012bkstu ceptu vistas pastas sl\u0101ni. Iek\u0161pus\u0113 tas ir pild\u012bts ar gar\u0161\u012bgo Churu, radot unik\u0101lu tekst\u016bru kombin\u0101ciju. Sast\u0101vs: Vistas ga\u013ca, \u016bdens, tapiokas ciete, bonito p\u0101rslas, siers, olu baltums, n\u0101trija kazein\u0101ts, guar gumija, dab\u012bga vistas gar\u0161a, rauga ekstrakts, \u017eelat\u012bns, E vitam\u012bna piedeva, za\u013c\u0101s t\u0113jas ekstrakts, paprikas oleores\u012bns (kr\u0101sa). Anal\u012btiskais sast\u0101vs:     Izdz\u012bvotsp\u0113jas prote\u012bns (min): 22,00%    Izdz\u012bvotsp\u0113jas tauki (min): 3,00%    Izdz\u012bvotsp\u0113jas \u0161\u0137iedras (max): 0,50%    Mitrums (max): 72,00%    E vitam\u012bns (min): 80 SV\/kg","og_url":"https:\/\/miumjau.ee\/lv\/produkts\/churu-fun-bites-vistas-un-siera-karumi-suniem-8x12g\/","og_site_name":"MiuMjau","article_publisher":"https:\/\/www.facebook.com\/miumjaupood\/","article_modified_time":"2026-01-07T19:16:44+00:00","og_image":[{"width":1200,"height":1600,"url":"https:\/\/miumjau.ee\/wp-content\/uploads\/2025\/08\/churu-fun-bites-koer-kana-juust.jpg","type":"image\/jpeg"}],"twitter_card":"summary_large_image","schema":{"@context":"https:\/\/schema.org","@graph":[{"@type":"WebPage","@id":"https:\/\/miumjau.ee\/lv\/produkts\/churu-fun-bites-vistas-un-siera-karumi-suniem-8x12g\/","url":"https:\/\/miumjau.ee\/lv\/produkts\/churu-fun-bites-vistas-un-siera-karumi-suniem-8x12g\/","name":"Churu Fun Bites \u2013 Vistas un siera k\u0101rumi su\u0146iem 8x12g - MiuMjau","isPartOf":{"@id":"https:\/\/miumjau.ee\/#website"},"primaryImageOfPage":{"@id":"https:\/\/miumjau.ee\/lv\/produkts\/churu-fun-bites-vistas-un-siera-karumi-suniem-8x12g\/#primaryimage"},"image":{"@id":"https:\/\/miumjau.ee\/lv\/produkts\/churu-fun-bites-vistas-un-siera-karumi-suniem-8x12g\/#primaryimage"},"thumbnailUrl":"https:\/\/miumjau.ee\/wp-content\/uploads\/2025\/08\/churu-fun-bites-koer-kana-juust.jpg","datePublished":"2025-08-14T09:15:36+00:00","dateModified":"2026-01-07T19:16:44+00:00","breadcrumb":{"@id":"https:\/\/miumjau.ee\/lv\/produkts\/churu-fun-bites-vistas-un-siera-karumi-suniem-8x12g\/#breadcrumb"},"inLanguage":"lv-LV","potentialAction":[{"@type":"ReadAction","target":["https:\/\/miumjau.ee\/lv\/produkts\/churu-fun-bites-vistas-un-siera-karumi-suniem-8x12g\/"]}]},{"@type":"ImageObject","inLanguage":"lv-LV","@id":"https:\/\/miumjau.ee\/lv\/produkts\/churu-fun-bites-vistas-un-siera-karumi-suniem-8x12g\/#primaryimage","url":"https:\/\/miumjau.ee\/wp-content\/uploads\/2025\/08\/churu-fun-bites-koer-kana-juust.jpg","contentUrl":"https:\/\/miumjau.ee\/wp-content\/uploads\/2025\/08\/churu-fun-bites-koer-kana-juust.jpg","width":1200,"height":1600},{"@type":"BreadcrumbList","@id":"https:\/\/miumjau.ee\/lv\/produkts\/churu-fun-bites-vistas-un-siera-karumi-suniem-8x12g\/#breadcrumb","itemListElement":[{"@type":"ListItem","position":1,"name":"Home","item":"https:\/\/miumjau.ee\/lv\/"},{"@type":"ListItem","position":2,"name":"Veikals","item":"https:\/\/miumjau.ee\/lv\/veikals\/"},{"@type":"ListItem","position":3,"name":"Churu Fun Bites \u2013 Vistas un siera k\u0101rumi su\u0146iem 8x12g"}]},{"@type":"WebSite","@id":"https:\/\/miumjau.ee\/#website","url":"https:\/\/miumjau.ee\/","name":"MiuMjau","description":"Kraapimispuud kassidele","publisher":{"@id":"https:\/\/miumjau.ee\/#organization"},"potentialAction":[{"@type":"SearchAction","target":{"@type":"EntryPoint","urlTemplate":"https:\/\/miumjau.ee\/?s={search_term_string}"},"query-input":{"@type":"PropertyValueSpecification","valueRequired":true,"valueName":"search_term_string"}}],"inLanguage":"lv-LV"},{"@type":"Organization","@id":"https:\/\/miumjau.ee\/#organization","name":"MiuMjau O\u00dc","url":"https:\/\/miumjau.ee\/","logo":{"@type":"ImageObject","inLanguage":"lv-LV","@id":"https:\/\/miumjau.ee\/#\/schema\/logo\/image\/","url":"https:\/\/miumjau.ee\/wp-content\/uploads\/2022\/04\/MiuMjau-logo-kollane.png","contentUrl":"https:\/\/miumjau.ee\/wp-content\/uploads\/2022\/04\/MiuMjau-logo-kollane.png","width":219,"height":100,"caption":"MiuMjau O\u00dc"},"image":{"@id":"https:\/\/miumjau.ee\/#\/schema\/logo\/image\/"},"sameAs":["https:\/\/www.facebook.com\/miumjaupood\/"]}]}},"_links":{"self":[{"href":"https:\/\/miumjau.ee\/lv\/wp-json\/wp\/v2\/product\/49192","targetHints":{"allow":["GET"]}}],"collection":[{"href":"https:\/\/miumjau.ee\/lv\/wp-json\/wp\/v2\/product"}],"about":[{"href":"https:\/\/miumjau.ee\/lv\/wp-json\/wp\/v2\/types\/product"}],"wp:featuredmedia":[{"embeddable":true,"href":"https:\/\/miumjau.ee\/lv\/wp-json\/wp\/v2\/media\/49191"}],"wp:attachment":[{"href":"https:\/\/miumjau.ee\/lv\/wp-json\/wp\/v2\/media?parent=49192"}],"wp:term":[{"taxonomy":"product_brand","embeddable":true,"href":"https:\/\/miumjau.ee\/lv\/wp-json\/wp\/v2\/product_brand?post=49192"},{"taxonomy":"product_cat","embeddable":true,"href":"https:\/\/miumjau.ee\/lv\/wp-json\/wp\/v2\/product_cat?post=49192"},{"taxonomy":"product_tag","embeddable":true,"href":"https:\/\/miumjau.ee\/lv\/wp-json\/wp\/v2\/product_tag?post=49192"}],"curies":[{"name":"wp","href":"https:\/\/api.w.org\/{rel}","templated":true}]}}