{"id":49179,"date":"2025-08-14T12:36:18","date_gmt":"2025-08-14T09:36:18","guid":{"rendered":"https:\/\/miumjau.ee\/toode\/beaphar-bonbons-aitas-tauki-ar-juras-algem-kiplokiem-un-lasi\/"},"modified":"2026-01-07T21:16:44","modified_gmt":"2026-01-07T19:16:44","slug":"beaphar-bonbons-aitas-tauki-ar-juras-algem-kiplokiem-un-lasi","status":"publish","type":"product","link":"https:\/\/miumjau.ee\/lv\/produkts\/beaphar-bonbons-aitas-tauki-ar-juras-algem-kiplokiem-un-lasi\/","title":{"rendered":"Beaphar BonBons \u2013 Aitas tauki ar j\u016bras a\u013c\u0123\u0113m, \u0137iplokiem un lasi"},"content":{"rendered":"","protected":false},"excerpt":{"rendered":"<p data-start=\"2565\" data-end=\"2900\">Beaphar <strong data-start=\"2573\" data-end=\"2588\">aitas tauki<\/strong> ir 100 % dab\u012bgs uztura bag\u0101tin\u0101t\u0101js j\u016bsu sunim. Pieejami gan \u0161\u0137idr\u0101 form\u0101, gan k\u0101 gar\u0161\u012bgi bonboni. Bonboni pieejami <strong data-start=\"2705\" data-end=\"2742\">\u0137iploku, j\u016bras a\u013c\u0123u un la\u0161a gar\u0161\u0101<\/strong>. Aitas tauki veicina elast\u012bgu un sp\u012bd\u012bgu ka\u017eoku. Bonboni ar\u012b uzlabo gremo\u0161anu, uztur norm\u0101lu holester\u012bna l\u012bmeni un pal\u012bdz stiprin\u0101t su\u0146a dabisko imunit\u0101ti.<\/p>\n<p data-start=\"2902\" data-end=\"2943\"><strong data-start=\"2902\" data-end=\"2941\">J\u016bras a\u013c\u0123u bonboni 245 g (40 gab.):<\/strong><\/p>\n<ul data-start=\"2944\" data-end=\"3072\">\n<li data-start=\"2944\" data-end=\"3007\">\n<p data-start=\"2946\" data-end=\"3007\">Bag\u0101ti ar A un D vitam\u012bnu, miner\u0101lviel\u0101m un mikroelementiem<\/p>\n<\/li>\n<li data-start=\"3008\" data-end=\"3072\">\n<p data-start=\"3010\" data-end=\"3072\">Sast\u0101vs: ga\u013ca un dz\u012bvnieku blakusprodukti, j\u016bras a\u013c\u0123es (5 %)<\/p>\n<\/li>\n<\/ul>\n<p data-start=\"3074\" data-end=\"3112\"><strong data-start=\"3074\" data-end=\"3110\">\u0136iploku bonboni 245 g (40 gab.):<\/strong><\/p>\n<ul data-start=\"3113\" data-end=\"3250\">\n<li data-start=\"3113\" data-end=\"3189\">\n<p data-start=\"3115\" data-end=\"3189\">Bag\u0101ti ar Omega-3, -6 un -9 tauksk\u0101b\u0113m, miner\u0101lviel\u0101m un mikroelementiem<\/p>\n<\/li>\n<li data-start=\"3190\" data-end=\"3250\">\n<p data-start=\"3192\" data-end=\"3250\">Sast\u0101vs: ga\u013ca un dz\u012bvnieku blakusprodukti, \u0137iploki (5 %)<\/p>\n<\/li>\n<\/ul>\n<p data-start=\"3252\" data-end=\"3287\"><strong data-start=\"3252\" data-end=\"3285\">La\u0161a bonboni 245 g (40 gab.):<\/strong><\/p>\n<ul data-start=\"3288\" data-end=\"3431\">\n<li data-start=\"3288\" data-end=\"3364\">\n<p data-start=\"3290\" data-end=\"3364\">Bag\u0101ti ar Omega-3, -6 un -9 tauksk\u0101b\u0113m, miner\u0101lviel\u0101m un mikroelementiem<\/p>\n<\/li>\n<li data-start=\"3365\" data-end=\"3431\">\n<p data-start=\"3367\" data-end=\"3431\">Sast\u0101vs: dz\u012bvnieku tauki, kokosriekstu e\u013c\u013ca un la\u0161a e\u013c\u013ca (5 %)<\/p>\n<\/li>\n<\/ul>\n<p data-start=\"3433\" data-end=\"3444\"><strong data-start=\"3433\" data-end=\"3442\">Deva:<\/strong><\/p>\n<div class=\"TyagGW_tableContainer\">\n<div class=\"group TyagGW_tableWrapper flex w-fit flex-col-reverse\" tabindex=\"-1\">\n<table class=\"w-fit min-w-(--thread-content-width)\" data-start=\"3446\" data-end=\"3610\">\n<thead data-start=\"3446\" data-end=\"3485\">\n<tr data-start=\"3446\" data-end=\"3485\">\n<th data-start=\"3446\" data-end=\"3459\" data-col-size=\"sm\">Su\u0146a svars<\/th>\n<th data-start=\"3459\" data-end=\"3485\" data-col-size=\"sm\">Bonbonu skaits dien\u0101<\/th>\n<\/tr>\n<\/thead>\n<tbody data-start=\"3524\" data-end=\"3610\">\n<tr data-start=\"3524\" data-end=\"3552\">\n<td data-start=\"3524\" data-end=\"3537\" data-col-size=\"sm\">L\u012bdz 20 kg<\/td>\n<td data-start=\"3537\" data-end=\"3552\" data-col-size=\"sm\">1 bonbons<\/td>\n<\/tr>\n<tr data-start=\"3553\" data-end=\"3581\">\n<td data-start=\"3553\" data-end=\"3566\" data-col-size=\"sm\">20\u201340 kg<\/td>\n<td data-start=\"3566\" data-end=\"3581\" data-col-size=\"sm\">2 bonboni<\/td>\n<\/tr>\n<tr data-start=\"3582\" data-end=\"3610\">\n<td data-start=\"3582\" data-end=\"3595\" data-col-size=\"sm\">Virs 40 kg<\/td>\n<td data-start=\"3595\" data-end=\"3610\" data-col-size=\"sm\">3 bonboni<\/td>\n<\/tr>\n<\/tbody>\n<\/table>\n<\/div>\n<\/div>\n","protected":false},"featured_media":49180,"template":"","meta":[],"product_brand":[],"product_cat":[576,870],"product_tag":[],"class_list":{"0":"post-49179","1":"product","2":"type-product","3":"status-publish","4":"has-post-thumbnail","6":"product_cat-naski-suniem","7":"product_cat-uztura-bagatinataji-suniem","9":"first","10":"instock","11":"sale","12":"taxable","13":"shipping-taxable","14":"purchasable","15":"product-type-simple"},"yoast_head":"<!-- This site is optimized with the Yoast SEO plugin v27.2 - https:\/\/yoast.com\/product\/yoast-seo-wordpress\/ -->\n<title>Beaphar BonBons \u2013 Aitas tauki ar j\u016bras a\u013c\u0123\u0113m, \u0137iplokiem un lasi - MiuMjau<\/title>\n<meta name=\"robots\" content=\"index, follow, max-snippet:-1, max-image-preview:large, max-video-preview:-1\" \/>\n<link rel=\"canonical\" href=\"https:\/\/miumjau.ee\/lv\/produkts\/beaphar-bonbons-aitas-tauki-ar-juras-algem-kiplokiem-un-lasi\/\" \/>\n<meta property=\"og:locale\" content=\"lv_LV\" \/>\n<meta property=\"og:type\" content=\"article\" \/>\n<meta property=\"og:title\" content=\"Beaphar BonBons \u2013 Aitas tauki ar j\u016bras a\u013c\u0123\u0113m, \u0137iplokiem un lasi - MiuMjau\" \/>\n<meta property=\"og:description\" content=\"Beaphar aitas tauki ir 100 % dab\u012bgs uztura bag\u0101tin\u0101t\u0101js j\u016bsu sunim. Pieejami gan \u0161\u0137idr\u0101 form\u0101, gan k\u0101 gar\u0161\u012bgi bonboni. Bonboni pieejami \u0137iploku, j\u016bras a\u013c\u0123u un la\u0161a gar\u0161\u0101. Aitas tauki veicina elast\u012bgu un sp\u012bd\u012bgu ka\u017eoku. Bonboni ar\u012b uzlabo gremo\u0161anu, uztur norm\u0101lu holester\u012bna l\u012bmeni un pal\u012bdz stiprin\u0101t su\u0146a dabisko imunit\u0101ti. J\u016bras a\u013c\u0123u bonboni 245 g (40 gab.):     Bag\u0101ti ar A un D vitam\u012bnu, miner\u0101lviel\u0101m un mikroelementiem    Sast\u0101vs: ga\u013ca un dz\u012bvnieku blakusprodukti, j\u016bras a\u013c\u0123es (5 %)   \u0136iploku bonboni 245 g (40 gab.):     Bag\u0101ti ar Omega-3, -6 un -9 tauksk\u0101b\u0113m, miner\u0101lviel\u0101m un mikroelementiem    Sast\u0101vs: ga\u013ca un dz\u012bvnieku blakusprodukti, \u0137iploki (5 %)   La\u0161a bonboni 245 g (40 gab.):     Bag\u0101ti ar Omega-3, -6 un -9 tauksk\u0101b\u0113m, miner\u0101lviel\u0101m un mikroelementiem    Sast\u0101vs: dz\u012bvnieku tauki, kokosriekstu e\u013c\u013ca un la\u0161a e\u013c\u013ca (5 %)   Deva:       Su\u0146a svars Bonbonu skaits dien\u0101     L\u012bdz 20 kg 1 bonbons   20\u201340 kg 2 bonboni   Virs 40 kg 3 bonboni\" \/>\n<meta property=\"og:url\" content=\"https:\/\/miumjau.ee\/lv\/produkts\/beaphar-bonbons-aitas-tauki-ar-juras-algem-kiplokiem-un-lasi\/\" \/>\n<meta property=\"og:site_name\" content=\"MiuMjau\" \/>\n<meta property=\"article:publisher\" content=\"https:\/\/www.facebook.com\/miumjaupood\/\" \/>\n<meta property=\"article:modified_time\" content=\"2026-01-07T19:16:44+00:00\" \/>\n<meta property=\"og:image\" content=\"https:\/\/miumjau.ee\/wp-content\/uploads\/2025\/08\/beaphar-bonbon-oomega4.jpg\" \/>\n\t<meta property=\"og:image:width\" content=\"600\" \/>\n\t<meta property=\"og:image:height\" content=\"800\" \/>\n\t<meta property=\"og:image:type\" content=\"image\/jpeg\" \/>\n<meta name=\"twitter:card\" content=\"summary_large_image\" \/>\n<script type=\"application\/ld+json\" class=\"yoast-schema-graph\">{\"@context\":\"https:\/\/schema.org\",\"@graph\":[{\"@type\":\"WebPage\",\"@id\":\"https:\/\/miumjau.ee\/lv\/produkts\/beaphar-bonbons-aitas-tauki-ar-juras-algem-kiplokiem-un-lasi\/\",\"url\":\"https:\/\/miumjau.ee\/lv\/produkts\/beaphar-bonbons-aitas-tauki-ar-juras-algem-kiplokiem-un-lasi\/\",\"name\":\"Beaphar BonBons \u2013 Aitas tauki ar j\u016bras a\u013c\u0123\u0113m, \u0137iplokiem un lasi - MiuMjau\",\"isPartOf\":{\"@id\":\"https:\/\/miumjau.ee\/#website\"},\"primaryImageOfPage\":{\"@id\":\"https:\/\/miumjau.ee\/lv\/produkts\/beaphar-bonbons-aitas-tauki-ar-juras-algem-kiplokiem-un-lasi\/#primaryimage\"},\"image\":{\"@id\":\"https:\/\/miumjau.ee\/lv\/produkts\/beaphar-bonbons-aitas-tauki-ar-juras-algem-kiplokiem-un-lasi\/#primaryimage\"},\"thumbnailUrl\":\"https:\/\/miumjau.ee\/wp-content\/uploads\/2025\/08\/beaphar-bonbon-oomega4.jpg\",\"datePublished\":\"2025-08-14T09:36:18+00:00\",\"dateModified\":\"2026-01-07T19:16:44+00:00\",\"breadcrumb\":{\"@id\":\"https:\/\/miumjau.ee\/lv\/produkts\/beaphar-bonbons-aitas-tauki-ar-juras-algem-kiplokiem-un-lasi\/#breadcrumb\"},\"inLanguage\":\"lv-LV\",\"potentialAction\":[{\"@type\":\"ReadAction\",\"target\":[\"https:\/\/miumjau.ee\/lv\/produkts\/beaphar-bonbons-aitas-tauki-ar-juras-algem-kiplokiem-un-lasi\/\"]}]},{\"@type\":\"ImageObject\",\"inLanguage\":\"lv-LV\",\"@id\":\"https:\/\/miumjau.ee\/lv\/produkts\/beaphar-bonbons-aitas-tauki-ar-juras-algem-kiplokiem-un-lasi\/#primaryimage\",\"url\":\"https:\/\/miumjau.ee\/wp-content\/uploads\/2025\/08\/beaphar-bonbon-oomega4.jpg\",\"contentUrl\":\"https:\/\/miumjau.ee\/wp-content\/uploads\/2025\/08\/beaphar-bonbon-oomega4.jpg\",\"width\":600,\"height\":800},{\"@type\":\"BreadcrumbList\",\"@id\":\"https:\/\/miumjau.ee\/lv\/produkts\/beaphar-bonbons-aitas-tauki-ar-juras-algem-kiplokiem-un-lasi\/#breadcrumb\",\"itemListElement\":[{\"@type\":\"ListItem\",\"position\":1,\"name\":\"Home\",\"item\":\"https:\/\/miumjau.ee\/lv\/\"},{\"@type\":\"ListItem\",\"position\":2,\"name\":\"Veikals\",\"item\":\"https:\/\/miumjau.ee\/lv\/veikals\/\"},{\"@type\":\"ListItem\",\"position\":3,\"name\":\"Beaphar BonBons \u2013 Aitas tauki ar j\u016bras a\u013c\u0123\u0113m, \u0137iplokiem un lasi\"}]},{\"@type\":\"WebSite\",\"@id\":\"https:\/\/miumjau.ee\/#website\",\"url\":\"https:\/\/miumjau.ee\/\",\"name\":\"MiuMjau\",\"description\":\"Kraapimispuud kassidele\",\"publisher\":{\"@id\":\"https:\/\/miumjau.ee\/#organization\"},\"potentialAction\":[{\"@type\":\"SearchAction\",\"target\":{\"@type\":\"EntryPoint\",\"urlTemplate\":\"https:\/\/miumjau.ee\/?s={search_term_string}\"},\"query-input\":{\"@type\":\"PropertyValueSpecification\",\"valueRequired\":true,\"valueName\":\"search_term_string\"}}],\"inLanguage\":\"lv-LV\"},{\"@type\":\"Organization\",\"@id\":\"https:\/\/miumjau.ee\/#organization\",\"name\":\"MiuMjau O\u00dc\",\"url\":\"https:\/\/miumjau.ee\/\",\"logo\":{\"@type\":\"ImageObject\",\"inLanguage\":\"lv-LV\",\"@id\":\"https:\/\/miumjau.ee\/#\/schema\/logo\/image\/\",\"url\":\"https:\/\/miumjau.ee\/wp-content\/uploads\/2022\/04\/MiuMjau-logo-kollane.png\",\"contentUrl\":\"https:\/\/miumjau.ee\/wp-content\/uploads\/2022\/04\/MiuMjau-logo-kollane.png\",\"width\":219,\"height\":100,\"caption\":\"MiuMjau O\u00dc\"},\"image\":{\"@id\":\"https:\/\/miumjau.ee\/#\/schema\/logo\/image\/\"},\"sameAs\":[\"https:\/\/www.facebook.com\/miumjaupood\/\"]}]}<\/script>\n<!-- \/ Yoast SEO plugin. -->","yoast_head_json":{"title":"Beaphar BonBons \u2013 Aitas tauki ar j\u016bras a\u013c\u0123\u0113m, \u0137iplokiem un lasi - MiuMjau","robots":{"index":"index","follow":"follow","max-snippet":"max-snippet:-1","max-image-preview":"max-image-preview:large","max-video-preview":"max-video-preview:-1"},"canonical":"https:\/\/miumjau.ee\/lv\/produkts\/beaphar-bonbons-aitas-tauki-ar-juras-algem-kiplokiem-un-lasi\/","og_locale":"lv_LV","og_type":"article","og_title":"Beaphar BonBons \u2013 Aitas tauki ar j\u016bras a\u013c\u0123\u0113m, \u0137iplokiem un lasi - MiuMjau","og_description":"Beaphar aitas tauki ir 100 % dab\u012bgs uztura bag\u0101tin\u0101t\u0101js j\u016bsu sunim. Pieejami gan \u0161\u0137idr\u0101 form\u0101, gan k\u0101 gar\u0161\u012bgi bonboni. Bonboni pieejami \u0137iploku, j\u016bras a\u013c\u0123u un la\u0161a gar\u0161\u0101. Aitas tauki veicina elast\u012bgu un sp\u012bd\u012bgu ka\u017eoku. Bonboni ar\u012b uzlabo gremo\u0161anu, uztur norm\u0101lu holester\u012bna l\u012bmeni un pal\u012bdz stiprin\u0101t su\u0146a dabisko imunit\u0101ti. J\u016bras a\u013c\u0123u bonboni 245 g (40 gab.):     Bag\u0101ti ar A un D vitam\u012bnu, miner\u0101lviel\u0101m un mikroelementiem    Sast\u0101vs: ga\u013ca un dz\u012bvnieku blakusprodukti, j\u016bras a\u013c\u0123es (5 %)   \u0136iploku bonboni 245 g (40 gab.):     Bag\u0101ti ar Omega-3, -6 un -9 tauksk\u0101b\u0113m, miner\u0101lviel\u0101m un mikroelementiem    Sast\u0101vs: ga\u013ca un dz\u012bvnieku blakusprodukti, \u0137iploki (5 %)   La\u0161a bonboni 245 g (40 gab.):     Bag\u0101ti ar Omega-3, -6 un -9 tauksk\u0101b\u0113m, miner\u0101lviel\u0101m un mikroelementiem    Sast\u0101vs: dz\u012bvnieku tauki, kokosriekstu e\u013c\u013ca un la\u0161a e\u013c\u013ca (5 %)   Deva:       Su\u0146a svars Bonbonu skaits dien\u0101     L\u012bdz 20 kg 1 bonbons   20\u201340 kg 2 bonboni   Virs 40 kg 3 bonboni","og_url":"https:\/\/miumjau.ee\/lv\/produkts\/beaphar-bonbons-aitas-tauki-ar-juras-algem-kiplokiem-un-lasi\/","og_site_name":"MiuMjau","article_publisher":"https:\/\/www.facebook.com\/miumjaupood\/","article_modified_time":"2026-01-07T19:16:44+00:00","og_image":[{"width":600,"height":800,"url":"https:\/\/miumjau.ee\/wp-content\/uploads\/2025\/08\/beaphar-bonbon-oomega4.jpg","type":"image\/jpeg"}],"twitter_card":"summary_large_image","schema":{"@context":"https:\/\/schema.org","@graph":[{"@type":"WebPage","@id":"https:\/\/miumjau.ee\/lv\/produkts\/beaphar-bonbons-aitas-tauki-ar-juras-algem-kiplokiem-un-lasi\/","url":"https:\/\/miumjau.ee\/lv\/produkts\/beaphar-bonbons-aitas-tauki-ar-juras-algem-kiplokiem-un-lasi\/","name":"Beaphar BonBons \u2013 Aitas tauki ar j\u016bras a\u013c\u0123\u0113m, \u0137iplokiem un lasi - MiuMjau","isPartOf":{"@id":"https:\/\/miumjau.ee\/#website"},"primaryImageOfPage":{"@id":"https:\/\/miumjau.ee\/lv\/produkts\/beaphar-bonbons-aitas-tauki-ar-juras-algem-kiplokiem-un-lasi\/#primaryimage"},"image":{"@id":"https:\/\/miumjau.ee\/lv\/produkts\/beaphar-bonbons-aitas-tauki-ar-juras-algem-kiplokiem-un-lasi\/#primaryimage"},"thumbnailUrl":"https:\/\/miumjau.ee\/wp-content\/uploads\/2025\/08\/beaphar-bonbon-oomega4.jpg","datePublished":"2025-08-14T09:36:18+00:00","dateModified":"2026-01-07T19:16:44+00:00","breadcrumb":{"@id":"https:\/\/miumjau.ee\/lv\/produkts\/beaphar-bonbons-aitas-tauki-ar-juras-algem-kiplokiem-un-lasi\/#breadcrumb"},"inLanguage":"lv-LV","potentialAction":[{"@type":"ReadAction","target":["https:\/\/miumjau.ee\/lv\/produkts\/beaphar-bonbons-aitas-tauki-ar-juras-algem-kiplokiem-un-lasi\/"]}]},{"@type":"ImageObject","inLanguage":"lv-LV","@id":"https:\/\/miumjau.ee\/lv\/produkts\/beaphar-bonbons-aitas-tauki-ar-juras-algem-kiplokiem-un-lasi\/#primaryimage","url":"https:\/\/miumjau.ee\/wp-content\/uploads\/2025\/08\/beaphar-bonbon-oomega4.jpg","contentUrl":"https:\/\/miumjau.ee\/wp-content\/uploads\/2025\/08\/beaphar-bonbon-oomega4.jpg","width":600,"height":800},{"@type":"BreadcrumbList","@id":"https:\/\/miumjau.ee\/lv\/produkts\/beaphar-bonbons-aitas-tauki-ar-juras-algem-kiplokiem-un-lasi\/#breadcrumb","itemListElement":[{"@type":"ListItem","position":1,"name":"Home","item":"https:\/\/miumjau.ee\/lv\/"},{"@type":"ListItem","position":2,"name":"Veikals","item":"https:\/\/miumjau.ee\/lv\/veikals\/"},{"@type":"ListItem","position":3,"name":"Beaphar BonBons \u2013 Aitas tauki ar j\u016bras a\u013c\u0123\u0113m, \u0137iplokiem un lasi"}]},{"@type":"WebSite","@id":"https:\/\/miumjau.ee\/#website","url":"https:\/\/miumjau.ee\/","name":"MiuMjau","description":"Kraapimispuud kassidele","publisher":{"@id":"https:\/\/miumjau.ee\/#organization"},"potentialAction":[{"@type":"SearchAction","target":{"@type":"EntryPoint","urlTemplate":"https:\/\/miumjau.ee\/?s={search_term_string}"},"query-input":{"@type":"PropertyValueSpecification","valueRequired":true,"valueName":"search_term_string"}}],"inLanguage":"lv-LV"},{"@type":"Organization","@id":"https:\/\/miumjau.ee\/#organization","name":"MiuMjau O\u00dc","url":"https:\/\/miumjau.ee\/","logo":{"@type":"ImageObject","inLanguage":"lv-LV","@id":"https:\/\/miumjau.ee\/#\/schema\/logo\/image\/","url":"https:\/\/miumjau.ee\/wp-content\/uploads\/2022\/04\/MiuMjau-logo-kollane.png","contentUrl":"https:\/\/miumjau.ee\/wp-content\/uploads\/2022\/04\/MiuMjau-logo-kollane.png","width":219,"height":100,"caption":"MiuMjau O\u00dc"},"image":{"@id":"https:\/\/miumjau.ee\/#\/schema\/logo\/image\/"},"sameAs":["https:\/\/www.facebook.com\/miumjaupood\/"]}]}},"_links":{"self":[{"href":"https:\/\/miumjau.ee\/lv\/wp-json\/wp\/v2\/product\/49179","targetHints":{"allow":["GET"]}}],"collection":[{"href":"https:\/\/miumjau.ee\/lv\/wp-json\/wp\/v2\/product"}],"about":[{"href":"https:\/\/miumjau.ee\/lv\/wp-json\/wp\/v2\/types\/product"}],"wp:featuredmedia":[{"embeddable":true,"href":"https:\/\/miumjau.ee\/lv\/wp-json\/wp\/v2\/media\/49180"}],"wp:attachment":[{"href":"https:\/\/miumjau.ee\/lv\/wp-json\/wp\/v2\/media?parent=49179"}],"wp:term":[{"taxonomy":"product_brand","embeddable":true,"href":"https:\/\/miumjau.ee\/lv\/wp-json\/wp\/v2\/product_brand?post=49179"},{"taxonomy":"product_cat","embeddable":true,"href":"https:\/\/miumjau.ee\/lv\/wp-json\/wp\/v2\/product_cat?post=49179"},{"taxonomy":"product_tag","embeddable":true,"href":"https:\/\/miumjau.ee\/lv\/wp-json\/wp\/v2\/product_tag?post=49179"}],"curies":[{"name":"wp","href":"https:\/\/api.w.org\/{rel}","templated":true}]}}