{"id":49174,"date":"2025-07-29T15:01:09","date_gmt":"2025-07-29T12:01:09","guid":{"rendered":"https:\/\/miumjau.ee\/toode\/beaphar-immo-shield-spray-pretparazitu-aerosols-250-ml\/"},"modified":"2026-01-07T21:16:44","modified_gmt":"2026-01-07T19:16:44","slug":"beaphar-immo-shield-spray-pretparazitu-aerosols-250-ml","status":"publish","type":"product","link":"https:\/\/miumjau.ee\/lv\/produkts\/beaphar-immo-shield-spray-pretparazitu-aerosols-250-ml\/","title":{"rendered":"Beaphar Immo Shield Spray \u2013 Pretparaz\u012btu aerosols 250 ml"},"content":{"rendered":"","protected":false},"excerpt":{"rendered":"<p data-start=\"2915\" data-end=\"3237\">Beaphar <strong data-start=\"2923\" data-end=\"2943\">IMMOShield Spray<\/strong> ir dimetikona (silikona e\u013c\u013cas) b\u0101z\u0113ts aerosols, kas fizik\u0101li deaktiviz\u0113 blusas, \u0113rc\u012btes, mu\u0161as, utis un smil\u0161u mu\u0161as. Formul\u0101 eso\u0161ais dimetikons veido virsmas pl\u0113vi, kas blo\u0137\u0113 kutikulas loc\u012btavu kust\u012bbu un darbojas k\u0101 lip\u012bgs slazds. Aerosols ir efekt\u012bvs pret visiem blusu att\u012bst\u012bbas posmiem.<\/p>\n<p data-start=\"3239\" data-end=\"3375\"><strong data-start=\"3239\" data-end=\"3251\">Sast\u0101vs:<\/strong> Dimetikons (CAS N\u00ba 68937-54-2) 38 g\/l, Aloe Vera (CAS N\u00ba 94349-62-9) 5 g\/l, smar\u017ea 10 g\/l. Nesatur \u0137\u012bmiskus insektic\u012bdus.<\/p>\n<p data-start=\"3377\" data-end=\"3750\"><strong data-start=\"3377\" data-end=\"3404\">Lieto\u0161anas instrukcija:<\/strong> Var smidzin\u0101t uz dz\u012bvniekiem (ka\u0137i, su\u0146i, grauz\u0113ji) un apk\u0101rt\u0113jo vidi. Smidzin\u0101t uz spalvas no 10 cm att\u0101luma. P\u0113c spalvas no\u017e\u016b\u0161anas viegli iz\u0137emm\u0113t. Apk\u0101rt\u0113j\u0101s vides apstr\u0101dei smidzin\u0101t no 30 cm att\u0101luma. Ieteicams apstr\u0101d\u0101t gul\u0113\u0161anas vietas. Pirms lieto\u0161anas sakrat\u012bt. Vajadz\u012bbas gad\u012bjum\u0101 atk\u0101rtot p\u0113c 4 ned\u0113\u013c\u0101m vai p\u0113c dz\u012bvnieka mazg\u0101\u0161anas.<\/p>\n<p data-start=\"3752\" data-end=\"3950\"><strong data-start=\"3752\" data-end=\"3768\">Br\u012bdin\u0101jumi:<\/strong> Tikai \u0101r\u012bgai lieto\u0161anai. Nelietot boj\u0101tai \u0101dai. Izvair\u012bties no kontakta ar ac\u012bm. Acu saskar\u0113 skalot ar lielu daudzumu t\u012bra \u016bdens. Nelietot gr\u016bsn\u0101m vai z\u012bd\u012b\u0161an\u0101 eso\u0161\u0101m dz\u012bvniekiem.<\/p>\n<p data-start=\"3952\" data-end=\"4097\"><strong data-start=\"3952\" data-end=\"3968\">Uzglab\u0101\u0161ana:<\/strong> Glab\u0101t temperat\u016br\u0101 zem 25 \u00baC ori\u0123in\u0101laj\u0101 iepakojum\u0101. Glab\u0101t b\u0113rniem nepieejam\u0101 viet\u0101. Nesald\u0113t. Nelietot p\u0113c der\u012bguma termi\u0146a.<\/p>\n<p data-start=\"4099\" data-end=\"4122\"><strong data-start=\"4099\" data-end=\"4112\">Ra\u017eot\u0101js:<\/strong> Beaphar<\/p>\n","protected":false},"featured_media":49175,"template":"","meta":[],"product_brand":[],"product_cat":[589,560],"product_tag":[],"class_list":{"0":"post-49174","1":"product","2":"type-product","3":"status-publish","4":"has-post-thumbnail","6":"product_cat-citi-piederumi","7":"product_cat-kopsanas-lidzekli-suniem","9":"first","10":"instock","11":"taxable","12":"shipping-taxable","13":"purchasable","14":"product-type-simple"},"yoast_head":"<!-- This site is optimized with the Yoast SEO plugin v27.2 - https:\/\/yoast.com\/product\/yoast-seo-wordpress\/ -->\n<title>Beaphar Immo Shield Spray \u2013 Pretparaz\u012btu aerosols 250 ml - MiuMjau<\/title>\n<meta name=\"robots\" content=\"index, follow, max-snippet:-1, max-image-preview:large, max-video-preview:-1\" \/>\n<link rel=\"canonical\" href=\"https:\/\/miumjau.ee\/lv\/produkts\/beaphar-immo-shield-spray-pretparazitu-aerosols-250-ml\/\" \/>\n<meta property=\"og:locale\" content=\"lv_LV\" \/>\n<meta property=\"og:type\" content=\"article\" \/>\n<meta property=\"og:title\" content=\"Beaphar Immo Shield Spray \u2013 Pretparaz\u012btu aerosols 250 ml - MiuMjau\" \/>\n<meta property=\"og:description\" content=\"Beaphar IMMOShield Spray ir dimetikona (silikona e\u013c\u013cas) b\u0101z\u0113ts aerosols, kas fizik\u0101li deaktiviz\u0113 blusas, \u0113rc\u012btes, mu\u0161as, utis un smil\u0161u mu\u0161as. Formul\u0101 eso\u0161ais dimetikons veido virsmas pl\u0113vi, kas blo\u0137\u0113 kutikulas loc\u012btavu kust\u012bbu un darbojas k\u0101 lip\u012bgs slazds. Aerosols ir efekt\u012bvs pret visiem blusu att\u012bst\u012bbas posmiem. Sast\u0101vs: Dimetikons (CAS N\u00ba 68937-54-2) 38 g\/l, Aloe Vera (CAS N\u00ba 94349-62-9) 5 g\/l, smar\u017ea 10 g\/l. Nesatur \u0137\u012bmiskus insektic\u012bdus. Lieto\u0161anas instrukcija: Var smidzin\u0101t uz dz\u012bvniekiem (ka\u0137i, su\u0146i, grauz\u0113ji) un apk\u0101rt\u0113jo vidi. Smidzin\u0101t uz spalvas no 10 cm att\u0101luma. P\u0113c spalvas no\u017e\u016b\u0161anas viegli iz\u0137emm\u0113t. Apk\u0101rt\u0113j\u0101s vides apstr\u0101dei smidzin\u0101t no 30 cm att\u0101luma. Ieteicams apstr\u0101d\u0101t gul\u0113\u0161anas vietas. Pirms lieto\u0161anas sakrat\u012bt. Vajadz\u012bbas gad\u012bjum\u0101 atk\u0101rtot p\u0113c 4 ned\u0113\u013c\u0101m vai p\u0113c dz\u012bvnieka mazg\u0101\u0161anas. Br\u012bdin\u0101jumi: Tikai \u0101r\u012bgai lieto\u0161anai. Nelietot boj\u0101tai \u0101dai. Izvair\u012bties no kontakta ar ac\u012bm. Acu saskar\u0113 skalot ar lielu daudzumu t\u012bra \u016bdens. Nelietot gr\u016bsn\u0101m vai z\u012bd\u012b\u0161an\u0101 eso\u0161\u0101m dz\u012bvniekiem. Uzglab\u0101\u0161ana: Glab\u0101t temperat\u016br\u0101 zem 25 \u00baC ori\u0123in\u0101laj\u0101 iepakojum\u0101. Glab\u0101t b\u0113rniem nepieejam\u0101 viet\u0101. Nesald\u0113t. Nelietot p\u0113c der\u012bguma termi\u0146a. Ra\u017eot\u0101js: Beaphar\" \/>\n<meta property=\"og:url\" content=\"https:\/\/miumjau.ee\/lv\/produkts\/beaphar-immo-shield-spray-pretparazitu-aerosols-250-ml\/\" \/>\n<meta property=\"og:site_name\" content=\"MiuMjau\" \/>\n<meta property=\"article:publisher\" content=\"https:\/\/www.facebook.com\/miumjaupood\/\" \/>\n<meta property=\"article:modified_time\" content=\"2026-01-07T19:16:44+00:00\" \/>\n<meta property=\"og:image\" content=\"https:\/\/miumjau.ee\/wp-content\/uploads\/2025\/07\/beaphar-kassidele-koertele31.jpg\" \/>\n\t<meta property=\"og:image:width\" content=\"600\" \/>\n\t<meta property=\"og:image:height\" content=\"800\" \/>\n\t<meta property=\"og:image:type\" content=\"image\/jpeg\" \/>\n<meta name=\"twitter:card\" content=\"summary_large_image\" \/>\n<script type=\"application\/ld+json\" class=\"yoast-schema-graph\">{\"@context\":\"https:\/\/schema.org\",\"@graph\":[{\"@type\":\"WebPage\",\"@id\":\"https:\/\/miumjau.ee\/lv\/produkts\/beaphar-immo-shield-spray-pretparazitu-aerosols-250-ml\/\",\"url\":\"https:\/\/miumjau.ee\/lv\/produkts\/beaphar-immo-shield-spray-pretparazitu-aerosols-250-ml\/\",\"name\":\"Beaphar Immo Shield Spray \u2013 Pretparaz\u012btu aerosols 250 ml - MiuMjau\",\"isPartOf\":{\"@id\":\"https:\/\/miumjau.ee\/#website\"},\"primaryImageOfPage\":{\"@id\":\"https:\/\/miumjau.ee\/lv\/produkts\/beaphar-immo-shield-spray-pretparazitu-aerosols-250-ml\/#primaryimage\"},\"image\":{\"@id\":\"https:\/\/miumjau.ee\/lv\/produkts\/beaphar-immo-shield-spray-pretparazitu-aerosols-250-ml\/#primaryimage\"},\"thumbnailUrl\":\"https:\/\/miumjau.ee\/wp-content\/uploads\/2025\/07\/beaphar-kassidele-koertele31.jpg\",\"datePublished\":\"2025-07-29T12:01:09+00:00\",\"dateModified\":\"2026-01-07T19:16:44+00:00\",\"breadcrumb\":{\"@id\":\"https:\/\/miumjau.ee\/lv\/produkts\/beaphar-immo-shield-spray-pretparazitu-aerosols-250-ml\/#breadcrumb\"},\"inLanguage\":\"lv-LV\",\"potentialAction\":[{\"@type\":\"ReadAction\",\"target\":[\"https:\/\/miumjau.ee\/lv\/produkts\/beaphar-immo-shield-spray-pretparazitu-aerosols-250-ml\/\"]}]},{\"@type\":\"ImageObject\",\"inLanguage\":\"lv-LV\",\"@id\":\"https:\/\/miumjau.ee\/lv\/produkts\/beaphar-immo-shield-spray-pretparazitu-aerosols-250-ml\/#primaryimage\",\"url\":\"https:\/\/miumjau.ee\/wp-content\/uploads\/2025\/07\/beaphar-kassidele-koertele31.jpg\",\"contentUrl\":\"https:\/\/miumjau.ee\/wp-content\/uploads\/2025\/07\/beaphar-kassidele-koertele31.jpg\",\"width\":600,\"height\":800},{\"@type\":\"BreadcrumbList\",\"@id\":\"https:\/\/miumjau.ee\/lv\/produkts\/beaphar-immo-shield-spray-pretparazitu-aerosols-250-ml\/#breadcrumb\",\"itemListElement\":[{\"@type\":\"ListItem\",\"position\":1,\"name\":\"Home\",\"item\":\"https:\/\/miumjau.ee\/lv\/\"},{\"@type\":\"ListItem\",\"position\":2,\"name\":\"Veikals\",\"item\":\"https:\/\/miumjau.ee\/lv\/veikals\/\"},{\"@type\":\"ListItem\",\"position\":3,\"name\":\"Beaphar Immo Shield Spray \u2013 Pretparaz\u012btu aerosols 250 ml\"}]},{\"@type\":\"WebSite\",\"@id\":\"https:\/\/miumjau.ee\/#website\",\"url\":\"https:\/\/miumjau.ee\/\",\"name\":\"MiuMjau\",\"description\":\"Kraapimispuud kassidele\",\"publisher\":{\"@id\":\"https:\/\/miumjau.ee\/#organization\"},\"potentialAction\":[{\"@type\":\"SearchAction\",\"target\":{\"@type\":\"EntryPoint\",\"urlTemplate\":\"https:\/\/miumjau.ee\/?s={search_term_string}\"},\"query-input\":{\"@type\":\"PropertyValueSpecification\",\"valueRequired\":true,\"valueName\":\"search_term_string\"}}],\"inLanguage\":\"lv-LV\"},{\"@type\":\"Organization\",\"@id\":\"https:\/\/miumjau.ee\/#organization\",\"name\":\"MiuMjau O\u00dc\",\"url\":\"https:\/\/miumjau.ee\/\",\"logo\":{\"@type\":\"ImageObject\",\"inLanguage\":\"lv-LV\",\"@id\":\"https:\/\/miumjau.ee\/#\/schema\/logo\/image\/\",\"url\":\"https:\/\/miumjau.ee\/wp-content\/uploads\/2022\/04\/MiuMjau-logo-kollane.png\",\"contentUrl\":\"https:\/\/miumjau.ee\/wp-content\/uploads\/2022\/04\/MiuMjau-logo-kollane.png\",\"width\":219,\"height\":100,\"caption\":\"MiuMjau O\u00dc\"},\"image\":{\"@id\":\"https:\/\/miumjau.ee\/#\/schema\/logo\/image\/\"},\"sameAs\":[\"https:\/\/www.facebook.com\/miumjaupood\/\"]}]}<\/script>\n<!-- \/ Yoast SEO plugin. -->","yoast_head_json":{"title":"Beaphar Immo Shield Spray \u2013 Pretparaz\u012btu aerosols 250 ml - MiuMjau","robots":{"index":"index","follow":"follow","max-snippet":"max-snippet:-1","max-image-preview":"max-image-preview:large","max-video-preview":"max-video-preview:-1"},"canonical":"https:\/\/miumjau.ee\/lv\/produkts\/beaphar-immo-shield-spray-pretparazitu-aerosols-250-ml\/","og_locale":"lv_LV","og_type":"article","og_title":"Beaphar Immo Shield Spray \u2013 Pretparaz\u012btu aerosols 250 ml - MiuMjau","og_description":"Beaphar IMMOShield Spray ir dimetikona (silikona e\u013c\u013cas) b\u0101z\u0113ts aerosols, kas fizik\u0101li deaktiviz\u0113 blusas, \u0113rc\u012btes, mu\u0161as, utis un smil\u0161u mu\u0161as. Formul\u0101 eso\u0161ais dimetikons veido virsmas pl\u0113vi, kas blo\u0137\u0113 kutikulas loc\u012btavu kust\u012bbu un darbojas k\u0101 lip\u012bgs slazds. Aerosols ir efekt\u012bvs pret visiem blusu att\u012bst\u012bbas posmiem. Sast\u0101vs: Dimetikons (CAS N\u00ba 68937-54-2) 38 g\/l, Aloe Vera (CAS N\u00ba 94349-62-9) 5 g\/l, smar\u017ea 10 g\/l. Nesatur \u0137\u012bmiskus insektic\u012bdus. Lieto\u0161anas instrukcija: Var smidzin\u0101t uz dz\u012bvniekiem (ka\u0137i, su\u0146i, grauz\u0113ji) un apk\u0101rt\u0113jo vidi. Smidzin\u0101t uz spalvas no 10 cm att\u0101luma. P\u0113c spalvas no\u017e\u016b\u0161anas viegli iz\u0137emm\u0113t. Apk\u0101rt\u0113j\u0101s vides apstr\u0101dei smidzin\u0101t no 30 cm att\u0101luma. Ieteicams apstr\u0101d\u0101t gul\u0113\u0161anas vietas. Pirms lieto\u0161anas sakrat\u012bt. Vajadz\u012bbas gad\u012bjum\u0101 atk\u0101rtot p\u0113c 4 ned\u0113\u013c\u0101m vai p\u0113c dz\u012bvnieka mazg\u0101\u0161anas. Br\u012bdin\u0101jumi: Tikai \u0101r\u012bgai lieto\u0161anai. Nelietot boj\u0101tai \u0101dai. Izvair\u012bties no kontakta ar ac\u012bm. Acu saskar\u0113 skalot ar lielu daudzumu t\u012bra \u016bdens. Nelietot gr\u016bsn\u0101m vai z\u012bd\u012b\u0161an\u0101 eso\u0161\u0101m dz\u012bvniekiem. Uzglab\u0101\u0161ana: Glab\u0101t temperat\u016br\u0101 zem 25 \u00baC ori\u0123in\u0101laj\u0101 iepakojum\u0101. Glab\u0101t b\u0113rniem nepieejam\u0101 viet\u0101. Nesald\u0113t. Nelietot p\u0113c der\u012bguma termi\u0146a. Ra\u017eot\u0101js: Beaphar","og_url":"https:\/\/miumjau.ee\/lv\/produkts\/beaphar-immo-shield-spray-pretparazitu-aerosols-250-ml\/","og_site_name":"MiuMjau","article_publisher":"https:\/\/www.facebook.com\/miumjaupood\/","article_modified_time":"2026-01-07T19:16:44+00:00","og_image":[{"width":600,"height":800,"url":"https:\/\/miumjau.ee\/wp-content\/uploads\/2025\/07\/beaphar-kassidele-koertele31.jpg","type":"image\/jpeg"}],"twitter_card":"summary_large_image","schema":{"@context":"https:\/\/schema.org","@graph":[{"@type":"WebPage","@id":"https:\/\/miumjau.ee\/lv\/produkts\/beaphar-immo-shield-spray-pretparazitu-aerosols-250-ml\/","url":"https:\/\/miumjau.ee\/lv\/produkts\/beaphar-immo-shield-spray-pretparazitu-aerosols-250-ml\/","name":"Beaphar Immo Shield Spray \u2013 Pretparaz\u012btu aerosols 250 ml - MiuMjau","isPartOf":{"@id":"https:\/\/miumjau.ee\/#website"},"primaryImageOfPage":{"@id":"https:\/\/miumjau.ee\/lv\/produkts\/beaphar-immo-shield-spray-pretparazitu-aerosols-250-ml\/#primaryimage"},"image":{"@id":"https:\/\/miumjau.ee\/lv\/produkts\/beaphar-immo-shield-spray-pretparazitu-aerosols-250-ml\/#primaryimage"},"thumbnailUrl":"https:\/\/miumjau.ee\/wp-content\/uploads\/2025\/07\/beaphar-kassidele-koertele31.jpg","datePublished":"2025-07-29T12:01:09+00:00","dateModified":"2026-01-07T19:16:44+00:00","breadcrumb":{"@id":"https:\/\/miumjau.ee\/lv\/produkts\/beaphar-immo-shield-spray-pretparazitu-aerosols-250-ml\/#breadcrumb"},"inLanguage":"lv-LV","potentialAction":[{"@type":"ReadAction","target":["https:\/\/miumjau.ee\/lv\/produkts\/beaphar-immo-shield-spray-pretparazitu-aerosols-250-ml\/"]}]},{"@type":"ImageObject","inLanguage":"lv-LV","@id":"https:\/\/miumjau.ee\/lv\/produkts\/beaphar-immo-shield-spray-pretparazitu-aerosols-250-ml\/#primaryimage","url":"https:\/\/miumjau.ee\/wp-content\/uploads\/2025\/07\/beaphar-kassidele-koertele31.jpg","contentUrl":"https:\/\/miumjau.ee\/wp-content\/uploads\/2025\/07\/beaphar-kassidele-koertele31.jpg","width":600,"height":800},{"@type":"BreadcrumbList","@id":"https:\/\/miumjau.ee\/lv\/produkts\/beaphar-immo-shield-spray-pretparazitu-aerosols-250-ml\/#breadcrumb","itemListElement":[{"@type":"ListItem","position":1,"name":"Home","item":"https:\/\/miumjau.ee\/lv\/"},{"@type":"ListItem","position":2,"name":"Veikals","item":"https:\/\/miumjau.ee\/lv\/veikals\/"},{"@type":"ListItem","position":3,"name":"Beaphar Immo Shield Spray \u2013 Pretparaz\u012btu aerosols 250 ml"}]},{"@type":"WebSite","@id":"https:\/\/miumjau.ee\/#website","url":"https:\/\/miumjau.ee\/","name":"MiuMjau","description":"Kraapimispuud kassidele","publisher":{"@id":"https:\/\/miumjau.ee\/#organization"},"potentialAction":[{"@type":"SearchAction","target":{"@type":"EntryPoint","urlTemplate":"https:\/\/miumjau.ee\/?s={search_term_string}"},"query-input":{"@type":"PropertyValueSpecification","valueRequired":true,"valueName":"search_term_string"}}],"inLanguage":"lv-LV"},{"@type":"Organization","@id":"https:\/\/miumjau.ee\/#organization","name":"MiuMjau O\u00dc","url":"https:\/\/miumjau.ee\/","logo":{"@type":"ImageObject","inLanguage":"lv-LV","@id":"https:\/\/miumjau.ee\/#\/schema\/logo\/image\/","url":"https:\/\/miumjau.ee\/wp-content\/uploads\/2022\/04\/MiuMjau-logo-kollane.png","contentUrl":"https:\/\/miumjau.ee\/wp-content\/uploads\/2022\/04\/MiuMjau-logo-kollane.png","width":219,"height":100,"caption":"MiuMjau O\u00dc"},"image":{"@id":"https:\/\/miumjau.ee\/#\/schema\/logo\/image\/"},"sameAs":["https:\/\/www.facebook.com\/miumjaupood\/"]}]}},"_links":{"self":[{"href":"https:\/\/miumjau.ee\/lv\/wp-json\/wp\/v2\/product\/49174","targetHints":{"allow":["GET"]}}],"collection":[{"href":"https:\/\/miumjau.ee\/lv\/wp-json\/wp\/v2\/product"}],"about":[{"href":"https:\/\/miumjau.ee\/lv\/wp-json\/wp\/v2\/types\/product"}],"wp:featuredmedia":[{"embeddable":true,"href":"https:\/\/miumjau.ee\/lv\/wp-json\/wp\/v2\/media\/49175"}],"wp:attachment":[{"href":"https:\/\/miumjau.ee\/lv\/wp-json\/wp\/v2\/media?parent=49174"}],"wp:term":[{"taxonomy":"product_brand","embeddable":true,"href":"https:\/\/miumjau.ee\/lv\/wp-json\/wp\/v2\/product_brand?post=49174"},{"taxonomy":"product_cat","embeddable":true,"href":"https:\/\/miumjau.ee\/lv\/wp-json\/wp\/v2\/product_cat?post=49174"},{"taxonomy":"product_tag","embeddable":true,"href":"https:\/\/miumjau.ee\/lv\/wp-json\/wp\/v2\/product_tag?post=49174"}],"curies":[{"name":"wp","href":"https:\/\/api.w.org\/{rel}","templated":true}]}}