{"id":49162,"date":"2025-07-29T15:49:56","date_gmt":"2025-07-29T12:49:56","guid":{"rendered":"https:\/\/miumjau.ee\/toode\/beaphar-pretparazitu-sampuns-kakiem-200-ml\/"},"modified":"2026-01-07T21:16:51","modified_gmt":"2026-01-07T19:16:51","slug":"beaphar-pretparazitu-sampuns-kakiem-200-ml","status":"publish","type":"product","link":"https:\/\/miumjau.ee\/lv\/produkts\/beaphar-pretparazitu-sampuns-kakiem-200-ml\/","title":{"rendered":"Beaphar pretparaz\u012btu \u0161amp\u016bns ka\u0137iem 200 ml"},"content":{"rendered":"","protected":false},"excerpt":{"rendered":"<p data-start=\"1346\" data-end=\"1574\">\u0160amp\u016bns ka\u0137iem ar pretparaz\u012btu iedarb\u012bbu. Akt\u012bv\u0101 viela ir <strong data-start=\"1404\" data-end=\"1418\">dimetikons<\/strong>, kas veido virsmas pl\u0113vi, kas fiziski blo\u0137\u0113 paraz\u012btu loc\u012btavas un darbojas k\u0101 lip\u012bga slazda. \u0100tri atbaida blusas, \u0113rc\u012btes, mu\u0161as, utis un smil\u0161u mu\u0161i\u0146as.<\/p>\n<ul data-start=\"1576\" data-end=\"1759\">\n<li data-start=\"1576\" data-end=\"1653\">\n<p data-start=\"1578\" data-end=\"1653\">Viegli un \u0113rti lietojams \u2013 vienk\u0101r\u0161i iemas\u0113jiet \u0161amp\u016bnu dz\u012bvnieka ka\u017eok\u0101.<\/p>\n<\/li>\n<li data-start=\"1654\" data-end=\"1674\">\n<p data-start=\"1656\" data-end=\"1674\">Tilpums: 200 ml.<\/p>\n<\/li>\n<li data-start=\"1675\" data-end=\"1716\">\n<p data-start=\"1677\" data-end=\"1716\">Piem\u0113rots ka\u0137iem no 12 ned\u0113\u013cu vecuma.<\/p>\n<\/li>\n<li data-start=\"1717\" data-end=\"1759\">\n<p data-start=\"1719\" data-end=\"1759\">Nelietot gr\u016bsn\u0101m vai lakt\u0113jo\u0161\u0101m ka\u0137\u0113m.<\/p>\n<\/li>\n<\/ul>\n<p data-start=\"1761\" data-end=\"1797\"><strong data-start=\"1761\" data-end=\"1774\">Ra\u017eot\u0101js:<\/strong> Beaphar, N\u012bderlande.<\/p>\n","protected":false},"featured_media":49163,"template":"","meta":[],"product_brand":[],"product_cat":[589],"product_tag":[],"class_list":{"0":"post-49162","1":"product","2":"type-product","3":"status-publish","4":"has-post-thumbnail","6":"product_cat-citi-piederumi","8":"first","9":"instock","10":"sale","11":"taxable","12":"shipping-taxable","13":"purchasable","14":"product-type-simple"},"yoast_head":"<!-- This site is optimized with the Yoast SEO plugin v27.2 - https:\/\/yoast.com\/product\/yoast-seo-wordpress\/ -->\n<title>Beaphar pretparaz\u012btu \u0161amp\u016bns ka\u0137iem 200 ml - MiuMjau<\/title>\n<meta name=\"robots\" content=\"index, follow, max-snippet:-1, max-image-preview:large, max-video-preview:-1\" \/>\n<link rel=\"canonical\" href=\"https:\/\/miumjau.ee\/lv\/produkts\/beaphar-pretparazitu-sampuns-kakiem-200-ml\/\" \/>\n<meta property=\"og:locale\" content=\"lv_LV\" \/>\n<meta property=\"og:type\" content=\"article\" \/>\n<meta property=\"og:title\" content=\"Beaphar pretparaz\u012btu \u0161amp\u016bns ka\u0137iem 200 ml - MiuMjau\" \/>\n<meta property=\"og:description\" content=\"\u0160amp\u016bns ka\u0137iem ar pretparaz\u012btu iedarb\u012bbu. Akt\u012bv\u0101 viela ir dimetikons, kas veido virsmas pl\u0113vi, kas fiziski blo\u0137\u0113 paraz\u012btu loc\u012btavas un darbojas k\u0101 lip\u012bga slazda. \u0100tri atbaida blusas, \u0113rc\u012btes, mu\u0161as, utis un smil\u0161u mu\u0161i\u0146as.     Viegli un \u0113rti lietojams \u2013 vienk\u0101r\u0161i iemas\u0113jiet \u0161amp\u016bnu dz\u012bvnieka ka\u017eok\u0101.    Tilpums: 200 ml.    Piem\u0113rots ka\u0137iem no 12 ned\u0113\u013cu vecuma.    Nelietot gr\u016bsn\u0101m vai lakt\u0113jo\u0161\u0101m ka\u0137\u0113m.   Ra\u017eot\u0101js: Beaphar, N\u012bderlande.\" \/>\n<meta property=\"og:url\" content=\"https:\/\/miumjau.ee\/lv\/produkts\/beaphar-pretparazitu-sampuns-kakiem-200-ml\/\" \/>\n<meta property=\"og:site_name\" content=\"MiuMjau\" \/>\n<meta property=\"article:publisher\" content=\"https:\/\/www.facebook.com\/miumjaupood\/\" \/>\n<meta property=\"article:modified_time\" content=\"2026-01-07T19:16:51+00:00\" \/>\n<meta property=\"og:image\" content=\"https:\/\/miumjau.ee\/wp-content\/uploads\/2025\/07\/beaphar-kassidele-koertele36.jpg\" \/>\n\t<meta property=\"og:image:width\" content=\"600\" \/>\n\t<meta property=\"og:image:height\" content=\"800\" \/>\n\t<meta property=\"og:image:type\" content=\"image\/jpeg\" \/>\n<meta name=\"twitter:card\" content=\"summary_large_image\" \/>\n<script type=\"application\/ld+json\" class=\"yoast-schema-graph\">{\"@context\":\"https:\/\/schema.org\",\"@graph\":[{\"@type\":\"WebPage\",\"@id\":\"https:\/\/miumjau.ee\/lv\/produkts\/beaphar-pretparazitu-sampuns-kakiem-200-ml\/\",\"url\":\"https:\/\/miumjau.ee\/lv\/produkts\/beaphar-pretparazitu-sampuns-kakiem-200-ml\/\",\"name\":\"Beaphar pretparaz\u012btu \u0161amp\u016bns ka\u0137iem 200 ml - MiuMjau\",\"isPartOf\":{\"@id\":\"https:\/\/miumjau.ee\/#website\"},\"primaryImageOfPage\":{\"@id\":\"https:\/\/miumjau.ee\/lv\/produkts\/beaphar-pretparazitu-sampuns-kakiem-200-ml\/#primaryimage\"},\"image\":{\"@id\":\"https:\/\/miumjau.ee\/lv\/produkts\/beaphar-pretparazitu-sampuns-kakiem-200-ml\/#primaryimage\"},\"thumbnailUrl\":\"https:\/\/miumjau.ee\/wp-content\/uploads\/2025\/07\/beaphar-kassidele-koertele36.jpg\",\"datePublished\":\"2025-07-29T12:49:56+00:00\",\"dateModified\":\"2026-01-07T19:16:51+00:00\",\"breadcrumb\":{\"@id\":\"https:\/\/miumjau.ee\/lv\/produkts\/beaphar-pretparazitu-sampuns-kakiem-200-ml\/#breadcrumb\"},\"inLanguage\":\"lv-LV\",\"potentialAction\":[{\"@type\":\"ReadAction\",\"target\":[\"https:\/\/miumjau.ee\/lv\/produkts\/beaphar-pretparazitu-sampuns-kakiem-200-ml\/\"]}]},{\"@type\":\"ImageObject\",\"inLanguage\":\"lv-LV\",\"@id\":\"https:\/\/miumjau.ee\/lv\/produkts\/beaphar-pretparazitu-sampuns-kakiem-200-ml\/#primaryimage\",\"url\":\"https:\/\/miumjau.ee\/wp-content\/uploads\/2025\/07\/beaphar-kassidele-koertele36.jpg\",\"contentUrl\":\"https:\/\/miumjau.ee\/wp-content\/uploads\/2025\/07\/beaphar-kassidele-koertele36.jpg\",\"width\":600,\"height\":800},{\"@type\":\"BreadcrumbList\",\"@id\":\"https:\/\/miumjau.ee\/lv\/produkts\/beaphar-pretparazitu-sampuns-kakiem-200-ml\/#breadcrumb\",\"itemListElement\":[{\"@type\":\"ListItem\",\"position\":1,\"name\":\"Home\",\"item\":\"https:\/\/miumjau.ee\/lv\/\"},{\"@type\":\"ListItem\",\"position\":2,\"name\":\"Veikals\",\"item\":\"https:\/\/miumjau.ee\/lv\/veikals\/\"},{\"@type\":\"ListItem\",\"position\":3,\"name\":\"Beaphar pretparaz\u012btu \u0161amp\u016bns ka\u0137iem 200 ml\"}]},{\"@type\":\"WebSite\",\"@id\":\"https:\/\/miumjau.ee\/#website\",\"url\":\"https:\/\/miumjau.ee\/\",\"name\":\"MiuMjau\",\"description\":\"Kraapimispuud kassidele\",\"publisher\":{\"@id\":\"https:\/\/miumjau.ee\/#organization\"},\"potentialAction\":[{\"@type\":\"SearchAction\",\"target\":{\"@type\":\"EntryPoint\",\"urlTemplate\":\"https:\/\/miumjau.ee\/?s={search_term_string}\"},\"query-input\":{\"@type\":\"PropertyValueSpecification\",\"valueRequired\":true,\"valueName\":\"search_term_string\"}}],\"inLanguage\":\"lv-LV\"},{\"@type\":\"Organization\",\"@id\":\"https:\/\/miumjau.ee\/#organization\",\"name\":\"MiuMjau O\u00dc\",\"url\":\"https:\/\/miumjau.ee\/\",\"logo\":{\"@type\":\"ImageObject\",\"inLanguage\":\"lv-LV\",\"@id\":\"https:\/\/miumjau.ee\/#\/schema\/logo\/image\/\",\"url\":\"https:\/\/miumjau.ee\/wp-content\/uploads\/2022\/04\/MiuMjau-logo-kollane.png\",\"contentUrl\":\"https:\/\/miumjau.ee\/wp-content\/uploads\/2022\/04\/MiuMjau-logo-kollane.png\",\"width\":219,\"height\":100,\"caption\":\"MiuMjau O\u00dc\"},\"image\":{\"@id\":\"https:\/\/miumjau.ee\/#\/schema\/logo\/image\/\"},\"sameAs\":[\"https:\/\/www.facebook.com\/miumjaupood\/\"]}]}<\/script>\n<!-- \/ Yoast SEO plugin. -->","yoast_head_json":{"title":"Beaphar pretparaz\u012btu \u0161amp\u016bns ka\u0137iem 200 ml - MiuMjau","robots":{"index":"index","follow":"follow","max-snippet":"max-snippet:-1","max-image-preview":"max-image-preview:large","max-video-preview":"max-video-preview:-1"},"canonical":"https:\/\/miumjau.ee\/lv\/produkts\/beaphar-pretparazitu-sampuns-kakiem-200-ml\/","og_locale":"lv_LV","og_type":"article","og_title":"Beaphar pretparaz\u012btu \u0161amp\u016bns ka\u0137iem 200 ml - MiuMjau","og_description":"\u0160amp\u016bns ka\u0137iem ar pretparaz\u012btu iedarb\u012bbu. Akt\u012bv\u0101 viela ir dimetikons, kas veido virsmas pl\u0113vi, kas fiziski blo\u0137\u0113 paraz\u012btu loc\u012btavas un darbojas k\u0101 lip\u012bga slazda. \u0100tri atbaida blusas, \u0113rc\u012btes, mu\u0161as, utis un smil\u0161u mu\u0161i\u0146as.     Viegli un \u0113rti lietojams \u2013 vienk\u0101r\u0161i iemas\u0113jiet \u0161amp\u016bnu dz\u012bvnieka ka\u017eok\u0101.    Tilpums: 200 ml.    Piem\u0113rots ka\u0137iem no 12 ned\u0113\u013cu vecuma.    Nelietot gr\u016bsn\u0101m vai lakt\u0113jo\u0161\u0101m ka\u0137\u0113m.   Ra\u017eot\u0101js: Beaphar, N\u012bderlande.","og_url":"https:\/\/miumjau.ee\/lv\/produkts\/beaphar-pretparazitu-sampuns-kakiem-200-ml\/","og_site_name":"MiuMjau","article_publisher":"https:\/\/www.facebook.com\/miumjaupood\/","article_modified_time":"2026-01-07T19:16:51+00:00","og_image":[{"width":600,"height":800,"url":"https:\/\/miumjau.ee\/wp-content\/uploads\/2025\/07\/beaphar-kassidele-koertele36.jpg","type":"image\/jpeg"}],"twitter_card":"summary_large_image","schema":{"@context":"https:\/\/schema.org","@graph":[{"@type":"WebPage","@id":"https:\/\/miumjau.ee\/lv\/produkts\/beaphar-pretparazitu-sampuns-kakiem-200-ml\/","url":"https:\/\/miumjau.ee\/lv\/produkts\/beaphar-pretparazitu-sampuns-kakiem-200-ml\/","name":"Beaphar pretparaz\u012btu \u0161amp\u016bns ka\u0137iem 200 ml - MiuMjau","isPartOf":{"@id":"https:\/\/miumjau.ee\/#website"},"primaryImageOfPage":{"@id":"https:\/\/miumjau.ee\/lv\/produkts\/beaphar-pretparazitu-sampuns-kakiem-200-ml\/#primaryimage"},"image":{"@id":"https:\/\/miumjau.ee\/lv\/produkts\/beaphar-pretparazitu-sampuns-kakiem-200-ml\/#primaryimage"},"thumbnailUrl":"https:\/\/miumjau.ee\/wp-content\/uploads\/2025\/07\/beaphar-kassidele-koertele36.jpg","datePublished":"2025-07-29T12:49:56+00:00","dateModified":"2026-01-07T19:16:51+00:00","breadcrumb":{"@id":"https:\/\/miumjau.ee\/lv\/produkts\/beaphar-pretparazitu-sampuns-kakiem-200-ml\/#breadcrumb"},"inLanguage":"lv-LV","potentialAction":[{"@type":"ReadAction","target":["https:\/\/miumjau.ee\/lv\/produkts\/beaphar-pretparazitu-sampuns-kakiem-200-ml\/"]}]},{"@type":"ImageObject","inLanguage":"lv-LV","@id":"https:\/\/miumjau.ee\/lv\/produkts\/beaphar-pretparazitu-sampuns-kakiem-200-ml\/#primaryimage","url":"https:\/\/miumjau.ee\/wp-content\/uploads\/2025\/07\/beaphar-kassidele-koertele36.jpg","contentUrl":"https:\/\/miumjau.ee\/wp-content\/uploads\/2025\/07\/beaphar-kassidele-koertele36.jpg","width":600,"height":800},{"@type":"BreadcrumbList","@id":"https:\/\/miumjau.ee\/lv\/produkts\/beaphar-pretparazitu-sampuns-kakiem-200-ml\/#breadcrumb","itemListElement":[{"@type":"ListItem","position":1,"name":"Home","item":"https:\/\/miumjau.ee\/lv\/"},{"@type":"ListItem","position":2,"name":"Veikals","item":"https:\/\/miumjau.ee\/lv\/veikals\/"},{"@type":"ListItem","position":3,"name":"Beaphar pretparaz\u012btu \u0161amp\u016bns ka\u0137iem 200 ml"}]},{"@type":"WebSite","@id":"https:\/\/miumjau.ee\/#website","url":"https:\/\/miumjau.ee\/","name":"MiuMjau","description":"Kraapimispuud kassidele","publisher":{"@id":"https:\/\/miumjau.ee\/#organization"},"potentialAction":[{"@type":"SearchAction","target":{"@type":"EntryPoint","urlTemplate":"https:\/\/miumjau.ee\/?s={search_term_string}"},"query-input":{"@type":"PropertyValueSpecification","valueRequired":true,"valueName":"search_term_string"}}],"inLanguage":"lv-LV"},{"@type":"Organization","@id":"https:\/\/miumjau.ee\/#organization","name":"MiuMjau O\u00dc","url":"https:\/\/miumjau.ee\/","logo":{"@type":"ImageObject","inLanguage":"lv-LV","@id":"https:\/\/miumjau.ee\/#\/schema\/logo\/image\/","url":"https:\/\/miumjau.ee\/wp-content\/uploads\/2022\/04\/MiuMjau-logo-kollane.png","contentUrl":"https:\/\/miumjau.ee\/wp-content\/uploads\/2022\/04\/MiuMjau-logo-kollane.png","width":219,"height":100,"caption":"MiuMjau O\u00dc"},"image":{"@id":"https:\/\/miumjau.ee\/#\/schema\/logo\/image\/"},"sameAs":["https:\/\/www.facebook.com\/miumjaupood\/"]}]}},"_links":{"self":[{"href":"https:\/\/miumjau.ee\/lv\/wp-json\/wp\/v2\/product\/49162","targetHints":{"allow":["GET"]}}],"collection":[{"href":"https:\/\/miumjau.ee\/lv\/wp-json\/wp\/v2\/product"}],"about":[{"href":"https:\/\/miumjau.ee\/lv\/wp-json\/wp\/v2\/types\/product"}],"wp:featuredmedia":[{"embeddable":true,"href":"https:\/\/miumjau.ee\/lv\/wp-json\/wp\/v2\/media\/49163"}],"wp:attachment":[{"href":"https:\/\/miumjau.ee\/lv\/wp-json\/wp\/v2\/media?parent=49162"}],"wp:term":[{"taxonomy":"product_brand","embeddable":true,"href":"https:\/\/miumjau.ee\/lv\/wp-json\/wp\/v2\/product_brand?post=49162"},{"taxonomy":"product_cat","embeddable":true,"href":"https:\/\/miumjau.ee\/lv\/wp-json\/wp\/v2\/product_cat?post=49162"},{"taxonomy":"product_tag","embeddable":true,"href":"https:\/\/miumjau.ee\/lv\/wp-json\/wp\/v2\/product_tag?post=49162"}],"curies":[{"name":"wp","href":"https:\/\/api.w.org\/{rel}","templated":true}]}}