{"id":49149,"date":"2025-07-29T15:34:18","date_gmt":"2025-07-29T12:34:18","guid":{"rendered":"https:\/\/miumjau.ee\/toode\/beaphar-immo-shield-pretparazitu-pilieni-suniem-m-15-30-kg\/"},"modified":"2026-01-07T21:16:51","modified_gmt":"2026-01-07T19:16:51","slug":"beaphar-immo-shield-pretparazitu-pilieni-suniem-m-15-30-kg","status":"publish","type":"product","link":"https:\/\/miumjau.ee\/lv\/produkts\/beaphar-immo-shield-pretparazitu-pilieni-suniem-m-15-30-kg\/","title":{"rendered":"Beaphar IMMO SHIELD pretparaz\u012btu pilieni su\u0146iem \u2013 M (15\u201330 kg)"},"content":{"rendered":"","protected":false},"excerpt":{"rendered":"<p data-start=\"1788\" data-end=\"1842\">Beaphar <strong data-start=\"1796\" data-end=\"1830\">Immo Shield Line-on Dog Medium<\/strong> 3 x 3 ml.<\/p>\n<p data-start=\"1844\" data-end=\"1905\">Inovat\u012bvs l\u012bdzeklis su\u0146u aizsardz\u012bbai pret blus\u0101m un \u0113rc\u0113m.<\/p>\n<ul data-start=\"1907\" data-end=\"2076\">\n<li data-start=\"1907\" data-end=\"1946\">\n<p data-start=\"1909\" data-end=\"1946\">Ide\u0101la aizsardz\u012bba pret paraz\u012btiem.<\/p>\n<\/li>\n<li data-start=\"1947\" data-end=\"1963\">\n<p data-start=\"1949\" data-end=\"1963\">100 % dro\u0161s.<\/p>\n<\/li>\n<li data-start=\"1964\" data-end=\"1994\">\n<p data-start=\"1966\" data-end=\"1994\">Pipete darbojas 4 ned\u0113\u013cas.<\/p>\n<\/li>\n<li data-start=\"1995\" data-end=\"2038\">\n<p data-start=\"1997\" data-end=\"2038\">Piem\u0113rots kuc\u0113niem no 12 ned\u0113\u013cu vecuma.<\/p>\n<\/li>\n<li data-start=\"2039\" data-end=\"2076\">\n<p data-start=\"2041\" data-end=\"2076\">Netrauc\u0113 tauku dziedzeru darb\u012bbu.<\/p>\n<\/li>\n<\/ul>\n<p data-start=\"2078\" data-end=\"2391\"><strong data-start=\"2078\" data-end=\"2098\">K\u0101 tas darbojas:<\/strong> Uzkl\u0101jiet pilienus uz su\u0146a muguras (vai mugurkaula). Tie vienm\u0113r\u012bgi izplat\u0101s pa \u0137ermeni un veido uz \u0101das pl\u0113vi, kas darbojas k\u0101 lip\u012bga k\u0101rta, nogalinot blusas, \u0113rces, mosk\u012btus, utis un citus kukai\u0146us. Paraz\u012bti uz \u0137erme\u0146a mirst 1\u20132 dienu laik\u0101. Efekt\u012bvs pret vis\u0101m blusu att\u012bst\u012bbas stadij\u0101m.<\/p>\n<p data-start=\"2393\" data-end=\"2429\"><strong data-start=\"2393\" data-end=\"2406\">Ra\u017eot\u0101js:<\/strong> Beaphar, N\u012bderlande.<\/p>\n","protected":false},"featured_media":49150,"template":"","meta":[],"product_brand":[],"product_cat":[560],"product_tag":[],"class_list":{"0":"post-49149","1":"product","2":"type-product","3":"status-publish","4":"has-post-thumbnail","6":"product_cat-kopsanas-lidzekli-suniem","8":"first","9":"instock","10":"sale","11":"taxable","12":"shipping-taxable","13":"purchasable","14":"product-type-simple"},"yoast_head":"<!-- This site is optimized with the Yoast SEO plugin v27.2 - https:\/\/yoast.com\/product\/yoast-seo-wordpress\/ -->\n<title>Beaphar IMMO SHIELD pretparaz\u012btu pilieni su\u0146iem \u2013 M (15\u201330 kg) - MiuMjau<\/title>\n<meta name=\"robots\" content=\"index, follow, max-snippet:-1, max-image-preview:large, max-video-preview:-1\" \/>\n<link rel=\"canonical\" href=\"https:\/\/miumjau.ee\/lv\/produkts\/beaphar-immo-shield-pretparazitu-pilieni-suniem-m-15-30-kg\/\" \/>\n<meta property=\"og:locale\" content=\"lv_LV\" \/>\n<meta property=\"og:type\" content=\"article\" \/>\n<meta property=\"og:title\" content=\"Beaphar IMMO SHIELD pretparaz\u012btu pilieni su\u0146iem \u2013 M (15\u201330 kg) - MiuMjau\" \/>\n<meta property=\"og:description\" content=\"Beaphar Immo Shield Line-on Dog Medium 3 x 3 ml. Inovat\u012bvs l\u012bdzeklis su\u0146u aizsardz\u012bbai pret blus\u0101m un \u0113rc\u0113m.     Ide\u0101la aizsardz\u012bba pret paraz\u012btiem.    100 % dro\u0161s.    Pipete darbojas 4 ned\u0113\u013cas.    Piem\u0113rots kuc\u0113niem no 12 ned\u0113\u013cu vecuma.    Netrauc\u0113 tauku dziedzeru darb\u012bbu.   K\u0101 tas darbojas: Uzkl\u0101jiet pilienus uz su\u0146a muguras (vai mugurkaula). Tie vienm\u0113r\u012bgi izplat\u0101s pa \u0137ermeni un veido uz \u0101das pl\u0113vi, kas darbojas k\u0101 lip\u012bga k\u0101rta, nogalinot blusas, \u0113rces, mosk\u012btus, utis un citus kukai\u0146us. Paraz\u012bti uz \u0137erme\u0146a mirst 1\u20132 dienu laik\u0101. Efekt\u012bvs pret vis\u0101m blusu att\u012bst\u012bbas stadij\u0101m. Ra\u017eot\u0101js: Beaphar, N\u012bderlande.\" \/>\n<meta property=\"og:url\" content=\"https:\/\/miumjau.ee\/lv\/produkts\/beaphar-immo-shield-pretparazitu-pilieni-suniem-m-15-30-kg\/\" \/>\n<meta property=\"og:site_name\" content=\"MiuMjau\" \/>\n<meta property=\"article:publisher\" content=\"https:\/\/www.facebook.com\/miumjaupood\/\" \/>\n<meta property=\"article:modified_time\" content=\"2026-01-07T19:16:51+00:00\" \/>\n<meta property=\"og:image\" content=\"https:\/\/miumjau.ee\/wp-content\/uploads\/2025\/07\/beaphar-kassidele-koertele20.jpg\" \/>\n\t<meta property=\"og:image:width\" content=\"600\" \/>\n\t<meta property=\"og:image:height\" content=\"800\" \/>\n\t<meta property=\"og:image:type\" content=\"image\/jpeg\" \/>\n<meta name=\"twitter:card\" content=\"summary_large_image\" \/>\n<script type=\"application\/ld+json\" class=\"yoast-schema-graph\">{\"@context\":\"https:\/\/schema.org\",\"@graph\":[{\"@type\":\"WebPage\",\"@id\":\"https:\/\/miumjau.ee\/lv\/produkts\/beaphar-immo-shield-pretparazitu-pilieni-suniem-m-15-30-kg\/\",\"url\":\"https:\/\/miumjau.ee\/lv\/produkts\/beaphar-immo-shield-pretparazitu-pilieni-suniem-m-15-30-kg\/\",\"name\":\"Beaphar IMMO SHIELD pretparaz\u012btu pilieni su\u0146iem \u2013 M (15\u201330 kg) - MiuMjau\",\"isPartOf\":{\"@id\":\"https:\/\/miumjau.ee\/#website\"},\"primaryImageOfPage\":{\"@id\":\"https:\/\/miumjau.ee\/lv\/produkts\/beaphar-immo-shield-pretparazitu-pilieni-suniem-m-15-30-kg\/#primaryimage\"},\"image\":{\"@id\":\"https:\/\/miumjau.ee\/lv\/produkts\/beaphar-immo-shield-pretparazitu-pilieni-suniem-m-15-30-kg\/#primaryimage\"},\"thumbnailUrl\":\"https:\/\/miumjau.ee\/wp-content\/uploads\/2025\/07\/beaphar-kassidele-koertele20.jpg\",\"datePublished\":\"2025-07-29T12:34:18+00:00\",\"dateModified\":\"2026-01-07T19:16:51+00:00\",\"breadcrumb\":{\"@id\":\"https:\/\/miumjau.ee\/lv\/produkts\/beaphar-immo-shield-pretparazitu-pilieni-suniem-m-15-30-kg\/#breadcrumb\"},\"inLanguage\":\"lv-LV\",\"potentialAction\":[{\"@type\":\"ReadAction\",\"target\":[\"https:\/\/miumjau.ee\/lv\/produkts\/beaphar-immo-shield-pretparazitu-pilieni-suniem-m-15-30-kg\/\"]}]},{\"@type\":\"ImageObject\",\"inLanguage\":\"lv-LV\",\"@id\":\"https:\/\/miumjau.ee\/lv\/produkts\/beaphar-immo-shield-pretparazitu-pilieni-suniem-m-15-30-kg\/#primaryimage\",\"url\":\"https:\/\/miumjau.ee\/wp-content\/uploads\/2025\/07\/beaphar-kassidele-koertele20.jpg\",\"contentUrl\":\"https:\/\/miumjau.ee\/wp-content\/uploads\/2025\/07\/beaphar-kassidele-koertele20.jpg\",\"width\":600,\"height\":800},{\"@type\":\"BreadcrumbList\",\"@id\":\"https:\/\/miumjau.ee\/lv\/produkts\/beaphar-immo-shield-pretparazitu-pilieni-suniem-m-15-30-kg\/#breadcrumb\",\"itemListElement\":[{\"@type\":\"ListItem\",\"position\":1,\"name\":\"Home\",\"item\":\"https:\/\/miumjau.ee\/lv\/\"},{\"@type\":\"ListItem\",\"position\":2,\"name\":\"Veikals\",\"item\":\"https:\/\/miumjau.ee\/lv\/veikals\/\"},{\"@type\":\"ListItem\",\"position\":3,\"name\":\"Beaphar IMMO SHIELD pretparaz\u012btu pilieni su\u0146iem \u2013 M (15\u201330 kg)\"}]},{\"@type\":\"WebSite\",\"@id\":\"https:\/\/miumjau.ee\/#website\",\"url\":\"https:\/\/miumjau.ee\/\",\"name\":\"MiuMjau\",\"description\":\"Kraapimispuud kassidele\",\"publisher\":{\"@id\":\"https:\/\/miumjau.ee\/#organization\"},\"potentialAction\":[{\"@type\":\"SearchAction\",\"target\":{\"@type\":\"EntryPoint\",\"urlTemplate\":\"https:\/\/miumjau.ee\/?s={search_term_string}\"},\"query-input\":{\"@type\":\"PropertyValueSpecification\",\"valueRequired\":true,\"valueName\":\"search_term_string\"}}],\"inLanguage\":\"lv-LV\"},{\"@type\":\"Organization\",\"@id\":\"https:\/\/miumjau.ee\/#organization\",\"name\":\"MiuMjau O\u00dc\",\"url\":\"https:\/\/miumjau.ee\/\",\"logo\":{\"@type\":\"ImageObject\",\"inLanguage\":\"lv-LV\",\"@id\":\"https:\/\/miumjau.ee\/#\/schema\/logo\/image\/\",\"url\":\"https:\/\/miumjau.ee\/wp-content\/uploads\/2022\/04\/MiuMjau-logo-kollane.png\",\"contentUrl\":\"https:\/\/miumjau.ee\/wp-content\/uploads\/2022\/04\/MiuMjau-logo-kollane.png\",\"width\":219,\"height\":100,\"caption\":\"MiuMjau O\u00dc\"},\"image\":{\"@id\":\"https:\/\/miumjau.ee\/#\/schema\/logo\/image\/\"},\"sameAs\":[\"https:\/\/www.facebook.com\/miumjaupood\/\"]}]}<\/script>\n<!-- \/ Yoast SEO plugin. -->","yoast_head_json":{"title":"Beaphar IMMO SHIELD pretparaz\u012btu pilieni su\u0146iem \u2013 M (15\u201330 kg) - MiuMjau","robots":{"index":"index","follow":"follow","max-snippet":"max-snippet:-1","max-image-preview":"max-image-preview:large","max-video-preview":"max-video-preview:-1"},"canonical":"https:\/\/miumjau.ee\/lv\/produkts\/beaphar-immo-shield-pretparazitu-pilieni-suniem-m-15-30-kg\/","og_locale":"lv_LV","og_type":"article","og_title":"Beaphar IMMO SHIELD pretparaz\u012btu pilieni su\u0146iem \u2013 M (15\u201330 kg) - MiuMjau","og_description":"Beaphar Immo Shield Line-on Dog Medium 3 x 3 ml. Inovat\u012bvs l\u012bdzeklis su\u0146u aizsardz\u012bbai pret blus\u0101m un \u0113rc\u0113m.     Ide\u0101la aizsardz\u012bba pret paraz\u012btiem.    100 % dro\u0161s.    Pipete darbojas 4 ned\u0113\u013cas.    Piem\u0113rots kuc\u0113niem no 12 ned\u0113\u013cu vecuma.    Netrauc\u0113 tauku dziedzeru darb\u012bbu.   K\u0101 tas darbojas: Uzkl\u0101jiet pilienus uz su\u0146a muguras (vai mugurkaula). Tie vienm\u0113r\u012bgi izplat\u0101s pa \u0137ermeni un veido uz \u0101das pl\u0113vi, kas darbojas k\u0101 lip\u012bga k\u0101rta, nogalinot blusas, \u0113rces, mosk\u012btus, utis un citus kukai\u0146us. Paraz\u012bti uz \u0137erme\u0146a mirst 1\u20132 dienu laik\u0101. Efekt\u012bvs pret vis\u0101m blusu att\u012bst\u012bbas stadij\u0101m. Ra\u017eot\u0101js: Beaphar, N\u012bderlande.","og_url":"https:\/\/miumjau.ee\/lv\/produkts\/beaphar-immo-shield-pretparazitu-pilieni-suniem-m-15-30-kg\/","og_site_name":"MiuMjau","article_publisher":"https:\/\/www.facebook.com\/miumjaupood\/","article_modified_time":"2026-01-07T19:16:51+00:00","og_image":[{"width":600,"height":800,"url":"https:\/\/miumjau.ee\/wp-content\/uploads\/2025\/07\/beaphar-kassidele-koertele20.jpg","type":"image\/jpeg"}],"twitter_card":"summary_large_image","schema":{"@context":"https:\/\/schema.org","@graph":[{"@type":"WebPage","@id":"https:\/\/miumjau.ee\/lv\/produkts\/beaphar-immo-shield-pretparazitu-pilieni-suniem-m-15-30-kg\/","url":"https:\/\/miumjau.ee\/lv\/produkts\/beaphar-immo-shield-pretparazitu-pilieni-suniem-m-15-30-kg\/","name":"Beaphar IMMO SHIELD pretparaz\u012btu pilieni su\u0146iem \u2013 M (15\u201330 kg) - MiuMjau","isPartOf":{"@id":"https:\/\/miumjau.ee\/#website"},"primaryImageOfPage":{"@id":"https:\/\/miumjau.ee\/lv\/produkts\/beaphar-immo-shield-pretparazitu-pilieni-suniem-m-15-30-kg\/#primaryimage"},"image":{"@id":"https:\/\/miumjau.ee\/lv\/produkts\/beaphar-immo-shield-pretparazitu-pilieni-suniem-m-15-30-kg\/#primaryimage"},"thumbnailUrl":"https:\/\/miumjau.ee\/wp-content\/uploads\/2025\/07\/beaphar-kassidele-koertele20.jpg","datePublished":"2025-07-29T12:34:18+00:00","dateModified":"2026-01-07T19:16:51+00:00","breadcrumb":{"@id":"https:\/\/miumjau.ee\/lv\/produkts\/beaphar-immo-shield-pretparazitu-pilieni-suniem-m-15-30-kg\/#breadcrumb"},"inLanguage":"lv-LV","potentialAction":[{"@type":"ReadAction","target":["https:\/\/miumjau.ee\/lv\/produkts\/beaphar-immo-shield-pretparazitu-pilieni-suniem-m-15-30-kg\/"]}]},{"@type":"ImageObject","inLanguage":"lv-LV","@id":"https:\/\/miumjau.ee\/lv\/produkts\/beaphar-immo-shield-pretparazitu-pilieni-suniem-m-15-30-kg\/#primaryimage","url":"https:\/\/miumjau.ee\/wp-content\/uploads\/2025\/07\/beaphar-kassidele-koertele20.jpg","contentUrl":"https:\/\/miumjau.ee\/wp-content\/uploads\/2025\/07\/beaphar-kassidele-koertele20.jpg","width":600,"height":800},{"@type":"BreadcrumbList","@id":"https:\/\/miumjau.ee\/lv\/produkts\/beaphar-immo-shield-pretparazitu-pilieni-suniem-m-15-30-kg\/#breadcrumb","itemListElement":[{"@type":"ListItem","position":1,"name":"Home","item":"https:\/\/miumjau.ee\/lv\/"},{"@type":"ListItem","position":2,"name":"Veikals","item":"https:\/\/miumjau.ee\/lv\/veikals\/"},{"@type":"ListItem","position":3,"name":"Beaphar IMMO SHIELD pretparaz\u012btu pilieni su\u0146iem \u2013 M (15\u201330 kg)"}]},{"@type":"WebSite","@id":"https:\/\/miumjau.ee\/#website","url":"https:\/\/miumjau.ee\/","name":"MiuMjau","description":"Kraapimispuud kassidele","publisher":{"@id":"https:\/\/miumjau.ee\/#organization"},"potentialAction":[{"@type":"SearchAction","target":{"@type":"EntryPoint","urlTemplate":"https:\/\/miumjau.ee\/?s={search_term_string}"},"query-input":{"@type":"PropertyValueSpecification","valueRequired":true,"valueName":"search_term_string"}}],"inLanguage":"lv-LV"},{"@type":"Organization","@id":"https:\/\/miumjau.ee\/#organization","name":"MiuMjau O\u00dc","url":"https:\/\/miumjau.ee\/","logo":{"@type":"ImageObject","inLanguage":"lv-LV","@id":"https:\/\/miumjau.ee\/#\/schema\/logo\/image\/","url":"https:\/\/miumjau.ee\/wp-content\/uploads\/2022\/04\/MiuMjau-logo-kollane.png","contentUrl":"https:\/\/miumjau.ee\/wp-content\/uploads\/2022\/04\/MiuMjau-logo-kollane.png","width":219,"height":100,"caption":"MiuMjau O\u00dc"},"image":{"@id":"https:\/\/miumjau.ee\/#\/schema\/logo\/image\/"},"sameAs":["https:\/\/www.facebook.com\/miumjaupood\/"]}]}},"_links":{"self":[{"href":"https:\/\/miumjau.ee\/lv\/wp-json\/wp\/v2\/product\/49149","targetHints":{"allow":["GET"]}}],"collection":[{"href":"https:\/\/miumjau.ee\/lv\/wp-json\/wp\/v2\/product"}],"about":[{"href":"https:\/\/miumjau.ee\/lv\/wp-json\/wp\/v2\/types\/product"}],"wp:featuredmedia":[{"embeddable":true,"href":"https:\/\/miumjau.ee\/lv\/wp-json\/wp\/v2\/media\/49150"}],"wp:attachment":[{"href":"https:\/\/miumjau.ee\/lv\/wp-json\/wp\/v2\/media?parent=49149"}],"wp:term":[{"taxonomy":"product_brand","embeddable":true,"href":"https:\/\/miumjau.ee\/lv\/wp-json\/wp\/v2\/product_brand?post=49149"},{"taxonomy":"product_cat","embeddable":true,"href":"https:\/\/miumjau.ee\/lv\/wp-json\/wp\/v2\/product_cat?post=49149"},{"taxonomy":"product_tag","embeddable":true,"href":"https:\/\/miumjau.ee\/lv\/wp-json\/wp\/v2\/product_tag?post=49149"}],"curies":[{"name":"wp","href":"https:\/\/api.w.org\/{rel}","templated":true}]}}