{"id":49143,"date":"2025-07-29T14:07:59","date_gmt":"2025-07-29T11:07:59","guid":{"rendered":"https:\/\/miumjau.ee\/toode\/%f0%9f%87%b1%f0%9f%87%bb-latvian-latviesu\/"},"modified":"2026-01-07T21:16:51","modified_gmt":"2026-01-07T19:16:51","slug":"%f0%9f%87%b1%f0%9f%87%bb-latvian-latviesu","status":"publish","type":"product","link":"https:\/\/miumjau.ee\/lv\/produkts\/%f0%9f%87%b1%f0%9f%87%bb-latvian-latviesu\/","title":{"rendered":"\ud83c\uddf1\ud83c\uddfb Latvian (Latvie\u0161u)"},"content":{"rendered":"","protected":false},"excerpt":{"rendered":"<p data-start=\"3462\" data-end=\"3656\">Beaphar zobu pasta ir aknu gar\u0161as un nodro\u0161ina j\u016bsu m\u0101jdz\u012bvnieku ikdienas zobu kop\u0161anu. No\u0146em zobu aplikumu, izn\u012bcinot bakt\u0113rijas, kas to rada, nov\u0113r\u0161 zobakmens veido\u0161anos un atsvaidzina elpu.<\/p>\n<p data-start=\"3658\" data-end=\"3966\"><strong data-start=\"3658\" data-end=\"3670\">Sast\u0101vs:<\/strong> Att\u012br\u012bts \u016bdens, propil\u0113nglikols, glicer\u012bns, sorbitols, sil\u012bcijs, n\u0101trija tripolifosf\u0101ts, hidroksietilceluloze, olu pulveris, cinka citr\u0101ts trihidr\u0101ts, tit\u0101na dioks\u012bds, n\u0101trija karboksimetilceluloze, k\u0101lija sorb\u0101ts, n\u0101trija benzo\u0101ts, fermenti (prote\u0101ze, glikoz\u012bde oksid\u0101ze), c\u016bku aknu pulveris.<\/p>\n<p data-start=\"3968\" data-end=\"3997\"><strong data-start=\"3968\" data-end=\"3995\">Lieto\u0161anas instrukcija:<\/strong><\/p>\n<ol data-start=\"3998\" data-end=\"4666\">\n<li data-start=\"3998\" data-end=\"4056\">\n<p data-start=\"4001\" data-end=\"4056\">Maigi paceliet m\u0101jdz\u012bvnieka l\u016bpas, lai atkl\u0101tu zobus.<\/p>\n<\/li>\n<li data-start=\"4057\" data-end=\"4094\">\n<p data-start=\"4060\" data-end=\"4094\">Mudiniet un slav\u0113jiet dz\u012bvnieku.<\/p>\n<\/li>\n<li data-start=\"4095\" data-end=\"4201\">\n<p data-start=\"4098\" data-end=\"4201\">Kad dz\u012bvnieks pieradis pie mutes pieskar\u0161an\u0101s \u0101r\u0113ji, virziet pirkstu pa zobiem uz priek\u0161u un atpaka\u013c.<\/p>\n<\/li>\n<li data-start=\"4202\" data-end=\"4315\">\n<p data-start=\"4205\" data-end=\"4315\">Kad dz\u012bvnieks pieradis pie mutes iek\u0161\u0113j\u0101s pieskar\u0161an\u0101s, atk\u0101rtojiet to pa\u0161u proced\u016bru ar zobu suku un pastu.<\/p>\n<\/li>\n<li data-start=\"4316\" data-end=\"4447\">\n<p data-start=\"4319\" data-end=\"4447\">S\u0101ciet ar nelielu pastas daudzumu uz pirksta un \u013caujiet dz\u012bvniekam to laiz\u012bt (aknu gar\u0161a pat\u012bk liel\u0101kajai da\u013cai ka\u0137u un su\u0146u).<\/p>\n<\/li>\n<li data-start=\"4448\" data-end=\"4543\">\n<p data-start=\"4451\" data-end=\"4543\">Kad dz\u012bvnieks pieradis pie pastas, iepaz\u012bstiniet ar zobu suku, \u013caujot laiz\u012bt pastu no t\u0101s.<\/p>\n<\/li>\n<li data-start=\"4544\" data-end=\"4666\">\n<p data-start=\"4547\" data-end=\"4666\">Kad dz\u012bvnieks pie\u0146em abus, s\u0101kt t\u012br\u012bt da\u017eus zobus un pak\u0101peniski palielin\u0101t apjomu, l\u012bdz iesp\u0113jams t\u012br\u012bt visus zobus.<\/p>\n<\/li>\n<\/ol>\n<p data-start=\"4668\" data-end=\"4886\"><strong data-start=\"4668\" data-end=\"4684\">Br\u012bdin\u0101jumi:<\/strong> Tikai lieto\u0161anai dz\u012bvniekiem. Glab\u0101t b\u0113rniem nepieejam\u0101 viet\u0101. Nelietot cilv\u0113ku zobu pastu, jo t\u0101 satur putojo\u0161as vielas, kas var kairin\u0101t dz\u012bvnieku ku\u0146\u0123i. Nelietot zobu suku k\u0101 ko\u0161\u013c\u0101jamo priek\u0161metu.<\/p>\n<p data-start=\"4888\" data-end=\"4968\">P\u0113c zobu t\u012br\u012b\u0161anas nodro\u0161iniet m\u0101jdz\u012bvniekam pieeju svaigam dzeramajam \u016bdenim.<\/p>\n","protected":false},"featured_media":49144,"template":"","meta":[],"product_brand":[],"product_cat":[589,560],"product_tag":[],"class_list":{"0":"post-49143","1":"product","2":"type-product","3":"status-publish","4":"has-post-thumbnail","6":"product_cat-citi-piederumi","7":"product_cat-kopsanas-lidzekli-suniem","9":"first","10":"instock","11":"taxable","12":"shipping-taxable","13":"purchasable","14":"product-type-simple"},"yoast_head":"<!-- This site is optimized with the Yoast SEO plugin v27.2 - https:\/\/yoast.com\/product\/yoast-seo-wordpress\/ -->\n<title>\ud83c\uddf1\ud83c\uddfb Latvian (Latvie\u0161u) - MiuMjau<\/title>\n<meta name=\"robots\" content=\"index, follow, max-snippet:-1, max-image-preview:large, max-video-preview:-1\" \/>\n<link rel=\"canonical\" href=\"https:\/\/miumjau.ee\/lv\/produkts\/\ud83c\uddf1\ud83c\uddfb-latvian-latviesu\/\" \/>\n<meta property=\"og:locale\" content=\"lv_LV\" \/>\n<meta property=\"og:type\" content=\"article\" \/>\n<meta property=\"og:title\" content=\"\ud83c\uddf1\ud83c\uddfb Latvian (Latvie\u0161u) - MiuMjau\" \/>\n<meta property=\"og:description\" content=\"Beaphar zobu pasta ir aknu gar\u0161as un nodro\u0161ina j\u016bsu m\u0101jdz\u012bvnieku ikdienas zobu kop\u0161anu. No\u0146em zobu aplikumu, izn\u012bcinot bakt\u0113rijas, kas to rada, nov\u0113r\u0161 zobakmens veido\u0161anos un atsvaidzina elpu. Sast\u0101vs: Att\u012br\u012bts \u016bdens, propil\u0113nglikols, glicer\u012bns, sorbitols, sil\u012bcijs, n\u0101trija tripolifosf\u0101ts, hidroksietilceluloze, olu pulveris, cinka citr\u0101ts trihidr\u0101ts, tit\u0101na dioks\u012bds, n\u0101trija karboksimetilceluloze, k\u0101lija sorb\u0101ts, n\u0101trija benzo\u0101ts, fermenti (prote\u0101ze, glikoz\u012bde oksid\u0101ze), c\u016bku aknu pulveris. Lieto\u0161anas instrukcija:     Maigi paceliet m\u0101jdz\u012bvnieka l\u016bpas, lai atkl\u0101tu zobus.    Mudiniet un slav\u0113jiet dz\u012bvnieku.    Kad dz\u012bvnieks pieradis pie mutes pieskar\u0161an\u0101s \u0101r\u0113ji, virziet pirkstu pa zobiem uz priek\u0161u un atpaka\u013c.    Kad dz\u012bvnieks pieradis pie mutes iek\u0161\u0113j\u0101s pieskar\u0161an\u0101s, atk\u0101rtojiet to pa\u0161u proced\u016bru ar zobu suku un pastu.    S\u0101ciet ar nelielu pastas daudzumu uz pirksta un \u013caujiet dz\u012bvniekam to laiz\u012bt (aknu gar\u0161a pat\u012bk liel\u0101kajai da\u013cai ka\u0137u un su\u0146u).    Kad dz\u012bvnieks pieradis pie pastas, iepaz\u012bstiniet ar zobu suku, \u013caujot laiz\u012bt pastu no t\u0101s.    Kad dz\u012bvnieks pie\u0146em abus, s\u0101kt t\u012br\u012bt da\u017eus zobus un pak\u0101peniski palielin\u0101t apjomu, l\u012bdz iesp\u0113jams t\u012br\u012bt visus zobus.   Br\u012bdin\u0101jumi: Tikai lieto\u0161anai dz\u012bvniekiem. Glab\u0101t b\u0113rniem nepieejam\u0101 viet\u0101. Nelietot cilv\u0113ku zobu pastu, jo t\u0101 satur putojo\u0161as vielas, kas var kairin\u0101t dz\u012bvnieku ku\u0146\u0123i. Nelietot zobu suku k\u0101 ko\u0161\u013c\u0101jamo priek\u0161metu. P\u0113c zobu t\u012br\u012b\u0161anas nodro\u0161iniet m\u0101jdz\u012bvniekam pieeju svaigam dzeramajam \u016bdenim.\" \/>\n<meta property=\"og:url\" content=\"https:\/\/miumjau.ee\/lv\/produkts\/\ud83c\uddf1\ud83c\uddfb-latvian-latviesu\/\" \/>\n<meta property=\"og:site_name\" content=\"MiuMjau\" \/>\n<meta property=\"article:publisher\" content=\"https:\/\/www.facebook.com\/miumjaupood\/\" \/>\n<meta property=\"article:modified_time\" content=\"2026-01-07T19:16:51+00:00\" \/>\n<meta property=\"og:image\" content=\"https:\/\/miumjau.ee\/wp-content\/uploads\/2025\/07\/beaphar-kassidele-koertele35.jpg\" \/>\n\t<meta property=\"og:image:width\" content=\"600\" \/>\n\t<meta property=\"og:image:height\" content=\"800\" \/>\n\t<meta property=\"og:image:type\" content=\"image\/jpeg\" \/>\n<meta name=\"twitter:card\" content=\"summary_large_image\" \/>\n<script type=\"application\/ld+json\" class=\"yoast-schema-graph\">{\"@context\":\"https:\/\/schema.org\",\"@graph\":[{\"@type\":\"WebPage\",\"@id\":\"https:\/\/miumjau.ee\/lv\/produkts\/%f0%9f%87%b1%f0%9f%87%bb-latvian-latviesu\/\",\"url\":\"https:\/\/miumjau.ee\/lv\/produkts\/%f0%9f%87%b1%f0%9f%87%bb-latvian-latviesu\/\",\"name\":\"\ud83c\uddf1\ud83c\uddfb Latvian (Latvie\u0161u) - MiuMjau\",\"isPartOf\":{\"@id\":\"https:\/\/miumjau.ee\/#website\"},\"primaryImageOfPage\":{\"@id\":\"https:\/\/miumjau.ee\/lv\/produkts\/%f0%9f%87%b1%f0%9f%87%bb-latvian-latviesu\/#primaryimage\"},\"image\":{\"@id\":\"https:\/\/miumjau.ee\/lv\/produkts\/%f0%9f%87%b1%f0%9f%87%bb-latvian-latviesu\/#primaryimage\"},\"thumbnailUrl\":\"https:\/\/miumjau.ee\/wp-content\/uploads\/2025\/07\/beaphar-kassidele-koertele35.jpg\",\"datePublished\":\"2025-07-29T11:07:59+00:00\",\"dateModified\":\"2026-01-07T19:16:51+00:00\",\"breadcrumb\":{\"@id\":\"https:\/\/miumjau.ee\/lv\/produkts\/%f0%9f%87%b1%f0%9f%87%bb-latvian-latviesu\/#breadcrumb\"},\"inLanguage\":\"lv-LV\",\"potentialAction\":[{\"@type\":\"ReadAction\",\"target\":[\"https:\/\/miumjau.ee\/lv\/produkts\/%f0%9f%87%b1%f0%9f%87%bb-latvian-latviesu\/\"]}]},{\"@type\":\"ImageObject\",\"inLanguage\":\"lv-LV\",\"@id\":\"https:\/\/miumjau.ee\/lv\/produkts\/%f0%9f%87%b1%f0%9f%87%bb-latvian-latviesu\/#primaryimage\",\"url\":\"https:\/\/miumjau.ee\/wp-content\/uploads\/2025\/07\/beaphar-kassidele-koertele35.jpg\",\"contentUrl\":\"https:\/\/miumjau.ee\/wp-content\/uploads\/2025\/07\/beaphar-kassidele-koertele35.jpg\",\"width\":600,\"height\":800},{\"@type\":\"BreadcrumbList\",\"@id\":\"https:\/\/miumjau.ee\/lv\/produkts\/%f0%9f%87%b1%f0%9f%87%bb-latvian-latviesu\/#breadcrumb\",\"itemListElement\":[{\"@type\":\"ListItem\",\"position\":1,\"name\":\"Home\",\"item\":\"https:\/\/miumjau.ee\/lv\/\"},{\"@type\":\"ListItem\",\"position\":2,\"name\":\"Veikals\",\"item\":\"https:\/\/miumjau.ee\/lv\/veikals\/\"},{\"@type\":\"ListItem\",\"position\":3,\"name\":\"\ud83c\uddf1\ud83c\uddfb Latvian (Latvie\u0161u)\"}]},{\"@type\":\"WebSite\",\"@id\":\"https:\/\/miumjau.ee\/#website\",\"url\":\"https:\/\/miumjau.ee\/\",\"name\":\"MiuMjau\",\"description\":\"Kraapimispuud kassidele\",\"publisher\":{\"@id\":\"https:\/\/miumjau.ee\/#organization\"},\"potentialAction\":[{\"@type\":\"SearchAction\",\"target\":{\"@type\":\"EntryPoint\",\"urlTemplate\":\"https:\/\/miumjau.ee\/?s={search_term_string}\"},\"query-input\":{\"@type\":\"PropertyValueSpecification\",\"valueRequired\":true,\"valueName\":\"search_term_string\"}}],\"inLanguage\":\"lv-LV\"},{\"@type\":\"Organization\",\"@id\":\"https:\/\/miumjau.ee\/#organization\",\"name\":\"MiuMjau O\u00dc\",\"url\":\"https:\/\/miumjau.ee\/\",\"logo\":{\"@type\":\"ImageObject\",\"inLanguage\":\"lv-LV\",\"@id\":\"https:\/\/miumjau.ee\/#\/schema\/logo\/image\/\",\"url\":\"https:\/\/miumjau.ee\/wp-content\/uploads\/2022\/04\/MiuMjau-logo-kollane.png\",\"contentUrl\":\"https:\/\/miumjau.ee\/wp-content\/uploads\/2022\/04\/MiuMjau-logo-kollane.png\",\"width\":219,\"height\":100,\"caption\":\"MiuMjau O\u00dc\"},\"image\":{\"@id\":\"https:\/\/miumjau.ee\/#\/schema\/logo\/image\/\"},\"sameAs\":[\"https:\/\/www.facebook.com\/miumjaupood\/\"]}]}<\/script>\n<!-- \/ Yoast SEO plugin. -->","yoast_head_json":{"title":"\ud83c\uddf1\ud83c\uddfb Latvian (Latvie\u0161u) - MiuMjau","robots":{"index":"index","follow":"follow","max-snippet":"max-snippet:-1","max-image-preview":"max-image-preview:large","max-video-preview":"max-video-preview:-1"},"canonical":"https:\/\/miumjau.ee\/lv\/produkts\/\ud83c\uddf1\ud83c\uddfb-latvian-latviesu\/","og_locale":"lv_LV","og_type":"article","og_title":"\ud83c\uddf1\ud83c\uddfb Latvian (Latvie\u0161u) - MiuMjau","og_description":"Beaphar zobu pasta ir aknu gar\u0161as un nodro\u0161ina j\u016bsu m\u0101jdz\u012bvnieku ikdienas zobu kop\u0161anu. No\u0146em zobu aplikumu, izn\u012bcinot bakt\u0113rijas, kas to rada, nov\u0113r\u0161 zobakmens veido\u0161anos un atsvaidzina elpu. Sast\u0101vs: Att\u012br\u012bts \u016bdens, propil\u0113nglikols, glicer\u012bns, sorbitols, sil\u012bcijs, n\u0101trija tripolifosf\u0101ts, hidroksietilceluloze, olu pulveris, cinka citr\u0101ts trihidr\u0101ts, tit\u0101na dioks\u012bds, n\u0101trija karboksimetilceluloze, k\u0101lija sorb\u0101ts, n\u0101trija benzo\u0101ts, fermenti (prote\u0101ze, glikoz\u012bde oksid\u0101ze), c\u016bku aknu pulveris. Lieto\u0161anas instrukcija:     Maigi paceliet m\u0101jdz\u012bvnieka l\u016bpas, lai atkl\u0101tu zobus.    Mudiniet un slav\u0113jiet dz\u012bvnieku.    Kad dz\u012bvnieks pieradis pie mutes pieskar\u0161an\u0101s \u0101r\u0113ji, virziet pirkstu pa zobiem uz priek\u0161u un atpaka\u013c.    Kad dz\u012bvnieks pieradis pie mutes iek\u0161\u0113j\u0101s pieskar\u0161an\u0101s, atk\u0101rtojiet to pa\u0161u proced\u016bru ar zobu suku un pastu.    S\u0101ciet ar nelielu pastas daudzumu uz pirksta un \u013caujiet dz\u012bvniekam to laiz\u012bt (aknu gar\u0161a pat\u012bk liel\u0101kajai da\u013cai ka\u0137u un su\u0146u).    Kad dz\u012bvnieks pieradis pie pastas, iepaz\u012bstiniet ar zobu suku, \u013caujot laiz\u012bt pastu no t\u0101s.    Kad dz\u012bvnieks pie\u0146em abus, s\u0101kt t\u012br\u012bt da\u017eus zobus un pak\u0101peniski palielin\u0101t apjomu, l\u012bdz iesp\u0113jams t\u012br\u012bt visus zobus.   Br\u012bdin\u0101jumi: Tikai lieto\u0161anai dz\u012bvniekiem. Glab\u0101t b\u0113rniem nepieejam\u0101 viet\u0101. Nelietot cilv\u0113ku zobu pastu, jo t\u0101 satur putojo\u0161as vielas, kas var kairin\u0101t dz\u012bvnieku ku\u0146\u0123i. Nelietot zobu suku k\u0101 ko\u0161\u013c\u0101jamo priek\u0161metu. P\u0113c zobu t\u012br\u012b\u0161anas nodro\u0161iniet m\u0101jdz\u012bvniekam pieeju svaigam dzeramajam \u016bdenim.","og_url":"https:\/\/miumjau.ee\/lv\/produkts\/\ud83c\uddf1\ud83c\uddfb-latvian-latviesu\/","og_site_name":"MiuMjau","article_publisher":"https:\/\/www.facebook.com\/miumjaupood\/","article_modified_time":"2026-01-07T19:16:51+00:00","og_image":[{"width":600,"height":800,"url":"https:\/\/miumjau.ee\/wp-content\/uploads\/2025\/07\/beaphar-kassidele-koertele35.jpg","type":"image\/jpeg"}],"twitter_card":"summary_large_image","schema":{"@context":"https:\/\/schema.org","@graph":[{"@type":"WebPage","@id":"https:\/\/miumjau.ee\/lv\/produkts\/%f0%9f%87%b1%f0%9f%87%bb-latvian-latviesu\/","url":"https:\/\/miumjau.ee\/lv\/produkts\/%f0%9f%87%b1%f0%9f%87%bb-latvian-latviesu\/","name":"\ud83c\uddf1\ud83c\uddfb Latvian (Latvie\u0161u) - MiuMjau","isPartOf":{"@id":"https:\/\/miumjau.ee\/#website"},"primaryImageOfPage":{"@id":"https:\/\/miumjau.ee\/lv\/produkts\/%f0%9f%87%b1%f0%9f%87%bb-latvian-latviesu\/#primaryimage"},"image":{"@id":"https:\/\/miumjau.ee\/lv\/produkts\/%f0%9f%87%b1%f0%9f%87%bb-latvian-latviesu\/#primaryimage"},"thumbnailUrl":"https:\/\/miumjau.ee\/wp-content\/uploads\/2025\/07\/beaphar-kassidele-koertele35.jpg","datePublished":"2025-07-29T11:07:59+00:00","dateModified":"2026-01-07T19:16:51+00:00","breadcrumb":{"@id":"https:\/\/miumjau.ee\/lv\/produkts\/%f0%9f%87%b1%f0%9f%87%bb-latvian-latviesu\/#breadcrumb"},"inLanguage":"lv-LV","potentialAction":[{"@type":"ReadAction","target":["https:\/\/miumjau.ee\/lv\/produkts\/%f0%9f%87%b1%f0%9f%87%bb-latvian-latviesu\/"]}]},{"@type":"ImageObject","inLanguage":"lv-LV","@id":"https:\/\/miumjau.ee\/lv\/produkts\/%f0%9f%87%b1%f0%9f%87%bb-latvian-latviesu\/#primaryimage","url":"https:\/\/miumjau.ee\/wp-content\/uploads\/2025\/07\/beaphar-kassidele-koertele35.jpg","contentUrl":"https:\/\/miumjau.ee\/wp-content\/uploads\/2025\/07\/beaphar-kassidele-koertele35.jpg","width":600,"height":800},{"@type":"BreadcrumbList","@id":"https:\/\/miumjau.ee\/lv\/produkts\/%f0%9f%87%b1%f0%9f%87%bb-latvian-latviesu\/#breadcrumb","itemListElement":[{"@type":"ListItem","position":1,"name":"Home","item":"https:\/\/miumjau.ee\/lv\/"},{"@type":"ListItem","position":2,"name":"Veikals","item":"https:\/\/miumjau.ee\/lv\/veikals\/"},{"@type":"ListItem","position":3,"name":"\ud83c\uddf1\ud83c\uddfb Latvian (Latvie\u0161u)"}]},{"@type":"WebSite","@id":"https:\/\/miumjau.ee\/#website","url":"https:\/\/miumjau.ee\/","name":"MiuMjau","description":"Kraapimispuud kassidele","publisher":{"@id":"https:\/\/miumjau.ee\/#organization"},"potentialAction":[{"@type":"SearchAction","target":{"@type":"EntryPoint","urlTemplate":"https:\/\/miumjau.ee\/?s={search_term_string}"},"query-input":{"@type":"PropertyValueSpecification","valueRequired":true,"valueName":"search_term_string"}}],"inLanguage":"lv-LV"},{"@type":"Organization","@id":"https:\/\/miumjau.ee\/#organization","name":"MiuMjau O\u00dc","url":"https:\/\/miumjau.ee\/","logo":{"@type":"ImageObject","inLanguage":"lv-LV","@id":"https:\/\/miumjau.ee\/#\/schema\/logo\/image\/","url":"https:\/\/miumjau.ee\/wp-content\/uploads\/2022\/04\/MiuMjau-logo-kollane.png","contentUrl":"https:\/\/miumjau.ee\/wp-content\/uploads\/2022\/04\/MiuMjau-logo-kollane.png","width":219,"height":100,"caption":"MiuMjau O\u00dc"},"image":{"@id":"https:\/\/miumjau.ee\/#\/schema\/logo\/image\/"},"sameAs":["https:\/\/www.facebook.com\/miumjaupood\/"]}]}},"_links":{"self":[{"href":"https:\/\/miumjau.ee\/lv\/wp-json\/wp\/v2\/product\/49143","targetHints":{"allow":["GET"]}}],"collection":[{"href":"https:\/\/miumjau.ee\/lv\/wp-json\/wp\/v2\/product"}],"about":[{"href":"https:\/\/miumjau.ee\/lv\/wp-json\/wp\/v2\/types\/product"}],"wp:featuredmedia":[{"embeddable":true,"href":"https:\/\/miumjau.ee\/lv\/wp-json\/wp\/v2\/media\/49144"}],"wp:attachment":[{"href":"https:\/\/miumjau.ee\/lv\/wp-json\/wp\/v2\/media?parent=49143"}],"wp:term":[{"taxonomy":"product_brand","embeddable":true,"href":"https:\/\/miumjau.ee\/lv\/wp-json\/wp\/v2\/product_brand?post=49143"},{"taxonomy":"product_cat","embeddable":true,"href":"https:\/\/miumjau.ee\/lv\/wp-json\/wp\/v2\/product_cat?post=49143"},{"taxonomy":"product_tag","embeddable":true,"href":"https:\/\/miumjau.ee\/lv\/wp-json\/wp\/v2\/product_tag?post=49143"}],"curies":[{"name":"wp","href":"https:\/\/api.w.org\/{rel}","templated":true}]}}