{"id":49137,"date":"2025-07-29T15:52:42","date_gmt":"2025-07-29T12:52:42","guid":{"rendered":"https:\/\/miumjau.ee\/toode\/beaphar-veto-pure-bio-pretparazitu-pilieni\/"},"modified":"2026-01-07T21:16:51","modified_gmt":"2026-01-07T19:16:51","slug":"beaphar-veto-pure-bio-pretparazitu-pilieni","status":"publish","type":"product","link":"https:\/\/miumjau.ee\/lv\/produkts\/beaphar-veto-pure-bio-pretparazitu-pilieni\/","title":{"rendered":"Beaphar Veto Pure Bio pretparaz\u012btu pilieni (<15 kg)"},"content":{"rendered":"","protected":false},"excerpt":{"rendered":"<p data-start=\"1908\" data-end=\"2122\"><strong data-start=\"1908\" data-end=\"1935\">Lieto\u0161anas instrukcija:<\/strong> Lietot 1 pipeti (1,0 ml) ik p\u0113c 4 ned\u0113\u013c\u0101m. Nolauziet pipetes galu un izspiediet saturu uz dz\u012bvnieka \u0101das kakla zon\u0101, aiz aus\u012bm. Pilna iedarb\u012bba parasti tiek sasniegta da\u017eu dienu laik\u0101.<\/p>\n<p data-start=\"2124\" data-end=\"2701\"><strong data-start=\"2124\" data-end=\"2150\">Piesardz\u012bbas pas\u0101kumi:<\/strong> Nelietot slimiem vai atvese\u013cojo\u0161iem dz\u012bvniekiem vai dz\u012bvniekiem ar pla\u0161iem \u0101das boj\u0101jumiem. Izvair\u012bties no kontakta ar ac\u012bm un degunu. Ac\u012bm saskaroties, nekav\u0113joties skalot ar lielu \u016bdens daudzumu. Ja kairin\u0101jums turpin\u0101s, konsult\u0113jieties ar veterin\u0101r\u0101rstu. Nelietot kuc\u0113niem l\u012bdz 12 ned\u0113\u013cu vecumam. P\u0113c lieto\u0161anas regul\u0101ri p\u0101rbaud\u012bt apstr\u0101d\u0101to vietu, jo jut\u012bgiem dz\u012bvniekiem var rasties lok\u0101la kairin\u0101juma. \u0160\u0101dos gad\u012bjumos nomazg\u0101t vietu ar maigu \u0161amp\u016bnu. P\u0113c lieto\u0161anas nomazg\u0101t rokas. Tikai \u0101r\u0113jai lieto\u0161anai. Nelietot iek\u0161\u0137\u012bgi. Glab\u0101t zem 25\u00b0C.<\/p>\n","protected":false},"featured_media":49138,"template":"","meta":[],"product_brand":[],"product_cat":[560],"product_tag":[],"class_list":{"0":"post-49137","1":"product","2":"type-product","3":"status-publish","4":"has-post-thumbnail","6":"product_cat-kopsanas-lidzekli-suniem","8":"first","9":"instock","10":"taxable","11":"shipping-taxable","12":"purchasable","13":"product-type-simple"},"yoast_head":"<!-- This site is optimized with the Yoast SEO plugin v27.2 - https:\/\/yoast.com\/product\/yoast-seo-wordpress\/ -->\n<title>Beaphar Veto Pure Bio pretparaz\u012btu pilieni (<\/title>\n<meta name=\"robots\" content=\"index, follow, max-snippet:-1, max-image-preview:large, max-video-preview:-1\" \/>\n<link rel=\"canonical\" href=\"https:\/\/miumjau.ee\/lv\/produkts\/beaphar-veto-pure-bio-pretparazitu-pilieni\/\" \/>\n<meta property=\"og:locale\" content=\"lv_LV\" \/>\n<meta property=\"og:type\" content=\"article\" \/>\n<meta property=\"og:title\" content=\"Beaphar Veto Pure Bio pretparaz\u012btu pilieni (\" \/>\n<meta property=\"og:description\" content=\"Lieto\u0161anas instrukcija: Lietot 1 pipeti (1,0 ml) ik p\u0113c 4 ned\u0113\u013c\u0101m. Nolauziet pipetes galu un izspiediet saturu uz dz\u012bvnieka \u0101das kakla zon\u0101, aiz aus\u012bm. Pilna iedarb\u012bba parasti tiek sasniegta da\u017eu dienu laik\u0101. Piesardz\u012bbas pas\u0101kumi: Nelietot slimiem vai atvese\u013cojo\u0161iem dz\u012bvniekiem vai dz\u012bvniekiem ar pla\u0161iem \u0101das boj\u0101jumiem. Izvair\u012bties no kontakta ar ac\u012bm un degunu. Ac\u012bm saskaroties, nekav\u0113joties skalot ar lielu \u016bdens daudzumu. Ja kairin\u0101jums turpin\u0101s, konsult\u0113jieties ar veterin\u0101r\u0101rstu. Nelietot kuc\u0113niem l\u012bdz 12 ned\u0113\u013cu vecumam. P\u0113c lieto\u0161anas regul\u0101ri p\u0101rbaud\u012bt apstr\u0101d\u0101to vietu, jo jut\u012bgiem dz\u012bvniekiem var rasties lok\u0101la kairin\u0101juma. \u0160\u0101dos gad\u012bjumos nomazg\u0101t vietu ar maigu \u0161amp\u016bnu. P\u0113c lieto\u0161anas nomazg\u0101t rokas. Tikai \u0101r\u0113jai lieto\u0161anai. Nelietot iek\u0161\u0137\u012bgi. Glab\u0101t zem 25\u00b0C.\" \/>\n<meta property=\"og:url\" content=\"https:\/\/miumjau.ee\/lv\/produkts\/beaphar-veto-pure-bio-pretparazitu-pilieni\/\" \/>\n<meta property=\"og:site_name\" content=\"MiuMjau\" \/>\n<meta property=\"article:publisher\" content=\"https:\/\/www.facebook.com\/miumjaupood\/\" \/>\n<meta property=\"article:modified_time\" content=\"2026-01-07T19:16:51+00:00\" \/>\n<meta property=\"og:image\" content=\"https:\/\/miumjau.ee\/wp-content\/uploads\/2025\/07\/beaphar-kassidele-koertele34.jpg\" \/>\n\t<meta property=\"og:image:width\" content=\"600\" \/>\n\t<meta property=\"og:image:height\" content=\"800\" \/>\n\t<meta property=\"og:image:type\" content=\"image\/jpeg\" \/>\n<meta name=\"twitter:card\" content=\"summary_large_image\" \/>\n<script type=\"application\/ld+json\" class=\"yoast-schema-graph\">{\"@context\":\"https:\/\/schema.org\",\"@graph\":[{\"@type\":\"WebPage\",\"@id\":\"https:\/\/miumjau.ee\/lv\/produkts\/beaphar-veto-pure-bio-pretparazitu-pilieni\/\",\"url\":\"https:\/\/miumjau.ee\/lv\/produkts\/beaphar-veto-pure-bio-pretparazitu-pilieni\/\",\"name\":\"Beaphar Veto Pure Bio pretparaz\u012btu pilieni (\",\"isPartOf\":{\"@id\":\"https:\/\/miumjau.ee\/#website\"},\"primaryImageOfPage\":{\"@id\":\"https:\/\/miumjau.ee\/lv\/produkts\/beaphar-veto-pure-bio-pretparazitu-pilieni\/#primaryimage\"},\"image\":{\"@id\":\"https:\/\/miumjau.ee\/lv\/produkts\/beaphar-veto-pure-bio-pretparazitu-pilieni\/#primaryimage\"},\"thumbnailUrl\":\"https:\/\/miumjau.ee\/wp-content\/uploads\/2025\/07\/beaphar-kassidele-koertele34.jpg\",\"datePublished\":\"2025-07-29T12:52:42+00:00\",\"dateModified\":\"2026-01-07T19:16:51+00:00\",\"breadcrumb\":{\"@id\":\"https:\/\/miumjau.ee\/lv\/produkts\/beaphar-veto-pure-bio-pretparazitu-pilieni\/#breadcrumb\"},\"inLanguage\":\"lv-LV\",\"potentialAction\":[{\"@type\":\"ReadAction\",\"target\":[\"https:\/\/miumjau.ee\/lv\/produkts\/beaphar-veto-pure-bio-pretparazitu-pilieni\/\"]}]},{\"@type\":\"ImageObject\",\"inLanguage\":\"lv-LV\",\"@id\":\"https:\/\/miumjau.ee\/lv\/produkts\/beaphar-veto-pure-bio-pretparazitu-pilieni\/#primaryimage\",\"url\":\"https:\/\/miumjau.ee\/wp-content\/uploads\/2025\/07\/beaphar-kassidele-koertele34.jpg\",\"contentUrl\":\"https:\/\/miumjau.ee\/wp-content\/uploads\/2025\/07\/beaphar-kassidele-koertele34.jpg\",\"width\":600,\"height\":800},{\"@type\":\"BreadcrumbList\",\"@id\":\"https:\/\/miumjau.ee\/lv\/produkts\/beaphar-veto-pure-bio-pretparazitu-pilieni\/#breadcrumb\",\"itemListElement\":[{\"@type\":\"ListItem\",\"position\":1,\"name\":\"Home\",\"item\":\"https:\/\/miumjau.ee\/lv\/\"},{\"@type\":\"ListItem\",\"position\":2,\"name\":\"Veikals\",\"item\":\"https:\/\/miumjau.ee\/lv\/veikals\/\"},{\"@type\":\"ListItem\",\"position\":3,\"name\":\"Beaphar Veto Pure Bio pretparaz\u012btu pilieni (\"}]},{\"@type\":\"WebSite\",\"@id\":\"https:\/\/miumjau.ee\/#website\",\"url\":\"https:\/\/miumjau.ee\/\",\"name\":\"MiuMjau\",\"description\":\"Kraapimispuud kassidele\",\"publisher\":{\"@id\":\"https:\/\/miumjau.ee\/#organization\"},\"potentialAction\":[{\"@type\":\"SearchAction\",\"target\":{\"@type\":\"EntryPoint\",\"urlTemplate\":\"https:\/\/miumjau.ee\/?s={search_term_string}\"},\"query-input\":{\"@type\":\"PropertyValueSpecification\",\"valueRequired\":true,\"valueName\":\"search_term_string\"}}],\"inLanguage\":\"lv-LV\"},{\"@type\":\"Organization\",\"@id\":\"https:\/\/miumjau.ee\/#organization\",\"name\":\"MiuMjau O\u00dc\",\"url\":\"https:\/\/miumjau.ee\/\",\"logo\":{\"@type\":\"ImageObject\",\"inLanguage\":\"lv-LV\",\"@id\":\"https:\/\/miumjau.ee\/#\/schema\/logo\/image\/\",\"url\":\"https:\/\/miumjau.ee\/wp-content\/uploads\/2022\/04\/MiuMjau-logo-kollane.png\",\"contentUrl\":\"https:\/\/miumjau.ee\/wp-content\/uploads\/2022\/04\/MiuMjau-logo-kollane.png\",\"width\":219,\"height\":100,\"caption\":\"MiuMjau O\u00dc\"},\"image\":{\"@id\":\"https:\/\/miumjau.ee\/#\/schema\/logo\/image\/\"},\"sameAs\":[\"https:\/\/www.facebook.com\/miumjaupood\/\"]}]}<\/script>\n<!-- \/ Yoast SEO plugin. -->","yoast_head_json":{"title":"Beaphar Veto Pure Bio pretparaz\u012btu pilieni (","robots":{"index":"index","follow":"follow","max-snippet":"max-snippet:-1","max-image-preview":"max-image-preview:large","max-video-preview":"max-video-preview:-1"},"canonical":"https:\/\/miumjau.ee\/lv\/produkts\/beaphar-veto-pure-bio-pretparazitu-pilieni\/","og_locale":"lv_LV","og_type":"article","og_title":"Beaphar Veto Pure Bio pretparaz\u012btu pilieni (","og_description":"Lieto\u0161anas instrukcija: Lietot 1 pipeti (1,0 ml) ik p\u0113c 4 ned\u0113\u013c\u0101m. Nolauziet pipetes galu un izspiediet saturu uz dz\u012bvnieka \u0101das kakla zon\u0101, aiz aus\u012bm. Pilna iedarb\u012bba parasti tiek sasniegta da\u017eu dienu laik\u0101. Piesardz\u012bbas pas\u0101kumi: Nelietot slimiem vai atvese\u013cojo\u0161iem dz\u012bvniekiem vai dz\u012bvniekiem ar pla\u0161iem \u0101das boj\u0101jumiem. Izvair\u012bties no kontakta ar ac\u012bm un degunu. Ac\u012bm saskaroties, nekav\u0113joties skalot ar lielu \u016bdens daudzumu. Ja kairin\u0101jums turpin\u0101s, konsult\u0113jieties ar veterin\u0101r\u0101rstu. Nelietot kuc\u0113niem l\u012bdz 12 ned\u0113\u013cu vecumam. P\u0113c lieto\u0161anas regul\u0101ri p\u0101rbaud\u012bt apstr\u0101d\u0101to vietu, jo jut\u012bgiem dz\u012bvniekiem var rasties lok\u0101la kairin\u0101juma. \u0160\u0101dos gad\u012bjumos nomazg\u0101t vietu ar maigu \u0161amp\u016bnu. P\u0113c lieto\u0161anas nomazg\u0101t rokas. Tikai \u0101r\u0113jai lieto\u0161anai. Nelietot iek\u0161\u0137\u012bgi. Glab\u0101t zem 25\u00b0C.","og_url":"https:\/\/miumjau.ee\/lv\/produkts\/beaphar-veto-pure-bio-pretparazitu-pilieni\/","og_site_name":"MiuMjau","article_publisher":"https:\/\/www.facebook.com\/miumjaupood\/","article_modified_time":"2026-01-07T19:16:51+00:00","og_image":[{"width":600,"height":800,"url":"https:\/\/miumjau.ee\/wp-content\/uploads\/2025\/07\/beaphar-kassidele-koertele34.jpg","type":"image\/jpeg"}],"twitter_card":"summary_large_image","schema":{"@context":"https:\/\/schema.org","@graph":[{"@type":"WebPage","@id":"https:\/\/miumjau.ee\/lv\/produkts\/beaphar-veto-pure-bio-pretparazitu-pilieni\/","url":"https:\/\/miumjau.ee\/lv\/produkts\/beaphar-veto-pure-bio-pretparazitu-pilieni\/","name":"Beaphar Veto Pure Bio pretparaz\u012btu pilieni (","isPartOf":{"@id":"https:\/\/miumjau.ee\/#website"},"primaryImageOfPage":{"@id":"https:\/\/miumjau.ee\/lv\/produkts\/beaphar-veto-pure-bio-pretparazitu-pilieni\/#primaryimage"},"image":{"@id":"https:\/\/miumjau.ee\/lv\/produkts\/beaphar-veto-pure-bio-pretparazitu-pilieni\/#primaryimage"},"thumbnailUrl":"https:\/\/miumjau.ee\/wp-content\/uploads\/2025\/07\/beaphar-kassidele-koertele34.jpg","datePublished":"2025-07-29T12:52:42+00:00","dateModified":"2026-01-07T19:16:51+00:00","breadcrumb":{"@id":"https:\/\/miumjau.ee\/lv\/produkts\/beaphar-veto-pure-bio-pretparazitu-pilieni\/#breadcrumb"},"inLanguage":"lv-LV","potentialAction":[{"@type":"ReadAction","target":["https:\/\/miumjau.ee\/lv\/produkts\/beaphar-veto-pure-bio-pretparazitu-pilieni\/"]}]},{"@type":"ImageObject","inLanguage":"lv-LV","@id":"https:\/\/miumjau.ee\/lv\/produkts\/beaphar-veto-pure-bio-pretparazitu-pilieni\/#primaryimage","url":"https:\/\/miumjau.ee\/wp-content\/uploads\/2025\/07\/beaphar-kassidele-koertele34.jpg","contentUrl":"https:\/\/miumjau.ee\/wp-content\/uploads\/2025\/07\/beaphar-kassidele-koertele34.jpg","width":600,"height":800},{"@type":"BreadcrumbList","@id":"https:\/\/miumjau.ee\/lv\/produkts\/beaphar-veto-pure-bio-pretparazitu-pilieni\/#breadcrumb","itemListElement":[{"@type":"ListItem","position":1,"name":"Home","item":"https:\/\/miumjau.ee\/lv\/"},{"@type":"ListItem","position":2,"name":"Veikals","item":"https:\/\/miumjau.ee\/lv\/veikals\/"},{"@type":"ListItem","position":3,"name":"Beaphar Veto Pure Bio pretparaz\u012btu pilieni ("}]},{"@type":"WebSite","@id":"https:\/\/miumjau.ee\/#website","url":"https:\/\/miumjau.ee\/","name":"MiuMjau","description":"Kraapimispuud kassidele","publisher":{"@id":"https:\/\/miumjau.ee\/#organization"},"potentialAction":[{"@type":"SearchAction","target":{"@type":"EntryPoint","urlTemplate":"https:\/\/miumjau.ee\/?s={search_term_string}"},"query-input":{"@type":"PropertyValueSpecification","valueRequired":true,"valueName":"search_term_string"}}],"inLanguage":"lv-LV"},{"@type":"Organization","@id":"https:\/\/miumjau.ee\/#organization","name":"MiuMjau O\u00dc","url":"https:\/\/miumjau.ee\/","logo":{"@type":"ImageObject","inLanguage":"lv-LV","@id":"https:\/\/miumjau.ee\/#\/schema\/logo\/image\/","url":"https:\/\/miumjau.ee\/wp-content\/uploads\/2022\/04\/MiuMjau-logo-kollane.png","contentUrl":"https:\/\/miumjau.ee\/wp-content\/uploads\/2022\/04\/MiuMjau-logo-kollane.png","width":219,"height":100,"caption":"MiuMjau O\u00dc"},"image":{"@id":"https:\/\/miumjau.ee\/#\/schema\/logo\/image\/"},"sameAs":["https:\/\/www.facebook.com\/miumjaupood\/"]}]}},"_links":{"self":[{"href":"https:\/\/miumjau.ee\/lv\/wp-json\/wp\/v2\/product\/49137","targetHints":{"allow":["GET"]}}],"collection":[{"href":"https:\/\/miumjau.ee\/lv\/wp-json\/wp\/v2\/product"}],"about":[{"href":"https:\/\/miumjau.ee\/lv\/wp-json\/wp\/v2\/types\/product"}],"wp:featuredmedia":[{"embeddable":true,"href":"https:\/\/miumjau.ee\/lv\/wp-json\/wp\/v2\/media\/49138"}],"wp:attachment":[{"href":"https:\/\/miumjau.ee\/lv\/wp-json\/wp\/v2\/media?parent=49137"}],"wp:term":[{"taxonomy":"product_brand","embeddable":true,"href":"https:\/\/miumjau.ee\/lv\/wp-json\/wp\/v2\/product_brand?post=49137"},{"taxonomy":"product_cat","embeddable":true,"href":"https:\/\/miumjau.ee\/lv\/wp-json\/wp\/v2\/product_cat?post=49137"},{"taxonomy":"product_tag","embeddable":true,"href":"https:\/\/miumjau.ee\/lv\/wp-json\/wp\/v2\/product_tag?post=49137"}],"curies":[{"name":"wp","href":"https:\/\/api.w.org\/{rel}","templated":true}]}}