{"id":49125,"date":"2025-07-29T15:19:46","date_gmt":"2025-07-29T12:19:46","guid":{"rendered":"https:\/\/miumjau.ee\/toode\/beaphar-pretparazitu-pilieni-kakiem-3x1-ml\/"},"modified":"2026-01-07T21:16:51","modified_gmt":"2026-01-07T19:16:51","slug":"beaphar-pretparazitu-pilieni-kakiem-3x1-ml","status":"publish","type":"product","link":"https:\/\/miumjau.ee\/lv\/produkts\/beaphar-pretparazitu-pilieni-kakiem-3x1-ml\/","title":{"rendered":"Beaphar pretparaz\u012btu pilieni ka\u0137iem 3&#215;1 ml"},"content":{"rendered":"","protected":false},"excerpt":{"rendered":"<p data-start=\"2494\" data-end=\"2658\">Beaphar <strong data-start=\"2502\" data-end=\"2529\">IMMO SHIELD LINE-ON CAT<\/strong> pilieni ar dimetikonu ka\u0137iem (1\u201310 kg), 3 x 1 ml.<br data-start=\"2579\" data-end=\"2582\" \/>Padara \u0101r\u0113jos paraz\u012btus nekust\u012bgus, izmantojot fizisko darb\u012bbas meh\u0101nismu.<\/p>\n<p data-start=\"2660\" data-end=\"3115\"><strong data-start=\"2660\" data-end=\"2672\">Sast\u0101vs:<\/strong> Dimetikons 474 g\/l, alveja 5 g\/l, arom\u0101ts 10 g\/l. Netoksisks. Nealer\u0123isks. \u0100tri iedarbojas. Neizraisa atkar\u012bbu. Immobiliz\u0113 kukai\u0146us. Iedarbojas uz paraz\u012btiem visos att\u012bst\u012bbas posmos. Neitraliz\u0113 blusas, \u0113rces, odi, utis un smil\u0161u mu\u0161as meh\u0101niski. Dimetikons veido pl\u0113v\u012bti, kas fiziolo\u0123iski blo\u0137\u0113 paraz\u012bta loc\u012btavas un darbojas k\u0101 lip\u012bga slazda. Piln\u012bb\u0101 iedarbojas uz vis\u0101m blusu dz\u012bves cikla stadij\u0101m. Produkts nesatur \u0137\u012bmiskus insektic\u012bdus.<\/p>\n<p data-start=\"3117\" data-end=\"3305\"><strong data-start=\"3117\" data-end=\"3144\">Lieto\u0161anas instrukcija:<\/strong> Turiet pipeti vertik\u0101li un nolauziet galu. Uzkl\u0101jiet vienas pipetes saturu gar muguru no kakla l\u012bdz astei. Nepiecie\u0161am\u012bbas gad\u012bjum\u0101 atk\u0101rtojiet p\u0113c 4 ned\u0113\u013c\u0101m.<\/p>\n<p data-start=\"3307\" data-end=\"3523\"><strong data-start=\"3307\" data-end=\"3323\">Br\u012bdin\u0101jumi:<\/strong> Tikai \u0101r\u0113jai lieto\u0161anai. Nelietot boj\u0101tai \u0101dai. Izvair\u012bties no kontakta ar ac\u012bm. Ac\u012bm saskaroties, skalot ar \u016bdeni. Nelietot gr\u016bsn\u012bbas vai z\u012bd\u012b\u0161anas laik\u0101. Nelietot kuc\u0113niem l\u012bdz 12 ned\u0113\u013cu vecumam.<\/p>\n<p data-start=\"3525\" data-end=\"3564\"><strong data-start=\"3525\" data-end=\"3538\">Ra\u017eot\u0101js:<\/strong> Beaphar BV, N\u012bderlande.<\/p>\n","protected":false},"featured_media":49126,"template":"","meta":[],"product_brand":[],"product_cat":[589],"product_tag":[],"class_list":{"0":"post-49125","1":"product","2":"type-product","3":"status-publish","4":"has-post-thumbnail","6":"product_cat-citi-piederumi","8":"first","9":"instock","10":"taxable","11":"shipping-taxable","12":"purchasable","13":"product-type-simple"},"yoast_head":"<!-- This site is optimized with the Yoast SEO plugin v27.2 - https:\/\/yoast.com\/product\/yoast-seo-wordpress\/ -->\n<title>Beaphar pretparaz\u012btu pilieni ka\u0137iem 3x1 ml - MiuMjau<\/title>\n<meta name=\"robots\" content=\"index, follow, max-snippet:-1, max-image-preview:large, max-video-preview:-1\" \/>\n<link rel=\"canonical\" href=\"https:\/\/miumjau.ee\/lv\/produkts\/beaphar-pretparazitu-pilieni-kakiem-3x1-ml\/\" \/>\n<meta property=\"og:locale\" content=\"lv_LV\" \/>\n<meta property=\"og:type\" content=\"article\" \/>\n<meta property=\"og:title\" content=\"Beaphar pretparaz\u012btu pilieni ka\u0137iem 3x1 ml - MiuMjau\" \/>\n<meta property=\"og:description\" content=\"Beaphar IMMO SHIELD LINE-ON CAT pilieni ar dimetikonu ka\u0137iem (1\u201310 kg), 3 x 1 ml.Padara \u0101r\u0113jos paraz\u012btus nekust\u012bgus, izmantojot fizisko darb\u012bbas meh\u0101nismu. Sast\u0101vs: Dimetikons 474 g\/l, alveja 5 g\/l, arom\u0101ts 10 g\/l. Netoksisks. Nealer\u0123isks. \u0100tri iedarbojas. Neizraisa atkar\u012bbu. Immobiliz\u0113 kukai\u0146us. Iedarbojas uz paraz\u012btiem visos att\u012bst\u012bbas posmos. Neitraliz\u0113 blusas, \u0113rces, odi, utis un smil\u0161u mu\u0161as meh\u0101niski. Dimetikons veido pl\u0113v\u012bti, kas fiziolo\u0123iski blo\u0137\u0113 paraz\u012bta loc\u012btavas un darbojas k\u0101 lip\u012bga slazda. Piln\u012bb\u0101 iedarbojas uz vis\u0101m blusu dz\u012bves cikla stadij\u0101m. Produkts nesatur \u0137\u012bmiskus insektic\u012bdus. Lieto\u0161anas instrukcija: Turiet pipeti vertik\u0101li un nolauziet galu. Uzkl\u0101jiet vienas pipetes saturu gar muguru no kakla l\u012bdz astei. Nepiecie\u0161am\u012bbas gad\u012bjum\u0101 atk\u0101rtojiet p\u0113c 4 ned\u0113\u013c\u0101m. Br\u012bdin\u0101jumi: Tikai \u0101r\u0113jai lieto\u0161anai. Nelietot boj\u0101tai \u0101dai. Izvair\u012bties no kontakta ar ac\u012bm. Ac\u012bm saskaroties, skalot ar \u016bdeni. Nelietot gr\u016bsn\u012bbas vai z\u012bd\u012b\u0161anas laik\u0101. Nelietot kuc\u0113niem l\u012bdz 12 ned\u0113\u013cu vecumam. Ra\u017eot\u0101js: Beaphar BV, N\u012bderlande.\" \/>\n<meta property=\"og:url\" content=\"https:\/\/miumjau.ee\/lv\/produkts\/beaphar-pretparazitu-pilieni-kakiem-3x1-ml\/\" \/>\n<meta property=\"og:site_name\" content=\"MiuMjau\" \/>\n<meta property=\"article:publisher\" content=\"https:\/\/www.facebook.com\/miumjaupood\/\" \/>\n<meta property=\"article:modified_time\" content=\"2026-01-07T19:16:51+00:00\" \/>\n<meta property=\"og:image\" content=\"https:\/\/miumjau.ee\/wp-content\/uploads\/2025\/07\/beaphar-kassidele-koertele23.jpg\" \/>\n\t<meta property=\"og:image:width\" content=\"600\" \/>\n\t<meta property=\"og:image:height\" content=\"800\" \/>\n\t<meta property=\"og:image:type\" content=\"image\/jpeg\" \/>\n<meta name=\"twitter:card\" content=\"summary_large_image\" \/>\n<script type=\"application\/ld+json\" class=\"yoast-schema-graph\">{\"@context\":\"https:\/\/schema.org\",\"@graph\":[{\"@type\":\"WebPage\",\"@id\":\"https:\/\/miumjau.ee\/lv\/produkts\/beaphar-pretparazitu-pilieni-kakiem-3x1-ml\/\",\"url\":\"https:\/\/miumjau.ee\/lv\/produkts\/beaphar-pretparazitu-pilieni-kakiem-3x1-ml\/\",\"name\":\"Beaphar pretparaz\u012btu pilieni ka\u0137iem 3x1 ml - MiuMjau\",\"isPartOf\":{\"@id\":\"https:\/\/miumjau.ee\/#website\"},\"primaryImageOfPage\":{\"@id\":\"https:\/\/miumjau.ee\/lv\/produkts\/beaphar-pretparazitu-pilieni-kakiem-3x1-ml\/#primaryimage\"},\"image\":{\"@id\":\"https:\/\/miumjau.ee\/lv\/produkts\/beaphar-pretparazitu-pilieni-kakiem-3x1-ml\/#primaryimage\"},\"thumbnailUrl\":\"https:\/\/miumjau.ee\/wp-content\/uploads\/2025\/07\/beaphar-kassidele-koertele23.jpg\",\"datePublished\":\"2025-07-29T12:19:46+00:00\",\"dateModified\":\"2026-01-07T19:16:51+00:00\",\"breadcrumb\":{\"@id\":\"https:\/\/miumjau.ee\/lv\/produkts\/beaphar-pretparazitu-pilieni-kakiem-3x1-ml\/#breadcrumb\"},\"inLanguage\":\"lv-LV\",\"potentialAction\":[{\"@type\":\"ReadAction\",\"target\":[\"https:\/\/miumjau.ee\/lv\/produkts\/beaphar-pretparazitu-pilieni-kakiem-3x1-ml\/\"]}]},{\"@type\":\"ImageObject\",\"inLanguage\":\"lv-LV\",\"@id\":\"https:\/\/miumjau.ee\/lv\/produkts\/beaphar-pretparazitu-pilieni-kakiem-3x1-ml\/#primaryimage\",\"url\":\"https:\/\/miumjau.ee\/wp-content\/uploads\/2025\/07\/beaphar-kassidele-koertele23.jpg\",\"contentUrl\":\"https:\/\/miumjau.ee\/wp-content\/uploads\/2025\/07\/beaphar-kassidele-koertele23.jpg\",\"width\":600,\"height\":800},{\"@type\":\"BreadcrumbList\",\"@id\":\"https:\/\/miumjau.ee\/lv\/produkts\/beaphar-pretparazitu-pilieni-kakiem-3x1-ml\/#breadcrumb\",\"itemListElement\":[{\"@type\":\"ListItem\",\"position\":1,\"name\":\"Home\",\"item\":\"https:\/\/miumjau.ee\/lv\/\"},{\"@type\":\"ListItem\",\"position\":2,\"name\":\"Veikals\",\"item\":\"https:\/\/miumjau.ee\/lv\/veikals\/\"},{\"@type\":\"ListItem\",\"position\":3,\"name\":\"Beaphar pretparaz\u012btu pilieni ka\u0137iem 3&#215;1 ml\"}]},{\"@type\":\"WebSite\",\"@id\":\"https:\/\/miumjau.ee\/#website\",\"url\":\"https:\/\/miumjau.ee\/\",\"name\":\"MiuMjau\",\"description\":\"Kraapimispuud kassidele\",\"publisher\":{\"@id\":\"https:\/\/miumjau.ee\/#organization\"},\"potentialAction\":[{\"@type\":\"SearchAction\",\"target\":{\"@type\":\"EntryPoint\",\"urlTemplate\":\"https:\/\/miumjau.ee\/?s={search_term_string}\"},\"query-input\":{\"@type\":\"PropertyValueSpecification\",\"valueRequired\":true,\"valueName\":\"search_term_string\"}}],\"inLanguage\":\"lv-LV\"},{\"@type\":\"Organization\",\"@id\":\"https:\/\/miumjau.ee\/#organization\",\"name\":\"MiuMjau O\u00dc\",\"url\":\"https:\/\/miumjau.ee\/\",\"logo\":{\"@type\":\"ImageObject\",\"inLanguage\":\"lv-LV\",\"@id\":\"https:\/\/miumjau.ee\/#\/schema\/logo\/image\/\",\"url\":\"https:\/\/miumjau.ee\/wp-content\/uploads\/2022\/04\/MiuMjau-logo-kollane.png\",\"contentUrl\":\"https:\/\/miumjau.ee\/wp-content\/uploads\/2022\/04\/MiuMjau-logo-kollane.png\",\"width\":219,\"height\":100,\"caption\":\"MiuMjau O\u00dc\"},\"image\":{\"@id\":\"https:\/\/miumjau.ee\/#\/schema\/logo\/image\/\"},\"sameAs\":[\"https:\/\/www.facebook.com\/miumjaupood\/\"]}]}<\/script>\n<!-- \/ Yoast SEO plugin. -->","yoast_head_json":{"title":"Beaphar pretparaz\u012btu pilieni ka\u0137iem 3x1 ml - MiuMjau","robots":{"index":"index","follow":"follow","max-snippet":"max-snippet:-1","max-image-preview":"max-image-preview:large","max-video-preview":"max-video-preview:-1"},"canonical":"https:\/\/miumjau.ee\/lv\/produkts\/beaphar-pretparazitu-pilieni-kakiem-3x1-ml\/","og_locale":"lv_LV","og_type":"article","og_title":"Beaphar pretparaz\u012btu pilieni ka\u0137iem 3x1 ml - MiuMjau","og_description":"Beaphar IMMO SHIELD LINE-ON CAT pilieni ar dimetikonu ka\u0137iem (1\u201310 kg), 3 x 1 ml.Padara \u0101r\u0113jos paraz\u012btus nekust\u012bgus, izmantojot fizisko darb\u012bbas meh\u0101nismu. Sast\u0101vs: Dimetikons 474 g\/l, alveja 5 g\/l, arom\u0101ts 10 g\/l. Netoksisks. Nealer\u0123isks. \u0100tri iedarbojas. Neizraisa atkar\u012bbu. Immobiliz\u0113 kukai\u0146us. Iedarbojas uz paraz\u012btiem visos att\u012bst\u012bbas posmos. Neitraliz\u0113 blusas, \u0113rces, odi, utis un smil\u0161u mu\u0161as meh\u0101niski. Dimetikons veido pl\u0113v\u012bti, kas fiziolo\u0123iski blo\u0137\u0113 paraz\u012bta loc\u012btavas un darbojas k\u0101 lip\u012bga slazda. Piln\u012bb\u0101 iedarbojas uz vis\u0101m blusu dz\u012bves cikla stadij\u0101m. Produkts nesatur \u0137\u012bmiskus insektic\u012bdus. Lieto\u0161anas instrukcija: Turiet pipeti vertik\u0101li un nolauziet galu. Uzkl\u0101jiet vienas pipetes saturu gar muguru no kakla l\u012bdz astei. Nepiecie\u0161am\u012bbas gad\u012bjum\u0101 atk\u0101rtojiet p\u0113c 4 ned\u0113\u013c\u0101m. Br\u012bdin\u0101jumi: Tikai \u0101r\u0113jai lieto\u0161anai. Nelietot boj\u0101tai \u0101dai. Izvair\u012bties no kontakta ar ac\u012bm. Ac\u012bm saskaroties, skalot ar \u016bdeni. Nelietot gr\u016bsn\u012bbas vai z\u012bd\u012b\u0161anas laik\u0101. Nelietot kuc\u0113niem l\u012bdz 12 ned\u0113\u013cu vecumam. Ra\u017eot\u0101js: Beaphar BV, N\u012bderlande.","og_url":"https:\/\/miumjau.ee\/lv\/produkts\/beaphar-pretparazitu-pilieni-kakiem-3x1-ml\/","og_site_name":"MiuMjau","article_publisher":"https:\/\/www.facebook.com\/miumjaupood\/","article_modified_time":"2026-01-07T19:16:51+00:00","og_image":[{"width":600,"height":800,"url":"https:\/\/miumjau.ee\/wp-content\/uploads\/2025\/07\/beaphar-kassidele-koertele23.jpg","type":"image\/jpeg"}],"twitter_card":"summary_large_image","schema":{"@context":"https:\/\/schema.org","@graph":[{"@type":"WebPage","@id":"https:\/\/miumjau.ee\/lv\/produkts\/beaphar-pretparazitu-pilieni-kakiem-3x1-ml\/","url":"https:\/\/miumjau.ee\/lv\/produkts\/beaphar-pretparazitu-pilieni-kakiem-3x1-ml\/","name":"Beaphar pretparaz\u012btu pilieni ka\u0137iem 3x1 ml - MiuMjau","isPartOf":{"@id":"https:\/\/miumjau.ee\/#website"},"primaryImageOfPage":{"@id":"https:\/\/miumjau.ee\/lv\/produkts\/beaphar-pretparazitu-pilieni-kakiem-3x1-ml\/#primaryimage"},"image":{"@id":"https:\/\/miumjau.ee\/lv\/produkts\/beaphar-pretparazitu-pilieni-kakiem-3x1-ml\/#primaryimage"},"thumbnailUrl":"https:\/\/miumjau.ee\/wp-content\/uploads\/2025\/07\/beaphar-kassidele-koertele23.jpg","datePublished":"2025-07-29T12:19:46+00:00","dateModified":"2026-01-07T19:16:51+00:00","breadcrumb":{"@id":"https:\/\/miumjau.ee\/lv\/produkts\/beaphar-pretparazitu-pilieni-kakiem-3x1-ml\/#breadcrumb"},"inLanguage":"lv-LV","potentialAction":[{"@type":"ReadAction","target":["https:\/\/miumjau.ee\/lv\/produkts\/beaphar-pretparazitu-pilieni-kakiem-3x1-ml\/"]}]},{"@type":"ImageObject","inLanguage":"lv-LV","@id":"https:\/\/miumjau.ee\/lv\/produkts\/beaphar-pretparazitu-pilieni-kakiem-3x1-ml\/#primaryimage","url":"https:\/\/miumjau.ee\/wp-content\/uploads\/2025\/07\/beaphar-kassidele-koertele23.jpg","contentUrl":"https:\/\/miumjau.ee\/wp-content\/uploads\/2025\/07\/beaphar-kassidele-koertele23.jpg","width":600,"height":800},{"@type":"BreadcrumbList","@id":"https:\/\/miumjau.ee\/lv\/produkts\/beaphar-pretparazitu-pilieni-kakiem-3x1-ml\/#breadcrumb","itemListElement":[{"@type":"ListItem","position":1,"name":"Home","item":"https:\/\/miumjau.ee\/lv\/"},{"@type":"ListItem","position":2,"name":"Veikals","item":"https:\/\/miumjau.ee\/lv\/veikals\/"},{"@type":"ListItem","position":3,"name":"Beaphar pretparaz\u012btu pilieni ka\u0137iem 3&#215;1 ml"}]},{"@type":"WebSite","@id":"https:\/\/miumjau.ee\/#website","url":"https:\/\/miumjau.ee\/","name":"MiuMjau","description":"Kraapimispuud kassidele","publisher":{"@id":"https:\/\/miumjau.ee\/#organization"},"potentialAction":[{"@type":"SearchAction","target":{"@type":"EntryPoint","urlTemplate":"https:\/\/miumjau.ee\/?s={search_term_string}"},"query-input":{"@type":"PropertyValueSpecification","valueRequired":true,"valueName":"search_term_string"}}],"inLanguage":"lv-LV"},{"@type":"Organization","@id":"https:\/\/miumjau.ee\/#organization","name":"MiuMjau O\u00dc","url":"https:\/\/miumjau.ee\/","logo":{"@type":"ImageObject","inLanguage":"lv-LV","@id":"https:\/\/miumjau.ee\/#\/schema\/logo\/image\/","url":"https:\/\/miumjau.ee\/wp-content\/uploads\/2022\/04\/MiuMjau-logo-kollane.png","contentUrl":"https:\/\/miumjau.ee\/wp-content\/uploads\/2022\/04\/MiuMjau-logo-kollane.png","width":219,"height":100,"caption":"MiuMjau O\u00dc"},"image":{"@id":"https:\/\/miumjau.ee\/#\/schema\/logo\/image\/"},"sameAs":["https:\/\/www.facebook.com\/miumjaupood\/"]}]}},"_links":{"self":[{"href":"https:\/\/miumjau.ee\/lv\/wp-json\/wp\/v2\/product\/49125","targetHints":{"allow":["GET"]}}],"collection":[{"href":"https:\/\/miumjau.ee\/lv\/wp-json\/wp\/v2\/product"}],"about":[{"href":"https:\/\/miumjau.ee\/lv\/wp-json\/wp\/v2\/types\/product"}],"wp:featuredmedia":[{"embeddable":true,"href":"https:\/\/miumjau.ee\/lv\/wp-json\/wp\/v2\/media\/49126"}],"wp:attachment":[{"href":"https:\/\/miumjau.ee\/lv\/wp-json\/wp\/v2\/media?parent=49125"}],"wp:term":[{"taxonomy":"product_brand","embeddable":true,"href":"https:\/\/miumjau.ee\/lv\/wp-json\/wp\/v2\/product_brand?post=49125"},{"taxonomy":"product_cat","embeddable":true,"href":"https:\/\/miumjau.ee\/lv\/wp-json\/wp\/v2\/product_cat?post=49125"},{"taxonomy":"product_tag","embeddable":true,"href":"https:\/\/miumjau.ee\/lv\/wp-json\/wp\/v2\/product_tag?post=49125"}],"curies":[{"name":"wp","href":"https:\/\/api.w.org\/{rel}","templated":true}]}}