{"id":49119,"date":"2025-07-29T15:06:37","date_gmt":"2025-07-29T12:06:37","guid":{"rendered":"https:\/\/miumjau.ee\/toode\/beaphar-bio-band-plus-kukainu-apkakle-kakiem-35-cm\/"},"modified":"2026-01-07T21:16:51","modified_gmt":"2026-01-07T19:16:51","slug":"beaphar-bio-band-plus-kukainu-apkakle-kakiem-35-cm","status":"publish","type":"product","link":"https:\/\/miumjau.ee\/lv\/produkts\/beaphar-bio-band-plus-kukainu-apkakle-kakiem-35-cm\/","title":{"rendered":"Beaphar Bio Band Plus kukai\u0146u apkakle ka\u0137iem 35 cm"},"content":{"rendered":"","protected":false},"excerpt":{"rendered":"<p data-start=\"3455\" data-end=\"3778\">Bio Band kukai\u0146u atbaid\u012b\u0161anas apkakle piem\u0113rota ka\u0137iem no 12 ned\u0113\u013c\u0101m. Akt\u012bv\u0101s vielas izplat\u0101s pa apmatojumu un atbaida asinss\u016bco\u0161us kukai\u0146us (blusas, odi un \u0113rces). Turkl\u0101t apkakle nodro\u0161ina dz\u012bvniekam pat\u012bkamu, svaigu arom\u0101tu. Apkakles garums ir individu\u0101li regul\u0113jams, maksim\u0101lais garums 35 cm. Darb\u012bbas ilgums: 4 m\u0113ne\u0161i.<\/p>\n<p data-start=\"3780\" data-end=\"3856\"><strong data-start=\"3780\" data-end=\"3799\">Akt\u012bv\u0101s vielas:<\/strong> Neem koka ekstrakts 20,4 g\/kg, lavand\u012bna e\u013c\u013ca 15,3 g\/kg.<\/p>\n<p data-start=\"3858\" data-end=\"4174\"><strong data-start=\"3858\" data-end=\"3884\">Lieto\u0161anas nor\u0101d\u012bjumi:<\/strong> Atveriet iepakojumu tie\u0161i pirms lieto\u0161anas un piestipriniet apkakli br\u012bvi ap ka\u0137a kaklu. Starp apkakli un kaklu j\u0101ietilpst diviem pirkstiem. P\u0101rpaliku\u0161o da\u013cu nogrieziet aiz spr\u0101dzes. Ja ka\u0137is aug, regul\u0113jiet apkakli atbilsto\u0161i aug\u0161anai. Apkakle sasniedz pilnu efektivit\u0101ti 5\u20137 dienu laik\u0101.<\/p>\n<p data-start=\"4176\" data-end=\"4259\"><strong data-start=\"4176\" data-end=\"4192\">Br\u012bdin\u0101jumi:<\/strong> Satur linalolu un lavand\u012bna e\u013c\u013cu. Var izrais\u012bt aler\u0123isku reakciju.<\/p>\n<p data-start=\"4261\" data-end=\"4392\"><strong data-start=\"4261\" data-end=\"4281\">Blakuspar\u0101d\u012bbas:<\/strong> \u012apa\u0161i jut\u012bgiem dz\u012bvniekiem un cilv\u0113kiem kontakts ar l\u012bdzekli var izrais\u012bt \u0101das kairin\u0101jumu\/aler\u0123isku reakciju.<\/p>\n<p data-start=\"4394\" data-end=\"4416\"><strong data-start=\"4394\" data-end=\"4414\">Pirm\u0101 pal\u012bdz\u012bba:<\/strong><\/p>\n<ul data-start=\"4417\" data-end=\"4827\">\n<li data-start=\"4417\" data-end=\"4477\">\n<p data-start=\"4419\" data-end=\"4477\">\u0100das kontakt\u0101: Mazg\u0101t ar lielu daudzumu ziepju un \u016bdens.<\/p>\n<\/li>\n<li data-start=\"4478\" data-end=\"4535\">\n<p data-start=\"4480\" data-end=\"4535\">Ac\u012bs: Nekav\u0113joties skalot ar \u016bdeni vismaz 10 min\u016btes.<\/p>\n<\/li>\n<li data-start=\"4536\" data-end=\"4688\">\n<p data-start=\"4538\" data-end=\"4688\">Norijot: Izrais\u012bt vem\u0161anu. Nekav\u0113joties v\u0113rsties pie \u0101rsta un uzr\u0101d\u012bt iepakojumu vai eti\u0137eti. Dot aktiv\u0113t\u0101s ogles \u016bdens \u0161\u0137\u012bdumu vai \u0161\u0137idru paraf\u012bnu.<\/p>\n<\/li>\n<li data-start=\"4689\" data-end=\"4827\">\n<p data-start=\"4691\" data-end=\"4827\">Ieelpojot: Izv\u0113din\u0101t telpas. Negad\u012bjuma gad\u012bjum\u0101 izvest cietu\u0161o svaig\u0101 gais\u0101 un novietot gu\u013cus. Ja slikta pa\u0161saj\u016bta, v\u0113rsties pie \u0101rsta.<\/p>\n<\/li>\n<\/ul>\n<p data-start=\"4829\" data-end=\"4907\"><strong data-start=\"4829\" data-end=\"4853\">Dro\u0161\u012bbas nor\u0101d\u012bjumi:<\/strong> R\u012bkoties saska\u0146\u0101 ar dro\u0161\u012bbas pras\u012bb\u0101m. Satur bioc\u012bdu.<\/p>\n","protected":false},"featured_media":49120,"template":"","meta":[],"product_brand":[],"product_cat":[589],"product_tag":[],"class_list":{"0":"post-49119","1":"product","2":"type-product","3":"status-publish","4":"has-post-thumbnail","6":"product_cat-citi-piederumi","8":"first","9":"instock","10":"taxable","11":"shipping-taxable","12":"purchasable","13":"product-type-simple"},"yoast_head":"<!-- This site is optimized with the Yoast SEO plugin v27.2 - https:\/\/yoast.com\/product\/yoast-seo-wordpress\/ -->\n<title>Beaphar Bio Band Plus kukai\u0146u apkakle ka\u0137iem 35 cm - MiuMjau<\/title>\n<meta name=\"robots\" content=\"index, follow, max-snippet:-1, max-image-preview:large, max-video-preview:-1\" \/>\n<link rel=\"canonical\" href=\"https:\/\/miumjau.ee\/lv\/produkts\/beaphar-bio-band-plus-kukainu-apkakle-kakiem-35-cm\/\" \/>\n<meta property=\"og:locale\" content=\"lv_LV\" \/>\n<meta property=\"og:type\" content=\"article\" \/>\n<meta property=\"og:title\" content=\"Beaphar Bio Band Plus kukai\u0146u apkakle ka\u0137iem 35 cm - MiuMjau\" \/>\n<meta property=\"og:description\" content=\"Bio Band kukai\u0146u atbaid\u012b\u0161anas apkakle piem\u0113rota ka\u0137iem no 12 ned\u0113\u013c\u0101m. Akt\u012bv\u0101s vielas izplat\u0101s pa apmatojumu un atbaida asinss\u016bco\u0161us kukai\u0146us (blusas, odi un \u0113rces). Turkl\u0101t apkakle nodro\u0161ina dz\u012bvniekam pat\u012bkamu, svaigu arom\u0101tu. Apkakles garums ir individu\u0101li regul\u0113jams, maksim\u0101lais garums 35 cm. Darb\u012bbas ilgums: 4 m\u0113ne\u0161i. Akt\u012bv\u0101s vielas: Neem koka ekstrakts 20,4 g\/kg, lavand\u012bna e\u013c\u013ca 15,3 g\/kg. Lieto\u0161anas nor\u0101d\u012bjumi: Atveriet iepakojumu tie\u0161i pirms lieto\u0161anas un piestipriniet apkakli br\u012bvi ap ka\u0137a kaklu. Starp apkakli un kaklu j\u0101ietilpst diviem pirkstiem. P\u0101rpaliku\u0161o da\u013cu nogrieziet aiz spr\u0101dzes. Ja ka\u0137is aug, regul\u0113jiet apkakli atbilsto\u0161i aug\u0161anai. Apkakle sasniedz pilnu efektivit\u0101ti 5\u20137 dienu laik\u0101. Br\u012bdin\u0101jumi: Satur linalolu un lavand\u012bna e\u013c\u013cu. Var izrais\u012bt aler\u0123isku reakciju. Blakuspar\u0101d\u012bbas: \u012apa\u0161i jut\u012bgiem dz\u012bvniekiem un cilv\u0113kiem kontakts ar l\u012bdzekli var izrais\u012bt \u0101das kairin\u0101jumu\/aler\u0123isku reakciju. Pirm\u0101 pal\u012bdz\u012bba:     \u0100das kontakt\u0101: Mazg\u0101t ar lielu daudzumu ziepju un \u016bdens.    Ac\u012bs: Nekav\u0113joties skalot ar \u016bdeni vismaz 10 min\u016btes.    Norijot: Izrais\u012bt vem\u0161anu. Nekav\u0113joties v\u0113rsties pie \u0101rsta un uzr\u0101d\u012bt iepakojumu vai eti\u0137eti. Dot aktiv\u0113t\u0101s ogles \u016bdens \u0161\u0137\u012bdumu vai \u0161\u0137idru paraf\u012bnu.    Ieelpojot: Izv\u0113din\u0101t telpas. Negad\u012bjuma gad\u012bjum\u0101 izvest cietu\u0161o svaig\u0101 gais\u0101 un novietot gu\u013cus. Ja slikta pa\u0161saj\u016bta, v\u0113rsties pie \u0101rsta.   Dro\u0161\u012bbas nor\u0101d\u012bjumi: R\u012bkoties saska\u0146\u0101 ar dro\u0161\u012bbas pras\u012bb\u0101m. Satur bioc\u012bdu.\" \/>\n<meta property=\"og:url\" content=\"https:\/\/miumjau.ee\/lv\/produkts\/beaphar-bio-band-plus-kukainu-apkakle-kakiem-35-cm\/\" \/>\n<meta property=\"og:site_name\" content=\"MiuMjau\" \/>\n<meta property=\"article:publisher\" content=\"https:\/\/www.facebook.com\/miumjaupood\/\" \/>\n<meta property=\"article:modified_time\" content=\"2026-01-07T19:16:51+00:00\" \/>\n<meta property=\"og:image\" content=\"https:\/\/miumjau.ee\/wp-content\/uploads\/2025\/07\/beaphar-kassidele-koertele26.jpg\" \/>\n\t<meta property=\"og:image:width\" content=\"600\" \/>\n\t<meta property=\"og:image:height\" content=\"800\" \/>\n\t<meta property=\"og:image:type\" content=\"image\/jpeg\" \/>\n<meta name=\"twitter:card\" content=\"summary_large_image\" \/>\n<script type=\"application\/ld+json\" class=\"yoast-schema-graph\">{\"@context\":\"https:\/\/schema.org\",\"@graph\":[{\"@type\":\"WebPage\",\"@id\":\"https:\/\/miumjau.ee\/lv\/produkts\/beaphar-bio-band-plus-kukainu-apkakle-kakiem-35-cm\/\",\"url\":\"https:\/\/miumjau.ee\/lv\/produkts\/beaphar-bio-band-plus-kukainu-apkakle-kakiem-35-cm\/\",\"name\":\"Beaphar Bio Band Plus kukai\u0146u apkakle ka\u0137iem 35 cm - MiuMjau\",\"isPartOf\":{\"@id\":\"https:\/\/miumjau.ee\/#website\"},\"primaryImageOfPage\":{\"@id\":\"https:\/\/miumjau.ee\/lv\/produkts\/beaphar-bio-band-plus-kukainu-apkakle-kakiem-35-cm\/#primaryimage\"},\"image\":{\"@id\":\"https:\/\/miumjau.ee\/lv\/produkts\/beaphar-bio-band-plus-kukainu-apkakle-kakiem-35-cm\/#primaryimage\"},\"thumbnailUrl\":\"https:\/\/miumjau.ee\/wp-content\/uploads\/2025\/07\/beaphar-kassidele-koertele26.jpg\",\"datePublished\":\"2025-07-29T12:06:37+00:00\",\"dateModified\":\"2026-01-07T19:16:51+00:00\",\"breadcrumb\":{\"@id\":\"https:\/\/miumjau.ee\/lv\/produkts\/beaphar-bio-band-plus-kukainu-apkakle-kakiem-35-cm\/#breadcrumb\"},\"inLanguage\":\"lv-LV\",\"potentialAction\":[{\"@type\":\"ReadAction\",\"target\":[\"https:\/\/miumjau.ee\/lv\/produkts\/beaphar-bio-band-plus-kukainu-apkakle-kakiem-35-cm\/\"]}]},{\"@type\":\"ImageObject\",\"inLanguage\":\"lv-LV\",\"@id\":\"https:\/\/miumjau.ee\/lv\/produkts\/beaphar-bio-band-plus-kukainu-apkakle-kakiem-35-cm\/#primaryimage\",\"url\":\"https:\/\/miumjau.ee\/wp-content\/uploads\/2025\/07\/beaphar-kassidele-koertele26.jpg\",\"contentUrl\":\"https:\/\/miumjau.ee\/wp-content\/uploads\/2025\/07\/beaphar-kassidele-koertele26.jpg\",\"width\":600,\"height\":800},{\"@type\":\"BreadcrumbList\",\"@id\":\"https:\/\/miumjau.ee\/lv\/produkts\/beaphar-bio-band-plus-kukainu-apkakle-kakiem-35-cm\/#breadcrumb\",\"itemListElement\":[{\"@type\":\"ListItem\",\"position\":1,\"name\":\"Home\",\"item\":\"https:\/\/miumjau.ee\/lv\/\"},{\"@type\":\"ListItem\",\"position\":2,\"name\":\"Veikals\",\"item\":\"https:\/\/miumjau.ee\/lv\/veikals\/\"},{\"@type\":\"ListItem\",\"position\":3,\"name\":\"Beaphar Bio Band Plus kukai\u0146u apkakle ka\u0137iem 35 cm\"}]},{\"@type\":\"WebSite\",\"@id\":\"https:\/\/miumjau.ee\/#website\",\"url\":\"https:\/\/miumjau.ee\/\",\"name\":\"MiuMjau\",\"description\":\"Kraapimispuud kassidele\",\"publisher\":{\"@id\":\"https:\/\/miumjau.ee\/#organization\"},\"potentialAction\":[{\"@type\":\"SearchAction\",\"target\":{\"@type\":\"EntryPoint\",\"urlTemplate\":\"https:\/\/miumjau.ee\/?s={search_term_string}\"},\"query-input\":{\"@type\":\"PropertyValueSpecification\",\"valueRequired\":true,\"valueName\":\"search_term_string\"}}],\"inLanguage\":\"lv-LV\"},{\"@type\":\"Organization\",\"@id\":\"https:\/\/miumjau.ee\/#organization\",\"name\":\"MiuMjau O\u00dc\",\"url\":\"https:\/\/miumjau.ee\/\",\"logo\":{\"@type\":\"ImageObject\",\"inLanguage\":\"lv-LV\",\"@id\":\"https:\/\/miumjau.ee\/#\/schema\/logo\/image\/\",\"url\":\"https:\/\/miumjau.ee\/wp-content\/uploads\/2022\/04\/MiuMjau-logo-kollane.png\",\"contentUrl\":\"https:\/\/miumjau.ee\/wp-content\/uploads\/2022\/04\/MiuMjau-logo-kollane.png\",\"width\":219,\"height\":100,\"caption\":\"MiuMjau O\u00dc\"},\"image\":{\"@id\":\"https:\/\/miumjau.ee\/#\/schema\/logo\/image\/\"},\"sameAs\":[\"https:\/\/www.facebook.com\/miumjaupood\/\"]}]}<\/script>\n<!-- \/ Yoast SEO plugin. -->","yoast_head_json":{"title":"Beaphar Bio Band Plus kukai\u0146u apkakle ka\u0137iem 35 cm - MiuMjau","robots":{"index":"index","follow":"follow","max-snippet":"max-snippet:-1","max-image-preview":"max-image-preview:large","max-video-preview":"max-video-preview:-1"},"canonical":"https:\/\/miumjau.ee\/lv\/produkts\/beaphar-bio-band-plus-kukainu-apkakle-kakiem-35-cm\/","og_locale":"lv_LV","og_type":"article","og_title":"Beaphar Bio Band Plus kukai\u0146u apkakle ka\u0137iem 35 cm - MiuMjau","og_description":"Bio Band kukai\u0146u atbaid\u012b\u0161anas apkakle piem\u0113rota ka\u0137iem no 12 ned\u0113\u013c\u0101m. Akt\u012bv\u0101s vielas izplat\u0101s pa apmatojumu un atbaida asinss\u016bco\u0161us kukai\u0146us (blusas, odi un \u0113rces). Turkl\u0101t apkakle nodro\u0161ina dz\u012bvniekam pat\u012bkamu, svaigu arom\u0101tu. Apkakles garums ir individu\u0101li regul\u0113jams, maksim\u0101lais garums 35 cm. Darb\u012bbas ilgums: 4 m\u0113ne\u0161i. Akt\u012bv\u0101s vielas: Neem koka ekstrakts 20,4 g\/kg, lavand\u012bna e\u013c\u013ca 15,3 g\/kg. Lieto\u0161anas nor\u0101d\u012bjumi: Atveriet iepakojumu tie\u0161i pirms lieto\u0161anas un piestipriniet apkakli br\u012bvi ap ka\u0137a kaklu. Starp apkakli un kaklu j\u0101ietilpst diviem pirkstiem. P\u0101rpaliku\u0161o da\u013cu nogrieziet aiz spr\u0101dzes. Ja ka\u0137is aug, regul\u0113jiet apkakli atbilsto\u0161i aug\u0161anai. Apkakle sasniedz pilnu efektivit\u0101ti 5\u20137 dienu laik\u0101. Br\u012bdin\u0101jumi: Satur linalolu un lavand\u012bna e\u013c\u013cu. Var izrais\u012bt aler\u0123isku reakciju. Blakuspar\u0101d\u012bbas: \u012apa\u0161i jut\u012bgiem dz\u012bvniekiem un cilv\u0113kiem kontakts ar l\u012bdzekli var izrais\u012bt \u0101das kairin\u0101jumu\/aler\u0123isku reakciju. Pirm\u0101 pal\u012bdz\u012bba:     \u0100das kontakt\u0101: Mazg\u0101t ar lielu daudzumu ziepju un \u016bdens.    Ac\u012bs: Nekav\u0113joties skalot ar \u016bdeni vismaz 10 min\u016btes.    Norijot: Izrais\u012bt vem\u0161anu. Nekav\u0113joties v\u0113rsties pie \u0101rsta un uzr\u0101d\u012bt iepakojumu vai eti\u0137eti. Dot aktiv\u0113t\u0101s ogles \u016bdens \u0161\u0137\u012bdumu vai \u0161\u0137idru paraf\u012bnu.    Ieelpojot: Izv\u0113din\u0101t telpas. Negad\u012bjuma gad\u012bjum\u0101 izvest cietu\u0161o svaig\u0101 gais\u0101 un novietot gu\u013cus. Ja slikta pa\u0161saj\u016bta, v\u0113rsties pie \u0101rsta.   Dro\u0161\u012bbas nor\u0101d\u012bjumi: R\u012bkoties saska\u0146\u0101 ar dro\u0161\u012bbas pras\u012bb\u0101m. Satur bioc\u012bdu.","og_url":"https:\/\/miumjau.ee\/lv\/produkts\/beaphar-bio-band-plus-kukainu-apkakle-kakiem-35-cm\/","og_site_name":"MiuMjau","article_publisher":"https:\/\/www.facebook.com\/miumjaupood\/","article_modified_time":"2026-01-07T19:16:51+00:00","og_image":[{"width":600,"height":800,"url":"https:\/\/miumjau.ee\/wp-content\/uploads\/2025\/07\/beaphar-kassidele-koertele26.jpg","type":"image\/jpeg"}],"twitter_card":"summary_large_image","schema":{"@context":"https:\/\/schema.org","@graph":[{"@type":"WebPage","@id":"https:\/\/miumjau.ee\/lv\/produkts\/beaphar-bio-band-plus-kukainu-apkakle-kakiem-35-cm\/","url":"https:\/\/miumjau.ee\/lv\/produkts\/beaphar-bio-band-plus-kukainu-apkakle-kakiem-35-cm\/","name":"Beaphar Bio Band Plus kukai\u0146u apkakle ka\u0137iem 35 cm - MiuMjau","isPartOf":{"@id":"https:\/\/miumjau.ee\/#website"},"primaryImageOfPage":{"@id":"https:\/\/miumjau.ee\/lv\/produkts\/beaphar-bio-band-plus-kukainu-apkakle-kakiem-35-cm\/#primaryimage"},"image":{"@id":"https:\/\/miumjau.ee\/lv\/produkts\/beaphar-bio-band-plus-kukainu-apkakle-kakiem-35-cm\/#primaryimage"},"thumbnailUrl":"https:\/\/miumjau.ee\/wp-content\/uploads\/2025\/07\/beaphar-kassidele-koertele26.jpg","datePublished":"2025-07-29T12:06:37+00:00","dateModified":"2026-01-07T19:16:51+00:00","breadcrumb":{"@id":"https:\/\/miumjau.ee\/lv\/produkts\/beaphar-bio-band-plus-kukainu-apkakle-kakiem-35-cm\/#breadcrumb"},"inLanguage":"lv-LV","potentialAction":[{"@type":"ReadAction","target":["https:\/\/miumjau.ee\/lv\/produkts\/beaphar-bio-band-plus-kukainu-apkakle-kakiem-35-cm\/"]}]},{"@type":"ImageObject","inLanguage":"lv-LV","@id":"https:\/\/miumjau.ee\/lv\/produkts\/beaphar-bio-band-plus-kukainu-apkakle-kakiem-35-cm\/#primaryimage","url":"https:\/\/miumjau.ee\/wp-content\/uploads\/2025\/07\/beaphar-kassidele-koertele26.jpg","contentUrl":"https:\/\/miumjau.ee\/wp-content\/uploads\/2025\/07\/beaphar-kassidele-koertele26.jpg","width":600,"height":800},{"@type":"BreadcrumbList","@id":"https:\/\/miumjau.ee\/lv\/produkts\/beaphar-bio-band-plus-kukainu-apkakle-kakiem-35-cm\/#breadcrumb","itemListElement":[{"@type":"ListItem","position":1,"name":"Home","item":"https:\/\/miumjau.ee\/lv\/"},{"@type":"ListItem","position":2,"name":"Veikals","item":"https:\/\/miumjau.ee\/lv\/veikals\/"},{"@type":"ListItem","position":3,"name":"Beaphar Bio Band Plus kukai\u0146u apkakle ka\u0137iem 35 cm"}]},{"@type":"WebSite","@id":"https:\/\/miumjau.ee\/#website","url":"https:\/\/miumjau.ee\/","name":"MiuMjau","description":"Kraapimispuud kassidele","publisher":{"@id":"https:\/\/miumjau.ee\/#organization"},"potentialAction":[{"@type":"SearchAction","target":{"@type":"EntryPoint","urlTemplate":"https:\/\/miumjau.ee\/?s={search_term_string}"},"query-input":{"@type":"PropertyValueSpecification","valueRequired":true,"valueName":"search_term_string"}}],"inLanguage":"lv-LV"},{"@type":"Organization","@id":"https:\/\/miumjau.ee\/#organization","name":"MiuMjau O\u00dc","url":"https:\/\/miumjau.ee\/","logo":{"@type":"ImageObject","inLanguage":"lv-LV","@id":"https:\/\/miumjau.ee\/#\/schema\/logo\/image\/","url":"https:\/\/miumjau.ee\/wp-content\/uploads\/2022\/04\/MiuMjau-logo-kollane.png","contentUrl":"https:\/\/miumjau.ee\/wp-content\/uploads\/2022\/04\/MiuMjau-logo-kollane.png","width":219,"height":100,"caption":"MiuMjau O\u00dc"},"image":{"@id":"https:\/\/miumjau.ee\/#\/schema\/logo\/image\/"},"sameAs":["https:\/\/www.facebook.com\/miumjaupood\/"]}]}},"_links":{"self":[{"href":"https:\/\/miumjau.ee\/lv\/wp-json\/wp\/v2\/product\/49119","targetHints":{"allow":["GET"]}}],"collection":[{"href":"https:\/\/miumjau.ee\/lv\/wp-json\/wp\/v2\/product"}],"about":[{"href":"https:\/\/miumjau.ee\/lv\/wp-json\/wp\/v2\/types\/product"}],"wp:featuredmedia":[{"embeddable":true,"href":"https:\/\/miumjau.ee\/lv\/wp-json\/wp\/v2\/media\/49120"}],"wp:attachment":[{"href":"https:\/\/miumjau.ee\/lv\/wp-json\/wp\/v2\/media?parent=49119"}],"wp:term":[{"taxonomy":"product_brand","embeddable":true,"href":"https:\/\/miumjau.ee\/lv\/wp-json\/wp\/v2\/product_brand?post=49119"},{"taxonomy":"product_cat","embeddable":true,"href":"https:\/\/miumjau.ee\/lv\/wp-json\/wp\/v2\/product_cat?post=49119"},{"taxonomy":"product_tag","embeddable":true,"href":"https:\/\/miumjau.ee\/lv\/wp-json\/wp\/v2\/product_tag?post=49119"}],"curies":[{"name":"wp","href":"https:\/\/api.w.org\/{rel}","templated":true}]}}