{"id":49113,"date":"2025-07-29T12:09:54","date_gmt":"2025-07-29T09:09:54","guid":{"rendered":"https:\/\/miumjau.ee\/toode\/beaphar-sunu-sampuns-kuceniem-250-ml\/"},"modified":"2026-01-07T21:16:58","modified_gmt":"2026-01-07T19:16:58","slug":"beaphar-sunu-sampuns-kuceniem-250-ml","status":"publish","type":"product","link":"https:\/\/miumjau.ee\/lv\/produkts\/beaphar-sunu-sampuns-kuceniem-250-ml\/","title":{"rendered":"Beaphar su\u0146u \u0161amp\u016bns kuc\u0113niem 250 ml"},"content":{"rendered":"","protected":false},"excerpt":{"rendered":"<p data-start=\"3531\" data-end=\"3757\">Beaphar organiskais \u0161amp\u016bns ar kumel\u012bt\u0113m un alveju ir ide\u0101li piem\u0113rots kuc\u0113niem no 12 ned\u0113\u013c\u0101m ar jut\u012bgu \u0101du. \u0160amp\u016bns satur kumel\u012btes, kas baro un mitrina \u0101du un pal\u012bdz atjaunot bl\u0101vu un trauslu ka\u017eoku. Produkts ir pH neitr\u0101ls.<\/p>\n<ul data-start=\"3759\" data-end=\"3969\">\n<li data-start=\"3759\" data-end=\"3836\">\n<p data-start=\"3761\" data-end=\"3836\">Satur makad\u0101mijas e\u013c\u013cu, kas pal\u012bdz uztur\u0113t vesel\u012bgu \u0101du un sp\u012bd\u012bgu ka\u017eoku<\/p>\n<\/li>\n<li data-start=\"3837\" data-end=\"3852\">\n<p data-start=\"3839\" data-end=\"3852\">pH neitr\u0101ls<\/p>\n<\/li>\n<li data-start=\"3853\" data-end=\"3908\">\n<p data-start=\"3855\" data-end=\"3908\">\u012apa\u0161i piem\u0113rots kuc\u0113niem, kas vec\u0101ki par 12 ned\u0113\u013c\u0101m<\/p>\n<\/li>\n<li data-start=\"3909\" data-end=\"3941\">\n<p data-start=\"3911\" data-end=\"3941\">Bez parab\u0113niem, bez silikona<\/p>\n<\/li>\n<li data-start=\"3942\" data-end=\"3969\">\n<p data-start=\"3944\" data-end=\"3969\">Piem\u0113rots vis\u0101m \u0161\u0137irn\u0113m<\/p>\n<\/li>\n<\/ul>\n<p data-start=\"3971\" data-end=\"4688\"><strong data-start=\"3971\" data-end=\"3983\">Sast\u0101vs:<\/strong> \u016adens, n\u0101trija lauretsulf\u0101ts, PEG-200 hidrogen\u0113ts glicer\u012blpalmit\u0101ts, glicer\u012bl-2 kokosriekstu sk\u0101be, kokamidopropilbeta\u012bns, n\u0101trija hlor\u012bds, PEG-7 glicer\u012blkokosriekstu sk\u0101be, glicer\u012bl-7 laure\u0101ts, laur\u012bnlakt\u0101ts, kaprils\/kapr\u012bl triglicer\u012bds, din\u0101trija EDTA, glikoldistear\u0101ts, n\u0101trija C14-16 olef\u012bnsulfonsk\u0101be, polikvaternijs-7, citronsk\u0101be, glic\u012bns, benzilspirts, trietil\u0113nglikols, alvejas (Aloe Barbadensis) lapu ekstrakts, glicer\u012bns, propil\u0113nglikola sulfonsk\u0101be, butil\u0113nglikola sulfonsk\u0101be, sorbit\u0101na laur\u0101ts, fenoksietanols, n\u0101trija citr\u0101ts, metilhloroizotiazolinons, kumel\u012btes (Anthemis Nobilis) ziedu ekstrakts, CI 15985, metilizotiazolinons, magnija hlor\u012bds, magnija nitr\u0101ts, k\u0101lija sorb\u0101ts, CI 19140.<\/p>\n<p data-start=\"4690\" data-end=\"4944\"><strong data-start=\"4690\" data-end=\"4711\">Lieto\u0161anas veids:<\/strong> \u0160amp\u016bns ir koncentr\u0113ts, var at\u0161\u0137aid\u012bt 1:1. Lietojamais daudzums atkar\u012bgs no kuc\u0113na lieluma. Samitriniet ka\u017eoku un iemas\u0113jiet \u0161amp\u016bnu, l\u012bdz veidojas puto\u0161an\u0101s. Atst\u0101jiet 2\u20133 min\u016btes, r\u016bp\u012bgi izskalojiet un nosusiniet ka\u017eoku ar dvieli.<\/p>\n<p data-start=\"4946\" data-end=\"5083\"><strong data-start=\"4946\" data-end=\"4962\">Uzglab\u0101\u0161ana:<\/strong> Glab\u0101t zem 25 \u00baC ori\u0123in\u0101laj\u0101 iepakojum\u0101. Tur\u0113t b\u0113rniem nepieejam\u0101 viet\u0101. Nesald\u0113t. P\u0113c der\u012bguma termi\u0146a beig\u0101m nelietot.<\/p>\n","protected":false},"featured_media":49114,"template":"","meta":[],"product_brand":[],"product_cat":[560],"product_tag":[],"class_list":{"0":"post-49113","1":"product","2":"type-product","3":"status-publish","4":"has-post-thumbnail","6":"product_cat-kopsanas-lidzekli-suniem","8":"first","9":"instock","10":"taxable","11":"shipping-taxable","12":"purchasable","13":"product-type-simple"},"yoast_head":"<!-- This site is optimized with the Yoast SEO plugin v27.2 - https:\/\/yoast.com\/product\/yoast-seo-wordpress\/ -->\n<title>Beaphar su\u0146u \u0161amp\u016bns kuc\u0113niem 250 ml - MiuMjau<\/title>\n<meta name=\"robots\" content=\"index, follow, max-snippet:-1, max-image-preview:large, max-video-preview:-1\" \/>\n<link rel=\"canonical\" href=\"https:\/\/miumjau.ee\/lv\/produkts\/beaphar-sunu-sampuns-kuceniem-250-ml\/\" \/>\n<meta property=\"og:locale\" content=\"lv_LV\" \/>\n<meta property=\"og:type\" content=\"article\" \/>\n<meta property=\"og:title\" content=\"Beaphar su\u0146u \u0161amp\u016bns kuc\u0113niem 250 ml - MiuMjau\" \/>\n<meta property=\"og:description\" content=\"Beaphar organiskais \u0161amp\u016bns ar kumel\u012bt\u0113m un alveju ir ide\u0101li piem\u0113rots kuc\u0113niem no 12 ned\u0113\u013c\u0101m ar jut\u012bgu \u0101du. \u0160amp\u016bns satur kumel\u012btes, kas baro un mitrina \u0101du un pal\u012bdz atjaunot bl\u0101vu un trauslu ka\u017eoku. Produkts ir pH neitr\u0101ls.     Satur makad\u0101mijas e\u013c\u013cu, kas pal\u012bdz uztur\u0113t vesel\u012bgu \u0101du un sp\u012bd\u012bgu ka\u017eoku    pH neitr\u0101ls    \u012apa\u0161i piem\u0113rots kuc\u0113niem, kas vec\u0101ki par 12 ned\u0113\u013c\u0101m    Bez parab\u0113niem, bez silikona    Piem\u0113rots vis\u0101m \u0161\u0137irn\u0113m   Sast\u0101vs: \u016adens, n\u0101trija lauretsulf\u0101ts, PEG-200 hidrogen\u0113ts glicer\u012blpalmit\u0101ts, glicer\u012bl-2 kokosriekstu sk\u0101be, kokamidopropilbeta\u012bns, n\u0101trija hlor\u012bds, PEG-7 glicer\u012blkokosriekstu sk\u0101be, glicer\u012bl-7 laure\u0101ts, laur\u012bnlakt\u0101ts, kaprils\/kapr\u012bl triglicer\u012bds, din\u0101trija EDTA, glikoldistear\u0101ts, n\u0101trija C14-16 olef\u012bnsulfonsk\u0101be, polikvaternijs-7, citronsk\u0101be, glic\u012bns, benzilspirts, trietil\u0113nglikols, alvejas (Aloe Barbadensis) lapu ekstrakts, glicer\u012bns, propil\u0113nglikola sulfonsk\u0101be, butil\u0113nglikola sulfonsk\u0101be, sorbit\u0101na laur\u0101ts, fenoksietanols, n\u0101trija citr\u0101ts, metilhloroizotiazolinons, kumel\u012btes (Anthemis Nobilis) ziedu ekstrakts, CI 15985, metilizotiazolinons, magnija hlor\u012bds, magnija nitr\u0101ts, k\u0101lija sorb\u0101ts, CI 19140. Lieto\u0161anas veids: \u0160amp\u016bns ir koncentr\u0113ts, var at\u0161\u0137aid\u012bt 1:1. Lietojamais daudzums atkar\u012bgs no kuc\u0113na lieluma. Samitriniet ka\u017eoku un iemas\u0113jiet \u0161amp\u016bnu, l\u012bdz veidojas puto\u0161an\u0101s. Atst\u0101jiet 2\u20133 min\u016btes, r\u016bp\u012bgi izskalojiet un nosusiniet ka\u017eoku ar dvieli. Uzglab\u0101\u0161ana: Glab\u0101t zem 25 \u00baC ori\u0123in\u0101laj\u0101 iepakojum\u0101. Tur\u0113t b\u0113rniem nepieejam\u0101 viet\u0101. Nesald\u0113t. P\u0113c der\u012bguma termi\u0146a beig\u0101m nelietot.\" \/>\n<meta property=\"og:url\" content=\"https:\/\/miumjau.ee\/lv\/produkts\/beaphar-sunu-sampuns-kuceniem-250-ml\/\" \/>\n<meta property=\"og:site_name\" content=\"MiuMjau\" \/>\n<meta property=\"article:publisher\" content=\"https:\/\/www.facebook.com\/miumjaupood\/\" \/>\n<meta property=\"article:modified_time\" content=\"2026-01-07T19:16:58+00:00\" \/>\n<meta property=\"og:image\" content=\"https:\/\/miumjau.ee\/wp-content\/uploads\/2025\/07\/beaphar-kassidele-koertele21.jpg\" \/>\n\t<meta property=\"og:image:width\" content=\"600\" \/>\n\t<meta property=\"og:image:height\" content=\"800\" \/>\n\t<meta property=\"og:image:type\" content=\"image\/jpeg\" \/>\n<meta name=\"twitter:card\" content=\"summary_large_image\" \/>\n<script type=\"application\/ld+json\" class=\"yoast-schema-graph\">{\"@context\":\"https:\/\/schema.org\",\"@graph\":[{\"@type\":\"WebPage\",\"@id\":\"https:\/\/miumjau.ee\/lv\/produkts\/beaphar-sunu-sampuns-kuceniem-250-ml\/\",\"url\":\"https:\/\/miumjau.ee\/lv\/produkts\/beaphar-sunu-sampuns-kuceniem-250-ml\/\",\"name\":\"Beaphar su\u0146u \u0161amp\u016bns kuc\u0113niem 250 ml - MiuMjau\",\"isPartOf\":{\"@id\":\"https:\/\/miumjau.ee\/#website\"},\"primaryImageOfPage\":{\"@id\":\"https:\/\/miumjau.ee\/lv\/produkts\/beaphar-sunu-sampuns-kuceniem-250-ml\/#primaryimage\"},\"image\":{\"@id\":\"https:\/\/miumjau.ee\/lv\/produkts\/beaphar-sunu-sampuns-kuceniem-250-ml\/#primaryimage\"},\"thumbnailUrl\":\"https:\/\/miumjau.ee\/wp-content\/uploads\/2025\/07\/beaphar-kassidele-koertele21.jpg\",\"datePublished\":\"2025-07-29T09:09:54+00:00\",\"dateModified\":\"2026-01-07T19:16:58+00:00\",\"breadcrumb\":{\"@id\":\"https:\/\/miumjau.ee\/lv\/produkts\/beaphar-sunu-sampuns-kuceniem-250-ml\/#breadcrumb\"},\"inLanguage\":\"lv-LV\",\"potentialAction\":[{\"@type\":\"ReadAction\",\"target\":[\"https:\/\/miumjau.ee\/lv\/produkts\/beaphar-sunu-sampuns-kuceniem-250-ml\/\"]}]},{\"@type\":\"ImageObject\",\"inLanguage\":\"lv-LV\",\"@id\":\"https:\/\/miumjau.ee\/lv\/produkts\/beaphar-sunu-sampuns-kuceniem-250-ml\/#primaryimage\",\"url\":\"https:\/\/miumjau.ee\/wp-content\/uploads\/2025\/07\/beaphar-kassidele-koertele21.jpg\",\"contentUrl\":\"https:\/\/miumjau.ee\/wp-content\/uploads\/2025\/07\/beaphar-kassidele-koertele21.jpg\",\"width\":600,\"height\":800},{\"@type\":\"BreadcrumbList\",\"@id\":\"https:\/\/miumjau.ee\/lv\/produkts\/beaphar-sunu-sampuns-kuceniem-250-ml\/#breadcrumb\",\"itemListElement\":[{\"@type\":\"ListItem\",\"position\":1,\"name\":\"Home\",\"item\":\"https:\/\/miumjau.ee\/lv\/\"},{\"@type\":\"ListItem\",\"position\":2,\"name\":\"Veikals\",\"item\":\"https:\/\/miumjau.ee\/lv\/veikals\/\"},{\"@type\":\"ListItem\",\"position\":3,\"name\":\"Beaphar su\u0146u \u0161amp\u016bns kuc\u0113niem 250 ml\"}]},{\"@type\":\"WebSite\",\"@id\":\"https:\/\/miumjau.ee\/#website\",\"url\":\"https:\/\/miumjau.ee\/\",\"name\":\"MiuMjau\",\"description\":\"Kraapimispuud kassidele\",\"publisher\":{\"@id\":\"https:\/\/miumjau.ee\/#organization\"},\"potentialAction\":[{\"@type\":\"SearchAction\",\"target\":{\"@type\":\"EntryPoint\",\"urlTemplate\":\"https:\/\/miumjau.ee\/?s={search_term_string}\"},\"query-input\":{\"@type\":\"PropertyValueSpecification\",\"valueRequired\":true,\"valueName\":\"search_term_string\"}}],\"inLanguage\":\"lv-LV\"},{\"@type\":\"Organization\",\"@id\":\"https:\/\/miumjau.ee\/#organization\",\"name\":\"MiuMjau O\u00dc\",\"url\":\"https:\/\/miumjau.ee\/\",\"logo\":{\"@type\":\"ImageObject\",\"inLanguage\":\"lv-LV\",\"@id\":\"https:\/\/miumjau.ee\/#\/schema\/logo\/image\/\",\"url\":\"https:\/\/miumjau.ee\/wp-content\/uploads\/2022\/04\/MiuMjau-logo-kollane.png\",\"contentUrl\":\"https:\/\/miumjau.ee\/wp-content\/uploads\/2022\/04\/MiuMjau-logo-kollane.png\",\"width\":219,\"height\":100,\"caption\":\"MiuMjau O\u00dc\"},\"image\":{\"@id\":\"https:\/\/miumjau.ee\/#\/schema\/logo\/image\/\"},\"sameAs\":[\"https:\/\/www.facebook.com\/miumjaupood\/\"]}]}<\/script>\n<!-- \/ Yoast SEO plugin. -->","yoast_head_json":{"title":"Beaphar su\u0146u \u0161amp\u016bns kuc\u0113niem 250 ml - MiuMjau","robots":{"index":"index","follow":"follow","max-snippet":"max-snippet:-1","max-image-preview":"max-image-preview:large","max-video-preview":"max-video-preview:-1"},"canonical":"https:\/\/miumjau.ee\/lv\/produkts\/beaphar-sunu-sampuns-kuceniem-250-ml\/","og_locale":"lv_LV","og_type":"article","og_title":"Beaphar su\u0146u \u0161amp\u016bns kuc\u0113niem 250 ml - MiuMjau","og_description":"Beaphar organiskais \u0161amp\u016bns ar kumel\u012bt\u0113m un alveju ir ide\u0101li piem\u0113rots kuc\u0113niem no 12 ned\u0113\u013c\u0101m ar jut\u012bgu \u0101du. \u0160amp\u016bns satur kumel\u012btes, kas baro un mitrina \u0101du un pal\u012bdz atjaunot bl\u0101vu un trauslu ka\u017eoku. Produkts ir pH neitr\u0101ls.     Satur makad\u0101mijas e\u013c\u013cu, kas pal\u012bdz uztur\u0113t vesel\u012bgu \u0101du un sp\u012bd\u012bgu ka\u017eoku    pH neitr\u0101ls    \u012apa\u0161i piem\u0113rots kuc\u0113niem, kas vec\u0101ki par 12 ned\u0113\u013c\u0101m    Bez parab\u0113niem, bez silikona    Piem\u0113rots vis\u0101m \u0161\u0137irn\u0113m   Sast\u0101vs: \u016adens, n\u0101trija lauretsulf\u0101ts, PEG-200 hidrogen\u0113ts glicer\u012blpalmit\u0101ts, glicer\u012bl-2 kokosriekstu sk\u0101be, kokamidopropilbeta\u012bns, n\u0101trija hlor\u012bds, PEG-7 glicer\u012blkokosriekstu sk\u0101be, glicer\u012bl-7 laure\u0101ts, laur\u012bnlakt\u0101ts, kaprils\/kapr\u012bl triglicer\u012bds, din\u0101trija EDTA, glikoldistear\u0101ts, n\u0101trija C14-16 olef\u012bnsulfonsk\u0101be, polikvaternijs-7, citronsk\u0101be, glic\u012bns, benzilspirts, trietil\u0113nglikols, alvejas (Aloe Barbadensis) lapu ekstrakts, glicer\u012bns, propil\u0113nglikola sulfonsk\u0101be, butil\u0113nglikola sulfonsk\u0101be, sorbit\u0101na laur\u0101ts, fenoksietanols, n\u0101trija citr\u0101ts, metilhloroizotiazolinons, kumel\u012btes (Anthemis Nobilis) ziedu ekstrakts, CI 15985, metilizotiazolinons, magnija hlor\u012bds, magnija nitr\u0101ts, k\u0101lija sorb\u0101ts, CI 19140. Lieto\u0161anas veids: \u0160amp\u016bns ir koncentr\u0113ts, var at\u0161\u0137aid\u012bt 1:1. Lietojamais daudzums atkar\u012bgs no kuc\u0113na lieluma. Samitriniet ka\u017eoku un iemas\u0113jiet \u0161amp\u016bnu, l\u012bdz veidojas puto\u0161an\u0101s. Atst\u0101jiet 2\u20133 min\u016btes, r\u016bp\u012bgi izskalojiet un nosusiniet ka\u017eoku ar dvieli. Uzglab\u0101\u0161ana: Glab\u0101t zem 25 \u00baC ori\u0123in\u0101laj\u0101 iepakojum\u0101. Tur\u0113t b\u0113rniem nepieejam\u0101 viet\u0101. Nesald\u0113t. P\u0113c der\u012bguma termi\u0146a beig\u0101m nelietot.","og_url":"https:\/\/miumjau.ee\/lv\/produkts\/beaphar-sunu-sampuns-kuceniem-250-ml\/","og_site_name":"MiuMjau","article_publisher":"https:\/\/www.facebook.com\/miumjaupood\/","article_modified_time":"2026-01-07T19:16:58+00:00","og_image":[{"width":600,"height":800,"url":"https:\/\/miumjau.ee\/wp-content\/uploads\/2025\/07\/beaphar-kassidele-koertele21.jpg","type":"image\/jpeg"}],"twitter_card":"summary_large_image","schema":{"@context":"https:\/\/schema.org","@graph":[{"@type":"WebPage","@id":"https:\/\/miumjau.ee\/lv\/produkts\/beaphar-sunu-sampuns-kuceniem-250-ml\/","url":"https:\/\/miumjau.ee\/lv\/produkts\/beaphar-sunu-sampuns-kuceniem-250-ml\/","name":"Beaphar su\u0146u \u0161amp\u016bns kuc\u0113niem 250 ml - MiuMjau","isPartOf":{"@id":"https:\/\/miumjau.ee\/#website"},"primaryImageOfPage":{"@id":"https:\/\/miumjau.ee\/lv\/produkts\/beaphar-sunu-sampuns-kuceniem-250-ml\/#primaryimage"},"image":{"@id":"https:\/\/miumjau.ee\/lv\/produkts\/beaphar-sunu-sampuns-kuceniem-250-ml\/#primaryimage"},"thumbnailUrl":"https:\/\/miumjau.ee\/wp-content\/uploads\/2025\/07\/beaphar-kassidele-koertele21.jpg","datePublished":"2025-07-29T09:09:54+00:00","dateModified":"2026-01-07T19:16:58+00:00","breadcrumb":{"@id":"https:\/\/miumjau.ee\/lv\/produkts\/beaphar-sunu-sampuns-kuceniem-250-ml\/#breadcrumb"},"inLanguage":"lv-LV","potentialAction":[{"@type":"ReadAction","target":["https:\/\/miumjau.ee\/lv\/produkts\/beaphar-sunu-sampuns-kuceniem-250-ml\/"]}]},{"@type":"ImageObject","inLanguage":"lv-LV","@id":"https:\/\/miumjau.ee\/lv\/produkts\/beaphar-sunu-sampuns-kuceniem-250-ml\/#primaryimage","url":"https:\/\/miumjau.ee\/wp-content\/uploads\/2025\/07\/beaphar-kassidele-koertele21.jpg","contentUrl":"https:\/\/miumjau.ee\/wp-content\/uploads\/2025\/07\/beaphar-kassidele-koertele21.jpg","width":600,"height":800},{"@type":"BreadcrumbList","@id":"https:\/\/miumjau.ee\/lv\/produkts\/beaphar-sunu-sampuns-kuceniem-250-ml\/#breadcrumb","itemListElement":[{"@type":"ListItem","position":1,"name":"Home","item":"https:\/\/miumjau.ee\/lv\/"},{"@type":"ListItem","position":2,"name":"Veikals","item":"https:\/\/miumjau.ee\/lv\/veikals\/"},{"@type":"ListItem","position":3,"name":"Beaphar su\u0146u \u0161amp\u016bns kuc\u0113niem 250 ml"}]},{"@type":"WebSite","@id":"https:\/\/miumjau.ee\/#website","url":"https:\/\/miumjau.ee\/","name":"MiuMjau","description":"Kraapimispuud kassidele","publisher":{"@id":"https:\/\/miumjau.ee\/#organization"},"potentialAction":[{"@type":"SearchAction","target":{"@type":"EntryPoint","urlTemplate":"https:\/\/miumjau.ee\/?s={search_term_string}"},"query-input":{"@type":"PropertyValueSpecification","valueRequired":true,"valueName":"search_term_string"}}],"inLanguage":"lv-LV"},{"@type":"Organization","@id":"https:\/\/miumjau.ee\/#organization","name":"MiuMjau O\u00dc","url":"https:\/\/miumjau.ee\/","logo":{"@type":"ImageObject","inLanguage":"lv-LV","@id":"https:\/\/miumjau.ee\/#\/schema\/logo\/image\/","url":"https:\/\/miumjau.ee\/wp-content\/uploads\/2022\/04\/MiuMjau-logo-kollane.png","contentUrl":"https:\/\/miumjau.ee\/wp-content\/uploads\/2022\/04\/MiuMjau-logo-kollane.png","width":219,"height":100,"caption":"MiuMjau O\u00dc"},"image":{"@id":"https:\/\/miumjau.ee\/#\/schema\/logo\/image\/"},"sameAs":["https:\/\/www.facebook.com\/miumjaupood\/"]}]}},"_links":{"self":[{"href":"https:\/\/miumjau.ee\/lv\/wp-json\/wp\/v2\/product\/49113","targetHints":{"allow":["GET"]}}],"collection":[{"href":"https:\/\/miumjau.ee\/lv\/wp-json\/wp\/v2\/product"}],"about":[{"href":"https:\/\/miumjau.ee\/lv\/wp-json\/wp\/v2\/types\/product"}],"wp:featuredmedia":[{"embeddable":true,"href":"https:\/\/miumjau.ee\/lv\/wp-json\/wp\/v2\/media\/49114"}],"wp:attachment":[{"href":"https:\/\/miumjau.ee\/lv\/wp-json\/wp\/v2\/media?parent=49113"}],"wp:term":[{"taxonomy":"product_brand","embeddable":true,"href":"https:\/\/miumjau.ee\/lv\/wp-json\/wp\/v2\/product_brand?post=49113"},{"taxonomy":"product_cat","embeddable":true,"href":"https:\/\/miumjau.ee\/lv\/wp-json\/wp\/v2\/product_cat?post=49113"},{"taxonomy":"product_tag","embeddable":true,"href":"https:\/\/miumjau.ee\/lv\/wp-json\/wp\/v2\/product_tag?post=49113"}],"curies":[{"name":"wp","href":"https:\/\/api.w.org\/{rel}","templated":true}]}}